{"id":138495,"date":"2025-06-13T16:47:37","date_gmt":"2025-07-05T16:05:18","guid":{"rendered":"https:\/\/www.ivinio.com\/product\/cantine-pellegrino-tareni-inzolia-blanc\/"},"modified":"2025-07-05T18:37:13","modified_gmt":"2025-07-05T16:37:13","slug":"cantine-pellegrino-tareni-inzolia-blanc","status":"publish","type":"product","link":"https:\/\/www.ivinio.com\/fr\/produit\/cantine-pellegrino-tareni-inzolia-blanc\/","title":{"rendered":"Cantine Pellegrino &#8211; Tareni Inzolia &#8211; Blanc"},"content":{"rendered":"<p data-start=\"40\" data-end=\"152\"><span class=\"relative -mx-px my-[-0.2rem] rounded px-px py-[0.2rem] transition-colors duration-100 ease-in-out\">Cantine Pellegrino &#8211; Tareni Inzolia &#8211; Vin blanc issu du c\u00e9page Inzolia (\u00e9galement appel\u00e9 Ansonica dans d&#8217;autres r\u00e9gions d&#8217;Italie). Ce vin incarne l&#8217;\u00e9l\u00e9gance et le c\u00f4t\u00e9 floral des vins blancs siciliens. L&#8217;Inzolia conf\u00e8re au vin un fruit\u00e9 chaleureux et ensoleill\u00e9, toujours agr\u00e9ment\u00e9 d&#8217;une acidit\u00e9 m\u00e9diterran\u00e9enne fra\u00eeche et d&#8217;une l\u00e9g\u00e8re salinit\u00e9, reflet du climat c\u00f4tier. Le vin fermente en cuves inox, sans \u00e9levage en f\u00fbt. <\/span><\/p>\n","protected":false},"excerpt":{"rendered":"<p>Vin blanc moyennement cors\u00e9, avec une texture ronde et une acidit\u00e9 int\u00e9gr\u00e9e. Notes de fruits \u00e0 noyau m\u00fbrs et une l\u00e9g\u00e8re note d&#8217;amande.<\/p>\n","protected":false},"featured_media":138398,"comment_status":"open","ping_status":"closed","template":"","meta":{"_monsterinsights_skip_tracking":false,"_monsterinsights_sitenote_active":false,"_monsterinsights_sitenote_note":"","_monsterinsights_sitenote_category":0,"_uf_show_specific_survey":0,"_uf_disable_surveys":false},"product_brand":[],"product_cat":[36601,36589],"product_tag":[],"class_list":{"0":"post-138495","1":"product","2":"type-product","3":"status-publish","4":"has-post-thumbnail","6":"product_cat-fr-sicile","7":"product_cat-vins-italiens","8":"pa_alcohol-degree-13-fr","9":"pa_classification-igp-terre-siciliane","10":"pa_color-blanc-fr","11":"pa_country-italie-fr","12":"pa_grape-variety-inzolia-fr","13":"pa_region-sicile-fr","14":"pa_storage-potential-3-ans-fr","15":"pa_vintage-2023-fr","16":"pa_volume-75-cl-fr","18":"first","19":"instock","20":"taxable","21":"shipping-taxable","22":"purchasable","23":"product-type-simple"},"bundled_by":[],"bundle_stock_status":"instock","bundle_stock_quantity":null,"bundle_virtual":false,"bundle_layout":"","bundle_add_to_cart_form_location":"","bundle_editable_in_cart":false,"bundle_sold_individually_context":"","bundle_item_grouping":"","bundle_min_size":"","bundle_max_size":"","bundle_price":[],"bundled_items":[],"bundle_sell_ids":[],"yoast_head":"<!-- This site is optimized with the Yoast SEO plugin v27.3 - https:\/\/yoast.com\/product\/yoast-seo-wordpress\/ -->\n<title>Cantine Pellegrino - Tareni Inzolia - Blanc - IVINIO Caviste<\/title>\n<meta name=\"description\" content=\"Cantine Pellegrino - Tareni Inzolia - Vin blanc. Moyennement cors\u00e9 et fruit\u00e9, avec une texture ronde et une acidit\u00e9 int\u00e9gr\u00e9e. Notes de fruits \u00e0 noyau m\u00fbrs et une l\u00e9g\u00e8re note d&#039;amande.\" \/>\n<meta name=\"robots\" content=\"index, follow, max-snippet:-1, max-image-preview:large, max-video-preview:-1\" \/>\n<link rel=\"canonical\" href=\"https:\/\/www.ivinio.com\/fr\/produit\/cantine-pellegrino-tareni-inzolia-blanc\/\" \/>\n<meta property=\"og:locale\" content=\"fr_FR\" \/>\n<meta property=\"og:type\" content=\"article\" \/>\n<meta property=\"og:title\" content=\"Cantine Pellegrino - Tareni Inzolia - Blanc - IVINIO Caviste\" \/>\n<meta property=\"og:description\" content=\"Cantine Pellegrino - Tareni Inzolia - Vin blanc. Moyennement cors\u00e9 et fruit\u00e9, avec une texture ronde et une acidit\u00e9 int\u00e9gr\u00e9e. Notes de fruits \u00e0 noyau m\u00fbrs et une l\u00e9g\u00e8re note d&#039;amande.\" \/>\n<meta property=\"og:url\" content=\"https:\/\/www.ivinio.com\/fr\/produit\/cantine-pellegrino-tareni-inzolia-blanc\/\" \/>\n<meta property=\"og:site_name\" content=\"IVINIO Caviste\" \/>\n<meta property=\"article:publisher\" content=\"https:\/\/www.facebook.com\/groups\/165217837022391\/?ref=bookmarks\" \/>\n<meta property=\"article:modified_time\" content=\"2025-07-05T16:37:13+00:00\" \/>\n<meta property=\"og:image\" content=\"https:\/\/www.ivinio.com\/wp-content\/uploads\/2025\/06\/Pellegrino-Tareni-Inzolia-IVINIO.jpg\" \/>\n\t<meta property=\"og:image:width\" content=\"500\" \/>\n\t<meta property=\"og:image:height\" content=\"500\" \/>\n\t<meta property=\"og:image:type\" content=\"image\/jpeg\" \/>\n<meta name=\"twitter:card\" content=\"summary_large_image\" \/>\n<meta name=\"twitter:label1\" content=\"Dur\u00e9e de lecture estim\u00e9e\" \/>\n\t<meta name=\"twitter:data1\" content=\"1 minute\" \/>\n<script type=\"application\/ld+json\" class=\"yoast-schema-graph\">{\"@context\":\"https:\\\/\\\/schema.org\",\"@graph\":[{\"@type\":\"WebPage\",\"@id\":\"https:\\\/\\\/www.ivinio.com\\\/fr\\\/produit\\\/cantine-pellegrino-tareni-inzolia-blanc\\\/\",\"url\":\"https:\\\/\\\/www.ivinio.com\\\/fr\\\/produit\\\/cantine-pellegrino-tareni-inzolia-blanc\\\/\",\"name\":\"Cantine Pellegrino - Tareni Inzolia - Blanc - IVINIO Caviste\",\"isPartOf\":{\"@id\":\"https:\\\/\\\/www.ivinio.com\\\/fr\\\/#website\"},\"primaryImageOfPage\":{\"@id\":\"https:\\\/\\\/www.ivinio.com\\\/fr\\\/produit\\\/cantine-pellegrino-tareni-inzolia-blanc\\\/#primaryimage\"},\"image\":{\"@id\":\"https:\\\/\\\/www.ivinio.com\\\/fr\\\/produit\\\/cantine-pellegrino-tareni-inzolia-blanc\\\/#primaryimage\"},\"thumbnailUrl\":\"https:\\\/\\\/www.ivinio.com\\\/wp-content\\\/uploads\\\/2025\\\/06\\\/Pellegrino-Tareni-Inzolia-IVINIO.jpg\",\"datePublished\":\"2025-07-05T16:05:18+00:00\",\"dateModified\":\"2025-07-05T16:37:13+00:00\",\"description\":\"Cantine Pellegrino - Tareni Inzolia - Vin blanc. Moyennement cors\u00e9 et fruit\u00e9, avec une texture ronde et une acidit\u00e9 int\u00e9gr\u00e9e. Notes de fruits \u00e0 noyau m\u00fbrs et une l\u00e9g\u00e8re note d'amande.\",\"breadcrumb\":{\"@id\":\"https:\\\/\\\/www.ivinio.com\\\/fr\\\/produit\\\/cantine-pellegrino-tareni-inzolia-blanc\\\/#breadcrumb\"},\"inLanguage\":\"fr-FR\",\"potentialAction\":[{\"@type\":\"ReadAction\",\"target\":[\"https:\\\/\\\/www.ivinio.com\\\/fr\\\/produit\\\/cantine-pellegrino-tareni-inzolia-blanc\\\/\"]}]},{\"@type\":\"ImageObject\",\"inLanguage\":\"fr-FR\",\"@id\":\"https:\\\/\\\/www.ivinio.com\\\/fr\\\/produit\\\/cantine-pellegrino-tareni-inzolia-blanc\\\/#primaryimage\",\"url\":\"https:\\\/\\\/www.ivinio.com\\\/wp-content\\\/uploads\\\/2025\\\/06\\\/Pellegrino-Tareni-Inzolia-IVINIO.jpg\",\"contentUrl\":\"https:\\\/\\\/www.ivinio.com\\\/wp-content\\\/uploads\\\/2025\\\/06\\\/Pellegrino-Tareni-Inzolia-IVINIO.jpg\",\"width\":500,\"height\":500},{\"@type\":\"BreadcrumbList\",\"@id\":\"https:\\\/\\\/www.ivinio.com\\\/fr\\\/produit\\\/cantine-pellegrino-tareni-inzolia-blanc\\\/#breadcrumb\",\"itemListElement\":[{\"@type\":\"ListItem\",\"position\":1,\"name\":\"Home\",\"item\":\"https:\\\/\\\/www.ivinio.com\\\/fr\\\/\"},{\"@type\":\"ListItem\",\"position\":2,\"name\":\"Boutique de vin\",\"item\":\"https:\\\/\\\/www.ivinio.com\\\/fr\\\/boutique-de-vin\\\/\"},{\"@type\":\"ListItem\",\"position\":3,\"name\":\"Cantine Pellegrino &#8211; Tareni Inzolia &#8211; Blanc\"}]},{\"@type\":\"WebSite\",\"@id\":\"https:\\\/\\\/www.ivinio.com\\\/fr\\\/#website\",\"url\":\"https:\\\/\\\/www.ivinio.com\\\/fr\\\/\",\"name\":\"IVINIO Caviste\",\"description\":\"Vins de France et d&#039;Italie avec livraison \u00e0 domicile\",\"publisher\":{\"@id\":\"https:\\\/\\\/www.ivinio.com\\\/fr\\\/#organization\"},\"potentialAction\":[{\"@type\":\"SearchAction\",\"target\":{\"@type\":\"EntryPoint\",\"urlTemplate\":\"https:\\\/\\\/www.ivinio.com\\\/fr\\\/?s={search_term_string}\"},\"query-input\":{\"@type\":\"PropertyValueSpecification\",\"valueRequired\":true,\"valueName\":\"search_term_string\"}}],\"inLanguage\":\"fr-FR\"},{\"@type\":\"Organization\",\"@id\":\"https:\\\/\\\/www.ivinio.com\\\/fr\\\/#organization\",\"name\":\"IVINIO\",\"url\":\"https:\\\/\\\/www.ivinio.com\\\/fr\\\/\",\"logo\":{\"@type\":\"ImageObject\",\"inLanguage\":\"fr-FR\",\"@id\":\"https:\\\/\\\/www.ivinio.com\\\/fr\\\/#\\\/schema\\\/logo\\\/image\\\/\",\"url\":\"https:\\\/\\\/www.ivinio.com\\\/wp-content\\\/uploads\\\/2021\\\/01\\\/Logo-Ivinio-v2.jpg\",\"contentUrl\":\"https:\\\/\\\/www.ivinio.com\\\/wp-content\\\/uploads\\\/2021\\\/01\\\/Logo-Ivinio-v2.jpg\",\"width\":1194,\"height\":1194,\"caption\":\"IVINIO\"},\"image\":{\"@id\":\"https:\\\/\\\/www.ivinio.com\\\/fr\\\/#\\\/schema\\\/logo\\\/image\\\/\"},\"sameAs\":[\"https:\\\/\\\/www.facebook.com\\\/groups\\\/165217837022391\\\/?ref=bookmarks\",\"https:\\\/\\\/www.instagram.com\\\/_ivinio_\\\/?hl=fr\"]}]}<\/script>\n<!-- \/ Yoast SEO plugin. -->","yoast_head_json":{"title":"Cantine Pellegrino - Tareni Inzolia - Blanc - IVINIO Caviste","description":"Cantine Pellegrino - Tareni Inzolia - Vin blanc. Moyennement cors\u00e9 et fruit\u00e9, avec une texture ronde et une acidit\u00e9 int\u00e9gr\u00e9e. Notes de fruits \u00e0 noyau m\u00fbrs et une l\u00e9g\u00e8re note d'amande.","robots":{"index":"index","follow":"follow","max-snippet":"max-snippet:-1","max-image-preview":"max-image-preview:large","max-video-preview":"max-video-preview:-1"},"canonical":"https:\/\/www.ivinio.com\/fr\/produit\/cantine-pellegrino-tareni-inzolia-blanc\/","og_locale":"fr_FR","og_type":"article","og_title":"Cantine Pellegrino - Tareni Inzolia - Blanc - IVINIO Caviste","og_description":"Cantine Pellegrino - Tareni Inzolia - Vin blanc. Moyennement cors\u00e9 et fruit\u00e9, avec une texture ronde et une acidit\u00e9 int\u00e9gr\u00e9e. Notes de fruits \u00e0 noyau m\u00fbrs et une l\u00e9g\u00e8re note d'amande.","og_url":"https:\/\/www.ivinio.com\/fr\/produit\/cantine-pellegrino-tareni-inzolia-blanc\/","og_site_name":"IVINIO Caviste","article_publisher":"https:\/\/www.facebook.com\/groups\/165217837022391\/?ref=bookmarks","article_modified_time":"2025-07-05T16:37:13+00:00","og_image":[{"width":500,"height":500,"url":"https:\/\/www.ivinio.com\/wp-content\/uploads\/2025\/06\/Pellegrino-Tareni-Inzolia-IVINIO.jpg","type":"image\/jpeg"}],"twitter_card":"summary_large_image","twitter_misc":{"Dur\u00e9e de lecture estim\u00e9e":"1 minute"},"schema":{"@context":"https:\/\/schema.org","@graph":[{"@type":"WebPage","@id":"https:\/\/www.ivinio.com\/fr\/produit\/cantine-pellegrino-tareni-inzolia-blanc\/","url":"https:\/\/www.ivinio.com\/fr\/produit\/cantine-pellegrino-tareni-inzolia-blanc\/","name":"Cantine Pellegrino - Tareni Inzolia - Blanc - IVINIO Caviste","isPartOf":{"@id":"https:\/\/www.ivinio.com\/fr\/#website"},"primaryImageOfPage":{"@id":"https:\/\/www.ivinio.com\/fr\/produit\/cantine-pellegrino-tareni-inzolia-blanc\/#primaryimage"},"image":{"@id":"https:\/\/www.ivinio.com\/fr\/produit\/cantine-pellegrino-tareni-inzolia-blanc\/#primaryimage"},"thumbnailUrl":"https:\/\/www.ivinio.com\/wp-content\/uploads\/2025\/06\/Pellegrino-Tareni-Inzolia-IVINIO.jpg","datePublished":"2025-07-05T16:05:18+00:00","dateModified":"2025-07-05T16:37:13+00:00","description":"Cantine Pellegrino - Tareni Inzolia - Vin blanc. Moyennement cors\u00e9 et fruit\u00e9, avec une texture ronde et une acidit\u00e9 int\u00e9gr\u00e9e. Notes de fruits \u00e0 noyau m\u00fbrs et une l\u00e9g\u00e8re note d'amande.","breadcrumb":{"@id":"https:\/\/www.ivinio.com\/fr\/produit\/cantine-pellegrino-tareni-inzolia-blanc\/#breadcrumb"},"inLanguage":"fr-FR","potentialAction":[{"@type":"ReadAction","target":["https:\/\/www.ivinio.com\/fr\/produit\/cantine-pellegrino-tareni-inzolia-blanc\/"]}]},{"@type":"ImageObject","inLanguage":"fr-FR","@id":"https:\/\/www.ivinio.com\/fr\/produit\/cantine-pellegrino-tareni-inzolia-blanc\/#primaryimage","url":"https:\/\/www.ivinio.com\/wp-content\/uploads\/2025\/06\/Pellegrino-Tareni-Inzolia-IVINIO.jpg","contentUrl":"https:\/\/www.ivinio.com\/wp-content\/uploads\/2025\/06\/Pellegrino-Tareni-Inzolia-IVINIO.jpg","width":500,"height":500},{"@type":"BreadcrumbList","@id":"https:\/\/www.ivinio.com\/fr\/produit\/cantine-pellegrino-tareni-inzolia-blanc\/#breadcrumb","itemListElement":[{"@type":"ListItem","position":1,"name":"Home","item":"https:\/\/www.ivinio.com\/fr\/"},{"@type":"ListItem","position":2,"name":"Boutique de vin","item":"https:\/\/www.ivinio.com\/fr\/boutique-de-vin\/"},{"@type":"ListItem","position":3,"name":"Cantine Pellegrino &#8211; Tareni Inzolia &#8211; Blanc"}]},{"@type":"WebSite","@id":"https:\/\/www.ivinio.com\/fr\/#website","url":"https:\/\/www.ivinio.com\/fr\/","name":"IVINIO Caviste","description":"Vins de France et d&#039;Italie avec livraison \u00e0 domicile","publisher":{"@id":"https:\/\/www.ivinio.com\/fr\/#organization"},"potentialAction":[{"@type":"SearchAction","target":{"@type":"EntryPoint","urlTemplate":"https:\/\/www.ivinio.com\/fr\/?s={search_term_string}"},"query-input":{"@type":"PropertyValueSpecification","valueRequired":true,"valueName":"search_term_string"}}],"inLanguage":"fr-FR"},{"@type":"Organization","@id":"https:\/\/www.ivinio.com\/fr\/#organization","name":"IVINIO","url":"https:\/\/www.ivinio.com\/fr\/","logo":{"@type":"ImageObject","inLanguage":"fr-FR","@id":"https:\/\/www.ivinio.com\/fr\/#\/schema\/logo\/image\/","url":"https:\/\/www.ivinio.com\/wp-content\/uploads\/2021\/01\/Logo-Ivinio-v2.jpg","contentUrl":"https:\/\/www.ivinio.com\/wp-content\/uploads\/2021\/01\/Logo-Ivinio-v2.jpg","width":1194,"height":1194,"caption":"IVINIO"},"image":{"@id":"https:\/\/www.ivinio.com\/fr\/#\/schema\/logo\/image\/"},"sameAs":["https:\/\/www.facebook.com\/groups\/165217837022391\/?ref=bookmarks","https:\/\/www.instagram.com\/_ivinio_\/?hl=fr"]}]}},"jetpack_sharing_enabled":true,"_links":{"self":[{"href":"https:\/\/www.ivinio.com\/fr\/wp-json\/wp\/v2\/product\/138495","targetHints":{"allow":["GET"]}}],"collection":[{"href":"https:\/\/www.ivinio.com\/fr\/wp-json\/wp\/v2\/product"}],"about":[{"href":"https:\/\/www.ivinio.com\/fr\/wp-json\/wp\/v2\/types\/product"}],"replies":[{"embeddable":true,"href":"https:\/\/www.ivinio.com\/fr\/wp-json\/wp\/v2\/comments?post=138495"}],"wp:featuredmedia":[{"embeddable":true,"href":"https:\/\/www.ivinio.com\/fr\/wp-json\/wp\/v2\/media\/138398"}],"wp:attachment":[{"href":"https:\/\/www.ivinio.com\/fr\/wp-json\/wp\/v2\/media?parent=138495"}],"wp:term":[{"taxonomy":"product_brand","embeddable":true,"href":"https:\/\/www.ivinio.com\/fr\/wp-json\/wp\/v2\/product_brand?post=138495"},{"taxonomy":"product_cat","embeddable":true,"href":"https:\/\/www.ivinio.com\/fr\/wp-json\/wp\/v2\/product_cat?post=138495"},{"taxonomy":"product_tag","embeddable":true,"href":"https:\/\/www.ivinio.com\/fr\/wp-json\/wp\/v2\/product_tag?post=138495"}],"curies":[{"name":"wp","href":"https:\/\/api.w.org\/{rel}","templated":true}]}}