{"id":138484,"date":"2025-06-07T19:19:10","date_gmt":"2025-07-05T10:00:45","guid":{"rendered":"https:\/\/www.ivinio.com\/product\/st-michael-eppan-pinot-grigio-blanc\/"},"modified":"2025-07-05T12:07:10","modified_gmt":"2025-07-05T10:07:10","slug":"st-michael-eppan-pinot-grigio-blanc","status":"publish","type":"product","link":"https:\/\/www.ivinio.com\/fr\/produit\/st-michael-eppan-pinot-grigio-blanc\/","title":{"rendered":"St. Michael Eppan &#8211; Pinot Grigio &#8211; Blanc"},"content":{"rendered":"<p>St. Michael Eppan &#8211; Pinot Grigio &#8211; Le vin blanc est \u00e9labor\u00e9 \u00e0 partir de Pinot Grigio 100 % cultiv\u00e9 dans les communes d&#8217;Appiano et de Caldaro, \u00e0 environ 400-500 m\u00e8tres d&#8217;altitude, orient\u00e9es sud-est et sud-ouest. Le sol est calcaire et caillouteux. Les vendanges ont lieu de mi-septembre \u00e0 fin septembre, avec une s\u00e9lection manuelle des raisins. Le vin est ferment\u00e9, puis une partie de la fermentation malolactique est r\u00e9alis\u00e9e en cuves inox.<\/p>\n","protected":false},"excerpt":{"rendered":"<p>Un Pinot grigio frais et croquant du Haut-Adige.<\/p>\n","protected":false},"featured_media":138319,"comment_status":"open","ping_status":"closed","template":"","meta":{"_monsterinsights_skip_tracking":false,"_monsterinsights_sitenote_active":false,"_monsterinsights_sitenote_note":"","_monsterinsights_sitenote_category":0,"_uf_show_specific_survey":0,"_uf_disable_surveys":false},"product_brand":[],"product_cat":[36670,36589],"product_tag":[],"class_list":{"0":"post-138484","1":"product","2":"type-product","3":"status-publish","4":"has-post-thumbnail","6":"product_cat-fr-alto-adige","7":"product_cat-vins-italiens","8":"pa_alcohol-degree-13-5","9":"pa_awards-james-suckling-fr","10":"pa_classification-aop-alto-adige-pinot-grigio-fr","11":"pa_color-blanc-fr","12":"pa_country-italie-fr","13":"pa_grape-variety-pinot-grigio-fr","14":"pa_region-alto-adige-fr","15":"pa_storage-potential-4-ans-fr","16":"pa_vintage-2023-fr","17":"pa_volume-75-cl-fr","19":"first","20":"instock","21":"taxable","22":"shipping-taxable","23":"purchasable","24":"product-type-simple"},"bundled_by":[],"bundle_stock_status":"instock","bundle_stock_quantity":null,"bundle_virtual":false,"bundle_layout":"","bundle_add_to_cart_form_location":"","bundle_editable_in_cart":false,"bundle_sold_individually_context":"","bundle_item_grouping":"","bundle_min_size":"","bundle_max_size":"","bundle_price":[],"bundled_items":[],"bundle_sell_ids":[],"yoast_head":"<!-- This site is optimized with the Yoast SEO plugin v27.4 - https:\/\/yoast.com\/product\/yoast-seo-wordpress\/ -->\n<title>St. Michael Eppan - Pinot Grigio - Blanc - IVINIO Caviste<\/title>\n<meta name=\"description\" content=\"St. Michael Eppan - Pinot Grigio - Vin blanc. Ar\u00f4mes de poires et de pommes m\u00fbres. La bouche est douce, fine et \u00e9l\u00e9gante. Ce vin se caract\u00e9rise par sa fra\u00eecheur.\" \/>\n<meta name=\"robots\" content=\"index, follow, max-snippet:-1, max-image-preview:large, max-video-preview:-1\" \/>\n<link rel=\"canonical\" href=\"https:\/\/www.ivinio.com\/fr\/produit\/st-michael-eppan-pinot-grigio-blanc\/\" \/>\n<meta property=\"og:locale\" content=\"fr_FR\" \/>\n<meta property=\"og:type\" content=\"article\" \/>\n<meta property=\"og:title\" content=\"St. Michael Eppan - Pinot Grigio - Blanc - IVINIO Caviste\" \/>\n<meta property=\"og:description\" content=\"St. Michael Eppan - Pinot Grigio - Vin blanc. Ar\u00f4mes de poires et de pommes m\u00fbres. La bouche est douce, fine et \u00e9l\u00e9gante. Ce vin se caract\u00e9rise par sa fra\u00eecheur.\" \/>\n<meta property=\"og:url\" content=\"https:\/\/www.ivinio.com\/fr\/produit\/st-michael-eppan-pinot-grigio-blanc\/\" \/>\n<meta property=\"og:site_name\" content=\"IVINIO Caviste\" \/>\n<meta property=\"article:publisher\" content=\"https:\/\/www.facebook.com\/groups\/165217837022391\/?ref=bookmarks\" \/>\n<meta property=\"article:modified_time\" content=\"2025-07-05T10:07:10+00:00\" \/>\n<meta property=\"og:image\" content=\"https:\/\/www.ivinio.com\/wp-content\/uploads\/2025\/06\/St.Micheal-Eppan-Pinot-grigio-IVINIO.jpg\" \/>\n\t<meta property=\"og:image:width\" content=\"500\" \/>\n\t<meta property=\"og:image:height\" content=\"500\" \/>\n\t<meta property=\"og:image:type\" content=\"image\/jpeg\" \/>\n<meta name=\"twitter:card\" content=\"summary_large_image\" \/>\n<meta name=\"twitter:label1\" content=\"Dur\u00e9e de lecture estim\u00e9e\" \/>\n\t<meta name=\"twitter:data1\" content=\"1 minute\" \/>\n<script type=\"application\/ld+json\" class=\"yoast-schema-graph\">{\"@context\":\"https:\\\/\\\/schema.org\",\"@graph\":[{\"@type\":\"WebPage\",\"@id\":\"https:\\\/\\\/www.ivinio.com\\\/fr\\\/produit\\\/st-michael-eppan-pinot-grigio-blanc\\\/\",\"url\":\"https:\\\/\\\/www.ivinio.com\\\/fr\\\/produit\\\/st-michael-eppan-pinot-grigio-blanc\\\/\",\"name\":\"St. Michael Eppan - Pinot Grigio - Blanc - IVINIO Caviste\",\"isPartOf\":{\"@id\":\"https:\\\/\\\/www.ivinio.com\\\/fr\\\/#website\"},\"primaryImageOfPage\":{\"@id\":\"https:\\\/\\\/www.ivinio.com\\\/fr\\\/produit\\\/st-michael-eppan-pinot-grigio-blanc\\\/#primaryimage\"},\"image\":{\"@id\":\"https:\\\/\\\/www.ivinio.com\\\/fr\\\/produit\\\/st-michael-eppan-pinot-grigio-blanc\\\/#primaryimage\"},\"thumbnailUrl\":\"https:\\\/\\\/www.ivinio.com\\\/wp-content\\\/uploads\\\/2025\\\/06\\\/St.Micheal-Eppan-Pinot-grigio-IVINIO.jpg\",\"datePublished\":\"2025-07-05T10:00:45+00:00\",\"dateModified\":\"2025-07-05T10:07:10+00:00\",\"description\":\"St. Michael Eppan - Pinot Grigio - Vin blanc. Ar\u00f4mes de poires et de pommes m\u00fbres. La bouche est douce, fine et \u00e9l\u00e9gante. Ce vin se caract\u00e9rise par sa fra\u00eecheur.\",\"breadcrumb\":{\"@id\":\"https:\\\/\\\/www.ivinio.com\\\/fr\\\/produit\\\/st-michael-eppan-pinot-grigio-blanc\\\/#breadcrumb\"},\"inLanguage\":\"fr-FR\",\"potentialAction\":[{\"@type\":\"ReadAction\",\"target\":[\"https:\\\/\\\/www.ivinio.com\\\/fr\\\/produit\\\/st-michael-eppan-pinot-grigio-blanc\\\/\"]}]},{\"@type\":\"ImageObject\",\"inLanguage\":\"fr-FR\",\"@id\":\"https:\\\/\\\/www.ivinio.com\\\/fr\\\/produit\\\/st-michael-eppan-pinot-grigio-blanc\\\/#primaryimage\",\"url\":\"https:\\\/\\\/www.ivinio.com\\\/wp-content\\\/uploads\\\/2025\\\/06\\\/St.Micheal-Eppan-Pinot-grigio-IVINIO.jpg\",\"contentUrl\":\"https:\\\/\\\/www.ivinio.com\\\/wp-content\\\/uploads\\\/2025\\\/06\\\/St.Micheal-Eppan-Pinot-grigio-IVINIO.jpg\",\"width\":500,\"height\":500},{\"@type\":\"BreadcrumbList\",\"@id\":\"https:\\\/\\\/www.ivinio.com\\\/fr\\\/produit\\\/st-michael-eppan-pinot-grigio-blanc\\\/#breadcrumb\",\"itemListElement\":[{\"@type\":\"ListItem\",\"position\":1,\"name\":\"Home\",\"item\":\"https:\\\/\\\/www.ivinio.com\\\/fr\\\/\"},{\"@type\":\"ListItem\",\"position\":2,\"name\":\"Boutique de vin\",\"item\":\"https:\\\/\\\/www.ivinio.com\\\/fr\\\/boutique-de-vin\\\/\"},{\"@type\":\"ListItem\",\"position\":3,\"name\":\"St. Michael Eppan &#8211; Pinot Grigio &#8211; Blanc\"}]},{\"@type\":\"WebSite\",\"@id\":\"https:\\\/\\\/www.ivinio.com\\\/fr\\\/#website\",\"url\":\"https:\\\/\\\/www.ivinio.com\\\/fr\\\/\",\"name\":\"IVINIO Caviste\",\"description\":\"Vins de France et d&#039;Italie avec livraison \u00e0 domicile\",\"publisher\":{\"@id\":\"https:\\\/\\\/www.ivinio.com\\\/fr\\\/#organization\"},\"potentialAction\":[{\"@type\":\"SearchAction\",\"target\":{\"@type\":\"EntryPoint\",\"urlTemplate\":\"https:\\\/\\\/www.ivinio.com\\\/fr\\\/?s={search_term_string}\"},\"query-input\":{\"@type\":\"PropertyValueSpecification\",\"valueRequired\":true,\"valueName\":\"search_term_string\"}}],\"inLanguage\":\"fr-FR\"},{\"@type\":\"Organization\",\"@id\":\"https:\\\/\\\/www.ivinio.com\\\/fr\\\/#organization\",\"name\":\"IVINIO\",\"url\":\"https:\\\/\\\/www.ivinio.com\\\/fr\\\/\",\"logo\":{\"@type\":\"ImageObject\",\"inLanguage\":\"fr-FR\",\"@id\":\"https:\\\/\\\/www.ivinio.com\\\/fr\\\/#\\\/schema\\\/logo\\\/image\\\/\",\"url\":\"https:\\\/\\\/www.ivinio.com\\\/wp-content\\\/uploads\\\/2021\\\/01\\\/Logo-Ivinio-v2.jpg\",\"contentUrl\":\"https:\\\/\\\/www.ivinio.com\\\/wp-content\\\/uploads\\\/2021\\\/01\\\/Logo-Ivinio-v2.jpg\",\"width\":1194,\"height\":1194,\"caption\":\"IVINIO\"},\"image\":{\"@id\":\"https:\\\/\\\/www.ivinio.com\\\/fr\\\/#\\\/schema\\\/logo\\\/image\\\/\"},\"sameAs\":[\"https:\\\/\\\/www.facebook.com\\\/groups\\\/165217837022391\\\/?ref=bookmarks\",\"https:\\\/\\\/www.instagram.com\\\/_ivinio_\\\/?hl=fr\"]}]}<\/script>\n<!-- \/ Yoast SEO plugin. -->","yoast_head_json":{"title":"St. Michael Eppan - Pinot Grigio - Blanc - IVINIO Caviste","description":"St. Michael Eppan - Pinot Grigio - Vin blanc. Ar\u00f4mes de poires et de pommes m\u00fbres. La bouche est douce, fine et \u00e9l\u00e9gante. Ce vin se caract\u00e9rise par sa fra\u00eecheur.","robots":{"index":"index","follow":"follow","max-snippet":"max-snippet:-1","max-image-preview":"max-image-preview:large","max-video-preview":"max-video-preview:-1"},"canonical":"https:\/\/www.ivinio.com\/fr\/produit\/st-michael-eppan-pinot-grigio-blanc\/","og_locale":"fr_FR","og_type":"article","og_title":"St. Michael Eppan - Pinot Grigio - Blanc - IVINIO Caviste","og_description":"St. Michael Eppan - Pinot Grigio - Vin blanc. Ar\u00f4mes de poires et de pommes m\u00fbres. La bouche est douce, fine et \u00e9l\u00e9gante. Ce vin se caract\u00e9rise par sa fra\u00eecheur.","og_url":"https:\/\/www.ivinio.com\/fr\/produit\/st-michael-eppan-pinot-grigio-blanc\/","og_site_name":"IVINIO Caviste","article_publisher":"https:\/\/www.facebook.com\/groups\/165217837022391\/?ref=bookmarks","article_modified_time":"2025-07-05T10:07:10+00:00","og_image":[{"width":500,"height":500,"url":"https:\/\/www.ivinio.com\/wp-content\/uploads\/2025\/06\/St.Micheal-Eppan-Pinot-grigio-IVINIO.jpg","type":"image\/jpeg"}],"twitter_card":"summary_large_image","twitter_misc":{"Dur\u00e9e de lecture estim\u00e9e":"1 minute"},"schema":{"@context":"https:\/\/schema.org","@graph":[{"@type":"WebPage","@id":"https:\/\/www.ivinio.com\/fr\/produit\/st-michael-eppan-pinot-grigio-blanc\/","url":"https:\/\/www.ivinio.com\/fr\/produit\/st-michael-eppan-pinot-grigio-blanc\/","name":"St. Michael Eppan - Pinot Grigio - Blanc - IVINIO Caviste","isPartOf":{"@id":"https:\/\/www.ivinio.com\/fr\/#website"},"primaryImageOfPage":{"@id":"https:\/\/www.ivinio.com\/fr\/produit\/st-michael-eppan-pinot-grigio-blanc\/#primaryimage"},"image":{"@id":"https:\/\/www.ivinio.com\/fr\/produit\/st-michael-eppan-pinot-grigio-blanc\/#primaryimage"},"thumbnailUrl":"https:\/\/www.ivinio.com\/wp-content\/uploads\/2025\/06\/St.Micheal-Eppan-Pinot-grigio-IVINIO.jpg","datePublished":"2025-07-05T10:00:45+00:00","dateModified":"2025-07-05T10:07:10+00:00","description":"St. Michael Eppan - Pinot Grigio - Vin blanc. Ar\u00f4mes de poires et de pommes m\u00fbres. La bouche est douce, fine et \u00e9l\u00e9gante. Ce vin se caract\u00e9rise par sa fra\u00eecheur.","breadcrumb":{"@id":"https:\/\/www.ivinio.com\/fr\/produit\/st-michael-eppan-pinot-grigio-blanc\/#breadcrumb"},"inLanguage":"fr-FR","potentialAction":[{"@type":"ReadAction","target":["https:\/\/www.ivinio.com\/fr\/produit\/st-michael-eppan-pinot-grigio-blanc\/"]}]},{"@type":"ImageObject","inLanguage":"fr-FR","@id":"https:\/\/www.ivinio.com\/fr\/produit\/st-michael-eppan-pinot-grigio-blanc\/#primaryimage","url":"https:\/\/www.ivinio.com\/wp-content\/uploads\/2025\/06\/St.Micheal-Eppan-Pinot-grigio-IVINIO.jpg","contentUrl":"https:\/\/www.ivinio.com\/wp-content\/uploads\/2025\/06\/St.Micheal-Eppan-Pinot-grigio-IVINIO.jpg","width":500,"height":500},{"@type":"BreadcrumbList","@id":"https:\/\/www.ivinio.com\/fr\/produit\/st-michael-eppan-pinot-grigio-blanc\/#breadcrumb","itemListElement":[{"@type":"ListItem","position":1,"name":"Home","item":"https:\/\/www.ivinio.com\/fr\/"},{"@type":"ListItem","position":2,"name":"Boutique de vin","item":"https:\/\/www.ivinio.com\/fr\/boutique-de-vin\/"},{"@type":"ListItem","position":3,"name":"St. Michael Eppan &#8211; Pinot Grigio &#8211; Blanc"}]},{"@type":"WebSite","@id":"https:\/\/www.ivinio.com\/fr\/#website","url":"https:\/\/www.ivinio.com\/fr\/","name":"IVINIO Caviste","description":"Vins de France et d&#039;Italie avec livraison \u00e0 domicile","publisher":{"@id":"https:\/\/www.ivinio.com\/fr\/#organization"},"potentialAction":[{"@type":"SearchAction","target":{"@type":"EntryPoint","urlTemplate":"https:\/\/www.ivinio.com\/fr\/?s={search_term_string}"},"query-input":{"@type":"PropertyValueSpecification","valueRequired":true,"valueName":"search_term_string"}}],"inLanguage":"fr-FR"},{"@type":"Organization","@id":"https:\/\/www.ivinio.com\/fr\/#organization","name":"IVINIO","url":"https:\/\/www.ivinio.com\/fr\/","logo":{"@type":"ImageObject","inLanguage":"fr-FR","@id":"https:\/\/www.ivinio.com\/fr\/#\/schema\/logo\/image\/","url":"https:\/\/www.ivinio.com\/wp-content\/uploads\/2021\/01\/Logo-Ivinio-v2.jpg","contentUrl":"https:\/\/www.ivinio.com\/wp-content\/uploads\/2021\/01\/Logo-Ivinio-v2.jpg","width":1194,"height":1194,"caption":"IVINIO"},"image":{"@id":"https:\/\/www.ivinio.com\/fr\/#\/schema\/logo\/image\/"},"sameAs":["https:\/\/www.facebook.com\/groups\/165217837022391\/?ref=bookmarks","https:\/\/www.instagram.com\/_ivinio_\/?hl=fr"]}]}},"jetpack_sharing_enabled":true,"_links":{"self":[{"href":"https:\/\/www.ivinio.com\/fr\/wp-json\/wp\/v2\/product\/138484","targetHints":{"allow":["GET"]}}],"collection":[{"href":"https:\/\/www.ivinio.com\/fr\/wp-json\/wp\/v2\/product"}],"about":[{"href":"https:\/\/www.ivinio.com\/fr\/wp-json\/wp\/v2\/types\/product"}],"replies":[{"embeddable":true,"href":"https:\/\/www.ivinio.com\/fr\/wp-json\/wp\/v2\/comments?post=138484"}],"wp:featuredmedia":[{"embeddable":true,"href":"https:\/\/www.ivinio.com\/fr\/wp-json\/wp\/v2\/media\/138319"}],"wp:attachment":[{"href":"https:\/\/www.ivinio.com\/fr\/wp-json\/wp\/v2\/media?parent=138484"}],"wp:term":[{"taxonomy":"product_brand","embeddable":true,"href":"https:\/\/www.ivinio.com\/fr\/wp-json\/wp\/v2\/product_brand?post=138484"},{"taxonomy":"product_cat","embeddable":true,"href":"https:\/\/www.ivinio.com\/fr\/wp-json\/wp\/v2\/product_cat?post=138484"},{"taxonomy":"product_tag","embeddable":true,"href":"https:\/\/www.ivinio.com\/fr\/wp-json\/wp\/v2\/product_tag?post=138484"}],"curies":[{"name":"wp","href":"https:\/\/api.w.org\/{rel}","templated":true}]}}