{"id":137751,"date":"2025-05-24T11:48:04","date_gmt":"2025-05-24T09:48:10","guid":{"rendered":"https:\/\/www.ivinio.com\/?post_type=product&#038;p=137751"},"modified":"2025-07-02T19:30:17","modified_gmt":"2025-07-02T17:30:17","slug":"pol-roger-champagne-brut-vintage","status":"publish","type":"product","link":"https:\/\/www.ivinio.com\/fr\/produit\/pol-roger-champagne-brut-vintage\/","title":{"rendered":"Pol Roger Champagne Brut Vintage"},"content":{"rendered":"<p>Pol Roger Brut Vintage 2018 est un Champagne \u00e9labor\u00e9 selon l&#8217;assemblage traditionnel Pol Roger : 60 % de Pinot Noir et 40 % de Chardonnay, issus de 20 Grands et Premiers Crus de la Montagne de Reims et de la C\u00f4te des Blancs. Les raisins sont vendang\u00e9s puis press\u00e9s rapidement et d\u00e9licatement. Un premier d\u00e9bourbage est effectu\u00e9 au pressoir, puis un second pressurage est r\u00e9alis\u00e9 en cave \u00e0 basse temp\u00e9rature (6 \u00b0C) pendant 24 heures. La fermentation alcoolique se d\u00e9roule \u00e0 basse temp\u00e9rature (18 \u00b0C) dans des cuves inox thermor\u00e9gul\u00e9es o\u00f9 les c\u00e9pages et les mill\u00e9simes sont vinifi\u00e9s s\u00e9par\u00e9ment avant l&#8217;assemblage final. La fermentation malolactique suit. Apr\u00e8s d\u00e9gustation, assemblage et mise en bouteille, une seconde fermentation et un \u00e9levage ont lieu en caves fra\u00eeches, \u00e0 33 m\u00e8tres de profondeur. Chaque bouteille est tourn\u00e9e manuellement, de mani\u00e8re traditionnelle, avant d\u00e9gorgement et dosage. Les vins reposent ensuite pendant au moins trois mois avant d&#8217;\u00eatre commercialis\u00e9s. Pol Roger Brut Vintage 2018 est produit en quantit\u00e9s limit\u00e9es.<\/p>\n","protected":false},"excerpt":{"rendered":"<p>\u00c9l\u00e9gant Champagne mill\u00e9sim\u00e9 de la Maison Pol Roger.<\/p>\n","protected":false},"featured_media":138262,"comment_status":"open","ping_status":"closed","template":"","meta":{"_monsterinsights_skip_tracking":false,"_monsterinsights_sitenote_active":false,"_monsterinsights_sitenote_note":"","_monsterinsights_sitenote_category":0,"_uf_show_specific_survey":0,"_uf_disable_surveys":false},"product_brand":[],"product_cat":[36615,36588],"product_tag":[],"class_list":{"0":"post-137751","1":"product","2":"type-product","3":"status-publish","4":"has-post-thumbnail","6":"product_cat-sv-champagne","7":"product_cat-franska-viner","8":"pa_alcohol-degree-12-sv","9":"pa_awards-bettanedesseauve-sv","10":"pa_awards-jancis-robinson","11":"pa_awards-the-wine-advocate","12":"pa_awards-wine-spectator","13":"pa_classification-aop-champagne-sv","14":"pa_color-mousserande-sv","15":"pa_country-frankrike-sv","16":"pa_grape-variety-chardonnay-sv","17":"pa_grape-variety-pinot-meunier","18":"pa_grape-variety-pinot-noir-sv","19":"pa_package-1x1-sv","20":"pa_package-1x6-sv","21":"pa_region-champagne-sv","22":"pa_volume-150-cl-sv","23":"pa_volume-75-cl-sv","25":"first","26":"instock","27":"taxable","28":"shipping-taxable","29":"purchasable","30":"product-type-variable"},"bundled_by":[],"bundle_stock_status":"instock","bundle_stock_quantity":null,"bundle_virtual":false,"bundle_layout":"","bundle_add_to_cart_form_location":"","bundle_editable_in_cart":false,"bundle_sold_individually_context":"","bundle_item_grouping":"","bundle_min_size":"","bundle_max_size":"","bundle_price":[],"bundled_items":[],"bundle_sell_ids":[],"yoast_head":"<!-- This site is optimized with the Yoast SEO plugin v27.4 - https:\/\/yoast.com\/product\/yoast-seo-wordpress\/ -->\n<title>Acheter Pol Roger Champagne Brut Vintage- IVINIO Caviste<\/title>\n<meta name=\"description\" content=\"Champagne Pol Roger Brut Vintage. Notes de p\u00e2tisserie lui conf\u00e8rent beaucoup de caract\u00e8re. La finale est l\u00e9g\u00e8rement acidul\u00e9e, avec des notes citronn\u00e9es.\" \/>\n<meta name=\"robots\" content=\"index, follow, max-snippet:-1, max-image-preview:large, max-video-preview:-1\" \/>\n<link rel=\"canonical\" href=\"https:\/\/www.ivinio.com\/fr\/produit\/pol-roger-champagne-brut-vintage\/\" \/>\n<meta property=\"og:locale\" content=\"fr_FR\" \/>\n<meta property=\"og:type\" content=\"article\" \/>\n<meta property=\"og:title\" content=\"Acheter Pol Roger Champagne Brut Vintage- IVINIO Caviste\" \/>\n<meta property=\"og:description\" content=\"Champagne Pol Roger Brut Vintage. Notes de p\u00e2tisserie lui conf\u00e8rent beaucoup de caract\u00e8re. La finale est l\u00e9g\u00e8rement acidul\u00e9e, avec des notes citronn\u00e9es.\" \/>\n<meta property=\"og:url\" content=\"https:\/\/www.ivinio.com\/fr\/produit\/pol-roger-champagne-brut-vintage\/\" \/>\n<meta property=\"og:site_name\" content=\"IVINIO Caviste\" \/>\n<meta property=\"article:publisher\" content=\"https:\/\/www.facebook.com\/groups\/165217837022391\/?ref=bookmarks\" \/>\n<meta property=\"article:modified_time\" content=\"2025-07-02T17:30:17+00:00\" \/>\n<meta property=\"og:image\" content=\"https:\/\/www.ivinio.com\/wp-content\/uploads\/2025\/05\/Champagne-Pol-roger-brut-vintage-IVINIO.jpg\" \/>\n\t<meta property=\"og:image:width\" content=\"500\" \/>\n\t<meta property=\"og:image:height\" content=\"500\" \/>\n\t<meta property=\"og:image:type\" content=\"image\/jpeg\" \/>\n<meta name=\"twitter:card\" content=\"summary_large_image\" \/>\n<meta name=\"twitter:label1\" content=\"Dur\u00e9e de lecture estim\u00e9e\" \/>\n\t<meta name=\"twitter:data1\" content=\"1 minute\" \/>\n<script type=\"application\/ld+json\" class=\"yoast-schema-graph\">{\"@context\":\"https:\\\/\\\/schema.org\",\"@graph\":[{\"@type\":\"WebPage\",\"@id\":\"https:\\\/\\\/www.ivinio.com\\\/fr\\\/produit\\\/pol-roger-champagne-brut-vintage\\\/\",\"url\":\"https:\\\/\\\/www.ivinio.com\\\/fr\\\/produit\\\/pol-roger-champagne-brut-vintage\\\/\",\"name\":\"Acheter Pol Roger Champagne Brut Vintage- IVINIO Caviste\",\"isPartOf\":{\"@id\":\"https:\\\/\\\/www.ivinio.com\\\/fr\\\/#website\"},\"primaryImageOfPage\":{\"@id\":\"https:\\\/\\\/www.ivinio.com\\\/fr\\\/produit\\\/pol-roger-champagne-brut-vintage\\\/#primaryimage\"},\"image\":{\"@id\":\"https:\\\/\\\/www.ivinio.com\\\/fr\\\/produit\\\/pol-roger-champagne-brut-vintage\\\/#primaryimage\"},\"thumbnailUrl\":\"https:\\\/\\\/www.ivinio.com\\\/wp-content\\\/uploads\\\/2025\\\/05\\\/Champagne-Pol-roger-brut-vintage-IVINIO.jpg\",\"datePublished\":\"2025-05-24T09:48:10+00:00\",\"dateModified\":\"2025-07-02T17:30:17+00:00\",\"description\":\"Champagne Pol Roger Brut Vintage. Notes de p\u00e2tisserie lui conf\u00e8rent beaucoup de caract\u00e8re. La finale est l\u00e9g\u00e8rement acidul\u00e9e, avec des notes citronn\u00e9es.\",\"breadcrumb\":{\"@id\":\"https:\\\/\\\/www.ivinio.com\\\/fr\\\/produit\\\/pol-roger-champagne-brut-vintage\\\/#breadcrumb\"},\"inLanguage\":\"fr-FR\",\"potentialAction\":[{\"@type\":\"ReadAction\",\"target\":[\"https:\\\/\\\/www.ivinio.com\\\/fr\\\/produit\\\/pol-roger-champagne-brut-vintage\\\/\"]}]},{\"@type\":\"ImageObject\",\"inLanguage\":\"fr-FR\",\"@id\":\"https:\\\/\\\/www.ivinio.com\\\/fr\\\/produit\\\/pol-roger-champagne-brut-vintage\\\/#primaryimage\",\"url\":\"https:\\\/\\\/www.ivinio.com\\\/wp-content\\\/uploads\\\/2025\\\/05\\\/Champagne-Pol-roger-brut-vintage-IVINIO.jpg\",\"contentUrl\":\"https:\\\/\\\/www.ivinio.com\\\/wp-content\\\/uploads\\\/2025\\\/05\\\/Champagne-Pol-roger-brut-vintage-IVINIO.jpg\",\"width\":500,\"height\":500},{\"@type\":\"BreadcrumbList\",\"@id\":\"https:\\\/\\\/www.ivinio.com\\\/fr\\\/produit\\\/pol-roger-champagne-brut-vintage\\\/#breadcrumb\",\"itemListElement\":[{\"@type\":\"ListItem\",\"position\":1,\"name\":\"Home\",\"item\":\"https:\\\/\\\/www.ivinio.com\\\/fr\\\/\"},{\"@type\":\"ListItem\",\"position\":2,\"name\":\"Boutique de vin\",\"item\":\"https:\\\/\\\/www.ivinio.com\\\/fr\\\/boutique-de-vin\\\/\"},{\"@type\":\"ListItem\",\"position\":3,\"name\":\"Pol Roger Champagne Brut Vintage\"}]},{\"@type\":\"WebSite\",\"@id\":\"https:\\\/\\\/www.ivinio.com\\\/fr\\\/#website\",\"url\":\"https:\\\/\\\/www.ivinio.com\\\/fr\\\/\",\"name\":\"IVINIO Caviste\",\"description\":\"Vins de France et d&#039;Italie avec livraison \u00e0 domicile\",\"publisher\":{\"@id\":\"https:\\\/\\\/www.ivinio.com\\\/fr\\\/#organization\"},\"potentialAction\":[{\"@type\":\"SearchAction\",\"target\":{\"@type\":\"EntryPoint\",\"urlTemplate\":\"https:\\\/\\\/www.ivinio.com\\\/fr\\\/?s={search_term_string}\"},\"query-input\":{\"@type\":\"PropertyValueSpecification\",\"valueRequired\":true,\"valueName\":\"search_term_string\"}}],\"inLanguage\":\"fr-FR\"},{\"@type\":\"Organization\",\"@id\":\"https:\\\/\\\/www.ivinio.com\\\/fr\\\/#organization\",\"name\":\"IVINIO\",\"url\":\"https:\\\/\\\/www.ivinio.com\\\/fr\\\/\",\"logo\":{\"@type\":\"ImageObject\",\"inLanguage\":\"fr-FR\",\"@id\":\"https:\\\/\\\/www.ivinio.com\\\/fr\\\/#\\\/schema\\\/logo\\\/image\\\/\",\"url\":\"https:\\\/\\\/www.ivinio.com\\\/wp-content\\\/uploads\\\/2021\\\/01\\\/Logo-Ivinio-v2.jpg\",\"contentUrl\":\"https:\\\/\\\/www.ivinio.com\\\/wp-content\\\/uploads\\\/2021\\\/01\\\/Logo-Ivinio-v2.jpg\",\"width\":1194,\"height\":1194,\"caption\":\"IVINIO\"},\"image\":{\"@id\":\"https:\\\/\\\/www.ivinio.com\\\/fr\\\/#\\\/schema\\\/logo\\\/image\\\/\"},\"sameAs\":[\"https:\\\/\\\/www.facebook.com\\\/groups\\\/165217837022391\\\/?ref=bookmarks\",\"https:\\\/\\\/www.instagram.com\\\/_ivinio_\\\/?hl=fr\"]}]}<\/script>\n<!-- \/ Yoast SEO plugin. -->","yoast_head_json":{"title":"Acheter Pol Roger Champagne Brut Vintage- IVINIO Caviste","description":"Champagne Pol Roger Brut Vintage. Notes de p\u00e2tisserie lui conf\u00e8rent beaucoup de caract\u00e8re. La finale est l\u00e9g\u00e8rement acidul\u00e9e, avec des notes citronn\u00e9es.","robots":{"index":"index","follow":"follow","max-snippet":"max-snippet:-1","max-image-preview":"max-image-preview:large","max-video-preview":"max-video-preview:-1"},"canonical":"https:\/\/www.ivinio.com\/fr\/produit\/pol-roger-champagne-brut-vintage\/","og_locale":"fr_FR","og_type":"article","og_title":"Acheter Pol Roger Champagne Brut Vintage- IVINIO Caviste","og_description":"Champagne Pol Roger Brut Vintage. Notes de p\u00e2tisserie lui conf\u00e8rent beaucoup de caract\u00e8re. La finale est l\u00e9g\u00e8rement acidul\u00e9e, avec des notes citronn\u00e9es.","og_url":"https:\/\/www.ivinio.com\/fr\/produit\/pol-roger-champagne-brut-vintage\/","og_site_name":"IVINIO Caviste","article_publisher":"https:\/\/www.facebook.com\/groups\/165217837022391\/?ref=bookmarks","article_modified_time":"2025-07-02T17:30:17+00:00","og_image":[{"width":500,"height":500,"url":"https:\/\/www.ivinio.com\/wp-content\/uploads\/2025\/05\/Champagne-Pol-roger-brut-vintage-IVINIO.jpg","type":"image\/jpeg"}],"twitter_card":"summary_large_image","twitter_misc":{"Dur\u00e9e de lecture estim\u00e9e":"1 minute"},"schema":{"@context":"https:\/\/schema.org","@graph":[{"@type":"WebPage","@id":"https:\/\/www.ivinio.com\/fr\/produit\/pol-roger-champagne-brut-vintage\/","url":"https:\/\/www.ivinio.com\/fr\/produit\/pol-roger-champagne-brut-vintage\/","name":"Acheter Pol Roger Champagne Brut Vintage- IVINIO Caviste","isPartOf":{"@id":"https:\/\/www.ivinio.com\/fr\/#website"},"primaryImageOfPage":{"@id":"https:\/\/www.ivinio.com\/fr\/produit\/pol-roger-champagne-brut-vintage\/#primaryimage"},"image":{"@id":"https:\/\/www.ivinio.com\/fr\/produit\/pol-roger-champagne-brut-vintage\/#primaryimage"},"thumbnailUrl":"https:\/\/www.ivinio.com\/wp-content\/uploads\/2025\/05\/Champagne-Pol-roger-brut-vintage-IVINIO.jpg","datePublished":"2025-05-24T09:48:10+00:00","dateModified":"2025-07-02T17:30:17+00:00","description":"Champagne Pol Roger Brut Vintage. Notes de p\u00e2tisserie lui conf\u00e8rent beaucoup de caract\u00e8re. La finale est l\u00e9g\u00e8rement acidul\u00e9e, avec des notes citronn\u00e9es.","breadcrumb":{"@id":"https:\/\/www.ivinio.com\/fr\/produit\/pol-roger-champagne-brut-vintage\/#breadcrumb"},"inLanguage":"fr-FR","potentialAction":[{"@type":"ReadAction","target":["https:\/\/www.ivinio.com\/fr\/produit\/pol-roger-champagne-brut-vintage\/"]}]},{"@type":"ImageObject","inLanguage":"fr-FR","@id":"https:\/\/www.ivinio.com\/fr\/produit\/pol-roger-champagne-brut-vintage\/#primaryimage","url":"https:\/\/www.ivinio.com\/wp-content\/uploads\/2025\/05\/Champagne-Pol-roger-brut-vintage-IVINIO.jpg","contentUrl":"https:\/\/www.ivinio.com\/wp-content\/uploads\/2025\/05\/Champagne-Pol-roger-brut-vintage-IVINIO.jpg","width":500,"height":500},{"@type":"BreadcrumbList","@id":"https:\/\/www.ivinio.com\/fr\/produit\/pol-roger-champagne-brut-vintage\/#breadcrumb","itemListElement":[{"@type":"ListItem","position":1,"name":"Home","item":"https:\/\/www.ivinio.com\/fr\/"},{"@type":"ListItem","position":2,"name":"Boutique de vin","item":"https:\/\/www.ivinio.com\/fr\/boutique-de-vin\/"},{"@type":"ListItem","position":3,"name":"Pol Roger Champagne Brut Vintage"}]},{"@type":"WebSite","@id":"https:\/\/www.ivinio.com\/fr\/#website","url":"https:\/\/www.ivinio.com\/fr\/","name":"IVINIO Caviste","description":"Vins de France et d&#039;Italie avec livraison \u00e0 domicile","publisher":{"@id":"https:\/\/www.ivinio.com\/fr\/#organization"},"potentialAction":[{"@type":"SearchAction","target":{"@type":"EntryPoint","urlTemplate":"https:\/\/www.ivinio.com\/fr\/?s={search_term_string}"},"query-input":{"@type":"PropertyValueSpecification","valueRequired":true,"valueName":"search_term_string"}}],"inLanguage":"fr-FR"},{"@type":"Organization","@id":"https:\/\/www.ivinio.com\/fr\/#organization","name":"IVINIO","url":"https:\/\/www.ivinio.com\/fr\/","logo":{"@type":"ImageObject","inLanguage":"fr-FR","@id":"https:\/\/www.ivinio.com\/fr\/#\/schema\/logo\/image\/","url":"https:\/\/www.ivinio.com\/wp-content\/uploads\/2021\/01\/Logo-Ivinio-v2.jpg","contentUrl":"https:\/\/www.ivinio.com\/wp-content\/uploads\/2021\/01\/Logo-Ivinio-v2.jpg","width":1194,"height":1194,"caption":"IVINIO"},"image":{"@id":"https:\/\/www.ivinio.com\/fr\/#\/schema\/logo\/image\/"},"sameAs":["https:\/\/www.facebook.com\/groups\/165217837022391\/?ref=bookmarks","https:\/\/www.instagram.com\/_ivinio_\/?hl=fr"]}]}},"jetpack_sharing_enabled":true,"_links":{"self":[{"href":"https:\/\/www.ivinio.com\/fr\/wp-json\/wp\/v2\/product\/137751","targetHints":{"allow":["GET"]}}],"collection":[{"href":"https:\/\/www.ivinio.com\/fr\/wp-json\/wp\/v2\/product"}],"about":[{"href":"https:\/\/www.ivinio.com\/fr\/wp-json\/wp\/v2\/types\/product"}],"replies":[{"embeddable":true,"href":"https:\/\/www.ivinio.com\/fr\/wp-json\/wp\/v2\/comments?post=137751"}],"wp:featuredmedia":[{"embeddable":true,"href":"https:\/\/www.ivinio.com\/fr\/wp-json\/wp\/v2\/media\/138262"}],"wp:attachment":[{"href":"https:\/\/www.ivinio.com\/fr\/wp-json\/wp\/v2\/media?parent=137751"}],"wp:term":[{"taxonomy":"product_brand","embeddable":true,"href":"https:\/\/www.ivinio.com\/fr\/wp-json\/wp\/v2\/product_brand?post=137751"},{"taxonomy":"product_cat","embeddable":true,"href":"https:\/\/www.ivinio.com\/fr\/wp-json\/wp\/v2\/product_cat?post=137751"},{"taxonomy":"product_tag","embeddable":true,"href":"https:\/\/www.ivinio.com\/fr\/wp-json\/wp\/v2\/product_tag?post=137751"}],"curies":[{"name":"wp","href":"https:\/\/api.w.org\/{rel}","templated":true}]}}