{"id":137735,"date":"2025-05-24T11:47:39","date_gmt":"2025-05-24T09:47:46","guid":{"rendered":"https:\/\/www.ivinio.com\/?post_type=product&#038;p=137735"},"modified":"2025-07-01T18:28:34","modified_gmt":"2025-07-01T16:28:34","slug":"pol-roger-champagne-pure-extra-brut-mousseux","status":"publish","type":"product","link":"https:\/\/www.ivinio.com\/fr\/produit\/pol-roger-champagne-pure-extra-brut-mousseux\/","title":{"rendered":"Pol Roger Champagne Pure Extra Brut &#8211; Mousseux"},"content":{"rendered":"<p>Le Champagne Pol Roger Pure Extra Brut est compos\u00e9 \u00e0 parts \u00e9gales entre les trois c\u00e9pages majeurs de la Champagne : le Pinot Noir, le Chardonnay et le Pinot Meunier. Cr\u00e9\u00e9 en 2008, ce vin compl\u00e8te la gamme des champagnes Pol Roger et offre aux connaisseurs de nouvelles sensations. L&#8217;objectif \u00e9tait de cr\u00e9er un vin le plus naturel possible, tout en pr\u00e9servant l&#8217;esprit des diff\u00e9rents c\u00e9pages. Non dos\u00e9, il est \u00e9labor\u00e9 selon un long processus, avec une s\u00e9lection de mill\u00e9simes m\u00e9lang\u00e9s et un vieillissement minimum de quatre ans. Une fois les raisins vendang\u00e9s, ils sont press\u00e9s rapidement et d\u00e9licatement. Une premi\u00e8re d\u00e9bourbage est effectu\u00e9e au pressoir, puis un second pressurage en cuverie \u00e0 basse temp\u00e9rature (6 \u00b0C) pendant 24 heures. La fermentation alcoolique se d\u00e9roule \u00e0 basse temp\u00e9rature (18 \u00b0C) dans des cuves en inox thermor\u00e9gul\u00e9es o\u00f9 les c\u00e9pages et les mill\u00e9simes sont vinifi\u00e9s s\u00e9par\u00e9ment avant l&#8217;assemblage final. La fermentation malolactique suit. Apr\u00e8s d\u00e9gustation, assemblage et mise en bouteille, la seconde fermentation a lieu et le vieillissement se d\u00e9roule dans des caves de 33 m\u00e8tres de profondeur. Chaque bouteille est tourn\u00e9e \u00e0 la main, de mani\u00e8re traditionnelle, avant d\u00e9gorgement et dosage. Les vins reposent ensuite au moins trois mois avant d&#8217;\u00eatre commercialis\u00e9s.<\/p>\n","protected":false},"excerpt":{"rendered":"<p>La cuv\u00e9e non dos\u00e9e de Pol Roger.<\/p>\n","protected":false},"featured_media":138240,"comment_status":"open","ping_status":"closed","template":"","meta":{"_monsterinsights_skip_tracking":false,"_monsterinsights_sitenote_active":false,"_monsterinsights_sitenote_note":"","_monsterinsights_sitenote_category":0,"_uf_show_specific_survey":0,"_uf_disable_surveys":false},"product_brand":[],"product_cat":[36613,36586],"product_tag":[],"class_list":{"0":"post-137735","1":"product","2":"type-product","3":"status-publish","4":"has-post-thumbnail","6":"product_cat-fr-champagne","7":"product_cat-vins-francais","8":"pa_alcohol-degree-12-fr","9":"pa_awards-bettane-et-desseauve-fr","10":"pa_awards-jancis-robinson-fr","11":"pa_awards-the-wine-advocate-fr","12":"pa_awards-wine-spectator-fr","13":"pa_classification-aop-champagne-fr","14":"pa_color-mousseux-fr","15":"pa_country-france-fr","16":"pa_grape-variety-chardonnay-fr","17":"pa_grape-variety-pinot-meunier-fr","18":"pa_grape-variety-pinot-noir-fr","19":"pa_package-1x1-fr","20":"pa_package-1x6-fr","21":"pa_region-champagne-fr","22":"pa_volume-150-cl-fr","23":"pa_volume-75-cl-fr","25":"first","26":"instock","27":"taxable","28":"shipping-taxable","29":"purchasable","30":"product-type-variable"},"bundled_by":[],"bundle_stock_status":"instock","bundle_stock_quantity":null,"bundle_virtual":false,"bundle_layout":"","bundle_add_to_cart_form_location":"","bundle_editable_in_cart":false,"bundle_sold_individually_context":"","bundle_item_grouping":"","bundle_min_size":"","bundle_max_size":"","bundle_price":[],"bundled_items":[],"bundle_sell_ids":[],"yoast_head":"<!-- This site is optimized with the Yoast SEO plugin v27.4 - https:\/\/yoast.com\/product\/yoast-seo-wordpress\/ -->\n<title>Acheter Pol Roger Champagne Pure Extra Brut - IVINIO Caviste<\/title>\n<meta name=\"description\" content=\"Champagne Pol Roger Pure Extra Brut. Le nez pr\u00e9sente des notes de clous de girofle et de fleurs de rose, qui \u00e9voluent vers des nuances de brioche, de levure et d&#039;agrumes.\" \/>\n<meta name=\"robots\" content=\"index, follow, max-snippet:-1, max-image-preview:large, max-video-preview:-1\" \/>\n<link rel=\"canonical\" href=\"https:\/\/www.ivinio.com\/fr\/produit\/pol-roger-champagne-pure-extra-brut-mousseux\/\" \/>\n<meta property=\"og:locale\" content=\"fr_FR\" \/>\n<meta property=\"og:type\" content=\"article\" \/>\n<meta property=\"og:title\" content=\"Acheter Pol Roger Champagne Pure Extra Brut - IVINIO Caviste\" \/>\n<meta property=\"og:description\" content=\"Champagne Pol Roger Pure Extra Brut. Le nez pr\u00e9sente des notes de clous de girofle et de fleurs de rose, qui \u00e9voluent vers des nuances de brioche, de levure et d&#039;agrumes.\" \/>\n<meta property=\"og:url\" content=\"https:\/\/www.ivinio.com\/fr\/produit\/pol-roger-champagne-pure-extra-brut-mousseux\/\" \/>\n<meta property=\"og:site_name\" content=\"IVINIO Caviste\" \/>\n<meta property=\"article:publisher\" content=\"https:\/\/www.facebook.com\/groups\/165217837022391\/?ref=bookmarks\" \/>\n<meta property=\"article:modified_time\" content=\"2025-07-01T16:28:34+00:00\" \/>\n<meta property=\"og:image\" content=\"https:\/\/www.ivinio.com\/wp-content\/uploads\/2025\/05\/Champagne-Pol-roger-Pure-Extra-Brut-IVINIO.jpg\" \/>\n\t<meta property=\"og:image:width\" content=\"500\" \/>\n\t<meta property=\"og:image:height\" content=\"500\" \/>\n\t<meta property=\"og:image:type\" content=\"image\/jpeg\" \/>\n<meta name=\"twitter:card\" content=\"summary_large_image\" \/>\n<meta name=\"twitter:label1\" content=\"Dur\u00e9e de lecture estim\u00e9e\" \/>\n\t<meta name=\"twitter:data1\" content=\"2 minutes\" \/>\n<script type=\"application\/ld+json\" class=\"yoast-schema-graph\">{\"@context\":\"https:\\\/\\\/schema.org\",\"@graph\":[{\"@type\":\"WebPage\",\"@id\":\"https:\\\/\\\/www.ivinio.com\\\/fr\\\/produit\\\/pol-roger-champagne-pure-extra-brut-mousseux\\\/\",\"url\":\"https:\\\/\\\/www.ivinio.com\\\/fr\\\/produit\\\/pol-roger-champagne-pure-extra-brut-mousseux\\\/\",\"name\":\"Acheter Pol Roger Champagne Pure Extra Brut - IVINIO Caviste\",\"isPartOf\":{\"@id\":\"https:\\\/\\\/www.ivinio.com\\\/fr\\\/#website\"},\"primaryImageOfPage\":{\"@id\":\"https:\\\/\\\/www.ivinio.com\\\/fr\\\/produit\\\/pol-roger-champagne-pure-extra-brut-mousseux\\\/#primaryimage\"},\"image\":{\"@id\":\"https:\\\/\\\/www.ivinio.com\\\/fr\\\/produit\\\/pol-roger-champagne-pure-extra-brut-mousseux\\\/#primaryimage\"},\"thumbnailUrl\":\"https:\\\/\\\/www.ivinio.com\\\/wp-content\\\/uploads\\\/2025\\\/05\\\/Champagne-Pol-roger-Pure-Extra-Brut-IVINIO.jpg\",\"datePublished\":\"2025-05-24T09:47:46+00:00\",\"dateModified\":\"2025-07-01T16:28:34+00:00\",\"description\":\"Champagne Pol Roger Pure Extra Brut. Le nez pr\u00e9sente des notes de clous de girofle et de fleurs de rose, qui \u00e9voluent vers des nuances de brioche, de levure et d'agrumes.\",\"breadcrumb\":{\"@id\":\"https:\\\/\\\/www.ivinio.com\\\/fr\\\/produit\\\/pol-roger-champagne-pure-extra-brut-mousseux\\\/#breadcrumb\"},\"inLanguage\":\"fr-FR\",\"potentialAction\":[{\"@type\":\"ReadAction\",\"target\":[\"https:\\\/\\\/www.ivinio.com\\\/fr\\\/produit\\\/pol-roger-champagne-pure-extra-brut-mousseux\\\/\"]}]},{\"@type\":\"ImageObject\",\"inLanguage\":\"fr-FR\",\"@id\":\"https:\\\/\\\/www.ivinio.com\\\/fr\\\/produit\\\/pol-roger-champagne-pure-extra-brut-mousseux\\\/#primaryimage\",\"url\":\"https:\\\/\\\/www.ivinio.com\\\/wp-content\\\/uploads\\\/2025\\\/05\\\/Champagne-Pol-roger-Pure-Extra-Brut-IVINIO.jpg\",\"contentUrl\":\"https:\\\/\\\/www.ivinio.com\\\/wp-content\\\/uploads\\\/2025\\\/05\\\/Champagne-Pol-roger-Pure-Extra-Brut-IVINIO.jpg\",\"width\":500,\"height\":500},{\"@type\":\"BreadcrumbList\",\"@id\":\"https:\\\/\\\/www.ivinio.com\\\/fr\\\/produit\\\/pol-roger-champagne-pure-extra-brut-mousseux\\\/#breadcrumb\",\"itemListElement\":[{\"@type\":\"ListItem\",\"position\":1,\"name\":\"Home\",\"item\":\"https:\\\/\\\/www.ivinio.com\\\/fr\\\/\"},{\"@type\":\"ListItem\",\"position\":2,\"name\":\"Boutique de vin\",\"item\":\"https:\\\/\\\/www.ivinio.com\\\/fr\\\/boutique-de-vin\\\/\"},{\"@type\":\"ListItem\",\"position\":3,\"name\":\"Pol Roger Champagne Pure Extra Brut &#8211; Mousseux\"}]},{\"@type\":\"WebSite\",\"@id\":\"https:\\\/\\\/www.ivinio.com\\\/fr\\\/#website\",\"url\":\"https:\\\/\\\/www.ivinio.com\\\/fr\\\/\",\"name\":\"IVINIO Caviste\",\"description\":\"Vins de France et d&#039;Italie avec livraison \u00e0 domicile\",\"publisher\":{\"@id\":\"https:\\\/\\\/www.ivinio.com\\\/fr\\\/#organization\"},\"potentialAction\":[{\"@type\":\"SearchAction\",\"target\":{\"@type\":\"EntryPoint\",\"urlTemplate\":\"https:\\\/\\\/www.ivinio.com\\\/fr\\\/?s={search_term_string}\"},\"query-input\":{\"@type\":\"PropertyValueSpecification\",\"valueRequired\":true,\"valueName\":\"search_term_string\"}}],\"inLanguage\":\"fr-FR\"},{\"@type\":\"Organization\",\"@id\":\"https:\\\/\\\/www.ivinio.com\\\/fr\\\/#organization\",\"name\":\"IVINIO\",\"url\":\"https:\\\/\\\/www.ivinio.com\\\/fr\\\/\",\"logo\":{\"@type\":\"ImageObject\",\"inLanguage\":\"fr-FR\",\"@id\":\"https:\\\/\\\/www.ivinio.com\\\/fr\\\/#\\\/schema\\\/logo\\\/image\\\/\",\"url\":\"https:\\\/\\\/www.ivinio.com\\\/wp-content\\\/uploads\\\/2021\\\/01\\\/Logo-Ivinio-v2.jpg\",\"contentUrl\":\"https:\\\/\\\/www.ivinio.com\\\/wp-content\\\/uploads\\\/2021\\\/01\\\/Logo-Ivinio-v2.jpg\",\"width\":1194,\"height\":1194,\"caption\":\"IVINIO\"},\"image\":{\"@id\":\"https:\\\/\\\/www.ivinio.com\\\/fr\\\/#\\\/schema\\\/logo\\\/image\\\/\"},\"sameAs\":[\"https:\\\/\\\/www.facebook.com\\\/groups\\\/165217837022391\\\/?ref=bookmarks\",\"https:\\\/\\\/www.instagram.com\\\/_ivinio_\\\/?hl=fr\"]}]}<\/script>\n<!-- \/ Yoast SEO plugin. -->","yoast_head_json":{"title":"Acheter Pol Roger Champagne Pure Extra Brut - IVINIO Caviste","description":"Champagne Pol Roger Pure Extra Brut. Le nez pr\u00e9sente des notes de clous de girofle et de fleurs de rose, qui \u00e9voluent vers des nuances de brioche, de levure et d'agrumes.","robots":{"index":"index","follow":"follow","max-snippet":"max-snippet:-1","max-image-preview":"max-image-preview:large","max-video-preview":"max-video-preview:-1"},"canonical":"https:\/\/www.ivinio.com\/fr\/produit\/pol-roger-champagne-pure-extra-brut-mousseux\/","og_locale":"fr_FR","og_type":"article","og_title":"Acheter Pol Roger Champagne Pure Extra Brut - IVINIO Caviste","og_description":"Champagne Pol Roger Pure Extra Brut. Le nez pr\u00e9sente des notes de clous de girofle et de fleurs de rose, qui \u00e9voluent vers des nuances de brioche, de levure et d'agrumes.","og_url":"https:\/\/www.ivinio.com\/fr\/produit\/pol-roger-champagne-pure-extra-brut-mousseux\/","og_site_name":"IVINIO Caviste","article_publisher":"https:\/\/www.facebook.com\/groups\/165217837022391\/?ref=bookmarks","article_modified_time":"2025-07-01T16:28:34+00:00","og_image":[{"width":500,"height":500,"url":"https:\/\/www.ivinio.com\/wp-content\/uploads\/2025\/05\/Champagne-Pol-roger-Pure-Extra-Brut-IVINIO.jpg","type":"image\/jpeg"}],"twitter_card":"summary_large_image","twitter_misc":{"Dur\u00e9e de lecture estim\u00e9e":"2 minutes"},"schema":{"@context":"https:\/\/schema.org","@graph":[{"@type":"WebPage","@id":"https:\/\/www.ivinio.com\/fr\/produit\/pol-roger-champagne-pure-extra-brut-mousseux\/","url":"https:\/\/www.ivinio.com\/fr\/produit\/pol-roger-champagne-pure-extra-brut-mousseux\/","name":"Acheter Pol Roger Champagne Pure Extra Brut - IVINIO Caviste","isPartOf":{"@id":"https:\/\/www.ivinio.com\/fr\/#website"},"primaryImageOfPage":{"@id":"https:\/\/www.ivinio.com\/fr\/produit\/pol-roger-champagne-pure-extra-brut-mousseux\/#primaryimage"},"image":{"@id":"https:\/\/www.ivinio.com\/fr\/produit\/pol-roger-champagne-pure-extra-brut-mousseux\/#primaryimage"},"thumbnailUrl":"https:\/\/www.ivinio.com\/wp-content\/uploads\/2025\/05\/Champagne-Pol-roger-Pure-Extra-Brut-IVINIO.jpg","datePublished":"2025-05-24T09:47:46+00:00","dateModified":"2025-07-01T16:28:34+00:00","description":"Champagne Pol Roger Pure Extra Brut. Le nez pr\u00e9sente des notes de clous de girofle et de fleurs de rose, qui \u00e9voluent vers des nuances de brioche, de levure et d'agrumes.","breadcrumb":{"@id":"https:\/\/www.ivinio.com\/fr\/produit\/pol-roger-champagne-pure-extra-brut-mousseux\/#breadcrumb"},"inLanguage":"fr-FR","potentialAction":[{"@type":"ReadAction","target":["https:\/\/www.ivinio.com\/fr\/produit\/pol-roger-champagne-pure-extra-brut-mousseux\/"]}]},{"@type":"ImageObject","inLanguage":"fr-FR","@id":"https:\/\/www.ivinio.com\/fr\/produit\/pol-roger-champagne-pure-extra-brut-mousseux\/#primaryimage","url":"https:\/\/www.ivinio.com\/wp-content\/uploads\/2025\/05\/Champagne-Pol-roger-Pure-Extra-Brut-IVINIO.jpg","contentUrl":"https:\/\/www.ivinio.com\/wp-content\/uploads\/2025\/05\/Champagne-Pol-roger-Pure-Extra-Brut-IVINIO.jpg","width":500,"height":500},{"@type":"BreadcrumbList","@id":"https:\/\/www.ivinio.com\/fr\/produit\/pol-roger-champagne-pure-extra-brut-mousseux\/#breadcrumb","itemListElement":[{"@type":"ListItem","position":1,"name":"Home","item":"https:\/\/www.ivinio.com\/fr\/"},{"@type":"ListItem","position":2,"name":"Boutique de vin","item":"https:\/\/www.ivinio.com\/fr\/boutique-de-vin\/"},{"@type":"ListItem","position":3,"name":"Pol Roger Champagne Pure Extra Brut &#8211; Mousseux"}]},{"@type":"WebSite","@id":"https:\/\/www.ivinio.com\/fr\/#website","url":"https:\/\/www.ivinio.com\/fr\/","name":"IVINIO Caviste","description":"Vins de France et d&#039;Italie avec livraison \u00e0 domicile","publisher":{"@id":"https:\/\/www.ivinio.com\/fr\/#organization"},"potentialAction":[{"@type":"SearchAction","target":{"@type":"EntryPoint","urlTemplate":"https:\/\/www.ivinio.com\/fr\/?s={search_term_string}"},"query-input":{"@type":"PropertyValueSpecification","valueRequired":true,"valueName":"search_term_string"}}],"inLanguage":"fr-FR"},{"@type":"Organization","@id":"https:\/\/www.ivinio.com\/fr\/#organization","name":"IVINIO","url":"https:\/\/www.ivinio.com\/fr\/","logo":{"@type":"ImageObject","inLanguage":"fr-FR","@id":"https:\/\/www.ivinio.com\/fr\/#\/schema\/logo\/image\/","url":"https:\/\/www.ivinio.com\/wp-content\/uploads\/2021\/01\/Logo-Ivinio-v2.jpg","contentUrl":"https:\/\/www.ivinio.com\/wp-content\/uploads\/2021\/01\/Logo-Ivinio-v2.jpg","width":1194,"height":1194,"caption":"IVINIO"},"image":{"@id":"https:\/\/www.ivinio.com\/fr\/#\/schema\/logo\/image\/"},"sameAs":["https:\/\/www.facebook.com\/groups\/165217837022391\/?ref=bookmarks","https:\/\/www.instagram.com\/_ivinio_\/?hl=fr"]}]}},"jetpack_sharing_enabled":true,"_links":{"self":[{"href":"https:\/\/www.ivinio.com\/fr\/wp-json\/wp\/v2\/product\/137735","targetHints":{"allow":["GET"]}}],"collection":[{"href":"https:\/\/www.ivinio.com\/fr\/wp-json\/wp\/v2\/product"}],"about":[{"href":"https:\/\/www.ivinio.com\/fr\/wp-json\/wp\/v2\/types\/product"}],"replies":[{"embeddable":true,"href":"https:\/\/www.ivinio.com\/fr\/wp-json\/wp\/v2\/comments?post=137735"}],"wp:featuredmedia":[{"embeddable":true,"href":"https:\/\/www.ivinio.com\/fr\/wp-json\/wp\/v2\/media\/138240"}],"wp:attachment":[{"href":"https:\/\/www.ivinio.com\/fr\/wp-json\/wp\/v2\/media?parent=137735"}],"wp:term":[{"taxonomy":"product_brand","embeddable":true,"href":"https:\/\/www.ivinio.com\/fr\/wp-json\/wp\/v2\/product_brand?post=137735"},{"taxonomy":"product_cat","embeddable":true,"href":"https:\/\/www.ivinio.com\/fr\/wp-json\/wp\/v2\/product_cat?post=137735"},{"taxonomy":"product_tag","embeddable":true,"href":"https:\/\/www.ivinio.com\/fr\/wp-json\/wp\/v2\/product_tag?post=137735"}],"curies":[{"name":"wp","href":"https:\/\/api.w.org\/{rel}","templated":true}]}}