{"id":137577,"date":"2025-05-02T18:40:32","date_gmt":"2025-05-02T16:40:32","guid":{"rendered":"https:\/\/www.ivinio.com\/?post_type=product&#038;p=137577"},"modified":"2025-05-02T19:31:58","modified_gmt":"2025-05-02T17:31:58","slug":"chateau-du-rouet-villa-esterelle-rose-kopia","status":"publish","type":"product","link":"https:\/\/www.ivinio.com\/fr\/produit\/chateau-du-rouet-villa-esterelle-rose-kopia\/","title":{"rendered":"Ch\u00e2teau du Rou\u00ebt &#8211; Belle Poule &#8211; Ros\u00e9"},"content":{"rendered":"<p>Ch\u00e2teau du Rou\u00ebt &#8211; Belle Poule &#8211; Ros\u00e9vin est un vin ros\u00e9 \u00e9quilibr\u00e9 et bien fait, \u00e9labor\u00e9 \u00e0 partir de 30% de Grenache, 40% de Syrah et 30% de Tibourenc. Les vendanges sont faites manuellement et les raisins sont laiss\u00e9s mac\u00e9rer \u00e0 froid. Le vin est \u00e9labor\u00e9 selon la technique de la saign\u00e9e, premier jus du mo\u00fbt. Rendement de 36 hl\/hectare et au total 30 000 bouteilles\/an.<\/p>\n<p>&nbsp;<\/p>\n<p>&nbsp;<\/p>\n","protected":false},"excerpt":{"rendered":"<p>Belle Poule est la gamme exclusive du Ch\u00e2teau du Rou\u00ebt.<\/p>\n","protected":false},"featured_media":133776,"comment_status":"open","ping_status":"closed","template":"","meta":{"_monsterinsights_skip_tracking":false,"_monsterinsights_sitenote_active":false,"_monsterinsights_sitenote_note":"","_monsterinsights_sitenote_category":0,"_uf_show_specific_survey":0,"_uf_disable_surveys":false},"product_brand":[],"product_cat":[36622,36586],"product_tag":[],"class_list":{"0":"post-137577","1":"product","2":"type-product","3":"status-publish","4":"has-post-thumbnail","6":"product_cat-fr-provence","7":"product_cat-vins-francais","8":"pa_alcohol-degree-40057","9":"pa_classification-aop-cotes-de-provence-fr","10":"pa_color-rose-fr","11":"pa_country-france-fr","12":"pa_grape-variety-carignan-fr","13":"pa_grape-variety-cinsault-fr","14":"pa_grape-variety-grenache-fr","15":"pa_grape-variety-tibouren-fr","16":"pa_package-1x1-fr","17":"pa_package-1x6-fr","18":"pa_region-provence-fr","19":"pa_storage-potential-2-ans-fr","20":"pa_volume-150-cl-fr","21":"pa_volume-75-cl-fr","23":"first","24":"instock","25":"taxable","26":"shipping-taxable","27":"purchasable","28":"product-type-variable"},"bundled_by":[],"bundle_stock_status":"instock","bundle_stock_quantity":null,"bundle_virtual":false,"bundle_layout":"","bundle_add_to_cart_form_location":"","bundle_editable_in_cart":false,"bundle_sold_individually_context":"","bundle_item_grouping":"","bundle_min_size":"","bundle_max_size":"","bundle_price":[],"bundled_items":[],"bundle_sell_ids":[],"yoast_head":"<!-- This site is optimized with the Yoast SEO plugin v27.5 - https:\/\/yoast.com\/product\/yoast-seo-wordpress\/ -->\n<title>Acheter Ch\u00e2teau du Rou\u00ebt- Belle Poule - Ros\u00e9 - IVINIO Caviste<\/title>\n<meta name=\"description\" content=\"Acheter Ch\u00e2teau du Rou\u00ebt - Belle Poule - Vin ros\u00e9. Ar\u00f4mes de petits fruits rouges et de fruits noirs confits. Le palais confirme l&#039;ar\u00f4me, avec une touche suppl\u00e9mentaire d&#039;agrumes.\" \/>\n<meta name=\"robots\" content=\"index, follow, max-snippet:-1, max-image-preview:large, max-video-preview:-1\" \/>\n<link rel=\"canonical\" href=\"https:\/\/www.ivinio.com\/fr\/produit\/chateau-du-rouet-villa-esterelle-rose-kopia\/\" \/>\n<meta property=\"og:locale\" content=\"fr_FR\" \/>\n<meta property=\"og:type\" content=\"article\" \/>\n<meta property=\"og:title\" content=\"Acheter Ch\u00e2teau du Rou\u00ebt- Belle Poule - Ros\u00e9 - IVINIO Caviste\" \/>\n<meta property=\"og:description\" content=\"Acheter Ch\u00e2teau du Rou\u00ebt - Belle Poule - Vin ros\u00e9. Ar\u00f4mes de petits fruits rouges et de fruits noirs confits. Le palais confirme l&#039;ar\u00f4me, avec une touche suppl\u00e9mentaire d&#039;agrumes.\" \/>\n<meta property=\"og:url\" content=\"https:\/\/www.ivinio.com\/fr\/produit\/chateau-du-rouet-villa-esterelle-rose-kopia\/\" \/>\n<meta property=\"og:site_name\" content=\"IVINIO Caviste\" \/>\n<meta property=\"article:publisher\" content=\"https:\/\/www.facebook.com\/groups\/165217837022391\/?ref=bookmarks\" \/>\n<meta property=\"article:modified_time\" content=\"2025-05-02T17:31:58+00:00\" \/>\n<meta property=\"og:image\" content=\"https:\/\/www.ivinio.com\/wp-content\/uploads\/2014\/06\/Chateau-du-rouet-Villa-esterelle-IVINIO.jpg\" \/>\n\t<meta property=\"og:image:width\" content=\"500\" \/>\n\t<meta property=\"og:image:height\" content=\"500\" \/>\n\t<meta property=\"og:image:type\" content=\"image\/jpeg\" \/>\n<meta name=\"twitter:card\" content=\"summary_large_image\" \/>\n<meta name=\"twitter:label1\" content=\"Dur\u00e9e de lecture estim\u00e9e\" \/>\n\t<meta name=\"twitter:data1\" content=\"1 minute\" \/>\n<script type=\"application\/ld+json\" class=\"yoast-schema-graph\">{\"@context\":\"https:\\\/\\\/schema.org\",\"@graph\":[{\"@type\":\"WebPage\",\"@id\":\"https:\\\/\\\/www.ivinio.com\\\/fr\\\/produit\\\/chateau-du-rouet-villa-esterelle-rose-kopia\\\/\",\"url\":\"https:\\\/\\\/www.ivinio.com\\\/fr\\\/produit\\\/chateau-du-rouet-villa-esterelle-rose-kopia\\\/\",\"name\":\"Acheter Ch\u00e2teau du Rou\u00ebt- Belle Poule - Ros\u00e9 - IVINIO Caviste\",\"isPartOf\":{\"@id\":\"https:\\\/\\\/www.ivinio.com\\\/fr\\\/#website\"},\"primaryImageOfPage\":{\"@id\":\"https:\\\/\\\/www.ivinio.com\\\/fr\\\/produit\\\/chateau-du-rouet-villa-esterelle-rose-kopia\\\/#primaryimage\"},\"image\":{\"@id\":\"https:\\\/\\\/www.ivinio.com\\\/fr\\\/produit\\\/chateau-du-rouet-villa-esterelle-rose-kopia\\\/#primaryimage\"},\"thumbnailUrl\":\"https:\\\/\\\/www.ivinio.com\\\/wp-content\\\/uploads\\\/2014\\\/06\\\/Chateau-du-rouet-Villa-esterelle-IVINIO.jpg\",\"datePublished\":\"2025-05-02T16:40:32+00:00\",\"dateModified\":\"2025-05-02T17:31:58+00:00\",\"description\":\"Acheter Ch\u00e2teau du Rou\u00ebt - Belle Poule - Vin ros\u00e9. Ar\u00f4mes de petits fruits rouges et de fruits noirs confits. Le palais confirme l'ar\u00f4me, avec une touche suppl\u00e9mentaire d'agrumes.\",\"breadcrumb\":{\"@id\":\"https:\\\/\\\/www.ivinio.com\\\/fr\\\/produit\\\/chateau-du-rouet-villa-esterelle-rose-kopia\\\/#breadcrumb\"},\"inLanguage\":\"fr-FR\",\"potentialAction\":[{\"@type\":\"ReadAction\",\"target\":[\"https:\\\/\\\/www.ivinio.com\\\/fr\\\/produit\\\/chateau-du-rouet-villa-esterelle-rose-kopia\\\/\"]}]},{\"@type\":\"ImageObject\",\"inLanguage\":\"fr-FR\",\"@id\":\"https:\\\/\\\/www.ivinio.com\\\/fr\\\/produit\\\/chateau-du-rouet-villa-esterelle-rose-kopia\\\/#primaryimage\",\"url\":\"https:\\\/\\\/www.ivinio.com\\\/wp-content\\\/uploads\\\/2014\\\/06\\\/Chateau-du-rouet-Villa-esterelle-IVINIO.jpg\",\"contentUrl\":\"https:\\\/\\\/www.ivinio.com\\\/wp-content\\\/uploads\\\/2014\\\/06\\\/Chateau-du-rouet-Villa-esterelle-IVINIO.jpg\",\"width\":500,\"height\":500},{\"@type\":\"BreadcrumbList\",\"@id\":\"https:\\\/\\\/www.ivinio.com\\\/fr\\\/produit\\\/chateau-du-rouet-villa-esterelle-rose-kopia\\\/#breadcrumb\",\"itemListElement\":[{\"@type\":\"ListItem\",\"position\":1,\"name\":\"Home\",\"item\":\"https:\\\/\\\/www.ivinio.com\\\/fr\\\/\"},{\"@type\":\"ListItem\",\"position\":2,\"name\":\"Boutique de vin\",\"item\":\"https:\\\/\\\/www.ivinio.com\\\/fr\\\/boutique-de-vin\\\/\"},{\"@type\":\"ListItem\",\"position\":3,\"name\":\"Ch\u00e2teau du Rou\u00ebt &#8211; Belle Poule &#8211; Ros\u00e9\"}]},{\"@type\":\"WebSite\",\"@id\":\"https:\\\/\\\/www.ivinio.com\\\/fr\\\/#website\",\"url\":\"https:\\\/\\\/www.ivinio.com\\\/fr\\\/\",\"name\":\"IVINIO Caviste\",\"description\":\"Vins de France et d&#039;Italie avec livraison \u00e0 domicile\",\"publisher\":{\"@id\":\"https:\\\/\\\/www.ivinio.com\\\/fr\\\/#organization\"},\"potentialAction\":[{\"@type\":\"SearchAction\",\"target\":{\"@type\":\"EntryPoint\",\"urlTemplate\":\"https:\\\/\\\/www.ivinio.com\\\/fr\\\/?s={search_term_string}\"},\"query-input\":{\"@type\":\"PropertyValueSpecification\",\"valueRequired\":true,\"valueName\":\"search_term_string\"}}],\"inLanguage\":\"fr-FR\"},{\"@type\":\"Organization\",\"@id\":\"https:\\\/\\\/www.ivinio.com\\\/fr\\\/#organization\",\"name\":\"IVINIO\",\"url\":\"https:\\\/\\\/www.ivinio.com\\\/fr\\\/\",\"logo\":{\"@type\":\"ImageObject\",\"inLanguage\":\"fr-FR\",\"@id\":\"https:\\\/\\\/www.ivinio.com\\\/fr\\\/#\\\/schema\\\/logo\\\/image\\\/\",\"url\":\"https:\\\/\\\/www.ivinio.com\\\/wp-content\\\/uploads\\\/2021\\\/01\\\/Logo-Ivinio-v2.jpg\",\"contentUrl\":\"https:\\\/\\\/www.ivinio.com\\\/wp-content\\\/uploads\\\/2021\\\/01\\\/Logo-Ivinio-v2.jpg\",\"width\":1194,\"height\":1194,\"caption\":\"IVINIO\"},\"image\":{\"@id\":\"https:\\\/\\\/www.ivinio.com\\\/fr\\\/#\\\/schema\\\/logo\\\/image\\\/\"},\"sameAs\":[\"https:\\\/\\\/www.facebook.com\\\/groups\\\/165217837022391\\\/?ref=bookmarks\",\"https:\\\/\\\/www.instagram.com\\\/_ivinio_\\\/?hl=fr\"]}]}<\/script>\n<!-- \/ Yoast SEO plugin. -->","yoast_head_json":{"title":"Acheter Ch\u00e2teau du Rou\u00ebt- Belle Poule - Ros\u00e9 - IVINIO Caviste","description":"Acheter Ch\u00e2teau du Rou\u00ebt - Belle Poule - Vin ros\u00e9. Ar\u00f4mes de petits fruits rouges et de fruits noirs confits. Le palais confirme l'ar\u00f4me, avec une touche suppl\u00e9mentaire d'agrumes.","robots":{"index":"index","follow":"follow","max-snippet":"max-snippet:-1","max-image-preview":"max-image-preview:large","max-video-preview":"max-video-preview:-1"},"canonical":"https:\/\/www.ivinio.com\/fr\/produit\/chateau-du-rouet-villa-esterelle-rose-kopia\/","og_locale":"fr_FR","og_type":"article","og_title":"Acheter Ch\u00e2teau du Rou\u00ebt- Belle Poule - Ros\u00e9 - IVINIO Caviste","og_description":"Acheter Ch\u00e2teau du Rou\u00ebt - Belle Poule - Vin ros\u00e9. Ar\u00f4mes de petits fruits rouges et de fruits noirs confits. Le palais confirme l'ar\u00f4me, avec une touche suppl\u00e9mentaire d'agrumes.","og_url":"https:\/\/www.ivinio.com\/fr\/produit\/chateau-du-rouet-villa-esterelle-rose-kopia\/","og_site_name":"IVINIO Caviste","article_publisher":"https:\/\/www.facebook.com\/groups\/165217837022391\/?ref=bookmarks","article_modified_time":"2025-05-02T17:31:58+00:00","og_image":[{"width":500,"height":500,"url":"https:\/\/www.ivinio.com\/wp-content\/uploads\/2014\/06\/Chateau-du-rouet-Villa-esterelle-IVINIO.jpg","type":"image\/jpeg"}],"twitter_card":"summary_large_image","twitter_misc":{"Dur\u00e9e de lecture estim\u00e9e":"1 minute"},"schema":{"@context":"https:\/\/schema.org","@graph":[{"@type":"WebPage","@id":"https:\/\/www.ivinio.com\/fr\/produit\/chateau-du-rouet-villa-esterelle-rose-kopia\/","url":"https:\/\/www.ivinio.com\/fr\/produit\/chateau-du-rouet-villa-esterelle-rose-kopia\/","name":"Acheter Ch\u00e2teau du Rou\u00ebt- Belle Poule - Ros\u00e9 - IVINIO Caviste","isPartOf":{"@id":"https:\/\/www.ivinio.com\/fr\/#website"},"primaryImageOfPage":{"@id":"https:\/\/www.ivinio.com\/fr\/produit\/chateau-du-rouet-villa-esterelle-rose-kopia\/#primaryimage"},"image":{"@id":"https:\/\/www.ivinio.com\/fr\/produit\/chateau-du-rouet-villa-esterelle-rose-kopia\/#primaryimage"},"thumbnailUrl":"https:\/\/www.ivinio.com\/wp-content\/uploads\/2014\/06\/Chateau-du-rouet-Villa-esterelle-IVINIO.jpg","datePublished":"2025-05-02T16:40:32+00:00","dateModified":"2025-05-02T17:31:58+00:00","description":"Acheter Ch\u00e2teau du Rou\u00ebt - Belle Poule - Vin ros\u00e9. Ar\u00f4mes de petits fruits rouges et de fruits noirs confits. Le palais confirme l'ar\u00f4me, avec une touche suppl\u00e9mentaire d'agrumes.","breadcrumb":{"@id":"https:\/\/www.ivinio.com\/fr\/produit\/chateau-du-rouet-villa-esterelle-rose-kopia\/#breadcrumb"},"inLanguage":"fr-FR","potentialAction":[{"@type":"ReadAction","target":["https:\/\/www.ivinio.com\/fr\/produit\/chateau-du-rouet-villa-esterelle-rose-kopia\/"]}]},{"@type":"ImageObject","inLanguage":"fr-FR","@id":"https:\/\/www.ivinio.com\/fr\/produit\/chateau-du-rouet-villa-esterelle-rose-kopia\/#primaryimage","url":"https:\/\/www.ivinio.com\/wp-content\/uploads\/2014\/06\/Chateau-du-rouet-Villa-esterelle-IVINIO.jpg","contentUrl":"https:\/\/www.ivinio.com\/wp-content\/uploads\/2014\/06\/Chateau-du-rouet-Villa-esterelle-IVINIO.jpg","width":500,"height":500},{"@type":"BreadcrumbList","@id":"https:\/\/www.ivinio.com\/fr\/produit\/chateau-du-rouet-villa-esterelle-rose-kopia\/#breadcrumb","itemListElement":[{"@type":"ListItem","position":1,"name":"Home","item":"https:\/\/www.ivinio.com\/fr\/"},{"@type":"ListItem","position":2,"name":"Boutique de vin","item":"https:\/\/www.ivinio.com\/fr\/boutique-de-vin\/"},{"@type":"ListItem","position":3,"name":"Ch\u00e2teau du Rou\u00ebt &#8211; Belle Poule &#8211; Ros\u00e9"}]},{"@type":"WebSite","@id":"https:\/\/www.ivinio.com\/fr\/#website","url":"https:\/\/www.ivinio.com\/fr\/","name":"IVINIO Caviste","description":"Vins de France et d&#039;Italie avec livraison \u00e0 domicile","publisher":{"@id":"https:\/\/www.ivinio.com\/fr\/#organization"},"potentialAction":[{"@type":"SearchAction","target":{"@type":"EntryPoint","urlTemplate":"https:\/\/www.ivinio.com\/fr\/?s={search_term_string}"},"query-input":{"@type":"PropertyValueSpecification","valueRequired":true,"valueName":"search_term_string"}}],"inLanguage":"fr-FR"},{"@type":"Organization","@id":"https:\/\/www.ivinio.com\/fr\/#organization","name":"IVINIO","url":"https:\/\/www.ivinio.com\/fr\/","logo":{"@type":"ImageObject","inLanguage":"fr-FR","@id":"https:\/\/www.ivinio.com\/fr\/#\/schema\/logo\/image\/","url":"https:\/\/www.ivinio.com\/wp-content\/uploads\/2021\/01\/Logo-Ivinio-v2.jpg","contentUrl":"https:\/\/www.ivinio.com\/wp-content\/uploads\/2021\/01\/Logo-Ivinio-v2.jpg","width":1194,"height":1194,"caption":"IVINIO"},"image":{"@id":"https:\/\/www.ivinio.com\/fr\/#\/schema\/logo\/image\/"},"sameAs":["https:\/\/www.facebook.com\/groups\/165217837022391\/?ref=bookmarks","https:\/\/www.instagram.com\/_ivinio_\/?hl=fr"]}]}},"jetpack_sharing_enabled":true,"_links":{"self":[{"href":"https:\/\/www.ivinio.com\/fr\/wp-json\/wp\/v2\/product\/137577","targetHints":{"allow":["GET"]}}],"collection":[{"href":"https:\/\/www.ivinio.com\/fr\/wp-json\/wp\/v2\/product"}],"about":[{"href":"https:\/\/www.ivinio.com\/fr\/wp-json\/wp\/v2\/types\/product"}],"replies":[{"embeddable":true,"href":"https:\/\/www.ivinio.com\/fr\/wp-json\/wp\/v2\/comments?post=137577"}],"wp:featuredmedia":[{"embeddable":true,"href":"https:\/\/www.ivinio.com\/fr\/wp-json\/wp\/v2\/media\/133776"}],"wp:attachment":[{"href":"https:\/\/www.ivinio.com\/fr\/wp-json\/wp\/v2\/media?parent=137577"}],"wp:term":[{"taxonomy":"product_brand","embeddable":true,"href":"https:\/\/www.ivinio.com\/fr\/wp-json\/wp\/v2\/product_brand?post=137577"},{"taxonomy":"product_cat","embeddable":true,"href":"https:\/\/www.ivinio.com\/fr\/wp-json\/wp\/v2\/product_cat?post=137577"},{"taxonomy":"product_tag","embeddable":true,"href":"https:\/\/www.ivinio.com\/fr\/wp-json\/wp\/v2\/product_tag?post=137577"}],"curies":[{"name":"wp","href":"https:\/\/api.w.org\/{rel}","templated":true}]}}