{"id":137507,"date":"2025-04-26T18:03:06","date_gmt":"2025-04-30T16:25:54","guid":{"rendered":"https:\/\/www.ivinio.com\/product\/carton-melange-de-vins-roses-provencaux-des-maitres-vignerons-de-st-tropez\/"},"modified":"2025-04-30T18:25:54","modified_gmt":"2025-04-30T16:25:54","slug":"carton-melange-de-vins-roses-provencaux-des-maitres-vignerons-de-st-tropez","status":"publish","type":"product","link":"https:\/\/www.ivinio.com\/fr\/produit\/carton-melange-de-vins-roses-provencaux-des-maitres-vignerons-de-st-tropez\/","title":{"rendered":"Carton m\u00e9lang\u00e9 de vins ros\u00e9s proven\u00e7aux des Ma\u00eetres vignerons de St-Tropez !"},"content":{"rendered":"<p>Ce coffret de vins mixtes contient 4 vins ros\u00e9s diff\u00e9rents de la gamme des Ma\u00eetres vignerons de Saint Tropez. Les vins ont un style proven\u00e7al, avec une couleur rose clair typique avec un style l\u00e9ger, sec et fruit\u00e9, parfait pour les repas et buffets plus l\u00e9gers du printemps et de l&#8217;\u00e9t\u00e9. Profitez du prix sp\u00e9cial que nous vous proposons actuellement !  <\/p>\n","protected":false},"excerpt":{"rendered":"<p>Carton m\u00e9lang\u00e9 de vins ros\u00e9s proven\u00e7aux des Ma\u00eetres vignerons de St-Tropez !<\/p>\n","protected":false},"featured_media":137453,"comment_status":"open","ping_status":"closed","template":"","meta":{"_monsterinsights_skip_tracking":false,"_monsterinsights_sitenote_active":false,"_monsterinsights_sitenote_note":"","_monsterinsights_sitenote_category":0,"_uf_show_specific_survey":0,"_uf_disable_surveys":false},"product_brand":[],"product_cat":[36643],"product_tag":[],"class_list":{"0":"post-137507","1":"product","2":"type-product","3":"status-publish","4":"has-post-thumbnail","6":"product_cat-ronde-des-vins","7":"pa_classification-aop-cotes-de-provence-fr","8":"pa_color-rose-fr","9":"pa_country-france-fr","10":"pa_grape-variety-carignan-fr","11":"pa_grape-variety-cinsault-fr","12":"pa_grape-variety-grenache-fr","13":"pa_grape-variety-rolle-aussi-appele-vermentino-fr","14":"pa_grape-variety-syrah-fr","15":"pa_grape-variety-tibouren-fr","16":"pa_region-provence-fr","17":"pa_storage-potential-quelques-annees-fr","19":"first","20":"instock","21":"sale","22":"virtual","23":"taxable","24":"purchasable","25":"product-type-bundle"},"bundled_by":[],"bundle_stock_status":"instock","bundle_stock_quantity":"","bundle_virtual":false,"bundle_layout":"grid","bundle_add_to_cart_form_location":"after_summary","bundle_editable_in_cart":false,"bundle_sold_individually_context":"product","bundle_item_grouping":"noindent","bundle_min_size":"","bundle_max_size":"","bundle_price":{"price":{"min":{"incl_tax":"47.5","excl_tax":"47.5"},"max":{"incl_tax":"47.5","excl_tax":"47.5"}},"regular_price":{"min":{"incl_tax":"62.8","excl_tax":"62.833333333"},"max":{"incl_tax":"62.8","excl_tax":"62.833333333"}}},"bundled_items":[{"bundled_item_id":9157,"product_id":137493,"menu_order":0,"quantity_min":3,"quantity_max":3,"quantity_default":3,"priced_individually":false,"shipped_individually":false,"override_title":false,"title":"Ma\u00eetres vignerons de la presqu&#8217;\u00eele de Saint-Tropez &#8211; Rose &#038; clair &#8211; Ros\u00e9","override_description":false,"description":"Ma\u00eetres vignerons de la presqu&#8217;\u00eele de Saint-Tropez &#8211; Rose &#038; clair &#8211; Ros\u00e9","optional":false,"hide_thumbnail":false,"discount":"","override_variations":false,"allowed_variations":[""],"override_default_variation_attributes":false,"default_variation_attributes":[],"single_product_visibility":"visible","cart_visibility":"visible","order_visibility":"visible","single_product_price_visibility":"visible","cart_price_visibility":"visible","order_price_visibility":"visible","stock_status":"in_stock"},{"bundled_item_id":9158,"product_id":137502,"menu_order":1,"quantity_min":1,"quantity_max":1,"quantity_default":1,"priced_individually":false,"shipped_individually":false,"override_title":false,"title":"Domaine Siouvette &#8211; L&#8217;Exception &#8211; Ros\u00e9","override_description":false,"description":"Domaine Siouvette &#8211; L&#8217;Exception &#8211; Ros\u00e9","optional":false,"hide_thumbnail":false,"discount":"","override_variations":false,"allowed_variations":[""],"override_default_variation_attributes":false,"default_variation_attributes":[],"single_product_visibility":"visible","cart_visibility":"visible","order_visibility":"visible","single_product_price_visibility":"visible","cart_price_visibility":"visible","order_price_visibility":"visible","stock_status":"in_stock"},{"bundled_item_id":9159,"product_id":137496,"menu_order":2,"quantity_min":1,"quantity_max":1,"quantity_default":1,"priced_individually":false,"shipped_individually":false,"override_title":false,"title":"Ch\u00e2teau Barrali\u00e8re &#8211; Ros\u00e9","override_description":false,"description":"Ch\u00e2teau Barrali\u00e8re &#8211; Ros\u00e9","optional":false,"hide_thumbnail":false,"discount":"","override_variations":false,"allowed_variations":[""],"override_default_variation_attributes":false,"default_variation_attributes":[],"single_product_visibility":"visible","cart_visibility":"visible","order_visibility":"visible","single_product_price_visibility":"visible","cart_price_visibility":"visible","order_price_visibility":"visible","stock_status":"in_stock"},{"bundled_item_id":9160,"product_id":137500,"menu_order":3,"quantity_min":1,"quantity_max":1,"quantity_default":1,"priced_individually":false,"shipped_individually":false,"override_title":false,"title":"Domaine de Carteyron &#8211; Malyse &#8211; Ros\u00e9","override_description":false,"description":"Domaine de Carteyron &#8211; Malyse &#8211; Ros\u00e9","optional":false,"hide_thumbnail":false,"discount":"","override_variations":false,"allowed_variations":[""],"override_default_variation_attributes":false,"default_variation_attributes":[],"single_product_visibility":"visible","cart_visibility":"visible","order_visibility":"visible","single_product_price_visibility":"visible","cart_price_visibility":"visible","order_price_visibility":"visible","stock_status":"in_stock"}],"bundle_sell_ids":[],"yoast_head":"<!-- This site is optimized with the Yoast SEO plugin v27.4 - https:\/\/yoast.com\/product\/yoast-seo-wordpress\/ -->\n<title>Carton m\u00e9lang\u00e9 de vins ros\u00e9s proven\u00e7aux des Ma\u00eetres vignerons de St-Tropez ! - IVINIO Caviste<\/title>\n<meta name=\"description\" content=\"Carton m\u00e9lang\u00e9 de vins ros\u00e9s proven\u00e7aux des Ma\u00eetres vignerons de St-Tropez !\" \/>\n<meta name=\"robots\" content=\"index, follow, max-snippet:-1, max-image-preview:large, max-video-preview:-1\" \/>\n<link rel=\"canonical\" href=\"https:\/\/www.ivinio.com\/fr\/produit\/carton-melange-de-vins-roses-provencaux-des-maitres-vignerons-de-st-tropez\/\" \/>\n<meta property=\"og:locale\" content=\"fr_FR\" \/>\n<meta property=\"og:type\" content=\"article\" \/>\n<meta property=\"og:title\" content=\"Carton m\u00e9lang\u00e9 de vins ros\u00e9s proven\u00e7aux des Ma\u00eetres vignerons de St-Tropez ! - IVINIO Caviste\" \/>\n<meta property=\"og:description\" content=\"Carton m\u00e9lang\u00e9 de vins ros\u00e9s proven\u00e7aux des Ma\u00eetres vignerons de St-Tropez !\" \/>\n<meta property=\"og:url\" content=\"https:\/\/www.ivinio.com\/fr\/produit\/carton-melange-de-vins-roses-provencaux-des-maitres-vignerons-de-st-tropez\/\" \/>\n<meta property=\"og:site_name\" content=\"IVINIO Caviste\" \/>\n<meta property=\"article:publisher\" content=\"https:\/\/www.facebook.com\/groups\/165217837022391\/?ref=bookmarks\" \/>\n<meta property=\"og:image\" content=\"https:\/\/www.ivinio.com\/wp-content\/uploads\/2025\/04\/Roseviner-fran-Saint-Tropez-IVINIO.jpg\" \/>\n\t<meta property=\"og:image:width\" content=\"500\" \/>\n\t<meta property=\"og:image:height\" content=\"500\" \/>\n\t<meta property=\"og:image:type\" content=\"image\/jpeg\" \/>\n<meta name=\"twitter:card\" content=\"summary_large_image\" \/>\n<script type=\"application\/ld+json\" class=\"yoast-schema-graph\">{\"@context\":\"https:\\\/\\\/schema.org\",\"@graph\":[{\"@type\":\"WebPage\",\"@id\":\"https:\\\/\\\/www.ivinio.com\\\/fr\\\/produit\\\/carton-melange-de-vins-roses-provencaux-des-maitres-vignerons-de-st-tropez\\\/\",\"url\":\"https:\\\/\\\/www.ivinio.com\\\/fr\\\/produit\\\/carton-melange-de-vins-roses-provencaux-des-maitres-vignerons-de-st-tropez\\\/\",\"name\":\"Carton m\u00e9lang\u00e9 de vins ros\u00e9s proven\u00e7aux des Ma\u00eetres vignerons de St-Tropez ! - IVINIO Caviste\",\"isPartOf\":{\"@id\":\"https:\\\/\\\/www.ivinio.com\\\/fr\\\/#website\"},\"primaryImageOfPage\":{\"@id\":\"https:\\\/\\\/www.ivinio.com\\\/fr\\\/produit\\\/carton-melange-de-vins-roses-provencaux-des-maitres-vignerons-de-st-tropez\\\/#primaryimage\"},\"image\":{\"@id\":\"https:\\\/\\\/www.ivinio.com\\\/fr\\\/produit\\\/carton-melange-de-vins-roses-provencaux-des-maitres-vignerons-de-st-tropez\\\/#primaryimage\"},\"thumbnailUrl\":\"https:\\\/\\\/www.ivinio.com\\\/wp-content\\\/uploads\\\/2025\\\/04\\\/Roseviner-fran-Saint-Tropez-IVINIO.jpg\",\"datePublished\":\"2025-04-30T16:25:54+00:00\",\"description\":\"Carton m\u00e9lang\u00e9 de vins ros\u00e9s proven\u00e7aux des Ma\u00eetres vignerons de St-Tropez !\",\"breadcrumb\":{\"@id\":\"https:\\\/\\\/www.ivinio.com\\\/fr\\\/produit\\\/carton-melange-de-vins-roses-provencaux-des-maitres-vignerons-de-st-tropez\\\/#breadcrumb\"},\"inLanguage\":\"fr-FR\",\"potentialAction\":[{\"@type\":\"ReadAction\",\"target\":[\"https:\\\/\\\/www.ivinio.com\\\/fr\\\/produit\\\/carton-melange-de-vins-roses-provencaux-des-maitres-vignerons-de-st-tropez\\\/\"]}]},{\"@type\":\"ImageObject\",\"inLanguage\":\"fr-FR\",\"@id\":\"https:\\\/\\\/www.ivinio.com\\\/fr\\\/produit\\\/carton-melange-de-vins-roses-provencaux-des-maitres-vignerons-de-st-tropez\\\/#primaryimage\",\"url\":\"https:\\\/\\\/www.ivinio.com\\\/wp-content\\\/uploads\\\/2025\\\/04\\\/Roseviner-fran-Saint-Tropez-IVINIO.jpg\",\"contentUrl\":\"https:\\\/\\\/www.ivinio.com\\\/wp-content\\\/uploads\\\/2025\\\/04\\\/Roseviner-fran-Saint-Tropez-IVINIO.jpg\",\"width\":500,\"height\":500},{\"@type\":\"BreadcrumbList\",\"@id\":\"https:\\\/\\\/www.ivinio.com\\\/fr\\\/produit\\\/carton-melange-de-vins-roses-provencaux-des-maitres-vignerons-de-st-tropez\\\/#breadcrumb\",\"itemListElement\":[{\"@type\":\"ListItem\",\"position\":1,\"name\":\"Home\",\"item\":\"https:\\\/\\\/www.ivinio.com\\\/fr\\\/\"},{\"@type\":\"ListItem\",\"position\":2,\"name\":\"Boutique de vin\",\"item\":\"https:\\\/\\\/www.ivinio.com\\\/fr\\\/boutique-de-vin\\\/\"},{\"@type\":\"ListItem\",\"position\":3,\"name\":\"Carton m\u00e9lang\u00e9 de vins ros\u00e9s proven\u00e7aux des Ma\u00eetres vignerons de St-Tropez !\"}]},{\"@type\":\"WebSite\",\"@id\":\"https:\\\/\\\/www.ivinio.com\\\/fr\\\/#website\",\"url\":\"https:\\\/\\\/www.ivinio.com\\\/fr\\\/\",\"name\":\"IVINIO Caviste\",\"description\":\"Vins de France et d&#039;Italie avec livraison \u00e0 domicile\",\"publisher\":{\"@id\":\"https:\\\/\\\/www.ivinio.com\\\/fr\\\/#organization\"},\"potentialAction\":[{\"@type\":\"SearchAction\",\"target\":{\"@type\":\"EntryPoint\",\"urlTemplate\":\"https:\\\/\\\/www.ivinio.com\\\/fr\\\/?s={search_term_string}\"},\"query-input\":{\"@type\":\"PropertyValueSpecification\",\"valueRequired\":true,\"valueName\":\"search_term_string\"}}],\"inLanguage\":\"fr-FR\"},{\"@type\":\"Organization\",\"@id\":\"https:\\\/\\\/www.ivinio.com\\\/fr\\\/#organization\",\"name\":\"IVINIO\",\"url\":\"https:\\\/\\\/www.ivinio.com\\\/fr\\\/\",\"logo\":{\"@type\":\"ImageObject\",\"inLanguage\":\"fr-FR\",\"@id\":\"https:\\\/\\\/www.ivinio.com\\\/fr\\\/#\\\/schema\\\/logo\\\/image\\\/\",\"url\":\"https:\\\/\\\/www.ivinio.com\\\/wp-content\\\/uploads\\\/2021\\\/01\\\/Logo-Ivinio-v2.jpg\",\"contentUrl\":\"https:\\\/\\\/www.ivinio.com\\\/wp-content\\\/uploads\\\/2021\\\/01\\\/Logo-Ivinio-v2.jpg\",\"width\":1194,\"height\":1194,\"caption\":\"IVINIO\"},\"image\":{\"@id\":\"https:\\\/\\\/www.ivinio.com\\\/fr\\\/#\\\/schema\\\/logo\\\/image\\\/\"},\"sameAs\":[\"https:\\\/\\\/www.facebook.com\\\/groups\\\/165217837022391\\\/?ref=bookmarks\",\"https:\\\/\\\/www.instagram.com\\\/_ivinio_\\\/?hl=fr\"]}]}<\/script>\n<!-- \/ Yoast SEO plugin. -->","yoast_head_json":{"title":"Carton m\u00e9lang\u00e9 de vins ros\u00e9s proven\u00e7aux des Ma\u00eetres vignerons de St-Tropez ! - IVINIO Caviste","description":"Carton m\u00e9lang\u00e9 de vins ros\u00e9s proven\u00e7aux des Ma\u00eetres vignerons de St-Tropez !","robots":{"index":"index","follow":"follow","max-snippet":"max-snippet:-1","max-image-preview":"max-image-preview:large","max-video-preview":"max-video-preview:-1"},"canonical":"https:\/\/www.ivinio.com\/fr\/produit\/carton-melange-de-vins-roses-provencaux-des-maitres-vignerons-de-st-tropez\/","og_locale":"fr_FR","og_type":"article","og_title":"Carton m\u00e9lang\u00e9 de vins ros\u00e9s proven\u00e7aux des Ma\u00eetres vignerons de St-Tropez ! - IVINIO Caviste","og_description":"Carton m\u00e9lang\u00e9 de vins ros\u00e9s proven\u00e7aux des Ma\u00eetres vignerons de St-Tropez !","og_url":"https:\/\/www.ivinio.com\/fr\/produit\/carton-melange-de-vins-roses-provencaux-des-maitres-vignerons-de-st-tropez\/","og_site_name":"IVINIO Caviste","article_publisher":"https:\/\/www.facebook.com\/groups\/165217837022391\/?ref=bookmarks","og_image":[{"width":500,"height":500,"url":"https:\/\/www.ivinio.com\/wp-content\/uploads\/2025\/04\/Roseviner-fran-Saint-Tropez-IVINIO.jpg","type":"image\/jpeg"}],"twitter_card":"summary_large_image","schema":{"@context":"https:\/\/schema.org","@graph":[{"@type":"WebPage","@id":"https:\/\/www.ivinio.com\/fr\/produit\/carton-melange-de-vins-roses-provencaux-des-maitres-vignerons-de-st-tropez\/","url":"https:\/\/www.ivinio.com\/fr\/produit\/carton-melange-de-vins-roses-provencaux-des-maitres-vignerons-de-st-tropez\/","name":"Carton m\u00e9lang\u00e9 de vins ros\u00e9s proven\u00e7aux des Ma\u00eetres vignerons de St-Tropez ! - IVINIO Caviste","isPartOf":{"@id":"https:\/\/www.ivinio.com\/fr\/#website"},"primaryImageOfPage":{"@id":"https:\/\/www.ivinio.com\/fr\/produit\/carton-melange-de-vins-roses-provencaux-des-maitres-vignerons-de-st-tropez\/#primaryimage"},"image":{"@id":"https:\/\/www.ivinio.com\/fr\/produit\/carton-melange-de-vins-roses-provencaux-des-maitres-vignerons-de-st-tropez\/#primaryimage"},"thumbnailUrl":"https:\/\/www.ivinio.com\/wp-content\/uploads\/2025\/04\/Roseviner-fran-Saint-Tropez-IVINIO.jpg","datePublished":"2025-04-30T16:25:54+00:00","description":"Carton m\u00e9lang\u00e9 de vins ros\u00e9s proven\u00e7aux des Ma\u00eetres vignerons de St-Tropez !","breadcrumb":{"@id":"https:\/\/www.ivinio.com\/fr\/produit\/carton-melange-de-vins-roses-provencaux-des-maitres-vignerons-de-st-tropez\/#breadcrumb"},"inLanguage":"fr-FR","potentialAction":[{"@type":"ReadAction","target":["https:\/\/www.ivinio.com\/fr\/produit\/carton-melange-de-vins-roses-provencaux-des-maitres-vignerons-de-st-tropez\/"]}]},{"@type":"ImageObject","inLanguage":"fr-FR","@id":"https:\/\/www.ivinio.com\/fr\/produit\/carton-melange-de-vins-roses-provencaux-des-maitres-vignerons-de-st-tropez\/#primaryimage","url":"https:\/\/www.ivinio.com\/wp-content\/uploads\/2025\/04\/Roseviner-fran-Saint-Tropez-IVINIO.jpg","contentUrl":"https:\/\/www.ivinio.com\/wp-content\/uploads\/2025\/04\/Roseviner-fran-Saint-Tropez-IVINIO.jpg","width":500,"height":500},{"@type":"BreadcrumbList","@id":"https:\/\/www.ivinio.com\/fr\/produit\/carton-melange-de-vins-roses-provencaux-des-maitres-vignerons-de-st-tropez\/#breadcrumb","itemListElement":[{"@type":"ListItem","position":1,"name":"Home","item":"https:\/\/www.ivinio.com\/fr\/"},{"@type":"ListItem","position":2,"name":"Boutique de vin","item":"https:\/\/www.ivinio.com\/fr\/boutique-de-vin\/"},{"@type":"ListItem","position":3,"name":"Carton m\u00e9lang\u00e9 de vins ros\u00e9s proven\u00e7aux des Ma\u00eetres vignerons de St-Tropez !"}]},{"@type":"WebSite","@id":"https:\/\/www.ivinio.com\/fr\/#website","url":"https:\/\/www.ivinio.com\/fr\/","name":"IVINIO Caviste","description":"Vins de France et d&#039;Italie avec livraison \u00e0 domicile","publisher":{"@id":"https:\/\/www.ivinio.com\/fr\/#organization"},"potentialAction":[{"@type":"SearchAction","target":{"@type":"EntryPoint","urlTemplate":"https:\/\/www.ivinio.com\/fr\/?s={search_term_string}"},"query-input":{"@type":"PropertyValueSpecification","valueRequired":true,"valueName":"search_term_string"}}],"inLanguage":"fr-FR"},{"@type":"Organization","@id":"https:\/\/www.ivinio.com\/fr\/#organization","name":"IVINIO","url":"https:\/\/www.ivinio.com\/fr\/","logo":{"@type":"ImageObject","inLanguage":"fr-FR","@id":"https:\/\/www.ivinio.com\/fr\/#\/schema\/logo\/image\/","url":"https:\/\/www.ivinio.com\/wp-content\/uploads\/2021\/01\/Logo-Ivinio-v2.jpg","contentUrl":"https:\/\/www.ivinio.com\/wp-content\/uploads\/2021\/01\/Logo-Ivinio-v2.jpg","width":1194,"height":1194,"caption":"IVINIO"},"image":{"@id":"https:\/\/www.ivinio.com\/fr\/#\/schema\/logo\/image\/"},"sameAs":["https:\/\/www.facebook.com\/groups\/165217837022391\/?ref=bookmarks","https:\/\/www.instagram.com\/_ivinio_\/?hl=fr"]}]}},"jetpack_sharing_enabled":true,"_links":{"self":[{"href":"https:\/\/www.ivinio.com\/fr\/wp-json\/wp\/v2\/product\/137507","targetHints":{"allow":["GET"]}}],"collection":[{"href":"https:\/\/www.ivinio.com\/fr\/wp-json\/wp\/v2\/product"}],"about":[{"href":"https:\/\/www.ivinio.com\/fr\/wp-json\/wp\/v2\/types\/product"}],"replies":[{"embeddable":true,"href":"https:\/\/www.ivinio.com\/fr\/wp-json\/wp\/v2\/comments?post=137507"}],"wp:featuredmedia":[{"embeddable":true,"href":"https:\/\/www.ivinio.com\/fr\/wp-json\/wp\/v2\/media\/137453"}],"wp:attachment":[{"href":"https:\/\/www.ivinio.com\/fr\/wp-json\/wp\/v2\/media?parent=137507"}],"wp:term":[{"taxonomy":"product_brand","embeddable":true,"href":"https:\/\/www.ivinio.com\/fr\/wp-json\/wp\/v2\/product_brand?post=137507"},{"taxonomy":"product_cat","embeddable":true,"href":"https:\/\/www.ivinio.com\/fr\/wp-json\/wp\/v2\/product_cat?post=137507"},{"taxonomy":"product_tag","embeddable":true,"href":"https:\/\/www.ivinio.com\/fr\/wp-json\/wp\/v2\/product_tag?post=137507"}],"curies":[{"name":"wp","href":"https:\/\/api.w.org\/{rel}","templated":true}]}}