{"id":137490,"date":"2025-04-25T19:40:04","date_gmt":"2025-04-30T10:35:01","guid":{"rendered":"https:\/\/www.ivinio.com\/product\/domaine-de-carteyron-malyse-blanc\/"},"modified":"2025-04-30T12:44:39","modified_gmt":"2025-04-30T10:44:39","slug":"domaine-de-carteyron-malyse-blanc","status":"publish","type":"product","link":"https:\/\/www.ivinio.com\/fr\/produit\/domaine-de-carteyron-malyse-blanc\/","title":{"rendered":"Domaine de Carteyron &#8211; Malyse &#8211; Blanc"},"content":{"rendered":"<p>Domaine de Carteyron &#8211; Malyse &#8211; Le vin blanc est compos\u00e9 de 100% Rolle. La proximit\u00e9 de la mer apporte la fra\u00eecheur n\u00e9cessaire \u00e0 une maturation lente et progressive des baies cueillies \u00e0 la main. Les raisins sont r\u00e9colt\u00e9s de nuit \u00e0 la main \u00e0 la lumi\u00e8re des projecteurs. Les raisins arrivent \u00e0 la cave et sont press\u00e9s directement. Le mo\u00fbt de premi\u00e8re presse est clarifi\u00e9 et mis \u00e0 fermenter. Le vin est ensuite \u00e9lev\u00e9 sur ses lies dans des f\u00fbts en inox.<\/p>\n","protected":false},"excerpt":{"rendered":"<p>Un vin blanc aromatique de Provence compos\u00e9 de 100% Rolle !<\/p>\n","protected":false},"featured_media":137427,"comment_status":"open","ping_status":"closed","template":"","meta":{"_monsterinsights_skip_tracking":false,"_monsterinsights_sitenote_active":false,"_monsterinsights_sitenote_note":"","_monsterinsights_sitenote_category":0,"_uf_show_specific_survey":0,"_uf_disable_surveys":false},"product_brand":[],"product_cat":[36622,36586],"product_tag":[],"class_list":{"0":"post-137490","1":"product","2":"type-product","3":"status-publish","4":"has-post-thumbnail","6":"product_cat-fr-provence","7":"product_cat-vins-francais","8":"pa_alcohol-degree-13-fr","9":"pa_classification-aop-cotes-de-provence-fr","10":"pa_color-blanc-fr","11":"pa_country-france-fr","12":"pa_grape-variety-rolle-aussi-appele-vermentino-fr","13":"pa_region-provence-fr","14":"pa_storage-potential-quelques-annees-fr","15":"pa_vintage-2023-fr","16":"pa_volume-75-cl-fr","18":"first","19":"instock","20":"sale","21":"taxable","22":"shipping-taxable","23":"purchasable","24":"product-type-simple"},"bundled_by":[],"bundle_stock_status":"instock","bundle_stock_quantity":null,"bundle_virtual":false,"bundle_layout":"","bundle_add_to_cart_form_location":"","bundle_editable_in_cart":false,"bundle_sold_individually_context":"","bundle_item_grouping":"","bundle_min_size":"","bundle_max_size":"","bundle_price":[],"bundled_items":[],"bundle_sell_ids":[],"yoast_head":"<!-- This site is optimized with the Yoast SEO plugin v27.5 - https:\/\/yoast.com\/product\/yoast-seo-wordpress\/ -->\n<title>Domaine de Carteyron - Malyse - Blanc - IVINIO Caviste<\/title>\n<meta name=\"description\" content=\"Domaine de Carteyron - Malyse - Le vin blanc pr\u00e9sente un ar\u00f4me aux notes d&#039;agrumes. Le palais est merveilleusement persistant avec une certaine salinit\u00e9 en finale.\" \/>\n<meta name=\"robots\" content=\"index, follow, max-snippet:-1, max-image-preview:large, max-video-preview:-1\" \/>\n<link rel=\"canonical\" href=\"https:\/\/www.ivinio.com\/fr\/produit\/domaine-de-carteyron-malyse-blanc\/\" \/>\n<meta property=\"og:locale\" content=\"fr_FR\" \/>\n<meta property=\"og:type\" content=\"article\" \/>\n<meta property=\"og:title\" content=\"Domaine de Carteyron - Malyse - Blanc - IVINIO Caviste\" \/>\n<meta property=\"og:description\" content=\"Domaine de Carteyron - Malyse - Le vin blanc pr\u00e9sente un ar\u00f4me aux notes d&#039;agrumes. Le palais est merveilleusement persistant avec une certaine salinit\u00e9 en finale.\" \/>\n<meta property=\"og:url\" content=\"https:\/\/www.ivinio.com\/fr\/produit\/domaine-de-carteyron-malyse-blanc\/\" \/>\n<meta property=\"og:site_name\" content=\"IVINIO Caviste\" \/>\n<meta property=\"article:publisher\" content=\"https:\/\/www.facebook.com\/groups\/165217837022391\/?ref=bookmarks\" \/>\n<meta property=\"article:modified_time\" content=\"2025-04-30T10:44:39+00:00\" \/>\n<meta property=\"og:image\" content=\"https:\/\/www.ivinio.com\/wp-content\/uploads\/2025\/04\/Domaine-de-Carteyron-Malyse-IVINIO.jpg\" \/>\n\t<meta property=\"og:image:width\" content=\"500\" \/>\n\t<meta property=\"og:image:height\" content=\"500\" \/>\n\t<meta property=\"og:image:type\" content=\"image\/jpeg\" \/>\n<meta name=\"twitter:card\" content=\"summary_large_image\" \/>\n<meta name=\"twitter:label1\" content=\"Dur\u00e9e de lecture estim\u00e9e\" \/>\n\t<meta name=\"twitter:data1\" content=\"1 minute\" \/>\n<script type=\"application\/ld+json\" class=\"yoast-schema-graph\">{\"@context\":\"https:\\\/\\\/schema.org\",\"@graph\":[{\"@type\":\"WebPage\",\"@id\":\"https:\\\/\\\/www.ivinio.com\\\/fr\\\/produit\\\/domaine-de-carteyron-malyse-blanc\\\/\",\"url\":\"https:\\\/\\\/www.ivinio.com\\\/fr\\\/produit\\\/domaine-de-carteyron-malyse-blanc\\\/\",\"name\":\"Domaine de Carteyron - Malyse - Blanc - IVINIO Caviste\",\"isPartOf\":{\"@id\":\"https:\\\/\\\/www.ivinio.com\\\/fr\\\/#website\"},\"primaryImageOfPage\":{\"@id\":\"https:\\\/\\\/www.ivinio.com\\\/fr\\\/produit\\\/domaine-de-carteyron-malyse-blanc\\\/#primaryimage\"},\"image\":{\"@id\":\"https:\\\/\\\/www.ivinio.com\\\/fr\\\/produit\\\/domaine-de-carteyron-malyse-blanc\\\/#primaryimage\"},\"thumbnailUrl\":\"https:\\\/\\\/www.ivinio.com\\\/wp-content\\\/uploads\\\/2025\\\/04\\\/Domaine-de-Carteyron-Malyse-IVINIO.jpg\",\"datePublished\":\"2025-04-30T10:35:01+00:00\",\"dateModified\":\"2025-04-30T10:44:39+00:00\",\"description\":\"Domaine de Carteyron - Malyse - Le vin blanc pr\u00e9sente un ar\u00f4me aux notes d'agrumes. Le palais est merveilleusement persistant avec une certaine salinit\u00e9 en finale.\",\"breadcrumb\":{\"@id\":\"https:\\\/\\\/www.ivinio.com\\\/fr\\\/produit\\\/domaine-de-carteyron-malyse-blanc\\\/#breadcrumb\"},\"inLanguage\":\"fr-FR\",\"potentialAction\":[{\"@type\":\"ReadAction\",\"target\":[\"https:\\\/\\\/www.ivinio.com\\\/fr\\\/produit\\\/domaine-de-carteyron-malyse-blanc\\\/\"]}]},{\"@type\":\"ImageObject\",\"inLanguage\":\"fr-FR\",\"@id\":\"https:\\\/\\\/www.ivinio.com\\\/fr\\\/produit\\\/domaine-de-carteyron-malyse-blanc\\\/#primaryimage\",\"url\":\"https:\\\/\\\/www.ivinio.com\\\/wp-content\\\/uploads\\\/2025\\\/04\\\/Domaine-de-Carteyron-Malyse-IVINIO.jpg\",\"contentUrl\":\"https:\\\/\\\/www.ivinio.com\\\/wp-content\\\/uploads\\\/2025\\\/04\\\/Domaine-de-Carteyron-Malyse-IVINIO.jpg\",\"width\":500,\"height\":500,\"caption\":\"Domaine de Carteyron - Malyse - Blanc\"},{\"@type\":\"BreadcrumbList\",\"@id\":\"https:\\\/\\\/www.ivinio.com\\\/fr\\\/produit\\\/domaine-de-carteyron-malyse-blanc\\\/#breadcrumb\",\"itemListElement\":[{\"@type\":\"ListItem\",\"position\":1,\"name\":\"Home\",\"item\":\"https:\\\/\\\/www.ivinio.com\\\/fr\\\/\"},{\"@type\":\"ListItem\",\"position\":2,\"name\":\"Boutique de vin\",\"item\":\"https:\\\/\\\/www.ivinio.com\\\/fr\\\/boutique-de-vin\\\/\"},{\"@type\":\"ListItem\",\"position\":3,\"name\":\"Domaine de Carteyron &#8211; Malyse &#8211; Blanc\"}]},{\"@type\":\"WebSite\",\"@id\":\"https:\\\/\\\/www.ivinio.com\\\/fr\\\/#website\",\"url\":\"https:\\\/\\\/www.ivinio.com\\\/fr\\\/\",\"name\":\"IVINIO Caviste\",\"description\":\"Vins de France et d&#039;Italie avec livraison \u00e0 domicile\",\"publisher\":{\"@id\":\"https:\\\/\\\/www.ivinio.com\\\/fr\\\/#organization\"},\"potentialAction\":[{\"@type\":\"SearchAction\",\"target\":{\"@type\":\"EntryPoint\",\"urlTemplate\":\"https:\\\/\\\/www.ivinio.com\\\/fr\\\/?s={search_term_string}\"},\"query-input\":{\"@type\":\"PropertyValueSpecification\",\"valueRequired\":true,\"valueName\":\"search_term_string\"}}],\"inLanguage\":\"fr-FR\"},{\"@type\":\"Organization\",\"@id\":\"https:\\\/\\\/www.ivinio.com\\\/fr\\\/#organization\",\"name\":\"IVINIO\",\"url\":\"https:\\\/\\\/www.ivinio.com\\\/fr\\\/\",\"logo\":{\"@type\":\"ImageObject\",\"inLanguage\":\"fr-FR\",\"@id\":\"https:\\\/\\\/www.ivinio.com\\\/fr\\\/#\\\/schema\\\/logo\\\/image\\\/\",\"url\":\"https:\\\/\\\/www.ivinio.com\\\/wp-content\\\/uploads\\\/2021\\\/01\\\/Logo-Ivinio-v2.jpg\",\"contentUrl\":\"https:\\\/\\\/www.ivinio.com\\\/wp-content\\\/uploads\\\/2021\\\/01\\\/Logo-Ivinio-v2.jpg\",\"width\":1194,\"height\":1194,\"caption\":\"IVINIO\"},\"image\":{\"@id\":\"https:\\\/\\\/www.ivinio.com\\\/fr\\\/#\\\/schema\\\/logo\\\/image\\\/\"},\"sameAs\":[\"https:\\\/\\\/www.facebook.com\\\/groups\\\/165217837022391\\\/?ref=bookmarks\",\"https:\\\/\\\/www.instagram.com\\\/_ivinio_\\\/?hl=fr\"]}]}<\/script>\n<!-- \/ Yoast SEO plugin. -->","yoast_head_json":{"title":"Domaine de Carteyron - Malyse - Blanc - IVINIO Caviste","description":"Domaine de Carteyron - Malyse - Le vin blanc pr\u00e9sente un ar\u00f4me aux notes d'agrumes. Le palais est merveilleusement persistant avec une certaine salinit\u00e9 en finale.","robots":{"index":"index","follow":"follow","max-snippet":"max-snippet:-1","max-image-preview":"max-image-preview:large","max-video-preview":"max-video-preview:-1"},"canonical":"https:\/\/www.ivinio.com\/fr\/produit\/domaine-de-carteyron-malyse-blanc\/","og_locale":"fr_FR","og_type":"article","og_title":"Domaine de Carteyron - Malyse - Blanc - IVINIO Caviste","og_description":"Domaine de Carteyron - Malyse - Le vin blanc pr\u00e9sente un ar\u00f4me aux notes d'agrumes. Le palais est merveilleusement persistant avec une certaine salinit\u00e9 en finale.","og_url":"https:\/\/www.ivinio.com\/fr\/produit\/domaine-de-carteyron-malyse-blanc\/","og_site_name":"IVINIO Caviste","article_publisher":"https:\/\/www.facebook.com\/groups\/165217837022391\/?ref=bookmarks","article_modified_time":"2025-04-30T10:44:39+00:00","og_image":[{"width":500,"height":500,"url":"https:\/\/www.ivinio.com\/wp-content\/uploads\/2025\/04\/Domaine-de-Carteyron-Malyse-IVINIO.jpg","type":"image\/jpeg"}],"twitter_card":"summary_large_image","twitter_misc":{"Dur\u00e9e de lecture estim\u00e9e":"1 minute"},"schema":{"@context":"https:\/\/schema.org","@graph":[{"@type":"WebPage","@id":"https:\/\/www.ivinio.com\/fr\/produit\/domaine-de-carteyron-malyse-blanc\/","url":"https:\/\/www.ivinio.com\/fr\/produit\/domaine-de-carteyron-malyse-blanc\/","name":"Domaine de Carteyron - Malyse - Blanc - IVINIO Caviste","isPartOf":{"@id":"https:\/\/www.ivinio.com\/fr\/#website"},"primaryImageOfPage":{"@id":"https:\/\/www.ivinio.com\/fr\/produit\/domaine-de-carteyron-malyse-blanc\/#primaryimage"},"image":{"@id":"https:\/\/www.ivinio.com\/fr\/produit\/domaine-de-carteyron-malyse-blanc\/#primaryimage"},"thumbnailUrl":"https:\/\/www.ivinio.com\/wp-content\/uploads\/2025\/04\/Domaine-de-Carteyron-Malyse-IVINIO.jpg","datePublished":"2025-04-30T10:35:01+00:00","dateModified":"2025-04-30T10:44:39+00:00","description":"Domaine de Carteyron - Malyse - Le vin blanc pr\u00e9sente un ar\u00f4me aux notes d'agrumes. Le palais est merveilleusement persistant avec une certaine salinit\u00e9 en finale.","breadcrumb":{"@id":"https:\/\/www.ivinio.com\/fr\/produit\/domaine-de-carteyron-malyse-blanc\/#breadcrumb"},"inLanguage":"fr-FR","potentialAction":[{"@type":"ReadAction","target":["https:\/\/www.ivinio.com\/fr\/produit\/domaine-de-carteyron-malyse-blanc\/"]}]},{"@type":"ImageObject","inLanguage":"fr-FR","@id":"https:\/\/www.ivinio.com\/fr\/produit\/domaine-de-carteyron-malyse-blanc\/#primaryimage","url":"https:\/\/www.ivinio.com\/wp-content\/uploads\/2025\/04\/Domaine-de-Carteyron-Malyse-IVINIO.jpg","contentUrl":"https:\/\/www.ivinio.com\/wp-content\/uploads\/2025\/04\/Domaine-de-Carteyron-Malyse-IVINIO.jpg","width":500,"height":500,"caption":"Domaine de Carteyron - Malyse - Blanc"},{"@type":"BreadcrumbList","@id":"https:\/\/www.ivinio.com\/fr\/produit\/domaine-de-carteyron-malyse-blanc\/#breadcrumb","itemListElement":[{"@type":"ListItem","position":1,"name":"Home","item":"https:\/\/www.ivinio.com\/fr\/"},{"@type":"ListItem","position":2,"name":"Boutique de vin","item":"https:\/\/www.ivinio.com\/fr\/boutique-de-vin\/"},{"@type":"ListItem","position":3,"name":"Domaine de Carteyron &#8211; Malyse &#8211; Blanc"}]},{"@type":"WebSite","@id":"https:\/\/www.ivinio.com\/fr\/#website","url":"https:\/\/www.ivinio.com\/fr\/","name":"IVINIO Caviste","description":"Vins de France et d&#039;Italie avec livraison \u00e0 domicile","publisher":{"@id":"https:\/\/www.ivinio.com\/fr\/#organization"},"potentialAction":[{"@type":"SearchAction","target":{"@type":"EntryPoint","urlTemplate":"https:\/\/www.ivinio.com\/fr\/?s={search_term_string}"},"query-input":{"@type":"PropertyValueSpecification","valueRequired":true,"valueName":"search_term_string"}}],"inLanguage":"fr-FR"},{"@type":"Organization","@id":"https:\/\/www.ivinio.com\/fr\/#organization","name":"IVINIO","url":"https:\/\/www.ivinio.com\/fr\/","logo":{"@type":"ImageObject","inLanguage":"fr-FR","@id":"https:\/\/www.ivinio.com\/fr\/#\/schema\/logo\/image\/","url":"https:\/\/www.ivinio.com\/wp-content\/uploads\/2021\/01\/Logo-Ivinio-v2.jpg","contentUrl":"https:\/\/www.ivinio.com\/wp-content\/uploads\/2021\/01\/Logo-Ivinio-v2.jpg","width":1194,"height":1194,"caption":"IVINIO"},"image":{"@id":"https:\/\/www.ivinio.com\/fr\/#\/schema\/logo\/image\/"},"sameAs":["https:\/\/www.facebook.com\/groups\/165217837022391\/?ref=bookmarks","https:\/\/www.instagram.com\/_ivinio_\/?hl=fr"]}]}},"jetpack_sharing_enabled":true,"_links":{"self":[{"href":"https:\/\/www.ivinio.com\/fr\/wp-json\/wp\/v2\/product\/137490","targetHints":{"allow":["GET"]}}],"collection":[{"href":"https:\/\/www.ivinio.com\/fr\/wp-json\/wp\/v2\/product"}],"about":[{"href":"https:\/\/www.ivinio.com\/fr\/wp-json\/wp\/v2\/types\/product"}],"replies":[{"embeddable":true,"href":"https:\/\/www.ivinio.com\/fr\/wp-json\/wp\/v2\/comments?post=137490"}],"wp:featuredmedia":[{"embeddable":true,"href":"https:\/\/www.ivinio.com\/fr\/wp-json\/wp\/v2\/media\/137427"}],"wp:attachment":[{"href":"https:\/\/www.ivinio.com\/fr\/wp-json\/wp\/v2\/media?parent=137490"}],"wp:term":[{"taxonomy":"product_brand","embeddable":true,"href":"https:\/\/www.ivinio.com\/fr\/wp-json\/wp\/v2\/product_brand?post=137490"},{"taxonomy":"product_cat","embeddable":true,"href":"https:\/\/www.ivinio.com\/fr\/wp-json\/wp\/v2\/product_cat?post=137490"},{"taxonomy":"product_tag","embeddable":true,"href":"https:\/\/www.ivinio.com\/fr\/wp-json\/wp\/v2\/product_tag?post=137490"}],"curies":[{"name":"wp","href":"https:\/\/api.w.org\/{rel}","templated":true}]}}