{"id":137481,"date":"2025-04-25T17:58:49","date_gmt":"2025-04-30T09:49:30","guid":{"rendered":"https:\/\/www.ivinio.com\/product\/maitres-vignerons-de-la-presquile-de-saint-tropez-gold-blanc\/"},"modified":"2025-04-30T12:02:45","modified_gmt":"2025-04-30T10:02:45","slug":"maitres-vignerons-de-la-presquile-de-saint-tropez-gold-blanc","status":"publish","type":"product","link":"https:\/\/www.ivinio.com\/fr\/produit\/maitres-vignerons-de-la-presquile-de-saint-tropez-gold-blanc\/","title":{"rendered":"Ma\u00eetres vignerons de la presqu&#8217;\u00eele de Saint-Tropez &#8211; Gold &#8211; Blanc"},"content":{"rendered":"<p>Ma\u00eetres vignerons de la presqu&#8217;\u00eele de Saint-Tropez &#8211; Or &#8211; Le vin blanc est compos\u00e9 de Rolle, Clairette et Ugni Blanc. Les raisins ont \u00e9t\u00e9 s\u00e9lectionn\u00e9s parmi les meilleures parcelles du \u00ab Triangle d&#8217;Or \u00bb qui est un terroir exceptionnel de l&#8217;appellation C\u00f4tes de Provence, situ\u00e9 entre Cuers, Pierrefeu et Puget-Ville, au pied du massif des Maures. Les raisins sont r\u00e9colt\u00e9s t\u00f4t le matin pour profiter de la fra\u00eecheur des baies, puis ils sont \u00e9grapp\u00e9s et refroidis \u00e0 8\u00b0C. Ils sont press\u00e9s directement avec une l\u00e9g\u00e8re pression pour extraire uniquement le meilleur mo\u00fbt.<\/p>\n","protected":false},"excerpt":{"rendered":"<p>Un vin blanc sec mais aromatique aux notes d&#8217;agrumes, de fleurs d&#8217;acacia, de verveine citronn\u00e9e et de fruits \u00e0 chair blanche.<\/p>\n","protected":false},"featured_media":137419,"comment_status":"open","ping_status":"closed","template":"","meta":{"_monsterinsights_skip_tracking":false,"_monsterinsights_sitenote_active":false,"_monsterinsights_sitenote_note":"","_monsterinsights_sitenote_category":0,"_uf_show_specific_survey":0,"_uf_disable_surveys":false},"product_brand":[],"product_cat":[36622,36586],"product_tag":[],"class_list":{"0":"post-137481","1":"product","2":"type-product","3":"status-publish","4":"has-post-thumbnail","6":"product_cat-fr-provence","7":"product_cat-vins-francais","8":"pa_alcohol-degree-13-fr","9":"pa_classification-aop-cotes-de-provence-fr","10":"pa_color-blanc-fr","11":"pa_country-france-fr","12":"pa_grape-variety-clairette-fr","13":"pa_grape-variety-rolle-aussi-appele-vermentino-fr","14":"pa_grape-variety-ugni-blanc-fr","15":"pa_region-provence-fr","16":"pa_storage-potential-quelques-annees-fr","17":"pa_vintage-2023-fr","18":"pa_volume-75-cl-fr","20":"first","21":"instock","22":"sale","23":"taxable","24":"shipping-taxable","25":"purchasable","26":"product-type-simple"},"bundled_by":[],"bundle_stock_status":"instock","bundle_stock_quantity":null,"bundle_virtual":false,"bundle_layout":"","bundle_add_to_cart_form_location":"","bundle_editable_in_cart":false,"bundle_sold_individually_context":"","bundle_item_grouping":"","bundle_min_size":"","bundle_max_size":"","bundle_price":[],"bundled_items":[],"bundle_sell_ids":[],"yoast_head":"<!-- This site is optimized with the Yoast SEO plugin v27.5 - https:\/\/yoast.com\/product\/yoast-seo-wordpress\/ -->\n<title>Ma\u00eetres vignerons de la presqu&#039;\u00eele de Saint-Tropez - Gold - Blanc - IVINIO Caviste<\/title>\n<meta name=\"description\" content=\"Ma\u00eetres vignerons de la presqu&#039;\u00eele de Saint-Tropez - Or - Blanc pr\u00e9sente des notes aromatiques d&#039;agrumes. Le palais est rond et cors\u00e9, mais avec une bonne fra\u00eecheur.\" \/>\n<meta name=\"robots\" content=\"index, follow, max-snippet:-1, max-image-preview:large, max-video-preview:-1\" \/>\n<link rel=\"canonical\" href=\"https:\/\/www.ivinio.com\/fr\/produit\/maitres-vignerons-de-la-presquile-de-saint-tropez-gold-blanc\/\" \/>\n<meta property=\"og:locale\" content=\"fr_FR\" \/>\n<meta property=\"og:type\" content=\"article\" \/>\n<meta property=\"og:title\" content=\"Ma\u00eetres vignerons de la presqu&#039;\u00eele de Saint-Tropez - Gold - Blanc - IVINIO Caviste\" \/>\n<meta property=\"og:description\" content=\"Ma\u00eetres vignerons de la presqu&#039;\u00eele de Saint-Tropez - Or - Blanc pr\u00e9sente des notes aromatiques d&#039;agrumes. Le palais est rond et cors\u00e9, mais avec une bonne fra\u00eecheur.\" \/>\n<meta property=\"og:url\" content=\"https:\/\/www.ivinio.com\/fr\/produit\/maitres-vignerons-de-la-presquile-de-saint-tropez-gold-blanc\/\" \/>\n<meta property=\"og:site_name\" content=\"IVINIO Caviste\" \/>\n<meta property=\"article:publisher\" content=\"https:\/\/www.facebook.com\/groups\/165217837022391\/?ref=bookmarks\" \/>\n<meta property=\"article:modified_time\" content=\"2025-04-30T10:02:45+00:00\" \/>\n<meta property=\"og:image\" content=\"https:\/\/www.ivinio.com\/wp-content\/uploads\/2025\/04\/Maitres-vignerons-de-la-presquile-de-saint-tropez-Gold-IVINIO.jpg\" \/>\n\t<meta property=\"og:image:width\" content=\"500\" \/>\n\t<meta property=\"og:image:height\" content=\"500\" \/>\n\t<meta property=\"og:image:type\" content=\"image\/jpeg\" \/>\n<meta name=\"twitter:card\" content=\"summary_large_image\" \/>\n<meta name=\"twitter:label1\" content=\"Dur\u00e9e de lecture estim\u00e9e\" \/>\n\t<meta name=\"twitter:data1\" content=\"1 minute\" \/>\n<script type=\"application\/ld+json\" class=\"yoast-schema-graph\">{\"@context\":\"https:\\\/\\\/schema.org\",\"@graph\":[{\"@type\":\"WebPage\",\"@id\":\"https:\\\/\\\/www.ivinio.com\\\/fr\\\/produit\\\/maitres-vignerons-de-la-presquile-de-saint-tropez-gold-blanc\\\/\",\"url\":\"https:\\\/\\\/www.ivinio.com\\\/fr\\\/produit\\\/maitres-vignerons-de-la-presquile-de-saint-tropez-gold-blanc\\\/\",\"name\":\"Ma\u00eetres vignerons de la presqu'\u00eele de Saint-Tropez - Gold - Blanc - IVINIO Caviste\",\"isPartOf\":{\"@id\":\"https:\\\/\\\/www.ivinio.com\\\/fr\\\/#website\"},\"primaryImageOfPage\":{\"@id\":\"https:\\\/\\\/www.ivinio.com\\\/fr\\\/produit\\\/maitres-vignerons-de-la-presquile-de-saint-tropez-gold-blanc\\\/#primaryimage\"},\"image\":{\"@id\":\"https:\\\/\\\/www.ivinio.com\\\/fr\\\/produit\\\/maitres-vignerons-de-la-presquile-de-saint-tropez-gold-blanc\\\/#primaryimage\"},\"thumbnailUrl\":\"https:\\\/\\\/www.ivinio.com\\\/wp-content\\\/uploads\\\/2025\\\/04\\\/Maitres-vignerons-de-la-presquile-de-saint-tropez-Gold-IVINIO.jpg\",\"datePublished\":\"2025-04-30T09:49:30+00:00\",\"dateModified\":\"2025-04-30T10:02:45+00:00\",\"description\":\"Ma\u00eetres vignerons de la presqu'\u00eele de Saint-Tropez - Or - Blanc pr\u00e9sente des notes aromatiques d'agrumes. Le palais est rond et cors\u00e9, mais avec une bonne fra\u00eecheur.\",\"breadcrumb\":{\"@id\":\"https:\\\/\\\/www.ivinio.com\\\/fr\\\/produit\\\/maitres-vignerons-de-la-presquile-de-saint-tropez-gold-blanc\\\/#breadcrumb\"},\"inLanguage\":\"fr-FR\",\"potentialAction\":[{\"@type\":\"ReadAction\",\"target\":[\"https:\\\/\\\/www.ivinio.com\\\/fr\\\/produit\\\/maitres-vignerons-de-la-presquile-de-saint-tropez-gold-blanc\\\/\"]}]},{\"@type\":\"ImageObject\",\"inLanguage\":\"fr-FR\",\"@id\":\"https:\\\/\\\/www.ivinio.com\\\/fr\\\/produit\\\/maitres-vignerons-de-la-presquile-de-saint-tropez-gold-blanc\\\/#primaryimage\",\"url\":\"https:\\\/\\\/www.ivinio.com\\\/wp-content\\\/uploads\\\/2025\\\/04\\\/Maitres-vignerons-de-la-presquile-de-saint-tropez-Gold-IVINIO.jpg\",\"contentUrl\":\"https:\\\/\\\/www.ivinio.com\\\/wp-content\\\/uploads\\\/2025\\\/04\\\/Maitres-vignerons-de-la-presquile-de-saint-tropez-Gold-IVINIO.jpg\",\"width\":500,\"height\":500,\"caption\":\"Ma\u00eetres vignerons de la presqu'\u00eele de Saint-Tropez - Gold\"},{\"@type\":\"BreadcrumbList\",\"@id\":\"https:\\\/\\\/www.ivinio.com\\\/fr\\\/produit\\\/maitres-vignerons-de-la-presquile-de-saint-tropez-gold-blanc\\\/#breadcrumb\",\"itemListElement\":[{\"@type\":\"ListItem\",\"position\":1,\"name\":\"Home\",\"item\":\"https:\\\/\\\/www.ivinio.com\\\/fr\\\/\"},{\"@type\":\"ListItem\",\"position\":2,\"name\":\"Boutique de vin\",\"item\":\"https:\\\/\\\/www.ivinio.com\\\/fr\\\/boutique-de-vin\\\/\"},{\"@type\":\"ListItem\",\"position\":3,\"name\":\"Ma\u00eetres vignerons de la presqu&#8217;\u00eele de Saint-Tropez &#8211; Gold &#8211; Blanc\"}]},{\"@type\":\"WebSite\",\"@id\":\"https:\\\/\\\/www.ivinio.com\\\/fr\\\/#website\",\"url\":\"https:\\\/\\\/www.ivinio.com\\\/fr\\\/\",\"name\":\"IVINIO Caviste\",\"description\":\"Vins de France et d&#039;Italie avec livraison \u00e0 domicile\",\"publisher\":{\"@id\":\"https:\\\/\\\/www.ivinio.com\\\/fr\\\/#organization\"},\"potentialAction\":[{\"@type\":\"SearchAction\",\"target\":{\"@type\":\"EntryPoint\",\"urlTemplate\":\"https:\\\/\\\/www.ivinio.com\\\/fr\\\/?s={search_term_string}\"},\"query-input\":{\"@type\":\"PropertyValueSpecification\",\"valueRequired\":true,\"valueName\":\"search_term_string\"}}],\"inLanguage\":\"fr-FR\"},{\"@type\":\"Organization\",\"@id\":\"https:\\\/\\\/www.ivinio.com\\\/fr\\\/#organization\",\"name\":\"IVINIO\",\"url\":\"https:\\\/\\\/www.ivinio.com\\\/fr\\\/\",\"logo\":{\"@type\":\"ImageObject\",\"inLanguage\":\"fr-FR\",\"@id\":\"https:\\\/\\\/www.ivinio.com\\\/fr\\\/#\\\/schema\\\/logo\\\/image\\\/\",\"url\":\"https:\\\/\\\/www.ivinio.com\\\/wp-content\\\/uploads\\\/2021\\\/01\\\/Logo-Ivinio-v2.jpg\",\"contentUrl\":\"https:\\\/\\\/www.ivinio.com\\\/wp-content\\\/uploads\\\/2021\\\/01\\\/Logo-Ivinio-v2.jpg\",\"width\":1194,\"height\":1194,\"caption\":\"IVINIO\"},\"image\":{\"@id\":\"https:\\\/\\\/www.ivinio.com\\\/fr\\\/#\\\/schema\\\/logo\\\/image\\\/\"},\"sameAs\":[\"https:\\\/\\\/www.facebook.com\\\/groups\\\/165217837022391\\\/?ref=bookmarks\",\"https:\\\/\\\/www.instagram.com\\\/_ivinio_\\\/?hl=fr\"]}]}<\/script>\n<!-- \/ Yoast SEO plugin. -->","yoast_head_json":{"title":"Ma\u00eetres vignerons de la presqu'\u00eele de Saint-Tropez - Gold - Blanc - IVINIO Caviste","description":"Ma\u00eetres vignerons de la presqu'\u00eele de Saint-Tropez - Or - Blanc pr\u00e9sente des notes aromatiques d'agrumes. Le palais est rond et cors\u00e9, mais avec une bonne fra\u00eecheur.","robots":{"index":"index","follow":"follow","max-snippet":"max-snippet:-1","max-image-preview":"max-image-preview:large","max-video-preview":"max-video-preview:-1"},"canonical":"https:\/\/www.ivinio.com\/fr\/produit\/maitres-vignerons-de-la-presquile-de-saint-tropez-gold-blanc\/","og_locale":"fr_FR","og_type":"article","og_title":"Ma\u00eetres vignerons de la presqu'\u00eele de Saint-Tropez - Gold - Blanc - IVINIO Caviste","og_description":"Ma\u00eetres vignerons de la presqu'\u00eele de Saint-Tropez - Or - Blanc pr\u00e9sente des notes aromatiques d'agrumes. Le palais est rond et cors\u00e9, mais avec une bonne fra\u00eecheur.","og_url":"https:\/\/www.ivinio.com\/fr\/produit\/maitres-vignerons-de-la-presquile-de-saint-tropez-gold-blanc\/","og_site_name":"IVINIO Caviste","article_publisher":"https:\/\/www.facebook.com\/groups\/165217837022391\/?ref=bookmarks","article_modified_time":"2025-04-30T10:02:45+00:00","og_image":[{"width":500,"height":500,"url":"https:\/\/www.ivinio.com\/wp-content\/uploads\/2025\/04\/Maitres-vignerons-de-la-presquile-de-saint-tropez-Gold-IVINIO.jpg","type":"image\/jpeg"}],"twitter_card":"summary_large_image","twitter_misc":{"Dur\u00e9e de lecture estim\u00e9e":"1 minute"},"schema":{"@context":"https:\/\/schema.org","@graph":[{"@type":"WebPage","@id":"https:\/\/www.ivinio.com\/fr\/produit\/maitres-vignerons-de-la-presquile-de-saint-tropez-gold-blanc\/","url":"https:\/\/www.ivinio.com\/fr\/produit\/maitres-vignerons-de-la-presquile-de-saint-tropez-gold-blanc\/","name":"Ma\u00eetres vignerons de la presqu'\u00eele de Saint-Tropez - Gold - Blanc - IVINIO Caviste","isPartOf":{"@id":"https:\/\/www.ivinio.com\/fr\/#website"},"primaryImageOfPage":{"@id":"https:\/\/www.ivinio.com\/fr\/produit\/maitres-vignerons-de-la-presquile-de-saint-tropez-gold-blanc\/#primaryimage"},"image":{"@id":"https:\/\/www.ivinio.com\/fr\/produit\/maitres-vignerons-de-la-presquile-de-saint-tropez-gold-blanc\/#primaryimage"},"thumbnailUrl":"https:\/\/www.ivinio.com\/wp-content\/uploads\/2025\/04\/Maitres-vignerons-de-la-presquile-de-saint-tropez-Gold-IVINIO.jpg","datePublished":"2025-04-30T09:49:30+00:00","dateModified":"2025-04-30T10:02:45+00:00","description":"Ma\u00eetres vignerons de la presqu'\u00eele de Saint-Tropez - Or - Blanc pr\u00e9sente des notes aromatiques d'agrumes. Le palais est rond et cors\u00e9, mais avec une bonne fra\u00eecheur.","breadcrumb":{"@id":"https:\/\/www.ivinio.com\/fr\/produit\/maitres-vignerons-de-la-presquile-de-saint-tropez-gold-blanc\/#breadcrumb"},"inLanguage":"fr-FR","potentialAction":[{"@type":"ReadAction","target":["https:\/\/www.ivinio.com\/fr\/produit\/maitres-vignerons-de-la-presquile-de-saint-tropez-gold-blanc\/"]}]},{"@type":"ImageObject","inLanguage":"fr-FR","@id":"https:\/\/www.ivinio.com\/fr\/produit\/maitres-vignerons-de-la-presquile-de-saint-tropez-gold-blanc\/#primaryimage","url":"https:\/\/www.ivinio.com\/wp-content\/uploads\/2025\/04\/Maitres-vignerons-de-la-presquile-de-saint-tropez-Gold-IVINIO.jpg","contentUrl":"https:\/\/www.ivinio.com\/wp-content\/uploads\/2025\/04\/Maitres-vignerons-de-la-presquile-de-saint-tropez-Gold-IVINIO.jpg","width":500,"height":500,"caption":"Ma\u00eetres vignerons de la presqu'\u00eele de Saint-Tropez - Gold"},{"@type":"BreadcrumbList","@id":"https:\/\/www.ivinio.com\/fr\/produit\/maitres-vignerons-de-la-presquile-de-saint-tropez-gold-blanc\/#breadcrumb","itemListElement":[{"@type":"ListItem","position":1,"name":"Home","item":"https:\/\/www.ivinio.com\/fr\/"},{"@type":"ListItem","position":2,"name":"Boutique de vin","item":"https:\/\/www.ivinio.com\/fr\/boutique-de-vin\/"},{"@type":"ListItem","position":3,"name":"Ma\u00eetres vignerons de la presqu&#8217;\u00eele de Saint-Tropez &#8211; Gold &#8211; Blanc"}]},{"@type":"WebSite","@id":"https:\/\/www.ivinio.com\/fr\/#website","url":"https:\/\/www.ivinio.com\/fr\/","name":"IVINIO Caviste","description":"Vins de France et d&#039;Italie avec livraison \u00e0 domicile","publisher":{"@id":"https:\/\/www.ivinio.com\/fr\/#organization"},"potentialAction":[{"@type":"SearchAction","target":{"@type":"EntryPoint","urlTemplate":"https:\/\/www.ivinio.com\/fr\/?s={search_term_string}"},"query-input":{"@type":"PropertyValueSpecification","valueRequired":true,"valueName":"search_term_string"}}],"inLanguage":"fr-FR"},{"@type":"Organization","@id":"https:\/\/www.ivinio.com\/fr\/#organization","name":"IVINIO","url":"https:\/\/www.ivinio.com\/fr\/","logo":{"@type":"ImageObject","inLanguage":"fr-FR","@id":"https:\/\/www.ivinio.com\/fr\/#\/schema\/logo\/image\/","url":"https:\/\/www.ivinio.com\/wp-content\/uploads\/2021\/01\/Logo-Ivinio-v2.jpg","contentUrl":"https:\/\/www.ivinio.com\/wp-content\/uploads\/2021\/01\/Logo-Ivinio-v2.jpg","width":1194,"height":1194,"caption":"IVINIO"},"image":{"@id":"https:\/\/www.ivinio.com\/fr\/#\/schema\/logo\/image\/"},"sameAs":["https:\/\/www.facebook.com\/groups\/165217837022391\/?ref=bookmarks","https:\/\/www.instagram.com\/_ivinio_\/?hl=fr"]}]}},"jetpack_sharing_enabled":true,"_links":{"self":[{"href":"https:\/\/www.ivinio.com\/fr\/wp-json\/wp\/v2\/product\/137481","targetHints":{"allow":["GET"]}}],"collection":[{"href":"https:\/\/www.ivinio.com\/fr\/wp-json\/wp\/v2\/product"}],"about":[{"href":"https:\/\/www.ivinio.com\/fr\/wp-json\/wp\/v2\/types\/product"}],"replies":[{"embeddable":true,"href":"https:\/\/www.ivinio.com\/fr\/wp-json\/wp\/v2\/comments?post=137481"}],"wp:featuredmedia":[{"embeddable":true,"href":"https:\/\/www.ivinio.com\/fr\/wp-json\/wp\/v2\/media\/137419"}],"wp:attachment":[{"href":"https:\/\/www.ivinio.com\/fr\/wp-json\/wp\/v2\/media?parent=137481"}],"wp:term":[{"taxonomy":"product_brand","embeddable":true,"href":"https:\/\/www.ivinio.com\/fr\/wp-json\/wp\/v2\/product_brand?post=137481"},{"taxonomy":"product_cat","embeddable":true,"href":"https:\/\/www.ivinio.com\/fr\/wp-json\/wp\/v2\/product_cat?post=137481"},{"taxonomy":"product_tag","embeddable":true,"href":"https:\/\/www.ivinio.com\/fr\/wp-json\/wp\/v2\/product_tag?post=137481"}],"curies":[{"name":"wp","href":"https:\/\/api.w.org\/{rel}","templated":true}]}}