{"id":137157,"date":"2025-03-07T14:18:30","date_gmt":"2025-03-15T17:45:58","guid":{"rendered":"https:\/\/www.ivinio.com\/product\/domaine-de-leglisette-carton-melange-2x3-bouteilles-rouge\/"},"modified":"2025-03-15T18:58:51","modified_gmt":"2025-03-15T17:58:51","slug":"domaine-de-leglisette-carton-melange-2x3-bouteilles-rouge","status":"publish","type":"product","link":"https:\/\/www.ivinio.com\/fr\/produit\/domaine-de-leglisette-carton-melange-2x3-bouteilles-rouge\/","title":{"rendered":"Domaine de l&#8217;Eglisette &#8211; Carton m\u00e9lang\u00e9 2&#215;3 bouteilles &#8211; Rouge"},"content":{"rendered":"<p>Ce coffret de vins mixtes du Domaine de l&#8217;Eglisette contient 2 vins rouges diff\u00e9rents aux styles diff\u00e9rents. Le coffret contient 3 bouteilles de Terre astrale de la prestigieuse appellation Terrasses de Larzac ainsi que 3 bouteilles de Clair obscur de Saint-Guilhem-le-d\u00e9sert. Tous deux sont des vins du Languedoc ronds et soyeux.<\/p>\n","protected":false},"excerpt":{"rendered":"<p>Coffret mixte de 2 vins rouges du Domaine de l&#8217;Eglisette situ\u00e9 en appellation Terrasses-de-Larzac.<\/p>\n","protected":false},"featured_media":137131,"comment_status":"open","ping_status":"closed","template":"","meta":{"_monsterinsights_skip_tracking":false,"_monsterinsights_sitenote_active":false,"_monsterinsights_sitenote_note":"","_monsterinsights_sitenote_category":0,"_uf_show_specific_survey":0,"_uf_disable_surveys":false},"product_brand":[],"product_cat":[36643],"product_tag":[],"class_list":{"0":"post-137157","1":"product","2":"type-product","3":"status-publish","4":"has-post-thumbnail","6":"product_cat-ronde-des-vins","8":"first","9":"instock","10":"sale","11":"virtual","12":"taxable","13":"purchasable","14":"product-type-bundle"},"bundled_by":[],"bundle_stock_status":"instock","bundle_stock_quantity":"","bundle_virtual":false,"bundle_layout":"grid","bundle_add_to_cart_form_location":"after_summary","bundle_editable_in_cart":false,"bundle_sold_individually_context":"product","bundle_item_grouping":"noindent","bundle_min_size":"","bundle_max_size":"","bundle_price":{"price":{"min":{"incl_tax":"49","excl_tax":"49"},"max":{"incl_tax":"49","excl_tax":"49"}},"regular_price":{"min":{"incl_tax":"70.3","excl_tax":"70.25"},"max":{"incl_tax":"70.3","excl_tax":"70.25"}}},"bundled_items":[{"bundled_item_id":9127,"product_id":137145,"menu_order":0,"quantity_min":3,"quantity_max":3,"quantity_default":3,"priced_individually":false,"shipped_individually":false,"override_title":false,"title":"Domaine de l&#8217;Eglisette &#8211; Clair obscur -Rouge","override_description":false,"description":"Domaine de l&#8217;Eglisette &#8211; Clair obscur -Rouge","optional":false,"hide_thumbnail":false,"discount":"","override_variations":false,"allowed_variations":[""],"override_default_variation_attributes":false,"default_variation_attributes":[],"single_product_visibility":"visible","cart_visibility":"visible","order_visibility":"visible","single_product_price_visibility":"visible","cart_price_visibility":"visible","order_price_visibility":"visible","stock_status":"in_stock"},{"bundled_item_id":9128,"product_id":137116,"menu_order":1,"quantity_min":3,"quantity_max":3,"quantity_default":3,"priced_individually":false,"shipped_individually":false,"override_title":false,"title":"Domaine de l&#8217;Eglisette &#8211; Terre astrale &#8211; Terrasses de Larzac -Rouge","override_description":false,"description":"Domaine de l&#8217;Eglisette &#8211; Terre astrale &#8211; Terrasses de Larzac -Rouge","optional":false,"hide_thumbnail":false,"discount":"","override_variations":false,"allowed_variations":[""],"override_default_variation_attributes":false,"default_variation_attributes":[],"single_product_visibility":"visible","cart_visibility":"visible","order_visibility":"visible","single_product_price_visibility":"visible","cart_price_visibility":"visible","order_price_visibility":"visible","stock_status":"in_stock"}],"bundle_sell_ids":[],"yoast_head":"<!-- This site is optimized with the Yoast SEO plugin v27.4 - https:\/\/yoast.com\/product\/yoast-seo-wordpress\/ -->\n<title>Domaine de l&#039;Eglisette - Carton m\u00e9lang\u00e9 2x3 bouteilles - Rouge - IVINIO Caviste<\/title>\n<meta name=\"description\" content=\"Domaine de l&#039;Eglisette - Carton m\u00e9lang\u00e9 2x3 bouteilles - Rouge. Carton m\u00e9lang\u00e9 2x3 bouteilles des Terrasses de Larzac et Saint-Guilhem-le-d\u00e9sert.\" \/>\n<meta name=\"robots\" content=\"index, follow, max-snippet:-1, max-image-preview:large, max-video-preview:-1\" \/>\n<link rel=\"canonical\" href=\"https:\/\/www.ivinio.com\/fr\/produit\/domaine-de-leglisette-carton-melange-2x3-bouteilles-rouge\/\" \/>\n<meta property=\"og:locale\" content=\"fr_FR\" \/>\n<meta property=\"og:type\" content=\"article\" \/>\n<meta property=\"og:title\" content=\"Domaine de l&#039;Eglisette - Carton m\u00e9lang\u00e9 2x3 bouteilles - Rouge - IVINIO Caviste\" \/>\n<meta property=\"og:description\" content=\"Domaine de l&#039;Eglisette - Carton m\u00e9lang\u00e9 2x3 bouteilles - Rouge. Carton m\u00e9lang\u00e9 2x3 bouteilles des Terrasses de Larzac et Saint-Guilhem-le-d\u00e9sert.\" \/>\n<meta property=\"og:url\" content=\"https:\/\/www.ivinio.com\/fr\/produit\/domaine-de-leglisette-carton-melange-2x3-bouteilles-rouge\/\" \/>\n<meta property=\"og:site_name\" content=\"IVINIO Caviste\" \/>\n<meta property=\"article:publisher\" content=\"https:\/\/www.facebook.com\/groups\/165217837022391\/?ref=bookmarks\" \/>\n<meta property=\"article:modified_time\" content=\"2025-03-15T17:58:51+00:00\" \/>\n<meta property=\"og:image\" content=\"https:\/\/www.ivinio.com\/wp-content\/uploads\/2025\/03\/Domaine-de-leglisette-mixed-case-IVINIO.jpg\" \/>\n\t<meta property=\"og:image:width\" content=\"500\" \/>\n\t<meta property=\"og:image:height\" content=\"500\" \/>\n\t<meta property=\"og:image:type\" content=\"image\/jpeg\" \/>\n<meta name=\"twitter:card\" content=\"summary_large_image\" \/>\n<meta name=\"twitter:label1\" content=\"Dur\u00e9e de lecture estim\u00e9e\" \/>\n\t<meta name=\"twitter:data1\" content=\"1 minute\" \/>\n<script type=\"application\/ld+json\" class=\"yoast-schema-graph\">{\"@context\":\"https:\\\/\\\/schema.org\",\"@graph\":[{\"@type\":\"WebPage\",\"@id\":\"https:\\\/\\\/www.ivinio.com\\\/fr\\\/produit\\\/domaine-de-leglisette-carton-melange-2x3-bouteilles-rouge\\\/\",\"url\":\"https:\\\/\\\/www.ivinio.com\\\/fr\\\/produit\\\/domaine-de-leglisette-carton-melange-2x3-bouteilles-rouge\\\/\",\"name\":\"Domaine de l'Eglisette - Carton m\u00e9lang\u00e9 2x3 bouteilles - Rouge - IVINIO Caviste\",\"isPartOf\":{\"@id\":\"https:\\\/\\\/www.ivinio.com\\\/fr\\\/#website\"},\"primaryImageOfPage\":{\"@id\":\"https:\\\/\\\/www.ivinio.com\\\/fr\\\/produit\\\/domaine-de-leglisette-carton-melange-2x3-bouteilles-rouge\\\/#primaryimage\"},\"image\":{\"@id\":\"https:\\\/\\\/www.ivinio.com\\\/fr\\\/produit\\\/domaine-de-leglisette-carton-melange-2x3-bouteilles-rouge\\\/#primaryimage\"},\"thumbnailUrl\":\"https:\\\/\\\/www.ivinio.com\\\/wp-content\\\/uploads\\\/2025\\\/03\\\/Domaine-de-leglisette-mixed-case-IVINIO.jpg\",\"datePublished\":\"2025-03-15T17:45:58+00:00\",\"dateModified\":\"2025-03-15T17:58:51+00:00\",\"description\":\"Domaine de l'Eglisette - Carton m\u00e9lang\u00e9 2x3 bouteilles - Rouge. Carton m\u00e9lang\u00e9 2x3 bouteilles des Terrasses de Larzac et Saint-Guilhem-le-d\u00e9sert.\",\"breadcrumb\":{\"@id\":\"https:\\\/\\\/www.ivinio.com\\\/fr\\\/produit\\\/domaine-de-leglisette-carton-melange-2x3-bouteilles-rouge\\\/#breadcrumb\"},\"inLanguage\":\"fr-FR\",\"potentialAction\":[{\"@type\":\"ReadAction\",\"target\":[\"https:\\\/\\\/www.ivinio.com\\\/fr\\\/produit\\\/domaine-de-leglisette-carton-melange-2x3-bouteilles-rouge\\\/\"]}]},{\"@type\":\"ImageObject\",\"inLanguage\":\"fr-FR\",\"@id\":\"https:\\\/\\\/www.ivinio.com\\\/fr\\\/produit\\\/domaine-de-leglisette-carton-melange-2x3-bouteilles-rouge\\\/#primaryimage\",\"url\":\"https:\\\/\\\/www.ivinio.com\\\/wp-content\\\/uploads\\\/2025\\\/03\\\/Domaine-de-leglisette-mixed-case-IVINIO.jpg\",\"contentUrl\":\"https:\\\/\\\/www.ivinio.com\\\/wp-content\\\/uploads\\\/2025\\\/03\\\/Domaine-de-leglisette-mixed-case-IVINIO.jpg\",\"width\":500,\"height\":500},{\"@type\":\"BreadcrumbList\",\"@id\":\"https:\\\/\\\/www.ivinio.com\\\/fr\\\/produit\\\/domaine-de-leglisette-carton-melange-2x3-bouteilles-rouge\\\/#breadcrumb\",\"itemListElement\":[{\"@type\":\"ListItem\",\"position\":1,\"name\":\"Home\",\"item\":\"https:\\\/\\\/www.ivinio.com\\\/fr\\\/\"},{\"@type\":\"ListItem\",\"position\":2,\"name\":\"Boutique de vin\",\"item\":\"https:\\\/\\\/www.ivinio.com\\\/fr\\\/boutique-de-vin\\\/\"},{\"@type\":\"ListItem\",\"position\":3,\"name\":\"Domaine de l&#8217;Eglisette &#8211; Carton m\u00e9lang\u00e9 2&#215;3 bouteilles &#8211; Rouge\"}]},{\"@type\":\"WebSite\",\"@id\":\"https:\\\/\\\/www.ivinio.com\\\/fr\\\/#website\",\"url\":\"https:\\\/\\\/www.ivinio.com\\\/fr\\\/\",\"name\":\"IVINIO Caviste\",\"description\":\"Vins de France et d&#039;Italie avec livraison \u00e0 domicile\",\"publisher\":{\"@id\":\"https:\\\/\\\/www.ivinio.com\\\/fr\\\/#organization\"},\"potentialAction\":[{\"@type\":\"SearchAction\",\"target\":{\"@type\":\"EntryPoint\",\"urlTemplate\":\"https:\\\/\\\/www.ivinio.com\\\/fr\\\/?s={search_term_string}\"},\"query-input\":{\"@type\":\"PropertyValueSpecification\",\"valueRequired\":true,\"valueName\":\"search_term_string\"}}],\"inLanguage\":\"fr-FR\"},{\"@type\":\"Organization\",\"@id\":\"https:\\\/\\\/www.ivinio.com\\\/fr\\\/#organization\",\"name\":\"IVINIO\",\"url\":\"https:\\\/\\\/www.ivinio.com\\\/fr\\\/\",\"logo\":{\"@type\":\"ImageObject\",\"inLanguage\":\"fr-FR\",\"@id\":\"https:\\\/\\\/www.ivinio.com\\\/fr\\\/#\\\/schema\\\/logo\\\/image\\\/\",\"url\":\"https:\\\/\\\/www.ivinio.com\\\/wp-content\\\/uploads\\\/2021\\\/01\\\/Logo-Ivinio-v2.jpg\",\"contentUrl\":\"https:\\\/\\\/www.ivinio.com\\\/wp-content\\\/uploads\\\/2021\\\/01\\\/Logo-Ivinio-v2.jpg\",\"width\":1194,\"height\":1194,\"caption\":\"IVINIO\"},\"image\":{\"@id\":\"https:\\\/\\\/www.ivinio.com\\\/fr\\\/#\\\/schema\\\/logo\\\/image\\\/\"},\"sameAs\":[\"https:\\\/\\\/www.facebook.com\\\/groups\\\/165217837022391\\\/?ref=bookmarks\",\"https:\\\/\\\/www.instagram.com\\\/_ivinio_\\\/?hl=fr\"]}]}<\/script>\n<!-- \/ Yoast SEO plugin. -->","yoast_head_json":{"title":"Domaine de l'Eglisette - Carton m\u00e9lang\u00e9 2x3 bouteilles - Rouge - IVINIO Caviste","description":"Domaine de l'Eglisette - Carton m\u00e9lang\u00e9 2x3 bouteilles - Rouge. Carton m\u00e9lang\u00e9 2x3 bouteilles des Terrasses de Larzac et Saint-Guilhem-le-d\u00e9sert.","robots":{"index":"index","follow":"follow","max-snippet":"max-snippet:-1","max-image-preview":"max-image-preview:large","max-video-preview":"max-video-preview:-1"},"canonical":"https:\/\/www.ivinio.com\/fr\/produit\/domaine-de-leglisette-carton-melange-2x3-bouteilles-rouge\/","og_locale":"fr_FR","og_type":"article","og_title":"Domaine de l'Eglisette - Carton m\u00e9lang\u00e9 2x3 bouteilles - Rouge - IVINIO Caviste","og_description":"Domaine de l'Eglisette - Carton m\u00e9lang\u00e9 2x3 bouteilles - Rouge. Carton m\u00e9lang\u00e9 2x3 bouteilles des Terrasses de Larzac et Saint-Guilhem-le-d\u00e9sert.","og_url":"https:\/\/www.ivinio.com\/fr\/produit\/domaine-de-leglisette-carton-melange-2x3-bouteilles-rouge\/","og_site_name":"IVINIO Caviste","article_publisher":"https:\/\/www.facebook.com\/groups\/165217837022391\/?ref=bookmarks","article_modified_time":"2025-03-15T17:58:51+00:00","og_image":[{"width":500,"height":500,"url":"https:\/\/www.ivinio.com\/wp-content\/uploads\/2025\/03\/Domaine-de-leglisette-mixed-case-IVINIO.jpg","type":"image\/jpeg"}],"twitter_card":"summary_large_image","twitter_misc":{"Dur\u00e9e de lecture estim\u00e9e":"1 minute"},"schema":{"@context":"https:\/\/schema.org","@graph":[{"@type":"WebPage","@id":"https:\/\/www.ivinio.com\/fr\/produit\/domaine-de-leglisette-carton-melange-2x3-bouteilles-rouge\/","url":"https:\/\/www.ivinio.com\/fr\/produit\/domaine-de-leglisette-carton-melange-2x3-bouteilles-rouge\/","name":"Domaine de l'Eglisette - Carton m\u00e9lang\u00e9 2x3 bouteilles - Rouge - IVINIO Caviste","isPartOf":{"@id":"https:\/\/www.ivinio.com\/fr\/#website"},"primaryImageOfPage":{"@id":"https:\/\/www.ivinio.com\/fr\/produit\/domaine-de-leglisette-carton-melange-2x3-bouteilles-rouge\/#primaryimage"},"image":{"@id":"https:\/\/www.ivinio.com\/fr\/produit\/domaine-de-leglisette-carton-melange-2x3-bouteilles-rouge\/#primaryimage"},"thumbnailUrl":"https:\/\/www.ivinio.com\/wp-content\/uploads\/2025\/03\/Domaine-de-leglisette-mixed-case-IVINIO.jpg","datePublished":"2025-03-15T17:45:58+00:00","dateModified":"2025-03-15T17:58:51+00:00","description":"Domaine de l'Eglisette - Carton m\u00e9lang\u00e9 2x3 bouteilles - Rouge. Carton m\u00e9lang\u00e9 2x3 bouteilles des Terrasses de Larzac et Saint-Guilhem-le-d\u00e9sert.","breadcrumb":{"@id":"https:\/\/www.ivinio.com\/fr\/produit\/domaine-de-leglisette-carton-melange-2x3-bouteilles-rouge\/#breadcrumb"},"inLanguage":"fr-FR","potentialAction":[{"@type":"ReadAction","target":["https:\/\/www.ivinio.com\/fr\/produit\/domaine-de-leglisette-carton-melange-2x3-bouteilles-rouge\/"]}]},{"@type":"ImageObject","inLanguage":"fr-FR","@id":"https:\/\/www.ivinio.com\/fr\/produit\/domaine-de-leglisette-carton-melange-2x3-bouteilles-rouge\/#primaryimage","url":"https:\/\/www.ivinio.com\/wp-content\/uploads\/2025\/03\/Domaine-de-leglisette-mixed-case-IVINIO.jpg","contentUrl":"https:\/\/www.ivinio.com\/wp-content\/uploads\/2025\/03\/Domaine-de-leglisette-mixed-case-IVINIO.jpg","width":500,"height":500},{"@type":"BreadcrumbList","@id":"https:\/\/www.ivinio.com\/fr\/produit\/domaine-de-leglisette-carton-melange-2x3-bouteilles-rouge\/#breadcrumb","itemListElement":[{"@type":"ListItem","position":1,"name":"Home","item":"https:\/\/www.ivinio.com\/fr\/"},{"@type":"ListItem","position":2,"name":"Boutique de vin","item":"https:\/\/www.ivinio.com\/fr\/boutique-de-vin\/"},{"@type":"ListItem","position":3,"name":"Domaine de l&#8217;Eglisette &#8211; Carton m\u00e9lang\u00e9 2&#215;3 bouteilles &#8211; Rouge"}]},{"@type":"WebSite","@id":"https:\/\/www.ivinio.com\/fr\/#website","url":"https:\/\/www.ivinio.com\/fr\/","name":"IVINIO Caviste","description":"Vins de France et d&#039;Italie avec livraison \u00e0 domicile","publisher":{"@id":"https:\/\/www.ivinio.com\/fr\/#organization"},"potentialAction":[{"@type":"SearchAction","target":{"@type":"EntryPoint","urlTemplate":"https:\/\/www.ivinio.com\/fr\/?s={search_term_string}"},"query-input":{"@type":"PropertyValueSpecification","valueRequired":true,"valueName":"search_term_string"}}],"inLanguage":"fr-FR"},{"@type":"Organization","@id":"https:\/\/www.ivinio.com\/fr\/#organization","name":"IVINIO","url":"https:\/\/www.ivinio.com\/fr\/","logo":{"@type":"ImageObject","inLanguage":"fr-FR","@id":"https:\/\/www.ivinio.com\/fr\/#\/schema\/logo\/image\/","url":"https:\/\/www.ivinio.com\/wp-content\/uploads\/2021\/01\/Logo-Ivinio-v2.jpg","contentUrl":"https:\/\/www.ivinio.com\/wp-content\/uploads\/2021\/01\/Logo-Ivinio-v2.jpg","width":1194,"height":1194,"caption":"IVINIO"},"image":{"@id":"https:\/\/www.ivinio.com\/fr\/#\/schema\/logo\/image\/"},"sameAs":["https:\/\/www.facebook.com\/groups\/165217837022391\/?ref=bookmarks","https:\/\/www.instagram.com\/_ivinio_\/?hl=fr"]}]}},"jetpack_sharing_enabled":true,"_links":{"self":[{"href":"https:\/\/www.ivinio.com\/fr\/wp-json\/wp\/v2\/product\/137157","targetHints":{"allow":["GET"]}}],"collection":[{"href":"https:\/\/www.ivinio.com\/fr\/wp-json\/wp\/v2\/product"}],"about":[{"href":"https:\/\/www.ivinio.com\/fr\/wp-json\/wp\/v2\/types\/product"}],"replies":[{"embeddable":true,"href":"https:\/\/www.ivinio.com\/fr\/wp-json\/wp\/v2\/comments?post=137157"}],"wp:featuredmedia":[{"embeddable":true,"href":"https:\/\/www.ivinio.com\/fr\/wp-json\/wp\/v2\/media\/137131"}],"wp:attachment":[{"href":"https:\/\/www.ivinio.com\/fr\/wp-json\/wp\/v2\/media?parent=137157"}],"wp:term":[{"taxonomy":"product_brand","embeddable":true,"href":"https:\/\/www.ivinio.com\/fr\/wp-json\/wp\/v2\/product_brand?post=137157"},{"taxonomy":"product_cat","embeddable":true,"href":"https:\/\/www.ivinio.com\/fr\/wp-json\/wp\/v2\/product_cat?post=137157"},{"taxonomy":"product_tag","embeddable":true,"href":"https:\/\/www.ivinio.com\/fr\/wp-json\/wp\/v2\/product_tag?post=137157"}],"curies":[{"name":"wp","href":"https:\/\/api.w.org\/{rel}","templated":true}]}}