{"id":137045,"date":"2025-02-07T16:16:15","date_gmt":"2025-02-20T10:40:14","guid":{"rendered":"https:\/\/www.ivinio.com\/product\/decugnano-dei-barbi-a-d-1212\/"},"modified":"2025-02-20T11:53:41","modified_gmt":"2025-02-20T10:53:41","slug":"decugnano-dei-barbi-a-d-1212","status":"publish","type":"product","link":"https:\/\/www.ivinio.com\/fr\/produit\/decugnano-dei-barbi-a-d-1212\/","title":{"rendered":"Decugnano dei Barbi- A.D.1212"},"content":{"rendered":"<p>Le vin est un hommage \u00e0 l&#8217;ann\u00e9e 1212, lorsque Decugnano a \u00e9t\u00e9 mentionn\u00e9 pour la premi\u00e8re fois par \u00e9crit lorsque deux pr\u00eatres, Giovanni et Pietro, s&#8217;occupaient de Santa Maria di Decugnano et produisaient du vin pour le clerg\u00e9 d&#8217;Orvieto. Le vin est \u00e9labor\u00e9 \u00e0 partir d&#8217;un assemblage de Cabernet Sauvignon, Syrah et Montepulciano. <span style=\"font-size: 1rem;\">Les raisins sont vendang\u00e9s <\/span><span style=\"font-size: 1rem;\">fin septembre et d\u00e9but octobre pour assurer une maturit\u00e9 optimale. <\/span><span style=\"font-size: 1rem;\">Seules les meilleures grappes de raisin sont s\u00e9lectionn\u00e9es pour garantir la plus haute qualit\u00e9. Les raisins sont ensuite \u00e9grapp\u00e9s et l\u00e9g\u00e8rement press\u00e9s. <\/span><span style=\"font-size: 1rem;\">Le mo\u00fbt est ferment\u00e9<\/span> en cuves inox <span style=\"font-size: 1rem;\">\u00e0 temp\u00e9rature contr\u00f4l\u00e9e<\/span>, avec une longue mac\u00e9ration pelliculaire <span style=\"font-size: 1rem;\">pour extraire la couleur, les tanins et les ar\u00f4mes.<\/span><span style=\"font-size: 1rem;\"> \u2192 Pigeages r\u00e9guliers du mo\u00fbt et remontages pour maximiser l&#8217;extraction. Apr\u00e8s la fermentation, le vin est \u00e9lev\u00e9 <\/span><span style=\"font-size: 1rem;\"> en<\/span> f\u00fbts de ch\u00eane fran\u00e7ais pendant 12 \u00e0 14 mois<span style=\"font-size: 1rem;\">.<\/span> <span style=\"font-size: 1rem;\">Des f\u00fbts neufs et usag\u00e9s <\/span><span style=\"font-size: 1rem;\">sont utilis\u00e9s pour \u00e9quilibrer l&#8217;influence du ch\u00eane<\/span> <span style=\"font-size: 1rem;\">et maintenir le fruit\u00e9 du vin. Apr\u00e8s l&#8217;\u00e9levage en f\u00fbt, le vin repose encore<\/span> 6 \u00e0 12 mois en bouteille <span style=\"font-size: 1rem;\">avant d&#8217;\u00eatre commercialis\u00e9.<\/span><\/p>\n","protected":false},"excerpt":{"rendered":"<p>Un vin rouge complexe \u00e9lev\u00e9 en f\u00fbt de ch\u00eane d&#8217;Ombrie<\/p>\n","protected":false},"featured_media":136937,"comment_status":"open","ping_status":"closed","template":"","meta":{"_monsterinsights_skip_tracking":false,"_monsterinsights_sitenote_active":false,"_monsterinsights_sitenote_note":"","_monsterinsights_sitenote_category":0,"_uf_show_specific_survey":0,"_uf_disable_surveys":false},"product_brand":[],"product_cat":[36664,36589],"product_tag":[],"class_list":{"0":"post-137045","1":"product","2":"type-product","3":"status-publish","4":"has-post-thumbnail","6":"product_cat-fr-ombrie","7":"product_cat-vins-italiens","9":"first","10":"instock","11":"taxable","12":"shipping-taxable","13":"purchasable","14":"product-type-simple"},"bundled_by":[],"bundle_stock_status":"instock","bundle_stock_quantity":null,"bundle_virtual":false,"bundle_layout":"","bundle_add_to_cart_form_location":"","bundle_editable_in_cart":false,"bundle_sold_individually_context":"","bundle_item_grouping":"","bundle_min_size":"","bundle_max_size":"","bundle_price":[],"bundled_items":[],"bundle_sell_ids":[],"yoast_head":"<!-- This site is optimized with the Yoast SEO plugin v27.4 - https:\/\/yoast.com\/product\/yoast-seo-wordpress\/ -->\n<title>Decugnano dei Barbi- A.D.1212 - IVINIO Caviste<\/title>\n<meta name=\"description\" content=\"Decugnano dei Barbi - 1212 apr\u00e8s J.C. Un vin rouge complexe \u00e9lev\u00e9 en f\u00fbts de ch\u00eane d&#039;Ombrie avec des notes de cassis m\u00fbrs, de cerises, de prunes et de m\u00fbres.\" \/>\n<meta name=\"robots\" content=\"index, follow, max-snippet:-1, max-image-preview:large, max-video-preview:-1\" \/>\n<link rel=\"canonical\" href=\"https:\/\/www.ivinio.com\/fr\/produit\/decugnano-dei-barbi-a-d-1212\/\" \/>\n<meta property=\"og:locale\" content=\"fr_FR\" \/>\n<meta property=\"og:type\" content=\"article\" \/>\n<meta property=\"og:title\" content=\"Decugnano dei Barbi- A.D.1212 - IVINIO Caviste\" \/>\n<meta property=\"og:description\" content=\"Decugnano dei Barbi - 1212 apr\u00e8s J.C. Un vin rouge complexe \u00e9lev\u00e9 en f\u00fbts de ch\u00eane d&#039;Ombrie avec des notes de cassis m\u00fbrs, de cerises, de prunes et de m\u00fbres.\" \/>\n<meta property=\"og:url\" content=\"https:\/\/www.ivinio.com\/fr\/produit\/decugnano-dei-barbi-a-d-1212\/\" \/>\n<meta property=\"og:site_name\" content=\"IVINIO Caviste\" \/>\n<meta property=\"article:publisher\" content=\"https:\/\/www.facebook.com\/groups\/165217837022391\/?ref=bookmarks\" \/>\n<meta property=\"article:modified_time\" content=\"2025-02-20T10:53:41+00:00\" \/>\n<meta property=\"og:image\" content=\"https:\/\/www.ivinio.com\/wp-content\/uploads\/2025\/02\/Decugnano-dei-barbi-AD1212-IVINIO.jpg\" \/>\n\t<meta property=\"og:image:width\" content=\"500\" \/>\n\t<meta property=\"og:image:height\" content=\"500\" \/>\n\t<meta property=\"og:image:type\" content=\"image\/jpeg\" \/>\n<meta name=\"twitter:card\" content=\"summary_large_image\" \/>\n<meta name=\"twitter:label1\" content=\"Dur\u00e9e de lecture estim\u00e9e\" \/>\n\t<meta name=\"twitter:data1\" content=\"1 minute\" \/>\n<script type=\"application\/ld+json\" class=\"yoast-schema-graph\">{\"@context\":\"https:\\\/\\\/schema.org\",\"@graph\":[{\"@type\":\"WebPage\",\"@id\":\"https:\\\/\\\/www.ivinio.com\\\/fr\\\/produit\\\/decugnano-dei-barbi-a-d-1212\\\/\",\"url\":\"https:\\\/\\\/www.ivinio.com\\\/fr\\\/produit\\\/decugnano-dei-barbi-a-d-1212\\\/\",\"name\":\"Decugnano dei Barbi- A.D.1212 - IVINIO Caviste\",\"isPartOf\":{\"@id\":\"https:\\\/\\\/www.ivinio.com\\\/fr\\\/#website\"},\"primaryImageOfPage\":{\"@id\":\"https:\\\/\\\/www.ivinio.com\\\/fr\\\/produit\\\/decugnano-dei-barbi-a-d-1212\\\/#primaryimage\"},\"image\":{\"@id\":\"https:\\\/\\\/www.ivinio.com\\\/fr\\\/produit\\\/decugnano-dei-barbi-a-d-1212\\\/#primaryimage\"},\"thumbnailUrl\":\"https:\\\/\\\/www.ivinio.com\\\/wp-content\\\/uploads\\\/2025\\\/02\\\/Decugnano-dei-barbi-AD1212-IVINIO.jpg\",\"datePublished\":\"2025-02-20T10:40:14+00:00\",\"dateModified\":\"2025-02-20T10:53:41+00:00\",\"description\":\"Decugnano dei Barbi - 1212 apr\u00e8s J.C. Un vin rouge complexe \u00e9lev\u00e9 en f\u00fbts de ch\u00eane d'Ombrie avec des notes de cassis m\u00fbrs, de cerises, de prunes et de m\u00fbres.\",\"breadcrumb\":{\"@id\":\"https:\\\/\\\/www.ivinio.com\\\/fr\\\/produit\\\/decugnano-dei-barbi-a-d-1212\\\/#breadcrumb\"},\"inLanguage\":\"fr-FR\",\"potentialAction\":[{\"@type\":\"ReadAction\",\"target\":[\"https:\\\/\\\/www.ivinio.com\\\/fr\\\/produit\\\/decugnano-dei-barbi-a-d-1212\\\/\"]}]},{\"@type\":\"ImageObject\",\"inLanguage\":\"fr-FR\",\"@id\":\"https:\\\/\\\/www.ivinio.com\\\/fr\\\/produit\\\/decugnano-dei-barbi-a-d-1212\\\/#primaryimage\",\"url\":\"https:\\\/\\\/www.ivinio.com\\\/wp-content\\\/uploads\\\/2025\\\/02\\\/Decugnano-dei-barbi-AD1212-IVINIO.jpg\",\"contentUrl\":\"https:\\\/\\\/www.ivinio.com\\\/wp-content\\\/uploads\\\/2025\\\/02\\\/Decugnano-dei-barbi-AD1212-IVINIO.jpg\",\"width\":500,\"height\":500},{\"@type\":\"BreadcrumbList\",\"@id\":\"https:\\\/\\\/www.ivinio.com\\\/fr\\\/produit\\\/decugnano-dei-barbi-a-d-1212\\\/#breadcrumb\",\"itemListElement\":[{\"@type\":\"ListItem\",\"position\":1,\"name\":\"Home\",\"item\":\"https:\\\/\\\/www.ivinio.com\\\/fr\\\/\"},{\"@type\":\"ListItem\",\"position\":2,\"name\":\"Boutique de vin\",\"item\":\"https:\\\/\\\/www.ivinio.com\\\/fr\\\/boutique-de-vin\\\/\"},{\"@type\":\"ListItem\",\"position\":3,\"name\":\"Decugnano dei Barbi- A.D.1212\"}]},{\"@type\":\"WebSite\",\"@id\":\"https:\\\/\\\/www.ivinio.com\\\/fr\\\/#website\",\"url\":\"https:\\\/\\\/www.ivinio.com\\\/fr\\\/\",\"name\":\"IVINIO Caviste\",\"description\":\"Vins de France et d&#039;Italie avec livraison \u00e0 domicile\",\"publisher\":{\"@id\":\"https:\\\/\\\/www.ivinio.com\\\/fr\\\/#organization\"},\"potentialAction\":[{\"@type\":\"SearchAction\",\"target\":{\"@type\":\"EntryPoint\",\"urlTemplate\":\"https:\\\/\\\/www.ivinio.com\\\/fr\\\/?s={search_term_string}\"},\"query-input\":{\"@type\":\"PropertyValueSpecification\",\"valueRequired\":true,\"valueName\":\"search_term_string\"}}],\"inLanguage\":\"fr-FR\"},{\"@type\":\"Organization\",\"@id\":\"https:\\\/\\\/www.ivinio.com\\\/fr\\\/#organization\",\"name\":\"IVINIO\",\"url\":\"https:\\\/\\\/www.ivinio.com\\\/fr\\\/\",\"logo\":{\"@type\":\"ImageObject\",\"inLanguage\":\"fr-FR\",\"@id\":\"https:\\\/\\\/www.ivinio.com\\\/fr\\\/#\\\/schema\\\/logo\\\/image\\\/\",\"url\":\"https:\\\/\\\/www.ivinio.com\\\/wp-content\\\/uploads\\\/2021\\\/01\\\/Logo-Ivinio-v2.jpg\",\"contentUrl\":\"https:\\\/\\\/www.ivinio.com\\\/wp-content\\\/uploads\\\/2021\\\/01\\\/Logo-Ivinio-v2.jpg\",\"width\":1194,\"height\":1194,\"caption\":\"IVINIO\"},\"image\":{\"@id\":\"https:\\\/\\\/www.ivinio.com\\\/fr\\\/#\\\/schema\\\/logo\\\/image\\\/\"},\"sameAs\":[\"https:\\\/\\\/www.facebook.com\\\/groups\\\/165217837022391\\\/?ref=bookmarks\",\"https:\\\/\\\/www.instagram.com\\\/_ivinio_\\\/?hl=fr\"]}]}<\/script>\n<!-- \/ Yoast SEO plugin. -->","yoast_head_json":{"title":"Decugnano dei Barbi- A.D.1212 - IVINIO Caviste","description":"Decugnano dei Barbi - 1212 apr\u00e8s J.C. Un vin rouge complexe \u00e9lev\u00e9 en f\u00fbts de ch\u00eane d'Ombrie avec des notes de cassis m\u00fbrs, de cerises, de prunes et de m\u00fbres.","robots":{"index":"index","follow":"follow","max-snippet":"max-snippet:-1","max-image-preview":"max-image-preview:large","max-video-preview":"max-video-preview:-1"},"canonical":"https:\/\/www.ivinio.com\/fr\/produit\/decugnano-dei-barbi-a-d-1212\/","og_locale":"fr_FR","og_type":"article","og_title":"Decugnano dei Barbi- A.D.1212 - IVINIO Caviste","og_description":"Decugnano dei Barbi - 1212 apr\u00e8s J.C. Un vin rouge complexe \u00e9lev\u00e9 en f\u00fbts de ch\u00eane d'Ombrie avec des notes de cassis m\u00fbrs, de cerises, de prunes et de m\u00fbres.","og_url":"https:\/\/www.ivinio.com\/fr\/produit\/decugnano-dei-barbi-a-d-1212\/","og_site_name":"IVINIO Caviste","article_publisher":"https:\/\/www.facebook.com\/groups\/165217837022391\/?ref=bookmarks","article_modified_time":"2025-02-20T10:53:41+00:00","og_image":[{"width":500,"height":500,"url":"https:\/\/www.ivinio.com\/wp-content\/uploads\/2025\/02\/Decugnano-dei-barbi-AD1212-IVINIO.jpg","type":"image\/jpeg"}],"twitter_card":"summary_large_image","twitter_misc":{"Dur\u00e9e de lecture estim\u00e9e":"1 minute"},"schema":{"@context":"https:\/\/schema.org","@graph":[{"@type":"WebPage","@id":"https:\/\/www.ivinio.com\/fr\/produit\/decugnano-dei-barbi-a-d-1212\/","url":"https:\/\/www.ivinio.com\/fr\/produit\/decugnano-dei-barbi-a-d-1212\/","name":"Decugnano dei Barbi- A.D.1212 - IVINIO Caviste","isPartOf":{"@id":"https:\/\/www.ivinio.com\/fr\/#website"},"primaryImageOfPage":{"@id":"https:\/\/www.ivinio.com\/fr\/produit\/decugnano-dei-barbi-a-d-1212\/#primaryimage"},"image":{"@id":"https:\/\/www.ivinio.com\/fr\/produit\/decugnano-dei-barbi-a-d-1212\/#primaryimage"},"thumbnailUrl":"https:\/\/www.ivinio.com\/wp-content\/uploads\/2025\/02\/Decugnano-dei-barbi-AD1212-IVINIO.jpg","datePublished":"2025-02-20T10:40:14+00:00","dateModified":"2025-02-20T10:53:41+00:00","description":"Decugnano dei Barbi - 1212 apr\u00e8s J.C. Un vin rouge complexe \u00e9lev\u00e9 en f\u00fbts de ch\u00eane d'Ombrie avec des notes de cassis m\u00fbrs, de cerises, de prunes et de m\u00fbres.","breadcrumb":{"@id":"https:\/\/www.ivinio.com\/fr\/produit\/decugnano-dei-barbi-a-d-1212\/#breadcrumb"},"inLanguage":"fr-FR","potentialAction":[{"@type":"ReadAction","target":["https:\/\/www.ivinio.com\/fr\/produit\/decugnano-dei-barbi-a-d-1212\/"]}]},{"@type":"ImageObject","inLanguage":"fr-FR","@id":"https:\/\/www.ivinio.com\/fr\/produit\/decugnano-dei-barbi-a-d-1212\/#primaryimage","url":"https:\/\/www.ivinio.com\/wp-content\/uploads\/2025\/02\/Decugnano-dei-barbi-AD1212-IVINIO.jpg","contentUrl":"https:\/\/www.ivinio.com\/wp-content\/uploads\/2025\/02\/Decugnano-dei-barbi-AD1212-IVINIO.jpg","width":500,"height":500},{"@type":"BreadcrumbList","@id":"https:\/\/www.ivinio.com\/fr\/produit\/decugnano-dei-barbi-a-d-1212\/#breadcrumb","itemListElement":[{"@type":"ListItem","position":1,"name":"Home","item":"https:\/\/www.ivinio.com\/fr\/"},{"@type":"ListItem","position":2,"name":"Boutique de vin","item":"https:\/\/www.ivinio.com\/fr\/boutique-de-vin\/"},{"@type":"ListItem","position":3,"name":"Decugnano dei Barbi- A.D.1212"}]},{"@type":"WebSite","@id":"https:\/\/www.ivinio.com\/fr\/#website","url":"https:\/\/www.ivinio.com\/fr\/","name":"IVINIO Caviste","description":"Vins de France et d&#039;Italie avec livraison \u00e0 domicile","publisher":{"@id":"https:\/\/www.ivinio.com\/fr\/#organization"},"potentialAction":[{"@type":"SearchAction","target":{"@type":"EntryPoint","urlTemplate":"https:\/\/www.ivinio.com\/fr\/?s={search_term_string}"},"query-input":{"@type":"PropertyValueSpecification","valueRequired":true,"valueName":"search_term_string"}}],"inLanguage":"fr-FR"},{"@type":"Organization","@id":"https:\/\/www.ivinio.com\/fr\/#organization","name":"IVINIO","url":"https:\/\/www.ivinio.com\/fr\/","logo":{"@type":"ImageObject","inLanguage":"fr-FR","@id":"https:\/\/www.ivinio.com\/fr\/#\/schema\/logo\/image\/","url":"https:\/\/www.ivinio.com\/wp-content\/uploads\/2021\/01\/Logo-Ivinio-v2.jpg","contentUrl":"https:\/\/www.ivinio.com\/wp-content\/uploads\/2021\/01\/Logo-Ivinio-v2.jpg","width":1194,"height":1194,"caption":"IVINIO"},"image":{"@id":"https:\/\/www.ivinio.com\/fr\/#\/schema\/logo\/image\/"},"sameAs":["https:\/\/www.facebook.com\/groups\/165217837022391\/?ref=bookmarks","https:\/\/www.instagram.com\/_ivinio_\/?hl=fr"]}]}},"jetpack_sharing_enabled":true,"_links":{"self":[{"href":"https:\/\/www.ivinio.com\/fr\/wp-json\/wp\/v2\/product\/137045","targetHints":{"allow":["GET"]}}],"collection":[{"href":"https:\/\/www.ivinio.com\/fr\/wp-json\/wp\/v2\/product"}],"about":[{"href":"https:\/\/www.ivinio.com\/fr\/wp-json\/wp\/v2\/types\/product"}],"replies":[{"embeddable":true,"href":"https:\/\/www.ivinio.com\/fr\/wp-json\/wp\/v2\/comments?post=137045"}],"wp:featuredmedia":[{"embeddable":true,"href":"https:\/\/www.ivinio.com\/fr\/wp-json\/wp\/v2\/media\/136937"}],"wp:attachment":[{"href":"https:\/\/www.ivinio.com\/fr\/wp-json\/wp\/v2\/media?parent=137045"}],"wp:term":[{"taxonomy":"product_brand","embeddable":true,"href":"https:\/\/www.ivinio.com\/fr\/wp-json\/wp\/v2\/product_brand?post=137045"},{"taxonomy":"product_cat","embeddable":true,"href":"https:\/\/www.ivinio.com\/fr\/wp-json\/wp\/v2\/product_cat?post=137045"},{"taxonomy":"product_tag","embeddable":true,"href":"https:\/\/www.ivinio.com\/fr\/wp-json\/wp\/v2\/product_tag?post=137045"}],"curies":[{"name":"wp","href":"https:\/\/api.w.org\/{rel}","templated":true}]}}