{"id":137004,"date":"2025-02-01T17:20:39","date_gmt":"2025-02-15T10:55:11","guid":{"rendered":"https:\/\/www.ivinio.com\/?post_type=product&#038;p=137004"},"modified":"2025-02-15T12:19:46","modified_gmt":"2025-02-15T11:19:46","slug":"ca-del-bosco-maurizio-zanella-rouge","status":"publish","type":"product","link":"https:\/\/www.ivinio.com\/fr\/produit\/ca-del-bosco-maurizio-zanella-rouge\/","title":{"rendered":"Ca&#8217; del Bosco &#8211; Maurizio Zanella-Rouge"},"content":{"rendered":"<p><span class=\"error-spellcheck\" data-word=\"Ca\" data-suggestion=\"\u00c7a|CA|Cam|Cap|Fa|Ha|La\">Ca<\/span>&#8216; <span class=\"error-spellcheck\" data-word=\"del\" data-suggestion=\"de|dei|der|des|dey|dol|deal\">del<\/span> Bosco &#8211; <span class=\"error-spellcheck\" data-word=\"Maurizio\" data-suggestion=\"Mauricio|Mauricie\">Maurizio<\/span> <span class=\"error-spellcheck\" data-word=\"Zanella\" data-suggestion=\"Atellane\">Zanella<\/span> est l&#8217;un des vins rouges les plus prestigieux du domaine et porte le nom du fondateur lui-m\u00eame. Le vin est compos\u00e9 de Cabernet Sauvignon, Merlot et Cabernet Franc provenant des meilleures parcelles de <span class=\"error-spellcheck\" data-word=\"Ca\" data-suggestion=\"\u00c7a|CA|Cam|Cap|Fa|Ha|La\">Ca<\/span>&#8216; <span class=\"error-spellcheck\" data-word=\"del\" data-suggestion=\"de|dei|der|des|dey|dol|deal\">del<\/span> Bosco. Les raisins sont cueillis \u00e0 la main et plac\u00e9s dans de petites caisses, o\u00f9 ils sont tri\u00e9s et refroidis. Les grappes sont tri\u00e9s avant de passer dans le \u00ab Spa de baies \u00bb, c&#8217;est-\u00e0-dire un lavage sp\u00e9cial avec trois cuves de trempage et un syst\u00e8me de s\u00e9chage. Les grappes sont ensuite transport\u00e9es vers la cuve de mac\u00e9ration pour \u00eatre \u00e9grapp\u00e9es. La fermentation alcoolique et la mac\u00e9ration durent 21 jours avec un contr\u00f4le minutieux de la temp\u00e9rature. Le vin est assembl\u00e9 quotidiennement par pompage par gravit\u00e9 pour extraire la couleur et les tanins. Le vin est ensuite vers\u00e9 dans de petits <span class=\"error-spellcheck\" data-word=\"f\u00fbts\" data-suggestion=\"f\u00fbt|f\u00fbtes|fats|futs|f\u00fbt s\">f\u00fbts<\/span>, dont 70% sont des <span class=\"error-spellcheck\" data-word=\"f\u00fbts\" data-suggestion=\"f\u00fbt|f\u00fbtes|fats|futs|f\u00fbt s\">f\u00fbts<\/span> de ch\u00eane neufs. Ce n&#8217;est qu&#8217;apr\u00e8s la fermentation malolactique, au milieu de l&#8217;hiver, que les diff\u00e9rents vins sont assembl\u00e9s pour former le produit final, puis vieillis en <span class=\"error-spellcheck\" data-word=\"f\u00fbts\" data-suggestion=\"f\u00fbt|f\u00fbtes|fats|futs|f\u00fbt s\">f\u00fbts<\/span> de ch\u00eane pendant environ 15 ans. 12 mois. Les syst\u00e8mes d\u2019embouteillage permettent de remplir les bouteilles sans ajout de sulfites.<\/p>\n","protected":false},"excerpt":{"rendered":"<p>Vin rouge souple et rond aux tannins velout\u00e9s. L&#8217;acidit\u00e9 \u00e9quilibr\u00e9e apporte fra\u00eecheur et structure, tandis que le vieillissement en f\u00fbt de ch\u00eane ajoute de la profondeur.<\/p>\n","protected":false},"featured_media":136894,"comment_status":"open","ping_status":"closed","template":"","meta":{"_monsterinsights_skip_tracking":false,"_monsterinsights_sitenote_active":false,"_monsterinsights_sitenote_note":"","_monsterinsights_sitenote_category":0,"_uf_show_specific_survey":0,"_uf_disable_surveys":false},"product_brand":[],"product_cat":[36655,36589],"product_tag":[],"class_list":{"0":"post-137004","1":"product","2":"type-product","3":"status-publish","4":"has-post-thumbnail","6":"product_cat-fr-lombardie","7":"product_cat-vins-italiens","8":"pa_alcohol-degree-13-5","9":"pa_color-rouge-fr","10":"pa_country-italie-fr","11":"pa_grape-variety-cabernet-franc-fr","12":"pa_grape-variety-cabernet-sauvignon-fr","13":"pa_grape-variety-carmenere-fr","14":"pa_grape-variety-merlot-fr","15":"pa_package-1x1-fr","16":"pa_package-1x6-fr","17":"pa_region-lombardie-fr","18":"pa_storage-potential-plus-de-10-ans-fr","19":"pa_vintage-2020-fr","20":"pa_volume-75-cl-fr","22":"first","23":"instock","24":"taxable","25":"shipping-taxable","26":"purchasable","27":"product-type-variable"},"bundled_by":[],"bundle_stock_status":"instock","bundle_stock_quantity":null,"bundle_virtual":false,"bundle_layout":"","bundle_add_to_cart_form_location":"","bundle_editable_in_cart":false,"bundle_sold_individually_context":"","bundle_item_grouping":"","bundle_min_size":"","bundle_max_size":"","bundle_price":[],"bundled_items":[],"bundle_sell_ids":[],"yoast_head":"<!-- This site is optimized with the Yoast SEO plugin v27.4 - https:\/\/yoast.com\/product\/yoast-seo-wordpress\/ -->\n<title>Ca&#039; del Bosco - Maurizio Zanella-Rouge - IVINIO Caviste<\/title>\n<meta name=\"description\" content=\"Ca&#039; del Bosco - Maurizio Zanella - Rouge. Notes de baies noires (cerises, cassis, m\u00fbres), ainsi que des notes \u00e9pic\u00e9es de poivre noir et de clou de girofle.\" \/>\n<meta name=\"robots\" content=\"index, follow, max-snippet:-1, max-image-preview:large, max-video-preview:-1\" \/>\n<link rel=\"canonical\" href=\"https:\/\/www.ivinio.com\/fr\/produit\/ca-del-bosco-maurizio-zanella-rouge\/\" \/>\n<meta property=\"og:locale\" content=\"fr_FR\" \/>\n<meta property=\"og:type\" content=\"article\" \/>\n<meta property=\"og:title\" content=\"Ca&#039; del Bosco - Maurizio Zanella-Rouge - IVINIO Caviste\" \/>\n<meta property=\"og:description\" content=\"Ca&#039; del Bosco - Maurizio Zanella - Rouge. Notes de baies noires (cerises, cassis, m\u00fbres), ainsi que des notes \u00e9pic\u00e9es de poivre noir et de clou de girofle.\" \/>\n<meta property=\"og:url\" content=\"https:\/\/www.ivinio.com\/fr\/produit\/ca-del-bosco-maurizio-zanella-rouge\/\" \/>\n<meta property=\"og:site_name\" content=\"IVINIO Caviste\" \/>\n<meta property=\"article:publisher\" content=\"https:\/\/www.facebook.com\/groups\/165217837022391\/?ref=bookmarks\" \/>\n<meta property=\"article:modified_time\" content=\"2025-02-15T11:19:46+00:00\" \/>\n<meta property=\"og:image\" content=\"https:\/\/www.ivinio.com\/wp-content\/uploads\/2025\/02\/Ca-del-bosco-maurizio-zanella-IVINIO.jpg\" \/>\n\t<meta property=\"og:image:width\" content=\"500\" \/>\n\t<meta property=\"og:image:height\" content=\"500\" \/>\n\t<meta property=\"og:image:type\" content=\"image\/jpeg\" \/>\n<meta name=\"twitter:card\" content=\"summary_large_image\" \/>\n<meta name=\"twitter:label1\" content=\"Dur\u00e9e de lecture estim\u00e9e\" \/>\n\t<meta name=\"twitter:data1\" content=\"2 minutes\" \/>\n<script type=\"application\/ld+json\" class=\"yoast-schema-graph\">{\"@context\":\"https:\\\/\\\/schema.org\",\"@graph\":[{\"@type\":\"WebPage\",\"@id\":\"https:\\\/\\\/www.ivinio.com\\\/fr\\\/produit\\\/ca-del-bosco-maurizio-zanella-rouge\\\/\",\"url\":\"https:\\\/\\\/www.ivinio.com\\\/fr\\\/produit\\\/ca-del-bosco-maurizio-zanella-rouge\\\/\",\"name\":\"Ca' del Bosco - Maurizio Zanella-Rouge - IVINIO Caviste\",\"isPartOf\":{\"@id\":\"https:\\\/\\\/www.ivinio.com\\\/fr\\\/#website\"},\"primaryImageOfPage\":{\"@id\":\"https:\\\/\\\/www.ivinio.com\\\/fr\\\/produit\\\/ca-del-bosco-maurizio-zanella-rouge\\\/#primaryimage\"},\"image\":{\"@id\":\"https:\\\/\\\/www.ivinio.com\\\/fr\\\/produit\\\/ca-del-bosco-maurizio-zanella-rouge\\\/#primaryimage\"},\"thumbnailUrl\":\"https:\\\/\\\/www.ivinio.com\\\/wp-content\\\/uploads\\\/2025\\\/02\\\/Ca-del-bosco-maurizio-zanella-IVINIO.jpg\",\"datePublished\":\"2025-02-15T10:55:11+00:00\",\"dateModified\":\"2025-02-15T11:19:46+00:00\",\"description\":\"Ca' del Bosco - Maurizio Zanella - Rouge. Notes de baies noires (cerises, cassis, m\u00fbres), ainsi que des notes \u00e9pic\u00e9es de poivre noir et de clou de girofle.\",\"breadcrumb\":{\"@id\":\"https:\\\/\\\/www.ivinio.com\\\/fr\\\/produit\\\/ca-del-bosco-maurizio-zanella-rouge\\\/#breadcrumb\"},\"inLanguage\":\"fr-FR\",\"potentialAction\":[{\"@type\":\"ReadAction\",\"target\":[\"https:\\\/\\\/www.ivinio.com\\\/fr\\\/produit\\\/ca-del-bosco-maurizio-zanella-rouge\\\/\"]}]},{\"@type\":\"ImageObject\",\"inLanguage\":\"fr-FR\",\"@id\":\"https:\\\/\\\/www.ivinio.com\\\/fr\\\/produit\\\/ca-del-bosco-maurizio-zanella-rouge\\\/#primaryimage\",\"url\":\"https:\\\/\\\/www.ivinio.com\\\/wp-content\\\/uploads\\\/2025\\\/02\\\/Ca-del-bosco-maurizio-zanella-IVINIO.jpg\",\"contentUrl\":\"https:\\\/\\\/www.ivinio.com\\\/wp-content\\\/uploads\\\/2025\\\/02\\\/Ca-del-bosco-maurizio-zanella-IVINIO.jpg\",\"width\":500,\"height\":500},{\"@type\":\"BreadcrumbList\",\"@id\":\"https:\\\/\\\/www.ivinio.com\\\/fr\\\/produit\\\/ca-del-bosco-maurizio-zanella-rouge\\\/#breadcrumb\",\"itemListElement\":[{\"@type\":\"ListItem\",\"position\":1,\"name\":\"Home\",\"item\":\"https:\\\/\\\/www.ivinio.com\\\/fr\\\/\"},{\"@type\":\"ListItem\",\"position\":2,\"name\":\"Boutique de vin\",\"item\":\"https:\\\/\\\/www.ivinio.com\\\/fr\\\/boutique-de-vin\\\/\"},{\"@type\":\"ListItem\",\"position\":3,\"name\":\"Ca&#8217; del Bosco &#8211; Maurizio Zanella-Rouge\"}]},{\"@type\":\"WebSite\",\"@id\":\"https:\\\/\\\/www.ivinio.com\\\/fr\\\/#website\",\"url\":\"https:\\\/\\\/www.ivinio.com\\\/fr\\\/\",\"name\":\"IVINIO Caviste\",\"description\":\"Vins de France et d&#039;Italie avec livraison \u00e0 domicile\",\"publisher\":{\"@id\":\"https:\\\/\\\/www.ivinio.com\\\/fr\\\/#organization\"},\"potentialAction\":[{\"@type\":\"SearchAction\",\"target\":{\"@type\":\"EntryPoint\",\"urlTemplate\":\"https:\\\/\\\/www.ivinio.com\\\/fr\\\/?s={search_term_string}\"},\"query-input\":{\"@type\":\"PropertyValueSpecification\",\"valueRequired\":true,\"valueName\":\"search_term_string\"}}],\"inLanguage\":\"fr-FR\"},{\"@type\":\"Organization\",\"@id\":\"https:\\\/\\\/www.ivinio.com\\\/fr\\\/#organization\",\"name\":\"IVINIO\",\"url\":\"https:\\\/\\\/www.ivinio.com\\\/fr\\\/\",\"logo\":{\"@type\":\"ImageObject\",\"inLanguage\":\"fr-FR\",\"@id\":\"https:\\\/\\\/www.ivinio.com\\\/fr\\\/#\\\/schema\\\/logo\\\/image\\\/\",\"url\":\"https:\\\/\\\/www.ivinio.com\\\/wp-content\\\/uploads\\\/2021\\\/01\\\/Logo-Ivinio-v2.jpg\",\"contentUrl\":\"https:\\\/\\\/www.ivinio.com\\\/wp-content\\\/uploads\\\/2021\\\/01\\\/Logo-Ivinio-v2.jpg\",\"width\":1194,\"height\":1194,\"caption\":\"IVINIO\"},\"image\":{\"@id\":\"https:\\\/\\\/www.ivinio.com\\\/fr\\\/#\\\/schema\\\/logo\\\/image\\\/\"},\"sameAs\":[\"https:\\\/\\\/www.facebook.com\\\/groups\\\/165217837022391\\\/?ref=bookmarks\",\"https:\\\/\\\/www.instagram.com\\\/_ivinio_\\\/?hl=fr\"]}]}<\/script>\n<!-- \/ Yoast SEO plugin. -->","yoast_head_json":{"title":"Ca' del Bosco - Maurizio Zanella-Rouge - IVINIO Caviste","description":"Ca' del Bosco - Maurizio Zanella - Rouge. Notes de baies noires (cerises, cassis, m\u00fbres), ainsi que des notes \u00e9pic\u00e9es de poivre noir et de clou de girofle.","robots":{"index":"index","follow":"follow","max-snippet":"max-snippet:-1","max-image-preview":"max-image-preview:large","max-video-preview":"max-video-preview:-1"},"canonical":"https:\/\/www.ivinio.com\/fr\/produit\/ca-del-bosco-maurizio-zanella-rouge\/","og_locale":"fr_FR","og_type":"article","og_title":"Ca' del Bosco - Maurizio Zanella-Rouge - IVINIO Caviste","og_description":"Ca' del Bosco - Maurizio Zanella - Rouge. Notes de baies noires (cerises, cassis, m\u00fbres), ainsi que des notes \u00e9pic\u00e9es de poivre noir et de clou de girofle.","og_url":"https:\/\/www.ivinio.com\/fr\/produit\/ca-del-bosco-maurizio-zanella-rouge\/","og_site_name":"IVINIO Caviste","article_publisher":"https:\/\/www.facebook.com\/groups\/165217837022391\/?ref=bookmarks","article_modified_time":"2025-02-15T11:19:46+00:00","og_image":[{"width":500,"height":500,"url":"https:\/\/www.ivinio.com\/wp-content\/uploads\/2025\/02\/Ca-del-bosco-maurizio-zanella-IVINIO.jpg","type":"image\/jpeg"}],"twitter_card":"summary_large_image","twitter_misc":{"Dur\u00e9e de lecture estim\u00e9e":"2 minutes"},"schema":{"@context":"https:\/\/schema.org","@graph":[{"@type":"WebPage","@id":"https:\/\/www.ivinio.com\/fr\/produit\/ca-del-bosco-maurizio-zanella-rouge\/","url":"https:\/\/www.ivinio.com\/fr\/produit\/ca-del-bosco-maurizio-zanella-rouge\/","name":"Ca' del Bosco - Maurizio Zanella-Rouge - IVINIO Caviste","isPartOf":{"@id":"https:\/\/www.ivinio.com\/fr\/#website"},"primaryImageOfPage":{"@id":"https:\/\/www.ivinio.com\/fr\/produit\/ca-del-bosco-maurizio-zanella-rouge\/#primaryimage"},"image":{"@id":"https:\/\/www.ivinio.com\/fr\/produit\/ca-del-bosco-maurizio-zanella-rouge\/#primaryimage"},"thumbnailUrl":"https:\/\/www.ivinio.com\/wp-content\/uploads\/2025\/02\/Ca-del-bosco-maurizio-zanella-IVINIO.jpg","datePublished":"2025-02-15T10:55:11+00:00","dateModified":"2025-02-15T11:19:46+00:00","description":"Ca' del Bosco - Maurizio Zanella - Rouge. Notes de baies noires (cerises, cassis, m\u00fbres), ainsi que des notes \u00e9pic\u00e9es de poivre noir et de clou de girofle.","breadcrumb":{"@id":"https:\/\/www.ivinio.com\/fr\/produit\/ca-del-bosco-maurizio-zanella-rouge\/#breadcrumb"},"inLanguage":"fr-FR","potentialAction":[{"@type":"ReadAction","target":["https:\/\/www.ivinio.com\/fr\/produit\/ca-del-bosco-maurizio-zanella-rouge\/"]}]},{"@type":"ImageObject","inLanguage":"fr-FR","@id":"https:\/\/www.ivinio.com\/fr\/produit\/ca-del-bosco-maurizio-zanella-rouge\/#primaryimage","url":"https:\/\/www.ivinio.com\/wp-content\/uploads\/2025\/02\/Ca-del-bosco-maurizio-zanella-IVINIO.jpg","contentUrl":"https:\/\/www.ivinio.com\/wp-content\/uploads\/2025\/02\/Ca-del-bosco-maurizio-zanella-IVINIO.jpg","width":500,"height":500},{"@type":"BreadcrumbList","@id":"https:\/\/www.ivinio.com\/fr\/produit\/ca-del-bosco-maurizio-zanella-rouge\/#breadcrumb","itemListElement":[{"@type":"ListItem","position":1,"name":"Home","item":"https:\/\/www.ivinio.com\/fr\/"},{"@type":"ListItem","position":2,"name":"Boutique de vin","item":"https:\/\/www.ivinio.com\/fr\/boutique-de-vin\/"},{"@type":"ListItem","position":3,"name":"Ca&#8217; del Bosco &#8211; Maurizio Zanella-Rouge"}]},{"@type":"WebSite","@id":"https:\/\/www.ivinio.com\/fr\/#website","url":"https:\/\/www.ivinio.com\/fr\/","name":"IVINIO Caviste","description":"Vins de France et d&#039;Italie avec livraison \u00e0 domicile","publisher":{"@id":"https:\/\/www.ivinio.com\/fr\/#organization"},"potentialAction":[{"@type":"SearchAction","target":{"@type":"EntryPoint","urlTemplate":"https:\/\/www.ivinio.com\/fr\/?s={search_term_string}"},"query-input":{"@type":"PropertyValueSpecification","valueRequired":true,"valueName":"search_term_string"}}],"inLanguage":"fr-FR"},{"@type":"Organization","@id":"https:\/\/www.ivinio.com\/fr\/#organization","name":"IVINIO","url":"https:\/\/www.ivinio.com\/fr\/","logo":{"@type":"ImageObject","inLanguage":"fr-FR","@id":"https:\/\/www.ivinio.com\/fr\/#\/schema\/logo\/image\/","url":"https:\/\/www.ivinio.com\/wp-content\/uploads\/2021\/01\/Logo-Ivinio-v2.jpg","contentUrl":"https:\/\/www.ivinio.com\/wp-content\/uploads\/2021\/01\/Logo-Ivinio-v2.jpg","width":1194,"height":1194,"caption":"IVINIO"},"image":{"@id":"https:\/\/www.ivinio.com\/fr\/#\/schema\/logo\/image\/"},"sameAs":["https:\/\/www.facebook.com\/groups\/165217837022391\/?ref=bookmarks","https:\/\/www.instagram.com\/_ivinio_\/?hl=fr"]}]}},"jetpack_sharing_enabled":true,"_links":{"self":[{"href":"https:\/\/www.ivinio.com\/fr\/wp-json\/wp\/v2\/product\/137004","targetHints":{"allow":["GET"]}}],"collection":[{"href":"https:\/\/www.ivinio.com\/fr\/wp-json\/wp\/v2\/product"}],"about":[{"href":"https:\/\/www.ivinio.com\/fr\/wp-json\/wp\/v2\/types\/product"}],"replies":[{"embeddable":true,"href":"https:\/\/www.ivinio.com\/fr\/wp-json\/wp\/v2\/comments?post=137004"}],"wp:featuredmedia":[{"embeddable":true,"href":"https:\/\/www.ivinio.com\/fr\/wp-json\/wp\/v2\/media\/136894"}],"wp:attachment":[{"href":"https:\/\/www.ivinio.com\/fr\/wp-json\/wp\/v2\/media?parent=137004"}],"wp:term":[{"taxonomy":"product_brand","embeddable":true,"href":"https:\/\/www.ivinio.com\/fr\/wp-json\/wp\/v2\/product_brand?post=137004"},{"taxonomy":"product_cat","embeddable":true,"href":"https:\/\/www.ivinio.com\/fr\/wp-json\/wp\/v2\/product_cat?post=137004"},{"taxonomy":"product_tag","embeddable":true,"href":"https:\/\/www.ivinio.com\/fr\/wp-json\/wp\/v2\/product_tag?post=137004"}],"curies":[{"name":"wp","href":"https:\/\/api.w.org\/{rel}","templated":true}]}}