{"id":136998,"date":"2025-02-01T16:56:23","date_gmt":"2025-02-14T18:30:16","guid":{"rendered":"https:\/\/www.ivinio.com\/product\/ca-del-bosco-corte-del-lupo-rouge\/"},"modified":"2025-02-14T19:42:06","modified_gmt":"2025-02-14T18:42:06","slug":"ca-del-bosco-corte-del-lupo-rouge","status":"publish","type":"product","link":"https:\/\/www.ivinio.com\/fr\/produit\/ca-del-bosco-corte-del-lupo-rouge\/","title":{"rendered":"Ca&#8217; del Bosco &#8211; Corte del Lupo &#8211; Rouge"},"content":{"rendered":"<p>Ca&#8217; del Bosco &#8211; Corte del Lupo est un vin rouge, compos\u00e9 du m\u00e9lange typique de la r\u00e9gion, de Cabernet Sauvignon, Merlot, Cabernet Franc et Carm\u00e9n\u00e8re dans des proportions variables selon le mill\u00e9sime. Les raisins sont cultiv\u00e9s selon les principes de l&#8217;agriculture biologique et sont ensuite cueillis \u00e0 la main dans 10 parcelles diff\u00e9rentes et plac\u00e9s dans de petites caisses. Les raisins sont soigneusement tri\u00e9s puis pass\u00e9s dans ce qu&#8217;on appelle un. \u00abSpa de fruit \u00bb, un lavage sp\u00e9cial de type tourbillon pour les grappes de raisin, compos\u00e9 de trois bains dans trois cuves de trempage diff\u00e9rentes, suivis d&#8217;un s\u00e9chage complet. Les grappes sont ensuite transport\u00e9es vers la cuve de mac\u00e9ration, o\u00f9 elles sont \u00e9grapp\u00e9es et tombent dans la cuve. Cela \u00e9limine le besoin de syst\u00e8mes de pompage traditionnels, qui casse les peaux et d\u00e9veloppe des ar\u00f4mes herbac\u00e9s ind\u00e9sirables. La mac\u00e9ration dure environ 20 jours et la fermentation alcoolique ainsi que la mac\u00e9ration se font \u00e0 temp\u00e9rature contr\u00f4l\u00e9e. Le mo\u00fbt est m\u00e9lang\u00e9 quotidiennement par gravit\u00e9 pour extraire d\u00e9licatement la couleur et les tanins. Ceci est suivi par la fermentation malolactique. Le vin est ensuite assembl\u00e9 et \u00e9lev\u00e9 en f\u00fbts de ch\u00eane et en acier inoxydable pendant environ 23 mois. Moins de 48 mg de sulfites\/L.<\/p>\n","protected":false},"excerpt":{"rendered":"<p>Vin rouge souple et rond aux tannins velout\u00e9s. L&#8217;acidit\u00e9 \u00e9quilibr\u00e9e apporte fra\u00eecheur et structure, tandis que le vieillissement en f\u00fbt de ch\u00eane ajoute de la profondeur.<\/p>\n","protected":false},"featured_media":136890,"comment_status":"open","ping_status":"closed","template":"","meta":{"_monsterinsights_skip_tracking":false,"_monsterinsights_sitenote_active":false,"_monsterinsights_sitenote_note":"","_monsterinsights_sitenote_category":0,"_uf_show_specific_survey":0,"_uf_disable_surveys":false},"product_brand":[],"product_cat":[36655,36589],"product_tag":[],"class_list":{"0":"post-136998","1":"product","2":"type-product","3":"status-publish","4":"has-post-thumbnail","6":"product_cat-fr-lombardie","7":"product_cat-vins-italiens","8":"pa_alcohol-degree-13-5","9":"pa_classification-doc-curtefranca-rosso-fr","10":"pa_color-rouge-fr","11":"pa_country-italie-fr","12":"pa_grape-variety-cabernet-franc-fr","13":"pa_grape-variety-cabernet-sauvignon-fr","14":"pa_grape-variety-carmenere-fr","15":"pa_grape-variety-merlot-fr","16":"pa_region-lombardie-fr","17":"pa_storage-potential-plus-de-7-ans-fr","18":"pa_vintage-2021-fr","19":"pa_volume-75-cl-fr","21":"first","22":"instock","23":"taxable","24":"shipping-taxable","25":"purchasable","26":"product-type-simple"},"bundled_by":[],"bundle_stock_status":"instock","bundle_stock_quantity":null,"bundle_virtual":false,"bundle_layout":"","bundle_add_to_cart_form_location":"","bundle_editable_in_cart":false,"bundle_sold_individually_context":"","bundle_item_grouping":"","bundle_min_size":"","bundle_max_size":"","bundle_price":[],"bundled_items":[],"bundle_sell_ids":[],"yoast_head":"<!-- This site is optimized with the Yoast SEO plugin v27.4 - https:\/\/yoast.com\/product\/yoast-seo-wordpress\/ -->\n<title>Ca&#039; del Bosco - Corte del Lupo - Rouge - IVINIO Caviste<\/title>\n<meta name=\"description\" content=\"Ca&#039; del Bosco - Corte del Lupo - Vin rouge. Notes de baies noires (cerises, cassis, m\u00fbres), ainsi que des notes \u00e9pic\u00e9es de poivre noir et de clou de girofle.\" \/>\n<meta name=\"robots\" content=\"index, follow, max-snippet:-1, max-image-preview:large, max-video-preview:-1\" \/>\n<link rel=\"canonical\" href=\"https:\/\/www.ivinio.com\/fr\/produit\/ca-del-bosco-corte-del-lupo-rouge\/\" \/>\n<meta property=\"og:locale\" content=\"fr_FR\" \/>\n<meta property=\"og:type\" content=\"article\" \/>\n<meta property=\"og:title\" content=\"Ca&#039; del Bosco - Corte del Lupo - Rouge - IVINIO Caviste\" \/>\n<meta property=\"og:description\" content=\"Ca&#039; del Bosco - Corte del Lupo - Vin rouge. Notes de baies noires (cerises, cassis, m\u00fbres), ainsi que des notes \u00e9pic\u00e9es de poivre noir et de clou de girofle.\" \/>\n<meta property=\"og:url\" content=\"https:\/\/www.ivinio.com\/fr\/produit\/ca-del-bosco-corte-del-lupo-rouge\/\" \/>\n<meta property=\"og:site_name\" content=\"IVINIO Caviste\" \/>\n<meta property=\"article:publisher\" content=\"https:\/\/www.facebook.com\/groups\/165217837022391\/?ref=bookmarks\" \/>\n<meta property=\"article:modified_time\" content=\"2025-02-14T18:42:06+00:00\" \/>\n<meta property=\"og:image\" content=\"https:\/\/www.ivinio.com\/wp-content\/uploads\/2025\/02\/Ca-del-bosco-Corte-del-Lupo-IVINIO.jpg\" \/>\n\t<meta property=\"og:image:width\" content=\"500\" \/>\n\t<meta property=\"og:image:height\" content=\"500\" \/>\n\t<meta property=\"og:image:type\" content=\"image\/jpeg\" \/>\n<meta name=\"twitter:card\" content=\"summary_large_image\" \/>\n<meta name=\"twitter:label1\" content=\"Dur\u00e9e de lecture estim\u00e9e\" \/>\n\t<meta name=\"twitter:data1\" content=\"2 minutes\" \/>\n<script type=\"application\/ld+json\" class=\"yoast-schema-graph\">{\"@context\":\"https:\\\/\\\/schema.org\",\"@graph\":[{\"@type\":\"WebPage\",\"@id\":\"https:\\\/\\\/www.ivinio.com\\\/fr\\\/produit\\\/ca-del-bosco-corte-del-lupo-rouge\\\/\",\"url\":\"https:\\\/\\\/www.ivinio.com\\\/fr\\\/produit\\\/ca-del-bosco-corte-del-lupo-rouge\\\/\",\"name\":\"Ca' del Bosco - Corte del Lupo - Rouge - IVINIO Caviste\",\"isPartOf\":{\"@id\":\"https:\\\/\\\/www.ivinio.com\\\/fr\\\/#website\"},\"primaryImageOfPage\":{\"@id\":\"https:\\\/\\\/www.ivinio.com\\\/fr\\\/produit\\\/ca-del-bosco-corte-del-lupo-rouge\\\/#primaryimage\"},\"image\":{\"@id\":\"https:\\\/\\\/www.ivinio.com\\\/fr\\\/produit\\\/ca-del-bosco-corte-del-lupo-rouge\\\/#primaryimage\"},\"thumbnailUrl\":\"https:\\\/\\\/www.ivinio.com\\\/wp-content\\\/uploads\\\/2025\\\/02\\\/Ca-del-bosco-Corte-del-Lupo-IVINIO.jpg\",\"datePublished\":\"2025-02-14T18:30:16+00:00\",\"dateModified\":\"2025-02-14T18:42:06+00:00\",\"description\":\"Ca' del Bosco - Corte del Lupo - Vin rouge. Notes de baies noires (cerises, cassis, m\u00fbres), ainsi que des notes \u00e9pic\u00e9es de poivre noir et de clou de girofle.\",\"breadcrumb\":{\"@id\":\"https:\\\/\\\/www.ivinio.com\\\/fr\\\/produit\\\/ca-del-bosco-corte-del-lupo-rouge\\\/#breadcrumb\"},\"inLanguage\":\"fr-FR\",\"potentialAction\":[{\"@type\":\"ReadAction\",\"target\":[\"https:\\\/\\\/www.ivinio.com\\\/fr\\\/produit\\\/ca-del-bosco-corte-del-lupo-rouge\\\/\"]}]},{\"@type\":\"ImageObject\",\"inLanguage\":\"fr-FR\",\"@id\":\"https:\\\/\\\/www.ivinio.com\\\/fr\\\/produit\\\/ca-del-bosco-corte-del-lupo-rouge\\\/#primaryimage\",\"url\":\"https:\\\/\\\/www.ivinio.com\\\/wp-content\\\/uploads\\\/2025\\\/02\\\/Ca-del-bosco-Corte-del-Lupo-IVINIO.jpg\",\"contentUrl\":\"https:\\\/\\\/www.ivinio.com\\\/wp-content\\\/uploads\\\/2025\\\/02\\\/Ca-del-bosco-Corte-del-Lupo-IVINIO.jpg\",\"width\":500,\"height\":500},{\"@type\":\"BreadcrumbList\",\"@id\":\"https:\\\/\\\/www.ivinio.com\\\/fr\\\/produit\\\/ca-del-bosco-corte-del-lupo-rouge\\\/#breadcrumb\",\"itemListElement\":[{\"@type\":\"ListItem\",\"position\":1,\"name\":\"Home\",\"item\":\"https:\\\/\\\/www.ivinio.com\\\/fr\\\/\"},{\"@type\":\"ListItem\",\"position\":2,\"name\":\"Boutique de vin\",\"item\":\"https:\\\/\\\/www.ivinio.com\\\/fr\\\/boutique-de-vin\\\/\"},{\"@type\":\"ListItem\",\"position\":3,\"name\":\"Ca&#8217; del Bosco &#8211; Corte del Lupo &#8211; Rouge\"}]},{\"@type\":\"WebSite\",\"@id\":\"https:\\\/\\\/www.ivinio.com\\\/fr\\\/#website\",\"url\":\"https:\\\/\\\/www.ivinio.com\\\/fr\\\/\",\"name\":\"IVINIO Caviste\",\"description\":\"Vins de France et d&#039;Italie avec livraison \u00e0 domicile\",\"publisher\":{\"@id\":\"https:\\\/\\\/www.ivinio.com\\\/fr\\\/#organization\"},\"potentialAction\":[{\"@type\":\"SearchAction\",\"target\":{\"@type\":\"EntryPoint\",\"urlTemplate\":\"https:\\\/\\\/www.ivinio.com\\\/fr\\\/?s={search_term_string}\"},\"query-input\":{\"@type\":\"PropertyValueSpecification\",\"valueRequired\":true,\"valueName\":\"search_term_string\"}}],\"inLanguage\":\"fr-FR\"},{\"@type\":\"Organization\",\"@id\":\"https:\\\/\\\/www.ivinio.com\\\/fr\\\/#organization\",\"name\":\"IVINIO\",\"url\":\"https:\\\/\\\/www.ivinio.com\\\/fr\\\/\",\"logo\":{\"@type\":\"ImageObject\",\"inLanguage\":\"fr-FR\",\"@id\":\"https:\\\/\\\/www.ivinio.com\\\/fr\\\/#\\\/schema\\\/logo\\\/image\\\/\",\"url\":\"https:\\\/\\\/www.ivinio.com\\\/wp-content\\\/uploads\\\/2021\\\/01\\\/Logo-Ivinio-v2.jpg\",\"contentUrl\":\"https:\\\/\\\/www.ivinio.com\\\/wp-content\\\/uploads\\\/2021\\\/01\\\/Logo-Ivinio-v2.jpg\",\"width\":1194,\"height\":1194,\"caption\":\"IVINIO\"},\"image\":{\"@id\":\"https:\\\/\\\/www.ivinio.com\\\/fr\\\/#\\\/schema\\\/logo\\\/image\\\/\"},\"sameAs\":[\"https:\\\/\\\/www.facebook.com\\\/groups\\\/165217837022391\\\/?ref=bookmarks\",\"https:\\\/\\\/www.instagram.com\\\/_ivinio_\\\/?hl=fr\"]}]}<\/script>\n<!-- \/ Yoast SEO plugin. -->","yoast_head_json":{"title":"Ca' del Bosco - Corte del Lupo - Rouge - IVINIO Caviste","description":"Ca' del Bosco - Corte del Lupo - Vin rouge. Notes de baies noires (cerises, cassis, m\u00fbres), ainsi que des notes \u00e9pic\u00e9es de poivre noir et de clou de girofle.","robots":{"index":"index","follow":"follow","max-snippet":"max-snippet:-1","max-image-preview":"max-image-preview:large","max-video-preview":"max-video-preview:-1"},"canonical":"https:\/\/www.ivinio.com\/fr\/produit\/ca-del-bosco-corte-del-lupo-rouge\/","og_locale":"fr_FR","og_type":"article","og_title":"Ca' del Bosco - Corte del Lupo - Rouge - IVINIO Caviste","og_description":"Ca' del Bosco - Corte del Lupo - Vin rouge. Notes de baies noires (cerises, cassis, m\u00fbres), ainsi que des notes \u00e9pic\u00e9es de poivre noir et de clou de girofle.","og_url":"https:\/\/www.ivinio.com\/fr\/produit\/ca-del-bosco-corte-del-lupo-rouge\/","og_site_name":"IVINIO Caviste","article_publisher":"https:\/\/www.facebook.com\/groups\/165217837022391\/?ref=bookmarks","article_modified_time":"2025-02-14T18:42:06+00:00","og_image":[{"width":500,"height":500,"url":"https:\/\/www.ivinio.com\/wp-content\/uploads\/2025\/02\/Ca-del-bosco-Corte-del-Lupo-IVINIO.jpg","type":"image\/jpeg"}],"twitter_card":"summary_large_image","twitter_misc":{"Dur\u00e9e de lecture estim\u00e9e":"2 minutes"},"schema":{"@context":"https:\/\/schema.org","@graph":[{"@type":"WebPage","@id":"https:\/\/www.ivinio.com\/fr\/produit\/ca-del-bosco-corte-del-lupo-rouge\/","url":"https:\/\/www.ivinio.com\/fr\/produit\/ca-del-bosco-corte-del-lupo-rouge\/","name":"Ca' del Bosco - Corte del Lupo - Rouge - IVINIO Caviste","isPartOf":{"@id":"https:\/\/www.ivinio.com\/fr\/#website"},"primaryImageOfPage":{"@id":"https:\/\/www.ivinio.com\/fr\/produit\/ca-del-bosco-corte-del-lupo-rouge\/#primaryimage"},"image":{"@id":"https:\/\/www.ivinio.com\/fr\/produit\/ca-del-bosco-corte-del-lupo-rouge\/#primaryimage"},"thumbnailUrl":"https:\/\/www.ivinio.com\/wp-content\/uploads\/2025\/02\/Ca-del-bosco-Corte-del-Lupo-IVINIO.jpg","datePublished":"2025-02-14T18:30:16+00:00","dateModified":"2025-02-14T18:42:06+00:00","description":"Ca' del Bosco - Corte del Lupo - Vin rouge. Notes de baies noires (cerises, cassis, m\u00fbres), ainsi que des notes \u00e9pic\u00e9es de poivre noir et de clou de girofle.","breadcrumb":{"@id":"https:\/\/www.ivinio.com\/fr\/produit\/ca-del-bosco-corte-del-lupo-rouge\/#breadcrumb"},"inLanguage":"fr-FR","potentialAction":[{"@type":"ReadAction","target":["https:\/\/www.ivinio.com\/fr\/produit\/ca-del-bosco-corte-del-lupo-rouge\/"]}]},{"@type":"ImageObject","inLanguage":"fr-FR","@id":"https:\/\/www.ivinio.com\/fr\/produit\/ca-del-bosco-corte-del-lupo-rouge\/#primaryimage","url":"https:\/\/www.ivinio.com\/wp-content\/uploads\/2025\/02\/Ca-del-bosco-Corte-del-Lupo-IVINIO.jpg","contentUrl":"https:\/\/www.ivinio.com\/wp-content\/uploads\/2025\/02\/Ca-del-bosco-Corte-del-Lupo-IVINIO.jpg","width":500,"height":500},{"@type":"BreadcrumbList","@id":"https:\/\/www.ivinio.com\/fr\/produit\/ca-del-bosco-corte-del-lupo-rouge\/#breadcrumb","itemListElement":[{"@type":"ListItem","position":1,"name":"Home","item":"https:\/\/www.ivinio.com\/fr\/"},{"@type":"ListItem","position":2,"name":"Boutique de vin","item":"https:\/\/www.ivinio.com\/fr\/boutique-de-vin\/"},{"@type":"ListItem","position":3,"name":"Ca&#8217; del Bosco &#8211; Corte del Lupo &#8211; Rouge"}]},{"@type":"WebSite","@id":"https:\/\/www.ivinio.com\/fr\/#website","url":"https:\/\/www.ivinio.com\/fr\/","name":"IVINIO Caviste","description":"Vins de France et d&#039;Italie avec livraison \u00e0 domicile","publisher":{"@id":"https:\/\/www.ivinio.com\/fr\/#organization"},"potentialAction":[{"@type":"SearchAction","target":{"@type":"EntryPoint","urlTemplate":"https:\/\/www.ivinio.com\/fr\/?s={search_term_string}"},"query-input":{"@type":"PropertyValueSpecification","valueRequired":true,"valueName":"search_term_string"}}],"inLanguage":"fr-FR"},{"@type":"Organization","@id":"https:\/\/www.ivinio.com\/fr\/#organization","name":"IVINIO","url":"https:\/\/www.ivinio.com\/fr\/","logo":{"@type":"ImageObject","inLanguage":"fr-FR","@id":"https:\/\/www.ivinio.com\/fr\/#\/schema\/logo\/image\/","url":"https:\/\/www.ivinio.com\/wp-content\/uploads\/2021\/01\/Logo-Ivinio-v2.jpg","contentUrl":"https:\/\/www.ivinio.com\/wp-content\/uploads\/2021\/01\/Logo-Ivinio-v2.jpg","width":1194,"height":1194,"caption":"IVINIO"},"image":{"@id":"https:\/\/www.ivinio.com\/fr\/#\/schema\/logo\/image\/"},"sameAs":["https:\/\/www.facebook.com\/groups\/165217837022391\/?ref=bookmarks","https:\/\/www.instagram.com\/_ivinio_\/?hl=fr"]}]}},"jetpack_sharing_enabled":true,"_links":{"self":[{"href":"https:\/\/www.ivinio.com\/fr\/wp-json\/wp\/v2\/product\/136998","targetHints":{"allow":["GET"]}}],"collection":[{"href":"https:\/\/www.ivinio.com\/fr\/wp-json\/wp\/v2\/product"}],"about":[{"href":"https:\/\/www.ivinio.com\/fr\/wp-json\/wp\/v2\/types\/product"}],"replies":[{"embeddable":true,"href":"https:\/\/www.ivinio.com\/fr\/wp-json\/wp\/v2\/comments?post=136998"}],"wp:featuredmedia":[{"embeddable":true,"href":"https:\/\/www.ivinio.com\/fr\/wp-json\/wp\/v2\/media\/136890"}],"wp:attachment":[{"href":"https:\/\/www.ivinio.com\/fr\/wp-json\/wp\/v2\/media?parent=136998"}],"wp:term":[{"taxonomy":"product_brand","embeddable":true,"href":"https:\/\/www.ivinio.com\/fr\/wp-json\/wp\/v2\/product_brand?post=136998"},{"taxonomy":"product_cat","embeddable":true,"href":"https:\/\/www.ivinio.com\/fr\/wp-json\/wp\/v2\/product_cat?post=136998"},{"taxonomy":"product_tag","embeddable":true,"href":"https:\/\/www.ivinio.com\/fr\/wp-json\/wp\/v2\/product_tag?post=136998"}],"curies":[{"name":"wp","href":"https:\/\/api.w.org\/{rel}","templated":true}]}}