{"id":136903,"date":"2025-02-01T19:00:45","date_gmt":"2025-02-01T18:01:19","guid":{"rendered":"https:\/\/www.ivinio.com\/?post_type=product&#038;p=136903"},"modified":"2025-02-15T17:45:50","modified_gmt":"2025-02-15T16:45:50","slug":"stefano-accordini-acinatico-valpolicella-ripasso-rouge","status":"publish","type":"product","link":"https:\/\/www.ivinio.com\/fr\/produit\/stefano-accordini-acinatico-valpolicella-ripasso-rouge\/","title":{"rendered":"Stefano Accordini &#8211; Acinatico &#8211; Valpolicella Ripasso &#8211; Rouge"},"content":{"rendered":"<p>Stefano Accordini &#8211; Acinatico &#8211; Valpolicella Ripasso &#8211; Le vin rouge est compos\u00e9 de Corvina Veronese, Corvinone, Rondinella et Molinara. Le vin Valpolicella de l&#8217;ann\u00e9e refermente sur le marc de l&#8217;Amarone une fois la fermentation alcoolique termin\u00e9e de ce dernier. Le marc est encore riche en composants aromatiques, en couleur et en sucre. Le Valpolicella Ripasso est ensuite \u00e9lev\u00e9 pendant 12 mois en f\u00fbts. Le vin subit une fermentation malolactique, devenant ainsi un vin aux caract\u00e9ristiques uniques et incomparables.   <\/p>\n<p>&nbsp;<\/p>\n","protected":false},"excerpt":{"rendered":"<p>Un Valpolicella Ripasso cors\u00e9 avec des notes de fruits m\u00fbrs, d&#8217;\u00e9pices et de tabac.<\/p>\n","protected":false},"featured_media":136908,"comment_status":"open","ping_status":"closed","template":"","meta":{"_monsterinsights_skip_tracking":false,"_monsterinsights_sitenote_active":false,"_monsterinsights_sitenote_note":"","_monsterinsights_sitenote_category":0,"_uf_show_specific_survey":0,"_uf_disable_surveys":false},"product_brand":[],"product_cat":[36592,36589],"product_tag":[],"class_list":{"0":"post-136903","1":"product","2":"type-product","3":"status-publish","4":"has-post-thumbnail","6":"product_cat-fr-veneto-friuli","7":"product_cat-vins-italiens","8":"pa_alcohol-degree-14-fr","9":"pa_classification-doc-valpolicella-ripasso-fr","10":"pa_color-rouge-fr","11":"pa_country-italie-fr","12":"pa_grape-variety-corvina-fr","13":"pa_grape-variety-corvinone-fr","14":"pa_grape-variety-molinara-fr","15":"pa_grape-variety-rondinella-fr","16":"pa_package-1x1-fr","17":"pa_package-1x6-fr","18":"pa_region-veneto-fr","19":"pa_storage-potential-plus-de-10-ans-fr","20":"pa_vintage-2020-fr","21":"pa_volume-75-cl-fr","23":"first","24":"instock","25":"taxable","26":"shipping-taxable","27":"purchasable","28":"product-type-simple"},"bundled_by":[],"bundle_stock_status":"instock","bundle_stock_quantity":null,"bundle_virtual":false,"bundle_layout":"","bundle_add_to_cart_form_location":"","bundle_editable_in_cart":false,"bundle_sold_individually_context":"","bundle_item_grouping":"","bundle_min_size":"","bundle_max_size":"","bundle_price":[],"bundled_items":[],"bundle_sell_ids":[],"yoast_head":"<!-- This site is optimized with the Yoast SEO plugin v27.4 - https:\/\/yoast.com\/product\/yoast-seo-wordpress\/ -->\n<title>Stefano Accordini - Acinatico - Valpolicella Ripasso - Rouge - IVINIO Caviste<\/title>\n<meta name=\"description\" content=\"Stefano Accordini - Acinatico - Valpolicella Ripasso avec une combinaison de fra\u00eecheur et de notes plus d\u00e9velopp\u00e9es de fruits m\u00fbrs, d&#039;\u00e9pices et de tabac. Le palais est cors\u00e9.\" \/>\n<meta name=\"robots\" content=\"index, follow, max-snippet:-1, max-image-preview:large, max-video-preview:-1\" \/>\n<link rel=\"canonical\" href=\"https:\/\/www.ivinio.com\/fr\/produit\/stefano-accordini-acinatico-valpolicella-ripasso-rouge\/\" \/>\n<meta property=\"og:locale\" content=\"fr_FR\" \/>\n<meta property=\"og:type\" content=\"article\" \/>\n<meta property=\"og:title\" content=\"Stefano Accordini - Acinatico - Valpolicella Ripasso - Rouge - IVINIO Caviste\" \/>\n<meta property=\"og:description\" content=\"Stefano Accordini - Acinatico - Valpolicella Ripasso avec une combinaison de fra\u00eecheur et de notes plus d\u00e9velopp\u00e9es de fruits m\u00fbrs, d&#039;\u00e9pices et de tabac. Le palais est cors\u00e9.\" \/>\n<meta property=\"og:url\" content=\"https:\/\/www.ivinio.com\/fr\/produit\/stefano-accordini-acinatico-valpolicella-ripasso-rouge\/\" \/>\n<meta property=\"og:site_name\" content=\"IVINIO Caviste\" \/>\n<meta property=\"article:publisher\" content=\"https:\/\/www.facebook.com\/groups\/165217837022391\/?ref=bookmarks\" \/>\n<meta property=\"article:modified_time\" content=\"2025-02-15T16:45:50+00:00\" \/>\n<meta property=\"og:image\" content=\"https:\/\/www.ivinio.com\/wp-content\/uploads\/2025\/02\/Stefano-Accordini-Valpolicella-Ripasso-IVINIO.jpg\" \/>\n\t<meta property=\"og:image:width\" content=\"500\" \/>\n\t<meta property=\"og:image:height\" content=\"500\" \/>\n\t<meta property=\"og:image:type\" content=\"image\/jpeg\" \/>\n<meta name=\"twitter:card\" content=\"summary_large_image\" \/>\n<meta name=\"twitter:label1\" content=\"Dur\u00e9e de lecture estim\u00e9e\" \/>\n\t<meta name=\"twitter:data1\" content=\"1 minute\" \/>\n<script type=\"application\/ld+json\" class=\"yoast-schema-graph\">{\"@context\":\"https:\\\/\\\/schema.org\",\"@graph\":[{\"@type\":\"WebPage\",\"@id\":\"https:\\\/\\\/www.ivinio.com\\\/fr\\\/produit\\\/stefano-accordini-acinatico-valpolicella-ripasso-rouge\\\/\",\"url\":\"https:\\\/\\\/www.ivinio.com\\\/fr\\\/produit\\\/stefano-accordini-acinatico-valpolicella-ripasso-rouge\\\/\",\"name\":\"Stefano Accordini - Acinatico - Valpolicella Ripasso - Rouge - IVINIO Caviste\",\"isPartOf\":{\"@id\":\"https:\\\/\\\/www.ivinio.com\\\/fr\\\/#website\"},\"primaryImageOfPage\":{\"@id\":\"https:\\\/\\\/www.ivinio.com\\\/fr\\\/produit\\\/stefano-accordini-acinatico-valpolicella-ripasso-rouge\\\/#primaryimage\"},\"image\":{\"@id\":\"https:\\\/\\\/www.ivinio.com\\\/fr\\\/produit\\\/stefano-accordini-acinatico-valpolicella-ripasso-rouge\\\/#primaryimage\"},\"thumbnailUrl\":\"https:\\\/\\\/www.ivinio.com\\\/wp-content\\\/uploads\\\/2025\\\/02\\\/Stefano-Accordini-Valpolicella-Ripasso-IVINIO.jpg\",\"datePublished\":\"2025-02-01T18:01:19+00:00\",\"dateModified\":\"2025-02-15T16:45:50+00:00\",\"description\":\"Stefano Accordini - Acinatico - Valpolicella Ripasso avec une combinaison de fra\u00eecheur et de notes plus d\u00e9velopp\u00e9es de fruits m\u00fbrs, d'\u00e9pices et de tabac. Le palais est cors\u00e9.\",\"breadcrumb\":{\"@id\":\"https:\\\/\\\/www.ivinio.com\\\/fr\\\/produit\\\/stefano-accordini-acinatico-valpolicella-ripasso-rouge\\\/#breadcrumb\"},\"inLanguage\":\"fr-FR\",\"potentialAction\":[{\"@type\":\"ReadAction\",\"target\":[\"https:\\\/\\\/www.ivinio.com\\\/fr\\\/produit\\\/stefano-accordini-acinatico-valpolicella-ripasso-rouge\\\/\"]}]},{\"@type\":\"ImageObject\",\"inLanguage\":\"fr-FR\",\"@id\":\"https:\\\/\\\/www.ivinio.com\\\/fr\\\/produit\\\/stefano-accordini-acinatico-valpolicella-ripasso-rouge\\\/#primaryimage\",\"url\":\"https:\\\/\\\/www.ivinio.com\\\/wp-content\\\/uploads\\\/2025\\\/02\\\/Stefano-Accordini-Valpolicella-Ripasso-IVINIO.jpg\",\"contentUrl\":\"https:\\\/\\\/www.ivinio.com\\\/wp-content\\\/uploads\\\/2025\\\/02\\\/Stefano-Accordini-Valpolicella-Ripasso-IVINIO.jpg\",\"width\":500,\"height\":500},{\"@type\":\"BreadcrumbList\",\"@id\":\"https:\\\/\\\/www.ivinio.com\\\/fr\\\/produit\\\/stefano-accordini-acinatico-valpolicella-ripasso-rouge\\\/#breadcrumb\",\"itemListElement\":[{\"@type\":\"ListItem\",\"position\":1,\"name\":\"Home\",\"item\":\"https:\\\/\\\/www.ivinio.com\\\/fr\\\/\"},{\"@type\":\"ListItem\",\"position\":2,\"name\":\"Boutique de vin\",\"item\":\"https:\\\/\\\/www.ivinio.com\\\/fr\\\/boutique-de-vin\\\/\"},{\"@type\":\"ListItem\",\"position\":3,\"name\":\"Stefano Accordini &#8211; Acinatico &#8211; Valpolicella Ripasso &#8211; Rouge\"}]},{\"@type\":\"WebSite\",\"@id\":\"https:\\\/\\\/www.ivinio.com\\\/fr\\\/#website\",\"url\":\"https:\\\/\\\/www.ivinio.com\\\/fr\\\/\",\"name\":\"IVINIO Caviste\",\"description\":\"Vins de France et d&#039;Italie avec livraison \u00e0 domicile\",\"publisher\":{\"@id\":\"https:\\\/\\\/www.ivinio.com\\\/fr\\\/#organization\"},\"potentialAction\":[{\"@type\":\"SearchAction\",\"target\":{\"@type\":\"EntryPoint\",\"urlTemplate\":\"https:\\\/\\\/www.ivinio.com\\\/fr\\\/?s={search_term_string}\"},\"query-input\":{\"@type\":\"PropertyValueSpecification\",\"valueRequired\":true,\"valueName\":\"search_term_string\"}}],\"inLanguage\":\"fr-FR\"},{\"@type\":\"Organization\",\"@id\":\"https:\\\/\\\/www.ivinio.com\\\/fr\\\/#organization\",\"name\":\"IVINIO\",\"url\":\"https:\\\/\\\/www.ivinio.com\\\/fr\\\/\",\"logo\":{\"@type\":\"ImageObject\",\"inLanguage\":\"fr-FR\",\"@id\":\"https:\\\/\\\/www.ivinio.com\\\/fr\\\/#\\\/schema\\\/logo\\\/image\\\/\",\"url\":\"https:\\\/\\\/www.ivinio.com\\\/wp-content\\\/uploads\\\/2021\\\/01\\\/Logo-Ivinio-v2.jpg\",\"contentUrl\":\"https:\\\/\\\/www.ivinio.com\\\/wp-content\\\/uploads\\\/2021\\\/01\\\/Logo-Ivinio-v2.jpg\",\"width\":1194,\"height\":1194,\"caption\":\"IVINIO\"},\"image\":{\"@id\":\"https:\\\/\\\/www.ivinio.com\\\/fr\\\/#\\\/schema\\\/logo\\\/image\\\/\"},\"sameAs\":[\"https:\\\/\\\/www.facebook.com\\\/groups\\\/165217837022391\\\/?ref=bookmarks\",\"https:\\\/\\\/www.instagram.com\\\/_ivinio_\\\/?hl=fr\"]}]}<\/script>\n<!-- \/ Yoast SEO plugin. -->","yoast_head_json":{"title":"Stefano Accordini - Acinatico - Valpolicella Ripasso - Rouge - IVINIO Caviste","description":"Stefano Accordini - Acinatico - Valpolicella Ripasso avec une combinaison de fra\u00eecheur et de notes plus d\u00e9velopp\u00e9es de fruits m\u00fbrs, d'\u00e9pices et de tabac. Le palais est cors\u00e9.","robots":{"index":"index","follow":"follow","max-snippet":"max-snippet:-1","max-image-preview":"max-image-preview:large","max-video-preview":"max-video-preview:-1"},"canonical":"https:\/\/www.ivinio.com\/fr\/produit\/stefano-accordini-acinatico-valpolicella-ripasso-rouge\/","og_locale":"fr_FR","og_type":"article","og_title":"Stefano Accordini - Acinatico - Valpolicella Ripasso - Rouge - IVINIO Caviste","og_description":"Stefano Accordini - Acinatico - Valpolicella Ripasso avec une combinaison de fra\u00eecheur et de notes plus d\u00e9velopp\u00e9es de fruits m\u00fbrs, d'\u00e9pices et de tabac. Le palais est cors\u00e9.","og_url":"https:\/\/www.ivinio.com\/fr\/produit\/stefano-accordini-acinatico-valpolicella-ripasso-rouge\/","og_site_name":"IVINIO Caviste","article_publisher":"https:\/\/www.facebook.com\/groups\/165217837022391\/?ref=bookmarks","article_modified_time":"2025-02-15T16:45:50+00:00","og_image":[{"width":500,"height":500,"url":"https:\/\/www.ivinio.com\/wp-content\/uploads\/2025\/02\/Stefano-Accordini-Valpolicella-Ripasso-IVINIO.jpg","type":"image\/jpeg"}],"twitter_card":"summary_large_image","twitter_misc":{"Dur\u00e9e de lecture estim\u00e9e":"1 minute"},"schema":{"@context":"https:\/\/schema.org","@graph":[{"@type":"WebPage","@id":"https:\/\/www.ivinio.com\/fr\/produit\/stefano-accordini-acinatico-valpolicella-ripasso-rouge\/","url":"https:\/\/www.ivinio.com\/fr\/produit\/stefano-accordini-acinatico-valpolicella-ripasso-rouge\/","name":"Stefano Accordini - Acinatico - Valpolicella Ripasso - Rouge - IVINIO Caviste","isPartOf":{"@id":"https:\/\/www.ivinio.com\/fr\/#website"},"primaryImageOfPage":{"@id":"https:\/\/www.ivinio.com\/fr\/produit\/stefano-accordini-acinatico-valpolicella-ripasso-rouge\/#primaryimage"},"image":{"@id":"https:\/\/www.ivinio.com\/fr\/produit\/stefano-accordini-acinatico-valpolicella-ripasso-rouge\/#primaryimage"},"thumbnailUrl":"https:\/\/www.ivinio.com\/wp-content\/uploads\/2025\/02\/Stefano-Accordini-Valpolicella-Ripasso-IVINIO.jpg","datePublished":"2025-02-01T18:01:19+00:00","dateModified":"2025-02-15T16:45:50+00:00","description":"Stefano Accordini - Acinatico - Valpolicella Ripasso avec une combinaison de fra\u00eecheur et de notes plus d\u00e9velopp\u00e9es de fruits m\u00fbrs, d'\u00e9pices et de tabac. Le palais est cors\u00e9.","breadcrumb":{"@id":"https:\/\/www.ivinio.com\/fr\/produit\/stefano-accordini-acinatico-valpolicella-ripasso-rouge\/#breadcrumb"},"inLanguage":"fr-FR","potentialAction":[{"@type":"ReadAction","target":["https:\/\/www.ivinio.com\/fr\/produit\/stefano-accordini-acinatico-valpolicella-ripasso-rouge\/"]}]},{"@type":"ImageObject","inLanguage":"fr-FR","@id":"https:\/\/www.ivinio.com\/fr\/produit\/stefano-accordini-acinatico-valpolicella-ripasso-rouge\/#primaryimage","url":"https:\/\/www.ivinio.com\/wp-content\/uploads\/2025\/02\/Stefano-Accordini-Valpolicella-Ripasso-IVINIO.jpg","contentUrl":"https:\/\/www.ivinio.com\/wp-content\/uploads\/2025\/02\/Stefano-Accordini-Valpolicella-Ripasso-IVINIO.jpg","width":500,"height":500},{"@type":"BreadcrumbList","@id":"https:\/\/www.ivinio.com\/fr\/produit\/stefano-accordini-acinatico-valpolicella-ripasso-rouge\/#breadcrumb","itemListElement":[{"@type":"ListItem","position":1,"name":"Home","item":"https:\/\/www.ivinio.com\/fr\/"},{"@type":"ListItem","position":2,"name":"Boutique de vin","item":"https:\/\/www.ivinio.com\/fr\/boutique-de-vin\/"},{"@type":"ListItem","position":3,"name":"Stefano Accordini &#8211; Acinatico &#8211; Valpolicella Ripasso &#8211; Rouge"}]},{"@type":"WebSite","@id":"https:\/\/www.ivinio.com\/fr\/#website","url":"https:\/\/www.ivinio.com\/fr\/","name":"IVINIO Caviste","description":"Vins de France et d&#039;Italie avec livraison \u00e0 domicile","publisher":{"@id":"https:\/\/www.ivinio.com\/fr\/#organization"},"potentialAction":[{"@type":"SearchAction","target":{"@type":"EntryPoint","urlTemplate":"https:\/\/www.ivinio.com\/fr\/?s={search_term_string}"},"query-input":{"@type":"PropertyValueSpecification","valueRequired":true,"valueName":"search_term_string"}}],"inLanguage":"fr-FR"},{"@type":"Organization","@id":"https:\/\/www.ivinio.com\/fr\/#organization","name":"IVINIO","url":"https:\/\/www.ivinio.com\/fr\/","logo":{"@type":"ImageObject","inLanguage":"fr-FR","@id":"https:\/\/www.ivinio.com\/fr\/#\/schema\/logo\/image\/","url":"https:\/\/www.ivinio.com\/wp-content\/uploads\/2021\/01\/Logo-Ivinio-v2.jpg","contentUrl":"https:\/\/www.ivinio.com\/wp-content\/uploads\/2021\/01\/Logo-Ivinio-v2.jpg","width":1194,"height":1194,"caption":"IVINIO"},"image":{"@id":"https:\/\/www.ivinio.com\/fr\/#\/schema\/logo\/image\/"},"sameAs":["https:\/\/www.facebook.com\/groups\/165217837022391\/?ref=bookmarks","https:\/\/www.instagram.com\/_ivinio_\/?hl=fr"]}]}},"jetpack_sharing_enabled":true,"_links":{"self":[{"href":"https:\/\/www.ivinio.com\/fr\/wp-json\/wp\/v2\/product\/136903","targetHints":{"allow":["GET"]}}],"collection":[{"href":"https:\/\/www.ivinio.com\/fr\/wp-json\/wp\/v2\/product"}],"about":[{"href":"https:\/\/www.ivinio.com\/fr\/wp-json\/wp\/v2\/types\/product"}],"replies":[{"embeddable":true,"href":"https:\/\/www.ivinio.com\/fr\/wp-json\/wp\/v2\/comments?post=136903"}],"wp:featuredmedia":[{"embeddable":true,"href":"https:\/\/www.ivinio.com\/fr\/wp-json\/wp\/v2\/media\/136908"}],"wp:attachment":[{"href":"https:\/\/www.ivinio.com\/fr\/wp-json\/wp\/v2\/media?parent=136903"}],"wp:term":[{"taxonomy":"product_brand","embeddable":true,"href":"https:\/\/www.ivinio.com\/fr\/wp-json\/wp\/v2\/product_brand?post=136903"},{"taxonomy":"product_cat","embeddable":true,"href":"https:\/\/www.ivinio.com\/fr\/wp-json\/wp\/v2\/product_cat?post=136903"},{"taxonomy":"product_tag","embeddable":true,"href":"https:\/\/www.ivinio.com\/fr\/wp-json\/wp\/v2\/product_tag?post=136903"}],"curies":[{"name":"wp","href":"https:\/\/api.w.org\/{rel}","templated":true}]}}