{"id":136451,"date":"2025-01-16T15:27:40","date_gmt":"2025-01-16T14:28:13","guid":{"rendered":"https:\/\/www.ivinio.com\/?post_type=product&#038;p=136451"},"modified":"2025-01-16T17:00:46","modified_gmt":"2025-01-16T16:00:46","slug":"famille-laplace-les-2-vaches-rouges-rouge","status":"publish","type":"product","link":"https:\/\/www.ivinio.com\/fr\/produit\/famille-laplace-les-2-vaches-rouges-rouge\/","title":{"rendered":"Famille Laplace &#8211; Les 2 vaches rouges &#8211; Rouge"},"content":{"rendered":"<p>Famille Laplace &#8211; Les 2 vaches rouges &#8211; Rouge est compos\u00e9 de 100% de Tannat. Apr\u00e8s les vendanges, les raisins sont mac\u00e9r\u00e9s \u00e0 froid avec extraction pour pr\u00e9server la souplesse et le fruit\u00e9 du vin. La vinification se fait \u00e0 temp\u00e9rature moyenne\/basse (environ 20\u00b0). Le vin est ensuite \u00e9lev\u00e9 en cuves d&#8217;acier pendant environ 6 mois.<\/p>\n","protected":false},"excerpt":{"rendered":"<p>Un vin polyvalent aux ar\u00f4mes charmants de petits fruits rouges et de fruits \u00e0 chair blanche.<\/p>\n","protected":false},"featured_media":136456,"comment_status":"open","ping_status":"closed","template":"","meta":{"_monsterinsights_skip_tracking":false,"_monsterinsights_sitenote_active":false,"_monsterinsights_sitenote_note":"","_monsterinsights_sitenote_category":0,"_uf_show_specific_survey":0,"_uf_disable_surveys":false},"product_brand":[],"product_cat":[36637,36586],"product_tag":[],"class_list":{"0":"post-136451","1":"product","2":"type-product","3":"status-publish","4":"has-post-thumbnail","6":"product_cat-fr-sud-ouest","7":"product_cat-vins-francais","8":"pa_alcohol-degree-14-fr","9":"pa_classification-vin-de-france","10":"pa_color-rouge-fr","11":"pa_country-france-fr","12":"pa_package-1x1-fr","13":"pa_package-1x6-fr","14":"pa_region-sud-ouest-fr","15":"pa_storage-potential-5-ans-fr","16":"pa_vintage-2023-fr","17":"pa_volume-150-cl-fr","18":"pa_volume-75-cl-fr","20":"first","21":"instock","22":"taxable","23":"shipping-taxable","24":"purchasable","25":"product-type-variable","26":"has-default-attributes"},"bundled_by":[],"bundle_stock_status":"instock","bundle_stock_quantity":null,"bundle_virtual":false,"bundle_layout":"","bundle_add_to_cart_form_location":"","bundle_editable_in_cart":false,"bundle_sold_individually_context":"","bundle_item_grouping":"","bundle_min_size":"","bundle_max_size":"","bundle_price":[],"bundled_items":[],"bundle_sell_ids":[],"yoast_head":"<!-- This site is optimized with the Yoast SEO plugin v27.3 - https:\/\/yoast.com\/product\/yoast-seo-wordpress\/ -->\n<title>Acheter Famille Laplace - Les 2 vaches rouges - IVINIO Wine Shop<\/title>\n<meta name=\"description\" content=\"Famille Laplace - Les 2 vaches rouges. Un vin polyvalent aux ar\u00f4mes charmants de petits fruits rouges et de fruits \u00e0 chair blanche.\" \/>\n<meta name=\"robots\" content=\"index, follow, max-snippet:-1, max-image-preview:large, max-video-preview:-1\" \/>\n<link rel=\"canonical\" href=\"https:\/\/www.ivinio.com\/fr\/produit\/famille-laplace-les-2-vaches-rouges-rouge\/\" \/>\n<meta property=\"og:locale\" content=\"fr_FR\" \/>\n<meta property=\"og:type\" content=\"article\" \/>\n<meta property=\"og:title\" content=\"Acheter Famille Laplace - Les 2 vaches rouges - IVINIO Wine Shop\" \/>\n<meta property=\"og:description\" content=\"Famille Laplace - Les 2 vaches rouges. Un vin polyvalent aux ar\u00f4mes charmants de petits fruits rouges et de fruits \u00e0 chair blanche.\" \/>\n<meta property=\"og:url\" content=\"https:\/\/www.ivinio.com\/fr\/produit\/famille-laplace-les-2-vaches-rouges-rouge\/\" \/>\n<meta property=\"og:site_name\" content=\"IVINIO Wine Shop\" \/>\n<meta property=\"article:publisher\" content=\"https:\/\/www.facebook.com\/groups\/165217837022391\/?ref=bookmarks\" \/>\n<meta property=\"article:modified_time\" content=\"2025-01-16T16:00:46+00:00\" \/>\n<meta property=\"og:image\" content=\"https:\/\/www.ivinio.com\/wp-content\/uploads\/2025\/01\/Famille-Laplace-Les-2-vaches-rouges-IVINIO.jpg\" \/>\n\t<meta property=\"og:image:width\" content=\"500\" \/>\n\t<meta property=\"og:image:height\" content=\"500\" \/>\n\t<meta property=\"og:image:type\" content=\"image\/jpeg\" \/>\n<meta name=\"twitter:card\" content=\"summary_large_image\" \/>\n<meta name=\"twitter:label1\" content=\"Dur\u00e9e de lecture estim\u00e9e\" \/>\n\t<meta name=\"twitter:data1\" content=\"1 minute\" \/>\n<script type=\"application\/ld+json\" class=\"yoast-schema-graph\">{\"@context\":\"https:\\\/\\\/schema.org\",\"@graph\":[{\"@type\":\"WebPage\",\"@id\":\"https:\\\/\\\/www.ivinio.com\\\/fr\\\/produit\\\/famille-laplace-les-2-vaches-rouges-rouge\\\/\",\"url\":\"https:\\\/\\\/www.ivinio.com\\\/fr\\\/produit\\\/famille-laplace-les-2-vaches-rouges-rouge\\\/\",\"name\":\"Acheter Famille Laplace - Les 2 vaches rouges - IVINIO Wine Shop\",\"isPartOf\":{\"@id\":\"https:\\\/\\\/www.ivinio.com\\\/fr\\\/#website\"},\"primaryImageOfPage\":{\"@id\":\"https:\\\/\\\/www.ivinio.com\\\/fr\\\/produit\\\/famille-laplace-les-2-vaches-rouges-rouge\\\/#primaryimage\"},\"image\":{\"@id\":\"https:\\\/\\\/www.ivinio.com\\\/fr\\\/produit\\\/famille-laplace-les-2-vaches-rouges-rouge\\\/#primaryimage\"},\"thumbnailUrl\":\"https:\\\/\\\/www.ivinio.com\\\/wp-content\\\/uploads\\\/2025\\\/01\\\/Famille-Laplace-Les-2-vaches-rouges-IVINIO.jpg\",\"datePublished\":\"2025-01-16T14:28:13+00:00\",\"dateModified\":\"2025-01-16T16:00:46+00:00\",\"description\":\"Famille Laplace - Les 2 vaches rouges. Un vin polyvalent aux ar\u00f4mes charmants de petits fruits rouges et de fruits \u00e0 chair blanche.\",\"breadcrumb\":{\"@id\":\"https:\\\/\\\/www.ivinio.com\\\/fr\\\/produit\\\/famille-laplace-les-2-vaches-rouges-rouge\\\/#breadcrumb\"},\"inLanguage\":\"fr-FR\",\"potentialAction\":[{\"@type\":\"ReadAction\",\"target\":[\"https:\\\/\\\/www.ivinio.com\\\/fr\\\/produit\\\/famille-laplace-les-2-vaches-rouges-rouge\\\/\"]}]},{\"@type\":\"ImageObject\",\"inLanguage\":\"fr-FR\",\"@id\":\"https:\\\/\\\/www.ivinio.com\\\/fr\\\/produit\\\/famille-laplace-les-2-vaches-rouges-rouge\\\/#primaryimage\",\"url\":\"https:\\\/\\\/www.ivinio.com\\\/wp-content\\\/uploads\\\/2025\\\/01\\\/Famille-Laplace-Les-2-vaches-rouges-IVINIO.jpg\",\"contentUrl\":\"https:\\\/\\\/www.ivinio.com\\\/wp-content\\\/uploads\\\/2025\\\/01\\\/Famille-Laplace-Les-2-vaches-rouges-IVINIO.jpg\",\"width\":500,\"height\":500},{\"@type\":\"BreadcrumbList\",\"@id\":\"https:\\\/\\\/www.ivinio.com\\\/fr\\\/produit\\\/famille-laplace-les-2-vaches-rouges-rouge\\\/#breadcrumb\",\"itemListElement\":[{\"@type\":\"ListItem\",\"position\":1,\"name\":\"Home\",\"item\":\"https:\\\/\\\/www.ivinio.com\\\/fr\\\/\"},{\"@type\":\"ListItem\",\"position\":2,\"name\":\"Boutique de vin\",\"item\":\"https:\\\/\\\/www.ivinio.com\\\/fr\\\/boutique-de-vin\\\/\"},{\"@type\":\"ListItem\",\"position\":3,\"name\":\"Famille Laplace &#8211; Les 2 vaches rouges &#8211; Rouge\"}]},{\"@type\":\"WebSite\",\"@id\":\"https:\\\/\\\/www.ivinio.com\\\/fr\\\/#website\",\"url\":\"https:\\\/\\\/www.ivinio.com\\\/fr\\\/\",\"name\":\"IVINIO Wine Shop\",\"description\":\"French and Italian wines with delivery to your door\",\"publisher\":{\"@id\":\"https:\\\/\\\/www.ivinio.com\\\/fr\\\/#organization\"},\"potentialAction\":[{\"@type\":\"SearchAction\",\"target\":{\"@type\":\"EntryPoint\",\"urlTemplate\":\"https:\\\/\\\/www.ivinio.com\\\/fr\\\/?s={search_term_string}\"},\"query-input\":{\"@type\":\"PropertyValueSpecification\",\"valueRequired\":true,\"valueName\":\"search_term_string\"}}],\"inLanguage\":\"fr-FR\"},{\"@type\":\"Organization\",\"@id\":\"https:\\\/\\\/www.ivinio.com\\\/fr\\\/#organization\",\"name\":\"IVINIO\",\"url\":\"https:\\\/\\\/www.ivinio.com\\\/fr\\\/\",\"logo\":{\"@type\":\"ImageObject\",\"inLanguage\":\"fr-FR\",\"@id\":\"https:\\\/\\\/www.ivinio.com\\\/fr\\\/#\\\/schema\\\/logo\\\/image\\\/\",\"url\":\"https:\\\/\\\/www.ivinio.com\\\/wp-content\\\/uploads\\\/2021\\\/01\\\/Logo-Ivinio-v2.jpg\",\"contentUrl\":\"https:\\\/\\\/www.ivinio.com\\\/wp-content\\\/uploads\\\/2021\\\/01\\\/Logo-Ivinio-v2.jpg\",\"width\":1194,\"height\":1194,\"caption\":\"IVINIO\"},\"image\":{\"@id\":\"https:\\\/\\\/www.ivinio.com\\\/fr\\\/#\\\/schema\\\/logo\\\/image\\\/\"},\"sameAs\":[\"https:\\\/\\\/www.facebook.com\\\/groups\\\/165217837022391\\\/?ref=bookmarks\",\"https:\\\/\\\/www.instagram.com\\\/_ivinio_\\\/?hl=fr\"]}]}<\/script>\n<!-- \/ Yoast SEO plugin. -->","yoast_head_json":{"title":"Acheter Famille Laplace - Les 2 vaches rouges - IVINIO Wine Shop","description":"Famille Laplace - Les 2 vaches rouges. Un vin polyvalent aux ar\u00f4mes charmants de petits fruits rouges et de fruits \u00e0 chair blanche.","robots":{"index":"index","follow":"follow","max-snippet":"max-snippet:-1","max-image-preview":"max-image-preview:large","max-video-preview":"max-video-preview:-1"},"canonical":"https:\/\/www.ivinio.com\/fr\/produit\/famille-laplace-les-2-vaches-rouges-rouge\/","og_locale":"fr_FR","og_type":"article","og_title":"Acheter Famille Laplace - Les 2 vaches rouges - IVINIO Wine Shop","og_description":"Famille Laplace - Les 2 vaches rouges. Un vin polyvalent aux ar\u00f4mes charmants de petits fruits rouges et de fruits \u00e0 chair blanche.","og_url":"https:\/\/www.ivinio.com\/fr\/produit\/famille-laplace-les-2-vaches-rouges-rouge\/","og_site_name":"IVINIO Wine Shop","article_publisher":"https:\/\/www.facebook.com\/groups\/165217837022391\/?ref=bookmarks","article_modified_time":"2025-01-16T16:00:46+00:00","og_image":[{"width":500,"height":500,"url":"https:\/\/www.ivinio.com\/wp-content\/uploads\/2025\/01\/Famille-Laplace-Les-2-vaches-rouges-IVINIO.jpg","type":"image\/jpeg"}],"twitter_card":"summary_large_image","twitter_misc":{"Dur\u00e9e de lecture estim\u00e9e":"1 minute"},"schema":{"@context":"https:\/\/schema.org","@graph":[{"@type":"WebPage","@id":"https:\/\/www.ivinio.com\/fr\/produit\/famille-laplace-les-2-vaches-rouges-rouge\/","url":"https:\/\/www.ivinio.com\/fr\/produit\/famille-laplace-les-2-vaches-rouges-rouge\/","name":"Acheter Famille Laplace - Les 2 vaches rouges - IVINIO Wine Shop","isPartOf":{"@id":"https:\/\/www.ivinio.com\/fr\/#website"},"primaryImageOfPage":{"@id":"https:\/\/www.ivinio.com\/fr\/produit\/famille-laplace-les-2-vaches-rouges-rouge\/#primaryimage"},"image":{"@id":"https:\/\/www.ivinio.com\/fr\/produit\/famille-laplace-les-2-vaches-rouges-rouge\/#primaryimage"},"thumbnailUrl":"https:\/\/www.ivinio.com\/wp-content\/uploads\/2025\/01\/Famille-Laplace-Les-2-vaches-rouges-IVINIO.jpg","datePublished":"2025-01-16T14:28:13+00:00","dateModified":"2025-01-16T16:00:46+00:00","description":"Famille Laplace - Les 2 vaches rouges. Un vin polyvalent aux ar\u00f4mes charmants de petits fruits rouges et de fruits \u00e0 chair blanche.","breadcrumb":{"@id":"https:\/\/www.ivinio.com\/fr\/produit\/famille-laplace-les-2-vaches-rouges-rouge\/#breadcrumb"},"inLanguage":"fr-FR","potentialAction":[{"@type":"ReadAction","target":["https:\/\/www.ivinio.com\/fr\/produit\/famille-laplace-les-2-vaches-rouges-rouge\/"]}]},{"@type":"ImageObject","inLanguage":"fr-FR","@id":"https:\/\/www.ivinio.com\/fr\/produit\/famille-laplace-les-2-vaches-rouges-rouge\/#primaryimage","url":"https:\/\/www.ivinio.com\/wp-content\/uploads\/2025\/01\/Famille-Laplace-Les-2-vaches-rouges-IVINIO.jpg","contentUrl":"https:\/\/www.ivinio.com\/wp-content\/uploads\/2025\/01\/Famille-Laplace-Les-2-vaches-rouges-IVINIO.jpg","width":500,"height":500},{"@type":"BreadcrumbList","@id":"https:\/\/www.ivinio.com\/fr\/produit\/famille-laplace-les-2-vaches-rouges-rouge\/#breadcrumb","itemListElement":[{"@type":"ListItem","position":1,"name":"Home","item":"https:\/\/www.ivinio.com\/fr\/"},{"@type":"ListItem","position":2,"name":"Boutique de vin","item":"https:\/\/www.ivinio.com\/fr\/boutique-de-vin\/"},{"@type":"ListItem","position":3,"name":"Famille Laplace &#8211; Les 2 vaches rouges &#8211; Rouge"}]},{"@type":"WebSite","@id":"https:\/\/www.ivinio.com\/fr\/#website","url":"https:\/\/www.ivinio.com\/fr\/","name":"IVINIO Wine Shop","description":"French and Italian wines with delivery to your door","publisher":{"@id":"https:\/\/www.ivinio.com\/fr\/#organization"},"potentialAction":[{"@type":"SearchAction","target":{"@type":"EntryPoint","urlTemplate":"https:\/\/www.ivinio.com\/fr\/?s={search_term_string}"},"query-input":{"@type":"PropertyValueSpecification","valueRequired":true,"valueName":"search_term_string"}}],"inLanguage":"fr-FR"},{"@type":"Organization","@id":"https:\/\/www.ivinio.com\/fr\/#organization","name":"IVINIO","url":"https:\/\/www.ivinio.com\/fr\/","logo":{"@type":"ImageObject","inLanguage":"fr-FR","@id":"https:\/\/www.ivinio.com\/fr\/#\/schema\/logo\/image\/","url":"https:\/\/www.ivinio.com\/wp-content\/uploads\/2021\/01\/Logo-Ivinio-v2.jpg","contentUrl":"https:\/\/www.ivinio.com\/wp-content\/uploads\/2021\/01\/Logo-Ivinio-v2.jpg","width":1194,"height":1194,"caption":"IVINIO"},"image":{"@id":"https:\/\/www.ivinio.com\/fr\/#\/schema\/logo\/image\/"},"sameAs":["https:\/\/www.facebook.com\/groups\/165217837022391\/?ref=bookmarks","https:\/\/www.instagram.com\/_ivinio_\/?hl=fr"]}]}},"jetpack_sharing_enabled":true,"_links":{"self":[{"href":"https:\/\/www.ivinio.com\/fr\/wp-json\/wp\/v2\/product\/136451","targetHints":{"allow":["GET"]}}],"collection":[{"href":"https:\/\/www.ivinio.com\/fr\/wp-json\/wp\/v2\/product"}],"about":[{"href":"https:\/\/www.ivinio.com\/fr\/wp-json\/wp\/v2\/types\/product"}],"replies":[{"embeddable":true,"href":"https:\/\/www.ivinio.com\/fr\/wp-json\/wp\/v2\/comments?post=136451"}],"wp:featuredmedia":[{"embeddable":true,"href":"https:\/\/www.ivinio.com\/fr\/wp-json\/wp\/v2\/media\/136456"}],"wp:attachment":[{"href":"https:\/\/www.ivinio.com\/fr\/wp-json\/wp\/v2\/media?parent=136451"}],"wp:term":[{"taxonomy":"product_brand","embeddable":true,"href":"https:\/\/www.ivinio.com\/fr\/wp-json\/wp\/v2\/product_brand?post=136451"},{"taxonomy":"product_cat","embeddable":true,"href":"https:\/\/www.ivinio.com\/fr\/wp-json\/wp\/v2\/product_cat?post=136451"},{"taxonomy":"product_tag","embeddable":true,"href":"https:\/\/www.ivinio.com\/fr\/wp-json\/wp\/v2\/product_tag?post=136451"}],"curies":[{"name":"wp","href":"https:\/\/api.w.org\/{rel}","templated":true}]}}