{"id":136441,"date":"2025-01-16T14:26:41","date_gmt":"2025-01-16T14:18:35","guid":{"rendered":"https:\/\/www.ivinio.com\/product\/famille-laplace-chateau-daydie-rouge\/"},"modified":"2025-01-16T15:26:15","modified_gmt":"2025-01-16T14:26:15","slug":"famille-laplace-chateau-daydie-rouge","status":"publish","type":"product","link":"https:\/\/www.ivinio.com\/fr\/produit\/famille-laplace-chateau-daydie-rouge\/","title":{"rendered":"Famille Laplace &#8211; Ch\u00e2teau d&#8217;Aydie &#8211; Rouge"},"content":{"rendered":"<p>Famille Laplace &#8211; Ch\u00e2teau d&#8217;Aydie &#8211; Rouge est compos\u00e9 de 100% de Tannat de vignes d&#8217;un \u00e2ge moyen de 30 ans. Les vignes sont plant\u00e9es sur des coteaux de calcaire limoneux (Terroir de Saint Lanne), de graves limoneuses (Terroir d&#8217;Aydie), d&#8217;argile \u00e0 galets roul\u00e9s (Terroir de Moncaup). Les raisins sont vendang\u00e9s manuellement et laiss\u00e9s mac\u00e9rer avant fermentation \u00e0 10-12\u00b0C pendant 5 jours dans de grandes cuves de bois tronconique. Fermentation longue de 25 \u00e0 30 jours. La temp\u00e9rature de vinification varie de 25\u00b0C \u00e0 30\u00b0C. Extraction par pigeage et remontage.<\/p>\n","protected":false},"excerpt":{"rendered":"<p>Un beau Madiran aux ar\u00f4mes complexes et un palais soyeux avec un bel \u00e9levage en f\u00fbt de ch\u00eane.<\/p>\n","protected":false},"featured_media":136432,"comment_status":"open","ping_status":"closed","template":"","meta":{"_monsterinsights_skip_tracking":false,"_monsterinsights_sitenote_active":false,"_monsterinsights_sitenote_note":"","_monsterinsights_sitenote_category":0,"_uf_show_specific_survey":0,"_uf_disable_surveys":false},"product_brand":[],"product_cat":[36637,36586],"product_tag":[],"class_list":{"0":"post-136441","1":"product","2":"type-product","3":"status-publish","4":"has-post-thumbnail","6":"product_cat-fr-sud-ouest","7":"product_cat-vins-francais","8":"pa_alcohol-degree-14-fr","9":"pa_classification-aop-madiran-fr","10":"pa_color-rouge-fr","11":"pa_country-france-fr","12":"pa_package-1x1-fr","13":"pa_package-1x6-fr","14":"pa_region-sud-ouest-fr","15":"pa_storage-potential-plus-de-10-ans-fr","16":"pa_vintage-2018-fr","17":"pa_volume-150-cl-fr","18":"pa_volume-75-cl-fr","20":"first","21":"instock","22":"taxable","23":"shipping-taxable","24":"purchasable","25":"product-type-variable","26":"has-default-attributes"},"bundled_by":[],"bundle_stock_status":"instock","bundle_stock_quantity":null,"bundle_virtual":false,"bundle_layout":"","bundle_add_to_cart_form_location":"","bundle_editable_in_cart":false,"bundle_sold_individually_context":"","bundle_item_grouping":"","bundle_min_size":"","bundle_max_size":"","bundle_price":[],"bundled_items":[],"bundle_sell_ids":[],"yoast_head":"<!-- This site is optimized with the Yoast SEO plugin v27.5 - https:\/\/yoast.com\/product\/yoast-seo-wordpress\/ -->\n<title>Acheter Famille Laplace - Ch\u00e2teau d&#039;Aydie - Rouge - IVINIO Caviste<\/title>\n<meta name=\"description\" content=\"Famille Laplace - Ch\u00e2teau d&#039;Aydie - Rouge. Un beau Madiran aux ar\u00f4mes complexes et un palais soyeux avec un bel \u00e9levage en f\u00fbt de ch\u00eane.\" \/>\n<meta name=\"robots\" content=\"index, follow, max-snippet:-1, max-image-preview:large, max-video-preview:-1\" \/>\n<link rel=\"canonical\" href=\"https:\/\/www.ivinio.com\/fr\/produit\/famille-laplace-chateau-daydie-rouge\/\" \/>\n<meta property=\"og:locale\" content=\"fr_FR\" \/>\n<meta property=\"og:type\" content=\"article\" \/>\n<meta property=\"og:title\" content=\"Acheter Famille Laplace - Ch\u00e2teau d&#039;Aydie - Rouge - IVINIO Caviste\" \/>\n<meta property=\"og:description\" content=\"Famille Laplace - Ch\u00e2teau d&#039;Aydie - Rouge. Un beau Madiran aux ar\u00f4mes complexes et un palais soyeux avec un bel \u00e9levage en f\u00fbt de ch\u00eane.\" \/>\n<meta property=\"og:url\" content=\"https:\/\/www.ivinio.com\/fr\/produit\/famille-laplace-chateau-daydie-rouge\/\" \/>\n<meta property=\"og:site_name\" content=\"IVINIO Caviste\" \/>\n<meta property=\"article:publisher\" content=\"https:\/\/www.facebook.com\/groups\/165217837022391\/?ref=bookmarks\" \/>\n<meta property=\"article:modified_time\" content=\"2025-01-16T14:26:15+00:00\" \/>\n<meta property=\"og:image\" content=\"https:\/\/www.ivinio.com\/wp-content\/uploads\/2025\/01\/Famille-Laplace-Chateau-dAydie-IVINIO.jpg\" \/>\n\t<meta property=\"og:image:width\" content=\"500\" \/>\n\t<meta property=\"og:image:height\" content=\"500\" \/>\n\t<meta property=\"og:image:type\" content=\"image\/jpeg\" \/>\n<meta name=\"twitter:card\" content=\"summary_large_image\" \/>\n<meta name=\"twitter:label1\" content=\"Dur\u00e9e de lecture estim\u00e9e\" \/>\n\t<meta name=\"twitter:data1\" content=\"1 minute\" \/>\n<script type=\"application\/ld+json\" class=\"yoast-schema-graph\">{\"@context\":\"https:\\\/\\\/schema.org\",\"@graph\":[{\"@type\":\"WebPage\",\"@id\":\"https:\\\/\\\/www.ivinio.com\\\/fr\\\/produit\\\/famille-laplace-chateau-daydie-rouge\\\/\",\"url\":\"https:\\\/\\\/www.ivinio.com\\\/fr\\\/produit\\\/famille-laplace-chateau-daydie-rouge\\\/\",\"name\":\"Acheter Famille Laplace - Ch\u00e2teau d'Aydie - Rouge - IVINIO Caviste\",\"isPartOf\":{\"@id\":\"https:\\\/\\\/www.ivinio.com\\\/fr\\\/#website\"},\"primaryImageOfPage\":{\"@id\":\"https:\\\/\\\/www.ivinio.com\\\/fr\\\/produit\\\/famille-laplace-chateau-daydie-rouge\\\/#primaryimage\"},\"image\":{\"@id\":\"https:\\\/\\\/www.ivinio.com\\\/fr\\\/produit\\\/famille-laplace-chateau-daydie-rouge\\\/#primaryimage\"},\"thumbnailUrl\":\"https:\\\/\\\/www.ivinio.com\\\/wp-content\\\/uploads\\\/2025\\\/01\\\/Famille-Laplace-Chateau-dAydie-IVINIO.jpg\",\"datePublished\":\"2025-01-16T14:18:35+00:00\",\"dateModified\":\"2025-01-16T14:26:15+00:00\",\"description\":\"Famille Laplace - Ch\u00e2teau d'Aydie - Rouge. Un beau Madiran aux ar\u00f4mes complexes et un palais soyeux avec un bel \u00e9levage en f\u00fbt de ch\u00eane.\",\"breadcrumb\":{\"@id\":\"https:\\\/\\\/www.ivinio.com\\\/fr\\\/produit\\\/famille-laplace-chateau-daydie-rouge\\\/#breadcrumb\"},\"inLanguage\":\"fr-FR\",\"potentialAction\":[{\"@type\":\"ReadAction\",\"target\":[\"https:\\\/\\\/www.ivinio.com\\\/fr\\\/produit\\\/famille-laplace-chateau-daydie-rouge\\\/\"]}]},{\"@type\":\"ImageObject\",\"inLanguage\":\"fr-FR\",\"@id\":\"https:\\\/\\\/www.ivinio.com\\\/fr\\\/produit\\\/famille-laplace-chateau-daydie-rouge\\\/#primaryimage\",\"url\":\"https:\\\/\\\/www.ivinio.com\\\/wp-content\\\/uploads\\\/2025\\\/01\\\/Famille-Laplace-Chateau-dAydie-IVINIO.jpg\",\"contentUrl\":\"https:\\\/\\\/www.ivinio.com\\\/wp-content\\\/uploads\\\/2025\\\/01\\\/Famille-Laplace-Chateau-dAydie-IVINIO.jpg\",\"width\":500,\"height\":500},{\"@type\":\"BreadcrumbList\",\"@id\":\"https:\\\/\\\/www.ivinio.com\\\/fr\\\/produit\\\/famille-laplace-chateau-daydie-rouge\\\/#breadcrumb\",\"itemListElement\":[{\"@type\":\"ListItem\",\"position\":1,\"name\":\"Home\",\"item\":\"https:\\\/\\\/www.ivinio.com\\\/fr\\\/\"},{\"@type\":\"ListItem\",\"position\":2,\"name\":\"Boutique de vin\",\"item\":\"https:\\\/\\\/www.ivinio.com\\\/fr\\\/boutique-de-vin\\\/\"},{\"@type\":\"ListItem\",\"position\":3,\"name\":\"Famille Laplace &#8211; Ch\u00e2teau d&#8217;Aydie &#8211; Rouge\"}]},{\"@type\":\"WebSite\",\"@id\":\"https:\\\/\\\/www.ivinio.com\\\/fr\\\/#website\",\"url\":\"https:\\\/\\\/www.ivinio.com\\\/fr\\\/\",\"name\":\"IVINIO Caviste\",\"description\":\"Vins de France et d&#039;Italie avec livraison \u00e0 domicile\",\"publisher\":{\"@id\":\"https:\\\/\\\/www.ivinio.com\\\/fr\\\/#organization\"},\"potentialAction\":[{\"@type\":\"SearchAction\",\"target\":{\"@type\":\"EntryPoint\",\"urlTemplate\":\"https:\\\/\\\/www.ivinio.com\\\/fr\\\/?s={search_term_string}\"},\"query-input\":{\"@type\":\"PropertyValueSpecification\",\"valueRequired\":true,\"valueName\":\"search_term_string\"}}],\"inLanguage\":\"fr-FR\"},{\"@type\":\"Organization\",\"@id\":\"https:\\\/\\\/www.ivinio.com\\\/fr\\\/#organization\",\"name\":\"IVINIO\",\"url\":\"https:\\\/\\\/www.ivinio.com\\\/fr\\\/\",\"logo\":{\"@type\":\"ImageObject\",\"inLanguage\":\"fr-FR\",\"@id\":\"https:\\\/\\\/www.ivinio.com\\\/fr\\\/#\\\/schema\\\/logo\\\/image\\\/\",\"url\":\"https:\\\/\\\/www.ivinio.com\\\/wp-content\\\/uploads\\\/2021\\\/01\\\/Logo-Ivinio-v2.jpg\",\"contentUrl\":\"https:\\\/\\\/www.ivinio.com\\\/wp-content\\\/uploads\\\/2021\\\/01\\\/Logo-Ivinio-v2.jpg\",\"width\":1194,\"height\":1194,\"caption\":\"IVINIO\"},\"image\":{\"@id\":\"https:\\\/\\\/www.ivinio.com\\\/fr\\\/#\\\/schema\\\/logo\\\/image\\\/\"},\"sameAs\":[\"https:\\\/\\\/www.facebook.com\\\/groups\\\/165217837022391\\\/?ref=bookmarks\",\"https:\\\/\\\/www.instagram.com\\\/_ivinio_\\\/?hl=fr\"]}]}<\/script>\n<!-- \/ Yoast SEO plugin. -->","yoast_head_json":{"title":"Acheter Famille Laplace - Ch\u00e2teau d'Aydie - Rouge - IVINIO Caviste","description":"Famille Laplace - Ch\u00e2teau d'Aydie - Rouge. Un beau Madiran aux ar\u00f4mes complexes et un palais soyeux avec un bel \u00e9levage en f\u00fbt de ch\u00eane.","robots":{"index":"index","follow":"follow","max-snippet":"max-snippet:-1","max-image-preview":"max-image-preview:large","max-video-preview":"max-video-preview:-1"},"canonical":"https:\/\/www.ivinio.com\/fr\/produit\/famille-laplace-chateau-daydie-rouge\/","og_locale":"fr_FR","og_type":"article","og_title":"Acheter Famille Laplace - Ch\u00e2teau d'Aydie - Rouge - IVINIO Caviste","og_description":"Famille Laplace - Ch\u00e2teau d'Aydie - Rouge. Un beau Madiran aux ar\u00f4mes complexes et un palais soyeux avec un bel \u00e9levage en f\u00fbt de ch\u00eane.","og_url":"https:\/\/www.ivinio.com\/fr\/produit\/famille-laplace-chateau-daydie-rouge\/","og_site_name":"IVINIO Caviste","article_publisher":"https:\/\/www.facebook.com\/groups\/165217837022391\/?ref=bookmarks","article_modified_time":"2025-01-16T14:26:15+00:00","og_image":[{"width":500,"height":500,"url":"https:\/\/www.ivinio.com\/wp-content\/uploads\/2025\/01\/Famille-Laplace-Chateau-dAydie-IVINIO.jpg","type":"image\/jpeg"}],"twitter_card":"summary_large_image","twitter_misc":{"Dur\u00e9e de lecture estim\u00e9e":"1 minute"},"schema":{"@context":"https:\/\/schema.org","@graph":[{"@type":"WebPage","@id":"https:\/\/www.ivinio.com\/fr\/produit\/famille-laplace-chateau-daydie-rouge\/","url":"https:\/\/www.ivinio.com\/fr\/produit\/famille-laplace-chateau-daydie-rouge\/","name":"Acheter Famille Laplace - Ch\u00e2teau d'Aydie - Rouge - IVINIO Caviste","isPartOf":{"@id":"https:\/\/www.ivinio.com\/fr\/#website"},"primaryImageOfPage":{"@id":"https:\/\/www.ivinio.com\/fr\/produit\/famille-laplace-chateau-daydie-rouge\/#primaryimage"},"image":{"@id":"https:\/\/www.ivinio.com\/fr\/produit\/famille-laplace-chateau-daydie-rouge\/#primaryimage"},"thumbnailUrl":"https:\/\/www.ivinio.com\/wp-content\/uploads\/2025\/01\/Famille-Laplace-Chateau-dAydie-IVINIO.jpg","datePublished":"2025-01-16T14:18:35+00:00","dateModified":"2025-01-16T14:26:15+00:00","description":"Famille Laplace - Ch\u00e2teau d'Aydie - Rouge. Un beau Madiran aux ar\u00f4mes complexes et un palais soyeux avec un bel \u00e9levage en f\u00fbt de ch\u00eane.","breadcrumb":{"@id":"https:\/\/www.ivinio.com\/fr\/produit\/famille-laplace-chateau-daydie-rouge\/#breadcrumb"},"inLanguage":"fr-FR","potentialAction":[{"@type":"ReadAction","target":["https:\/\/www.ivinio.com\/fr\/produit\/famille-laplace-chateau-daydie-rouge\/"]}]},{"@type":"ImageObject","inLanguage":"fr-FR","@id":"https:\/\/www.ivinio.com\/fr\/produit\/famille-laplace-chateau-daydie-rouge\/#primaryimage","url":"https:\/\/www.ivinio.com\/wp-content\/uploads\/2025\/01\/Famille-Laplace-Chateau-dAydie-IVINIO.jpg","contentUrl":"https:\/\/www.ivinio.com\/wp-content\/uploads\/2025\/01\/Famille-Laplace-Chateau-dAydie-IVINIO.jpg","width":500,"height":500},{"@type":"BreadcrumbList","@id":"https:\/\/www.ivinio.com\/fr\/produit\/famille-laplace-chateau-daydie-rouge\/#breadcrumb","itemListElement":[{"@type":"ListItem","position":1,"name":"Home","item":"https:\/\/www.ivinio.com\/fr\/"},{"@type":"ListItem","position":2,"name":"Boutique de vin","item":"https:\/\/www.ivinio.com\/fr\/boutique-de-vin\/"},{"@type":"ListItem","position":3,"name":"Famille Laplace &#8211; Ch\u00e2teau d&#8217;Aydie &#8211; Rouge"}]},{"@type":"WebSite","@id":"https:\/\/www.ivinio.com\/fr\/#website","url":"https:\/\/www.ivinio.com\/fr\/","name":"IVINIO Caviste","description":"Vins de France et d&#039;Italie avec livraison \u00e0 domicile","publisher":{"@id":"https:\/\/www.ivinio.com\/fr\/#organization"},"potentialAction":[{"@type":"SearchAction","target":{"@type":"EntryPoint","urlTemplate":"https:\/\/www.ivinio.com\/fr\/?s={search_term_string}"},"query-input":{"@type":"PropertyValueSpecification","valueRequired":true,"valueName":"search_term_string"}}],"inLanguage":"fr-FR"},{"@type":"Organization","@id":"https:\/\/www.ivinio.com\/fr\/#organization","name":"IVINIO","url":"https:\/\/www.ivinio.com\/fr\/","logo":{"@type":"ImageObject","inLanguage":"fr-FR","@id":"https:\/\/www.ivinio.com\/fr\/#\/schema\/logo\/image\/","url":"https:\/\/www.ivinio.com\/wp-content\/uploads\/2021\/01\/Logo-Ivinio-v2.jpg","contentUrl":"https:\/\/www.ivinio.com\/wp-content\/uploads\/2021\/01\/Logo-Ivinio-v2.jpg","width":1194,"height":1194,"caption":"IVINIO"},"image":{"@id":"https:\/\/www.ivinio.com\/fr\/#\/schema\/logo\/image\/"},"sameAs":["https:\/\/www.facebook.com\/groups\/165217837022391\/?ref=bookmarks","https:\/\/www.instagram.com\/_ivinio_\/?hl=fr"]}]}},"jetpack_sharing_enabled":true,"_links":{"self":[{"href":"https:\/\/www.ivinio.com\/fr\/wp-json\/wp\/v2\/product\/136441","targetHints":{"allow":["GET"]}}],"collection":[{"href":"https:\/\/www.ivinio.com\/fr\/wp-json\/wp\/v2\/product"}],"about":[{"href":"https:\/\/www.ivinio.com\/fr\/wp-json\/wp\/v2\/types\/product"}],"replies":[{"embeddable":true,"href":"https:\/\/www.ivinio.com\/fr\/wp-json\/wp\/v2\/comments?post=136441"}],"wp:featuredmedia":[{"embeddable":true,"href":"https:\/\/www.ivinio.com\/fr\/wp-json\/wp\/v2\/media\/136432"}],"wp:attachment":[{"href":"https:\/\/www.ivinio.com\/fr\/wp-json\/wp\/v2\/media?parent=136441"}],"wp:term":[{"taxonomy":"product_brand","embeddable":true,"href":"https:\/\/www.ivinio.com\/fr\/wp-json\/wp\/v2\/product_brand?post=136441"},{"taxonomy":"product_cat","embeddable":true,"href":"https:\/\/www.ivinio.com\/fr\/wp-json\/wp\/v2\/product_cat?post=136441"},{"taxonomy":"product_tag","embeddable":true,"href":"https:\/\/www.ivinio.com\/fr\/wp-json\/wp\/v2\/product_tag?post=136441"}],"curies":[{"name":"wp","href":"https:\/\/api.w.org\/{rel}","templated":true}]}}