{"id":136180,"date":"2024-10-23T15:11:01","date_gmt":"2024-10-23T14:29:23","guid":{"rendered":"https:\/\/www.ivinio.com\/product\/chateau-la-mascaronne-carton-melange-de-vin-rose-3x2-bouteilles\/"},"modified":"2025-03-13T17:44:27","modified_gmt":"2025-03-13T16:44:27","slug":"chateau-la-mascaronne-carton-melange-de-vin-rose-3x2-bouteilles","status":"publish","type":"product","link":"https:\/\/www.ivinio.com\/fr\/produit\/chateau-la-mascaronne-carton-melange-de-vin-rose-3x2-bouteilles\/","title":{"rendered":"Ch\u00e2teau la Mascaronne &#8211; Carton m\u00e9lang\u00e9 de vin ros\u00e9 &#8211; 3&#215;2 bouteilles"},"content":{"rendered":"<p>Ch\u00e2teau la Mascaronne &#8211; Carton de vin ros\u00e9 m\u00e9lang\u00e9 &#8211; 3&#215;2 bouteilles repr\u00e9sente une excellente opportunit\u00e9 de d\u00e9guster 2 types de vins ros\u00e9s de qualit\u00e9 du Ch\u00e2teau la Mascaronne. Le coffret contient 3 bouteilles de vin du Ch\u00e2teau qui peuvent se conserver quelques ann\u00e9es. \u00c0 cela s&#8217;ajoutent 3 bouteilles de la cuv\u00e9e &#8220;Folly&#8221;, plus spontan\u00e9 et d\u00e9velopp\u00e9 en collaboration avec la star du basket fran\u00e7ais Tony Parker.  <\/p>\n","protected":false},"excerpt":{"rendered":"<p>Carton m\u00e9lang\u00e9 de vin ros\u00e9 contenant 3 bouteilles du vin du Ch\u00e2teau, ainsi que 3 bouteilles de la cuv\u00e9e &#8220;Folly&#8221;, pour toutes occasions !<\/p>\n","protected":false},"featured_media":136176,"comment_status":"open","ping_status":"closed","template":"","meta":{"_monsterinsights_skip_tracking":false,"_monsterinsights_sitenote_active":false,"_monsterinsights_sitenote_note":"","_monsterinsights_sitenote_category":0,"_uf_show_specific_survey":0,"_uf_disable_surveys":false},"product_brand":[],"product_cat":[36643],"product_tag":[],"class_list":{"0":"post-136180","1":"product","2":"type-product","3":"status-publish","4":"has-post-thumbnail","6":"product_cat-ronde-des-vins","8":"first","9":"instock","10":"virtual","11":"taxable","12":"purchasable","13":"product-type-bundle"},"bundled_by":[],"bundle_stock_status":"instock","bundle_stock_quantity":"","bundle_virtual":false,"bundle_layout":"grid","bundle_add_to_cart_form_location":"after_summary","bundle_editable_in_cart":false,"bundle_sold_individually_context":"product","bundle_item_grouping":"noindent","bundle_min_size":"","bundle_max_size":"","bundle_price":{"price":{"min":{"incl_tax":"106","excl_tax":"106"},"max":{"incl_tax":"106","excl_tax":"106"}},"regular_price":{"min":{"incl_tax":"106","excl_tax":"106"},"max":{"incl_tax":"106","excl_tax":"106"}}},"bundled_items":[{"bundled_item_id":9089,"product_id":136167,"menu_order":0,"quantity_min":3,"quantity_max":3,"quantity_default":3,"priced_individually":false,"shipped_individually":false,"override_title":false,"title":"Folly by Mascaronne &#8211; Ros\u00e9","override_description":false,"description":"Folly by Mascaronne &#8211; Ros\u00e9","optional":false,"hide_thumbnail":false,"discount":"","override_variations":false,"allowed_variations":[""],"override_default_variation_attributes":false,"default_variation_attributes":[],"single_product_visibility":"visible","cart_visibility":"visible","order_visibility":"visible","single_product_price_visibility":"visible","cart_price_visibility":"visible","order_price_visibility":"visible","stock_status":"in_stock"},{"bundled_item_id":9090,"product_id":118028,"menu_order":1,"quantity_min":3,"quantity_max":3,"quantity_default":3,"priced_individually":false,"shipped_individually":false,"override_title":false,"title":"Ch\u00e2teau la Mascaronne &#8211; Ros\u00e9","override_description":false,"description":"Ch\u00e2teau la Mascaronne &#8211; Ros\u00e9","optional":false,"hide_thumbnail":false,"discount":"","override_variations":false,"allowed_variations":[""],"override_default_variation_attributes":false,"default_variation_attributes":[],"single_product_visibility":"visible","cart_visibility":"visible","order_visibility":"visible","single_product_price_visibility":"visible","cart_price_visibility":"visible","order_price_visibility":"visible","stock_status":"in_stock"}],"bundle_sell_ids":[],"yoast_head":"<!-- This site is optimized with the Yoast SEO plugin v27.6 - https:\/\/yoast.com\/product\/yoast-seo-wordpress\/ -->\n<title>Ch\u00e2teau la Mascaronne - Carton m\u00e9lang\u00e9 de vin ros\u00e9 - 3x2 bouteilles - IVINIO Caviste<\/title>\n<meta name=\"description\" content=\"Ch\u00e2teau la Mascaronne - Carton m\u00e9lang\u00e9 de vin ros\u00e9. Le coffret contient 3 bouteilles du vin du Ch\u00e2teau et 3 bouteilles de la cuv\u00e9e &quot;Folly&quot;, pour toutes occasions !\" \/>\n<meta name=\"robots\" content=\"index, follow, max-snippet:-1, max-image-preview:large, max-video-preview:-1\" \/>\n<link rel=\"canonical\" href=\"https:\/\/www.ivinio.com\/fr\/produit\/chateau-la-mascaronne-carton-melange-de-vin-rose-3x2-bouteilles\/\" \/>\n<meta property=\"og:locale\" content=\"fr_FR\" \/>\n<meta property=\"og:type\" content=\"article\" \/>\n<meta property=\"og:title\" content=\"Ch\u00e2teau la Mascaronne - Carton m\u00e9lang\u00e9 de vin ros\u00e9 - 3x2 bouteilles - IVINIO Caviste\" \/>\n<meta property=\"og:description\" content=\"Ch\u00e2teau la Mascaronne - Carton m\u00e9lang\u00e9 de vin ros\u00e9. Le coffret contient 3 bouteilles du vin du Ch\u00e2teau et 3 bouteilles de la cuv\u00e9e &quot;Folly&quot;, pour toutes occasions !\" \/>\n<meta property=\"og:url\" content=\"https:\/\/www.ivinio.com\/fr\/produit\/chateau-la-mascaronne-carton-melange-de-vin-rose-3x2-bouteilles\/\" \/>\n<meta property=\"og:site_name\" content=\"IVINIO Caviste\" \/>\n<meta property=\"article:publisher\" content=\"https:\/\/www.facebook.com\/groups\/165217837022391\/?ref=bookmarks\" \/>\n<meta property=\"article:modified_time\" content=\"2025-03-13T16:44:27+00:00\" \/>\n<meta property=\"og:image\" content=\"https:\/\/www.ivinio.com\/wp-content\/uploads\/2024\/10\/Chateau-la-mascaronne-rosemix-IVINIO.jpg\" \/>\n\t<meta property=\"og:image:width\" content=\"500\" \/>\n\t<meta property=\"og:image:height\" content=\"500\" \/>\n\t<meta property=\"og:image:type\" content=\"image\/jpeg\" \/>\n<meta name=\"twitter:card\" content=\"summary_large_image\" \/>\n<meta name=\"twitter:label1\" content=\"Dur\u00e9e de lecture estim\u00e9e\" \/>\n\t<meta name=\"twitter:data1\" content=\"1 minute\" \/>\n<script type=\"application\/ld+json\" class=\"yoast-schema-graph\">{\"@context\":\"https:\\\/\\\/schema.org\",\"@graph\":[{\"@type\":\"WebPage\",\"@id\":\"https:\\\/\\\/www.ivinio.com\\\/fr\\\/produit\\\/chateau-la-mascaronne-carton-melange-de-vin-rose-3x2-bouteilles\\\/\",\"url\":\"https:\\\/\\\/www.ivinio.com\\\/fr\\\/produit\\\/chateau-la-mascaronne-carton-melange-de-vin-rose-3x2-bouteilles\\\/\",\"name\":\"Ch\u00e2teau la Mascaronne - Carton m\u00e9lang\u00e9 de vin ros\u00e9 - 3x2 bouteilles - IVINIO Caviste\",\"isPartOf\":{\"@id\":\"https:\\\/\\\/www.ivinio.com\\\/fr\\\/#website\"},\"primaryImageOfPage\":{\"@id\":\"https:\\\/\\\/www.ivinio.com\\\/fr\\\/produit\\\/chateau-la-mascaronne-carton-melange-de-vin-rose-3x2-bouteilles\\\/#primaryimage\"},\"image\":{\"@id\":\"https:\\\/\\\/www.ivinio.com\\\/fr\\\/produit\\\/chateau-la-mascaronne-carton-melange-de-vin-rose-3x2-bouteilles\\\/#primaryimage\"},\"thumbnailUrl\":\"https:\\\/\\\/www.ivinio.com\\\/wp-content\\\/uploads\\\/2024\\\/10\\\/Chateau-la-mascaronne-rosemix-IVINIO.jpg\",\"datePublished\":\"2024-10-23T14:29:23+00:00\",\"dateModified\":\"2025-03-13T16:44:27+00:00\",\"description\":\"Ch\u00e2teau la Mascaronne - Carton m\u00e9lang\u00e9 de vin ros\u00e9. Le coffret contient 3 bouteilles du vin du Ch\u00e2teau et 3 bouteilles de la cuv\u00e9e \\\"Folly\\\", pour toutes occasions !\",\"breadcrumb\":{\"@id\":\"https:\\\/\\\/www.ivinio.com\\\/fr\\\/produit\\\/chateau-la-mascaronne-carton-melange-de-vin-rose-3x2-bouteilles\\\/#breadcrumb\"},\"inLanguage\":\"fr-FR\",\"potentialAction\":[{\"@type\":\"ReadAction\",\"target\":[\"https:\\\/\\\/www.ivinio.com\\\/fr\\\/produit\\\/chateau-la-mascaronne-carton-melange-de-vin-rose-3x2-bouteilles\\\/\"]}]},{\"@type\":\"ImageObject\",\"inLanguage\":\"fr-FR\",\"@id\":\"https:\\\/\\\/www.ivinio.com\\\/fr\\\/produit\\\/chateau-la-mascaronne-carton-melange-de-vin-rose-3x2-bouteilles\\\/#primaryimage\",\"url\":\"https:\\\/\\\/www.ivinio.com\\\/wp-content\\\/uploads\\\/2024\\\/10\\\/Chateau-la-mascaronne-rosemix-IVINIO.jpg\",\"contentUrl\":\"https:\\\/\\\/www.ivinio.com\\\/wp-content\\\/uploads\\\/2024\\\/10\\\/Chateau-la-mascaronne-rosemix-IVINIO.jpg\",\"width\":500,\"height\":500},{\"@type\":\"BreadcrumbList\",\"@id\":\"https:\\\/\\\/www.ivinio.com\\\/fr\\\/produit\\\/chateau-la-mascaronne-carton-melange-de-vin-rose-3x2-bouteilles\\\/#breadcrumb\",\"itemListElement\":[{\"@type\":\"ListItem\",\"position\":1,\"name\":\"Home\",\"item\":\"https:\\\/\\\/www.ivinio.com\\\/fr\\\/\"},{\"@type\":\"ListItem\",\"position\":2,\"name\":\"Boutique de vin\",\"item\":\"https:\\\/\\\/www.ivinio.com\\\/fr\\\/boutique-de-vin\\\/\"},{\"@type\":\"ListItem\",\"position\":3,\"name\":\"Ch\u00e2teau la Mascaronne &#8211; Carton m\u00e9lang\u00e9 de vin ros\u00e9 &#8211; 3&#215;2 bouteilles\"}]},{\"@type\":\"WebSite\",\"@id\":\"https:\\\/\\\/www.ivinio.com\\\/fr\\\/#website\",\"url\":\"https:\\\/\\\/www.ivinio.com\\\/fr\\\/\",\"name\":\"IVINIO Caviste\",\"description\":\"Vins de France et d&#039;Italie avec livraison \u00e0 domicile\",\"publisher\":{\"@id\":\"https:\\\/\\\/www.ivinio.com\\\/fr\\\/#organization\"},\"potentialAction\":[{\"@type\":\"SearchAction\",\"target\":{\"@type\":\"EntryPoint\",\"urlTemplate\":\"https:\\\/\\\/www.ivinio.com\\\/fr\\\/?s={search_term_string}\"},\"query-input\":{\"@type\":\"PropertyValueSpecification\",\"valueRequired\":true,\"valueName\":\"search_term_string\"}}],\"inLanguage\":\"fr-FR\"},{\"@type\":\"Organization\",\"@id\":\"https:\\\/\\\/www.ivinio.com\\\/fr\\\/#organization\",\"name\":\"IVINIO\",\"url\":\"https:\\\/\\\/www.ivinio.com\\\/fr\\\/\",\"logo\":{\"@type\":\"ImageObject\",\"inLanguage\":\"fr-FR\",\"@id\":\"https:\\\/\\\/www.ivinio.com\\\/fr\\\/#\\\/schema\\\/logo\\\/image\\\/\",\"url\":\"https:\\\/\\\/www.ivinio.com\\\/wp-content\\\/uploads\\\/2021\\\/01\\\/Logo-Ivinio-v2.jpg\",\"contentUrl\":\"https:\\\/\\\/www.ivinio.com\\\/wp-content\\\/uploads\\\/2021\\\/01\\\/Logo-Ivinio-v2.jpg\",\"width\":1194,\"height\":1194,\"caption\":\"IVINIO\"},\"image\":{\"@id\":\"https:\\\/\\\/www.ivinio.com\\\/fr\\\/#\\\/schema\\\/logo\\\/image\\\/\"},\"sameAs\":[\"https:\\\/\\\/www.facebook.com\\\/groups\\\/165217837022391\\\/?ref=bookmarks\",\"https:\\\/\\\/www.instagram.com\\\/_ivinio_\\\/?hl=fr\"]}]}<\/script>\n<!-- \/ Yoast SEO plugin. -->","yoast_head_json":{"title":"Ch\u00e2teau la Mascaronne - Carton m\u00e9lang\u00e9 de vin ros\u00e9 - 3x2 bouteilles - IVINIO Caviste","description":"Ch\u00e2teau la Mascaronne - Carton m\u00e9lang\u00e9 de vin ros\u00e9. Le coffret contient 3 bouteilles du vin du Ch\u00e2teau et 3 bouteilles de la cuv\u00e9e \"Folly\", pour toutes occasions !","robots":{"index":"index","follow":"follow","max-snippet":"max-snippet:-1","max-image-preview":"max-image-preview:large","max-video-preview":"max-video-preview:-1"},"canonical":"https:\/\/www.ivinio.com\/fr\/produit\/chateau-la-mascaronne-carton-melange-de-vin-rose-3x2-bouteilles\/","og_locale":"fr_FR","og_type":"article","og_title":"Ch\u00e2teau la Mascaronne - Carton m\u00e9lang\u00e9 de vin ros\u00e9 - 3x2 bouteilles - IVINIO Caviste","og_description":"Ch\u00e2teau la Mascaronne - Carton m\u00e9lang\u00e9 de vin ros\u00e9. Le coffret contient 3 bouteilles du vin du Ch\u00e2teau et 3 bouteilles de la cuv\u00e9e \"Folly\", pour toutes occasions !","og_url":"https:\/\/www.ivinio.com\/fr\/produit\/chateau-la-mascaronne-carton-melange-de-vin-rose-3x2-bouteilles\/","og_site_name":"IVINIO Caviste","article_publisher":"https:\/\/www.facebook.com\/groups\/165217837022391\/?ref=bookmarks","article_modified_time":"2025-03-13T16:44:27+00:00","og_image":[{"width":500,"height":500,"url":"https:\/\/www.ivinio.com\/wp-content\/uploads\/2024\/10\/Chateau-la-mascaronne-rosemix-IVINIO.jpg","type":"image\/jpeg"}],"twitter_card":"summary_large_image","twitter_misc":{"Dur\u00e9e de lecture estim\u00e9e":"1 minute"},"schema":{"@context":"https:\/\/schema.org","@graph":[{"@type":"WebPage","@id":"https:\/\/www.ivinio.com\/fr\/produit\/chateau-la-mascaronne-carton-melange-de-vin-rose-3x2-bouteilles\/","url":"https:\/\/www.ivinio.com\/fr\/produit\/chateau-la-mascaronne-carton-melange-de-vin-rose-3x2-bouteilles\/","name":"Ch\u00e2teau la Mascaronne - Carton m\u00e9lang\u00e9 de vin ros\u00e9 - 3x2 bouteilles - IVINIO Caviste","isPartOf":{"@id":"https:\/\/www.ivinio.com\/fr\/#website"},"primaryImageOfPage":{"@id":"https:\/\/www.ivinio.com\/fr\/produit\/chateau-la-mascaronne-carton-melange-de-vin-rose-3x2-bouteilles\/#primaryimage"},"image":{"@id":"https:\/\/www.ivinio.com\/fr\/produit\/chateau-la-mascaronne-carton-melange-de-vin-rose-3x2-bouteilles\/#primaryimage"},"thumbnailUrl":"https:\/\/www.ivinio.com\/wp-content\/uploads\/2024\/10\/Chateau-la-mascaronne-rosemix-IVINIO.jpg","datePublished":"2024-10-23T14:29:23+00:00","dateModified":"2025-03-13T16:44:27+00:00","description":"Ch\u00e2teau la Mascaronne - Carton m\u00e9lang\u00e9 de vin ros\u00e9. Le coffret contient 3 bouteilles du vin du Ch\u00e2teau et 3 bouteilles de la cuv\u00e9e \"Folly\", pour toutes occasions !","breadcrumb":{"@id":"https:\/\/www.ivinio.com\/fr\/produit\/chateau-la-mascaronne-carton-melange-de-vin-rose-3x2-bouteilles\/#breadcrumb"},"inLanguage":"fr-FR","potentialAction":[{"@type":"ReadAction","target":["https:\/\/www.ivinio.com\/fr\/produit\/chateau-la-mascaronne-carton-melange-de-vin-rose-3x2-bouteilles\/"]}]},{"@type":"ImageObject","inLanguage":"fr-FR","@id":"https:\/\/www.ivinio.com\/fr\/produit\/chateau-la-mascaronne-carton-melange-de-vin-rose-3x2-bouteilles\/#primaryimage","url":"https:\/\/www.ivinio.com\/wp-content\/uploads\/2024\/10\/Chateau-la-mascaronne-rosemix-IVINIO.jpg","contentUrl":"https:\/\/www.ivinio.com\/wp-content\/uploads\/2024\/10\/Chateau-la-mascaronne-rosemix-IVINIO.jpg","width":500,"height":500},{"@type":"BreadcrumbList","@id":"https:\/\/www.ivinio.com\/fr\/produit\/chateau-la-mascaronne-carton-melange-de-vin-rose-3x2-bouteilles\/#breadcrumb","itemListElement":[{"@type":"ListItem","position":1,"name":"Home","item":"https:\/\/www.ivinio.com\/fr\/"},{"@type":"ListItem","position":2,"name":"Boutique de vin","item":"https:\/\/www.ivinio.com\/fr\/boutique-de-vin\/"},{"@type":"ListItem","position":3,"name":"Ch\u00e2teau la Mascaronne &#8211; Carton m\u00e9lang\u00e9 de vin ros\u00e9 &#8211; 3&#215;2 bouteilles"}]},{"@type":"WebSite","@id":"https:\/\/www.ivinio.com\/fr\/#website","url":"https:\/\/www.ivinio.com\/fr\/","name":"IVINIO Caviste","description":"Vins de France et d&#039;Italie avec livraison \u00e0 domicile","publisher":{"@id":"https:\/\/www.ivinio.com\/fr\/#organization"},"potentialAction":[{"@type":"SearchAction","target":{"@type":"EntryPoint","urlTemplate":"https:\/\/www.ivinio.com\/fr\/?s={search_term_string}"},"query-input":{"@type":"PropertyValueSpecification","valueRequired":true,"valueName":"search_term_string"}}],"inLanguage":"fr-FR"},{"@type":"Organization","@id":"https:\/\/www.ivinio.com\/fr\/#organization","name":"IVINIO","url":"https:\/\/www.ivinio.com\/fr\/","logo":{"@type":"ImageObject","inLanguage":"fr-FR","@id":"https:\/\/www.ivinio.com\/fr\/#\/schema\/logo\/image\/","url":"https:\/\/www.ivinio.com\/wp-content\/uploads\/2021\/01\/Logo-Ivinio-v2.jpg","contentUrl":"https:\/\/www.ivinio.com\/wp-content\/uploads\/2021\/01\/Logo-Ivinio-v2.jpg","width":1194,"height":1194,"caption":"IVINIO"},"image":{"@id":"https:\/\/www.ivinio.com\/fr\/#\/schema\/logo\/image\/"},"sameAs":["https:\/\/www.facebook.com\/groups\/165217837022391\/?ref=bookmarks","https:\/\/www.instagram.com\/_ivinio_\/?hl=fr"]}]}},"jetpack_sharing_enabled":true,"_links":{"self":[{"href":"https:\/\/www.ivinio.com\/fr\/wp-json\/wp\/v2\/product\/136180","targetHints":{"allow":["GET"]}}],"collection":[{"href":"https:\/\/www.ivinio.com\/fr\/wp-json\/wp\/v2\/product"}],"about":[{"href":"https:\/\/www.ivinio.com\/fr\/wp-json\/wp\/v2\/types\/product"}],"replies":[{"embeddable":true,"href":"https:\/\/www.ivinio.com\/fr\/wp-json\/wp\/v2\/comments?post=136180"}],"wp:featuredmedia":[{"embeddable":true,"href":"https:\/\/www.ivinio.com\/fr\/wp-json\/wp\/v2\/media\/136176"}],"wp:attachment":[{"href":"https:\/\/www.ivinio.com\/fr\/wp-json\/wp\/v2\/media?parent=136180"}],"wp:term":[{"taxonomy":"product_brand","embeddable":true,"href":"https:\/\/www.ivinio.com\/fr\/wp-json\/wp\/v2\/product_brand?post=136180"},{"taxonomy":"product_cat","embeddable":true,"href":"https:\/\/www.ivinio.com\/fr\/wp-json\/wp\/v2\/product_cat?post=136180"},{"taxonomy":"product_tag","embeddable":true,"href":"https:\/\/www.ivinio.com\/fr\/wp-json\/wp\/v2\/product_tag?post=136180"}],"curies":[{"name":"wp","href":"https:\/\/api.w.org\/{rel}","templated":true}]}}