{"id":136150,"date":"2024-10-16T14:56:29","date_gmt":"2024-10-16T12:56:29","guid":{"rendered":"https:\/\/www.ivinio.com\/product\/domaine-des-garriguettes-cotes-du-rhone-rouge\/"},"modified":"2024-10-19T18:55:01","modified_gmt":"2024-10-19T16:55:01","slug":"domaine-des-garriguettes-cotes-du-rhone-rouge","status":"publish","type":"product","link":"https:\/\/www.ivinio.com\/fr\/produit\/domaine-des-garriguettes-cotes-du-rhone-rouge\/","title":{"rendered":"Domaine des garriguettes &#8211; C\u00f4tes-du-Rh\u00f4ne &#8211; Rouge"},"content":{"rendered":"<p>Domaine des garriguettes &#8211; C\u00f4tes-du-Rh\u00f4ne &#8211; Rouge est compos\u00e9 de Grenache, Syrah et Mourv\u00e8dre. L&#8217;agriculture est biologique avec la certification Demeter. Les raisins sont vendang\u00e9s et 95% de la r\u00e9colte est \u00e9grapp\u00e9e, 5% est utilis\u00e9e en grappes enti\u00e8res. Les raisins mac\u00e8rent \u00e0 froid avant le processus de fermentation. Extraction douce par remontage puis par d\u00e9lestage. Le vin est produit naturellement sans additifs. La fermentation dure 25 jours et le vin est ensuite \u00e9lev\u00e9 en cuve b\u00e9ton sur les lies. Pas de filtration, ce qui peut provoquer une certaine s\u00e9dimentation dans les bouteilles.<\/p>\n<p>&nbsp;<\/p>\n","protected":false},"excerpt":{"rendered":"<p>Un C\u00f4tes-du-Rh\u00f4ne cors\u00e9 et puissant issu d&#8217;une viticulture naturelle et certifi\u00e9 Demeter !<\/p>\n","protected":false},"featured_media":136119,"comment_status":"open","ping_status":"closed","template":"","meta":{"_monsterinsights_skip_tracking":false,"_monsterinsights_sitenote_active":false,"_monsterinsights_sitenote_note":"","_monsterinsights_sitenote_category":0,"_uf_show_specific_survey":0,"_uf_disable_surveys":false},"product_brand":[],"product_cat":[36619,36586],"product_tag":[],"class_list":{"0":"post-136150","1":"product","2":"type-product","3":"status-publish","4":"has-post-thumbnail","6":"product_cat-fr-cotes-du-rhone","7":"product_cat-vins-francais","8":"pa_classification-aop-cotes-du-rhone-fr","9":"pa_grape-variety-grenache-fr","10":"pa_grape-variety-mourvedre-fr","11":"pa_grape-variety-syrah-fr","13":"first","14":"outofstock","15":"sale","16":"taxable","17":"shipping-taxable","18":"purchasable","19":"product-type-simple"},"bundled_by":["137102"],"bundle_stock_status":"outofstock","bundle_stock_quantity":null,"bundle_virtual":false,"bundle_layout":"","bundle_add_to_cart_form_location":"","bundle_editable_in_cart":false,"bundle_sold_individually_context":"","bundle_item_grouping":"","bundle_min_size":"","bundle_max_size":"","bundle_price":[],"bundled_items":[],"bundle_sell_ids":[],"yoast_head":"<!-- This site is optimized with the Yoast SEO plugin v27.6 - https:\/\/yoast.com\/product\/yoast-seo-wordpress\/ -->\n<title>Domaine des garriguettes - C\u00f4tes-du-Rh\u00f4ne - Rouge - IVINIO Caviste<\/title>\n<meta name=\"description\" content=\"Domaine des garriguettes - C\u00f4tes-du-Rh\u00f4ne - Rouge. Un C\u00f4tes-du-Rh\u00f4ne cors\u00e9 et puissant issu d&#039;une viticulture naturelle et certifi\u00e9 Demeter !\" \/>\n<meta name=\"robots\" content=\"index, follow, max-snippet:-1, max-image-preview:large, max-video-preview:-1\" \/>\n<link rel=\"canonical\" href=\"https:\/\/www.ivinio.com\/fr\/produit\/domaine-des-garriguettes-cotes-du-rhone-rouge\/\" \/>\n<meta property=\"og:locale\" content=\"fr_FR\" \/>\n<meta property=\"og:type\" content=\"article\" \/>\n<meta property=\"og:title\" content=\"Domaine des garriguettes - C\u00f4tes-du-Rh\u00f4ne - Rouge - IVINIO Caviste\" \/>\n<meta property=\"og:description\" content=\"Domaine des garriguettes - C\u00f4tes-du-Rh\u00f4ne - Rouge. Un C\u00f4tes-du-Rh\u00f4ne cors\u00e9 et puissant issu d&#039;une viticulture naturelle et certifi\u00e9 Demeter !\" \/>\n<meta property=\"og:url\" content=\"https:\/\/www.ivinio.com\/fr\/produit\/domaine-des-garriguettes-cotes-du-rhone-rouge\/\" \/>\n<meta property=\"og:site_name\" content=\"IVINIO Caviste\" \/>\n<meta property=\"article:publisher\" content=\"https:\/\/www.facebook.com\/groups\/165217837022391\/?ref=bookmarks\" \/>\n<meta property=\"article:modified_time\" content=\"2024-10-19T16:55:01+00:00\" \/>\n<meta property=\"og:image\" content=\"https:\/\/www.ivinio.com\/wp-content\/uploads\/2024\/10\/Domaine-des-garriguettes-Tradition-IVINIO.jpg\" \/>\n\t<meta property=\"og:image:width\" content=\"500\" \/>\n\t<meta property=\"og:image:height\" content=\"500\" \/>\n\t<meta property=\"og:image:type\" content=\"image\/jpeg\" \/>\n<meta name=\"twitter:card\" content=\"summary_large_image\" \/>\n<meta name=\"twitter:label1\" content=\"Dur\u00e9e de lecture estim\u00e9e\" \/>\n\t<meta name=\"twitter:data1\" content=\"1 minute\" \/>\n<script type=\"application\/ld+json\" class=\"yoast-schema-graph\">{\"@context\":\"https:\\\/\\\/schema.org\",\"@graph\":[{\"@type\":\"WebPage\",\"@id\":\"https:\\\/\\\/www.ivinio.com\\\/fr\\\/produit\\\/domaine-des-garriguettes-cotes-du-rhone-rouge\\\/\",\"url\":\"https:\\\/\\\/www.ivinio.com\\\/fr\\\/produit\\\/domaine-des-garriguettes-cotes-du-rhone-rouge\\\/\",\"name\":\"Domaine des garriguettes - C\u00f4tes-du-Rh\u00f4ne - Rouge - IVINIO Caviste\",\"isPartOf\":{\"@id\":\"https:\\\/\\\/www.ivinio.com\\\/fr\\\/#website\"},\"primaryImageOfPage\":{\"@id\":\"https:\\\/\\\/www.ivinio.com\\\/fr\\\/produit\\\/domaine-des-garriguettes-cotes-du-rhone-rouge\\\/#primaryimage\"},\"image\":{\"@id\":\"https:\\\/\\\/www.ivinio.com\\\/fr\\\/produit\\\/domaine-des-garriguettes-cotes-du-rhone-rouge\\\/#primaryimage\"},\"thumbnailUrl\":\"https:\\\/\\\/www.ivinio.com\\\/wp-content\\\/uploads\\\/2024\\\/10\\\/Domaine-des-garriguettes-Tradition-IVINIO.jpg\",\"datePublished\":\"2024-10-16T12:56:29+00:00\",\"dateModified\":\"2024-10-19T16:55:01+00:00\",\"description\":\"Domaine des garriguettes - C\u00f4tes-du-Rh\u00f4ne - Rouge. Un C\u00f4tes-du-Rh\u00f4ne cors\u00e9 et puissant issu d'une viticulture naturelle et certifi\u00e9 Demeter !\",\"breadcrumb\":{\"@id\":\"https:\\\/\\\/www.ivinio.com\\\/fr\\\/produit\\\/domaine-des-garriguettes-cotes-du-rhone-rouge\\\/#breadcrumb\"},\"inLanguage\":\"fr-FR\",\"potentialAction\":[{\"@type\":\"ReadAction\",\"target\":[\"https:\\\/\\\/www.ivinio.com\\\/fr\\\/produit\\\/domaine-des-garriguettes-cotes-du-rhone-rouge\\\/\"]}]},{\"@type\":\"ImageObject\",\"inLanguage\":\"fr-FR\",\"@id\":\"https:\\\/\\\/www.ivinio.com\\\/fr\\\/produit\\\/domaine-des-garriguettes-cotes-du-rhone-rouge\\\/#primaryimage\",\"url\":\"https:\\\/\\\/www.ivinio.com\\\/wp-content\\\/uploads\\\/2024\\\/10\\\/Domaine-des-garriguettes-Tradition-IVINIO.jpg\",\"contentUrl\":\"https:\\\/\\\/www.ivinio.com\\\/wp-content\\\/uploads\\\/2024\\\/10\\\/Domaine-des-garriguettes-Tradition-IVINIO.jpg\",\"width\":500,\"height\":500},{\"@type\":\"BreadcrumbList\",\"@id\":\"https:\\\/\\\/www.ivinio.com\\\/fr\\\/produit\\\/domaine-des-garriguettes-cotes-du-rhone-rouge\\\/#breadcrumb\",\"itemListElement\":[{\"@type\":\"ListItem\",\"position\":1,\"name\":\"Home\",\"item\":\"https:\\\/\\\/www.ivinio.com\\\/fr\\\/\"},{\"@type\":\"ListItem\",\"position\":2,\"name\":\"Boutique de vin\",\"item\":\"https:\\\/\\\/www.ivinio.com\\\/fr\\\/boutique-de-vin\\\/\"},{\"@type\":\"ListItem\",\"position\":3,\"name\":\"Domaine des garriguettes &#8211; C\u00f4tes-du-Rh\u00f4ne &#8211; Rouge\"}]},{\"@type\":\"WebSite\",\"@id\":\"https:\\\/\\\/www.ivinio.com\\\/fr\\\/#website\",\"url\":\"https:\\\/\\\/www.ivinio.com\\\/fr\\\/\",\"name\":\"IVINIO Caviste\",\"description\":\"Vins de France et d&#039;Italie avec livraison \u00e0 domicile\",\"publisher\":{\"@id\":\"https:\\\/\\\/www.ivinio.com\\\/fr\\\/#organization\"},\"potentialAction\":[{\"@type\":\"SearchAction\",\"target\":{\"@type\":\"EntryPoint\",\"urlTemplate\":\"https:\\\/\\\/www.ivinio.com\\\/fr\\\/?s={search_term_string}\"},\"query-input\":{\"@type\":\"PropertyValueSpecification\",\"valueRequired\":true,\"valueName\":\"search_term_string\"}}],\"inLanguage\":\"fr-FR\"},{\"@type\":\"Organization\",\"@id\":\"https:\\\/\\\/www.ivinio.com\\\/fr\\\/#organization\",\"name\":\"IVINIO\",\"url\":\"https:\\\/\\\/www.ivinio.com\\\/fr\\\/\",\"logo\":{\"@type\":\"ImageObject\",\"inLanguage\":\"fr-FR\",\"@id\":\"https:\\\/\\\/www.ivinio.com\\\/fr\\\/#\\\/schema\\\/logo\\\/image\\\/\",\"url\":\"https:\\\/\\\/www.ivinio.com\\\/wp-content\\\/uploads\\\/2021\\\/01\\\/Logo-Ivinio-v2.jpg\",\"contentUrl\":\"https:\\\/\\\/www.ivinio.com\\\/wp-content\\\/uploads\\\/2021\\\/01\\\/Logo-Ivinio-v2.jpg\",\"width\":1194,\"height\":1194,\"caption\":\"IVINIO\"},\"image\":{\"@id\":\"https:\\\/\\\/www.ivinio.com\\\/fr\\\/#\\\/schema\\\/logo\\\/image\\\/\"},\"sameAs\":[\"https:\\\/\\\/www.facebook.com\\\/groups\\\/165217837022391\\\/?ref=bookmarks\",\"https:\\\/\\\/www.instagram.com\\\/_ivinio_\\\/?hl=fr\"]}]}<\/script>\n<!-- \/ Yoast SEO plugin. -->","yoast_head_json":{"title":"Domaine des garriguettes - C\u00f4tes-du-Rh\u00f4ne - Rouge - IVINIO Caviste","description":"Domaine des garriguettes - C\u00f4tes-du-Rh\u00f4ne - Rouge. Un C\u00f4tes-du-Rh\u00f4ne cors\u00e9 et puissant issu d'une viticulture naturelle et certifi\u00e9 Demeter !","robots":{"index":"index","follow":"follow","max-snippet":"max-snippet:-1","max-image-preview":"max-image-preview:large","max-video-preview":"max-video-preview:-1"},"canonical":"https:\/\/www.ivinio.com\/fr\/produit\/domaine-des-garriguettes-cotes-du-rhone-rouge\/","og_locale":"fr_FR","og_type":"article","og_title":"Domaine des garriguettes - C\u00f4tes-du-Rh\u00f4ne - Rouge - IVINIO Caviste","og_description":"Domaine des garriguettes - C\u00f4tes-du-Rh\u00f4ne - Rouge. Un C\u00f4tes-du-Rh\u00f4ne cors\u00e9 et puissant issu d'une viticulture naturelle et certifi\u00e9 Demeter !","og_url":"https:\/\/www.ivinio.com\/fr\/produit\/domaine-des-garriguettes-cotes-du-rhone-rouge\/","og_site_name":"IVINIO Caviste","article_publisher":"https:\/\/www.facebook.com\/groups\/165217837022391\/?ref=bookmarks","article_modified_time":"2024-10-19T16:55:01+00:00","og_image":[{"width":500,"height":500,"url":"https:\/\/www.ivinio.com\/wp-content\/uploads\/2024\/10\/Domaine-des-garriguettes-Tradition-IVINIO.jpg","type":"image\/jpeg"}],"twitter_card":"summary_large_image","twitter_misc":{"Dur\u00e9e de lecture estim\u00e9e":"1 minute"},"schema":{"@context":"https:\/\/schema.org","@graph":[{"@type":"WebPage","@id":"https:\/\/www.ivinio.com\/fr\/produit\/domaine-des-garriguettes-cotes-du-rhone-rouge\/","url":"https:\/\/www.ivinio.com\/fr\/produit\/domaine-des-garriguettes-cotes-du-rhone-rouge\/","name":"Domaine des garriguettes - C\u00f4tes-du-Rh\u00f4ne - Rouge - IVINIO Caviste","isPartOf":{"@id":"https:\/\/www.ivinio.com\/fr\/#website"},"primaryImageOfPage":{"@id":"https:\/\/www.ivinio.com\/fr\/produit\/domaine-des-garriguettes-cotes-du-rhone-rouge\/#primaryimage"},"image":{"@id":"https:\/\/www.ivinio.com\/fr\/produit\/domaine-des-garriguettes-cotes-du-rhone-rouge\/#primaryimage"},"thumbnailUrl":"https:\/\/www.ivinio.com\/wp-content\/uploads\/2024\/10\/Domaine-des-garriguettes-Tradition-IVINIO.jpg","datePublished":"2024-10-16T12:56:29+00:00","dateModified":"2024-10-19T16:55:01+00:00","description":"Domaine des garriguettes - C\u00f4tes-du-Rh\u00f4ne - Rouge. Un C\u00f4tes-du-Rh\u00f4ne cors\u00e9 et puissant issu d'une viticulture naturelle et certifi\u00e9 Demeter !","breadcrumb":{"@id":"https:\/\/www.ivinio.com\/fr\/produit\/domaine-des-garriguettes-cotes-du-rhone-rouge\/#breadcrumb"},"inLanguage":"fr-FR","potentialAction":[{"@type":"ReadAction","target":["https:\/\/www.ivinio.com\/fr\/produit\/domaine-des-garriguettes-cotes-du-rhone-rouge\/"]}]},{"@type":"ImageObject","inLanguage":"fr-FR","@id":"https:\/\/www.ivinio.com\/fr\/produit\/domaine-des-garriguettes-cotes-du-rhone-rouge\/#primaryimage","url":"https:\/\/www.ivinio.com\/wp-content\/uploads\/2024\/10\/Domaine-des-garriguettes-Tradition-IVINIO.jpg","contentUrl":"https:\/\/www.ivinio.com\/wp-content\/uploads\/2024\/10\/Domaine-des-garriguettes-Tradition-IVINIO.jpg","width":500,"height":500},{"@type":"BreadcrumbList","@id":"https:\/\/www.ivinio.com\/fr\/produit\/domaine-des-garriguettes-cotes-du-rhone-rouge\/#breadcrumb","itemListElement":[{"@type":"ListItem","position":1,"name":"Home","item":"https:\/\/www.ivinio.com\/fr\/"},{"@type":"ListItem","position":2,"name":"Boutique de vin","item":"https:\/\/www.ivinio.com\/fr\/boutique-de-vin\/"},{"@type":"ListItem","position":3,"name":"Domaine des garriguettes &#8211; C\u00f4tes-du-Rh\u00f4ne &#8211; Rouge"}]},{"@type":"WebSite","@id":"https:\/\/www.ivinio.com\/fr\/#website","url":"https:\/\/www.ivinio.com\/fr\/","name":"IVINIO Caviste","description":"Vins de France et d&#039;Italie avec livraison \u00e0 domicile","publisher":{"@id":"https:\/\/www.ivinio.com\/fr\/#organization"},"potentialAction":[{"@type":"SearchAction","target":{"@type":"EntryPoint","urlTemplate":"https:\/\/www.ivinio.com\/fr\/?s={search_term_string}"},"query-input":{"@type":"PropertyValueSpecification","valueRequired":true,"valueName":"search_term_string"}}],"inLanguage":"fr-FR"},{"@type":"Organization","@id":"https:\/\/www.ivinio.com\/fr\/#organization","name":"IVINIO","url":"https:\/\/www.ivinio.com\/fr\/","logo":{"@type":"ImageObject","inLanguage":"fr-FR","@id":"https:\/\/www.ivinio.com\/fr\/#\/schema\/logo\/image\/","url":"https:\/\/www.ivinio.com\/wp-content\/uploads\/2021\/01\/Logo-Ivinio-v2.jpg","contentUrl":"https:\/\/www.ivinio.com\/wp-content\/uploads\/2021\/01\/Logo-Ivinio-v2.jpg","width":1194,"height":1194,"caption":"IVINIO"},"image":{"@id":"https:\/\/www.ivinio.com\/fr\/#\/schema\/logo\/image\/"},"sameAs":["https:\/\/www.facebook.com\/groups\/165217837022391\/?ref=bookmarks","https:\/\/www.instagram.com\/_ivinio_\/?hl=fr"]}]}},"jetpack_sharing_enabled":true,"_links":{"self":[{"href":"https:\/\/www.ivinio.com\/fr\/wp-json\/wp\/v2\/product\/136150","targetHints":{"allow":["GET"]}}],"collection":[{"href":"https:\/\/www.ivinio.com\/fr\/wp-json\/wp\/v2\/product"}],"about":[{"href":"https:\/\/www.ivinio.com\/fr\/wp-json\/wp\/v2\/types\/product"}],"replies":[{"embeddable":true,"href":"https:\/\/www.ivinio.com\/fr\/wp-json\/wp\/v2\/comments?post=136150"}],"wp:featuredmedia":[{"embeddable":true,"href":"https:\/\/www.ivinio.com\/fr\/wp-json\/wp\/v2\/media\/136119"}],"wp:attachment":[{"href":"https:\/\/www.ivinio.com\/fr\/wp-json\/wp\/v2\/media?parent=136150"}],"wp:term":[{"taxonomy":"product_brand","embeddable":true,"href":"https:\/\/www.ivinio.com\/fr\/wp-json\/wp\/v2\/product_brand?post=136150"},{"taxonomy":"product_cat","embeddable":true,"href":"https:\/\/www.ivinio.com\/fr\/wp-json\/wp\/v2\/product_cat?post=136150"},{"taxonomy":"product_tag","embeddable":true,"href":"https:\/\/www.ivinio.com\/fr\/wp-json\/wp\/v2\/product_tag?post=136150"}],"curies":[{"name":"wp","href":"https:\/\/api.w.org\/{rel}","templated":true}]}}