{"id":136080,"date":"2024-10-10T11:53:58","date_gmt":"2024-10-10T09:53:58","guid":{"rendered":"https:\/\/www.ivinio.com\/product\/domaine-des-tilleuls-les-venerables-vieilles-vignes-muscadet-sevre-et-maine-sur-lie-blanc\/"},"modified":"2024-10-12T18:57:51","modified_gmt":"2024-10-12T16:57:51","slug":"domaine-des-tilleuls-les-venerables-vieilles-vignes-muscadet-sevre-et-maine-sur-lie-blanc","status":"publish","type":"product","link":"https:\/\/www.ivinio.com\/fr\/produit\/domaine-des-tilleuls-les-venerables-vieilles-vignes-muscadet-sevre-et-maine-sur-lie-blanc\/","title":{"rendered":"Domaine des Tilleuls &#8211; Les V\u00e9n\u00e9rables -Vieilles vignes &#8211; Muscadet S\u00e8vre et Maine sur Lie &#8211; Blanc"},"content":{"rendered":"<p>Domaine des Tilleuls &#8211; Les V\u00e9n\u00e9rables -Vieilles vignes &#8211; Muscadet S\u00e8vre et Maine sur Lie &#8211; Blanc est compos\u00e9 de 100% Muscadet. Les raisins sont vendang\u00e9s parmi une s\u00e9lection de vieilles vignes de plus de 40 ans, aux racines profondes. Les vignes utilis\u00e9es pour cette cuv\u00e9e poussent sur un terroir de schistes. Les raisins sont vendang\u00e9s exclusivement \u00e0 la main. Le vin est \u00e9labor\u00e9 selon la m\u00e9thode classique et il subit ensuite un long \u00e9levage sur lies, pour lui apporter de la complexit\u00e9 et de la rondeur.<\/p>\n","protected":false},"excerpt":{"rendered":"<p>Un muscadet sec mais aromatique \u00e0 accompagner de divers plats de poisson !<\/p>\n","protected":false},"featured_media":136018,"comment_status":"open","ping_status":"closed","template":"","meta":{"_monsterinsights_skip_tracking":false,"_monsterinsights_sitenote_active":false,"_monsterinsights_sitenote_note":"","_monsterinsights_sitenote_category":0,"_uf_show_specific_survey":0,"_uf_disable_surveys":false},"product_brand":[],"product_cat":[36628,36586],"product_tag":[],"class_list":{"0":"post-136080","1":"product","2":"type-product","3":"status-publish","4":"has-post-thumbnail","6":"product_cat-fr-loire","7":"product_cat-vins-francais","8":"pa_alcohol-degree-12-fr","9":"pa_awards-gilbert-et-gaillard-fr","10":"pa_classification-aop-muscadet-sevre-et-maine-sur-lie-fr","11":"pa_grape-variety-muscadet-fr","12":"pa_region-loire-fr","13":"pa_vintage-2020-fr","14":"pa_volume-75-cl-fr","16":"first","17":"outofstock","18":"sale","19":"taxable","20":"shipping-taxable","21":"purchasable","22":"product-type-simple"},"bundled_by":["136082"],"bundle_stock_status":"outofstock","bundle_stock_quantity":null,"bundle_virtual":false,"bundle_layout":"","bundle_add_to_cart_form_location":"","bundle_editable_in_cart":false,"bundle_sold_individually_context":"","bundle_item_grouping":"","bundle_min_size":"","bundle_max_size":"","bundle_price":[],"bundled_items":[],"bundle_sell_ids":[],"yoast_head":"<!-- This site is optimized with the Yoast SEO plugin v27.5 - https:\/\/yoast.com\/product\/yoast-seo-wordpress\/ -->\n<title>Domaine des Tilleuls - Les V\u00e9n\u00e9rables -Vieilles vignes - Muscadet S\u00e8vre et Maine sur Lie - Blanc - IVINIO Caviste<\/title>\n<meta name=\"description\" content=\"Domaine des Tilleuls - Les V\u00e9n\u00e9rables -Vieilles vignes - Muscadet S\u00e8vre et Maine sur Lie - Blanc. Sec mais fruit\u00e9, pour accompagner des plats de poisson !\" \/>\n<meta name=\"robots\" content=\"index, follow, max-snippet:-1, max-image-preview:large, max-video-preview:-1\" \/>\n<link rel=\"canonical\" href=\"https:\/\/www.ivinio.com\/fr\/produit\/domaine-des-tilleuls-les-venerables-vieilles-vignes-muscadet-sevre-et-maine-sur-lie-blanc\/\" \/>\n<meta property=\"og:locale\" content=\"fr_FR\" \/>\n<meta property=\"og:type\" content=\"article\" \/>\n<meta property=\"og:title\" content=\"Domaine des Tilleuls - Les V\u00e9n\u00e9rables -Vieilles vignes - Muscadet S\u00e8vre et Maine sur Lie - Blanc - IVINIO Caviste\" \/>\n<meta property=\"og:description\" content=\"Domaine des Tilleuls - Les V\u00e9n\u00e9rables -Vieilles vignes - Muscadet S\u00e8vre et Maine sur Lie - Blanc. Sec mais fruit\u00e9, pour accompagner des plats de poisson !\" \/>\n<meta property=\"og:url\" content=\"https:\/\/www.ivinio.com\/fr\/produit\/domaine-des-tilleuls-les-venerables-vieilles-vignes-muscadet-sevre-et-maine-sur-lie-blanc\/\" \/>\n<meta property=\"og:site_name\" content=\"IVINIO Caviste\" \/>\n<meta property=\"article:publisher\" content=\"https:\/\/www.facebook.com\/groups\/165217837022391\/?ref=bookmarks\" \/>\n<meta property=\"article:modified_time\" content=\"2024-10-12T16:57:51+00:00\" \/>\n<meta property=\"og:image\" content=\"https:\/\/www.ivinio.com\/wp-content\/uploads\/2024\/10\/Domaine-des-tilleuls-Les-Venerables-vieilles-vignes-IVINIO.jpg\" \/>\n\t<meta property=\"og:image:width\" content=\"500\" \/>\n\t<meta property=\"og:image:height\" content=\"500\" \/>\n\t<meta property=\"og:image:type\" content=\"image\/jpeg\" \/>\n<meta name=\"twitter:card\" content=\"summary_large_image\" \/>\n<meta name=\"twitter:label1\" content=\"Dur\u00e9e de lecture estim\u00e9e\" \/>\n\t<meta name=\"twitter:data1\" content=\"1 minute\" \/>\n<script type=\"application\/ld+json\" class=\"yoast-schema-graph\">{\"@context\":\"https:\\\/\\\/schema.org\",\"@graph\":[{\"@type\":\"WebPage\",\"@id\":\"https:\\\/\\\/www.ivinio.com\\\/fr\\\/produit\\\/domaine-des-tilleuls-les-venerables-vieilles-vignes-muscadet-sevre-et-maine-sur-lie-blanc\\\/\",\"url\":\"https:\\\/\\\/www.ivinio.com\\\/fr\\\/produit\\\/domaine-des-tilleuls-les-venerables-vieilles-vignes-muscadet-sevre-et-maine-sur-lie-blanc\\\/\",\"name\":\"Domaine des Tilleuls - Les V\u00e9n\u00e9rables -Vieilles vignes - Muscadet S\u00e8vre et Maine sur Lie - Blanc - IVINIO Caviste\",\"isPartOf\":{\"@id\":\"https:\\\/\\\/www.ivinio.com\\\/fr\\\/#website\"},\"primaryImageOfPage\":{\"@id\":\"https:\\\/\\\/www.ivinio.com\\\/fr\\\/produit\\\/domaine-des-tilleuls-les-venerables-vieilles-vignes-muscadet-sevre-et-maine-sur-lie-blanc\\\/#primaryimage\"},\"image\":{\"@id\":\"https:\\\/\\\/www.ivinio.com\\\/fr\\\/produit\\\/domaine-des-tilleuls-les-venerables-vieilles-vignes-muscadet-sevre-et-maine-sur-lie-blanc\\\/#primaryimage\"},\"thumbnailUrl\":\"https:\\\/\\\/www.ivinio.com\\\/wp-content\\\/uploads\\\/2024\\\/10\\\/Domaine-des-tilleuls-Les-Venerables-vieilles-vignes-IVINIO.jpg\",\"datePublished\":\"2024-10-10T09:53:58+00:00\",\"dateModified\":\"2024-10-12T16:57:51+00:00\",\"description\":\"Domaine des Tilleuls - Les V\u00e9n\u00e9rables -Vieilles vignes - Muscadet S\u00e8vre et Maine sur Lie - Blanc. Sec mais fruit\u00e9, pour accompagner des plats de poisson !\",\"breadcrumb\":{\"@id\":\"https:\\\/\\\/www.ivinio.com\\\/fr\\\/produit\\\/domaine-des-tilleuls-les-venerables-vieilles-vignes-muscadet-sevre-et-maine-sur-lie-blanc\\\/#breadcrumb\"},\"inLanguage\":\"fr-FR\",\"potentialAction\":[{\"@type\":\"ReadAction\",\"target\":[\"https:\\\/\\\/www.ivinio.com\\\/fr\\\/produit\\\/domaine-des-tilleuls-les-venerables-vieilles-vignes-muscadet-sevre-et-maine-sur-lie-blanc\\\/\"]}]},{\"@type\":\"ImageObject\",\"inLanguage\":\"fr-FR\",\"@id\":\"https:\\\/\\\/www.ivinio.com\\\/fr\\\/produit\\\/domaine-des-tilleuls-les-venerables-vieilles-vignes-muscadet-sevre-et-maine-sur-lie-blanc\\\/#primaryimage\",\"url\":\"https:\\\/\\\/www.ivinio.com\\\/wp-content\\\/uploads\\\/2024\\\/10\\\/Domaine-des-tilleuls-Les-Venerables-vieilles-vignes-IVINIO.jpg\",\"contentUrl\":\"https:\\\/\\\/www.ivinio.com\\\/wp-content\\\/uploads\\\/2024\\\/10\\\/Domaine-des-tilleuls-Les-Venerables-vieilles-vignes-IVINIO.jpg\",\"width\":500,\"height\":500},{\"@type\":\"BreadcrumbList\",\"@id\":\"https:\\\/\\\/www.ivinio.com\\\/fr\\\/produit\\\/domaine-des-tilleuls-les-venerables-vieilles-vignes-muscadet-sevre-et-maine-sur-lie-blanc\\\/#breadcrumb\",\"itemListElement\":[{\"@type\":\"ListItem\",\"position\":1,\"name\":\"Home\",\"item\":\"https:\\\/\\\/www.ivinio.com\\\/fr\\\/\"},{\"@type\":\"ListItem\",\"position\":2,\"name\":\"Boutique de vin\",\"item\":\"https:\\\/\\\/www.ivinio.com\\\/fr\\\/boutique-de-vin\\\/\"},{\"@type\":\"ListItem\",\"position\":3,\"name\":\"Domaine des Tilleuls &#8211; Les V\u00e9n\u00e9rables -Vieilles vignes &#8211; Muscadet S\u00e8vre et Maine sur Lie &#8211; Blanc\"}]},{\"@type\":\"WebSite\",\"@id\":\"https:\\\/\\\/www.ivinio.com\\\/fr\\\/#website\",\"url\":\"https:\\\/\\\/www.ivinio.com\\\/fr\\\/\",\"name\":\"IVINIO Caviste\",\"description\":\"Vins de France et d&#039;Italie avec livraison \u00e0 domicile\",\"publisher\":{\"@id\":\"https:\\\/\\\/www.ivinio.com\\\/fr\\\/#organization\"},\"potentialAction\":[{\"@type\":\"SearchAction\",\"target\":{\"@type\":\"EntryPoint\",\"urlTemplate\":\"https:\\\/\\\/www.ivinio.com\\\/fr\\\/?s={search_term_string}\"},\"query-input\":{\"@type\":\"PropertyValueSpecification\",\"valueRequired\":true,\"valueName\":\"search_term_string\"}}],\"inLanguage\":\"fr-FR\"},{\"@type\":\"Organization\",\"@id\":\"https:\\\/\\\/www.ivinio.com\\\/fr\\\/#organization\",\"name\":\"IVINIO\",\"url\":\"https:\\\/\\\/www.ivinio.com\\\/fr\\\/\",\"logo\":{\"@type\":\"ImageObject\",\"inLanguage\":\"fr-FR\",\"@id\":\"https:\\\/\\\/www.ivinio.com\\\/fr\\\/#\\\/schema\\\/logo\\\/image\\\/\",\"url\":\"https:\\\/\\\/www.ivinio.com\\\/wp-content\\\/uploads\\\/2021\\\/01\\\/Logo-Ivinio-v2.jpg\",\"contentUrl\":\"https:\\\/\\\/www.ivinio.com\\\/wp-content\\\/uploads\\\/2021\\\/01\\\/Logo-Ivinio-v2.jpg\",\"width\":1194,\"height\":1194,\"caption\":\"IVINIO\"},\"image\":{\"@id\":\"https:\\\/\\\/www.ivinio.com\\\/fr\\\/#\\\/schema\\\/logo\\\/image\\\/\"},\"sameAs\":[\"https:\\\/\\\/www.facebook.com\\\/groups\\\/165217837022391\\\/?ref=bookmarks\",\"https:\\\/\\\/www.instagram.com\\\/_ivinio_\\\/?hl=fr\"]}]}<\/script>\n<!-- \/ Yoast SEO plugin. -->","yoast_head_json":{"title":"Domaine des Tilleuls - Les V\u00e9n\u00e9rables -Vieilles vignes - Muscadet S\u00e8vre et Maine sur Lie - Blanc - IVINIO Caviste","description":"Domaine des Tilleuls - Les V\u00e9n\u00e9rables -Vieilles vignes - Muscadet S\u00e8vre et Maine sur Lie - Blanc. Sec mais fruit\u00e9, pour accompagner des plats de poisson !","robots":{"index":"index","follow":"follow","max-snippet":"max-snippet:-1","max-image-preview":"max-image-preview:large","max-video-preview":"max-video-preview:-1"},"canonical":"https:\/\/www.ivinio.com\/fr\/produit\/domaine-des-tilleuls-les-venerables-vieilles-vignes-muscadet-sevre-et-maine-sur-lie-blanc\/","og_locale":"fr_FR","og_type":"article","og_title":"Domaine des Tilleuls - Les V\u00e9n\u00e9rables -Vieilles vignes - Muscadet S\u00e8vre et Maine sur Lie - Blanc - IVINIO Caviste","og_description":"Domaine des Tilleuls - Les V\u00e9n\u00e9rables -Vieilles vignes - Muscadet S\u00e8vre et Maine sur Lie - Blanc. Sec mais fruit\u00e9, pour accompagner des plats de poisson !","og_url":"https:\/\/www.ivinio.com\/fr\/produit\/domaine-des-tilleuls-les-venerables-vieilles-vignes-muscadet-sevre-et-maine-sur-lie-blanc\/","og_site_name":"IVINIO Caviste","article_publisher":"https:\/\/www.facebook.com\/groups\/165217837022391\/?ref=bookmarks","article_modified_time":"2024-10-12T16:57:51+00:00","og_image":[{"width":500,"height":500,"url":"https:\/\/www.ivinio.com\/wp-content\/uploads\/2024\/10\/Domaine-des-tilleuls-Les-Venerables-vieilles-vignes-IVINIO.jpg","type":"image\/jpeg"}],"twitter_card":"summary_large_image","twitter_misc":{"Dur\u00e9e de lecture estim\u00e9e":"1 minute"},"schema":{"@context":"https:\/\/schema.org","@graph":[{"@type":"WebPage","@id":"https:\/\/www.ivinio.com\/fr\/produit\/domaine-des-tilleuls-les-venerables-vieilles-vignes-muscadet-sevre-et-maine-sur-lie-blanc\/","url":"https:\/\/www.ivinio.com\/fr\/produit\/domaine-des-tilleuls-les-venerables-vieilles-vignes-muscadet-sevre-et-maine-sur-lie-blanc\/","name":"Domaine des Tilleuls - Les V\u00e9n\u00e9rables -Vieilles vignes - Muscadet S\u00e8vre et Maine sur Lie - Blanc - IVINIO Caviste","isPartOf":{"@id":"https:\/\/www.ivinio.com\/fr\/#website"},"primaryImageOfPage":{"@id":"https:\/\/www.ivinio.com\/fr\/produit\/domaine-des-tilleuls-les-venerables-vieilles-vignes-muscadet-sevre-et-maine-sur-lie-blanc\/#primaryimage"},"image":{"@id":"https:\/\/www.ivinio.com\/fr\/produit\/domaine-des-tilleuls-les-venerables-vieilles-vignes-muscadet-sevre-et-maine-sur-lie-blanc\/#primaryimage"},"thumbnailUrl":"https:\/\/www.ivinio.com\/wp-content\/uploads\/2024\/10\/Domaine-des-tilleuls-Les-Venerables-vieilles-vignes-IVINIO.jpg","datePublished":"2024-10-10T09:53:58+00:00","dateModified":"2024-10-12T16:57:51+00:00","description":"Domaine des Tilleuls - Les V\u00e9n\u00e9rables -Vieilles vignes - Muscadet S\u00e8vre et Maine sur Lie - Blanc. Sec mais fruit\u00e9, pour accompagner des plats de poisson !","breadcrumb":{"@id":"https:\/\/www.ivinio.com\/fr\/produit\/domaine-des-tilleuls-les-venerables-vieilles-vignes-muscadet-sevre-et-maine-sur-lie-blanc\/#breadcrumb"},"inLanguage":"fr-FR","potentialAction":[{"@type":"ReadAction","target":["https:\/\/www.ivinio.com\/fr\/produit\/domaine-des-tilleuls-les-venerables-vieilles-vignes-muscadet-sevre-et-maine-sur-lie-blanc\/"]}]},{"@type":"ImageObject","inLanguage":"fr-FR","@id":"https:\/\/www.ivinio.com\/fr\/produit\/domaine-des-tilleuls-les-venerables-vieilles-vignes-muscadet-sevre-et-maine-sur-lie-blanc\/#primaryimage","url":"https:\/\/www.ivinio.com\/wp-content\/uploads\/2024\/10\/Domaine-des-tilleuls-Les-Venerables-vieilles-vignes-IVINIO.jpg","contentUrl":"https:\/\/www.ivinio.com\/wp-content\/uploads\/2024\/10\/Domaine-des-tilleuls-Les-Venerables-vieilles-vignes-IVINIO.jpg","width":500,"height":500},{"@type":"BreadcrumbList","@id":"https:\/\/www.ivinio.com\/fr\/produit\/domaine-des-tilleuls-les-venerables-vieilles-vignes-muscadet-sevre-et-maine-sur-lie-blanc\/#breadcrumb","itemListElement":[{"@type":"ListItem","position":1,"name":"Home","item":"https:\/\/www.ivinio.com\/fr\/"},{"@type":"ListItem","position":2,"name":"Boutique de vin","item":"https:\/\/www.ivinio.com\/fr\/boutique-de-vin\/"},{"@type":"ListItem","position":3,"name":"Domaine des Tilleuls &#8211; Les V\u00e9n\u00e9rables -Vieilles vignes &#8211; Muscadet S\u00e8vre et Maine sur Lie &#8211; Blanc"}]},{"@type":"WebSite","@id":"https:\/\/www.ivinio.com\/fr\/#website","url":"https:\/\/www.ivinio.com\/fr\/","name":"IVINIO Caviste","description":"Vins de France et d&#039;Italie avec livraison \u00e0 domicile","publisher":{"@id":"https:\/\/www.ivinio.com\/fr\/#organization"},"potentialAction":[{"@type":"SearchAction","target":{"@type":"EntryPoint","urlTemplate":"https:\/\/www.ivinio.com\/fr\/?s={search_term_string}"},"query-input":{"@type":"PropertyValueSpecification","valueRequired":true,"valueName":"search_term_string"}}],"inLanguage":"fr-FR"},{"@type":"Organization","@id":"https:\/\/www.ivinio.com\/fr\/#organization","name":"IVINIO","url":"https:\/\/www.ivinio.com\/fr\/","logo":{"@type":"ImageObject","inLanguage":"fr-FR","@id":"https:\/\/www.ivinio.com\/fr\/#\/schema\/logo\/image\/","url":"https:\/\/www.ivinio.com\/wp-content\/uploads\/2021\/01\/Logo-Ivinio-v2.jpg","contentUrl":"https:\/\/www.ivinio.com\/wp-content\/uploads\/2021\/01\/Logo-Ivinio-v2.jpg","width":1194,"height":1194,"caption":"IVINIO"},"image":{"@id":"https:\/\/www.ivinio.com\/fr\/#\/schema\/logo\/image\/"},"sameAs":["https:\/\/www.facebook.com\/groups\/165217837022391\/?ref=bookmarks","https:\/\/www.instagram.com\/_ivinio_\/?hl=fr"]}]}},"jetpack_sharing_enabled":true,"_links":{"self":[{"href":"https:\/\/www.ivinio.com\/fr\/wp-json\/wp\/v2\/product\/136080","targetHints":{"allow":["GET"]}}],"collection":[{"href":"https:\/\/www.ivinio.com\/fr\/wp-json\/wp\/v2\/product"}],"about":[{"href":"https:\/\/www.ivinio.com\/fr\/wp-json\/wp\/v2\/types\/product"}],"replies":[{"embeddable":true,"href":"https:\/\/www.ivinio.com\/fr\/wp-json\/wp\/v2\/comments?post=136080"}],"wp:featuredmedia":[{"embeddable":true,"href":"https:\/\/www.ivinio.com\/fr\/wp-json\/wp\/v2\/media\/136018"}],"wp:attachment":[{"href":"https:\/\/www.ivinio.com\/fr\/wp-json\/wp\/v2\/media?parent=136080"}],"wp:term":[{"taxonomy":"product_brand","embeddable":true,"href":"https:\/\/www.ivinio.com\/fr\/wp-json\/wp\/v2\/product_brand?post=136080"},{"taxonomy":"product_cat","embeddable":true,"href":"https:\/\/www.ivinio.com\/fr\/wp-json\/wp\/v2\/product_cat?post=136080"},{"taxonomy":"product_tag","embeddable":true,"href":"https:\/\/www.ivinio.com\/fr\/wp-json\/wp\/v2\/product_tag?post=136080"}],"curies":[{"name":"wp","href":"https:\/\/api.w.org\/{rel}","templated":true}]}}