{"id":136076,"date":"2024-10-09T20:04:16","date_gmt":"2024-10-09T18:04:16","guid":{"rendered":"https:\/\/www.ivinio.com\/product\/domaine-des-tilleuls-essentielle-muscadet-sevre-et-maine-sur-lie-blanc\/"},"modified":"2024-10-12T18:19:11","modified_gmt":"2024-10-12T16:19:11","slug":"domaine-des-tilleuls-essentielle-muscadet-sevre-et-maine-sur-lie-blanc","status":"publish","type":"product","link":"https:\/\/www.ivinio.com\/fr\/produit\/domaine-des-tilleuls-essentielle-muscadet-sevre-et-maine-sur-lie-blanc\/","title":{"rendered":"Domaine des Tilleuls &#8211; &#8220;Essentielle&#8221; &#8211; Muscadet S\u00e8vre et Maine sur Lie &#8211; Blanc"},"content":{"rendered":"<p>Domaine des Tilleuls &#8211; &#8220;Essentielle&#8221; &#8211; Muscadet S\u00e8vre et Maine sur Lie &#8211; Blanc est un 100% Muscadet. Le vin est compos\u00e9 de vins issus des diff\u00e9rentes parcelles du vignoble. Les vignes ont un \u00e2ge moyen de 20 ans et sont cultiv\u00e9s sur des sols siliceux travers\u00e9s par un filon d&#8217;ardoise. Essentielle est \u00e9labor\u00e9 selon une vinification classique, puis, est laiss\u00e9e sur lies jusqu&#8217;au printemps suivant les vendanges avant la mise en bouteille.<\/p>\n","protected":false},"excerpt":{"rendered":"<p>Un vin blanc sec et min\u00e9ral pour accompagner les hu\u00eetres et les crustac\u00e9s !<\/p>\n","protected":false},"featured_media":136011,"comment_status":"open","ping_status":"closed","template":"","meta":{"_monsterinsights_skip_tracking":false,"_monsterinsights_sitenote_active":false,"_monsterinsights_sitenote_note":"","_monsterinsights_sitenote_category":0,"_uf_show_specific_survey":0,"_uf_disable_surveys":false},"product_brand":[],"product_cat":[39811],"product_tag":[],"class_list":{"0":"post-136076","1":"product","2":"type-product","3":"status-publish","4":"has-post-thumbnail","6":"product_cat-uncategorized-fr","7":"pa_alcohol-degree-12-fr","8":"pa_awards-gilbert-et-gaillard-fr","9":"pa_classification-aop-muscadet-sevre-et-maine-sur-lie-fr","10":"pa_color-blanc-fr","11":"pa_country-france-fr","12":"pa_grape-variety-muscadet-fr","13":"pa_region-loire-fr","14":"pa_storage-potential-quelques-annees-fr","15":"pa_vintage-2022-fr","16":"pa_volume-75-cl-fr","18":"first","19":"outofstock","20":"sale","21":"taxable","22":"shipping-taxable","23":"purchasable","24":"product-type-simple"},"bundled_by":["136082"],"bundle_stock_status":"outofstock","bundle_stock_quantity":null,"bundle_virtual":false,"bundle_layout":"","bundle_add_to_cart_form_location":"","bundle_editable_in_cart":false,"bundle_sold_individually_context":"","bundle_item_grouping":"","bundle_min_size":"","bundle_max_size":"","bundle_price":[],"bundled_items":[],"bundle_sell_ids":[],"yoast_head":"<!-- This site is optimized with the Yoast SEO plugin v27.5 - https:\/\/yoast.com\/product\/yoast-seo-wordpress\/ -->\n<title>Domaine des Tilleuls - &quot;Essentielle&quot; - Muscadet S\u00e8vre et Maine sur Lie - Blanc - IVINIO Caviste<\/title>\n<meta name=\"description\" content=\"Domaine des Tilleuls - &quot;Essentielle&quot; - Muscadet S\u00e8vre et Maine sur Lie - Blanc. Vin sec et min\u00e9ral pour accompagner les&#039;hu\u00eetres et les crustac\u00e9s !\" \/>\n<meta name=\"robots\" content=\"index, follow, max-snippet:-1, max-image-preview:large, max-video-preview:-1\" \/>\n<link rel=\"canonical\" href=\"https:\/\/www.ivinio.com\/fr\/produit\/domaine-des-tilleuls-essentielle-muscadet-sevre-et-maine-sur-lie-blanc\/\" \/>\n<meta property=\"og:locale\" content=\"fr_FR\" \/>\n<meta property=\"og:type\" content=\"article\" \/>\n<meta property=\"og:title\" content=\"Domaine des Tilleuls - &quot;Essentielle&quot; - Muscadet S\u00e8vre et Maine sur Lie - Blanc - IVINIO Caviste\" \/>\n<meta property=\"og:description\" content=\"Domaine des Tilleuls - &quot;Essentielle&quot; - Muscadet S\u00e8vre et Maine sur Lie - Blanc. Vin sec et min\u00e9ral pour accompagner les&#039;hu\u00eetres et les crustac\u00e9s !\" \/>\n<meta property=\"og:url\" content=\"https:\/\/www.ivinio.com\/fr\/produit\/domaine-des-tilleuls-essentielle-muscadet-sevre-et-maine-sur-lie-blanc\/\" \/>\n<meta property=\"og:site_name\" content=\"IVINIO Caviste\" \/>\n<meta property=\"article:publisher\" content=\"https:\/\/www.facebook.com\/groups\/165217837022391\/?ref=bookmarks\" \/>\n<meta property=\"article:modified_time\" content=\"2024-10-12T16:19:11+00:00\" \/>\n<meta property=\"og:image\" content=\"https:\/\/www.ivinio.com\/wp-content\/uploads\/2024\/10\/Domaine-des-Tilleuls-Essentielle-Muscadet-Maine-et-Sevre-sur-lie-IVINIO.jpg\" \/>\n\t<meta property=\"og:image:width\" content=\"500\" \/>\n\t<meta property=\"og:image:height\" content=\"500\" \/>\n\t<meta property=\"og:image:type\" content=\"image\/jpeg\" \/>\n<meta name=\"twitter:card\" content=\"summary_large_image\" \/>\n<meta name=\"twitter:label1\" content=\"Dur\u00e9e de lecture estim\u00e9e\" \/>\n\t<meta name=\"twitter:data1\" content=\"1 minute\" \/>\n<script type=\"application\/ld+json\" class=\"yoast-schema-graph\">{\"@context\":\"https:\\\/\\\/schema.org\",\"@graph\":[{\"@type\":\"WebPage\",\"@id\":\"https:\\\/\\\/www.ivinio.com\\\/fr\\\/produit\\\/domaine-des-tilleuls-essentielle-muscadet-sevre-et-maine-sur-lie-blanc\\\/\",\"url\":\"https:\\\/\\\/www.ivinio.com\\\/fr\\\/produit\\\/domaine-des-tilleuls-essentielle-muscadet-sevre-et-maine-sur-lie-blanc\\\/\",\"name\":\"Domaine des Tilleuls - \\\"Essentielle\\\" - Muscadet S\u00e8vre et Maine sur Lie - Blanc - IVINIO Caviste\",\"isPartOf\":{\"@id\":\"https:\\\/\\\/www.ivinio.com\\\/fr\\\/#website\"},\"primaryImageOfPage\":{\"@id\":\"https:\\\/\\\/www.ivinio.com\\\/fr\\\/produit\\\/domaine-des-tilleuls-essentielle-muscadet-sevre-et-maine-sur-lie-blanc\\\/#primaryimage\"},\"image\":{\"@id\":\"https:\\\/\\\/www.ivinio.com\\\/fr\\\/produit\\\/domaine-des-tilleuls-essentielle-muscadet-sevre-et-maine-sur-lie-blanc\\\/#primaryimage\"},\"thumbnailUrl\":\"https:\\\/\\\/www.ivinio.com\\\/wp-content\\\/uploads\\\/2024\\\/10\\\/Domaine-des-Tilleuls-Essentielle-Muscadet-Maine-et-Sevre-sur-lie-IVINIO.jpg\",\"datePublished\":\"2024-10-09T18:04:16+00:00\",\"dateModified\":\"2024-10-12T16:19:11+00:00\",\"description\":\"Domaine des Tilleuls - \\\"Essentielle\\\" - Muscadet S\u00e8vre et Maine sur Lie - Blanc. Vin sec et min\u00e9ral pour accompagner les'hu\u00eetres et les crustac\u00e9s !\",\"breadcrumb\":{\"@id\":\"https:\\\/\\\/www.ivinio.com\\\/fr\\\/produit\\\/domaine-des-tilleuls-essentielle-muscadet-sevre-et-maine-sur-lie-blanc\\\/#breadcrumb\"},\"inLanguage\":\"fr-FR\",\"potentialAction\":[{\"@type\":\"ReadAction\",\"target\":[\"https:\\\/\\\/www.ivinio.com\\\/fr\\\/produit\\\/domaine-des-tilleuls-essentielle-muscadet-sevre-et-maine-sur-lie-blanc\\\/\"]}]},{\"@type\":\"ImageObject\",\"inLanguage\":\"fr-FR\",\"@id\":\"https:\\\/\\\/www.ivinio.com\\\/fr\\\/produit\\\/domaine-des-tilleuls-essentielle-muscadet-sevre-et-maine-sur-lie-blanc\\\/#primaryimage\",\"url\":\"https:\\\/\\\/www.ivinio.com\\\/wp-content\\\/uploads\\\/2024\\\/10\\\/Domaine-des-Tilleuls-Essentielle-Muscadet-Maine-et-Sevre-sur-lie-IVINIO.jpg\",\"contentUrl\":\"https:\\\/\\\/www.ivinio.com\\\/wp-content\\\/uploads\\\/2024\\\/10\\\/Domaine-des-Tilleuls-Essentielle-Muscadet-Maine-et-Sevre-sur-lie-IVINIO.jpg\",\"width\":500,\"height\":500},{\"@type\":\"BreadcrumbList\",\"@id\":\"https:\\\/\\\/www.ivinio.com\\\/fr\\\/produit\\\/domaine-des-tilleuls-essentielle-muscadet-sevre-et-maine-sur-lie-blanc\\\/#breadcrumb\",\"itemListElement\":[{\"@type\":\"ListItem\",\"position\":1,\"name\":\"Home\",\"item\":\"https:\\\/\\\/www.ivinio.com\\\/fr\\\/\"},{\"@type\":\"ListItem\",\"position\":2,\"name\":\"Boutique de vin\",\"item\":\"https:\\\/\\\/www.ivinio.com\\\/fr\\\/boutique-de-vin\\\/\"},{\"@type\":\"ListItem\",\"position\":3,\"name\":\"Domaine des Tilleuls &#8211; &#8220;Essentielle&#8221; &#8211; Muscadet S\u00e8vre et Maine sur Lie &#8211; Blanc\"}]},{\"@type\":\"WebSite\",\"@id\":\"https:\\\/\\\/www.ivinio.com\\\/fr\\\/#website\",\"url\":\"https:\\\/\\\/www.ivinio.com\\\/fr\\\/\",\"name\":\"IVINIO Caviste\",\"description\":\"Vins de France et d&#039;Italie avec livraison \u00e0 domicile\",\"publisher\":{\"@id\":\"https:\\\/\\\/www.ivinio.com\\\/fr\\\/#organization\"},\"potentialAction\":[{\"@type\":\"SearchAction\",\"target\":{\"@type\":\"EntryPoint\",\"urlTemplate\":\"https:\\\/\\\/www.ivinio.com\\\/fr\\\/?s={search_term_string}\"},\"query-input\":{\"@type\":\"PropertyValueSpecification\",\"valueRequired\":true,\"valueName\":\"search_term_string\"}}],\"inLanguage\":\"fr-FR\"},{\"@type\":\"Organization\",\"@id\":\"https:\\\/\\\/www.ivinio.com\\\/fr\\\/#organization\",\"name\":\"IVINIO\",\"url\":\"https:\\\/\\\/www.ivinio.com\\\/fr\\\/\",\"logo\":{\"@type\":\"ImageObject\",\"inLanguage\":\"fr-FR\",\"@id\":\"https:\\\/\\\/www.ivinio.com\\\/fr\\\/#\\\/schema\\\/logo\\\/image\\\/\",\"url\":\"https:\\\/\\\/www.ivinio.com\\\/wp-content\\\/uploads\\\/2021\\\/01\\\/Logo-Ivinio-v2.jpg\",\"contentUrl\":\"https:\\\/\\\/www.ivinio.com\\\/wp-content\\\/uploads\\\/2021\\\/01\\\/Logo-Ivinio-v2.jpg\",\"width\":1194,\"height\":1194,\"caption\":\"IVINIO\"},\"image\":{\"@id\":\"https:\\\/\\\/www.ivinio.com\\\/fr\\\/#\\\/schema\\\/logo\\\/image\\\/\"},\"sameAs\":[\"https:\\\/\\\/www.facebook.com\\\/groups\\\/165217837022391\\\/?ref=bookmarks\",\"https:\\\/\\\/www.instagram.com\\\/_ivinio_\\\/?hl=fr\"]}]}<\/script>\n<!-- \/ Yoast SEO plugin. -->","yoast_head_json":{"title":"Domaine des Tilleuls - \"Essentielle\" - Muscadet S\u00e8vre et Maine sur Lie - Blanc - IVINIO Caviste","description":"Domaine des Tilleuls - \"Essentielle\" - Muscadet S\u00e8vre et Maine sur Lie - Blanc. Vin sec et min\u00e9ral pour accompagner les'hu\u00eetres et les crustac\u00e9s !","robots":{"index":"index","follow":"follow","max-snippet":"max-snippet:-1","max-image-preview":"max-image-preview:large","max-video-preview":"max-video-preview:-1"},"canonical":"https:\/\/www.ivinio.com\/fr\/produit\/domaine-des-tilleuls-essentielle-muscadet-sevre-et-maine-sur-lie-blanc\/","og_locale":"fr_FR","og_type":"article","og_title":"Domaine des Tilleuls - \"Essentielle\" - Muscadet S\u00e8vre et Maine sur Lie - Blanc - IVINIO Caviste","og_description":"Domaine des Tilleuls - \"Essentielle\" - Muscadet S\u00e8vre et Maine sur Lie - Blanc. Vin sec et min\u00e9ral pour accompagner les'hu\u00eetres et les crustac\u00e9s !","og_url":"https:\/\/www.ivinio.com\/fr\/produit\/domaine-des-tilleuls-essentielle-muscadet-sevre-et-maine-sur-lie-blanc\/","og_site_name":"IVINIO Caviste","article_publisher":"https:\/\/www.facebook.com\/groups\/165217837022391\/?ref=bookmarks","article_modified_time":"2024-10-12T16:19:11+00:00","og_image":[{"width":500,"height":500,"url":"https:\/\/www.ivinio.com\/wp-content\/uploads\/2024\/10\/Domaine-des-Tilleuls-Essentielle-Muscadet-Maine-et-Sevre-sur-lie-IVINIO.jpg","type":"image\/jpeg"}],"twitter_card":"summary_large_image","twitter_misc":{"Dur\u00e9e de lecture estim\u00e9e":"1 minute"},"schema":{"@context":"https:\/\/schema.org","@graph":[{"@type":"WebPage","@id":"https:\/\/www.ivinio.com\/fr\/produit\/domaine-des-tilleuls-essentielle-muscadet-sevre-et-maine-sur-lie-blanc\/","url":"https:\/\/www.ivinio.com\/fr\/produit\/domaine-des-tilleuls-essentielle-muscadet-sevre-et-maine-sur-lie-blanc\/","name":"Domaine des Tilleuls - \"Essentielle\" - Muscadet S\u00e8vre et Maine sur Lie - Blanc - IVINIO Caviste","isPartOf":{"@id":"https:\/\/www.ivinio.com\/fr\/#website"},"primaryImageOfPage":{"@id":"https:\/\/www.ivinio.com\/fr\/produit\/domaine-des-tilleuls-essentielle-muscadet-sevre-et-maine-sur-lie-blanc\/#primaryimage"},"image":{"@id":"https:\/\/www.ivinio.com\/fr\/produit\/domaine-des-tilleuls-essentielle-muscadet-sevre-et-maine-sur-lie-blanc\/#primaryimage"},"thumbnailUrl":"https:\/\/www.ivinio.com\/wp-content\/uploads\/2024\/10\/Domaine-des-Tilleuls-Essentielle-Muscadet-Maine-et-Sevre-sur-lie-IVINIO.jpg","datePublished":"2024-10-09T18:04:16+00:00","dateModified":"2024-10-12T16:19:11+00:00","description":"Domaine des Tilleuls - \"Essentielle\" - Muscadet S\u00e8vre et Maine sur Lie - Blanc. Vin sec et min\u00e9ral pour accompagner les'hu\u00eetres et les crustac\u00e9s !","breadcrumb":{"@id":"https:\/\/www.ivinio.com\/fr\/produit\/domaine-des-tilleuls-essentielle-muscadet-sevre-et-maine-sur-lie-blanc\/#breadcrumb"},"inLanguage":"fr-FR","potentialAction":[{"@type":"ReadAction","target":["https:\/\/www.ivinio.com\/fr\/produit\/domaine-des-tilleuls-essentielle-muscadet-sevre-et-maine-sur-lie-blanc\/"]}]},{"@type":"ImageObject","inLanguage":"fr-FR","@id":"https:\/\/www.ivinio.com\/fr\/produit\/domaine-des-tilleuls-essentielle-muscadet-sevre-et-maine-sur-lie-blanc\/#primaryimage","url":"https:\/\/www.ivinio.com\/wp-content\/uploads\/2024\/10\/Domaine-des-Tilleuls-Essentielle-Muscadet-Maine-et-Sevre-sur-lie-IVINIO.jpg","contentUrl":"https:\/\/www.ivinio.com\/wp-content\/uploads\/2024\/10\/Domaine-des-Tilleuls-Essentielle-Muscadet-Maine-et-Sevre-sur-lie-IVINIO.jpg","width":500,"height":500},{"@type":"BreadcrumbList","@id":"https:\/\/www.ivinio.com\/fr\/produit\/domaine-des-tilleuls-essentielle-muscadet-sevre-et-maine-sur-lie-blanc\/#breadcrumb","itemListElement":[{"@type":"ListItem","position":1,"name":"Home","item":"https:\/\/www.ivinio.com\/fr\/"},{"@type":"ListItem","position":2,"name":"Boutique de vin","item":"https:\/\/www.ivinio.com\/fr\/boutique-de-vin\/"},{"@type":"ListItem","position":3,"name":"Domaine des Tilleuls &#8211; &#8220;Essentielle&#8221; &#8211; Muscadet S\u00e8vre et Maine sur Lie &#8211; Blanc"}]},{"@type":"WebSite","@id":"https:\/\/www.ivinio.com\/fr\/#website","url":"https:\/\/www.ivinio.com\/fr\/","name":"IVINIO Caviste","description":"Vins de France et d&#039;Italie avec livraison \u00e0 domicile","publisher":{"@id":"https:\/\/www.ivinio.com\/fr\/#organization"},"potentialAction":[{"@type":"SearchAction","target":{"@type":"EntryPoint","urlTemplate":"https:\/\/www.ivinio.com\/fr\/?s={search_term_string}"},"query-input":{"@type":"PropertyValueSpecification","valueRequired":true,"valueName":"search_term_string"}}],"inLanguage":"fr-FR"},{"@type":"Organization","@id":"https:\/\/www.ivinio.com\/fr\/#organization","name":"IVINIO","url":"https:\/\/www.ivinio.com\/fr\/","logo":{"@type":"ImageObject","inLanguage":"fr-FR","@id":"https:\/\/www.ivinio.com\/fr\/#\/schema\/logo\/image\/","url":"https:\/\/www.ivinio.com\/wp-content\/uploads\/2021\/01\/Logo-Ivinio-v2.jpg","contentUrl":"https:\/\/www.ivinio.com\/wp-content\/uploads\/2021\/01\/Logo-Ivinio-v2.jpg","width":1194,"height":1194,"caption":"IVINIO"},"image":{"@id":"https:\/\/www.ivinio.com\/fr\/#\/schema\/logo\/image\/"},"sameAs":["https:\/\/www.facebook.com\/groups\/165217837022391\/?ref=bookmarks","https:\/\/www.instagram.com\/_ivinio_\/?hl=fr"]}]}},"jetpack_sharing_enabled":true,"_links":{"self":[{"href":"https:\/\/www.ivinio.com\/fr\/wp-json\/wp\/v2\/product\/136076","targetHints":{"allow":["GET"]}}],"collection":[{"href":"https:\/\/www.ivinio.com\/fr\/wp-json\/wp\/v2\/product"}],"about":[{"href":"https:\/\/www.ivinio.com\/fr\/wp-json\/wp\/v2\/types\/product"}],"replies":[{"embeddable":true,"href":"https:\/\/www.ivinio.com\/fr\/wp-json\/wp\/v2\/comments?post=136076"}],"wp:featuredmedia":[{"embeddable":true,"href":"https:\/\/www.ivinio.com\/fr\/wp-json\/wp\/v2\/media\/136011"}],"wp:attachment":[{"href":"https:\/\/www.ivinio.com\/fr\/wp-json\/wp\/v2\/media?parent=136076"}],"wp:term":[{"taxonomy":"product_brand","embeddable":true,"href":"https:\/\/www.ivinio.com\/fr\/wp-json\/wp\/v2\/product_brand?post=136076"},{"taxonomy":"product_cat","embeddable":true,"href":"https:\/\/www.ivinio.com\/fr\/wp-json\/wp\/v2\/product_cat?post=136076"},{"taxonomy":"product_tag","embeddable":true,"href":"https:\/\/www.ivinio.com\/fr\/wp-json\/wp\/v2\/product_tag?post=136076"}],"curies":[{"name":"wp","href":"https:\/\/api.w.org\/{rel}","templated":true}]}}