{"id":136038,"date":"2024-10-09T17:03:24","date_gmt":"2024-10-10T17:07:25","guid":{"rendered":"https:\/\/www.ivinio.com\/product\/mastrojanni-brunello-di-montalcino-rouge\/"},"modified":"2024-10-11T16:29:55","modified_gmt":"2024-10-11T14:29:55","slug":"mastrojanni-brunello-di-montalcino-rouge","status":"publish","type":"product","link":"https:\/\/www.ivinio.com\/fr\/produit\/mastrojanni-brunello-di-montalcino-rouge\/","title":{"rendered":"Mastrojanni &#8211; Brunello di Montalcino &#8211; Rouge"},"content":{"rendered":"<p>Mastrojanni &#8211; Brunello di Montalcino &#8211; Rouge est un vin prestigieux de la r\u00e9gion Toscane en Italie, compos\u00e9 de 100% de Sangiovese (Brunello) . Les raisins sont soigneusement s\u00e9lectionn\u00e9s \u00e0 la main lors des vendanges, qui ont g\u00e9n\u00e9ralement lieu fin septembre et d\u00e9but octobre. Une fois les raisins r\u00e9colt\u00e9s, ils sont s\u00e9par\u00e9s de leurs rafles et foul\u00e9s pour en lib\u00e9rer le jus. Le mo\u00fbt fermente ensuite dans des cuves en b\u00e9ton et subit des remontages et d\u00e9lestages quotidiens. Apr\u00e8s la fermentation, le vin est \u00e9lev\u00e9 pendant 36 mois en f\u00fbts de ch\u00eane d&#8217;Allier, de Slavonie et de Styrie avec des f\u00fbts en volumes compris entre 16 hl (Pauscha), 33 hl (Stockinger) et 54 hl (Gamba).    <\/p>\n","protected":false},"excerpt":{"rendered":"<p>Un classique exclusif de l&#8217;appellation Brunello di Montalcino !<\/p>\n","protected":false},"featured_media":136006,"comment_status":"open","ping_status":"closed","template":"","meta":{"_monsterinsights_skip_tracking":false,"_monsterinsights_sitenote_active":false,"_monsterinsights_sitenote_note":"","_monsterinsights_sitenote_category":0,"_uf_show_specific_survey":0,"_uf_disable_surveys":false},"product_brand":[],"product_cat":[36595,36589],"product_tag":[],"class_list":{"0":"post-136038","1":"product","2":"type-product","3":"status-publish","4":"has-post-thumbnail","6":"product_cat-fr-toscane","7":"product_cat-vins-italiens","8":"pa_alcohol-degree-145-fr","9":"pa_awards-falstaff-fr","10":"pa_awards-james-suckling-fr","11":"pa_awards-jancis-robinson-fr","12":"pa_awards-the-wine-advocate-fr","13":"pa_awards-wine-enthusiast-fr","14":"pa_awards-wine-spectator-fr","15":"pa_classification-docg-brunello-di-montalcino-fr","16":"pa_color-rouge-fr","17":"pa_country-italie-fr","18":"pa_grape-variety-sangiovese-brunello-fr","19":"pa_region-toscane-fr","20":"pa_storage-potential-plus-de-10-ans-fr","21":"pa_vintage-2017-fr","22":"pa_volume-75-cl-fr","24":"first","25":"instock","26":"taxable","27":"shipping-taxable","28":"purchasable","29":"product-type-simple"},"bundled_by":[],"bundle_stock_status":"instock","bundle_stock_quantity":null,"bundle_virtual":false,"bundle_layout":"","bundle_add_to_cart_form_location":"","bundle_editable_in_cart":false,"bundle_sold_individually_context":"","bundle_item_grouping":"","bundle_min_size":"","bundle_max_size":"","bundle_price":[],"bundled_items":[],"bundle_sell_ids":[],"yoast_head":"<!-- This site is optimized with the Yoast SEO plugin v27.5 - https:\/\/yoast.com\/product\/yoast-seo-wordpress\/ -->\n<title>Mastrojanni - Brunello di Montalcino - Rouge - IVINIO Caviste<\/title>\n<meta name=\"description\" content=\"Mastrojanni - Brunello di Montalcino - Vin rouge. Le nez pr\u00e9sente des notes de cerise, de prune et d&#039;orange sanguine, rehauss\u00e9es par des notes \u00e9pic\u00e9es et des nuances min\u00e9rales.\" \/>\n<meta name=\"robots\" content=\"index, follow, max-snippet:-1, max-image-preview:large, max-video-preview:-1\" \/>\n<link rel=\"canonical\" href=\"https:\/\/www.ivinio.com\/fr\/produit\/mastrojanni-brunello-di-montalcino-rouge\/\" \/>\n<meta property=\"og:locale\" content=\"fr_FR\" \/>\n<meta property=\"og:type\" content=\"article\" \/>\n<meta property=\"og:title\" content=\"Mastrojanni - Brunello di Montalcino - Rouge - IVINIO Caviste\" \/>\n<meta property=\"og:description\" content=\"Mastrojanni - Brunello di Montalcino - Vin rouge. Le nez pr\u00e9sente des notes de cerise, de prune et d&#039;orange sanguine, rehauss\u00e9es par des notes \u00e9pic\u00e9es et des nuances min\u00e9rales.\" \/>\n<meta property=\"og:url\" content=\"https:\/\/www.ivinio.com\/fr\/produit\/mastrojanni-brunello-di-montalcino-rouge\/\" \/>\n<meta property=\"og:site_name\" content=\"IVINIO Caviste\" \/>\n<meta property=\"article:publisher\" content=\"https:\/\/www.facebook.com\/groups\/165217837022391\/?ref=bookmarks\" \/>\n<meta property=\"article:modified_time\" content=\"2024-10-11T14:29:55+00:00\" \/>\n<meta property=\"og:image\" content=\"https:\/\/www.ivinio.com\/wp-content\/uploads\/2024\/10\/Mastrojanni-Brunello-di-Montalcino-IVINIO.jpg\" \/>\n\t<meta property=\"og:image:width\" content=\"500\" \/>\n\t<meta property=\"og:image:height\" content=\"500\" \/>\n\t<meta property=\"og:image:type\" content=\"image\/jpeg\" \/>\n<meta name=\"twitter:card\" content=\"summary_large_image\" \/>\n<meta name=\"twitter:label1\" content=\"Dur\u00e9e de lecture estim\u00e9e\" \/>\n\t<meta name=\"twitter:data1\" content=\"1 minute\" \/>\n<script type=\"application\/ld+json\" class=\"yoast-schema-graph\">{\"@context\":\"https:\\\/\\\/schema.org\",\"@graph\":[{\"@type\":\"WebPage\",\"@id\":\"https:\\\/\\\/www.ivinio.com\\\/fr\\\/produit\\\/mastrojanni-brunello-di-montalcino-rouge\\\/\",\"url\":\"https:\\\/\\\/www.ivinio.com\\\/fr\\\/produit\\\/mastrojanni-brunello-di-montalcino-rouge\\\/\",\"name\":\"Mastrojanni - Brunello di Montalcino - Rouge - IVINIO Caviste\",\"isPartOf\":{\"@id\":\"https:\\\/\\\/www.ivinio.com\\\/fr\\\/#website\"},\"primaryImageOfPage\":{\"@id\":\"https:\\\/\\\/www.ivinio.com\\\/fr\\\/produit\\\/mastrojanni-brunello-di-montalcino-rouge\\\/#primaryimage\"},\"image\":{\"@id\":\"https:\\\/\\\/www.ivinio.com\\\/fr\\\/produit\\\/mastrojanni-brunello-di-montalcino-rouge\\\/#primaryimage\"},\"thumbnailUrl\":\"https:\\\/\\\/www.ivinio.com\\\/wp-content\\\/uploads\\\/2024\\\/10\\\/Mastrojanni-Brunello-di-Montalcino-IVINIO.jpg\",\"datePublished\":\"2024-10-10T17:07:25+00:00\",\"dateModified\":\"2024-10-11T14:29:55+00:00\",\"description\":\"Mastrojanni - Brunello di Montalcino - Vin rouge. Le nez pr\u00e9sente des notes de cerise, de prune et d'orange sanguine, rehauss\u00e9es par des notes \u00e9pic\u00e9es et des nuances min\u00e9rales.\",\"breadcrumb\":{\"@id\":\"https:\\\/\\\/www.ivinio.com\\\/fr\\\/produit\\\/mastrojanni-brunello-di-montalcino-rouge\\\/#breadcrumb\"},\"inLanguage\":\"fr-FR\",\"potentialAction\":[{\"@type\":\"ReadAction\",\"target\":[\"https:\\\/\\\/www.ivinio.com\\\/fr\\\/produit\\\/mastrojanni-brunello-di-montalcino-rouge\\\/\"]}]},{\"@type\":\"ImageObject\",\"inLanguage\":\"fr-FR\",\"@id\":\"https:\\\/\\\/www.ivinio.com\\\/fr\\\/produit\\\/mastrojanni-brunello-di-montalcino-rouge\\\/#primaryimage\",\"url\":\"https:\\\/\\\/www.ivinio.com\\\/wp-content\\\/uploads\\\/2024\\\/10\\\/Mastrojanni-Brunello-di-Montalcino-IVINIO.jpg\",\"contentUrl\":\"https:\\\/\\\/www.ivinio.com\\\/wp-content\\\/uploads\\\/2024\\\/10\\\/Mastrojanni-Brunello-di-Montalcino-IVINIO.jpg\",\"width\":500,\"height\":500},{\"@type\":\"BreadcrumbList\",\"@id\":\"https:\\\/\\\/www.ivinio.com\\\/fr\\\/produit\\\/mastrojanni-brunello-di-montalcino-rouge\\\/#breadcrumb\",\"itemListElement\":[{\"@type\":\"ListItem\",\"position\":1,\"name\":\"Home\",\"item\":\"https:\\\/\\\/www.ivinio.com\\\/fr\\\/\"},{\"@type\":\"ListItem\",\"position\":2,\"name\":\"Boutique de vin\",\"item\":\"https:\\\/\\\/www.ivinio.com\\\/fr\\\/boutique-de-vin\\\/\"},{\"@type\":\"ListItem\",\"position\":3,\"name\":\"Mastrojanni &#8211; Brunello di Montalcino &#8211; Rouge\"}]},{\"@type\":\"WebSite\",\"@id\":\"https:\\\/\\\/www.ivinio.com\\\/fr\\\/#website\",\"url\":\"https:\\\/\\\/www.ivinio.com\\\/fr\\\/\",\"name\":\"IVINIO Caviste\",\"description\":\"Vins de France et d&#039;Italie avec livraison \u00e0 domicile\",\"publisher\":{\"@id\":\"https:\\\/\\\/www.ivinio.com\\\/fr\\\/#organization\"},\"potentialAction\":[{\"@type\":\"SearchAction\",\"target\":{\"@type\":\"EntryPoint\",\"urlTemplate\":\"https:\\\/\\\/www.ivinio.com\\\/fr\\\/?s={search_term_string}\"},\"query-input\":{\"@type\":\"PropertyValueSpecification\",\"valueRequired\":true,\"valueName\":\"search_term_string\"}}],\"inLanguage\":\"fr-FR\"},{\"@type\":\"Organization\",\"@id\":\"https:\\\/\\\/www.ivinio.com\\\/fr\\\/#organization\",\"name\":\"IVINIO\",\"url\":\"https:\\\/\\\/www.ivinio.com\\\/fr\\\/\",\"logo\":{\"@type\":\"ImageObject\",\"inLanguage\":\"fr-FR\",\"@id\":\"https:\\\/\\\/www.ivinio.com\\\/fr\\\/#\\\/schema\\\/logo\\\/image\\\/\",\"url\":\"https:\\\/\\\/www.ivinio.com\\\/wp-content\\\/uploads\\\/2021\\\/01\\\/Logo-Ivinio-v2.jpg\",\"contentUrl\":\"https:\\\/\\\/www.ivinio.com\\\/wp-content\\\/uploads\\\/2021\\\/01\\\/Logo-Ivinio-v2.jpg\",\"width\":1194,\"height\":1194,\"caption\":\"IVINIO\"},\"image\":{\"@id\":\"https:\\\/\\\/www.ivinio.com\\\/fr\\\/#\\\/schema\\\/logo\\\/image\\\/\"},\"sameAs\":[\"https:\\\/\\\/www.facebook.com\\\/groups\\\/165217837022391\\\/?ref=bookmarks\",\"https:\\\/\\\/www.instagram.com\\\/_ivinio_\\\/?hl=fr\"]}]}<\/script>\n<!-- \/ Yoast SEO plugin. -->","yoast_head_json":{"title":"Mastrojanni - Brunello di Montalcino - Rouge - IVINIO Caviste","description":"Mastrojanni - Brunello di Montalcino - Vin rouge. Le nez pr\u00e9sente des notes de cerise, de prune et d'orange sanguine, rehauss\u00e9es par des notes \u00e9pic\u00e9es et des nuances min\u00e9rales.","robots":{"index":"index","follow":"follow","max-snippet":"max-snippet:-1","max-image-preview":"max-image-preview:large","max-video-preview":"max-video-preview:-1"},"canonical":"https:\/\/www.ivinio.com\/fr\/produit\/mastrojanni-brunello-di-montalcino-rouge\/","og_locale":"fr_FR","og_type":"article","og_title":"Mastrojanni - Brunello di Montalcino - Rouge - IVINIO Caviste","og_description":"Mastrojanni - Brunello di Montalcino - Vin rouge. Le nez pr\u00e9sente des notes de cerise, de prune et d'orange sanguine, rehauss\u00e9es par des notes \u00e9pic\u00e9es et des nuances min\u00e9rales.","og_url":"https:\/\/www.ivinio.com\/fr\/produit\/mastrojanni-brunello-di-montalcino-rouge\/","og_site_name":"IVINIO Caviste","article_publisher":"https:\/\/www.facebook.com\/groups\/165217837022391\/?ref=bookmarks","article_modified_time":"2024-10-11T14:29:55+00:00","og_image":[{"width":500,"height":500,"url":"https:\/\/www.ivinio.com\/wp-content\/uploads\/2024\/10\/Mastrojanni-Brunello-di-Montalcino-IVINIO.jpg","type":"image\/jpeg"}],"twitter_card":"summary_large_image","twitter_misc":{"Dur\u00e9e de lecture estim\u00e9e":"1 minute"},"schema":{"@context":"https:\/\/schema.org","@graph":[{"@type":"WebPage","@id":"https:\/\/www.ivinio.com\/fr\/produit\/mastrojanni-brunello-di-montalcino-rouge\/","url":"https:\/\/www.ivinio.com\/fr\/produit\/mastrojanni-brunello-di-montalcino-rouge\/","name":"Mastrojanni - Brunello di Montalcino - Rouge - IVINIO Caviste","isPartOf":{"@id":"https:\/\/www.ivinio.com\/fr\/#website"},"primaryImageOfPage":{"@id":"https:\/\/www.ivinio.com\/fr\/produit\/mastrojanni-brunello-di-montalcino-rouge\/#primaryimage"},"image":{"@id":"https:\/\/www.ivinio.com\/fr\/produit\/mastrojanni-brunello-di-montalcino-rouge\/#primaryimage"},"thumbnailUrl":"https:\/\/www.ivinio.com\/wp-content\/uploads\/2024\/10\/Mastrojanni-Brunello-di-Montalcino-IVINIO.jpg","datePublished":"2024-10-10T17:07:25+00:00","dateModified":"2024-10-11T14:29:55+00:00","description":"Mastrojanni - Brunello di Montalcino - Vin rouge. Le nez pr\u00e9sente des notes de cerise, de prune et d'orange sanguine, rehauss\u00e9es par des notes \u00e9pic\u00e9es et des nuances min\u00e9rales.","breadcrumb":{"@id":"https:\/\/www.ivinio.com\/fr\/produit\/mastrojanni-brunello-di-montalcino-rouge\/#breadcrumb"},"inLanguage":"fr-FR","potentialAction":[{"@type":"ReadAction","target":["https:\/\/www.ivinio.com\/fr\/produit\/mastrojanni-brunello-di-montalcino-rouge\/"]}]},{"@type":"ImageObject","inLanguage":"fr-FR","@id":"https:\/\/www.ivinio.com\/fr\/produit\/mastrojanni-brunello-di-montalcino-rouge\/#primaryimage","url":"https:\/\/www.ivinio.com\/wp-content\/uploads\/2024\/10\/Mastrojanni-Brunello-di-Montalcino-IVINIO.jpg","contentUrl":"https:\/\/www.ivinio.com\/wp-content\/uploads\/2024\/10\/Mastrojanni-Brunello-di-Montalcino-IVINIO.jpg","width":500,"height":500},{"@type":"BreadcrumbList","@id":"https:\/\/www.ivinio.com\/fr\/produit\/mastrojanni-brunello-di-montalcino-rouge\/#breadcrumb","itemListElement":[{"@type":"ListItem","position":1,"name":"Home","item":"https:\/\/www.ivinio.com\/fr\/"},{"@type":"ListItem","position":2,"name":"Boutique de vin","item":"https:\/\/www.ivinio.com\/fr\/boutique-de-vin\/"},{"@type":"ListItem","position":3,"name":"Mastrojanni &#8211; Brunello di Montalcino &#8211; Rouge"}]},{"@type":"WebSite","@id":"https:\/\/www.ivinio.com\/fr\/#website","url":"https:\/\/www.ivinio.com\/fr\/","name":"IVINIO Caviste","description":"Vins de France et d&#039;Italie avec livraison \u00e0 domicile","publisher":{"@id":"https:\/\/www.ivinio.com\/fr\/#organization"},"potentialAction":[{"@type":"SearchAction","target":{"@type":"EntryPoint","urlTemplate":"https:\/\/www.ivinio.com\/fr\/?s={search_term_string}"},"query-input":{"@type":"PropertyValueSpecification","valueRequired":true,"valueName":"search_term_string"}}],"inLanguage":"fr-FR"},{"@type":"Organization","@id":"https:\/\/www.ivinio.com\/fr\/#organization","name":"IVINIO","url":"https:\/\/www.ivinio.com\/fr\/","logo":{"@type":"ImageObject","inLanguage":"fr-FR","@id":"https:\/\/www.ivinio.com\/fr\/#\/schema\/logo\/image\/","url":"https:\/\/www.ivinio.com\/wp-content\/uploads\/2021\/01\/Logo-Ivinio-v2.jpg","contentUrl":"https:\/\/www.ivinio.com\/wp-content\/uploads\/2021\/01\/Logo-Ivinio-v2.jpg","width":1194,"height":1194,"caption":"IVINIO"},"image":{"@id":"https:\/\/www.ivinio.com\/fr\/#\/schema\/logo\/image\/"},"sameAs":["https:\/\/www.facebook.com\/groups\/165217837022391\/?ref=bookmarks","https:\/\/www.instagram.com\/_ivinio_\/?hl=fr"]}]}},"jetpack_sharing_enabled":true,"_links":{"self":[{"href":"https:\/\/www.ivinio.com\/fr\/wp-json\/wp\/v2\/product\/136038","targetHints":{"allow":["GET"]}}],"collection":[{"href":"https:\/\/www.ivinio.com\/fr\/wp-json\/wp\/v2\/product"}],"about":[{"href":"https:\/\/www.ivinio.com\/fr\/wp-json\/wp\/v2\/types\/product"}],"replies":[{"embeddable":true,"href":"https:\/\/www.ivinio.com\/fr\/wp-json\/wp\/v2\/comments?post=136038"}],"wp:featuredmedia":[{"embeddable":true,"href":"https:\/\/www.ivinio.com\/fr\/wp-json\/wp\/v2\/media\/136006"}],"wp:attachment":[{"href":"https:\/\/www.ivinio.com\/fr\/wp-json\/wp\/v2\/media?parent=136038"}],"wp:term":[{"taxonomy":"product_brand","embeddable":true,"href":"https:\/\/www.ivinio.com\/fr\/wp-json\/wp\/v2\/product_brand?post=136038"},{"taxonomy":"product_cat","embeddable":true,"href":"https:\/\/www.ivinio.com\/fr\/wp-json\/wp\/v2\/product_cat?post=136038"},{"taxonomy":"product_tag","embeddable":true,"href":"https:\/\/www.ivinio.com\/fr\/wp-json\/wp\/v2\/product_tag?post=136038"}],"curies":[{"name":"wp","href":"https:\/\/api.w.org\/{rel}","templated":true}]}}