{"id":135883,"date":"2024-08-10T19:03:32","date_gmt":"2024-08-22T17:19:32","guid":{"rendered":"https:\/\/www.ivinio.com\/product\/chateau-fontainebleau-cartons-melange-2x3-bouteilles\/"},"modified":"2024-08-22T19:19:32","modified_gmt":"2024-08-22T17:19:32","slug":"chateau-fontainebleau-cartons-melange-2x3-bouteilles","status":"publish","type":"product","link":"https:\/\/www.ivinio.com\/fr\/produit\/chateau-fontainebleau-cartons-melange-2x3-bouteilles\/","title":{"rendered":"Ch\u00e2teau Fontainebleau &#8211; Cartons m\u00e9lang\u00e9 2&#215;3 bouteilles"},"content":{"rendered":"<p>Ce coffret de vins m\u00e9lang\u00e9s contient 3 bouteilles de blanc et 3 bouteilles de ros\u00e9 du Ch\u00e2teau Fontainebleau en Provence. Les vins sont issus de l&#8217;agriculture biologique et repr\u00e9sentent tr\u00e8s bien la r\u00e9gion viticole de Provence. Un coffret de d\u00e9gustation parfait avec 2 vins tr\u00e8s bien r\u00e9alis\u00e9s qui pourront \u00eatre servis \u00e0 des occasions tr\u00e8s diff\u00e9rentes !<\/p>\n","protected":false},"excerpt":{"rendered":"<p>Un coffret mixte d&#8217;\u00e9l\u00e9gants blancs et ros\u00e9s de Provence !<\/p>\n","protected":false},"featured_media":135863,"comment_status":"open","ping_status":"closed","template":"","meta":{"_monsterinsights_skip_tracking":false,"_monsterinsights_sitenote_active":false,"_monsterinsights_sitenote_note":"","_monsterinsights_sitenote_category":0,"_uf_show_specific_survey":0,"_uf_disable_surveys":false},"product_brand":[],"product_cat":[36643],"product_tag":[],"class_list":{"0":"post-135883","1":"product","2":"type-product","3":"status-publish","4":"has-post-thumbnail","6":"product_cat-ronde-des-vins","7":"pa_classification-aop-cotes-de-provence-fr","8":"pa_color-blanc-fr","9":"pa_color-rose-fr","10":"pa_grape-variety-clairette-fr","11":"pa_grape-variety-grenache-fr","12":"pa_grape-variety-rolle-aussi-appele-vermentino-fr","13":"pa_grape-variety-syrah-fr","15":"first","16":"outofstock","17":"sale","18":"virtual","19":"taxable","20":"purchasable","21":"product-type-bundle"},"bundled_by":[],"bundle_stock_status":"outofstock","bundle_stock_quantity":0,"bundle_virtual":false,"bundle_layout":"grid","bundle_add_to_cart_form_location":"default","bundle_editable_in_cart":false,"bundle_sold_individually_context":"product","bundle_item_grouping":"parent","bundle_min_size":"","bundle_max_size":"","bundle_price":{"price":{"min":{"incl_tax":"49.8","excl_tax":"49.75"},"max":{"incl_tax":"49.8","excl_tax":"49.75"}},"regular_price":{"min":{"incl_tax":"84","excl_tax":"84"},"max":{"incl_tax":"84","excl_tax":"84"}}},"bundled_items":[{"bundled_item_id":9059,"product_id":135850,"menu_order":0,"quantity_min":3,"quantity_max":3,"quantity_default":3,"priced_individually":false,"shipped_individually":false,"override_title":false,"title":"Ch\u00e2teau Fontainebleau &#8211; Ros\u00e9","override_description":false,"description":"Ch\u00e2teau Fontainebleau &#8211; Ros\u00e9","optional":false,"hide_thumbnail":false,"discount":"","override_variations":false,"allowed_variations":[""],"override_default_variation_attributes":false,"default_variation_attributes":[],"single_product_visibility":"visible","cart_visibility":"visible","order_visibility":"visible","single_product_price_visibility":"visible","cart_price_visibility":"visible","order_price_visibility":"visible","stock_status":"out_of_stock"},{"bundled_item_id":9060,"product_id":135856,"menu_order":1,"quantity_min":3,"quantity_max":3,"quantity_default":3,"priced_individually":false,"shipped_individually":false,"override_title":false,"title":"Ch\u00e2teau Fontainebleau &#8211; Blanc","override_description":false,"description":"Ch\u00e2teau Fontainebleau &#8211; Blanc","optional":false,"hide_thumbnail":false,"discount":"","override_variations":false,"allowed_variations":[""],"override_default_variation_attributes":false,"default_variation_attributes":[],"single_product_visibility":"visible","cart_visibility":"visible","order_visibility":"visible","single_product_price_visibility":"visible","cart_price_visibility":"visible","order_price_visibility":"visible","stock_status":"in_stock"}],"bundle_sell_ids":[],"yoast_head":"<!-- This site is optimized with the Yoast SEO plugin v27.6 - https:\/\/yoast.com\/product\/yoast-seo-wordpress\/ -->\n<title>Ch\u00e2teau Fontainebleau - Cartons m\u00e9lang\u00e9 2x3 bouteilles - IVINIO Caviste<\/title>\n<meta name=\"description\" content=\"Ch\u00e2teau Fontainebleau - Carton m\u00e9lang\u00e9. Un coffret de d\u00e9gustation parfait avec 2 vins tr\u00e8s bien faits qui pourront \u00eatre servis \u00e0 des occasions tr\u00e8s diff\u00e9rentes !\" \/>\n<meta name=\"robots\" content=\"index, follow, max-snippet:-1, max-image-preview:large, max-video-preview:-1\" \/>\n<link rel=\"canonical\" href=\"https:\/\/www.ivinio.com\/fr\/produit\/chateau-fontainebleau-cartons-melange-2x3-bouteilles\/\" \/>\n<meta property=\"og:locale\" content=\"fr_FR\" \/>\n<meta property=\"og:type\" content=\"article\" \/>\n<meta property=\"og:title\" content=\"Ch\u00e2teau Fontainebleau - Cartons m\u00e9lang\u00e9 2x3 bouteilles - IVINIO Caviste\" \/>\n<meta property=\"og:description\" content=\"Ch\u00e2teau Fontainebleau - Carton m\u00e9lang\u00e9. Un coffret de d\u00e9gustation parfait avec 2 vins tr\u00e8s bien faits qui pourront \u00eatre servis \u00e0 des occasions tr\u00e8s diff\u00e9rentes !\" \/>\n<meta property=\"og:url\" content=\"https:\/\/www.ivinio.com\/fr\/produit\/chateau-fontainebleau-cartons-melange-2x3-bouteilles\/\" \/>\n<meta property=\"og:site_name\" content=\"IVINIO Caviste\" \/>\n<meta property=\"article:publisher\" content=\"https:\/\/www.facebook.com\/groups\/165217837022391\/?ref=bookmarks\" \/>\n<meta property=\"og:image\" content=\"https:\/\/www.ivinio.com\/wp-content\/uploads\/2024\/08\/Chateau-Fontainebleau-mix-IVINIO.jpg\" \/>\n\t<meta property=\"og:image:width\" content=\"500\" \/>\n\t<meta property=\"og:image:height\" content=\"500\" \/>\n\t<meta property=\"og:image:type\" content=\"image\/jpeg\" \/>\n<meta name=\"twitter:card\" content=\"summary_large_image\" \/>\n<script type=\"application\/ld+json\" class=\"yoast-schema-graph\">{\"@context\":\"https:\\\/\\\/schema.org\",\"@graph\":[{\"@type\":\"WebPage\",\"@id\":\"https:\\\/\\\/www.ivinio.com\\\/fr\\\/produit\\\/chateau-fontainebleau-cartons-melange-2x3-bouteilles\\\/\",\"url\":\"https:\\\/\\\/www.ivinio.com\\\/fr\\\/produit\\\/chateau-fontainebleau-cartons-melange-2x3-bouteilles\\\/\",\"name\":\"Ch\u00e2teau Fontainebleau - Cartons m\u00e9lang\u00e9 2x3 bouteilles - IVINIO Caviste\",\"isPartOf\":{\"@id\":\"https:\\\/\\\/www.ivinio.com\\\/fr\\\/#website\"},\"primaryImageOfPage\":{\"@id\":\"https:\\\/\\\/www.ivinio.com\\\/fr\\\/produit\\\/chateau-fontainebleau-cartons-melange-2x3-bouteilles\\\/#primaryimage\"},\"image\":{\"@id\":\"https:\\\/\\\/www.ivinio.com\\\/fr\\\/produit\\\/chateau-fontainebleau-cartons-melange-2x3-bouteilles\\\/#primaryimage\"},\"thumbnailUrl\":\"https:\\\/\\\/www.ivinio.com\\\/wp-content\\\/uploads\\\/2024\\\/08\\\/Chateau-Fontainebleau-mix-IVINIO.jpg\",\"datePublished\":\"2024-08-22T17:19:32+00:00\",\"description\":\"Ch\u00e2teau Fontainebleau - Carton m\u00e9lang\u00e9. Un coffret de d\u00e9gustation parfait avec 2 vins tr\u00e8s bien faits qui pourront \u00eatre servis \u00e0 des occasions tr\u00e8s diff\u00e9rentes !\",\"breadcrumb\":{\"@id\":\"https:\\\/\\\/www.ivinio.com\\\/fr\\\/produit\\\/chateau-fontainebleau-cartons-melange-2x3-bouteilles\\\/#breadcrumb\"},\"inLanguage\":\"fr-FR\",\"potentialAction\":[{\"@type\":\"ReadAction\",\"target\":[\"https:\\\/\\\/www.ivinio.com\\\/fr\\\/produit\\\/chateau-fontainebleau-cartons-melange-2x3-bouteilles\\\/\"]}]},{\"@type\":\"ImageObject\",\"inLanguage\":\"fr-FR\",\"@id\":\"https:\\\/\\\/www.ivinio.com\\\/fr\\\/produit\\\/chateau-fontainebleau-cartons-melange-2x3-bouteilles\\\/#primaryimage\",\"url\":\"https:\\\/\\\/www.ivinio.com\\\/wp-content\\\/uploads\\\/2024\\\/08\\\/Chateau-Fontainebleau-mix-IVINIO.jpg\",\"contentUrl\":\"https:\\\/\\\/www.ivinio.com\\\/wp-content\\\/uploads\\\/2024\\\/08\\\/Chateau-Fontainebleau-mix-IVINIO.jpg\",\"width\":500,\"height\":500},{\"@type\":\"BreadcrumbList\",\"@id\":\"https:\\\/\\\/www.ivinio.com\\\/fr\\\/produit\\\/chateau-fontainebleau-cartons-melange-2x3-bouteilles\\\/#breadcrumb\",\"itemListElement\":[{\"@type\":\"ListItem\",\"position\":1,\"name\":\"Home\",\"item\":\"https:\\\/\\\/www.ivinio.com\\\/fr\\\/\"},{\"@type\":\"ListItem\",\"position\":2,\"name\":\"Boutique de vin\",\"item\":\"https:\\\/\\\/www.ivinio.com\\\/fr\\\/boutique-de-vin\\\/\"},{\"@type\":\"ListItem\",\"position\":3,\"name\":\"Ch\u00e2teau Fontainebleau &#8211; Cartons m\u00e9lang\u00e9 2&#215;3 bouteilles\"}]},{\"@type\":\"WebSite\",\"@id\":\"https:\\\/\\\/www.ivinio.com\\\/fr\\\/#website\",\"url\":\"https:\\\/\\\/www.ivinio.com\\\/fr\\\/\",\"name\":\"IVINIO Caviste\",\"description\":\"Vins de France et d&#039;Italie avec livraison \u00e0 domicile\",\"publisher\":{\"@id\":\"https:\\\/\\\/www.ivinio.com\\\/fr\\\/#organization\"},\"potentialAction\":[{\"@type\":\"SearchAction\",\"target\":{\"@type\":\"EntryPoint\",\"urlTemplate\":\"https:\\\/\\\/www.ivinio.com\\\/fr\\\/?s={search_term_string}\"},\"query-input\":{\"@type\":\"PropertyValueSpecification\",\"valueRequired\":true,\"valueName\":\"search_term_string\"}}],\"inLanguage\":\"fr-FR\"},{\"@type\":\"Organization\",\"@id\":\"https:\\\/\\\/www.ivinio.com\\\/fr\\\/#organization\",\"name\":\"IVINIO\",\"url\":\"https:\\\/\\\/www.ivinio.com\\\/fr\\\/\",\"logo\":{\"@type\":\"ImageObject\",\"inLanguage\":\"fr-FR\",\"@id\":\"https:\\\/\\\/www.ivinio.com\\\/fr\\\/#\\\/schema\\\/logo\\\/image\\\/\",\"url\":\"https:\\\/\\\/www.ivinio.com\\\/wp-content\\\/uploads\\\/2021\\\/01\\\/Logo-Ivinio-v2.jpg\",\"contentUrl\":\"https:\\\/\\\/www.ivinio.com\\\/wp-content\\\/uploads\\\/2021\\\/01\\\/Logo-Ivinio-v2.jpg\",\"width\":1194,\"height\":1194,\"caption\":\"IVINIO\"},\"image\":{\"@id\":\"https:\\\/\\\/www.ivinio.com\\\/fr\\\/#\\\/schema\\\/logo\\\/image\\\/\"},\"sameAs\":[\"https:\\\/\\\/www.facebook.com\\\/groups\\\/165217837022391\\\/?ref=bookmarks\",\"https:\\\/\\\/www.instagram.com\\\/_ivinio_\\\/?hl=fr\"]}]}<\/script>\n<!-- \/ Yoast SEO plugin. -->","yoast_head_json":{"title":"Ch\u00e2teau Fontainebleau - Cartons m\u00e9lang\u00e9 2x3 bouteilles - IVINIO Caviste","description":"Ch\u00e2teau Fontainebleau - Carton m\u00e9lang\u00e9. Un coffret de d\u00e9gustation parfait avec 2 vins tr\u00e8s bien faits qui pourront \u00eatre servis \u00e0 des occasions tr\u00e8s diff\u00e9rentes !","robots":{"index":"index","follow":"follow","max-snippet":"max-snippet:-1","max-image-preview":"max-image-preview:large","max-video-preview":"max-video-preview:-1"},"canonical":"https:\/\/www.ivinio.com\/fr\/produit\/chateau-fontainebleau-cartons-melange-2x3-bouteilles\/","og_locale":"fr_FR","og_type":"article","og_title":"Ch\u00e2teau Fontainebleau - Cartons m\u00e9lang\u00e9 2x3 bouteilles - IVINIO Caviste","og_description":"Ch\u00e2teau Fontainebleau - Carton m\u00e9lang\u00e9. Un coffret de d\u00e9gustation parfait avec 2 vins tr\u00e8s bien faits qui pourront \u00eatre servis \u00e0 des occasions tr\u00e8s diff\u00e9rentes !","og_url":"https:\/\/www.ivinio.com\/fr\/produit\/chateau-fontainebleau-cartons-melange-2x3-bouteilles\/","og_site_name":"IVINIO Caviste","article_publisher":"https:\/\/www.facebook.com\/groups\/165217837022391\/?ref=bookmarks","og_image":[{"width":500,"height":500,"url":"https:\/\/www.ivinio.com\/wp-content\/uploads\/2024\/08\/Chateau-Fontainebleau-mix-IVINIO.jpg","type":"image\/jpeg"}],"twitter_card":"summary_large_image","schema":{"@context":"https:\/\/schema.org","@graph":[{"@type":"WebPage","@id":"https:\/\/www.ivinio.com\/fr\/produit\/chateau-fontainebleau-cartons-melange-2x3-bouteilles\/","url":"https:\/\/www.ivinio.com\/fr\/produit\/chateau-fontainebleau-cartons-melange-2x3-bouteilles\/","name":"Ch\u00e2teau Fontainebleau - Cartons m\u00e9lang\u00e9 2x3 bouteilles - IVINIO Caviste","isPartOf":{"@id":"https:\/\/www.ivinio.com\/fr\/#website"},"primaryImageOfPage":{"@id":"https:\/\/www.ivinio.com\/fr\/produit\/chateau-fontainebleau-cartons-melange-2x3-bouteilles\/#primaryimage"},"image":{"@id":"https:\/\/www.ivinio.com\/fr\/produit\/chateau-fontainebleau-cartons-melange-2x3-bouteilles\/#primaryimage"},"thumbnailUrl":"https:\/\/www.ivinio.com\/wp-content\/uploads\/2024\/08\/Chateau-Fontainebleau-mix-IVINIO.jpg","datePublished":"2024-08-22T17:19:32+00:00","description":"Ch\u00e2teau Fontainebleau - Carton m\u00e9lang\u00e9. Un coffret de d\u00e9gustation parfait avec 2 vins tr\u00e8s bien faits qui pourront \u00eatre servis \u00e0 des occasions tr\u00e8s diff\u00e9rentes !","breadcrumb":{"@id":"https:\/\/www.ivinio.com\/fr\/produit\/chateau-fontainebleau-cartons-melange-2x3-bouteilles\/#breadcrumb"},"inLanguage":"fr-FR","potentialAction":[{"@type":"ReadAction","target":["https:\/\/www.ivinio.com\/fr\/produit\/chateau-fontainebleau-cartons-melange-2x3-bouteilles\/"]}]},{"@type":"ImageObject","inLanguage":"fr-FR","@id":"https:\/\/www.ivinio.com\/fr\/produit\/chateau-fontainebleau-cartons-melange-2x3-bouteilles\/#primaryimage","url":"https:\/\/www.ivinio.com\/wp-content\/uploads\/2024\/08\/Chateau-Fontainebleau-mix-IVINIO.jpg","contentUrl":"https:\/\/www.ivinio.com\/wp-content\/uploads\/2024\/08\/Chateau-Fontainebleau-mix-IVINIO.jpg","width":500,"height":500},{"@type":"BreadcrumbList","@id":"https:\/\/www.ivinio.com\/fr\/produit\/chateau-fontainebleau-cartons-melange-2x3-bouteilles\/#breadcrumb","itemListElement":[{"@type":"ListItem","position":1,"name":"Home","item":"https:\/\/www.ivinio.com\/fr\/"},{"@type":"ListItem","position":2,"name":"Boutique de vin","item":"https:\/\/www.ivinio.com\/fr\/boutique-de-vin\/"},{"@type":"ListItem","position":3,"name":"Ch\u00e2teau Fontainebleau &#8211; Cartons m\u00e9lang\u00e9 2&#215;3 bouteilles"}]},{"@type":"WebSite","@id":"https:\/\/www.ivinio.com\/fr\/#website","url":"https:\/\/www.ivinio.com\/fr\/","name":"IVINIO Caviste","description":"Vins de France et d&#039;Italie avec livraison \u00e0 domicile","publisher":{"@id":"https:\/\/www.ivinio.com\/fr\/#organization"},"potentialAction":[{"@type":"SearchAction","target":{"@type":"EntryPoint","urlTemplate":"https:\/\/www.ivinio.com\/fr\/?s={search_term_string}"},"query-input":{"@type":"PropertyValueSpecification","valueRequired":true,"valueName":"search_term_string"}}],"inLanguage":"fr-FR"},{"@type":"Organization","@id":"https:\/\/www.ivinio.com\/fr\/#organization","name":"IVINIO","url":"https:\/\/www.ivinio.com\/fr\/","logo":{"@type":"ImageObject","inLanguage":"fr-FR","@id":"https:\/\/www.ivinio.com\/fr\/#\/schema\/logo\/image\/","url":"https:\/\/www.ivinio.com\/wp-content\/uploads\/2021\/01\/Logo-Ivinio-v2.jpg","contentUrl":"https:\/\/www.ivinio.com\/wp-content\/uploads\/2021\/01\/Logo-Ivinio-v2.jpg","width":1194,"height":1194,"caption":"IVINIO"},"image":{"@id":"https:\/\/www.ivinio.com\/fr\/#\/schema\/logo\/image\/"},"sameAs":["https:\/\/www.facebook.com\/groups\/165217837022391\/?ref=bookmarks","https:\/\/www.instagram.com\/_ivinio_\/?hl=fr"]}]}},"jetpack_sharing_enabled":true,"_links":{"self":[{"href":"https:\/\/www.ivinio.com\/fr\/wp-json\/wp\/v2\/product\/135883","targetHints":{"allow":["GET"]}}],"collection":[{"href":"https:\/\/www.ivinio.com\/fr\/wp-json\/wp\/v2\/product"}],"about":[{"href":"https:\/\/www.ivinio.com\/fr\/wp-json\/wp\/v2\/types\/product"}],"replies":[{"embeddable":true,"href":"https:\/\/www.ivinio.com\/fr\/wp-json\/wp\/v2\/comments?post=135883"}],"wp:featuredmedia":[{"embeddable":true,"href":"https:\/\/www.ivinio.com\/fr\/wp-json\/wp\/v2\/media\/135863"}],"wp:attachment":[{"href":"https:\/\/www.ivinio.com\/fr\/wp-json\/wp\/v2\/media?parent=135883"}],"wp:term":[{"taxonomy":"product_brand","embeddable":true,"href":"https:\/\/www.ivinio.com\/fr\/wp-json\/wp\/v2\/product_brand?post=135883"},{"taxonomy":"product_cat","embeddable":true,"href":"https:\/\/www.ivinio.com\/fr\/wp-json\/wp\/v2\/product_cat?post=135883"},{"taxonomy":"product_tag","embeddable":true,"href":"https:\/\/www.ivinio.com\/fr\/wp-json\/wp\/v2\/product_tag?post=135883"}],"curies":[{"name":"wp","href":"https:\/\/api.w.org\/{rel}","templated":true}]}}