{"id":135850,"date":"2024-08-09T17:52:48","date_gmt":"2024-08-09T15:53:06","guid":{"rendered":"https:\/\/www.ivinio.com\/?post_type=product&#038;p=135850"},"modified":"2024-08-22T18:28:57","modified_gmt":"2024-08-22T16:28:57","slug":"chateau-fontainebleau-rose","status":"publish","type":"product","link":"https:\/\/www.ivinio.com\/fr\/produit\/chateau-fontainebleau-rose\/","title":{"rendered":"Ch\u00e2teau Fontainebleau &#8211; Ros\u00e9"},"content":{"rendered":"<div class=\"n4sEPd\">\n<div class=\"QFw9Te BLojaf\">\n<div class=\"D5aOJc vJwDU\">Ch\u00e2teau Fontainebleau &#8211; Ros\u00e9 est compos\u00e9 de 80% de Grenache, 10% de Cinsault et 10% de Syrah. Les raisins sont vendang\u00e9s manuellement \u00e0 maturit\u00e9 optimale, g\u00e9n\u00e9ralement t\u00f4t le matin pour pr\u00e9server la fra\u00eecheur et les ar\u00f4mes. Un tri minutieux est effectu\u00e9 aussi bien \u00e0 la vigne qu&#8217;\u00e0 l&#8217;arriv\u00e9e au chai pour garantir que seuls les meilleurs raisins soient utilis\u00e9s. Les raisins sont \u00e9grapp\u00e9s et foul\u00e9s soigneusement. Le pressurage s\u00e9pare le jus des peaux et des graines. Le mo\u00fbt clair fermente \u00e0 basse temp\u00e9rature (environ 16-18\u00b0C) dans des cuves en acier inoxydable. La fermentation \u00e0 basse temp\u00e9rature permet de pr\u00e9server les ar\u00f4mes fruit\u00e9s et floraux du vin.<\/div>\n<\/div>\n<\/div>\n","protected":false},"excerpt":{"rendered":"<p>Un vin ros\u00e9 de Provence clair, \u00e9l\u00e9gant et gastronomique !<\/p>\n","protected":false},"featured_media":135853,"comment_status":"open","ping_status":"closed","template":"","meta":{"_monsterinsights_skip_tracking":false,"_monsterinsights_sitenote_active":false,"_monsterinsights_sitenote_note":"","_monsterinsights_sitenote_category":0,"_uf_show_specific_survey":0,"_uf_disable_surveys":false},"product_brand":[],"product_cat":[36622,36586],"product_tag":[],"class_list":{"0":"post-135850","1":"product","2":"type-product","3":"status-publish","4":"has-post-thumbnail","6":"product_cat-fr-provence","7":"product_cat-vins-francais","8":"pa_classification-aop-cotes-de-provence-fr","9":"pa_color-rose-fr","10":"pa_country-france-fr","11":"pa_grape-variety-grenache-fr","12":"pa_grape-variety-syrah-fr","13":"pa_region-provence-fr","14":"pa_storage-potential-3-ans-fr","15":"pa_vintage-2022-fr","16":"pa_volume-75-cl-fr","18":"first","19":"outofstock","20":"sale","21":"taxable","22":"shipping-taxable","23":"purchasable","24":"product-type-simple"},"bundled_by":["135883"],"bundle_stock_status":"outofstock","bundle_stock_quantity":null,"bundle_virtual":false,"bundle_layout":"","bundle_add_to_cart_form_location":"","bundle_editable_in_cart":false,"bundle_sold_individually_context":"","bundle_item_grouping":"","bundle_min_size":"","bundle_max_size":"","bundle_price":[],"bundled_items":[],"bundle_sell_ids":[],"yoast_head":"<!-- This site is optimized with the Yoast SEO plugin v27.6 - https:\/\/yoast.com\/product\/yoast-seo-wordpress\/ -->\n<title>Ch\u00e2teau Fontainebleau - Ros\u00e9 - IVINIO Caviste<\/title>\n<meta name=\"description\" content=\"Ch\u00e2teau Fontainebleau - Ros\u00e9. Rond, fruit\u00e9 et \u00e9l\u00e9gant, un v\u00e9ritable ros\u00e9 de gastronomie \u00e0 d\u00e9guster au cours d&#039;un repas, avec des plats de viandes et de poissons.\" \/>\n<meta name=\"robots\" content=\"index, follow, max-snippet:-1, max-image-preview:large, max-video-preview:-1\" \/>\n<link rel=\"canonical\" href=\"https:\/\/www.ivinio.com\/fr\/produit\/chateau-fontainebleau-rose\/\" \/>\n<meta property=\"og:locale\" content=\"fr_FR\" \/>\n<meta property=\"og:type\" content=\"article\" \/>\n<meta property=\"og:title\" content=\"Ch\u00e2teau Fontainebleau - Ros\u00e9 - IVINIO Caviste\" \/>\n<meta property=\"og:description\" content=\"Ch\u00e2teau Fontainebleau - Ros\u00e9. Rond, fruit\u00e9 et \u00e9l\u00e9gant, un v\u00e9ritable ros\u00e9 de gastronomie \u00e0 d\u00e9guster au cours d&#039;un repas, avec des plats de viandes et de poissons.\" \/>\n<meta property=\"og:url\" content=\"https:\/\/www.ivinio.com\/fr\/produit\/chateau-fontainebleau-rose\/\" \/>\n<meta property=\"og:site_name\" content=\"IVINIO Caviste\" \/>\n<meta property=\"article:publisher\" content=\"https:\/\/www.facebook.com\/groups\/165217837022391\/?ref=bookmarks\" \/>\n<meta property=\"article:modified_time\" content=\"2024-08-22T16:28:57+00:00\" \/>\n<meta property=\"og:image\" content=\"https:\/\/www.ivinio.com\/wp-content\/uploads\/2024\/08\/Chateau-Fontainebleau-rose-IVINIO.jpg\" \/>\n\t<meta property=\"og:image:width\" content=\"500\" \/>\n\t<meta property=\"og:image:height\" content=\"500\" \/>\n\t<meta property=\"og:image:type\" content=\"image\/jpeg\" \/>\n<meta name=\"twitter:card\" content=\"summary_large_image\" \/>\n<meta name=\"twitter:label1\" content=\"Dur\u00e9e de lecture estim\u00e9e\" \/>\n\t<meta name=\"twitter:data1\" content=\"1 minute\" \/>\n<script type=\"application\/ld+json\" class=\"yoast-schema-graph\">{\"@context\":\"https:\\\/\\\/schema.org\",\"@graph\":[{\"@type\":\"WebPage\",\"@id\":\"https:\\\/\\\/www.ivinio.com\\\/fr\\\/produit\\\/chateau-fontainebleau-rose\\\/\",\"url\":\"https:\\\/\\\/www.ivinio.com\\\/fr\\\/produit\\\/chateau-fontainebleau-rose\\\/\",\"name\":\"Ch\u00e2teau Fontainebleau - Ros\u00e9 - IVINIO Caviste\",\"isPartOf\":{\"@id\":\"https:\\\/\\\/www.ivinio.com\\\/fr\\\/#website\"},\"primaryImageOfPage\":{\"@id\":\"https:\\\/\\\/www.ivinio.com\\\/fr\\\/produit\\\/chateau-fontainebleau-rose\\\/#primaryimage\"},\"image\":{\"@id\":\"https:\\\/\\\/www.ivinio.com\\\/fr\\\/produit\\\/chateau-fontainebleau-rose\\\/#primaryimage\"},\"thumbnailUrl\":\"https:\\\/\\\/www.ivinio.com\\\/wp-content\\\/uploads\\\/2024\\\/08\\\/Chateau-Fontainebleau-rose-IVINIO.jpg\",\"datePublished\":\"2024-08-09T15:53:06+00:00\",\"dateModified\":\"2024-08-22T16:28:57+00:00\",\"description\":\"Ch\u00e2teau Fontainebleau - Ros\u00e9. Rond, fruit\u00e9 et \u00e9l\u00e9gant, un v\u00e9ritable ros\u00e9 de gastronomie \u00e0 d\u00e9guster au cours d'un repas, avec des plats de viandes et de poissons.\",\"breadcrumb\":{\"@id\":\"https:\\\/\\\/www.ivinio.com\\\/fr\\\/produit\\\/chateau-fontainebleau-rose\\\/#breadcrumb\"},\"inLanguage\":\"fr-FR\",\"potentialAction\":[{\"@type\":\"ReadAction\",\"target\":[\"https:\\\/\\\/www.ivinio.com\\\/fr\\\/produit\\\/chateau-fontainebleau-rose\\\/\"]}]},{\"@type\":\"ImageObject\",\"inLanguage\":\"fr-FR\",\"@id\":\"https:\\\/\\\/www.ivinio.com\\\/fr\\\/produit\\\/chateau-fontainebleau-rose\\\/#primaryimage\",\"url\":\"https:\\\/\\\/www.ivinio.com\\\/wp-content\\\/uploads\\\/2024\\\/08\\\/Chateau-Fontainebleau-rose-IVINIO.jpg\",\"contentUrl\":\"https:\\\/\\\/www.ivinio.com\\\/wp-content\\\/uploads\\\/2024\\\/08\\\/Chateau-Fontainebleau-rose-IVINIO.jpg\",\"width\":500,\"height\":500},{\"@type\":\"BreadcrumbList\",\"@id\":\"https:\\\/\\\/www.ivinio.com\\\/fr\\\/produit\\\/chateau-fontainebleau-rose\\\/#breadcrumb\",\"itemListElement\":[{\"@type\":\"ListItem\",\"position\":1,\"name\":\"Home\",\"item\":\"https:\\\/\\\/www.ivinio.com\\\/fr\\\/\"},{\"@type\":\"ListItem\",\"position\":2,\"name\":\"Boutique de vin\",\"item\":\"https:\\\/\\\/www.ivinio.com\\\/fr\\\/boutique-de-vin\\\/\"},{\"@type\":\"ListItem\",\"position\":3,\"name\":\"Ch\u00e2teau Fontainebleau &#8211; Ros\u00e9\"}]},{\"@type\":\"WebSite\",\"@id\":\"https:\\\/\\\/www.ivinio.com\\\/fr\\\/#website\",\"url\":\"https:\\\/\\\/www.ivinio.com\\\/fr\\\/\",\"name\":\"IVINIO Caviste\",\"description\":\"Vins de France et d&#039;Italie avec livraison \u00e0 domicile\",\"publisher\":{\"@id\":\"https:\\\/\\\/www.ivinio.com\\\/fr\\\/#organization\"},\"potentialAction\":[{\"@type\":\"SearchAction\",\"target\":{\"@type\":\"EntryPoint\",\"urlTemplate\":\"https:\\\/\\\/www.ivinio.com\\\/fr\\\/?s={search_term_string}\"},\"query-input\":{\"@type\":\"PropertyValueSpecification\",\"valueRequired\":true,\"valueName\":\"search_term_string\"}}],\"inLanguage\":\"fr-FR\"},{\"@type\":\"Organization\",\"@id\":\"https:\\\/\\\/www.ivinio.com\\\/fr\\\/#organization\",\"name\":\"IVINIO\",\"url\":\"https:\\\/\\\/www.ivinio.com\\\/fr\\\/\",\"logo\":{\"@type\":\"ImageObject\",\"inLanguage\":\"fr-FR\",\"@id\":\"https:\\\/\\\/www.ivinio.com\\\/fr\\\/#\\\/schema\\\/logo\\\/image\\\/\",\"url\":\"https:\\\/\\\/www.ivinio.com\\\/wp-content\\\/uploads\\\/2021\\\/01\\\/Logo-Ivinio-v2.jpg\",\"contentUrl\":\"https:\\\/\\\/www.ivinio.com\\\/wp-content\\\/uploads\\\/2021\\\/01\\\/Logo-Ivinio-v2.jpg\",\"width\":1194,\"height\":1194,\"caption\":\"IVINIO\"},\"image\":{\"@id\":\"https:\\\/\\\/www.ivinio.com\\\/fr\\\/#\\\/schema\\\/logo\\\/image\\\/\"},\"sameAs\":[\"https:\\\/\\\/www.facebook.com\\\/groups\\\/165217837022391\\\/?ref=bookmarks\",\"https:\\\/\\\/www.instagram.com\\\/_ivinio_\\\/?hl=fr\"]}]}<\/script>\n<!-- \/ Yoast SEO plugin. -->","yoast_head_json":{"title":"Ch\u00e2teau Fontainebleau - Ros\u00e9 - IVINIO Caviste","description":"Ch\u00e2teau Fontainebleau - Ros\u00e9. Rond, fruit\u00e9 et \u00e9l\u00e9gant, un v\u00e9ritable ros\u00e9 de gastronomie \u00e0 d\u00e9guster au cours d'un repas, avec des plats de viandes et de poissons.","robots":{"index":"index","follow":"follow","max-snippet":"max-snippet:-1","max-image-preview":"max-image-preview:large","max-video-preview":"max-video-preview:-1"},"canonical":"https:\/\/www.ivinio.com\/fr\/produit\/chateau-fontainebleau-rose\/","og_locale":"fr_FR","og_type":"article","og_title":"Ch\u00e2teau Fontainebleau - Ros\u00e9 - IVINIO Caviste","og_description":"Ch\u00e2teau Fontainebleau - Ros\u00e9. Rond, fruit\u00e9 et \u00e9l\u00e9gant, un v\u00e9ritable ros\u00e9 de gastronomie \u00e0 d\u00e9guster au cours d'un repas, avec des plats de viandes et de poissons.","og_url":"https:\/\/www.ivinio.com\/fr\/produit\/chateau-fontainebleau-rose\/","og_site_name":"IVINIO Caviste","article_publisher":"https:\/\/www.facebook.com\/groups\/165217837022391\/?ref=bookmarks","article_modified_time":"2024-08-22T16:28:57+00:00","og_image":[{"width":500,"height":500,"url":"https:\/\/www.ivinio.com\/wp-content\/uploads\/2024\/08\/Chateau-Fontainebleau-rose-IVINIO.jpg","type":"image\/jpeg"}],"twitter_card":"summary_large_image","twitter_misc":{"Dur\u00e9e de lecture estim\u00e9e":"1 minute"},"schema":{"@context":"https:\/\/schema.org","@graph":[{"@type":"WebPage","@id":"https:\/\/www.ivinio.com\/fr\/produit\/chateau-fontainebleau-rose\/","url":"https:\/\/www.ivinio.com\/fr\/produit\/chateau-fontainebleau-rose\/","name":"Ch\u00e2teau Fontainebleau - Ros\u00e9 - IVINIO Caviste","isPartOf":{"@id":"https:\/\/www.ivinio.com\/fr\/#website"},"primaryImageOfPage":{"@id":"https:\/\/www.ivinio.com\/fr\/produit\/chateau-fontainebleau-rose\/#primaryimage"},"image":{"@id":"https:\/\/www.ivinio.com\/fr\/produit\/chateau-fontainebleau-rose\/#primaryimage"},"thumbnailUrl":"https:\/\/www.ivinio.com\/wp-content\/uploads\/2024\/08\/Chateau-Fontainebleau-rose-IVINIO.jpg","datePublished":"2024-08-09T15:53:06+00:00","dateModified":"2024-08-22T16:28:57+00:00","description":"Ch\u00e2teau Fontainebleau - Ros\u00e9. Rond, fruit\u00e9 et \u00e9l\u00e9gant, un v\u00e9ritable ros\u00e9 de gastronomie \u00e0 d\u00e9guster au cours d'un repas, avec des plats de viandes et de poissons.","breadcrumb":{"@id":"https:\/\/www.ivinio.com\/fr\/produit\/chateau-fontainebleau-rose\/#breadcrumb"},"inLanguage":"fr-FR","potentialAction":[{"@type":"ReadAction","target":["https:\/\/www.ivinio.com\/fr\/produit\/chateau-fontainebleau-rose\/"]}]},{"@type":"ImageObject","inLanguage":"fr-FR","@id":"https:\/\/www.ivinio.com\/fr\/produit\/chateau-fontainebleau-rose\/#primaryimage","url":"https:\/\/www.ivinio.com\/wp-content\/uploads\/2024\/08\/Chateau-Fontainebleau-rose-IVINIO.jpg","contentUrl":"https:\/\/www.ivinio.com\/wp-content\/uploads\/2024\/08\/Chateau-Fontainebleau-rose-IVINIO.jpg","width":500,"height":500},{"@type":"BreadcrumbList","@id":"https:\/\/www.ivinio.com\/fr\/produit\/chateau-fontainebleau-rose\/#breadcrumb","itemListElement":[{"@type":"ListItem","position":1,"name":"Home","item":"https:\/\/www.ivinio.com\/fr\/"},{"@type":"ListItem","position":2,"name":"Boutique de vin","item":"https:\/\/www.ivinio.com\/fr\/boutique-de-vin\/"},{"@type":"ListItem","position":3,"name":"Ch\u00e2teau Fontainebleau &#8211; Ros\u00e9"}]},{"@type":"WebSite","@id":"https:\/\/www.ivinio.com\/fr\/#website","url":"https:\/\/www.ivinio.com\/fr\/","name":"IVINIO Caviste","description":"Vins de France et d&#039;Italie avec livraison \u00e0 domicile","publisher":{"@id":"https:\/\/www.ivinio.com\/fr\/#organization"},"potentialAction":[{"@type":"SearchAction","target":{"@type":"EntryPoint","urlTemplate":"https:\/\/www.ivinio.com\/fr\/?s={search_term_string}"},"query-input":{"@type":"PropertyValueSpecification","valueRequired":true,"valueName":"search_term_string"}}],"inLanguage":"fr-FR"},{"@type":"Organization","@id":"https:\/\/www.ivinio.com\/fr\/#organization","name":"IVINIO","url":"https:\/\/www.ivinio.com\/fr\/","logo":{"@type":"ImageObject","inLanguage":"fr-FR","@id":"https:\/\/www.ivinio.com\/fr\/#\/schema\/logo\/image\/","url":"https:\/\/www.ivinio.com\/wp-content\/uploads\/2021\/01\/Logo-Ivinio-v2.jpg","contentUrl":"https:\/\/www.ivinio.com\/wp-content\/uploads\/2021\/01\/Logo-Ivinio-v2.jpg","width":1194,"height":1194,"caption":"IVINIO"},"image":{"@id":"https:\/\/www.ivinio.com\/fr\/#\/schema\/logo\/image\/"},"sameAs":["https:\/\/www.facebook.com\/groups\/165217837022391\/?ref=bookmarks","https:\/\/www.instagram.com\/_ivinio_\/?hl=fr"]}]}},"jetpack_sharing_enabled":true,"_links":{"self":[{"href":"https:\/\/www.ivinio.com\/fr\/wp-json\/wp\/v2\/product\/135850","targetHints":{"allow":["GET"]}}],"collection":[{"href":"https:\/\/www.ivinio.com\/fr\/wp-json\/wp\/v2\/product"}],"about":[{"href":"https:\/\/www.ivinio.com\/fr\/wp-json\/wp\/v2\/types\/product"}],"replies":[{"embeddable":true,"href":"https:\/\/www.ivinio.com\/fr\/wp-json\/wp\/v2\/comments?post=135850"}],"wp:featuredmedia":[{"embeddable":true,"href":"https:\/\/www.ivinio.com\/fr\/wp-json\/wp\/v2\/media\/135853"}],"wp:attachment":[{"href":"https:\/\/www.ivinio.com\/fr\/wp-json\/wp\/v2\/media?parent=135850"}],"wp:term":[{"taxonomy":"product_brand","embeddable":true,"href":"https:\/\/www.ivinio.com\/fr\/wp-json\/wp\/v2\/product_brand?post=135850"},{"taxonomy":"product_cat","embeddable":true,"href":"https:\/\/www.ivinio.com\/fr\/wp-json\/wp\/v2\/product_cat?post=135850"},{"taxonomy":"product_tag","embeddable":true,"href":"https:\/\/www.ivinio.com\/fr\/wp-json\/wp\/v2\/product_tag?post=135850"}],"curies":[{"name":"wp","href":"https:\/\/api.w.org\/{rel}","templated":true}]}}