{"id":135830,"date":"2024-07-27T14:06:15","date_gmt":"2024-08-01T10:22:54","guid":{"rendered":"https:\/\/www.ivinio.com\/product\/stefano-accordini-acinatico-amarone-della-valpolicella-rouge\/"},"modified":"2024-08-01T12:30:06","modified_gmt":"2024-08-01T10:30:06","slug":"stefano-accordini-acinatico-amarone-della-valpolicella-rouge","status":"publish","type":"product","link":"https:\/\/www.ivinio.com\/fr\/produit\/stefano-accordini-acinatico-amarone-della-valpolicella-rouge\/","title":{"rendered":"Stefano Accordini &#8211; Acinatico &#8211; Amarone della Valpolicella &#8211; Rouge"},"content":{"rendered":"<p>Stefano Accordini &#8211; Acinatico &#8211; Amarone della Valpolicella &#8211; Vin rouge compos\u00e9 de Corvina Veronese, Rondinella et Molinara. Apr\u00e8s les vendanges, les raisins sont tri\u00e9s, s\u00e9lectionn\u00e9s et mis en caisses de 6 kg qui sont plac\u00e9s en cave \u00e0 fruits pour le s\u00e9chage. Lors du s\u00e9chage des raisins, une s\u00e9rie de processus biochimiques, dont le Botrytis Nobile, convertissent une partie du sucre en glyc\u00e9rine. Apr\u00e8s pressurage des raisins secs, la mac\u00e9ration et la fermentation alcoolique donnent vie \u00e0 un vin tr\u00e8s structur\u00e9 et incroyablement riche en ar\u00f4mes. Ensuite, le vin est \u00e9lev\u00e9 pendant 2 ans dans de grands f\u00fbts de ch\u00eane.<\/p>\n","protected":false},"excerpt":{"rendered":"<p>Un Amarone Classico cors\u00e9 avec des notes de cerises noires, de fruits trop m\u00fbrs et d&#8217;\u00e9pices.<\/p>\n","protected":false},"featured_media":135799,"comment_status":"open","ping_status":"closed","template":"","meta":{"_monsterinsights_skip_tracking":false,"_monsterinsights_sitenote_active":false,"_monsterinsights_sitenote_note":"","_monsterinsights_sitenote_category":0,"_uf_show_specific_survey":0,"_uf_disable_surveys":false},"product_brand":[],"product_cat":[36592,36589],"product_tag":[],"class_list":{"0":"post-135830","1":"product","2":"type-product","3":"status-publish","4":"has-post-thumbnail","6":"product_cat-fr-veneto-friuli","7":"product_cat-vins-italiens","8":"pa_alcohol-degree-16-fr","9":"pa_classification-docg-amarone-della-valpolicella-classico-fr","10":"pa_color-rouge-fr","11":"pa_country-italie-fr","12":"pa_grape-variety-corvina-fr","13":"pa_grape-variety-molinara-fr","14":"pa_grape-variety-rondinella-fr","15":"pa_package-1x1-fr","16":"pa_package-1x6-fr","17":"pa_region-veneto-fr","18":"pa_storage-potential-plus-de-10-ans-fr","19":"pa_vintage-2020-fr","20":"pa_volume-75-cl-fr","22":"first","23":"instock","24":"taxable","25":"shipping-taxable","26":"purchasable","27":"product-type-variable"},"bundled_by":[],"bundle_stock_status":"instock","bundle_stock_quantity":null,"bundle_virtual":false,"bundle_layout":"","bundle_add_to_cart_form_location":"","bundle_editable_in_cart":false,"bundle_sold_individually_context":"","bundle_item_grouping":"","bundle_min_size":"","bundle_max_size":"","bundle_price":[],"bundled_items":[],"bundle_sell_ids":[],"yoast_head":"<!-- This site is optimized with the Yoast SEO plugin v27.5 - https:\/\/yoast.com\/product\/yoast-seo-wordpress\/ -->\n<title>Stefano Accordini - Acinatico - Amarone della Valpolicella - Rouge - IVINIO Caviste<\/title>\n<meta name=\"description\" content=\"Stefano Accordini - Acinatico - Amarone della Valpolicella - Rouge. Notes de cerises noires, de fruits trop m\u00fbrs et d&#039;\u00e9pices.\" \/>\n<meta name=\"robots\" content=\"index, follow, max-snippet:-1, max-image-preview:large, max-video-preview:-1\" \/>\n<link rel=\"canonical\" href=\"https:\/\/www.ivinio.com\/fr\/produit\/stefano-accordini-acinatico-amarone-della-valpolicella-rouge\/\" \/>\n<meta property=\"og:locale\" content=\"fr_FR\" \/>\n<meta property=\"og:type\" content=\"article\" \/>\n<meta property=\"og:title\" content=\"Stefano Accordini - Acinatico - Amarone della Valpolicella - Rouge - IVINIO Caviste\" \/>\n<meta property=\"og:description\" content=\"Stefano Accordini - Acinatico - Amarone della Valpolicella - Rouge. Notes de cerises noires, de fruits trop m\u00fbrs et d&#039;\u00e9pices.\" \/>\n<meta property=\"og:url\" content=\"https:\/\/www.ivinio.com\/fr\/produit\/stefano-accordini-acinatico-amarone-della-valpolicella-rouge\/\" \/>\n<meta property=\"og:site_name\" content=\"IVINIO Caviste\" \/>\n<meta property=\"article:publisher\" content=\"https:\/\/www.facebook.com\/groups\/165217837022391\/?ref=bookmarks\" \/>\n<meta property=\"article:modified_time\" content=\"2024-08-01T10:30:06+00:00\" \/>\n<meta property=\"og:image\" content=\"https:\/\/www.ivinio.com\/wp-content\/uploads\/2024\/07\/Stefano-Accordini-Acinatico-Amarone-classico-IVINIO.jpg\" \/>\n\t<meta property=\"og:image:width\" content=\"500\" \/>\n\t<meta property=\"og:image:height\" content=\"500\" \/>\n\t<meta property=\"og:image:type\" content=\"image\/jpeg\" \/>\n<meta name=\"twitter:card\" content=\"summary_large_image\" \/>\n<meta name=\"twitter:label1\" content=\"Dur\u00e9e de lecture estim\u00e9e\" \/>\n\t<meta name=\"twitter:data1\" content=\"1 minute\" \/>\n<script type=\"application\/ld+json\" class=\"yoast-schema-graph\">{\"@context\":\"https:\\\/\\\/schema.org\",\"@graph\":[{\"@type\":\"WebPage\",\"@id\":\"https:\\\/\\\/www.ivinio.com\\\/fr\\\/produit\\\/stefano-accordini-acinatico-amarone-della-valpolicella-rouge\\\/\",\"url\":\"https:\\\/\\\/www.ivinio.com\\\/fr\\\/produit\\\/stefano-accordini-acinatico-amarone-della-valpolicella-rouge\\\/\",\"name\":\"Stefano Accordini - Acinatico - Amarone della Valpolicella - Rouge - IVINIO Caviste\",\"isPartOf\":{\"@id\":\"https:\\\/\\\/www.ivinio.com\\\/fr\\\/#website\"},\"primaryImageOfPage\":{\"@id\":\"https:\\\/\\\/www.ivinio.com\\\/fr\\\/produit\\\/stefano-accordini-acinatico-amarone-della-valpolicella-rouge\\\/#primaryimage\"},\"image\":{\"@id\":\"https:\\\/\\\/www.ivinio.com\\\/fr\\\/produit\\\/stefano-accordini-acinatico-amarone-della-valpolicella-rouge\\\/#primaryimage\"},\"thumbnailUrl\":\"https:\\\/\\\/www.ivinio.com\\\/wp-content\\\/uploads\\\/2024\\\/07\\\/Stefano-Accordini-Acinatico-Amarone-classico-IVINIO.jpg\",\"datePublished\":\"2024-08-01T10:22:54+00:00\",\"dateModified\":\"2024-08-01T10:30:06+00:00\",\"description\":\"Stefano Accordini - Acinatico - Amarone della Valpolicella - Rouge. Notes de cerises noires, de fruits trop m\u00fbrs et d'\u00e9pices.\",\"breadcrumb\":{\"@id\":\"https:\\\/\\\/www.ivinio.com\\\/fr\\\/produit\\\/stefano-accordini-acinatico-amarone-della-valpolicella-rouge\\\/#breadcrumb\"},\"inLanguage\":\"fr-FR\",\"potentialAction\":[{\"@type\":\"ReadAction\",\"target\":[\"https:\\\/\\\/www.ivinio.com\\\/fr\\\/produit\\\/stefano-accordini-acinatico-amarone-della-valpolicella-rouge\\\/\"]}]},{\"@type\":\"ImageObject\",\"inLanguage\":\"fr-FR\",\"@id\":\"https:\\\/\\\/www.ivinio.com\\\/fr\\\/produit\\\/stefano-accordini-acinatico-amarone-della-valpolicella-rouge\\\/#primaryimage\",\"url\":\"https:\\\/\\\/www.ivinio.com\\\/wp-content\\\/uploads\\\/2024\\\/07\\\/Stefano-Accordini-Acinatico-Amarone-classico-IVINIO.jpg\",\"contentUrl\":\"https:\\\/\\\/www.ivinio.com\\\/wp-content\\\/uploads\\\/2024\\\/07\\\/Stefano-Accordini-Acinatico-Amarone-classico-IVINIO.jpg\",\"width\":500,\"height\":500},{\"@type\":\"BreadcrumbList\",\"@id\":\"https:\\\/\\\/www.ivinio.com\\\/fr\\\/produit\\\/stefano-accordini-acinatico-amarone-della-valpolicella-rouge\\\/#breadcrumb\",\"itemListElement\":[{\"@type\":\"ListItem\",\"position\":1,\"name\":\"Home\",\"item\":\"https:\\\/\\\/www.ivinio.com\\\/fr\\\/\"},{\"@type\":\"ListItem\",\"position\":2,\"name\":\"Boutique de vin\",\"item\":\"https:\\\/\\\/www.ivinio.com\\\/fr\\\/boutique-de-vin\\\/\"},{\"@type\":\"ListItem\",\"position\":3,\"name\":\"Stefano Accordini &#8211; Acinatico &#8211; Amarone della Valpolicella &#8211; Rouge\"}]},{\"@type\":\"WebSite\",\"@id\":\"https:\\\/\\\/www.ivinio.com\\\/fr\\\/#website\",\"url\":\"https:\\\/\\\/www.ivinio.com\\\/fr\\\/\",\"name\":\"IVINIO Caviste\",\"description\":\"Vins de France et d&#039;Italie avec livraison \u00e0 domicile\",\"publisher\":{\"@id\":\"https:\\\/\\\/www.ivinio.com\\\/fr\\\/#organization\"},\"potentialAction\":[{\"@type\":\"SearchAction\",\"target\":{\"@type\":\"EntryPoint\",\"urlTemplate\":\"https:\\\/\\\/www.ivinio.com\\\/fr\\\/?s={search_term_string}\"},\"query-input\":{\"@type\":\"PropertyValueSpecification\",\"valueRequired\":true,\"valueName\":\"search_term_string\"}}],\"inLanguage\":\"fr-FR\"},{\"@type\":\"Organization\",\"@id\":\"https:\\\/\\\/www.ivinio.com\\\/fr\\\/#organization\",\"name\":\"IVINIO\",\"url\":\"https:\\\/\\\/www.ivinio.com\\\/fr\\\/\",\"logo\":{\"@type\":\"ImageObject\",\"inLanguage\":\"fr-FR\",\"@id\":\"https:\\\/\\\/www.ivinio.com\\\/fr\\\/#\\\/schema\\\/logo\\\/image\\\/\",\"url\":\"https:\\\/\\\/www.ivinio.com\\\/wp-content\\\/uploads\\\/2021\\\/01\\\/Logo-Ivinio-v2.jpg\",\"contentUrl\":\"https:\\\/\\\/www.ivinio.com\\\/wp-content\\\/uploads\\\/2021\\\/01\\\/Logo-Ivinio-v2.jpg\",\"width\":1194,\"height\":1194,\"caption\":\"IVINIO\"},\"image\":{\"@id\":\"https:\\\/\\\/www.ivinio.com\\\/fr\\\/#\\\/schema\\\/logo\\\/image\\\/\"},\"sameAs\":[\"https:\\\/\\\/www.facebook.com\\\/groups\\\/165217837022391\\\/?ref=bookmarks\",\"https:\\\/\\\/www.instagram.com\\\/_ivinio_\\\/?hl=fr\"]}]}<\/script>\n<!-- \/ Yoast SEO plugin. -->","yoast_head_json":{"title":"Stefano Accordini - Acinatico - Amarone della Valpolicella - Rouge - IVINIO Caviste","description":"Stefano Accordini - Acinatico - Amarone della Valpolicella - Rouge. Notes de cerises noires, de fruits trop m\u00fbrs et d'\u00e9pices.","robots":{"index":"index","follow":"follow","max-snippet":"max-snippet:-1","max-image-preview":"max-image-preview:large","max-video-preview":"max-video-preview:-1"},"canonical":"https:\/\/www.ivinio.com\/fr\/produit\/stefano-accordini-acinatico-amarone-della-valpolicella-rouge\/","og_locale":"fr_FR","og_type":"article","og_title":"Stefano Accordini - Acinatico - Amarone della Valpolicella - Rouge - IVINIO Caviste","og_description":"Stefano Accordini - Acinatico - Amarone della Valpolicella - Rouge. Notes de cerises noires, de fruits trop m\u00fbrs et d'\u00e9pices.","og_url":"https:\/\/www.ivinio.com\/fr\/produit\/stefano-accordini-acinatico-amarone-della-valpolicella-rouge\/","og_site_name":"IVINIO Caviste","article_publisher":"https:\/\/www.facebook.com\/groups\/165217837022391\/?ref=bookmarks","article_modified_time":"2024-08-01T10:30:06+00:00","og_image":[{"width":500,"height":500,"url":"https:\/\/www.ivinio.com\/wp-content\/uploads\/2024\/07\/Stefano-Accordini-Acinatico-Amarone-classico-IVINIO.jpg","type":"image\/jpeg"}],"twitter_card":"summary_large_image","twitter_misc":{"Dur\u00e9e de lecture estim\u00e9e":"1 minute"},"schema":{"@context":"https:\/\/schema.org","@graph":[{"@type":"WebPage","@id":"https:\/\/www.ivinio.com\/fr\/produit\/stefano-accordini-acinatico-amarone-della-valpolicella-rouge\/","url":"https:\/\/www.ivinio.com\/fr\/produit\/stefano-accordini-acinatico-amarone-della-valpolicella-rouge\/","name":"Stefano Accordini - Acinatico - Amarone della Valpolicella - Rouge - IVINIO Caviste","isPartOf":{"@id":"https:\/\/www.ivinio.com\/fr\/#website"},"primaryImageOfPage":{"@id":"https:\/\/www.ivinio.com\/fr\/produit\/stefano-accordini-acinatico-amarone-della-valpolicella-rouge\/#primaryimage"},"image":{"@id":"https:\/\/www.ivinio.com\/fr\/produit\/stefano-accordini-acinatico-amarone-della-valpolicella-rouge\/#primaryimage"},"thumbnailUrl":"https:\/\/www.ivinio.com\/wp-content\/uploads\/2024\/07\/Stefano-Accordini-Acinatico-Amarone-classico-IVINIO.jpg","datePublished":"2024-08-01T10:22:54+00:00","dateModified":"2024-08-01T10:30:06+00:00","description":"Stefano Accordini - Acinatico - Amarone della Valpolicella - Rouge. Notes de cerises noires, de fruits trop m\u00fbrs et d'\u00e9pices.","breadcrumb":{"@id":"https:\/\/www.ivinio.com\/fr\/produit\/stefano-accordini-acinatico-amarone-della-valpolicella-rouge\/#breadcrumb"},"inLanguage":"fr-FR","potentialAction":[{"@type":"ReadAction","target":["https:\/\/www.ivinio.com\/fr\/produit\/stefano-accordini-acinatico-amarone-della-valpolicella-rouge\/"]}]},{"@type":"ImageObject","inLanguage":"fr-FR","@id":"https:\/\/www.ivinio.com\/fr\/produit\/stefano-accordini-acinatico-amarone-della-valpolicella-rouge\/#primaryimage","url":"https:\/\/www.ivinio.com\/wp-content\/uploads\/2024\/07\/Stefano-Accordini-Acinatico-Amarone-classico-IVINIO.jpg","contentUrl":"https:\/\/www.ivinio.com\/wp-content\/uploads\/2024\/07\/Stefano-Accordini-Acinatico-Amarone-classico-IVINIO.jpg","width":500,"height":500},{"@type":"BreadcrumbList","@id":"https:\/\/www.ivinio.com\/fr\/produit\/stefano-accordini-acinatico-amarone-della-valpolicella-rouge\/#breadcrumb","itemListElement":[{"@type":"ListItem","position":1,"name":"Home","item":"https:\/\/www.ivinio.com\/fr\/"},{"@type":"ListItem","position":2,"name":"Boutique de vin","item":"https:\/\/www.ivinio.com\/fr\/boutique-de-vin\/"},{"@type":"ListItem","position":3,"name":"Stefano Accordini &#8211; Acinatico &#8211; Amarone della Valpolicella &#8211; Rouge"}]},{"@type":"WebSite","@id":"https:\/\/www.ivinio.com\/fr\/#website","url":"https:\/\/www.ivinio.com\/fr\/","name":"IVINIO Caviste","description":"Vins de France et d&#039;Italie avec livraison \u00e0 domicile","publisher":{"@id":"https:\/\/www.ivinio.com\/fr\/#organization"},"potentialAction":[{"@type":"SearchAction","target":{"@type":"EntryPoint","urlTemplate":"https:\/\/www.ivinio.com\/fr\/?s={search_term_string}"},"query-input":{"@type":"PropertyValueSpecification","valueRequired":true,"valueName":"search_term_string"}}],"inLanguage":"fr-FR"},{"@type":"Organization","@id":"https:\/\/www.ivinio.com\/fr\/#organization","name":"IVINIO","url":"https:\/\/www.ivinio.com\/fr\/","logo":{"@type":"ImageObject","inLanguage":"fr-FR","@id":"https:\/\/www.ivinio.com\/fr\/#\/schema\/logo\/image\/","url":"https:\/\/www.ivinio.com\/wp-content\/uploads\/2021\/01\/Logo-Ivinio-v2.jpg","contentUrl":"https:\/\/www.ivinio.com\/wp-content\/uploads\/2021\/01\/Logo-Ivinio-v2.jpg","width":1194,"height":1194,"caption":"IVINIO"},"image":{"@id":"https:\/\/www.ivinio.com\/fr\/#\/schema\/logo\/image\/"},"sameAs":["https:\/\/www.facebook.com\/groups\/165217837022391\/?ref=bookmarks","https:\/\/www.instagram.com\/_ivinio_\/?hl=fr"]}]}},"jetpack_sharing_enabled":true,"_links":{"self":[{"href":"https:\/\/www.ivinio.com\/fr\/wp-json\/wp\/v2\/product\/135830","targetHints":{"allow":["GET"]}}],"collection":[{"href":"https:\/\/www.ivinio.com\/fr\/wp-json\/wp\/v2\/product"}],"about":[{"href":"https:\/\/www.ivinio.com\/fr\/wp-json\/wp\/v2\/types\/product"}],"replies":[{"embeddable":true,"href":"https:\/\/www.ivinio.com\/fr\/wp-json\/wp\/v2\/comments?post=135830"}],"wp:featuredmedia":[{"embeddable":true,"href":"https:\/\/www.ivinio.com\/fr\/wp-json\/wp\/v2\/media\/135799"}],"wp:attachment":[{"href":"https:\/\/www.ivinio.com\/fr\/wp-json\/wp\/v2\/media?parent=135830"}],"wp:term":[{"taxonomy":"product_brand","embeddable":true,"href":"https:\/\/www.ivinio.com\/fr\/wp-json\/wp\/v2\/product_brand?post=135830"},{"taxonomy":"product_cat","embeddable":true,"href":"https:\/\/www.ivinio.com\/fr\/wp-json\/wp\/v2\/product_cat?post=135830"},{"taxonomy":"product_tag","embeddable":true,"href":"https:\/\/www.ivinio.com\/fr\/wp-json\/wp\/v2\/product_tag?post=135830"}],"curies":[{"name":"wp","href":"https:\/\/api.w.org\/{rel}","templated":true}]}}