{"id":135822,"date":"2024-05-25T17:27:19","date_gmt":"2024-05-25T15:27:19","guid":{"rendered":"https:\/\/www.ivinio.com\/product\/maxime-crotet-beaujolais-lantignie-vaugervand-rouge\/"},"modified":"2024-07-31T19:17:31","modified_gmt":"2024-07-31T17:17:31","slug":"maxime-crotet-beaujolais-lantignie-vaugervand-rouge","status":"publish","type":"product","link":"https:\/\/www.ivinio.com\/fr\/produit\/maxime-crotet-beaujolais-lantignie-vaugervand-rouge\/","title":{"rendered":"Maxime Crotet &#8211; Beaujolais Lantigni\u00e9 &#8211; Vaugervand &#8211; Rouge"},"content":{"rendered":"<p>Maxime Crotet &#8211; Beaujolais Lantigni\u00e9 &#8211; Vaugervand &#8211; Rouge &#8211; compos\u00e9 de 100% de Gamay qui suit un processus traditionnel mais soigneusement contr\u00f4l\u00e9 pour mettre en valeur le meilleur du c\u00e9page Gamay et du terroir de Lantigni\u00e9 connu pour ses sols riches en granite et son climat favorable. Maxime Crotet pratique des m\u00e9thodes pour le vin naturel et biologique. Les raisins sont vendang\u00e9s manuellement \u00e0 maturit\u00e9 optimale. Les vendanges ont lieu t\u00f4t le matin pour pr\u00e9server la fra\u00eecheur et les ar\u00f4mes. Apr\u00e8s les vendanges, les raisins sont rapidement achemin\u00e9s vers la caveau. Un tri minutieux est effectu\u00e9 afin de garantir que seuls les meilleurs raisins soient utilis\u00e9s dans la vinification. Les raisins subissent une mac\u00e9ration traditionnelle \u00e0 froid, ce qui signifie que des grappes enti\u00e8res fermentent \u00e0 basse temp\u00e9rature pendant plusieurs jours. Cela extrait la couleur et des ar\u00f4mes des peaux sans extraire trop de tanins, ce qui donne un vin fruit\u00e9 et aromatique. Les raisins sont ensuite l\u00e9g\u00e8rement foul\u00e9s pour d\u00e9marrer la fermentation alcoolique. La fermentation s&#8217;effectue avec des souches de levures naturelles pr\u00e9sentes sur la peau des raisins, ce qui contribue \u00e0 pr\u00e9server le caract\u00e8re unique du terroir. La fermentation se d\u00e9roule dans des cuves en acier inoxydable \u00e0 temp\u00e9rature contr\u00f4l\u00e9e et dure 10 \u00e0 15 jours. Pendant la fermentation, des techniques traditionnelles telles que le pigeage et le remontage sont utilis\u00e9es pour assurer une extraction homog\u00e8ne des ar\u00f4mes et de la couleur. Apr\u00e8s la fermentation alcoolique, le vin subit une fermentation malolactique, qui transforme l&#8217;acide malique en acide lactique plus doux et donne au vin un style plus rond et plus complexe. les Le vin est \u00e9lev\u00e9 quelques mois sur lies et en partie, pendant 10 mois en f\u00fbts de ch\u00eane usag\u00e9s afin de ne pas d\u00e9naturer le fruit et la fra\u00eecheur du vin.<\/p>\n","protected":false},"excerpt":{"rendered":"<p>Un vin naturel du Beaujolais \u00e9lev\u00e9 partiellement en f\u00fbts de ch\u00eane.<\/p>\n","protected":false},"featured_media":135502,"comment_status":"open","ping_status":"closed","template":"","meta":{"_monsterinsights_skip_tracking":false,"_monsterinsights_sitenote_active":false,"_monsterinsights_sitenote_note":"","_monsterinsights_sitenote_category":0,"_uf_show_specific_survey":0,"_uf_disable_surveys":false},"product_brand":[],"product_cat":[36616,36586],"product_tag":[],"class_list":{"0":"post-135822","1":"product","2":"type-product","3":"status-publish","4":"has-post-thumbnail","6":"product_cat-fr-beaujolais","7":"product_cat-vins-francais","8":"pa_alcohol-degree-13-fr","9":"pa_classification-aop-beaujolais-villages-fr","10":"pa_color-rouge-fr","11":"pa_country-france-fr","12":"pa_grape-variety-gamay-fr","13":"pa_region-beaujolais-fr","14":"pa_storage-potential-plus-de-5-ans-fr","15":"pa_vintage-2021-fr","16":"pa_volume-75-cl-fr","18":"first","19":"outofstock","20":"sale","21":"taxable","22":"shipping-taxable","23":"purchasable","24":"product-type-simple"},"bundled_by":[],"bundle_stock_status":"outofstock","bundle_stock_quantity":null,"bundle_virtual":false,"bundle_layout":"","bundle_add_to_cart_form_location":"","bundle_editable_in_cart":false,"bundle_sold_individually_context":"","bundle_item_grouping":"","bundle_min_size":"","bundle_max_size":"","bundle_price":[],"bundled_items":[],"bundle_sell_ids":[],"yoast_head":"<!-- This site is optimized with the Yoast SEO plugin v27.3 - https:\/\/yoast.com\/product\/yoast-seo-wordpress\/ -->\n<title>Maxime Crotet - Beaujolais Lantigni\u00e9 - Vaugervand - Rouge - IVINIO Wine Shop<\/title>\n<meta name=\"description\" content=\"Maxime Crotet - Beaujolais Lantigni\u00e9 - Vaugervand - Rouge. Un Vin nature avec principalement des notes de fruits rouges (les framboises, les cerises et les groseilles rouges).\" \/>\n<meta name=\"robots\" content=\"index, follow, max-snippet:-1, max-image-preview:large, max-video-preview:-1\" \/>\n<link rel=\"canonical\" href=\"https:\/\/www.ivinio.com\/fr\/produit\/maxime-crotet-beaujolais-lantignie-vaugervand-rouge\/\" \/>\n<meta property=\"og:locale\" content=\"fr_FR\" \/>\n<meta property=\"og:type\" content=\"article\" \/>\n<meta property=\"og:title\" content=\"Maxime Crotet - Beaujolais Lantigni\u00e9 - Vaugervand - Rouge - IVINIO Wine Shop\" \/>\n<meta property=\"og:description\" content=\"Maxime Crotet - Beaujolais Lantigni\u00e9 - Vaugervand - Rouge. Un Vin nature avec principalement des notes de fruits rouges (les framboises, les cerises et les groseilles rouges).\" \/>\n<meta property=\"og:url\" content=\"https:\/\/www.ivinio.com\/fr\/produit\/maxime-crotet-beaujolais-lantignie-vaugervand-rouge\/\" \/>\n<meta property=\"og:site_name\" content=\"IVINIO Wine Shop\" \/>\n<meta property=\"article:publisher\" content=\"https:\/\/www.facebook.com\/groups\/165217837022391\/?ref=bookmarks\" \/>\n<meta property=\"article:modified_time\" content=\"2024-07-31T17:17:31+00:00\" \/>\n<meta property=\"og:image\" content=\"https:\/\/www.ivinio.com\/wp-content\/uploads\/2024\/05\/Maxime-Crotet-beaujolais-Lantignie-IVINIO.jpg\" \/>\n\t<meta property=\"og:image:width\" content=\"500\" \/>\n\t<meta property=\"og:image:height\" content=\"500\" \/>\n\t<meta property=\"og:image:type\" content=\"image\/jpeg\" \/>\n<meta name=\"twitter:card\" content=\"summary_large_image\" \/>\n<meta name=\"twitter:label1\" content=\"Dur\u00e9e de lecture estim\u00e9e\" \/>\n\t<meta name=\"twitter:data1\" content=\"2 minutes\" \/>\n<script type=\"application\/ld+json\" class=\"yoast-schema-graph\">{\"@context\":\"https:\\\/\\\/schema.org\",\"@graph\":[{\"@type\":\"WebPage\",\"@id\":\"https:\\\/\\\/www.ivinio.com\\\/fr\\\/produit\\\/maxime-crotet-beaujolais-lantignie-vaugervand-rouge\\\/\",\"url\":\"https:\\\/\\\/www.ivinio.com\\\/fr\\\/produit\\\/maxime-crotet-beaujolais-lantignie-vaugervand-rouge\\\/\",\"name\":\"Maxime Crotet - Beaujolais Lantigni\u00e9 - Vaugervand - Rouge - IVINIO Wine Shop\",\"isPartOf\":{\"@id\":\"https:\\\/\\\/www.ivinio.com\\\/fr\\\/#website\"},\"primaryImageOfPage\":{\"@id\":\"https:\\\/\\\/www.ivinio.com\\\/fr\\\/produit\\\/maxime-crotet-beaujolais-lantignie-vaugervand-rouge\\\/#primaryimage\"},\"image\":{\"@id\":\"https:\\\/\\\/www.ivinio.com\\\/fr\\\/produit\\\/maxime-crotet-beaujolais-lantignie-vaugervand-rouge\\\/#primaryimage\"},\"thumbnailUrl\":\"https:\\\/\\\/www.ivinio.com\\\/wp-content\\\/uploads\\\/2024\\\/05\\\/Maxime-Crotet-beaujolais-Lantignie-IVINIO.jpg\",\"datePublished\":\"2024-05-25T15:27:19+00:00\",\"dateModified\":\"2024-07-31T17:17:31+00:00\",\"description\":\"Maxime Crotet - Beaujolais Lantigni\u00e9 - Vaugervand - Rouge. Un Vin nature avec principalement des notes de fruits rouges (les framboises, les cerises et les groseilles rouges).\",\"breadcrumb\":{\"@id\":\"https:\\\/\\\/www.ivinio.com\\\/fr\\\/produit\\\/maxime-crotet-beaujolais-lantignie-vaugervand-rouge\\\/#breadcrumb\"},\"inLanguage\":\"fr-FR\",\"potentialAction\":[{\"@type\":\"ReadAction\",\"target\":[\"https:\\\/\\\/www.ivinio.com\\\/fr\\\/produit\\\/maxime-crotet-beaujolais-lantignie-vaugervand-rouge\\\/\"]}]},{\"@type\":\"ImageObject\",\"inLanguage\":\"fr-FR\",\"@id\":\"https:\\\/\\\/www.ivinio.com\\\/fr\\\/produit\\\/maxime-crotet-beaujolais-lantignie-vaugervand-rouge\\\/#primaryimage\",\"url\":\"https:\\\/\\\/www.ivinio.com\\\/wp-content\\\/uploads\\\/2024\\\/05\\\/Maxime-Crotet-beaujolais-Lantignie-IVINIO.jpg\",\"contentUrl\":\"https:\\\/\\\/www.ivinio.com\\\/wp-content\\\/uploads\\\/2024\\\/05\\\/Maxime-Crotet-beaujolais-Lantignie-IVINIO.jpg\",\"width\":500,\"height\":500},{\"@type\":\"BreadcrumbList\",\"@id\":\"https:\\\/\\\/www.ivinio.com\\\/fr\\\/produit\\\/maxime-crotet-beaujolais-lantignie-vaugervand-rouge\\\/#breadcrumb\",\"itemListElement\":[{\"@type\":\"ListItem\",\"position\":1,\"name\":\"Home\",\"item\":\"https:\\\/\\\/www.ivinio.com\\\/fr\\\/\"},{\"@type\":\"ListItem\",\"position\":2,\"name\":\"Boutique de vin\",\"item\":\"https:\\\/\\\/www.ivinio.com\\\/fr\\\/boutique-de-vin\\\/\"},{\"@type\":\"ListItem\",\"position\":3,\"name\":\"Maxime Crotet &#8211; Beaujolais Lantigni\u00e9 &#8211; Vaugervand &#8211; Rouge\"}]},{\"@type\":\"WebSite\",\"@id\":\"https:\\\/\\\/www.ivinio.com\\\/fr\\\/#website\",\"url\":\"https:\\\/\\\/www.ivinio.com\\\/fr\\\/\",\"name\":\"IVINIO Wine Shop\",\"description\":\"French and Italian wines with delivery to your door\",\"publisher\":{\"@id\":\"https:\\\/\\\/www.ivinio.com\\\/fr\\\/#organization\"},\"potentialAction\":[{\"@type\":\"SearchAction\",\"target\":{\"@type\":\"EntryPoint\",\"urlTemplate\":\"https:\\\/\\\/www.ivinio.com\\\/fr\\\/?s={search_term_string}\"},\"query-input\":{\"@type\":\"PropertyValueSpecification\",\"valueRequired\":true,\"valueName\":\"search_term_string\"}}],\"inLanguage\":\"fr-FR\"},{\"@type\":\"Organization\",\"@id\":\"https:\\\/\\\/www.ivinio.com\\\/fr\\\/#organization\",\"name\":\"IVINIO\",\"url\":\"https:\\\/\\\/www.ivinio.com\\\/fr\\\/\",\"logo\":{\"@type\":\"ImageObject\",\"inLanguage\":\"fr-FR\",\"@id\":\"https:\\\/\\\/www.ivinio.com\\\/fr\\\/#\\\/schema\\\/logo\\\/image\\\/\",\"url\":\"https:\\\/\\\/www.ivinio.com\\\/wp-content\\\/uploads\\\/2021\\\/01\\\/Logo-Ivinio-v2.jpg\",\"contentUrl\":\"https:\\\/\\\/www.ivinio.com\\\/wp-content\\\/uploads\\\/2021\\\/01\\\/Logo-Ivinio-v2.jpg\",\"width\":1194,\"height\":1194,\"caption\":\"IVINIO\"},\"image\":{\"@id\":\"https:\\\/\\\/www.ivinio.com\\\/fr\\\/#\\\/schema\\\/logo\\\/image\\\/\"},\"sameAs\":[\"https:\\\/\\\/www.facebook.com\\\/groups\\\/165217837022391\\\/?ref=bookmarks\",\"https:\\\/\\\/www.instagram.com\\\/_ivinio_\\\/?hl=fr\"]}]}<\/script>\n<!-- \/ Yoast SEO plugin. -->","yoast_head_json":{"title":"Maxime Crotet - Beaujolais Lantigni\u00e9 - Vaugervand - Rouge - IVINIO Wine Shop","description":"Maxime Crotet - Beaujolais Lantigni\u00e9 - Vaugervand - Rouge. Un Vin nature avec principalement des notes de fruits rouges (les framboises, les cerises et les groseilles rouges).","robots":{"index":"index","follow":"follow","max-snippet":"max-snippet:-1","max-image-preview":"max-image-preview:large","max-video-preview":"max-video-preview:-1"},"canonical":"https:\/\/www.ivinio.com\/fr\/produit\/maxime-crotet-beaujolais-lantignie-vaugervand-rouge\/","og_locale":"fr_FR","og_type":"article","og_title":"Maxime Crotet - Beaujolais Lantigni\u00e9 - Vaugervand - Rouge - IVINIO Wine Shop","og_description":"Maxime Crotet - Beaujolais Lantigni\u00e9 - Vaugervand - Rouge. Un Vin nature avec principalement des notes de fruits rouges (les framboises, les cerises et les groseilles rouges).","og_url":"https:\/\/www.ivinio.com\/fr\/produit\/maxime-crotet-beaujolais-lantignie-vaugervand-rouge\/","og_site_name":"IVINIO Wine Shop","article_publisher":"https:\/\/www.facebook.com\/groups\/165217837022391\/?ref=bookmarks","article_modified_time":"2024-07-31T17:17:31+00:00","og_image":[{"width":500,"height":500,"url":"https:\/\/www.ivinio.com\/wp-content\/uploads\/2024\/05\/Maxime-Crotet-beaujolais-Lantignie-IVINIO.jpg","type":"image\/jpeg"}],"twitter_card":"summary_large_image","twitter_misc":{"Dur\u00e9e de lecture estim\u00e9e":"2 minutes"},"schema":{"@context":"https:\/\/schema.org","@graph":[{"@type":"WebPage","@id":"https:\/\/www.ivinio.com\/fr\/produit\/maxime-crotet-beaujolais-lantignie-vaugervand-rouge\/","url":"https:\/\/www.ivinio.com\/fr\/produit\/maxime-crotet-beaujolais-lantignie-vaugervand-rouge\/","name":"Maxime Crotet - Beaujolais Lantigni\u00e9 - Vaugervand - Rouge - IVINIO Wine Shop","isPartOf":{"@id":"https:\/\/www.ivinio.com\/fr\/#website"},"primaryImageOfPage":{"@id":"https:\/\/www.ivinio.com\/fr\/produit\/maxime-crotet-beaujolais-lantignie-vaugervand-rouge\/#primaryimage"},"image":{"@id":"https:\/\/www.ivinio.com\/fr\/produit\/maxime-crotet-beaujolais-lantignie-vaugervand-rouge\/#primaryimage"},"thumbnailUrl":"https:\/\/www.ivinio.com\/wp-content\/uploads\/2024\/05\/Maxime-Crotet-beaujolais-Lantignie-IVINIO.jpg","datePublished":"2024-05-25T15:27:19+00:00","dateModified":"2024-07-31T17:17:31+00:00","description":"Maxime Crotet - Beaujolais Lantigni\u00e9 - Vaugervand - Rouge. Un Vin nature avec principalement des notes de fruits rouges (les framboises, les cerises et les groseilles rouges).","breadcrumb":{"@id":"https:\/\/www.ivinio.com\/fr\/produit\/maxime-crotet-beaujolais-lantignie-vaugervand-rouge\/#breadcrumb"},"inLanguage":"fr-FR","potentialAction":[{"@type":"ReadAction","target":["https:\/\/www.ivinio.com\/fr\/produit\/maxime-crotet-beaujolais-lantignie-vaugervand-rouge\/"]}]},{"@type":"ImageObject","inLanguage":"fr-FR","@id":"https:\/\/www.ivinio.com\/fr\/produit\/maxime-crotet-beaujolais-lantignie-vaugervand-rouge\/#primaryimage","url":"https:\/\/www.ivinio.com\/wp-content\/uploads\/2024\/05\/Maxime-Crotet-beaujolais-Lantignie-IVINIO.jpg","contentUrl":"https:\/\/www.ivinio.com\/wp-content\/uploads\/2024\/05\/Maxime-Crotet-beaujolais-Lantignie-IVINIO.jpg","width":500,"height":500},{"@type":"BreadcrumbList","@id":"https:\/\/www.ivinio.com\/fr\/produit\/maxime-crotet-beaujolais-lantignie-vaugervand-rouge\/#breadcrumb","itemListElement":[{"@type":"ListItem","position":1,"name":"Home","item":"https:\/\/www.ivinio.com\/fr\/"},{"@type":"ListItem","position":2,"name":"Boutique de vin","item":"https:\/\/www.ivinio.com\/fr\/boutique-de-vin\/"},{"@type":"ListItem","position":3,"name":"Maxime Crotet &#8211; Beaujolais Lantigni\u00e9 &#8211; Vaugervand &#8211; Rouge"}]},{"@type":"WebSite","@id":"https:\/\/www.ivinio.com\/fr\/#website","url":"https:\/\/www.ivinio.com\/fr\/","name":"IVINIO Wine Shop","description":"French and Italian wines with delivery to your door","publisher":{"@id":"https:\/\/www.ivinio.com\/fr\/#organization"},"potentialAction":[{"@type":"SearchAction","target":{"@type":"EntryPoint","urlTemplate":"https:\/\/www.ivinio.com\/fr\/?s={search_term_string}"},"query-input":{"@type":"PropertyValueSpecification","valueRequired":true,"valueName":"search_term_string"}}],"inLanguage":"fr-FR"},{"@type":"Organization","@id":"https:\/\/www.ivinio.com\/fr\/#organization","name":"IVINIO","url":"https:\/\/www.ivinio.com\/fr\/","logo":{"@type":"ImageObject","inLanguage":"fr-FR","@id":"https:\/\/www.ivinio.com\/fr\/#\/schema\/logo\/image\/","url":"https:\/\/www.ivinio.com\/wp-content\/uploads\/2021\/01\/Logo-Ivinio-v2.jpg","contentUrl":"https:\/\/www.ivinio.com\/wp-content\/uploads\/2021\/01\/Logo-Ivinio-v2.jpg","width":1194,"height":1194,"caption":"IVINIO"},"image":{"@id":"https:\/\/www.ivinio.com\/fr\/#\/schema\/logo\/image\/"},"sameAs":["https:\/\/www.facebook.com\/groups\/165217837022391\/?ref=bookmarks","https:\/\/www.instagram.com\/_ivinio_\/?hl=fr"]}]}},"jetpack_sharing_enabled":true,"_links":{"self":[{"href":"https:\/\/www.ivinio.com\/fr\/wp-json\/wp\/v2\/product\/135822","targetHints":{"allow":["GET"]}}],"collection":[{"href":"https:\/\/www.ivinio.com\/fr\/wp-json\/wp\/v2\/product"}],"about":[{"href":"https:\/\/www.ivinio.com\/fr\/wp-json\/wp\/v2\/types\/product"}],"replies":[{"embeddable":true,"href":"https:\/\/www.ivinio.com\/fr\/wp-json\/wp\/v2\/comments?post=135822"}],"wp:featuredmedia":[{"embeddable":true,"href":"https:\/\/www.ivinio.com\/fr\/wp-json\/wp\/v2\/media\/135502"}],"wp:attachment":[{"href":"https:\/\/www.ivinio.com\/fr\/wp-json\/wp\/v2\/media?parent=135822"}],"wp:term":[{"taxonomy":"product_brand","embeddable":true,"href":"https:\/\/www.ivinio.com\/fr\/wp-json\/wp\/v2\/product_brand?post=135822"},{"taxonomy":"product_cat","embeddable":true,"href":"https:\/\/www.ivinio.com\/fr\/wp-json\/wp\/v2\/product_cat?post=135822"},{"taxonomy":"product_tag","embeddable":true,"href":"https:\/\/www.ivinio.com\/fr\/wp-json\/wp\/v2\/product_tag?post=135822"}],"curies":[{"name":"wp","href":"https:\/\/api.w.org\/{rel}","templated":true}]}}