{"id":135817,"date":"2024-05-18T12:41:11","date_gmt":"2024-07-31T16:12:01","guid":{"rendered":"https:\/\/www.ivinio.com\/product\/firriato-cavanera-ripa-di-scorciavacca-etna-bianco-blanc\/"},"modified":"2024-07-31T18:17:27","modified_gmt":"2024-07-31T16:17:27","slug":"firriato-cavanera-ripa-di-scorciavacca-etna-bianco-blanc","status":"publish","type":"product","link":"https:\/\/www.ivinio.com\/fr\/produit\/firriato-cavanera-ripa-di-scorciavacca-etna-bianco-blanc\/","title":{"rendered":"Firriato &#8211; Cavanera -Ripa di Scorciavacca &#8211; Etna bianco &#8211; Blanc"},"content":{"rendered":"<p>Firriato &#8211; Cavanera -Ripa di Scorciavacca &#8211; Etna bianco &#8211; Blanc est compos\u00e9 de Carricante et d&#8217;une petite partie des raisins Catarratto cultiv\u00e9s \u00e0 Castiglione di Sicilia, ou plus pr\u00e9cis\u00e9ment \u00e0 Contrada Verzella, dans la partie nord de l&#8217;Etna, \u00e0 650-730 m d&#8217;altitude. Les raisins sont vendang\u00e9s manuellement en octobre dans des petits paniers. Ils sont ensuite l\u00e9g\u00e8rement press\u00e9s et ferment\u00e9s pendant 20 jours \u00e0 temp\u00e9rature contr\u00f4l\u00e9e. Le vin est \u00e9lev\u00e9 pendant au moins 6 mois sur les lies, avec b\u00e2tonnages quotidiens, avant d&#8217;\u00eatre mis en bouteille. Ensuite garde en bouteille pendant au moins un an suppl\u00e9mentaire.<\/p>\n","protected":false},"excerpt":{"rendered":"<p>Vin blanc de l&#8217;Etna aux notes intenses et complexes de fleurs blanches, d&#8217;herbes aromatiques et de nectarines blanches.<\/p>\n","protected":false},"featured_media":135467,"comment_status":"open","ping_status":"closed","template":"","meta":{"_monsterinsights_skip_tracking":false,"_monsterinsights_sitenote_active":false,"_monsterinsights_sitenote_note":"","_monsterinsights_sitenote_category":0,"_uf_show_specific_survey":0,"_uf_disable_surveys":false},"product_brand":[],"product_cat":[36601,36589],"product_tag":[],"class_list":{"0":"post-135817","1":"product","2":"type-product","3":"status-publish","4":"has-post-thumbnail","6":"product_cat-fr-sicile","7":"product_cat-vins-italiens","8":"pa_alcohol-degree-13-5","9":"pa_awards-gambero-rosso-fr","10":"pa_awards-vini-buoni-ditalia-fr","11":"pa_classification-doc-etna-bianco-fr","12":"pa_color-blanc-fr","13":"pa_country-italie-fr","14":"pa_grape-variety-carricante-fr","15":"pa_grape-variety-catarratto-fr","16":"pa_package-1x1-fr","17":"pa_package-1x6-fr","18":"pa_region-sicile-fr","19":"pa_storage-potential-plus-de-5-ans-fr","20":"pa_vintage-2022-fr","21":"pa_volume-75-cl-fr","23":"first","24":"instock","25":"taxable","26":"shipping-taxable","27":"purchasable","28":"product-type-variable"},"bundled_by":[],"bundle_stock_status":"instock","bundle_stock_quantity":null,"bundle_virtual":false,"bundle_layout":"","bundle_add_to_cart_form_location":"","bundle_editable_in_cart":false,"bundle_sold_individually_context":"","bundle_item_grouping":"","bundle_min_size":"","bundle_max_size":"","bundle_price":[],"bundled_items":[],"bundle_sell_ids":[],"yoast_head":"<!-- This site is optimized with the Yoast SEO plugin v27.5 - https:\/\/yoast.com\/product\/yoast-seo-wordpress\/ -->\n<title>Firriato - Cavanera -Ripa di Scorciavacca - Etna bianco - Blanc - IVINIO Caviste<\/title>\n<meta name=\"description\" content=\"Firriato - Cavanera -Ripa di Scorciavacca - Etna bianco - Blanc. Notes intenses et complexes de fleurs blanches, d&#039;herbes aromatiques et de nectarines blanches.\" \/>\n<meta name=\"robots\" content=\"index, follow, max-snippet:-1, max-image-preview:large, max-video-preview:-1\" \/>\n<link rel=\"canonical\" href=\"https:\/\/www.ivinio.com\/fr\/produit\/firriato-cavanera-ripa-di-scorciavacca-etna-bianco-blanc\/\" \/>\n<meta property=\"og:locale\" content=\"fr_FR\" \/>\n<meta property=\"og:type\" content=\"article\" \/>\n<meta property=\"og:title\" content=\"Firriato - Cavanera -Ripa di Scorciavacca - Etna bianco - Blanc - IVINIO Caviste\" \/>\n<meta property=\"og:description\" content=\"Firriato - Cavanera -Ripa di Scorciavacca - Etna bianco - Blanc. Notes intenses et complexes de fleurs blanches, d&#039;herbes aromatiques et de nectarines blanches.\" \/>\n<meta property=\"og:url\" content=\"https:\/\/www.ivinio.com\/fr\/produit\/firriato-cavanera-ripa-di-scorciavacca-etna-bianco-blanc\/\" \/>\n<meta property=\"og:site_name\" content=\"IVINIO Caviste\" \/>\n<meta property=\"article:publisher\" content=\"https:\/\/www.facebook.com\/groups\/165217837022391\/?ref=bookmarks\" \/>\n<meta property=\"article:modified_time\" content=\"2024-07-31T16:17:27+00:00\" \/>\n<meta property=\"og:image\" content=\"https:\/\/www.ivinio.com\/wp-content\/uploads\/2024\/05\/Firriato-Cavanera-Ripa-di-scorciavacca-IVINIO.jpg\" \/>\n\t<meta property=\"og:image:width\" content=\"500\" \/>\n\t<meta property=\"og:image:height\" content=\"500\" \/>\n\t<meta property=\"og:image:type\" content=\"image\/jpeg\" \/>\n<meta name=\"twitter:card\" content=\"summary_large_image\" \/>\n<meta name=\"twitter:label1\" content=\"Dur\u00e9e de lecture estim\u00e9e\" \/>\n\t<meta name=\"twitter:data1\" content=\"1 minute\" \/>\n<script type=\"application\/ld+json\" class=\"yoast-schema-graph\">{\"@context\":\"https:\\\/\\\/schema.org\",\"@graph\":[{\"@type\":\"WebPage\",\"@id\":\"https:\\\/\\\/www.ivinio.com\\\/fr\\\/produit\\\/firriato-cavanera-ripa-di-scorciavacca-etna-bianco-blanc\\\/\",\"url\":\"https:\\\/\\\/www.ivinio.com\\\/fr\\\/produit\\\/firriato-cavanera-ripa-di-scorciavacca-etna-bianco-blanc\\\/\",\"name\":\"Firriato - Cavanera -Ripa di Scorciavacca - Etna bianco - Blanc - IVINIO Caviste\",\"isPartOf\":{\"@id\":\"https:\\\/\\\/www.ivinio.com\\\/fr\\\/#website\"},\"primaryImageOfPage\":{\"@id\":\"https:\\\/\\\/www.ivinio.com\\\/fr\\\/produit\\\/firriato-cavanera-ripa-di-scorciavacca-etna-bianco-blanc\\\/#primaryimage\"},\"image\":{\"@id\":\"https:\\\/\\\/www.ivinio.com\\\/fr\\\/produit\\\/firriato-cavanera-ripa-di-scorciavacca-etna-bianco-blanc\\\/#primaryimage\"},\"thumbnailUrl\":\"https:\\\/\\\/www.ivinio.com\\\/wp-content\\\/uploads\\\/2024\\\/05\\\/Firriato-Cavanera-Ripa-di-scorciavacca-IVINIO.jpg\",\"datePublished\":\"2024-07-31T16:12:01+00:00\",\"dateModified\":\"2024-07-31T16:17:27+00:00\",\"description\":\"Firriato - Cavanera -Ripa di Scorciavacca - Etna bianco - Blanc. Notes intenses et complexes de fleurs blanches, d'herbes aromatiques et de nectarines blanches.\",\"breadcrumb\":{\"@id\":\"https:\\\/\\\/www.ivinio.com\\\/fr\\\/produit\\\/firriato-cavanera-ripa-di-scorciavacca-etna-bianco-blanc\\\/#breadcrumb\"},\"inLanguage\":\"fr-FR\",\"potentialAction\":[{\"@type\":\"ReadAction\",\"target\":[\"https:\\\/\\\/www.ivinio.com\\\/fr\\\/produit\\\/firriato-cavanera-ripa-di-scorciavacca-etna-bianco-blanc\\\/\"]}]},{\"@type\":\"ImageObject\",\"inLanguage\":\"fr-FR\",\"@id\":\"https:\\\/\\\/www.ivinio.com\\\/fr\\\/produit\\\/firriato-cavanera-ripa-di-scorciavacca-etna-bianco-blanc\\\/#primaryimage\",\"url\":\"https:\\\/\\\/www.ivinio.com\\\/wp-content\\\/uploads\\\/2024\\\/05\\\/Firriato-Cavanera-Ripa-di-scorciavacca-IVINIO.jpg\",\"contentUrl\":\"https:\\\/\\\/www.ivinio.com\\\/wp-content\\\/uploads\\\/2024\\\/05\\\/Firriato-Cavanera-Ripa-di-scorciavacca-IVINIO.jpg\",\"width\":500,\"height\":500},{\"@type\":\"BreadcrumbList\",\"@id\":\"https:\\\/\\\/www.ivinio.com\\\/fr\\\/produit\\\/firriato-cavanera-ripa-di-scorciavacca-etna-bianco-blanc\\\/#breadcrumb\",\"itemListElement\":[{\"@type\":\"ListItem\",\"position\":1,\"name\":\"Home\",\"item\":\"https:\\\/\\\/www.ivinio.com\\\/fr\\\/\"},{\"@type\":\"ListItem\",\"position\":2,\"name\":\"Boutique de vin\",\"item\":\"https:\\\/\\\/www.ivinio.com\\\/fr\\\/boutique-de-vin\\\/\"},{\"@type\":\"ListItem\",\"position\":3,\"name\":\"Firriato &#8211; Cavanera -Ripa di Scorciavacca &#8211; Etna bianco &#8211; Blanc\"}]},{\"@type\":\"WebSite\",\"@id\":\"https:\\\/\\\/www.ivinio.com\\\/fr\\\/#website\",\"url\":\"https:\\\/\\\/www.ivinio.com\\\/fr\\\/\",\"name\":\"IVINIO Caviste\",\"description\":\"Vins de France et d&#039;Italie avec livraison \u00e0 domicile\",\"publisher\":{\"@id\":\"https:\\\/\\\/www.ivinio.com\\\/fr\\\/#organization\"},\"potentialAction\":[{\"@type\":\"SearchAction\",\"target\":{\"@type\":\"EntryPoint\",\"urlTemplate\":\"https:\\\/\\\/www.ivinio.com\\\/fr\\\/?s={search_term_string}\"},\"query-input\":{\"@type\":\"PropertyValueSpecification\",\"valueRequired\":true,\"valueName\":\"search_term_string\"}}],\"inLanguage\":\"fr-FR\"},{\"@type\":\"Organization\",\"@id\":\"https:\\\/\\\/www.ivinio.com\\\/fr\\\/#organization\",\"name\":\"IVINIO\",\"url\":\"https:\\\/\\\/www.ivinio.com\\\/fr\\\/\",\"logo\":{\"@type\":\"ImageObject\",\"inLanguage\":\"fr-FR\",\"@id\":\"https:\\\/\\\/www.ivinio.com\\\/fr\\\/#\\\/schema\\\/logo\\\/image\\\/\",\"url\":\"https:\\\/\\\/www.ivinio.com\\\/wp-content\\\/uploads\\\/2021\\\/01\\\/Logo-Ivinio-v2.jpg\",\"contentUrl\":\"https:\\\/\\\/www.ivinio.com\\\/wp-content\\\/uploads\\\/2021\\\/01\\\/Logo-Ivinio-v2.jpg\",\"width\":1194,\"height\":1194,\"caption\":\"IVINIO\"},\"image\":{\"@id\":\"https:\\\/\\\/www.ivinio.com\\\/fr\\\/#\\\/schema\\\/logo\\\/image\\\/\"},\"sameAs\":[\"https:\\\/\\\/www.facebook.com\\\/groups\\\/165217837022391\\\/?ref=bookmarks\",\"https:\\\/\\\/www.instagram.com\\\/_ivinio_\\\/?hl=fr\"]}]}<\/script>\n<!-- \/ Yoast SEO plugin. -->","yoast_head_json":{"title":"Firriato - Cavanera -Ripa di Scorciavacca - Etna bianco - Blanc - IVINIO Caviste","description":"Firriato - Cavanera -Ripa di Scorciavacca - Etna bianco - Blanc. Notes intenses et complexes de fleurs blanches, d'herbes aromatiques et de nectarines blanches.","robots":{"index":"index","follow":"follow","max-snippet":"max-snippet:-1","max-image-preview":"max-image-preview:large","max-video-preview":"max-video-preview:-1"},"canonical":"https:\/\/www.ivinio.com\/fr\/produit\/firriato-cavanera-ripa-di-scorciavacca-etna-bianco-blanc\/","og_locale":"fr_FR","og_type":"article","og_title":"Firriato - Cavanera -Ripa di Scorciavacca - Etna bianco - Blanc - IVINIO Caviste","og_description":"Firriato - Cavanera -Ripa di Scorciavacca - Etna bianco - Blanc. Notes intenses et complexes de fleurs blanches, d'herbes aromatiques et de nectarines blanches.","og_url":"https:\/\/www.ivinio.com\/fr\/produit\/firriato-cavanera-ripa-di-scorciavacca-etna-bianco-blanc\/","og_site_name":"IVINIO Caviste","article_publisher":"https:\/\/www.facebook.com\/groups\/165217837022391\/?ref=bookmarks","article_modified_time":"2024-07-31T16:17:27+00:00","og_image":[{"width":500,"height":500,"url":"https:\/\/www.ivinio.com\/wp-content\/uploads\/2024\/05\/Firriato-Cavanera-Ripa-di-scorciavacca-IVINIO.jpg","type":"image\/jpeg"}],"twitter_card":"summary_large_image","twitter_misc":{"Dur\u00e9e de lecture estim\u00e9e":"1 minute"},"schema":{"@context":"https:\/\/schema.org","@graph":[{"@type":"WebPage","@id":"https:\/\/www.ivinio.com\/fr\/produit\/firriato-cavanera-ripa-di-scorciavacca-etna-bianco-blanc\/","url":"https:\/\/www.ivinio.com\/fr\/produit\/firriato-cavanera-ripa-di-scorciavacca-etna-bianco-blanc\/","name":"Firriato - Cavanera -Ripa di Scorciavacca - Etna bianco - Blanc - IVINIO Caviste","isPartOf":{"@id":"https:\/\/www.ivinio.com\/fr\/#website"},"primaryImageOfPage":{"@id":"https:\/\/www.ivinio.com\/fr\/produit\/firriato-cavanera-ripa-di-scorciavacca-etna-bianco-blanc\/#primaryimage"},"image":{"@id":"https:\/\/www.ivinio.com\/fr\/produit\/firriato-cavanera-ripa-di-scorciavacca-etna-bianco-blanc\/#primaryimage"},"thumbnailUrl":"https:\/\/www.ivinio.com\/wp-content\/uploads\/2024\/05\/Firriato-Cavanera-Ripa-di-scorciavacca-IVINIO.jpg","datePublished":"2024-07-31T16:12:01+00:00","dateModified":"2024-07-31T16:17:27+00:00","description":"Firriato - Cavanera -Ripa di Scorciavacca - Etna bianco - Blanc. Notes intenses et complexes de fleurs blanches, d'herbes aromatiques et de nectarines blanches.","breadcrumb":{"@id":"https:\/\/www.ivinio.com\/fr\/produit\/firriato-cavanera-ripa-di-scorciavacca-etna-bianco-blanc\/#breadcrumb"},"inLanguage":"fr-FR","potentialAction":[{"@type":"ReadAction","target":["https:\/\/www.ivinio.com\/fr\/produit\/firriato-cavanera-ripa-di-scorciavacca-etna-bianco-blanc\/"]}]},{"@type":"ImageObject","inLanguage":"fr-FR","@id":"https:\/\/www.ivinio.com\/fr\/produit\/firriato-cavanera-ripa-di-scorciavacca-etna-bianco-blanc\/#primaryimage","url":"https:\/\/www.ivinio.com\/wp-content\/uploads\/2024\/05\/Firriato-Cavanera-Ripa-di-scorciavacca-IVINIO.jpg","contentUrl":"https:\/\/www.ivinio.com\/wp-content\/uploads\/2024\/05\/Firriato-Cavanera-Ripa-di-scorciavacca-IVINIO.jpg","width":500,"height":500},{"@type":"BreadcrumbList","@id":"https:\/\/www.ivinio.com\/fr\/produit\/firriato-cavanera-ripa-di-scorciavacca-etna-bianco-blanc\/#breadcrumb","itemListElement":[{"@type":"ListItem","position":1,"name":"Home","item":"https:\/\/www.ivinio.com\/fr\/"},{"@type":"ListItem","position":2,"name":"Boutique de vin","item":"https:\/\/www.ivinio.com\/fr\/boutique-de-vin\/"},{"@type":"ListItem","position":3,"name":"Firriato &#8211; Cavanera -Ripa di Scorciavacca &#8211; Etna bianco &#8211; Blanc"}]},{"@type":"WebSite","@id":"https:\/\/www.ivinio.com\/fr\/#website","url":"https:\/\/www.ivinio.com\/fr\/","name":"IVINIO Caviste","description":"Vins de France et d&#039;Italie avec livraison \u00e0 domicile","publisher":{"@id":"https:\/\/www.ivinio.com\/fr\/#organization"},"potentialAction":[{"@type":"SearchAction","target":{"@type":"EntryPoint","urlTemplate":"https:\/\/www.ivinio.com\/fr\/?s={search_term_string}"},"query-input":{"@type":"PropertyValueSpecification","valueRequired":true,"valueName":"search_term_string"}}],"inLanguage":"fr-FR"},{"@type":"Organization","@id":"https:\/\/www.ivinio.com\/fr\/#organization","name":"IVINIO","url":"https:\/\/www.ivinio.com\/fr\/","logo":{"@type":"ImageObject","inLanguage":"fr-FR","@id":"https:\/\/www.ivinio.com\/fr\/#\/schema\/logo\/image\/","url":"https:\/\/www.ivinio.com\/wp-content\/uploads\/2021\/01\/Logo-Ivinio-v2.jpg","contentUrl":"https:\/\/www.ivinio.com\/wp-content\/uploads\/2021\/01\/Logo-Ivinio-v2.jpg","width":1194,"height":1194,"caption":"IVINIO"},"image":{"@id":"https:\/\/www.ivinio.com\/fr\/#\/schema\/logo\/image\/"},"sameAs":["https:\/\/www.facebook.com\/groups\/165217837022391\/?ref=bookmarks","https:\/\/www.instagram.com\/_ivinio_\/?hl=fr"]}]}},"jetpack_sharing_enabled":true,"_links":{"self":[{"href":"https:\/\/www.ivinio.com\/fr\/wp-json\/wp\/v2\/product\/135817","targetHints":{"allow":["GET"]}}],"collection":[{"href":"https:\/\/www.ivinio.com\/fr\/wp-json\/wp\/v2\/product"}],"about":[{"href":"https:\/\/www.ivinio.com\/fr\/wp-json\/wp\/v2\/types\/product"}],"replies":[{"embeddable":true,"href":"https:\/\/www.ivinio.com\/fr\/wp-json\/wp\/v2\/comments?post=135817"}],"wp:featuredmedia":[{"embeddable":true,"href":"https:\/\/www.ivinio.com\/fr\/wp-json\/wp\/v2\/media\/135467"}],"wp:attachment":[{"href":"https:\/\/www.ivinio.com\/fr\/wp-json\/wp\/v2\/media?parent=135817"}],"wp:term":[{"taxonomy":"product_brand","embeddable":true,"href":"https:\/\/www.ivinio.com\/fr\/wp-json\/wp\/v2\/product_brand?post=135817"},{"taxonomy":"product_cat","embeddable":true,"href":"https:\/\/www.ivinio.com\/fr\/wp-json\/wp\/v2\/product_cat?post=135817"},{"taxonomy":"product_tag","embeddable":true,"href":"https:\/\/www.ivinio.com\/fr\/wp-json\/wp\/v2\/product_tag?post=135817"}],"curies":[{"name":"wp","href":"https:\/\/api.w.org\/{rel}","templated":true}]}}