{"id":135756,"date":"2024-07-17T11:42:26","date_gmt":"2024-07-19T15:37:46","guid":{"rendered":"https:\/\/www.ivinio.com\/product\/domaine-marie-berenice-bandol-white\/"},"modified":"2024-07-19T18:01:14","modified_gmt":"2024-07-19T16:01:14","slug":"domaine-marie-berenice-bandol-blanc","status":"publish","type":"product","link":"https:\/\/www.ivinio.com\/fr\/produit\/domaine-marie-berenice-bandol-blanc\/","title":{"rendered":"Domaine Marie B\u00e9r\u00e9nice &#8211; Bandol &#8211; Blanc"},"content":{"rendered":"<p>Domaine Marie B\u00e9r\u00e9nice &#8211; Bandol &#8211; Vin blanc compos\u00e9 de 60% Clairette et 40% Ugni blanc vinifi\u00e9 \u00e0 basse temp\u00e9rature. Les raisins sont cultiv\u00e9s sur des sols compos\u00e9s de calcaire, d&#8217;argile et de galets, qui contribuent \u00e0 la min\u00e9ralit\u00e9 et \u00e0 la complexit\u00e9 du vin. L&#8217;agriculture est biologique pour respecter l&#8217;environnement et les caract\u00e9ristiques uniques du terroir. Les vendanges sont effectu\u00e9es manuellement afin de garantir que seuls les raisins les meilleurs et les plus m\u00fbrs soient utilis\u00e9s. Ils sont ensuite d\u00e9licatement press\u00e9s. S&#8217;ensuit une fermentation \u00e0 temp\u00e9rature contr\u00f4l\u00e9e dans des cuves en acier inoxydable pour pr\u00e9server le fruit et la fra\u00eecheur.<\/p>\n","protected":false},"excerpt":{"rendered":"<p>Un vin blanc de Bandol fruit\u00e9 mais frais \u00e0 boire avec des plats d&#8217;inspiration m\u00e9diterran\u00e9enne.<\/p>\n","protected":false},"featured_media":135739,"comment_status":"open","ping_status":"closed","template":"","meta":{"_monsterinsights_skip_tracking":false,"_monsterinsights_sitenote_active":false,"_monsterinsights_sitenote_note":"","_monsterinsights_sitenote_category":0,"_uf_show_specific_survey":0,"_uf_disable_surveys":false},"product_brand":[],"product_cat":[36622,36586],"product_tag":[],"class_list":{"0":"post-135756","1":"product","2":"type-product","3":"status-publish","4":"has-post-thumbnail","6":"product_cat-fr-provence","7":"product_cat-vins-francais","8":"pa_alcohol-degree-13-fr","9":"pa_classification-aop-bandol-fr","10":"pa_color-blanc-fr","11":"pa_country-france-fr","12":"pa_grape-variety-clairette-fr","13":"pa_grape-variety-ugni-blanc-fr","14":"pa_region-provence-fr","15":"pa_storage-potential-5-ans-fr","16":"pa_vintage-2022-fr","17":"pa_volume-75-cl-fr","19":"first","20":"instock","21":"sale","22":"taxable","23":"shipping-taxable","24":"purchasable","25":"product-type-simple"},"bundled_by":["135759"],"bundle_stock_status":"instock","bundle_stock_quantity":null,"bundle_virtual":false,"bundle_layout":"","bundle_add_to_cart_form_location":"","bundle_editable_in_cart":false,"bundle_sold_individually_context":"","bundle_item_grouping":"","bundle_min_size":"","bundle_max_size":"","bundle_price":[],"bundled_items":[],"bundle_sell_ids":[],"yoast_head":"<!-- This site is optimized with the Yoast SEO plugin v27.5 - https:\/\/yoast.com\/product\/yoast-seo-wordpress\/ -->\n<title>Domaine Marie B\u00e9r\u00e9nice - Bandol - Blanc - IVINIO Caviste<\/title>\n<meta name=\"description\" content=\"Domaine Marie B\u00e9r\u00e9nice - Bandol - Blanc. Beau vin de Bandol aux ar\u00f4mes intenses de citron et de fruits jaunes. Pour une bouillabaisse, ou un poisson grill\u00e9.\" \/>\n<meta name=\"robots\" content=\"index, follow, max-snippet:-1, max-image-preview:large, max-video-preview:-1\" \/>\n<link rel=\"canonical\" href=\"https:\/\/www.ivinio.com\/fr\/produit\/domaine-marie-berenice-bandol-blanc\/\" \/>\n<meta property=\"og:locale\" content=\"fr_FR\" \/>\n<meta property=\"og:type\" content=\"article\" \/>\n<meta property=\"og:title\" content=\"Domaine Marie B\u00e9r\u00e9nice - Bandol - Blanc - IVINIO Caviste\" \/>\n<meta property=\"og:description\" content=\"Domaine Marie B\u00e9r\u00e9nice - Bandol - Blanc. Beau vin de Bandol aux ar\u00f4mes intenses de citron et de fruits jaunes. Pour une bouillabaisse, ou un poisson grill\u00e9.\" \/>\n<meta property=\"og:url\" content=\"https:\/\/www.ivinio.com\/fr\/produit\/domaine-marie-berenice-bandol-blanc\/\" \/>\n<meta property=\"og:site_name\" content=\"IVINIO Caviste\" \/>\n<meta property=\"article:publisher\" content=\"https:\/\/www.facebook.com\/groups\/165217837022391\/?ref=bookmarks\" \/>\n<meta property=\"article:modified_time\" content=\"2024-07-19T16:01:14+00:00\" \/>\n<meta property=\"og:image\" content=\"https:\/\/www.ivinio.com\/wp-content\/uploads\/2024\/07\/Domaine-Marie-Berenice-Bandol-IVINIO.jpg\" \/>\n\t<meta property=\"og:image:width\" content=\"500\" \/>\n\t<meta property=\"og:image:height\" content=\"500\" \/>\n\t<meta property=\"og:image:type\" content=\"image\/jpeg\" \/>\n<meta name=\"twitter:card\" content=\"summary_large_image\" \/>\n<meta name=\"twitter:label1\" content=\"Dur\u00e9e de lecture estim\u00e9e\" \/>\n\t<meta name=\"twitter:data1\" content=\"1 minute\" \/>\n<script type=\"application\/ld+json\" class=\"yoast-schema-graph\">{\"@context\":\"https:\\\/\\\/schema.org\",\"@graph\":[{\"@type\":\"WebPage\",\"@id\":\"https:\\\/\\\/www.ivinio.com\\\/fr\\\/produit\\\/domaine-marie-berenice-bandol-blanc\\\/\",\"url\":\"https:\\\/\\\/www.ivinio.com\\\/fr\\\/produit\\\/domaine-marie-berenice-bandol-blanc\\\/\",\"name\":\"Domaine Marie B\u00e9r\u00e9nice - Bandol - Blanc - IVINIO Caviste\",\"isPartOf\":{\"@id\":\"https:\\\/\\\/www.ivinio.com\\\/fr\\\/#website\"},\"primaryImageOfPage\":{\"@id\":\"https:\\\/\\\/www.ivinio.com\\\/fr\\\/produit\\\/domaine-marie-berenice-bandol-blanc\\\/#primaryimage\"},\"image\":{\"@id\":\"https:\\\/\\\/www.ivinio.com\\\/fr\\\/produit\\\/domaine-marie-berenice-bandol-blanc\\\/#primaryimage\"},\"thumbnailUrl\":\"https:\\\/\\\/www.ivinio.com\\\/wp-content\\\/uploads\\\/2024\\\/07\\\/Domaine-Marie-Berenice-Bandol-IVINIO.jpg\",\"datePublished\":\"2024-07-19T15:37:46+00:00\",\"dateModified\":\"2024-07-19T16:01:14+00:00\",\"description\":\"Domaine Marie B\u00e9r\u00e9nice - Bandol - Blanc. Beau vin de Bandol aux ar\u00f4mes intenses de citron et de fruits jaunes. Pour une bouillabaisse, ou un poisson grill\u00e9.\",\"breadcrumb\":{\"@id\":\"https:\\\/\\\/www.ivinio.com\\\/fr\\\/produit\\\/domaine-marie-berenice-bandol-blanc\\\/#breadcrumb\"},\"inLanguage\":\"fr-FR\",\"potentialAction\":[{\"@type\":\"ReadAction\",\"target\":[\"https:\\\/\\\/www.ivinio.com\\\/fr\\\/produit\\\/domaine-marie-berenice-bandol-blanc\\\/\"]}]},{\"@type\":\"ImageObject\",\"inLanguage\":\"fr-FR\",\"@id\":\"https:\\\/\\\/www.ivinio.com\\\/fr\\\/produit\\\/domaine-marie-berenice-bandol-blanc\\\/#primaryimage\",\"url\":\"https:\\\/\\\/www.ivinio.com\\\/wp-content\\\/uploads\\\/2024\\\/07\\\/Domaine-Marie-Berenice-Bandol-IVINIO.jpg\",\"contentUrl\":\"https:\\\/\\\/www.ivinio.com\\\/wp-content\\\/uploads\\\/2024\\\/07\\\/Domaine-Marie-Berenice-Bandol-IVINIO.jpg\",\"width\":500,\"height\":500},{\"@type\":\"BreadcrumbList\",\"@id\":\"https:\\\/\\\/www.ivinio.com\\\/fr\\\/produit\\\/domaine-marie-berenice-bandol-blanc\\\/#breadcrumb\",\"itemListElement\":[{\"@type\":\"ListItem\",\"position\":1,\"name\":\"Home\",\"item\":\"https:\\\/\\\/www.ivinio.com\\\/fr\\\/\"},{\"@type\":\"ListItem\",\"position\":2,\"name\":\"Boutique de vin\",\"item\":\"https:\\\/\\\/www.ivinio.com\\\/fr\\\/boutique-de-vin\\\/\"},{\"@type\":\"ListItem\",\"position\":3,\"name\":\"Domaine Marie B\u00e9r\u00e9nice &#8211; Bandol &#8211; Blanc\"}]},{\"@type\":\"WebSite\",\"@id\":\"https:\\\/\\\/www.ivinio.com\\\/fr\\\/#website\",\"url\":\"https:\\\/\\\/www.ivinio.com\\\/fr\\\/\",\"name\":\"IVINIO Caviste\",\"description\":\"Vins de France et d&#039;Italie avec livraison \u00e0 domicile\",\"publisher\":{\"@id\":\"https:\\\/\\\/www.ivinio.com\\\/fr\\\/#organization\"},\"potentialAction\":[{\"@type\":\"SearchAction\",\"target\":{\"@type\":\"EntryPoint\",\"urlTemplate\":\"https:\\\/\\\/www.ivinio.com\\\/fr\\\/?s={search_term_string}\"},\"query-input\":{\"@type\":\"PropertyValueSpecification\",\"valueRequired\":true,\"valueName\":\"search_term_string\"}}],\"inLanguage\":\"fr-FR\"},{\"@type\":\"Organization\",\"@id\":\"https:\\\/\\\/www.ivinio.com\\\/fr\\\/#organization\",\"name\":\"IVINIO\",\"url\":\"https:\\\/\\\/www.ivinio.com\\\/fr\\\/\",\"logo\":{\"@type\":\"ImageObject\",\"inLanguage\":\"fr-FR\",\"@id\":\"https:\\\/\\\/www.ivinio.com\\\/fr\\\/#\\\/schema\\\/logo\\\/image\\\/\",\"url\":\"https:\\\/\\\/www.ivinio.com\\\/wp-content\\\/uploads\\\/2021\\\/01\\\/Logo-Ivinio-v2.jpg\",\"contentUrl\":\"https:\\\/\\\/www.ivinio.com\\\/wp-content\\\/uploads\\\/2021\\\/01\\\/Logo-Ivinio-v2.jpg\",\"width\":1194,\"height\":1194,\"caption\":\"IVINIO\"},\"image\":{\"@id\":\"https:\\\/\\\/www.ivinio.com\\\/fr\\\/#\\\/schema\\\/logo\\\/image\\\/\"},\"sameAs\":[\"https:\\\/\\\/www.facebook.com\\\/groups\\\/165217837022391\\\/?ref=bookmarks\",\"https:\\\/\\\/www.instagram.com\\\/_ivinio_\\\/?hl=fr\"]}]}<\/script>\n<!-- \/ Yoast SEO plugin. -->","yoast_head_json":{"title":"Domaine Marie B\u00e9r\u00e9nice - Bandol - Blanc - IVINIO Caviste","description":"Domaine Marie B\u00e9r\u00e9nice - Bandol - Blanc. Beau vin de Bandol aux ar\u00f4mes intenses de citron et de fruits jaunes. Pour une bouillabaisse, ou un poisson grill\u00e9.","robots":{"index":"index","follow":"follow","max-snippet":"max-snippet:-1","max-image-preview":"max-image-preview:large","max-video-preview":"max-video-preview:-1"},"canonical":"https:\/\/www.ivinio.com\/fr\/produit\/domaine-marie-berenice-bandol-blanc\/","og_locale":"fr_FR","og_type":"article","og_title":"Domaine Marie B\u00e9r\u00e9nice - Bandol - Blanc - IVINIO Caviste","og_description":"Domaine Marie B\u00e9r\u00e9nice - Bandol - Blanc. Beau vin de Bandol aux ar\u00f4mes intenses de citron et de fruits jaunes. Pour une bouillabaisse, ou un poisson grill\u00e9.","og_url":"https:\/\/www.ivinio.com\/fr\/produit\/domaine-marie-berenice-bandol-blanc\/","og_site_name":"IVINIO Caviste","article_publisher":"https:\/\/www.facebook.com\/groups\/165217837022391\/?ref=bookmarks","article_modified_time":"2024-07-19T16:01:14+00:00","og_image":[{"width":500,"height":500,"url":"https:\/\/www.ivinio.com\/wp-content\/uploads\/2024\/07\/Domaine-Marie-Berenice-Bandol-IVINIO.jpg","type":"image\/jpeg"}],"twitter_card":"summary_large_image","twitter_misc":{"Dur\u00e9e de lecture estim\u00e9e":"1 minute"},"schema":{"@context":"https:\/\/schema.org","@graph":[{"@type":"WebPage","@id":"https:\/\/www.ivinio.com\/fr\/produit\/domaine-marie-berenice-bandol-blanc\/","url":"https:\/\/www.ivinio.com\/fr\/produit\/domaine-marie-berenice-bandol-blanc\/","name":"Domaine Marie B\u00e9r\u00e9nice - Bandol - Blanc - IVINIO Caviste","isPartOf":{"@id":"https:\/\/www.ivinio.com\/fr\/#website"},"primaryImageOfPage":{"@id":"https:\/\/www.ivinio.com\/fr\/produit\/domaine-marie-berenice-bandol-blanc\/#primaryimage"},"image":{"@id":"https:\/\/www.ivinio.com\/fr\/produit\/domaine-marie-berenice-bandol-blanc\/#primaryimage"},"thumbnailUrl":"https:\/\/www.ivinio.com\/wp-content\/uploads\/2024\/07\/Domaine-Marie-Berenice-Bandol-IVINIO.jpg","datePublished":"2024-07-19T15:37:46+00:00","dateModified":"2024-07-19T16:01:14+00:00","description":"Domaine Marie B\u00e9r\u00e9nice - Bandol - Blanc. Beau vin de Bandol aux ar\u00f4mes intenses de citron et de fruits jaunes. Pour une bouillabaisse, ou un poisson grill\u00e9.","breadcrumb":{"@id":"https:\/\/www.ivinio.com\/fr\/produit\/domaine-marie-berenice-bandol-blanc\/#breadcrumb"},"inLanguage":"fr-FR","potentialAction":[{"@type":"ReadAction","target":["https:\/\/www.ivinio.com\/fr\/produit\/domaine-marie-berenice-bandol-blanc\/"]}]},{"@type":"ImageObject","inLanguage":"fr-FR","@id":"https:\/\/www.ivinio.com\/fr\/produit\/domaine-marie-berenice-bandol-blanc\/#primaryimage","url":"https:\/\/www.ivinio.com\/wp-content\/uploads\/2024\/07\/Domaine-Marie-Berenice-Bandol-IVINIO.jpg","contentUrl":"https:\/\/www.ivinio.com\/wp-content\/uploads\/2024\/07\/Domaine-Marie-Berenice-Bandol-IVINIO.jpg","width":500,"height":500},{"@type":"BreadcrumbList","@id":"https:\/\/www.ivinio.com\/fr\/produit\/domaine-marie-berenice-bandol-blanc\/#breadcrumb","itemListElement":[{"@type":"ListItem","position":1,"name":"Home","item":"https:\/\/www.ivinio.com\/fr\/"},{"@type":"ListItem","position":2,"name":"Boutique de vin","item":"https:\/\/www.ivinio.com\/fr\/boutique-de-vin\/"},{"@type":"ListItem","position":3,"name":"Domaine Marie B\u00e9r\u00e9nice &#8211; Bandol &#8211; Blanc"}]},{"@type":"WebSite","@id":"https:\/\/www.ivinio.com\/fr\/#website","url":"https:\/\/www.ivinio.com\/fr\/","name":"IVINIO Caviste","description":"Vins de France et d&#039;Italie avec livraison \u00e0 domicile","publisher":{"@id":"https:\/\/www.ivinio.com\/fr\/#organization"},"potentialAction":[{"@type":"SearchAction","target":{"@type":"EntryPoint","urlTemplate":"https:\/\/www.ivinio.com\/fr\/?s={search_term_string}"},"query-input":{"@type":"PropertyValueSpecification","valueRequired":true,"valueName":"search_term_string"}}],"inLanguage":"fr-FR"},{"@type":"Organization","@id":"https:\/\/www.ivinio.com\/fr\/#organization","name":"IVINIO","url":"https:\/\/www.ivinio.com\/fr\/","logo":{"@type":"ImageObject","inLanguage":"fr-FR","@id":"https:\/\/www.ivinio.com\/fr\/#\/schema\/logo\/image\/","url":"https:\/\/www.ivinio.com\/wp-content\/uploads\/2021\/01\/Logo-Ivinio-v2.jpg","contentUrl":"https:\/\/www.ivinio.com\/wp-content\/uploads\/2021\/01\/Logo-Ivinio-v2.jpg","width":1194,"height":1194,"caption":"IVINIO"},"image":{"@id":"https:\/\/www.ivinio.com\/fr\/#\/schema\/logo\/image\/"},"sameAs":["https:\/\/www.facebook.com\/groups\/165217837022391\/?ref=bookmarks","https:\/\/www.instagram.com\/_ivinio_\/?hl=fr"]}]}},"jetpack_sharing_enabled":true,"_links":{"self":[{"href":"https:\/\/www.ivinio.com\/fr\/wp-json\/wp\/v2\/product\/135756","targetHints":{"allow":["GET"]}}],"collection":[{"href":"https:\/\/www.ivinio.com\/fr\/wp-json\/wp\/v2\/product"}],"about":[{"href":"https:\/\/www.ivinio.com\/fr\/wp-json\/wp\/v2\/types\/product"}],"replies":[{"embeddable":true,"href":"https:\/\/www.ivinio.com\/fr\/wp-json\/wp\/v2\/comments?post=135756"}],"wp:featuredmedia":[{"embeddable":true,"href":"https:\/\/www.ivinio.com\/fr\/wp-json\/wp\/v2\/media\/135739"}],"wp:attachment":[{"href":"https:\/\/www.ivinio.com\/fr\/wp-json\/wp\/v2\/media?parent=135756"}],"wp:term":[{"taxonomy":"product_brand","embeddable":true,"href":"https:\/\/www.ivinio.com\/fr\/wp-json\/wp\/v2\/product_brand?post=135756"},{"taxonomy":"product_cat","embeddable":true,"href":"https:\/\/www.ivinio.com\/fr\/wp-json\/wp\/v2\/product_cat?post=135756"},{"taxonomy":"product_tag","embeddable":true,"href":"https:\/\/www.ivinio.com\/fr\/wp-json\/wp\/v2\/product_tag?post=135756"}],"curies":[{"name":"wp","href":"https:\/\/api.w.org\/{rel}","templated":true}]}}