{"id":135393,"date":"2024-05-03T19:22:42","date_gmt":"2024-05-04T17:46:09","guid":{"rendered":"https:\/\/www.ivinio.com\/product\/chateau-baronne-tedaldi-cuvee-ornella-rouge\/"},"modified":"2024-05-04T19:52:45","modified_gmt":"2024-05-04T17:52:45","slug":"chateau-baronne-tedaldi-cuvee-ornella-rouge","status":"publish","type":"product","link":"https:\/\/www.ivinio.com\/fr\/produit\/chateau-baronne-tedaldi-cuvee-ornella-rouge\/","title":{"rendered":"Ch\u00e2teau Baronne Tedaldi &#8211; Cuv\u00e9e Ornella &#8211; Rouge"},"content":{"rendered":"<p>Ch\u00e2teau Baronne Tedaldi &#8211; Cuv\u00e9e Ornella &#8211; Vin rouge est compos\u00e9 de 70% Carignan, 20% Syrah &amp; 10% Grenache. La vinification se fait s\u00e9par\u00e9ment par c\u00e9page et par parcelle. Les raisins sont \u00e9grapp\u00e9s et ferment\u00e9s \u00e0 temp\u00e9rature contr\u00f4l\u00e9e. La vinification est longue et dure 40 jours pour le Carignan, 30 jours pour la Syrah et<br \/>\n10 jours de moins pour le Grenache. Ceci pour pr\u00e9server le fruit\u00e9 et la fra\u00eecheur du vin fini.<\/p>\n","protected":false},"excerpt":{"rendered":"<p>Un Minervois rond et \u00e9pic\u00e9 pour le barbecue !<\/p>\n","protected":false},"featured_media":135332,"comment_status":"open","ping_status":"closed","template":"","meta":{"_monsterinsights_skip_tracking":false,"_monsterinsights_sitenote_active":false,"_monsterinsights_sitenote_note":"","_monsterinsights_sitenote_category":0,"_uf_show_specific_survey":0,"_uf_disable_surveys":false},"product_brand":[],"product_cat":[36625,36586],"product_tag":[],"class_list":{"0":"post-135393","1":"product","2":"type-product","3":"status-publish","4":"has-post-thumbnail","6":"product_cat-fr-languedoc","7":"product_cat-vins-francais","8":"pa_alcohol-degree-145-fr","9":"pa_classification-aop-minervois-fr","10":"pa_color-rouge-fr","11":"pa_country-france-fr","12":"pa_grape-variety-carignan-fr","13":"pa_grape-variety-grenache-fr","14":"pa_grape-variety-syrah-fr","15":"pa_region-languedoc-fr","16":"pa_storage-potential-8-ans","17":"pa_vintage-2017-fr","18":"pa_volume-75-cl-fr","20":"first","21":"outofstock","22":"sale","23":"taxable","24":"shipping-taxable","25":"purchasable","26":"product-type-simple"},"bundled_by":["135397"],"bundle_stock_status":"outofstock","bundle_stock_quantity":null,"bundle_virtual":false,"bundle_layout":"","bundle_add_to_cart_form_location":"","bundle_editable_in_cart":false,"bundle_sold_individually_context":"","bundle_item_grouping":"","bundle_min_size":"","bundle_max_size":"","bundle_price":[],"bundled_items":[],"bundle_sell_ids":[],"yoast_head":"<!-- This site is optimized with the Yoast SEO plugin v27.5 - https:\/\/yoast.com\/product\/yoast-seo-wordpress\/ -->\n<title>Ch\u00e2teau Baronne Tedaldi - Cuv\u00e9e Ornella - Rouge - IVINIO Caviste<\/title>\n<meta name=\"description\" content=\"K\u00f6pa Ch\u00e2teau Baronne Tedaldi - Cuv\u00e9e Ornella - Rouge. Le palais est ample et pr\u00e9sente des notes fruit\u00e9es de garrigue et d&#039;\u00e9pices.\" \/>\n<meta name=\"robots\" content=\"index, follow, max-snippet:-1, max-image-preview:large, max-video-preview:-1\" \/>\n<link rel=\"canonical\" href=\"https:\/\/www.ivinio.com\/fr\/produit\/chateau-baronne-tedaldi-cuvee-ornella-rouge\/\" \/>\n<meta property=\"og:locale\" content=\"fr_FR\" \/>\n<meta property=\"og:type\" content=\"article\" \/>\n<meta property=\"og:title\" content=\"Ch\u00e2teau Baronne Tedaldi - Cuv\u00e9e Ornella - Rouge - IVINIO Caviste\" \/>\n<meta property=\"og:description\" content=\"K\u00f6pa Ch\u00e2teau Baronne Tedaldi - Cuv\u00e9e Ornella - Rouge. Le palais est ample et pr\u00e9sente des notes fruit\u00e9es de garrigue et d&#039;\u00e9pices.\" \/>\n<meta property=\"og:url\" content=\"https:\/\/www.ivinio.com\/fr\/produit\/chateau-baronne-tedaldi-cuvee-ornella-rouge\/\" \/>\n<meta property=\"og:site_name\" content=\"IVINIO Caviste\" \/>\n<meta property=\"article:publisher\" content=\"https:\/\/www.facebook.com\/groups\/165217837022391\/?ref=bookmarks\" \/>\n<meta property=\"article:modified_time\" content=\"2024-05-04T17:52:45+00:00\" \/>\n<meta property=\"og:image\" content=\"https:\/\/www.ivinio.com\/wp-content\/uploads\/2024\/05\/Chateau-Baronne-Tedaldi-cuvee-Ornella-IVINIO-1.jpg\" \/>\n\t<meta property=\"og:image:width\" content=\"500\" \/>\n\t<meta property=\"og:image:height\" content=\"500\" \/>\n\t<meta property=\"og:image:type\" content=\"image\/jpeg\" \/>\n<meta name=\"twitter:card\" content=\"summary_large_image\" \/>\n<meta name=\"twitter:label1\" content=\"Dur\u00e9e de lecture estim\u00e9e\" \/>\n\t<meta name=\"twitter:data1\" content=\"1 minute\" \/>\n<script type=\"application\/ld+json\" class=\"yoast-schema-graph\">{\"@context\":\"https:\\\/\\\/schema.org\",\"@graph\":[{\"@type\":\"WebPage\",\"@id\":\"https:\\\/\\\/www.ivinio.com\\\/fr\\\/produit\\\/chateau-baronne-tedaldi-cuvee-ornella-rouge\\\/\",\"url\":\"https:\\\/\\\/www.ivinio.com\\\/fr\\\/produit\\\/chateau-baronne-tedaldi-cuvee-ornella-rouge\\\/\",\"name\":\"Ch\u00e2teau Baronne Tedaldi - Cuv\u00e9e Ornella - Rouge - IVINIO Caviste\",\"isPartOf\":{\"@id\":\"https:\\\/\\\/www.ivinio.com\\\/fr\\\/#website\"},\"primaryImageOfPage\":{\"@id\":\"https:\\\/\\\/www.ivinio.com\\\/fr\\\/produit\\\/chateau-baronne-tedaldi-cuvee-ornella-rouge\\\/#primaryimage\"},\"image\":{\"@id\":\"https:\\\/\\\/www.ivinio.com\\\/fr\\\/produit\\\/chateau-baronne-tedaldi-cuvee-ornella-rouge\\\/#primaryimage\"},\"thumbnailUrl\":\"https:\\\/\\\/www.ivinio.com\\\/wp-content\\\/uploads\\\/2024\\\/05\\\/Chateau-Baronne-Tedaldi-cuvee-Ornella-IVINIO-1.jpg\",\"datePublished\":\"2024-05-04T17:46:09+00:00\",\"dateModified\":\"2024-05-04T17:52:45+00:00\",\"description\":\"K\u00f6pa Ch\u00e2teau Baronne Tedaldi - Cuv\u00e9e Ornella - Rouge. Le palais est ample et pr\u00e9sente des notes fruit\u00e9es de garrigue et d'\u00e9pices.\",\"breadcrumb\":{\"@id\":\"https:\\\/\\\/www.ivinio.com\\\/fr\\\/produit\\\/chateau-baronne-tedaldi-cuvee-ornella-rouge\\\/#breadcrumb\"},\"inLanguage\":\"fr-FR\",\"potentialAction\":[{\"@type\":\"ReadAction\",\"target\":[\"https:\\\/\\\/www.ivinio.com\\\/fr\\\/produit\\\/chateau-baronne-tedaldi-cuvee-ornella-rouge\\\/\"]}]},{\"@type\":\"ImageObject\",\"inLanguage\":\"fr-FR\",\"@id\":\"https:\\\/\\\/www.ivinio.com\\\/fr\\\/produit\\\/chateau-baronne-tedaldi-cuvee-ornella-rouge\\\/#primaryimage\",\"url\":\"https:\\\/\\\/www.ivinio.com\\\/wp-content\\\/uploads\\\/2024\\\/05\\\/Chateau-Baronne-Tedaldi-cuvee-Ornella-IVINIO-1.jpg\",\"contentUrl\":\"https:\\\/\\\/www.ivinio.com\\\/wp-content\\\/uploads\\\/2024\\\/05\\\/Chateau-Baronne-Tedaldi-cuvee-Ornella-IVINIO-1.jpg\",\"width\":500,\"height\":500},{\"@type\":\"BreadcrumbList\",\"@id\":\"https:\\\/\\\/www.ivinio.com\\\/fr\\\/produit\\\/chateau-baronne-tedaldi-cuvee-ornella-rouge\\\/#breadcrumb\",\"itemListElement\":[{\"@type\":\"ListItem\",\"position\":1,\"name\":\"Home\",\"item\":\"https:\\\/\\\/www.ivinio.com\\\/fr\\\/\"},{\"@type\":\"ListItem\",\"position\":2,\"name\":\"Boutique de vin\",\"item\":\"https:\\\/\\\/www.ivinio.com\\\/fr\\\/boutique-de-vin\\\/\"},{\"@type\":\"ListItem\",\"position\":3,\"name\":\"Ch\u00e2teau Baronne Tedaldi &#8211; Cuv\u00e9e Ornella &#8211; Rouge\"}]},{\"@type\":\"WebSite\",\"@id\":\"https:\\\/\\\/www.ivinio.com\\\/fr\\\/#website\",\"url\":\"https:\\\/\\\/www.ivinio.com\\\/fr\\\/\",\"name\":\"IVINIO Caviste\",\"description\":\"Vins de France et d&#039;Italie avec livraison \u00e0 domicile\",\"publisher\":{\"@id\":\"https:\\\/\\\/www.ivinio.com\\\/fr\\\/#organization\"},\"potentialAction\":[{\"@type\":\"SearchAction\",\"target\":{\"@type\":\"EntryPoint\",\"urlTemplate\":\"https:\\\/\\\/www.ivinio.com\\\/fr\\\/?s={search_term_string}\"},\"query-input\":{\"@type\":\"PropertyValueSpecification\",\"valueRequired\":true,\"valueName\":\"search_term_string\"}}],\"inLanguage\":\"fr-FR\"},{\"@type\":\"Organization\",\"@id\":\"https:\\\/\\\/www.ivinio.com\\\/fr\\\/#organization\",\"name\":\"IVINIO\",\"url\":\"https:\\\/\\\/www.ivinio.com\\\/fr\\\/\",\"logo\":{\"@type\":\"ImageObject\",\"inLanguage\":\"fr-FR\",\"@id\":\"https:\\\/\\\/www.ivinio.com\\\/fr\\\/#\\\/schema\\\/logo\\\/image\\\/\",\"url\":\"https:\\\/\\\/www.ivinio.com\\\/wp-content\\\/uploads\\\/2021\\\/01\\\/Logo-Ivinio-v2.jpg\",\"contentUrl\":\"https:\\\/\\\/www.ivinio.com\\\/wp-content\\\/uploads\\\/2021\\\/01\\\/Logo-Ivinio-v2.jpg\",\"width\":1194,\"height\":1194,\"caption\":\"IVINIO\"},\"image\":{\"@id\":\"https:\\\/\\\/www.ivinio.com\\\/fr\\\/#\\\/schema\\\/logo\\\/image\\\/\"},\"sameAs\":[\"https:\\\/\\\/www.facebook.com\\\/groups\\\/165217837022391\\\/?ref=bookmarks\",\"https:\\\/\\\/www.instagram.com\\\/_ivinio_\\\/?hl=fr\"]}]}<\/script>\n<!-- \/ Yoast SEO plugin. -->","yoast_head_json":{"title":"Ch\u00e2teau Baronne Tedaldi - Cuv\u00e9e Ornella - Rouge - IVINIO Caviste","description":"K\u00f6pa Ch\u00e2teau Baronne Tedaldi - Cuv\u00e9e Ornella - Rouge. Le palais est ample et pr\u00e9sente des notes fruit\u00e9es de garrigue et d'\u00e9pices.","robots":{"index":"index","follow":"follow","max-snippet":"max-snippet:-1","max-image-preview":"max-image-preview:large","max-video-preview":"max-video-preview:-1"},"canonical":"https:\/\/www.ivinio.com\/fr\/produit\/chateau-baronne-tedaldi-cuvee-ornella-rouge\/","og_locale":"fr_FR","og_type":"article","og_title":"Ch\u00e2teau Baronne Tedaldi - Cuv\u00e9e Ornella - Rouge - IVINIO Caviste","og_description":"K\u00f6pa Ch\u00e2teau Baronne Tedaldi - Cuv\u00e9e Ornella - Rouge. Le palais est ample et pr\u00e9sente des notes fruit\u00e9es de garrigue et d'\u00e9pices.","og_url":"https:\/\/www.ivinio.com\/fr\/produit\/chateau-baronne-tedaldi-cuvee-ornella-rouge\/","og_site_name":"IVINIO Caviste","article_publisher":"https:\/\/www.facebook.com\/groups\/165217837022391\/?ref=bookmarks","article_modified_time":"2024-05-04T17:52:45+00:00","og_image":[{"width":500,"height":500,"url":"https:\/\/www.ivinio.com\/wp-content\/uploads\/2024\/05\/Chateau-Baronne-Tedaldi-cuvee-Ornella-IVINIO-1.jpg","type":"image\/jpeg"}],"twitter_card":"summary_large_image","twitter_misc":{"Dur\u00e9e de lecture estim\u00e9e":"1 minute"},"schema":{"@context":"https:\/\/schema.org","@graph":[{"@type":"WebPage","@id":"https:\/\/www.ivinio.com\/fr\/produit\/chateau-baronne-tedaldi-cuvee-ornella-rouge\/","url":"https:\/\/www.ivinio.com\/fr\/produit\/chateau-baronne-tedaldi-cuvee-ornella-rouge\/","name":"Ch\u00e2teau Baronne Tedaldi - Cuv\u00e9e Ornella - Rouge - IVINIO Caviste","isPartOf":{"@id":"https:\/\/www.ivinio.com\/fr\/#website"},"primaryImageOfPage":{"@id":"https:\/\/www.ivinio.com\/fr\/produit\/chateau-baronne-tedaldi-cuvee-ornella-rouge\/#primaryimage"},"image":{"@id":"https:\/\/www.ivinio.com\/fr\/produit\/chateau-baronne-tedaldi-cuvee-ornella-rouge\/#primaryimage"},"thumbnailUrl":"https:\/\/www.ivinio.com\/wp-content\/uploads\/2024\/05\/Chateau-Baronne-Tedaldi-cuvee-Ornella-IVINIO-1.jpg","datePublished":"2024-05-04T17:46:09+00:00","dateModified":"2024-05-04T17:52:45+00:00","description":"K\u00f6pa Ch\u00e2teau Baronne Tedaldi - Cuv\u00e9e Ornella - Rouge. Le palais est ample et pr\u00e9sente des notes fruit\u00e9es de garrigue et d'\u00e9pices.","breadcrumb":{"@id":"https:\/\/www.ivinio.com\/fr\/produit\/chateau-baronne-tedaldi-cuvee-ornella-rouge\/#breadcrumb"},"inLanguage":"fr-FR","potentialAction":[{"@type":"ReadAction","target":["https:\/\/www.ivinio.com\/fr\/produit\/chateau-baronne-tedaldi-cuvee-ornella-rouge\/"]}]},{"@type":"ImageObject","inLanguage":"fr-FR","@id":"https:\/\/www.ivinio.com\/fr\/produit\/chateau-baronne-tedaldi-cuvee-ornella-rouge\/#primaryimage","url":"https:\/\/www.ivinio.com\/wp-content\/uploads\/2024\/05\/Chateau-Baronne-Tedaldi-cuvee-Ornella-IVINIO-1.jpg","contentUrl":"https:\/\/www.ivinio.com\/wp-content\/uploads\/2024\/05\/Chateau-Baronne-Tedaldi-cuvee-Ornella-IVINIO-1.jpg","width":500,"height":500},{"@type":"BreadcrumbList","@id":"https:\/\/www.ivinio.com\/fr\/produit\/chateau-baronne-tedaldi-cuvee-ornella-rouge\/#breadcrumb","itemListElement":[{"@type":"ListItem","position":1,"name":"Home","item":"https:\/\/www.ivinio.com\/fr\/"},{"@type":"ListItem","position":2,"name":"Boutique de vin","item":"https:\/\/www.ivinio.com\/fr\/boutique-de-vin\/"},{"@type":"ListItem","position":3,"name":"Ch\u00e2teau Baronne Tedaldi &#8211; Cuv\u00e9e Ornella &#8211; Rouge"}]},{"@type":"WebSite","@id":"https:\/\/www.ivinio.com\/fr\/#website","url":"https:\/\/www.ivinio.com\/fr\/","name":"IVINIO Caviste","description":"Vins de France et d&#039;Italie avec livraison \u00e0 domicile","publisher":{"@id":"https:\/\/www.ivinio.com\/fr\/#organization"},"potentialAction":[{"@type":"SearchAction","target":{"@type":"EntryPoint","urlTemplate":"https:\/\/www.ivinio.com\/fr\/?s={search_term_string}"},"query-input":{"@type":"PropertyValueSpecification","valueRequired":true,"valueName":"search_term_string"}}],"inLanguage":"fr-FR"},{"@type":"Organization","@id":"https:\/\/www.ivinio.com\/fr\/#organization","name":"IVINIO","url":"https:\/\/www.ivinio.com\/fr\/","logo":{"@type":"ImageObject","inLanguage":"fr-FR","@id":"https:\/\/www.ivinio.com\/fr\/#\/schema\/logo\/image\/","url":"https:\/\/www.ivinio.com\/wp-content\/uploads\/2021\/01\/Logo-Ivinio-v2.jpg","contentUrl":"https:\/\/www.ivinio.com\/wp-content\/uploads\/2021\/01\/Logo-Ivinio-v2.jpg","width":1194,"height":1194,"caption":"IVINIO"},"image":{"@id":"https:\/\/www.ivinio.com\/fr\/#\/schema\/logo\/image\/"},"sameAs":["https:\/\/www.facebook.com\/groups\/165217837022391\/?ref=bookmarks","https:\/\/www.instagram.com\/_ivinio_\/?hl=fr"]}]}},"jetpack_sharing_enabled":true,"_links":{"self":[{"href":"https:\/\/www.ivinio.com\/fr\/wp-json\/wp\/v2\/product\/135393","targetHints":{"allow":["GET"]}}],"collection":[{"href":"https:\/\/www.ivinio.com\/fr\/wp-json\/wp\/v2\/product"}],"about":[{"href":"https:\/\/www.ivinio.com\/fr\/wp-json\/wp\/v2\/types\/product"}],"replies":[{"embeddable":true,"href":"https:\/\/www.ivinio.com\/fr\/wp-json\/wp\/v2\/comments?post=135393"}],"wp:featuredmedia":[{"embeddable":true,"href":"https:\/\/www.ivinio.com\/fr\/wp-json\/wp\/v2\/media\/135332"}],"wp:attachment":[{"href":"https:\/\/www.ivinio.com\/fr\/wp-json\/wp\/v2\/media?parent=135393"}],"wp:term":[{"taxonomy":"product_brand","embeddable":true,"href":"https:\/\/www.ivinio.com\/fr\/wp-json\/wp\/v2\/product_brand?post=135393"},{"taxonomy":"product_cat","embeddable":true,"href":"https:\/\/www.ivinio.com\/fr\/wp-json\/wp\/v2\/product_cat?post=135393"},{"taxonomy":"product_tag","embeddable":true,"href":"https:\/\/www.ivinio.com\/fr\/wp-json\/wp\/v2\/product_tag?post=135393"}],"curies":[{"name":"wp","href":"https:\/\/api.w.org\/{rel}","templated":true}]}}