{"id":135087,"date":"2024-03-16T18:32:31","date_gmt":"2024-03-22T18:16:48","guid":{"rendered":"https:\/\/www.ivinio.com\/product\/domaine-francoise-andre-beaune-montee-rouge-rouge\/"},"modified":"2024-03-22T19:25:42","modified_gmt":"2024-03-22T18:25:42","slug":"domaine-francoise-andre-beaune-montee-rouge-rouge","status":"publish","type":"product","link":"https:\/\/www.ivinio.com\/fr\/produit\/domaine-francoise-andre-beaune-montee-rouge-rouge\/","title":{"rendered":"Domaine Fran\u00e7oise Andr\u00e9 &#8211; Beaune &#8211; Mont\u00e9e Rouge &#8211; Rouge"},"content":{"rendered":"<p>Domaine Fran\u00e7oise Andr\u00e9 &#8211; Beaune &#8211; Mont\u00e9e Rouge &#8211; Rouge est compos\u00e9 de 100% Pinot noir cultiv\u00e9s sur un peu moins d&#8217;un demi-hectare de terrain. Les vendanges sont r\u00e9alis\u00e9es manuellement avec un tri minutieux des grappes. L&#8217;\u00e9grappage est cat\u00e9gorique pour valoriser la finesse et l&#8217;\u00e9l\u00e9gance des tanins. Une mac\u00e9ration pr\u00e9fermentaire d&#8217;environ 7 jours est r\u00e9alis\u00e9e en cuves inox thermor\u00e9gul\u00e9es, ce qui garantit une pr\u00e9cision dans les diff\u00e9rentes \u00e9tapes de vinification. Lors de la fermentation, le mo\u00fbt est d\u00e9gust\u00e9 quotidiennement pour ajuster le processus (remontage\/pigeage). Le but est de permettre une extraction optimale des peaux en limitant au maximum l&#8217;influence des graines et les mati\u00e8res plus grossi\u00e8res. Apr\u00e8s fermentation, le vin est \u00e9lev\u00e9 en f\u00fbts de 228 litres pendant 12 mois. La proportion de f\u00fbts neufs est volontairement mod\u00e9r\u00e9e (environ 25 \u00e0 30% par an) pour permettre au terroir de l&#8217;appellation de s&#8217;exprimer plut\u00f4t que le bois. Les barriques sont \u00e9labor\u00e9es en collaboration avec le tonnelier pour les adapter au mieux au caract\u00e8re du vin.<\/p>\n","protected":false},"excerpt":{"rendered":"<p>Un Beaune l\u00e9ger et raffin\u00e9 avec des notes florales de pivoines et de roses &#8211; le palais est fruit\u00e9 et frais.<\/p>\n","protected":false},"featured_media":135034,"comment_status":"open","ping_status":"closed","template":"","meta":{"_monsterinsights_skip_tracking":false,"_monsterinsights_sitenote_active":false,"_monsterinsights_sitenote_note":"","_monsterinsights_sitenote_category":0,"_uf_show_specific_survey":0,"_uf_disable_surveys":false},"product_brand":[],"product_cat":[36610,36586],"product_tag":[],"class_list":{"0":"post-135087","1":"product","2":"type-product","3":"status-publish","4":"has-post-thumbnail","6":"product_cat-fr-bourgogne","7":"product_cat-vins-francais","8":"pa_alcohol-degree-13-fr","9":"pa_classification-aop-beaune-fr","10":"pa_color-rouge-fr","11":"pa_country-france-fr","12":"pa_grape-variety-pinot-noir-fr","13":"pa_region-bourgogne-fr","14":"pa_storage-potential-10-ans-fr","15":"pa_vintage-2017-fr","16":"pa_volume-75-cl-fr","18":"first","19":"outofstock","20":"taxable","21":"shipping-taxable","22":"purchasable","23":"product-type-simple"},"bundled_by":["135090"],"bundle_stock_status":"outofstock","bundle_stock_quantity":null,"bundle_virtual":false,"bundle_layout":"","bundle_add_to_cart_form_location":"","bundle_editable_in_cart":false,"bundle_sold_individually_context":"","bundle_item_grouping":"","bundle_min_size":"","bundle_max_size":"","bundle_price":[],"bundled_items":[],"bundle_sell_ids":[],"yoast_head":"<!-- This site is optimized with the Yoast SEO plugin v27.5 - https:\/\/yoast.com\/product\/yoast-seo-wordpress\/ -->\n<title>Domaine Fran\u00e7oise Andr\u00e9 - Beaune - Mont\u00e9e Rouge - Rouge - IVINIO Caviste<\/title>\n<meta name=\"description\" content=\"Domaine Fran\u00e7oise Andr\u00e9 - Beaune - Mont\u00e9e Rouge - Rouge. Le nez exprime des notes florales de pivoines et de roses, le palais est fruit\u00e9 et frais.\" \/>\n<meta name=\"robots\" content=\"index, follow, max-snippet:-1, max-image-preview:large, max-video-preview:-1\" \/>\n<link rel=\"canonical\" href=\"https:\/\/www.ivinio.com\/fr\/produit\/domaine-francoise-andre-beaune-montee-rouge-rouge\/\" \/>\n<meta property=\"og:locale\" content=\"fr_FR\" \/>\n<meta property=\"og:type\" content=\"article\" \/>\n<meta property=\"og:title\" content=\"Domaine Fran\u00e7oise Andr\u00e9 - Beaune - Mont\u00e9e Rouge - Rouge - IVINIO Caviste\" \/>\n<meta property=\"og:description\" content=\"Domaine Fran\u00e7oise Andr\u00e9 - Beaune - Mont\u00e9e Rouge - Rouge. Le nez exprime des notes florales de pivoines et de roses, le palais est fruit\u00e9 et frais.\" \/>\n<meta property=\"og:url\" content=\"https:\/\/www.ivinio.com\/fr\/produit\/domaine-francoise-andre-beaune-montee-rouge-rouge\/\" \/>\n<meta property=\"og:site_name\" content=\"IVINIO Caviste\" \/>\n<meta property=\"article:publisher\" content=\"https:\/\/www.facebook.com\/groups\/165217837022391\/?ref=bookmarks\" \/>\n<meta property=\"article:modified_time\" content=\"2024-03-22T18:25:42+00:00\" \/>\n<meta property=\"og:image\" content=\"https:\/\/www.ivinio.com\/wp-content\/uploads\/2024\/03\/Domaine-Francoise-Andre-Beane-Montee-rouge-IVINIO.jpg\" \/>\n\t<meta property=\"og:image:width\" content=\"500\" \/>\n\t<meta property=\"og:image:height\" content=\"500\" \/>\n\t<meta property=\"og:image:type\" content=\"image\/jpeg\" \/>\n<meta name=\"twitter:card\" content=\"summary_large_image\" \/>\n<meta name=\"twitter:label1\" content=\"Dur\u00e9e de lecture estim\u00e9e\" \/>\n\t<meta name=\"twitter:data1\" content=\"1 minute\" \/>\n<script type=\"application\/ld+json\" class=\"yoast-schema-graph\">{\"@context\":\"https:\\\/\\\/schema.org\",\"@graph\":[{\"@type\":\"WebPage\",\"@id\":\"https:\\\/\\\/www.ivinio.com\\\/fr\\\/produit\\\/domaine-francoise-andre-beaune-montee-rouge-rouge\\\/\",\"url\":\"https:\\\/\\\/www.ivinio.com\\\/fr\\\/produit\\\/domaine-francoise-andre-beaune-montee-rouge-rouge\\\/\",\"name\":\"Domaine Fran\u00e7oise Andr\u00e9 - Beaune - Mont\u00e9e Rouge - Rouge - IVINIO Caviste\",\"isPartOf\":{\"@id\":\"https:\\\/\\\/www.ivinio.com\\\/fr\\\/#website\"},\"primaryImageOfPage\":{\"@id\":\"https:\\\/\\\/www.ivinio.com\\\/fr\\\/produit\\\/domaine-francoise-andre-beaune-montee-rouge-rouge\\\/#primaryimage\"},\"image\":{\"@id\":\"https:\\\/\\\/www.ivinio.com\\\/fr\\\/produit\\\/domaine-francoise-andre-beaune-montee-rouge-rouge\\\/#primaryimage\"},\"thumbnailUrl\":\"https:\\\/\\\/www.ivinio.com\\\/wp-content\\\/uploads\\\/2024\\\/03\\\/Domaine-Francoise-Andre-Beane-Montee-rouge-IVINIO.jpg\",\"datePublished\":\"2024-03-22T18:16:48+00:00\",\"dateModified\":\"2024-03-22T18:25:42+00:00\",\"description\":\"Domaine Fran\u00e7oise Andr\u00e9 - Beaune - Mont\u00e9e Rouge - Rouge. Le nez exprime des notes florales de pivoines et de roses, le palais est fruit\u00e9 et frais.\",\"breadcrumb\":{\"@id\":\"https:\\\/\\\/www.ivinio.com\\\/fr\\\/produit\\\/domaine-francoise-andre-beaune-montee-rouge-rouge\\\/#breadcrumb\"},\"inLanguage\":\"fr-FR\",\"potentialAction\":[{\"@type\":\"ReadAction\",\"target\":[\"https:\\\/\\\/www.ivinio.com\\\/fr\\\/produit\\\/domaine-francoise-andre-beaune-montee-rouge-rouge\\\/\"]}]},{\"@type\":\"ImageObject\",\"inLanguage\":\"fr-FR\",\"@id\":\"https:\\\/\\\/www.ivinio.com\\\/fr\\\/produit\\\/domaine-francoise-andre-beaune-montee-rouge-rouge\\\/#primaryimage\",\"url\":\"https:\\\/\\\/www.ivinio.com\\\/wp-content\\\/uploads\\\/2024\\\/03\\\/Domaine-Francoise-Andre-Beane-Montee-rouge-IVINIO.jpg\",\"contentUrl\":\"https:\\\/\\\/www.ivinio.com\\\/wp-content\\\/uploads\\\/2024\\\/03\\\/Domaine-Francoise-Andre-Beane-Montee-rouge-IVINIO.jpg\",\"width\":500,\"height\":500},{\"@type\":\"BreadcrumbList\",\"@id\":\"https:\\\/\\\/www.ivinio.com\\\/fr\\\/produit\\\/domaine-francoise-andre-beaune-montee-rouge-rouge\\\/#breadcrumb\",\"itemListElement\":[{\"@type\":\"ListItem\",\"position\":1,\"name\":\"Home\",\"item\":\"https:\\\/\\\/www.ivinio.com\\\/fr\\\/\"},{\"@type\":\"ListItem\",\"position\":2,\"name\":\"Boutique de vin\",\"item\":\"https:\\\/\\\/www.ivinio.com\\\/fr\\\/boutique-de-vin\\\/\"},{\"@type\":\"ListItem\",\"position\":3,\"name\":\"Domaine Fran\u00e7oise Andr\u00e9 &#8211; Beaune &#8211; Mont\u00e9e Rouge &#8211; Rouge\"}]},{\"@type\":\"WebSite\",\"@id\":\"https:\\\/\\\/www.ivinio.com\\\/fr\\\/#website\",\"url\":\"https:\\\/\\\/www.ivinio.com\\\/fr\\\/\",\"name\":\"IVINIO Caviste\",\"description\":\"Vins de France et d&#039;Italie avec livraison \u00e0 domicile\",\"publisher\":{\"@id\":\"https:\\\/\\\/www.ivinio.com\\\/fr\\\/#organization\"},\"potentialAction\":[{\"@type\":\"SearchAction\",\"target\":{\"@type\":\"EntryPoint\",\"urlTemplate\":\"https:\\\/\\\/www.ivinio.com\\\/fr\\\/?s={search_term_string}\"},\"query-input\":{\"@type\":\"PropertyValueSpecification\",\"valueRequired\":true,\"valueName\":\"search_term_string\"}}],\"inLanguage\":\"fr-FR\"},{\"@type\":\"Organization\",\"@id\":\"https:\\\/\\\/www.ivinio.com\\\/fr\\\/#organization\",\"name\":\"IVINIO\",\"url\":\"https:\\\/\\\/www.ivinio.com\\\/fr\\\/\",\"logo\":{\"@type\":\"ImageObject\",\"inLanguage\":\"fr-FR\",\"@id\":\"https:\\\/\\\/www.ivinio.com\\\/fr\\\/#\\\/schema\\\/logo\\\/image\\\/\",\"url\":\"https:\\\/\\\/www.ivinio.com\\\/wp-content\\\/uploads\\\/2021\\\/01\\\/Logo-Ivinio-v2.jpg\",\"contentUrl\":\"https:\\\/\\\/www.ivinio.com\\\/wp-content\\\/uploads\\\/2021\\\/01\\\/Logo-Ivinio-v2.jpg\",\"width\":1194,\"height\":1194,\"caption\":\"IVINIO\"},\"image\":{\"@id\":\"https:\\\/\\\/www.ivinio.com\\\/fr\\\/#\\\/schema\\\/logo\\\/image\\\/\"},\"sameAs\":[\"https:\\\/\\\/www.facebook.com\\\/groups\\\/165217837022391\\\/?ref=bookmarks\",\"https:\\\/\\\/www.instagram.com\\\/_ivinio_\\\/?hl=fr\"]}]}<\/script>\n<!-- \/ Yoast SEO plugin. -->","yoast_head_json":{"title":"Domaine Fran\u00e7oise Andr\u00e9 - Beaune - Mont\u00e9e Rouge - Rouge - IVINIO Caviste","description":"Domaine Fran\u00e7oise Andr\u00e9 - Beaune - Mont\u00e9e Rouge - Rouge. Le nez exprime des notes florales de pivoines et de roses, le palais est fruit\u00e9 et frais.","robots":{"index":"index","follow":"follow","max-snippet":"max-snippet:-1","max-image-preview":"max-image-preview:large","max-video-preview":"max-video-preview:-1"},"canonical":"https:\/\/www.ivinio.com\/fr\/produit\/domaine-francoise-andre-beaune-montee-rouge-rouge\/","og_locale":"fr_FR","og_type":"article","og_title":"Domaine Fran\u00e7oise Andr\u00e9 - Beaune - Mont\u00e9e Rouge - Rouge - IVINIO Caviste","og_description":"Domaine Fran\u00e7oise Andr\u00e9 - Beaune - Mont\u00e9e Rouge - Rouge. Le nez exprime des notes florales de pivoines et de roses, le palais est fruit\u00e9 et frais.","og_url":"https:\/\/www.ivinio.com\/fr\/produit\/domaine-francoise-andre-beaune-montee-rouge-rouge\/","og_site_name":"IVINIO Caviste","article_publisher":"https:\/\/www.facebook.com\/groups\/165217837022391\/?ref=bookmarks","article_modified_time":"2024-03-22T18:25:42+00:00","og_image":[{"width":500,"height":500,"url":"https:\/\/www.ivinio.com\/wp-content\/uploads\/2024\/03\/Domaine-Francoise-Andre-Beane-Montee-rouge-IVINIO.jpg","type":"image\/jpeg"}],"twitter_card":"summary_large_image","twitter_misc":{"Dur\u00e9e de lecture estim\u00e9e":"1 minute"},"schema":{"@context":"https:\/\/schema.org","@graph":[{"@type":"WebPage","@id":"https:\/\/www.ivinio.com\/fr\/produit\/domaine-francoise-andre-beaune-montee-rouge-rouge\/","url":"https:\/\/www.ivinio.com\/fr\/produit\/domaine-francoise-andre-beaune-montee-rouge-rouge\/","name":"Domaine Fran\u00e7oise Andr\u00e9 - Beaune - Mont\u00e9e Rouge - Rouge - IVINIO Caviste","isPartOf":{"@id":"https:\/\/www.ivinio.com\/fr\/#website"},"primaryImageOfPage":{"@id":"https:\/\/www.ivinio.com\/fr\/produit\/domaine-francoise-andre-beaune-montee-rouge-rouge\/#primaryimage"},"image":{"@id":"https:\/\/www.ivinio.com\/fr\/produit\/domaine-francoise-andre-beaune-montee-rouge-rouge\/#primaryimage"},"thumbnailUrl":"https:\/\/www.ivinio.com\/wp-content\/uploads\/2024\/03\/Domaine-Francoise-Andre-Beane-Montee-rouge-IVINIO.jpg","datePublished":"2024-03-22T18:16:48+00:00","dateModified":"2024-03-22T18:25:42+00:00","description":"Domaine Fran\u00e7oise Andr\u00e9 - Beaune - Mont\u00e9e Rouge - Rouge. Le nez exprime des notes florales de pivoines et de roses, le palais est fruit\u00e9 et frais.","breadcrumb":{"@id":"https:\/\/www.ivinio.com\/fr\/produit\/domaine-francoise-andre-beaune-montee-rouge-rouge\/#breadcrumb"},"inLanguage":"fr-FR","potentialAction":[{"@type":"ReadAction","target":["https:\/\/www.ivinio.com\/fr\/produit\/domaine-francoise-andre-beaune-montee-rouge-rouge\/"]}]},{"@type":"ImageObject","inLanguage":"fr-FR","@id":"https:\/\/www.ivinio.com\/fr\/produit\/domaine-francoise-andre-beaune-montee-rouge-rouge\/#primaryimage","url":"https:\/\/www.ivinio.com\/wp-content\/uploads\/2024\/03\/Domaine-Francoise-Andre-Beane-Montee-rouge-IVINIO.jpg","contentUrl":"https:\/\/www.ivinio.com\/wp-content\/uploads\/2024\/03\/Domaine-Francoise-Andre-Beane-Montee-rouge-IVINIO.jpg","width":500,"height":500},{"@type":"BreadcrumbList","@id":"https:\/\/www.ivinio.com\/fr\/produit\/domaine-francoise-andre-beaune-montee-rouge-rouge\/#breadcrumb","itemListElement":[{"@type":"ListItem","position":1,"name":"Home","item":"https:\/\/www.ivinio.com\/fr\/"},{"@type":"ListItem","position":2,"name":"Boutique de vin","item":"https:\/\/www.ivinio.com\/fr\/boutique-de-vin\/"},{"@type":"ListItem","position":3,"name":"Domaine Fran\u00e7oise Andr\u00e9 &#8211; Beaune &#8211; Mont\u00e9e Rouge &#8211; Rouge"}]},{"@type":"WebSite","@id":"https:\/\/www.ivinio.com\/fr\/#website","url":"https:\/\/www.ivinio.com\/fr\/","name":"IVINIO Caviste","description":"Vins de France et d&#039;Italie avec livraison \u00e0 domicile","publisher":{"@id":"https:\/\/www.ivinio.com\/fr\/#organization"},"potentialAction":[{"@type":"SearchAction","target":{"@type":"EntryPoint","urlTemplate":"https:\/\/www.ivinio.com\/fr\/?s={search_term_string}"},"query-input":{"@type":"PropertyValueSpecification","valueRequired":true,"valueName":"search_term_string"}}],"inLanguage":"fr-FR"},{"@type":"Organization","@id":"https:\/\/www.ivinio.com\/fr\/#organization","name":"IVINIO","url":"https:\/\/www.ivinio.com\/fr\/","logo":{"@type":"ImageObject","inLanguage":"fr-FR","@id":"https:\/\/www.ivinio.com\/fr\/#\/schema\/logo\/image\/","url":"https:\/\/www.ivinio.com\/wp-content\/uploads\/2021\/01\/Logo-Ivinio-v2.jpg","contentUrl":"https:\/\/www.ivinio.com\/wp-content\/uploads\/2021\/01\/Logo-Ivinio-v2.jpg","width":1194,"height":1194,"caption":"IVINIO"},"image":{"@id":"https:\/\/www.ivinio.com\/fr\/#\/schema\/logo\/image\/"},"sameAs":["https:\/\/www.facebook.com\/groups\/165217837022391\/?ref=bookmarks","https:\/\/www.instagram.com\/_ivinio_\/?hl=fr"]}]}},"jetpack_sharing_enabled":true,"_links":{"self":[{"href":"https:\/\/www.ivinio.com\/fr\/wp-json\/wp\/v2\/product\/135087","targetHints":{"allow":["GET"]}}],"collection":[{"href":"https:\/\/www.ivinio.com\/fr\/wp-json\/wp\/v2\/product"}],"about":[{"href":"https:\/\/www.ivinio.com\/fr\/wp-json\/wp\/v2\/types\/product"}],"replies":[{"embeddable":true,"href":"https:\/\/www.ivinio.com\/fr\/wp-json\/wp\/v2\/comments?post=135087"}],"wp:featuredmedia":[{"embeddable":true,"href":"https:\/\/www.ivinio.com\/fr\/wp-json\/wp\/v2\/media\/135034"}],"wp:attachment":[{"href":"https:\/\/www.ivinio.com\/fr\/wp-json\/wp\/v2\/media?parent=135087"}],"wp:term":[{"taxonomy":"product_brand","embeddable":true,"href":"https:\/\/www.ivinio.com\/fr\/wp-json\/wp\/v2\/product_brand?post=135087"},{"taxonomy":"product_cat","embeddable":true,"href":"https:\/\/www.ivinio.com\/fr\/wp-json\/wp\/v2\/product_cat?post=135087"},{"taxonomy":"product_tag","embeddable":true,"href":"https:\/\/www.ivinio.com\/fr\/wp-json\/wp\/v2\/product_tag?post=135087"}],"curies":[{"name":"wp","href":"https:\/\/api.w.org\/{rel}","templated":true}]}}