{"id":135080,"date":"2024-03-15T12:16:18","date_gmt":"2024-03-21T18:37:35","guid":{"rendered":"https:\/\/www.ivinio.com\/product\/domaine-arnaud-baillot-bourgogne-cote-dor-blanc\/"},"modified":"2024-03-21T19:44:28","modified_gmt":"2024-03-21T18:44:28","slug":"domaine-arnaud-baillot-bourgogne-cote-dor-blanc","status":"publish","type":"product","link":"https:\/\/www.ivinio.com\/fr\/produit\/domaine-arnaud-baillot-bourgogne-cote-dor-blanc\/","title":{"rendered":"Domaine Arnaud Baillot &#8211; Bourgogne C\u00f4te d&#8217;Or &#8211; Blanc"},"content":{"rendered":"<p>Le Domaine Arnaud Baillot &#8211; Bourgogne C\u00f4te d&#8217;or &#8211; Blanc est compos\u00e9 de 100% Chardonnay, cultiv\u00e9s dans le d\u00e9partement de la C\u00f4te-d&#8217;Or, d&#8217;o\u00f9 son nom. Les raisins sont r\u00e9colt\u00e9s \u00e0 la main et ferment\u00e9s dans des cuves en acier \u00e0 temp\u00e9rature contr\u00f4l\u00e9e. Le vin est ensuite \u00e9lev\u00e9 environ 12 mois en f\u00fbts de ch\u00eane ag\u00e9s de 2 \u00e0 3 ans.<\/p>\n","protected":false},"excerpt":{"rendered":"<p>Bourgogne blanc complexe avec de la fr\u00e2cheur, \u00e9lev\u00e9 en f\u00fbts de ch\u00eane.<\/p>\n","protected":false},"featured_media":135017,"comment_status":"open","ping_status":"closed","template":"","meta":{"_monsterinsights_skip_tracking":false,"_monsterinsights_sitenote_active":false,"_monsterinsights_sitenote_note":"","_monsterinsights_sitenote_category":0,"_uf_show_specific_survey":0,"_uf_disable_surveys":false},"product_brand":[],"product_cat":[36610,36586],"product_tag":[],"class_list":{"0":"post-135080","1":"product","2":"type-product","3":"status-publish","4":"has-post-thumbnail","6":"product_cat-fr-bourgogne","7":"product_cat-vins-francais","8":"pa_alcohol-degree-13-fr","9":"pa_classification-aop-bourgogne-fr","10":"pa_color-blanc-fr","11":"pa_country-france-fr","12":"pa_grape-variety-chardonnay-fr","13":"pa_region-bourgogne-fr","14":"pa_storage-potential-5-ans-fr","15":"pa_vintage-2021-fr","16":"pa_volume-75-cl-fr","18":"first","19":"instock","20":"taxable","21":"shipping-taxable","22":"purchasable","23":"product-type-simple"},"bundled_by":["135090"],"bundle_stock_status":"instock","bundle_stock_quantity":null,"bundle_virtual":false,"bundle_layout":"","bundle_add_to_cart_form_location":"","bundle_editable_in_cart":false,"bundle_sold_individually_context":"","bundle_item_grouping":"","bundle_min_size":"","bundle_max_size":"","bundle_price":[],"bundled_items":[],"bundle_sell_ids":[],"yoast_head":"<!-- This site is optimized with the Yoast SEO plugin v27.5 - https:\/\/yoast.com\/product\/yoast-seo-wordpress\/ -->\n<title>Domaine Arnaud Baillot - Bourgogne C\u00f4te d&#039;Or - Blanc - IVINIO Caviste<\/title>\n<meta name=\"description\" content=\"Domaine Arnaud Baillot - Bourgogne C\u00f4te d&#039;Or - Blanc. Notes florales et de fruits blancs avec des ar\u00f4mes l\u00e9g\u00e8rement grill\u00e9es. Le palais a de la fra\u00eecheur.\" \/>\n<meta name=\"robots\" content=\"index, follow, max-snippet:-1, max-image-preview:large, max-video-preview:-1\" \/>\n<link rel=\"canonical\" href=\"https:\/\/www.ivinio.com\/fr\/produit\/domaine-arnaud-baillot-bourgogne-cote-dor-blanc\/\" \/>\n<meta property=\"og:locale\" content=\"fr_FR\" \/>\n<meta property=\"og:type\" content=\"article\" \/>\n<meta property=\"og:title\" content=\"Domaine Arnaud Baillot - Bourgogne C\u00f4te d&#039;Or - Blanc - IVINIO Caviste\" \/>\n<meta property=\"og:description\" content=\"Domaine Arnaud Baillot - Bourgogne C\u00f4te d&#039;Or - Blanc. Notes florales et de fruits blancs avec des ar\u00f4mes l\u00e9g\u00e8rement grill\u00e9es. Le palais a de la fra\u00eecheur.\" \/>\n<meta property=\"og:url\" content=\"https:\/\/www.ivinio.com\/fr\/produit\/domaine-arnaud-baillot-bourgogne-cote-dor-blanc\/\" \/>\n<meta property=\"og:site_name\" content=\"IVINIO Caviste\" \/>\n<meta property=\"article:publisher\" content=\"https:\/\/www.facebook.com\/groups\/165217837022391\/?ref=bookmarks\" \/>\n<meta property=\"article:modified_time\" content=\"2024-03-21T18:44:28+00:00\" \/>\n<meta property=\"og:image\" content=\"https:\/\/www.ivinio.com\/wp-content\/uploads\/2024\/03\/Domaine-Arnaud-Baillot-Bourgogne-Cote-dOr-IVINIO.jpg\" \/>\n\t<meta property=\"og:image:width\" content=\"500\" \/>\n\t<meta property=\"og:image:height\" content=\"500\" \/>\n\t<meta property=\"og:image:type\" content=\"image\/jpeg\" \/>\n<meta name=\"twitter:card\" content=\"summary_large_image\" \/>\n<meta name=\"twitter:label1\" content=\"Dur\u00e9e de lecture estim\u00e9e\" \/>\n\t<meta name=\"twitter:data1\" content=\"1 minute\" \/>\n<script type=\"application\/ld+json\" class=\"yoast-schema-graph\">{\"@context\":\"https:\\\/\\\/schema.org\",\"@graph\":[{\"@type\":\"WebPage\",\"@id\":\"https:\\\/\\\/www.ivinio.com\\\/fr\\\/produit\\\/domaine-arnaud-baillot-bourgogne-cote-dor-blanc\\\/\",\"url\":\"https:\\\/\\\/www.ivinio.com\\\/fr\\\/produit\\\/domaine-arnaud-baillot-bourgogne-cote-dor-blanc\\\/\",\"name\":\"Domaine Arnaud Baillot - Bourgogne C\u00f4te d'Or - Blanc - IVINIO Caviste\",\"isPartOf\":{\"@id\":\"https:\\\/\\\/www.ivinio.com\\\/fr\\\/#website\"},\"primaryImageOfPage\":{\"@id\":\"https:\\\/\\\/www.ivinio.com\\\/fr\\\/produit\\\/domaine-arnaud-baillot-bourgogne-cote-dor-blanc\\\/#primaryimage\"},\"image\":{\"@id\":\"https:\\\/\\\/www.ivinio.com\\\/fr\\\/produit\\\/domaine-arnaud-baillot-bourgogne-cote-dor-blanc\\\/#primaryimage\"},\"thumbnailUrl\":\"https:\\\/\\\/www.ivinio.com\\\/wp-content\\\/uploads\\\/2024\\\/03\\\/Domaine-Arnaud-Baillot-Bourgogne-Cote-dOr-IVINIO.jpg\",\"datePublished\":\"2024-03-21T18:37:35+00:00\",\"dateModified\":\"2024-03-21T18:44:28+00:00\",\"description\":\"Domaine Arnaud Baillot - Bourgogne C\u00f4te d'Or - Blanc. Notes florales et de fruits blancs avec des ar\u00f4mes l\u00e9g\u00e8rement grill\u00e9es. Le palais a de la fra\u00eecheur.\",\"breadcrumb\":{\"@id\":\"https:\\\/\\\/www.ivinio.com\\\/fr\\\/produit\\\/domaine-arnaud-baillot-bourgogne-cote-dor-blanc\\\/#breadcrumb\"},\"inLanguage\":\"fr-FR\",\"potentialAction\":[{\"@type\":\"ReadAction\",\"target\":[\"https:\\\/\\\/www.ivinio.com\\\/fr\\\/produit\\\/domaine-arnaud-baillot-bourgogne-cote-dor-blanc\\\/\"]}]},{\"@type\":\"ImageObject\",\"inLanguage\":\"fr-FR\",\"@id\":\"https:\\\/\\\/www.ivinio.com\\\/fr\\\/produit\\\/domaine-arnaud-baillot-bourgogne-cote-dor-blanc\\\/#primaryimage\",\"url\":\"https:\\\/\\\/www.ivinio.com\\\/wp-content\\\/uploads\\\/2024\\\/03\\\/Domaine-Arnaud-Baillot-Bourgogne-Cote-dOr-IVINIO.jpg\",\"contentUrl\":\"https:\\\/\\\/www.ivinio.com\\\/wp-content\\\/uploads\\\/2024\\\/03\\\/Domaine-Arnaud-Baillot-Bourgogne-Cote-dOr-IVINIO.jpg\",\"width\":500,\"height\":500},{\"@type\":\"BreadcrumbList\",\"@id\":\"https:\\\/\\\/www.ivinio.com\\\/fr\\\/produit\\\/domaine-arnaud-baillot-bourgogne-cote-dor-blanc\\\/#breadcrumb\",\"itemListElement\":[{\"@type\":\"ListItem\",\"position\":1,\"name\":\"Home\",\"item\":\"https:\\\/\\\/www.ivinio.com\\\/fr\\\/\"},{\"@type\":\"ListItem\",\"position\":2,\"name\":\"Boutique de vin\",\"item\":\"https:\\\/\\\/www.ivinio.com\\\/fr\\\/boutique-de-vin\\\/\"},{\"@type\":\"ListItem\",\"position\":3,\"name\":\"Domaine Arnaud Baillot &#8211; Bourgogne C\u00f4te d&#8217;Or &#8211; Blanc\"}]},{\"@type\":\"WebSite\",\"@id\":\"https:\\\/\\\/www.ivinio.com\\\/fr\\\/#website\",\"url\":\"https:\\\/\\\/www.ivinio.com\\\/fr\\\/\",\"name\":\"IVINIO Caviste\",\"description\":\"Vins de France et d&#039;Italie avec livraison \u00e0 domicile\",\"publisher\":{\"@id\":\"https:\\\/\\\/www.ivinio.com\\\/fr\\\/#organization\"},\"potentialAction\":[{\"@type\":\"SearchAction\",\"target\":{\"@type\":\"EntryPoint\",\"urlTemplate\":\"https:\\\/\\\/www.ivinio.com\\\/fr\\\/?s={search_term_string}\"},\"query-input\":{\"@type\":\"PropertyValueSpecification\",\"valueRequired\":true,\"valueName\":\"search_term_string\"}}],\"inLanguage\":\"fr-FR\"},{\"@type\":\"Organization\",\"@id\":\"https:\\\/\\\/www.ivinio.com\\\/fr\\\/#organization\",\"name\":\"IVINIO\",\"url\":\"https:\\\/\\\/www.ivinio.com\\\/fr\\\/\",\"logo\":{\"@type\":\"ImageObject\",\"inLanguage\":\"fr-FR\",\"@id\":\"https:\\\/\\\/www.ivinio.com\\\/fr\\\/#\\\/schema\\\/logo\\\/image\\\/\",\"url\":\"https:\\\/\\\/www.ivinio.com\\\/wp-content\\\/uploads\\\/2021\\\/01\\\/Logo-Ivinio-v2.jpg\",\"contentUrl\":\"https:\\\/\\\/www.ivinio.com\\\/wp-content\\\/uploads\\\/2021\\\/01\\\/Logo-Ivinio-v2.jpg\",\"width\":1194,\"height\":1194,\"caption\":\"IVINIO\"},\"image\":{\"@id\":\"https:\\\/\\\/www.ivinio.com\\\/fr\\\/#\\\/schema\\\/logo\\\/image\\\/\"},\"sameAs\":[\"https:\\\/\\\/www.facebook.com\\\/groups\\\/165217837022391\\\/?ref=bookmarks\",\"https:\\\/\\\/www.instagram.com\\\/_ivinio_\\\/?hl=fr\"]}]}<\/script>\n<!-- \/ Yoast SEO plugin. -->","yoast_head_json":{"title":"Domaine Arnaud Baillot - Bourgogne C\u00f4te d'Or - Blanc - IVINIO Caviste","description":"Domaine Arnaud Baillot - Bourgogne C\u00f4te d'Or - Blanc. Notes florales et de fruits blancs avec des ar\u00f4mes l\u00e9g\u00e8rement grill\u00e9es. Le palais a de la fra\u00eecheur.","robots":{"index":"index","follow":"follow","max-snippet":"max-snippet:-1","max-image-preview":"max-image-preview:large","max-video-preview":"max-video-preview:-1"},"canonical":"https:\/\/www.ivinio.com\/fr\/produit\/domaine-arnaud-baillot-bourgogne-cote-dor-blanc\/","og_locale":"fr_FR","og_type":"article","og_title":"Domaine Arnaud Baillot - Bourgogne C\u00f4te d'Or - Blanc - IVINIO Caviste","og_description":"Domaine Arnaud Baillot - Bourgogne C\u00f4te d'Or - Blanc. Notes florales et de fruits blancs avec des ar\u00f4mes l\u00e9g\u00e8rement grill\u00e9es. Le palais a de la fra\u00eecheur.","og_url":"https:\/\/www.ivinio.com\/fr\/produit\/domaine-arnaud-baillot-bourgogne-cote-dor-blanc\/","og_site_name":"IVINIO Caviste","article_publisher":"https:\/\/www.facebook.com\/groups\/165217837022391\/?ref=bookmarks","article_modified_time":"2024-03-21T18:44:28+00:00","og_image":[{"width":500,"height":500,"url":"https:\/\/www.ivinio.com\/wp-content\/uploads\/2024\/03\/Domaine-Arnaud-Baillot-Bourgogne-Cote-dOr-IVINIO.jpg","type":"image\/jpeg"}],"twitter_card":"summary_large_image","twitter_misc":{"Dur\u00e9e de lecture estim\u00e9e":"1 minute"},"schema":{"@context":"https:\/\/schema.org","@graph":[{"@type":"WebPage","@id":"https:\/\/www.ivinio.com\/fr\/produit\/domaine-arnaud-baillot-bourgogne-cote-dor-blanc\/","url":"https:\/\/www.ivinio.com\/fr\/produit\/domaine-arnaud-baillot-bourgogne-cote-dor-blanc\/","name":"Domaine Arnaud Baillot - Bourgogne C\u00f4te d'Or - Blanc - IVINIO Caviste","isPartOf":{"@id":"https:\/\/www.ivinio.com\/fr\/#website"},"primaryImageOfPage":{"@id":"https:\/\/www.ivinio.com\/fr\/produit\/domaine-arnaud-baillot-bourgogne-cote-dor-blanc\/#primaryimage"},"image":{"@id":"https:\/\/www.ivinio.com\/fr\/produit\/domaine-arnaud-baillot-bourgogne-cote-dor-blanc\/#primaryimage"},"thumbnailUrl":"https:\/\/www.ivinio.com\/wp-content\/uploads\/2024\/03\/Domaine-Arnaud-Baillot-Bourgogne-Cote-dOr-IVINIO.jpg","datePublished":"2024-03-21T18:37:35+00:00","dateModified":"2024-03-21T18:44:28+00:00","description":"Domaine Arnaud Baillot - Bourgogne C\u00f4te d'Or - Blanc. Notes florales et de fruits blancs avec des ar\u00f4mes l\u00e9g\u00e8rement grill\u00e9es. Le palais a de la fra\u00eecheur.","breadcrumb":{"@id":"https:\/\/www.ivinio.com\/fr\/produit\/domaine-arnaud-baillot-bourgogne-cote-dor-blanc\/#breadcrumb"},"inLanguage":"fr-FR","potentialAction":[{"@type":"ReadAction","target":["https:\/\/www.ivinio.com\/fr\/produit\/domaine-arnaud-baillot-bourgogne-cote-dor-blanc\/"]}]},{"@type":"ImageObject","inLanguage":"fr-FR","@id":"https:\/\/www.ivinio.com\/fr\/produit\/domaine-arnaud-baillot-bourgogne-cote-dor-blanc\/#primaryimage","url":"https:\/\/www.ivinio.com\/wp-content\/uploads\/2024\/03\/Domaine-Arnaud-Baillot-Bourgogne-Cote-dOr-IVINIO.jpg","contentUrl":"https:\/\/www.ivinio.com\/wp-content\/uploads\/2024\/03\/Domaine-Arnaud-Baillot-Bourgogne-Cote-dOr-IVINIO.jpg","width":500,"height":500},{"@type":"BreadcrumbList","@id":"https:\/\/www.ivinio.com\/fr\/produit\/domaine-arnaud-baillot-bourgogne-cote-dor-blanc\/#breadcrumb","itemListElement":[{"@type":"ListItem","position":1,"name":"Home","item":"https:\/\/www.ivinio.com\/fr\/"},{"@type":"ListItem","position":2,"name":"Boutique de vin","item":"https:\/\/www.ivinio.com\/fr\/boutique-de-vin\/"},{"@type":"ListItem","position":3,"name":"Domaine Arnaud Baillot &#8211; Bourgogne C\u00f4te d&#8217;Or &#8211; Blanc"}]},{"@type":"WebSite","@id":"https:\/\/www.ivinio.com\/fr\/#website","url":"https:\/\/www.ivinio.com\/fr\/","name":"IVINIO Caviste","description":"Vins de France et d&#039;Italie avec livraison \u00e0 domicile","publisher":{"@id":"https:\/\/www.ivinio.com\/fr\/#organization"},"potentialAction":[{"@type":"SearchAction","target":{"@type":"EntryPoint","urlTemplate":"https:\/\/www.ivinio.com\/fr\/?s={search_term_string}"},"query-input":{"@type":"PropertyValueSpecification","valueRequired":true,"valueName":"search_term_string"}}],"inLanguage":"fr-FR"},{"@type":"Organization","@id":"https:\/\/www.ivinio.com\/fr\/#organization","name":"IVINIO","url":"https:\/\/www.ivinio.com\/fr\/","logo":{"@type":"ImageObject","inLanguage":"fr-FR","@id":"https:\/\/www.ivinio.com\/fr\/#\/schema\/logo\/image\/","url":"https:\/\/www.ivinio.com\/wp-content\/uploads\/2021\/01\/Logo-Ivinio-v2.jpg","contentUrl":"https:\/\/www.ivinio.com\/wp-content\/uploads\/2021\/01\/Logo-Ivinio-v2.jpg","width":1194,"height":1194,"caption":"IVINIO"},"image":{"@id":"https:\/\/www.ivinio.com\/fr\/#\/schema\/logo\/image\/"},"sameAs":["https:\/\/www.facebook.com\/groups\/165217837022391\/?ref=bookmarks","https:\/\/www.instagram.com\/_ivinio_\/?hl=fr"]}]}},"jetpack_sharing_enabled":true,"_links":{"self":[{"href":"https:\/\/www.ivinio.com\/fr\/wp-json\/wp\/v2\/product\/135080","targetHints":{"allow":["GET"]}}],"collection":[{"href":"https:\/\/www.ivinio.com\/fr\/wp-json\/wp\/v2\/product"}],"about":[{"href":"https:\/\/www.ivinio.com\/fr\/wp-json\/wp\/v2\/types\/product"}],"replies":[{"embeddable":true,"href":"https:\/\/www.ivinio.com\/fr\/wp-json\/wp\/v2\/comments?post=135080"}],"wp:featuredmedia":[{"embeddable":true,"href":"https:\/\/www.ivinio.com\/fr\/wp-json\/wp\/v2\/media\/135017"}],"wp:attachment":[{"href":"https:\/\/www.ivinio.com\/fr\/wp-json\/wp\/v2\/media?parent=135080"}],"wp:term":[{"taxonomy":"product_brand","embeddable":true,"href":"https:\/\/www.ivinio.com\/fr\/wp-json\/wp\/v2\/product_brand?post=135080"},{"taxonomy":"product_cat","embeddable":true,"href":"https:\/\/www.ivinio.com\/fr\/wp-json\/wp\/v2\/product_cat?post=135080"},{"taxonomy":"product_tag","embeddable":true,"href":"https:\/\/www.ivinio.com\/fr\/wp-json\/wp\/v2\/product_tag?post=135080"}],"curies":[{"name":"wp","href":"https:\/\/api.w.org\/{rel}","templated":true}]}}