{"id":134280,"date":"2024-01-11T13:48:01","date_gmt":"2024-01-12T18:57:27","guid":{"rendered":"https:\/\/www.ivinio.com\/product\/coffret-mixte-de-vins-rouges-pour-les-diners-dhiver\/"},"modified":"2024-01-12T19:57:27","modified_gmt":"2024-01-12T18:57:27","slug":"coffret-mixte-de-vins-rouges-pour-les-diners-dhiver","status":"publish","type":"product","link":"https:\/\/www.ivinio.com\/fr\/produit\/coffret-mixte-de-vins-rouges-pour-les-diners-dhiver\/","title":{"rendered":"Coffret mixte de vins rouges pour les d\u00eeners d&#8217;hiver !"},"content":{"rendered":"<p>L&#8217;hiver est l\u00e0 et on a envie de vins rouges qui accompagnent bien les bons plats d&#8217;hivers tel que les viandes en sauce, les viandes grill\u00e9es, les gratins&#8230;. Dans ce coffret, vous trouverez 6 vins diff\u00e9rents de la vall\u00e9e du Rh\u00f4ne m\u00e9ridionale et du Languedoc aux styles vari\u00e9s ! Les vins sont produits par de petits vignobles familiaux avec des exigences de qualit\u00e9 \u00e9lev\u00e9es.<\/p>\n","protected":false},"excerpt":{"rendered":"<p>Un coffret mixte de vins rouges pour les viandes en sauce, les viandes grill\u00e9es, les gratins ainsi que d&#8217;autres plats hivernaux.<\/p>\n","protected":false},"featured_media":134222,"comment_status":"open","ping_status":"closed","template":"","meta":{"_monsterinsights_skip_tracking":false,"_monsterinsights_sitenote_active":false,"_monsterinsights_sitenote_note":"","_monsterinsights_sitenote_category":0,"_uf_show_specific_survey":0,"_uf_disable_surveys":false},"product_brand":[],"product_cat":[36643],"product_tag":[],"class_list":{"0":"post-134280","1":"product","2":"type-product","3":"status-publish","4":"has-post-thumbnail","6":"product_cat-ronde-des-vins","8":"first","9":"outofstock","10":"sale","11":"virtual","12":"taxable","13":"purchasable","14":"product-type-bundle"},"bundled_by":[],"bundle_stock_status":"outofstock","bundle_stock_quantity":0,"bundle_virtual":false,"bundle_layout":"grid","bundle_add_to_cart_form_location":"default","bundle_editable_in_cart":false,"bundle_sold_individually_context":"product","bundle_item_grouping":"parent","bundle_min_size":"","bundle_max_size":"","bundle_price":{"price":{"min":{"incl_tax":"49.9","excl_tax":"49.91666667"},"max":{"incl_tax":"49.9","excl_tax":"49.91666667"}},"regular_price":{"min":{"incl_tax":"71.3","excl_tax":"71.25"},"max":{"incl_tax":"71.3","excl_tax":"71.25"}}},"bundled_items":[{"bundled_item_id":8970,"product_id":134278,"menu_order":0,"quantity_min":1,"quantity_max":1,"quantity_default":1,"priced_individually":false,"shipped_individually":false,"override_title":false,"title":"Ch\u00e2teau St Cyrgues &#8211; Le Clos des Enfants Sauvages &#8211; Rouge","override_description":false,"description":"Ch\u00e2teau St Cyrgues &#8211; Le Clos des Enfants Sauvages &#8211; Rouge","optional":false,"hide_thumbnail":false,"discount":"","override_variations":false,"allowed_variations":[""],"override_default_variation_attributes":false,"default_variation_attributes":[],"single_product_visibility":"visible","cart_visibility":"visible","order_visibility":"visible","single_product_price_visibility":"visible","cart_price_visibility":"visible","order_price_visibility":"visible","stock_status":"in_stock"},{"bundled_item_id":8971,"product_id":134261,"menu_order":1,"quantity_min":1,"quantity_max":1,"quantity_default":1,"priced_individually":false,"shipped_individually":false,"override_title":false,"title":"Domaine de Cauviac &#8211; cuv\u00e9e Terra Oursy &#8211; R\u00e9serve Nicolas &#8211; Rouge","override_description":false,"description":"Domaine de Cauviac &#8211; cuv\u00e9e Terra Oursy &#8211; R\u00e9serve Nicolas &#8211; Rouge","optional":false,"hide_thumbnail":false,"discount":"","override_variations":false,"allowed_variations":[""],"override_default_variation_attributes":false,"default_variation_attributes":[],"single_product_visibility":"visible","cart_visibility":"visible","order_visibility":"visible","single_product_price_visibility":"visible","cart_price_visibility":"visible","order_price_visibility":"visible","stock_status":"in_stock"},{"bundled_item_id":8972,"product_id":134255,"menu_order":2,"quantity_min":1,"quantity_max":1,"quantity_default":1,"priced_individually":false,"shipped_individually":false,"override_title":false,"title":"Domaine de L&#8217;Ancien Prieur\u00e9 &#8211; Haut Perdiguier &#8211; Duch\u00e9 d&#8217;Uz\u00e8s &#8211; Rouge","override_description":false,"description":"Domaine de L&#8217;Ancien Prieur\u00e9 &#8211; Haut Perdiguier &#8211; Duch\u00e9 d&#8217;Uz\u00e8s &#8211; Rouge","optional":false,"hide_thumbnail":false,"discount":"","override_variations":false,"allowed_variations":[""],"override_default_variation_attributes":false,"default_variation_attributes":[],"single_product_visibility":"visible","cart_visibility":"visible","order_visibility":"visible","single_product_price_visibility":"visible","cart_price_visibility":"visible","order_price_visibility":"visible","stock_status":"out_of_stock"},{"bundled_item_id":8973,"product_id":134258,"menu_order":3,"quantity_min":1,"quantity_max":1,"quantity_default":1,"priced_individually":false,"shipped_individually":false,"override_title":false,"title":"Domaine Tardieu Ferrand &#8211; Cuv\u00e9e Domaine &#8211; Coteaux du Pont du Gard &#8211; Rouge","override_description":false,"description":"Domaine Tardieu Ferrand &#8211; Cuv\u00e9e Domaine &#8211; Coteaux du Pont du Gard &#8211; Rouge","optional":false,"hide_thumbnail":false,"discount":"","override_variations":false,"allowed_variations":[""],"override_default_variation_attributes":false,"default_variation_attributes":[],"single_product_visibility":"visible","cart_visibility":"visible","order_visibility":"visible","single_product_price_visibility":"visible","cart_price_visibility":"visible","order_price_visibility":"visible","stock_status":"out_of_stock"},{"bundled_item_id":8974,"product_id":134245,"menu_order":4,"quantity_min":1,"quantity_max":1,"quantity_default":1,"priced_individually":false,"shipped_individually":false,"override_title":false,"title":"Domaine SKA &#8211; Beaulojais villages &#8211; Rouge","override_description":false,"description":"Domaine SKA &#8211; Beaulojais villages &#8211; Rouge","optional":false,"hide_thumbnail":false,"discount":"","override_variations":false,"allowed_variations":[""],"override_default_variation_attributes":false,"default_variation_attributes":[],"single_product_visibility":"visible","cart_visibility":"visible","order_visibility":"visible","single_product_price_visibility":"visible","cart_price_visibility":"visible","order_price_visibility":"visible","stock_status":"out_of_stock"},{"bundled_item_id":8975,"product_id":134275,"menu_order":5,"quantity_min":1,"quantity_max":1,"quantity_default":1,"priced_individually":false,"shipped_individually":false,"override_title":false,"title":"Domaine Chemin Farrat &#8211; Cuv\u00e9e Extase &#8211; Rouge","override_description":false,"description":"Domaine Chemin Farrat &#8211; Cuv\u00e9e Extase &#8211; Rouge","optional":false,"hide_thumbnail":false,"discount":"","override_variations":false,"allowed_variations":[""],"override_default_variation_attributes":false,"default_variation_attributes":[],"single_product_visibility":"visible","cart_visibility":"visible","order_visibility":"visible","single_product_price_visibility":"visible","cart_price_visibility":"visible","order_price_visibility":"visible","stock_status":"out_of_stock"}],"bundle_sell_ids":[],"yoast_head":"<!-- This site is optimized with the Yoast SEO plugin v27.5 - https:\/\/yoast.com\/product\/yoast-seo-wordpress\/ -->\n<title>Vins rouges pour les repas d&#039;hiver ! - IVINIO Caviste<\/title>\n<meta name=\"description\" content=\"Vins rouges pour les repas d&#039;hiver ! Un coffret mixte de vins rouges \u00e0 servir avec des viandes en sauce, des viandes grill\u00e9es, des gratins et avec d&#039;autres plats hivernaux.\" \/>\n<meta name=\"robots\" content=\"index, follow, max-snippet:-1, max-image-preview:large, max-video-preview:-1\" \/>\n<link rel=\"canonical\" href=\"https:\/\/www.ivinio.com\/fr\/produit\/coffret-mixte-de-vins-rouges-pour-les-diners-dhiver\/\" \/>\n<meta property=\"og:locale\" content=\"fr_FR\" \/>\n<meta property=\"og:type\" content=\"article\" \/>\n<meta property=\"og:title\" content=\"Vins rouges pour les repas d&#039;hiver ! - IVINIO Caviste\" \/>\n<meta property=\"og:description\" content=\"Vins rouges pour les repas d&#039;hiver ! Un coffret mixte de vins rouges \u00e0 servir avec des viandes en sauce, des viandes grill\u00e9es, des gratins et avec d&#039;autres plats hivernaux.\" \/>\n<meta property=\"og:url\" content=\"https:\/\/www.ivinio.com\/fr\/produit\/coffret-mixte-de-vins-rouges-pour-les-diners-dhiver\/\" \/>\n<meta property=\"og:site_name\" content=\"IVINIO Caviste\" \/>\n<meta property=\"article:publisher\" content=\"https:\/\/www.facebook.com\/groups\/165217837022391\/?ref=bookmarks\" \/>\n<meta property=\"og:image\" content=\"https:\/\/www.ivinio.com\/wp-content\/uploads\/2024\/01\/Blandlada-rott-till-vintermiddagarna.jpg\" \/>\n\t<meta property=\"og:image:width\" content=\"500\" \/>\n\t<meta property=\"og:image:height\" content=\"500\" \/>\n\t<meta property=\"og:image:type\" content=\"image\/jpeg\" \/>\n<meta name=\"twitter:card\" content=\"summary_large_image\" \/>\n<script type=\"application\/ld+json\" class=\"yoast-schema-graph\">{\"@context\":\"https:\\\/\\\/schema.org\",\"@graph\":[{\"@type\":\"WebPage\",\"@id\":\"https:\\\/\\\/www.ivinio.com\\\/fr\\\/produit\\\/coffret-mixte-de-vins-rouges-pour-les-diners-dhiver\\\/\",\"url\":\"https:\\\/\\\/www.ivinio.com\\\/fr\\\/produit\\\/coffret-mixte-de-vins-rouges-pour-les-diners-dhiver\\\/\",\"name\":\"Vins rouges pour les repas d'hiver ! - IVINIO Caviste\",\"isPartOf\":{\"@id\":\"https:\\\/\\\/www.ivinio.com\\\/fr\\\/#website\"},\"primaryImageOfPage\":{\"@id\":\"https:\\\/\\\/www.ivinio.com\\\/fr\\\/produit\\\/coffret-mixte-de-vins-rouges-pour-les-diners-dhiver\\\/#primaryimage\"},\"image\":{\"@id\":\"https:\\\/\\\/www.ivinio.com\\\/fr\\\/produit\\\/coffret-mixte-de-vins-rouges-pour-les-diners-dhiver\\\/#primaryimage\"},\"thumbnailUrl\":\"https:\\\/\\\/www.ivinio.com\\\/wp-content\\\/uploads\\\/2024\\\/01\\\/Blandlada-rott-till-vintermiddagarna.jpg\",\"datePublished\":\"2024-01-12T18:57:27+00:00\",\"description\":\"Vins rouges pour les repas d'hiver ! Un coffret mixte de vins rouges \u00e0 servir avec des viandes en sauce, des viandes grill\u00e9es, des gratins et avec d'autres plats hivernaux.\",\"breadcrumb\":{\"@id\":\"https:\\\/\\\/www.ivinio.com\\\/fr\\\/produit\\\/coffret-mixte-de-vins-rouges-pour-les-diners-dhiver\\\/#breadcrumb\"},\"inLanguage\":\"fr-FR\",\"potentialAction\":[{\"@type\":\"ReadAction\",\"target\":[\"https:\\\/\\\/www.ivinio.com\\\/fr\\\/produit\\\/coffret-mixte-de-vins-rouges-pour-les-diners-dhiver\\\/\"]}]},{\"@type\":\"ImageObject\",\"inLanguage\":\"fr-FR\",\"@id\":\"https:\\\/\\\/www.ivinio.com\\\/fr\\\/produit\\\/coffret-mixte-de-vins-rouges-pour-les-diners-dhiver\\\/#primaryimage\",\"url\":\"https:\\\/\\\/www.ivinio.com\\\/wp-content\\\/uploads\\\/2024\\\/01\\\/Blandlada-rott-till-vintermiddagarna.jpg\",\"contentUrl\":\"https:\\\/\\\/www.ivinio.com\\\/wp-content\\\/uploads\\\/2024\\\/01\\\/Blandlada-rott-till-vintermiddagarna.jpg\",\"width\":500,\"height\":500},{\"@type\":\"BreadcrumbList\",\"@id\":\"https:\\\/\\\/www.ivinio.com\\\/fr\\\/produit\\\/coffret-mixte-de-vins-rouges-pour-les-diners-dhiver\\\/#breadcrumb\",\"itemListElement\":[{\"@type\":\"ListItem\",\"position\":1,\"name\":\"Home\",\"item\":\"https:\\\/\\\/www.ivinio.com\\\/fr\\\/\"},{\"@type\":\"ListItem\",\"position\":2,\"name\":\"Boutique de vin\",\"item\":\"https:\\\/\\\/www.ivinio.com\\\/fr\\\/boutique-de-vin\\\/\"},{\"@type\":\"ListItem\",\"position\":3,\"name\":\"Coffret mixte de vins rouges pour les d\u00eeners d&#8217;hiver !\"}]},{\"@type\":\"WebSite\",\"@id\":\"https:\\\/\\\/www.ivinio.com\\\/fr\\\/#website\",\"url\":\"https:\\\/\\\/www.ivinio.com\\\/fr\\\/\",\"name\":\"IVINIO Caviste\",\"description\":\"Vins de France et d&#039;Italie avec livraison \u00e0 domicile\",\"publisher\":{\"@id\":\"https:\\\/\\\/www.ivinio.com\\\/fr\\\/#organization\"},\"potentialAction\":[{\"@type\":\"SearchAction\",\"target\":{\"@type\":\"EntryPoint\",\"urlTemplate\":\"https:\\\/\\\/www.ivinio.com\\\/fr\\\/?s={search_term_string}\"},\"query-input\":{\"@type\":\"PropertyValueSpecification\",\"valueRequired\":true,\"valueName\":\"search_term_string\"}}],\"inLanguage\":\"fr-FR\"},{\"@type\":\"Organization\",\"@id\":\"https:\\\/\\\/www.ivinio.com\\\/fr\\\/#organization\",\"name\":\"IVINIO\",\"url\":\"https:\\\/\\\/www.ivinio.com\\\/fr\\\/\",\"logo\":{\"@type\":\"ImageObject\",\"inLanguage\":\"fr-FR\",\"@id\":\"https:\\\/\\\/www.ivinio.com\\\/fr\\\/#\\\/schema\\\/logo\\\/image\\\/\",\"url\":\"https:\\\/\\\/www.ivinio.com\\\/wp-content\\\/uploads\\\/2021\\\/01\\\/Logo-Ivinio-v2.jpg\",\"contentUrl\":\"https:\\\/\\\/www.ivinio.com\\\/wp-content\\\/uploads\\\/2021\\\/01\\\/Logo-Ivinio-v2.jpg\",\"width\":1194,\"height\":1194,\"caption\":\"IVINIO\"},\"image\":{\"@id\":\"https:\\\/\\\/www.ivinio.com\\\/fr\\\/#\\\/schema\\\/logo\\\/image\\\/\"},\"sameAs\":[\"https:\\\/\\\/www.facebook.com\\\/groups\\\/165217837022391\\\/?ref=bookmarks\",\"https:\\\/\\\/www.instagram.com\\\/_ivinio_\\\/?hl=fr\"]}]}<\/script>\n<!-- \/ Yoast SEO plugin. -->","yoast_head_json":{"title":"Vins rouges pour les repas d'hiver ! - IVINIO Caviste","description":"Vins rouges pour les repas d'hiver ! Un coffret mixte de vins rouges \u00e0 servir avec des viandes en sauce, des viandes grill\u00e9es, des gratins et avec d'autres plats hivernaux.","robots":{"index":"index","follow":"follow","max-snippet":"max-snippet:-1","max-image-preview":"max-image-preview:large","max-video-preview":"max-video-preview:-1"},"canonical":"https:\/\/www.ivinio.com\/fr\/produit\/coffret-mixte-de-vins-rouges-pour-les-diners-dhiver\/","og_locale":"fr_FR","og_type":"article","og_title":"Vins rouges pour les repas d'hiver ! - IVINIO Caviste","og_description":"Vins rouges pour les repas d'hiver ! Un coffret mixte de vins rouges \u00e0 servir avec des viandes en sauce, des viandes grill\u00e9es, des gratins et avec d'autres plats hivernaux.","og_url":"https:\/\/www.ivinio.com\/fr\/produit\/coffret-mixte-de-vins-rouges-pour-les-diners-dhiver\/","og_site_name":"IVINIO Caviste","article_publisher":"https:\/\/www.facebook.com\/groups\/165217837022391\/?ref=bookmarks","og_image":[{"width":500,"height":500,"url":"https:\/\/www.ivinio.com\/wp-content\/uploads\/2024\/01\/Blandlada-rott-till-vintermiddagarna.jpg","type":"image\/jpeg"}],"twitter_card":"summary_large_image","schema":{"@context":"https:\/\/schema.org","@graph":[{"@type":"WebPage","@id":"https:\/\/www.ivinio.com\/fr\/produit\/coffret-mixte-de-vins-rouges-pour-les-diners-dhiver\/","url":"https:\/\/www.ivinio.com\/fr\/produit\/coffret-mixte-de-vins-rouges-pour-les-diners-dhiver\/","name":"Vins rouges pour les repas d'hiver ! - IVINIO Caviste","isPartOf":{"@id":"https:\/\/www.ivinio.com\/fr\/#website"},"primaryImageOfPage":{"@id":"https:\/\/www.ivinio.com\/fr\/produit\/coffret-mixte-de-vins-rouges-pour-les-diners-dhiver\/#primaryimage"},"image":{"@id":"https:\/\/www.ivinio.com\/fr\/produit\/coffret-mixte-de-vins-rouges-pour-les-diners-dhiver\/#primaryimage"},"thumbnailUrl":"https:\/\/www.ivinio.com\/wp-content\/uploads\/2024\/01\/Blandlada-rott-till-vintermiddagarna.jpg","datePublished":"2024-01-12T18:57:27+00:00","description":"Vins rouges pour les repas d'hiver ! Un coffret mixte de vins rouges \u00e0 servir avec des viandes en sauce, des viandes grill\u00e9es, des gratins et avec d'autres plats hivernaux.","breadcrumb":{"@id":"https:\/\/www.ivinio.com\/fr\/produit\/coffret-mixte-de-vins-rouges-pour-les-diners-dhiver\/#breadcrumb"},"inLanguage":"fr-FR","potentialAction":[{"@type":"ReadAction","target":["https:\/\/www.ivinio.com\/fr\/produit\/coffret-mixte-de-vins-rouges-pour-les-diners-dhiver\/"]}]},{"@type":"ImageObject","inLanguage":"fr-FR","@id":"https:\/\/www.ivinio.com\/fr\/produit\/coffret-mixte-de-vins-rouges-pour-les-diners-dhiver\/#primaryimage","url":"https:\/\/www.ivinio.com\/wp-content\/uploads\/2024\/01\/Blandlada-rott-till-vintermiddagarna.jpg","contentUrl":"https:\/\/www.ivinio.com\/wp-content\/uploads\/2024\/01\/Blandlada-rott-till-vintermiddagarna.jpg","width":500,"height":500},{"@type":"BreadcrumbList","@id":"https:\/\/www.ivinio.com\/fr\/produit\/coffret-mixte-de-vins-rouges-pour-les-diners-dhiver\/#breadcrumb","itemListElement":[{"@type":"ListItem","position":1,"name":"Home","item":"https:\/\/www.ivinio.com\/fr\/"},{"@type":"ListItem","position":2,"name":"Boutique de vin","item":"https:\/\/www.ivinio.com\/fr\/boutique-de-vin\/"},{"@type":"ListItem","position":3,"name":"Coffret mixte de vins rouges pour les d\u00eeners d&#8217;hiver !"}]},{"@type":"WebSite","@id":"https:\/\/www.ivinio.com\/fr\/#website","url":"https:\/\/www.ivinio.com\/fr\/","name":"IVINIO Caviste","description":"Vins de France et d&#039;Italie avec livraison \u00e0 domicile","publisher":{"@id":"https:\/\/www.ivinio.com\/fr\/#organization"},"potentialAction":[{"@type":"SearchAction","target":{"@type":"EntryPoint","urlTemplate":"https:\/\/www.ivinio.com\/fr\/?s={search_term_string}"},"query-input":{"@type":"PropertyValueSpecification","valueRequired":true,"valueName":"search_term_string"}}],"inLanguage":"fr-FR"},{"@type":"Organization","@id":"https:\/\/www.ivinio.com\/fr\/#organization","name":"IVINIO","url":"https:\/\/www.ivinio.com\/fr\/","logo":{"@type":"ImageObject","inLanguage":"fr-FR","@id":"https:\/\/www.ivinio.com\/fr\/#\/schema\/logo\/image\/","url":"https:\/\/www.ivinio.com\/wp-content\/uploads\/2021\/01\/Logo-Ivinio-v2.jpg","contentUrl":"https:\/\/www.ivinio.com\/wp-content\/uploads\/2021\/01\/Logo-Ivinio-v2.jpg","width":1194,"height":1194,"caption":"IVINIO"},"image":{"@id":"https:\/\/www.ivinio.com\/fr\/#\/schema\/logo\/image\/"},"sameAs":["https:\/\/www.facebook.com\/groups\/165217837022391\/?ref=bookmarks","https:\/\/www.instagram.com\/_ivinio_\/?hl=fr"]}]}},"jetpack_sharing_enabled":true,"_links":{"self":[{"href":"https:\/\/www.ivinio.com\/fr\/wp-json\/wp\/v2\/product\/134280","targetHints":{"allow":["GET"]}}],"collection":[{"href":"https:\/\/www.ivinio.com\/fr\/wp-json\/wp\/v2\/product"}],"about":[{"href":"https:\/\/www.ivinio.com\/fr\/wp-json\/wp\/v2\/types\/product"}],"replies":[{"embeddable":true,"href":"https:\/\/www.ivinio.com\/fr\/wp-json\/wp\/v2\/comments?post=134280"}],"wp:featuredmedia":[{"embeddable":true,"href":"https:\/\/www.ivinio.com\/fr\/wp-json\/wp\/v2\/media\/134222"}],"wp:attachment":[{"href":"https:\/\/www.ivinio.com\/fr\/wp-json\/wp\/v2\/media?parent=134280"}],"wp:term":[{"taxonomy":"product_brand","embeddable":true,"href":"https:\/\/www.ivinio.com\/fr\/wp-json\/wp\/v2\/product_brand?post=134280"},{"taxonomy":"product_cat","embeddable":true,"href":"https:\/\/www.ivinio.com\/fr\/wp-json\/wp\/v2\/product_cat?post=134280"},{"taxonomy":"product_tag","embeddable":true,"href":"https:\/\/www.ivinio.com\/fr\/wp-json\/wp\/v2\/product_tag?post=134280"}],"curies":[{"name":"wp","href":"https:\/\/api.w.org\/{rel}","templated":true}]}}