{"id":133555,"date":"2023-09-07T19:09:01","date_gmt":"2023-09-07T17:09:01","guid":{"rendered":"https:\/\/www.ivinio.com\/product\/carte-cadeau-vin-pour-vos-proches\/"},"modified":"2023-09-11T18:16:45","modified_gmt":"2023-09-11T16:16:45","slug":"carte-cadeau-vin-pour-vos-proches","status":"publish","type":"product","link":"https:\/\/www.ivinio.com\/fr\/produit\/carte-cadeau-vin-pour-vos-proches\/","title":{"rendered":"Carte cadeau vin pour vos proches !"},"content":{"rendered":"<p>Le vin est un cadeau toujours tr\u00e8s appr\u00e9ci\u00e9 ! Cependant, il peut \u00eatre difficile de savoir ce que le destinaire du cadeau souhaite recevoir comme type de vin.<\/p>\n<p>Alors simplifiez-vous la t\u00e2che : achetez ici une carte-cadeau d&#8217;un montant s\u00e9lectionn\u00e9 et laissez votre ami choisir ce qu&#8217;il souhaite recevoir ! Tous nos vins peuvent \u00eatre achet\u00e9s avec une carte cadeau !<\/p>\n","protected":false},"excerpt":{"rendered":"<p>Carte cadeau vin pour vos proches. Alors simplifiez-vous la t\u00e2che : achetez ici une carte-cadeau d&#8217;un montant s\u00e9lectionn\u00e9 et laissez votre ami choisir ce qu&#8217;il souhaite recevoir !<\/p>\n","protected":false},"featured_media":133528,"comment_status":"open","ping_status":"closed","template":"","meta":{"_monsterinsights_skip_tracking":false,"_monsterinsights_sitenote_active":false,"_monsterinsights_sitenote_note":"","_monsterinsights_sitenote_category":0,"_uf_show_specific_survey":0,"_uf_disable_surveys":false},"product_brand":[],"product_cat":[],"product_tag":[],"class_list":{"0":"post-133555","1":"product","2":"type-product","3":"status-publish","4":"has-post-thumbnail","7":"first","8":"instock","9":"shipping-taxable","10":"purchasable","11":"product-type-wgm_gift_card"},"bundled_by":[],"bundle_stock_status":"instock","bundle_stock_quantity":null,"bundle_virtual":false,"bundle_layout":"","bundle_add_to_cart_form_location":"","bundle_editable_in_cart":false,"bundle_sold_individually_context":"","bundle_item_grouping":"","bundle_min_size":"","bundle_max_size":"","bundle_price":[],"bundled_items":[],"bundle_sell_ids":[],"yoast_head":"<!-- This site is optimized with the Yoast SEO plugin v27.5 - https:\/\/yoast.com\/product\/yoast-seo-wordpress\/ -->\n<title>Carte cadeau vin pour vos proches ! - IVINIO Caviste<\/title>\n<meta name=\"description\" content=\"Carte cadeau vin pour vos proches. Alors simplifiez-vous la t\u00e2che : achetez ici une carte-cadeau d&#039;un montant s\u00e9lectionn\u00e9 et laissez votre ami choisir ce qu&#039;il souhaite recevoir !\" \/>\n<meta name=\"robots\" content=\"index, follow, max-snippet:-1, max-image-preview:large, max-video-preview:-1\" \/>\n<link rel=\"canonical\" href=\"https:\/\/www.ivinio.com\/fr\/produit\/carte-cadeau-vin-pour-vos-proches\/\" \/>\n<meta property=\"og:locale\" content=\"fr_FR\" \/>\n<meta property=\"og:type\" content=\"article\" \/>\n<meta property=\"og:title\" content=\"Carte cadeau vin pour vos proches ! - IVINIO Caviste\" \/>\n<meta property=\"og:description\" content=\"Carte cadeau vin pour vos proches. Alors simplifiez-vous la t\u00e2che : achetez ici une carte-cadeau d&#039;un montant s\u00e9lectionn\u00e9 et laissez votre ami choisir ce qu&#039;il souhaite recevoir !\" \/>\n<meta property=\"og:url\" content=\"https:\/\/www.ivinio.com\/fr\/produit\/carte-cadeau-vin-pour-vos-proches\/\" \/>\n<meta property=\"og:site_name\" content=\"IVINIO Caviste\" \/>\n<meta property=\"article:publisher\" content=\"https:\/\/www.facebook.com\/groups\/165217837022391\/?ref=bookmarks\" \/>\n<meta property=\"article:modified_time\" content=\"2023-09-11T16:16:45+00:00\" \/>\n<meta property=\"og:image\" content=\"https:\/\/www.ivinio.com\/wp-content\/uploads\/2023\/09\/Bon-cadeauFR-10-500-IVINIO-2.jpg\" \/>\n\t<meta property=\"og:image:width\" content=\"500\" \/>\n\t<meta property=\"og:image:height\" content=\"500\" \/>\n\t<meta property=\"og:image:type\" content=\"image\/jpeg\" \/>\n<meta name=\"twitter:card\" content=\"summary_large_image\" \/>\n<meta name=\"twitter:label1\" content=\"Dur\u00e9e de lecture estim\u00e9e\" \/>\n\t<meta name=\"twitter:data1\" content=\"1 minute\" \/>\n<script type=\"application\/ld+json\" class=\"yoast-schema-graph\">{\"@context\":\"https:\\\/\\\/schema.org\",\"@graph\":[{\"@type\":\"WebPage\",\"@id\":\"https:\\\/\\\/www.ivinio.com\\\/fr\\\/produit\\\/carte-cadeau-vin-pour-vos-proches\\\/\",\"url\":\"https:\\\/\\\/www.ivinio.com\\\/fr\\\/produit\\\/carte-cadeau-vin-pour-vos-proches\\\/\",\"name\":\"Carte cadeau vin pour vos proches ! - IVINIO Caviste\",\"isPartOf\":{\"@id\":\"https:\\\/\\\/www.ivinio.com\\\/fr\\\/#website\"},\"primaryImageOfPage\":{\"@id\":\"https:\\\/\\\/www.ivinio.com\\\/fr\\\/produit\\\/carte-cadeau-vin-pour-vos-proches\\\/#primaryimage\"},\"image\":{\"@id\":\"https:\\\/\\\/www.ivinio.com\\\/fr\\\/produit\\\/carte-cadeau-vin-pour-vos-proches\\\/#primaryimage\"},\"thumbnailUrl\":\"https:\\\/\\\/www.ivinio.com\\\/wp-content\\\/uploads\\\/2023\\\/09\\\/Bon-cadeauFR-10-500-IVINIO-2.jpg\",\"datePublished\":\"2023-09-07T17:09:01+00:00\",\"dateModified\":\"2023-09-11T16:16:45+00:00\",\"description\":\"Carte cadeau vin pour vos proches. Alors simplifiez-vous la t\u00e2che : achetez ici une carte-cadeau d'un montant s\u00e9lectionn\u00e9 et laissez votre ami choisir ce qu'il souhaite recevoir !\",\"breadcrumb\":{\"@id\":\"https:\\\/\\\/www.ivinio.com\\\/fr\\\/produit\\\/carte-cadeau-vin-pour-vos-proches\\\/#breadcrumb\"},\"inLanguage\":\"fr-FR\",\"potentialAction\":[{\"@type\":\"ReadAction\",\"target\":[\"https:\\\/\\\/www.ivinio.com\\\/fr\\\/produit\\\/carte-cadeau-vin-pour-vos-proches\\\/\"]}]},{\"@type\":\"ImageObject\",\"inLanguage\":\"fr-FR\",\"@id\":\"https:\\\/\\\/www.ivinio.com\\\/fr\\\/produit\\\/carte-cadeau-vin-pour-vos-proches\\\/#primaryimage\",\"url\":\"https:\\\/\\\/www.ivinio.com\\\/wp-content\\\/uploads\\\/2023\\\/09\\\/Bon-cadeauFR-10-500-IVINIO-2.jpg\",\"contentUrl\":\"https:\\\/\\\/www.ivinio.com\\\/wp-content\\\/uploads\\\/2023\\\/09\\\/Bon-cadeauFR-10-500-IVINIO-2.jpg\",\"width\":500,\"height\":500},{\"@type\":\"BreadcrumbList\",\"@id\":\"https:\\\/\\\/www.ivinio.com\\\/fr\\\/produit\\\/carte-cadeau-vin-pour-vos-proches\\\/#breadcrumb\",\"itemListElement\":[{\"@type\":\"ListItem\",\"position\":1,\"name\":\"Home\",\"item\":\"https:\\\/\\\/www.ivinio.com\\\/fr\\\/\"},{\"@type\":\"ListItem\",\"position\":2,\"name\":\"Boutique de vin\",\"item\":\"https:\\\/\\\/www.ivinio.com\\\/fr\\\/boutique-de-vin\\\/\"},{\"@type\":\"ListItem\",\"position\":3,\"name\":\"Carte cadeau vin pour vos proches !\"}]},{\"@type\":\"WebSite\",\"@id\":\"https:\\\/\\\/www.ivinio.com\\\/fr\\\/#website\",\"url\":\"https:\\\/\\\/www.ivinio.com\\\/fr\\\/\",\"name\":\"IVINIO Caviste\",\"description\":\"Vins de France et d&#039;Italie avec livraison \u00e0 domicile\",\"publisher\":{\"@id\":\"https:\\\/\\\/www.ivinio.com\\\/fr\\\/#organization\"},\"potentialAction\":[{\"@type\":\"SearchAction\",\"target\":{\"@type\":\"EntryPoint\",\"urlTemplate\":\"https:\\\/\\\/www.ivinio.com\\\/fr\\\/?s={search_term_string}\"},\"query-input\":{\"@type\":\"PropertyValueSpecification\",\"valueRequired\":true,\"valueName\":\"search_term_string\"}}],\"inLanguage\":\"fr-FR\"},{\"@type\":\"Organization\",\"@id\":\"https:\\\/\\\/www.ivinio.com\\\/fr\\\/#organization\",\"name\":\"IVINIO\",\"url\":\"https:\\\/\\\/www.ivinio.com\\\/fr\\\/\",\"logo\":{\"@type\":\"ImageObject\",\"inLanguage\":\"fr-FR\",\"@id\":\"https:\\\/\\\/www.ivinio.com\\\/fr\\\/#\\\/schema\\\/logo\\\/image\\\/\",\"url\":\"https:\\\/\\\/www.ivinio.com\\\/wp-content\\\/uploads\\\/2021\\\/01\\\/Logo-Ivinio-v2.jpg\",\"contentUrl\":\"https:\\\/\\\/www.ivinio.com\\\/wp-content\\\/uploads\\\/2021\\\/01\\\/Logo-Ivinio-v2.jpg\",\"width\":1194,\"height\":1194,\"caption\":\"IVINIO\"},\"image\":{\"@id\":\"https:\\\/\\\/www.ivinio.com\\\/fr\\\/#\\\/schema\\\/logo\\\/image\\\/\"},\"sameAs\":[\"https:\\\/\\\/www.facebook.com\\\/groups\\\/165217837022391\\\/?ref=bookmarks\",\"https:\\\/\\\/www.instagram.com\\\/_ivinio_\\\/?hl=fr\"]}]}<\/script>\n<!-- \/ Yoast SEO plugin. -->","yoast_head_json":{"title":"Carte cadeau vin pour vos proches ! - IVINIO Caviste","description":"Carte cadeau vin pour vos proches. Alors simplifiez-vous la t\u00e2che : achetez ici une carte-cadeau d'un montant s\u00e9lectionn\u00e9 et laissez votre ami choisir ce qu'il souhaite recevoir !","robots":{"index":"index","follow":"follow","max-snippet":"max-snippet:-1","max-image-preview":"max-image-preview:large","max-video-preview":"max-video-preview:-1"},"canonical":"https:\/\/www.ivinio.com\/fr\/produit\/carte-cadeau-vin-pour-vos-proches\/","og_locale":"fr_FR","og_type":"article","og_title":"Carte cadeau vin pour vos proches ! - IVINIO Caviste","og_description":"Carte cadeau vin pour vos proches. Alors simplifiez-vous la t\u00e2che : achetez ici une carte-cadeau d'un montant s\u00e9lectionn\u00e9 et laissez votre ami choisir ce qu'il souhaite recevoir !","og_url":"https:\/\/www.ivinio.com\/fr\/produit\/carte-cadeau-vin-pour-vos-proches\/","og_site_name":"IVINIO Caviste","article_publisher":"https:\/\/www.facebook.com\/groups\/165217837022391\/?ref=bookmarks","article_modified_time":"2023-09-11T16:16:45+00:00","og_image":[{"width":500,"height":500,"url":"https:\/\/www.ivinio.com\/wp-content\/uploads\/2023\/09\/Bon-cadeauFR-10-500-IVINIO-2.jpg","type":"image\/jpeg"}],"twitter_card":"summary_large_image","twitter_misc":{"Dur\u00e9e de lecture estim\u00e9e":"1 minute"},"schema":{"@context":"https:\/\/schema.org","@graph":[{"@type":"WebPage","@id":"https:\/\/www.ivinio.com\/fr\/produit\/carte-cadeau-vin-pour-vos-proches\/","url":"https:\/\/www.ivinio.com\/fr\/produit\/carte-cadeau-vin-pour-vos-proches\/","name":"Carte cadeau vin pour vos proches ! - IVINIO Caviste","isPartOf":{"@id":"https:\/\/www.ivinio.com\/fr\/#website"},"primaryImageOfPage":{"@id":"https:\/\/www.ivinio.com\/fr\/produit\/carte-cadeau-vin-pour-vos-proches\/#primaryimage"},"image":{"@id":"https:\/\/www.ivinio.com\/fr\/produit\/carte-cadeau-vin-pour-vos-proches\/#primaryimage"},"thumbnailUrl":"https:\/\/www.ivinio.com\/wp-content\/uploads\/2023\/09\/Bon-cadeauFR-10-500-IVINIO-2.jpg","datePublished":"2023-09-07T17:09:01+00:00","dateModified":"2023-09-11T16:16:45+00:00","description":"Carte cadeau vin pour vos proches. Alors simplifiez-vous la t\u00e2che : achetez ici une carte-cadeau d'un montant s\u00e9lectionn\u00e9 et laissez votre ami choisir ce qu'il souhaite recevoir !","breadcrumb":{"@id":"https:\/\/www.ivinio.com\/fr\/produit\/carte-cadeau-vin-pour-vos-proches\/#breadcrumb"},"inLanguage":"fr-FR","potentialAction":[{"@type":"ReadAction","target":["https:\/\/www.ivinio.com\/fr\/produit\/carte-cadeau-vin-pour-vos-proches\/"]}]},{"@type":"ImageObject","inLanguage":"fr-FR","@id":"https:\/\/www.ivinio.com\/fr\/produit\/carte-cadeau-vin-pour-vos-proches\/#primaryimage","url":"https:\/\/www.ivinio.com\/wp-content\/uploads\/2023\/09\/Bon-cadeauFR-10-500-IVINIO-2.jpg","contentUrl":"https:\/\/www.ivinio.com\/wp-content\/uploads\/2023\/09\/Bon-cadeauFR-10-500-IVINIO-2.jpg","width":500,"height":500},{"@type":"BreadcrumbList","@id":"https:\/\/www.ivinio.com\/fr\/produit\/carte-cadeau-vin-pour-vos-proches\/#breadcrumb","itemListElement":[{"@type":"ListItem","position":1,"name":"Home","item":"https:\/\/www.ivinio.com\/fr\/"},{"@type":"ListItem","position":2,"name":"Boutique de vin","item":"https:\/\/www.ivinio.com\/fr\/boutique-de-vin\/"},{"@type":"ListItem","position":3,"name":"Carte cadeau vin pour vos proches !"}]},{"@type":"WebSite","@id":"https:\/\/www.ivinio.com\/fr\/#website","url":"https:\/\/www.ivinio.com\/fr\/","name":"IVINIO Caviste","description":"Vins de France et d&#039;Italie avec livraison \u00e0 domicile","publisher":{"@id":"https:\/\/www.ivinio.com\/fr\/#organization"},"potentialAction":[{"@type":"SearchAction","target":{"@type":"EntryPoint","urlTemplate":"https:\/\/www.ivinio.com\/fr\/?s={search_term_string}"},"query-input":{"@type":"PropertyValueSpecification","valueRequired":true,"valueName":"search_term_string"}}],"inLanguage":"fr-FR"},{"@type":"Organization","@id":"https:\/\/www.ivinio.com\/fr\/#organization","name":"IVINIO","url":"https:\/\/www.ivinio.com\/fr\/","logo":{"@type":"ImageObject","inLanguage":"fr-FR","@id":"https:\/\/www.ivinio.com\/fr\/#\/schema\/logo\/image\/","url":"https:\/\/www.ivinio.com\/wp-content\/uploads\/2021\/01\/Logo-Ivinio-v2.jpg","contentUrl":"https:\/\/www.ivinio.com\/wp-content\/uploads\/2021\/01\/Logo-Ivinio-v2.jpg","width":1194,"height":1194,"caption":"IVINIO"},"image":{"@id":"https:\/\/www.ivinio.com\/fr\/#\/schema\/logo\/image\/"},"sameAs":["https:\/\/www.facebook.com\/groups\/165217837022391\/?ref=bookmarks","https:\/\/www.instagram.com\/_ivinio_\/?hl=fr"]}]}},"jetpack_sharing_enabled":true,"_links":{"self":[{"href":"https:\/\/www.ivinio.com\/fr\/wp-json\/wp\/v2\/product\/133555","targetHints":{"allow":["GET"]}}],"collection":[{"href":"https:\/\/www.ivinio.com\/fr\/wp-json\/wp\/v2\/product"}],"about":[{"href":"https:\/\/www.ivinio.com\/fr\/wp-json\/wp\/v2\/types\/product"}],"replies":[{"embeddable":true,"href":"https:\/\/www.ivinio.com\/fr\/wp-json\/wp\/v2\/comments?post=133555"}],"wp:featuredmedia":[{"embeddable":true,"href":"https:\/\/www.ivinio.com\/fr\/wp-json\/wp\/v2\/media\/133528"}],"wp:attachment":[{"href":"https:\/\/www.ivinio.com\/fr\/wp-json\/wp\/v2\/media?parent=133555"}],"wp:term":[{"taxonomy":"product_brand","embeddable":true,"href":"https:\/\/www.ivinio.com\/fr\/wp-json\/wp\/v2\/product_brand?post=133555"},{"taxonomy":"product_cat","embeddable":true,"href":"https:\/\/www.ivinio.com\/fr\/wp-json\/wp\/v2\/product_cat?post=133555"},{"taxonomy":"product_tag","embeddable":true,"href":"https:\/\/www.ivinio.com\/fr\/wp-json\/wp\/v2\/product_tag?post=133555"}],"curies":[{"name":"wp","href":"https:\/\/api.w.org\/{rel}","templated":true}]}}