{"id":133378,"date":"2023-07-28T11:19:10","date_gmt":"2023-08-30T10:45:22","guid":{"rendered":"https:\/\/www.ivinio.com\/product\/chateau-de-la-negly-la-falaise-la-clape-rouge\/"},"modified":"2023-08-30T12:55:10","modified_gmt":"2023-08-30T10:55:10","slug":"chateau-de-la-negly-la-falaise-la-clape-rouge","status":"publish","type":"product","link":"https:\/\/www.ivinio.com\/fr\/produit\/chateau-de-la-negly-la-falaise-la-clape-rouge\/","title":{"rendered":"Ch\u00e2teau de la N\u00e9gly &#8211; La Falaise &#8211; La Clape &#8211; Rouge"},"content":{"rendered":"<p>Ch\u00e2teau de la N\u00e9gly &#8211; La Falaise &#8211; La Clape &#8211; Rouge est compos\u00e9 de 50% Syrah, 40% Grenache et 10% Mourv\u00e8dre. Les raisins sont vendang\u00e9s manuellement en caisses. La Syrah est ensuite ferment\u00e9e en cuves de ch\u00eane, tandis que les Grenache et Mourv\u00e8dre sont ferment\u00e9s en cuves b\u00e9ton. Le vin est ensuite assembl\u00e9 et \u00e9lev\u00e9 12 mois en f\u00fbts de ch\u00eane.<\/p>\n","protected":false},"excerpt":{"rendered":"<p>Un vin rouge cors\u00e9 aux ar\u00f4mes complexes de m\u00fbre, de r\u00e9glisse et de ch\u00eane.<\/p>\n","protected":false},"featured_media":133251,"comment_status":"open","ping_status":"closed","template":"","meta":{"_monsterinsights_skip_tracking":false,"_monsterinsights_sitenote_active":false,"_monsterinsights_sitenote_note":"","_monsterinsights_sitenote_category":0,"_uf_show_specific_survey":0,"_uf_disable_surveys":false},"product_brand":[],"product_cat":[36625,36586],"product_tag":[],"class_list":{"0":"post-133378","1":"product","2":"type-product","3":"status-publish","4":"has-post-thumbnail","6":"product_cat-fr-languedoc","7":"product_cat-vins-francais","8":"pa_alcohol-degree-15-fr","9":"pa_awards-jancis-robinson-fr","10":"pa_awards-jeb-dunnuck-fr","11":"pa_classification-aop-la-clape-fr","12":"pa_color-rouge-fr","13":"pa_country-france-fr","14":"pa_grape-variety-grenache-fr","15":"pa_grape-variety-mourvedre-fr","16":"pa_grape-variety-syrah-fr","17":"pa_region-languedoc-fr","18":"pa_storage-potential-5-ans-fr","19":"pa_vintage-2020-fr","20":"pa_volume-75-cl-fr","22":"first","23":"outofstock","24":"sale","25":"taxable","26":"shipping-taxable","27":"purchasable","28":"product-type-simple"},"bundled_by":["133405"],"bundle_stock_status":"outofstock","bundle_stock_quantity":null,"bundle_virtual":false,"bundle_layout":"","bundle_add_to_cart_form_location":"","bundle_editable_in_cart":false,"bundle_sold_individually_context":"","bundle_item_grouping":"","bundle_min_size":"","bundle_max_size":"","bundle_price":[],"bundled_items":[],"bundle_sell_ids":[],"yoast_head":"<!-- This site is optimized with the Yoast SEO plugin v27.4 - https:\/\/yoast.com\/product\/yoast-seo-wordpress\/ -->\n<title>Ch\u00e2teau de la N\u00e9gly - La Falaise - La Clape - Rouge - IVINIO Caviste<\/title>\n<meta name=\"description\" content=\"Ch\u00e2teau de la N\u00e9gly - La Falaise - La Clape - Rouge. Ample avec du volume, des tanins velout\u00e9s et des \u00e9l\u00e9ments chaleureux et g\u00e9n\u00e9reux, mais aussi une touche de fra\u00eecheur.\" \/>\n<meta name=\"robots\" content=\"index, follow, max-snippet:-1, max-image-preview:large, max-video-preview:-1\" \/>\n<link rel=\"canonical\" href=\"https:\/\/www.ivinio.com\/fr\/produit\/chateau-de-la-negly-la-falaise-la-clape-rouge\/\" \/>\n<meta property=\"og:locale\" content=\"fr_FR\" \/>\n<meta property=\"og:type\" content=\"article\" \/>\n<meta property=\"og:title\" content=\"Ch\u00e2teau de la N\u00e9gly - La Falaise - La Clape - Rouge - IVINIO Caviste\" \/>\n<meta property=\"og:description\" content=\"Ch\u00e2teau de la N\u00e9gly - La Falaise - La Clape - Rouge. Ample avec du volume, des tanins velout\u00e9s et des \u00e9l\u00e9ments chaleureux et g\u00e9n\u00e9reux, mais aussi une touche de fra\u00eecheur.\" \/>\n<meta property=\"og:url\" content=\"https:\/\/www.ivinio.com\/fr\/produit\/chateau-de-la-negly-la-falaise-la-clape-rouge\/\" \/>\n<meta property=\"og:site_name\" content=\"IVINIO Caviste\" \/>\n<meta property=\"article:publisher\" content=\"https:\/\/www.facebook.com\/groups\/165217837022391\/?ref=bookmarks\" \/>\n<meta property=\"article:modified_time\" content=\"2023-08-30T10:55:10+00:00\" \/>\n<meta property=\"og:image\" content=\"https:\/\/www.ivinio.com\/wp-content\/uploads\/2023\/07\/Chateau-de-la-Negly-la-Falaise-IVINIO.jpg\" \/>\n\t<meta property=\"og:image:width\" content=\"500\" \/>\n\t<meta property=\"og:image:height\" content=\"500\" \/>\n\t<meta property=\"og:image:type\" content=\"image\/jpeg\" \/>\n<meta name=\"twitter:card\" content=\"summary_large_image\" \/>\n<meta name=\"twitter:label1\" content=\"Dur\u00e9e de lecture estim\u00e9e\" \/>\n\t<meta name=\"twitter:data1\" content=\"1 minute\" \/>\n<script type=\"application\/ld+json\" class=\"yoast-schema-graph\">{\"@context\":\"https:\\\/\\\/schema.org\",\"@graph\":[{\"@type\":\"WebPage\",\"@id\":\"https:\\\/\\\/www.ivinio.com\\\/fr\\\/produit\\\/chateau-de-la-negly-la-falaise-la-clape-rouge\\\/\",\"url\":\"https:\\\/\\\/www.ivinio.com\\\/fr\\\/produit\\\/chateau-de-la-negly-la-falaise-la-clape-rouge\\\/\",\"name\":\"Ch\u00e2teau de la N\u00e9gly - La Falaise - La Clape - Rouge - IVINIO Caviste\",\"isPartOf\":{\"@id\":\"https:\\\/\\\/www.ivinio.com\\\/fr\\\/#website\"},\"primaryImageOfPage\":{\"@id\":\"https:\\\/\\\/www.ivinio.com\\\/fr\\\/produit\\\/chateau-de-la-negly-la-falaise-la-clape-rouge\\\/#primaryimage\"},\"image\":{\"@id\":\"https:\\\/\\\/www.ivinio.com\\\/fr\\\/produit\\\/chateau-de-la-negly-la-falaise-la-clape-rouge\\\/#primaryimage\"},\"thumbnailUrl\":\"https:\\\/\\\/www.ivinio.com\\\/wp-content\\\/uploads\\\/2023\\\/07\\\/Chateau-de-la-Negly-la-Falaise-IVINIO.jpg\",\"datePublished\":\"2023-08-30T10:45:22+00:00\",\"dateModified\":\"2023-08-30T10:55:10+00:00\",\"description\":\"Ch\u00e2teau de la N\u00e9gly - La Falaise - La Clape - Rouge. Ample avec du volume, des tanins velout\u00e9s et des \u00e9l\u00e9ments chaleureux et g\u00e9n\u00e9reux, mais aussi une touche de fra\u00eecheur.\",\"breadcrumb\":{\"@id\":\"https:\\\/\\\/www.ivinio.com\\\/fr\\\/produit\\\/chateau-de-la-negly-la-falaise-la-clape-rouge\\\/#breadcrumb\"},\"inLanguage\":\"fr-FR\",\"potentialAction\":[{\"@type\":\"ReadAction\",\"target\":[\"https:\\\/\\\/www.ivinio.com\\\/fr\\\/produit\\\/chateau-de-la-negly-la-falaise-la-clape-rouge\\\/\"]}]},{\"@type\":\"ImageObject\",\"inLanguage\":\"fr-FR\",\"@id\":\"https:\\\/\\\/www.ivinio.com\\\/fr\\\/produit\\\/chateau-de-la-negly-la-falaise-la-clape-rouge\\\/#primaryimage\",\"url\":\"https:\\\/\\\/www.ivinio.com\\\/wp-content\\\/uploads\\\/2023\\\/07\\\/Chateau-de-la-Negly-la-Falaise-IVINIO.jpg\",\"contentUrl\":\"https:\\\/\\\/www.ivinio.com\\\/wp-content\\\/uploads\\\/2023\\\/07\\\/Chateau-de-la-Negly-la-Falaise-IVINIO.jpg\",\"width\":500,\"height\":500},{\"@type\":\"BreadcrumbList\",\"@id\":\"https:\\\/\\\/www.ivinio.com\\\/fr\\\/produit\\\/chateau-de-la-negly-la-falaise-la-clape-rouge\\\/#breadcrumb\",\"itemListElement\":[{\"@type\":\"ListItem\",\"position\":1,\"name\":\"Home\",\"item\":\"https:\\\/\\\/www.ivinio.com\\\/fr\\\/\"},{\"@type\":\"ListItem\",\"position\":2,\"name\":\"Boutique de vin\",\"item\":\"https:\\\/\\\/www.ivinio.com\\\/fr\\\/boutique-de-vin\\\/\"},{\"@type\":\"ListItem\",\"position\":3,\"name\":\"Ch\u00e2teau de la N\u00e9gly &#8211; La Falaise &#8211; La Clape &#8211; Rouge\"}]},{\"@type\":\"WebSite\",\"@id\":\"https:\\\/\\\/www.ivinio.com\\\/fr\\\/#website\",\"url\":\"https:\\\/\\\/www.ivinio.com\\\/fr\\\/\",\"name\":\"IVINIO Caviste\",\"description\":\"Vins de France et d&#039;Italie avec livraison \u00e0 domicile\",\"publisher\":{\"@id\":\"https:\\\/\\\/www.ivinio.com\\\/fr\\\/#organization\"},\"potentialAction\":[{\"@type\":\"SearchAction\",\"target\":{\"@type\":\"EntryPoint\",\"urlTemplate\":\"https:\\\/\\\/www.ivinio.com\\\/fr\\\/?s={search_term_string}\"},\"query-input\":{\"@type\":\"PropertyValueSpecification\",\"valueRequired\":true,\"valueName\":\"search_term_string\"}}],\"inLanguage\":\"fr-FR\"},{\"@type\":\"Organization\",\"@id\":\"https:\\\/\\\/www.ivinio.com\\\/fr\\\/#organization\",\"name\":\"IVINIO\",\"url\":\"https:\\\/\\\/www.ivinio.com\\\/fr\\\/\",\"logo\":{\"@type\":\"ImageObject\",\"inLanguage\":\"fr-FR\",\"@id\":\"https:\\\/\\\/www.ivinio.com\\\/fr\\\/#\\\/schema\\\/logo\\\/image\\\/\",\"url\":\"https:\\\/\\\/www.ivinio.com\\\/wp-content\\\/uploads\\\/2021\\\/01\\\/Logo-Ivinio-v2.jpg\",\"contentUrl\":\"https:\\\/\\\/www.ivinio.com\\\/wp-content\\\/uploads\\\/2021\\\/01\\\/Logo-Ivinio-v2.jpg\",\"width\":1194,\"height\":1194,\"caption\":\"IVINIO\"},\"image\":{\"@id\":\"https:\\\/\\\/www.ivinio.com\\\/fr\\\/#\\\/schema\\\/logo\\\/image\\\/\"},\"sameAs\":[\"https:\\\/\\\/www.facebook.com\\\/groups\\\/165217837022391\\\/?ref=bookmarks\",\"https:\\\/\\\/www.instagram.com\\\/_ivinio_\\\/?hl=fr\"]}]}<\/script>\n<!-- \/ Yoast SEO plugin. -->","yoast_head_json":{"title":"Ch\u00e2teau de la N\u00e9gly - La Falaise - La Clape - Rouge - IVINIO Caviste","description":"Ch\u00e2teau de la N\u00e9gly - La Falaise - La Clape - Rouge. Ample avec du volume, des tanins velout\u00e9s et des \u00e9l\u00e9ments chaleureux et g\u00e9n\u00e9reux, mais aussi une touche de fra\u00eecheur.","robots":{"index":"index","follow":"follow","max-snippet":"max-snippet:-1","max-image-preview":"max-image-preview:large","max-video-preview":"max-video-preview:-1"},"canonical":"https:\/\/www.ivinio.com\/fr\/produit\/chateau-de-la-negly-la-falaise-la-clape-rouge\/","og_locale":"fr_FR","og_type":"article","og_title":"Ch\u00e2teau de la N\u00e9gly - La Falaise - La Clape - Rouge - IVINIO Caviste","og_description":"Ch\u00e2teau de la N\u00e9gly - La Falaise - La Clape - Rouge. Ample avec du volume, des tanins velout\u00e9s et des \u00e9l\u00e9ments chaleureux et g\u00e9n\u00e9reux, mais aussi une touche de fra\u00eecheur.","og_url":"https:\/\/www.ivinio.com\/fr\/produit\/chateau-de-la-negly-la-falaise-la-clape-rouge\/","og_site_name":"IVINIO Caviste","article_publisher":"https:\/\/www.facebook.com\/groups\/165217837022391\/?ref=bookmarks","article_modified_time":"2023-08-30T10:55:10+00:00","og_image":[{"width":500,"height":500,"url":"https:\/\/www.ivinio.com\/wp-content\/uploads\/2023\/07\/Chateau-de-la-Negly-la-Falaise-IVINIO.jpg","type":"image\/jpeg"}],"twitter_card":"summary_large_image","twitter_misc":{"Dur\u00e9e de lecture estim\u00e9e":"1 minute"},"schema":{"@context":"https:\/\/schema.org","@graph":[{"@type":"WebPage","@id":"https:\/\/www.ivinio.com\/fr\/produit\/chateau-de-la-negly-la-falaise-la-clape-rouge\/","url":"https:\/\/www.ivinio.com\/fr\/produit\/chateau-de-la-negly-la-falaise-la-clape-rouge\/","name":"Ch\u00e2teau de la N\u00e9gly - La Falaise - La Clape - Rouge - IVINIO Caviste","isPartOf":{"@id":"https:\/\/www.ivinio.com\/fr\/#website"},"primaryImageOfPage":{"@id":"https:\/\/www.ivinio.com\/fr\/produit\/chateau-de-la-negly-la-falaise-la-clape-rouge\/#primaryimage"},"image":{"@id":"https:\/\/www.ivinio.com\/fr\/produit\/chateau-de-la-negly-la-falaise-la-clape-rouge\/#primaryimage"},"thumbnailUrl":"https:\/\/www.ivinio.com\/wp-content\/uploads\/2023\/07\/Chateau-de-la-Negly-la-Falaise-IVINIO.jpg","datePublished":"2023-08-30T10:45:22+00:00","dateModified":"2023-08-30T10:55:10+00:00","description":"Ch\u00e2teau de la N\u00e9gly - La Falaise - La Clape - Rouge. Ample avec du volume, des tanins velout\u00e9s et des \u00e9l\u00e9ments chaleureux et g\u00e9n\u00e9reux, mais aussi une touche de fra\u00eecheur.","breadcrumb":{"@id":"https:\/\/www.ivinio.com\/fr\/produit\/chateau-de-la-negly-la-falaise-la-clape-rouge\/#breadcrumb"},"inLanguage":"fr-FR","potentialAction":[{"@type":"ReadAction","target":["https:\/\/www.ivinio.com\/fr\/produit\/chateau-de-la-negly-la-falaise-la-clape-rouge\/"]}]},{"@type":"ImageObject","inLanguage":"fr-FR","@id":"https:\/\/www.ivinio.com\/fr\/produit\/chateau-de-la-negly-la-falaise-la-clape-rouge\/#primaryimage","url":"https:\/\/www.ivinio.com\/wp-content\/uploads\/2023\/07\/Chateau-de-la-Negly-la-Falaise-IVINIO.jpg","contentUrl":"https:\/\/www.ivinio.com\/wp-content\/uploads\/2023\/07\/Chateau-de-la-Negly-la-Falaise-IVINIO.jpg","width":500,"height":500},{"@type":"BreadcrumbList","@id":"https:\/\/www.ivinio.com\/fr\/produit\/chateau-de-la-negly-la-falaise-la-clape-rouge\/#breadcrumb","itemListElement":[{"@type":"ListItem","position":1,"name":"Home","item":"https:\/\/www.ivinio.com\/fr\/"},{"@type":"ListItem","position":2,"name":"Boutique de vin","item":"https:\/\/www.ivinio.com\/fr\/boutique-de-vin\/"},{"@type":"ListItem","position":3,"name":"Ch\u00e2teau de la N\u00e9gly &#8211; La Falaise &#8211; La Clape &#8211; Rouge"}]},{"@type":"WebSite","@id":"https:\/\/www.ivinio.com\/fr\/#website","url":"https:\/\/www.ivinio.com\/fr\/","name":"IVINIO Caviste","description":"Vins de France et d&#039;Italie avec livraison \u00e0 domicile","publisher":{"@id":"https:\/\/www.ivinio.com\/fr\/#organization"},"potentialAction":[{"@type":"SearchAction","target":{"@type":"EntryPoint","urlTemplate":"https:\/\/www.ivinio.com\/fr\/?s={search_term_string}"},"query-input":{"@type":"PropertyValueSpecification","valueRequired":true,"valueName":"search_term_string"}}],"inLanguage":"fr-FR"},{"@type":"Organization","@id":"https:\/\/www.ivinio.com\/fr\/#organization","name":"IVINIO","url":"https:\/\/www.ivinio.com\/fr\/","logo":{"@type":"ImageObject","inLanguage":"fr-FR","@id":"https:\/\/www.ivinio.com\/fr\/#\/schema\/logo\/image\/","url":"https:\/\/www.ivinio.com\/wp-content\/uploads\/2021\/01\/Logo-Ivinio-v2.jpg","contentUrl":"https:\/\/www.ivinio.com\/wp-content\/uploads\/2021\/01\/Logo-Ivinio-v2.jpg","width":1194,"height":1194,"caption":"IVINIO"},"image":{"@id":"https:\/\/www.ivinio.com\/fr\/#\/schema\/logo\/image\/"},"sameAs":["https:\/\/www.facebook.com\/groups\/165217837022391\/?ref=bookmarks","https:\/\/www.instagram.com\/_ivinio_\/?hl=fr"]}]}},"jetpack_sharing_enabled":true,"_links":{"self":[{"href":"https:\/\/www.ivinio.com\/fr\/wp-json\/wp\/v2\/product\/133378","targetHints":{"allow":["GET"]}}],"collection":[{"href":"https:\/\/www.ivinio.com\/fr\/wp-json\/wp\/v2\/product"}],"about":[{"href":"https:\/\/www.ivinio.com\/fr\/wp-json\/wp\/v2\/types\/product"}],"replies":[{"embeddable":true,"href":"https:\/\/www.ivinio.com\/fr\/wp-json\/wp\/v2\/comments?post=133378"}],"wp:featuredmedia":[{"embeddable":true,"href":"https:\/\/www.ivinio.com\/fr\/wp-json\/wp\/v2\/media\/133251"}],"wp:attachment":[{"href":"https:\/\/www.ivinio.com\/fr\/wp-json\/wp\/v2\/media?parent=133378"}],"wp:term":[{"taxonomy":"product_brand","embeddable":true,"href":"https:\/\/www.ivinio.com\/fr\/wp-json\/wp\/v2\/product_brand?post=133378"},{"taxonomy":"product_cat","embeddable":true,"href":"https:\/\/www.ivinio.com\/fr\/wp-json\/wp\/v2\/product_cat?post=133378"},{"taxonomy":"product_tag","embeddable":true,"href":"https:\/\/www.ivinio.com\/fr\/wp-json\/wp\/v2\/product_tag?post=133378"}],"curies":[{"name":"wp","href":"https:\/\/api.w.org\/{rel}","templated":true}]}}