{"id":133036,"date":"2023-04-07T11:43:38","date_gmt":"2023-04-07T09:43:38","guid":{"rendered":"https:\/\/www.ivinio.com\/product\/produttori-del-barbaresco-langhe-nebbiolo-rouge\/"},"modified":"2023-06-02T12:56:15","modified_gmt":"2023-06-02T10:56:15","slug":"produttori-del-barbaresco-langhe-nebbiolo-rouge","status":"publish","type":"product","link":"https:\/\/www.ivinio.com\/fr\/produit\/produttori-del-barbaresco-langhe-nebbiolo-rouge\/","title":{"rendered":"Produttori del Barbaresco &#8211; Langhe Nebbiolo &#8211; Rouge"},"content":{"rendered":"<p>Produttori del Barbaresco &#8211; Langhe Nebbiolo &#8211; Rouge est compos\u00e9 de 100% Nebbiolo, cultiv\u00e9s dans les directions sud, ouest et est, sur 118 hectares de terres dans diff\u00e9rentes r\u00e9gions des Langhe. La fermentation se fait en cuve ciment \u00e0 28\u00b0C pendant 20 jours avec les peaux de raisins. Remontages deux fois par jour. Puis suit la fermentation malolactique. Le vin est mis en bouteille en septembre. Environ 140 000 bouteilles sont produites\/an.<\/p>\n","protected":false},"excerpt":{"rendered":"<p>Un Nebbiolo aux notes de fruits rouges, de poivre blanc et d&#8217;anis. Le palais est fruit\u00e9 avec des acidit\u00e9s bien \u00e9quilibr\u00e9es.<\/p>\n","protected":false},"featured_media":132733,"comment_status":"open","ping_status":"closed","template":"","meta":{"_monsterinsights_skip_tracking":false,"_monsterinsights_sitenote_active":false,"_monsterinsights_sitenote_note":"","_monsterinsights_sitenote_category":0,"_uf_show_specific_survey":0,"_uf_disable_surveys":false},"product_brand":[],"product_cat":[36598,36589],"product_tag":[],"class_list":{"0":"post-133036","1":"product","2":"type-product","3":"status-publish","4":"has-post-thumbnail","6":"product_cat-fr-piemont","7":"product_cat-vins-italiens","8":"pa_alcohol-degree-14-fr","9":"pa_classification-doc-langhe-nebbiolo-fr","10":"pa_country-italie-fr","11":"pa_grape-variety-nebbiolo","12":"pa_storage-potential-8-ans","13":"pa_vintage-2021-fr","14":"pa_volume-75-cl-fr","16":"first","17":"instock","18":"taxable","19":"shipping-taxable","20":"purchasable","21":"product-type-simple"},"bundled_by":[],"bundle_stock_status":"instock","bundle_stock_quantity":null,"bundle_virtual":false,"bundle_layout":"","bundle_add_to_cart_form_location":"","bundle_editable_in_cart":false,"bundle_sold_individually_context":"","bundle_item_grouping":"","bundle_min_size":"","bundle_max_size":"","bundle_price":[],"bundled_items":[],"bundle_sell_ids":[],"yoast_head":"<!-- This site is optimized with the Yoast SEO plugin v27.5 - https:\/\/yoast.com\/product\/yoast-seo-wordpress\/ -->\n<title>Produttori del Barbaresco - Langhe Nebbiolo - Rouge - IVINIO Caviste<\/title>\n<meta name=\"description\" content=\"Produttori del Barbaresco - Langhe Nebbiolo - Rouge. Notes intenses de fruits rouges, de poivre blanc et d&#039;anis. Le palais est fruit\u00e9 avec des acidit\u00e9s bien \u00e9quilibr\u00e9es.\" \/>\n<meta name=\"robots\" content=\"index, follow, max-snippet:-1, max-image-preview:large, max-video-preview:-1\" \/>\n<link rel=\"canonical\" href=\"https:\/\/www.ivinio.com\/fr\/produit\/produttori-del-barbaresco-langhe-nebbiolo-rouge\/\" \/>\n<meta property=\"og:locale\" content=\"fr_FR\" \/>\n<meta property=\"og:type\" content=\"article\" \/>\n<meta property=\"og:title\" content=\"Produttori del Barbaresco - Langhe Nebbiolo - Rouge - IVINIO Caviste\" \/>\n<meta property=\"og:description\" content=\"Produttori del Barbaresco - Langhe Nebbiolo - Rouge. Notes intenses de fruits rouges, de poivre blanc et d&#039;anis. Le palais est fruit\u00e9 avec des acidit\u00e9s bien \u00e9quilibr\u00e9es.\" \/>\n<meta property=\"og:url\" content=\"https:\/\/www.ivinio.com\/fr\/produit\/produttori-del-barbaresco-langhe-nebbiolo-rouge\/\" \/>\n<meta property=\"og:site_name\" content=\"IVINIO Caviste\" \/>\n<meta property=\"article:publisher\" content=\"https:\/\/www.facebook.com\/groups\/165217837022391\/?ref=bookmarks\" \/>\n<meta property=\"article:modified_time\" content=\"2023-06-02T10:56:15+00:00\" \/>\n<meta property=\"og:image\" content=\"https:\/\/www.ivinio.com\/wp-content\/uploads\/2023\/04\/Produttori-di-Barbaresco-Langhe-Nebbiolo-IVINIO.jpg\" \/>\n\t<meta property=\"og:image:width\" content=\"500\" \/>\n\t<meta property=\"og:image:height\" content=\"500\" \/>\n\t<meta property=\"og:image:type\" content=\"image\/jpeg\" \/>\n<meta name=\"twitter:card\" content=\"summary_large_image\" \/>\n<script type=\"application\/ld+json\" class=\"yoast-schema-graph\">{\"@context\":\"https:\\\/\\\/schema.org\",\"@graph\":[{\"@type\":\"WebPage\",\"@id\":\"https:\\\/\\\/www.ivinio.com\\\/fr\\\/produit\\\/produttori-del-barbaresco-langhe-nebbiolo-rouge\\\/\",\"url\":\"https:\\\/\\\/www.ivinio.com\\\/fr\\\/produit\\\/produttori-del-barbaresco-langhe-nebbiolo-rouge\\\/\",\"name\":\"Produttori del Barbaresco - Langhe Nebbiolo - Rouge - IVINIO Caviste\",\"isPartOf\":{\"@id\":\"https:\\\/\\\/www.ivinio.com\\\/fr\\\/#website\"},\"primaryImageOfPage\":{\"@id\":\"https:\\\/\\\/www.ivinio.com\\\/fr\\\/produit\\\/produttori-del-barbaresco-langhe-nebbiolo-rouge\\\/#primaryimage\"},\"image\":{\"@id\":\"https:\\\/\\\/www.ivinio.com\\\/fr\\\/produit\\\/produttori-del-barbaresco-langhe-nebbiolo-rouge\\\/#primaryimage\"},\"thumbnailUrl\":\"https:\\\/\\\/www.ivinio.com\\\/wp-content\\\/uploads\\\/2023\\\/04\\\/Produttori-di-Barbaresco-Langhe-Nebbiolo-IVINIO.jpg\",\"datePublished\":\"2023-04-07T09:43:38+00:00\",\"dateModified\":\"2023-06-02T10:56:15+00:00\",\"description\":\"Produttori del Barbaresco - Langhe Nebbiolo - Rouge. Notes intenses de fruits rouges, de poivre blanc et d'anis. Le palais est fruit\u00e9 avec des acidit\u00e9s bien \u00e9quilibr\u00e9es.\",\"breadcrumb\":{\"@id\":\"https:\\\/\\\/www.ivinio.com\\\/fr\\\/produit\\\/produttori-del-barbaresco-langhe-nebbiolo-rouge\\\/#breadcrumb\"},\"inLanguage\":\"fr-FR\",\"potentialAction\":[{\"@type\":\"ReadAction\",\"target\":[\"https:\\\/\\\/www.ivinio.com\\\/fr\\\/produit\\\/produttori-del-barbaresco-langhe-nebbiolo-rouge\\\/\"]}]},{\"@type\":\"ImageObject\",\"inLanguage\":\"fr-FR\",\"@id\":\"https:\\\/\\\/www.ivinio.com\\\/fr\\\/produit\\\/produttori-del-barbaresco-langhe-nebbiolo-rouge\\\/#primaryimage\",\"url\":\"https:\\\/\\\/www.ivinio.com\\\/wp-content\\\/uploads\\\/2023\\\/04\\\/Produttori-di-Barbaresco-Langhe-Nebbiolo-IVINIO.jpg\",\"contentUrl\":\"https:\\\/\\\/www.ivinio.com\\\/wp-content\\\/uploads\\\/2023\\\/04\\\/Produttori-di-Barbaresco-Langhe-Nebbiolo-IVINIO.jpg\",\"width\":500,\"height\":500},{\"@type\":\"BreadcrumbList\",\"@id\":\"https:\\\/\\\/www.ivinio.com\\\/fr\\\/produit\\\/produttori-del-barbaresco-langhe-nebbiolo-rouge\\\/#breadcrumb\",\"itemListElement\":[{\"@type\":\"ListItem\",\"position\":1,\"name\":\"Home\",\"item\":\"https:\\\/\\\/www.ivinio.com\\\/fr\\\/\"},{\"@type\":\"ListItem\",\"position\":2,\"name\":\"Boutique de vin\",\"item\":\"https:\\\/\\\/www.ivinio.com\\\/fr\\\/boutique-de-vin\\\/\"},{\"@type\":\"ListItem\",\"position\":3,\"name\":\"Produttori del Barbaresco &#8211; Langhe Nebbiolo &#8211; Rouge\"}]},{\"@type\":\"WebSite\",\"@id\":\"https:\\\/\\\/www.ivinio.com\\\/fr\\\/#website\",\"url\":\"https:\\\/\\\/www.ivinio.com\\\/fr\\\/\",\"name\":\"IVINIO Caviste\",\"description\":\"Vins de France et d&#039;Italie avec livraison \u00e0 domicile\",\"publisher\":{\"@id\":\"https:\\\/\\\/www.ivinio.com\\\/fr\\\/#organization\"},\"potentialAction\":[{\"@type\":\"SearchAction\",\"target\":{\"@type\":\"EntryPoint\",\"urlTemplate\":\"https:\\\/\\\/www.ivinio.com\\\/fr\\\/?s={search_term_string}\"},\"query-input\":{\"@type\":\"PropertyValueSpecification\",\"valueRequired\":true,\"valueName\":\"search_term_string\"}}],\"inLanguage\":\"fr-FR\"},{\"@type\":\"Organization\",\"@id\":\"https:\\\/\\\/www.ivinio.com\\\/fr\\\/#organization\",\"name\":\"IVINIO\",\"url\":\"https:\\\/\\\/www.ivinio.com\\\/fr\\\/\",\"logo\":{\"@type\":\"ImageObject\",\"inLanguage\":\"fr-FR\",\"@id\":\"https:\\\/\\\/www.ivinio.com\\\/fr\\\/#\\\/schema\\\/logo\\\/image\\\/\",\"url\":\"https:\\\/\\\/www.ivinio.com\\\/wp-content\\\/uploads\\\/2021\\\/01\\\/Logo-Ivinio-v2.jpg\",\"contentUrl\":\"https:\\\/\\\/www.ivinio.com\\\/wp-content\\\/uploads\\\/2021\\\/01\\\/Logo-Ivinio-v2.jpg\",\"width\":1194,\"height\":1194,\"caption\":\"IVINIO\"},\"image\":{\"@id\":\"https:\\\/\\\/www.ivinio.com\\\/fr\\\/#\\\/schema\\\/logo\\\/image\\\/\"},\"sameAs\":[\"https:\\\/\\\/www.facebook.com\\\/groups\\\/165217837022391\\\/?ref=bookmarks\",\"https:\\\/\\\/www.instagram.com\\\/_ivinio_\\\/?hl=fr\"]}]}<\/script>\n<!-- \/ Yoast SEO plugin. -->","yoast_head_json":{"title":"Produttori del Barbaresco - Langhe Nebbiolo - Rouge - IVINIO Caviste","description":"Produttori del Barbaresco - Langhe Nebbiolo - Rouge. Notes intenses de fruits rouges, de poivre blanc et d'anis. Le palais est fruit\u00e9 avec des acidit\u00e9s bien \u00e9quilibr\u00e9es.","robots":{"index":"index","follow":"follow","max-snippet":"max-snippet:-1","max-image-preview":"max-image-preview:large","max-video-preview":"max-video-preview:-1"},"canonical":"https:\/\/www.ivinio.com\/fr\/produit\/produttori-del-barbaresco-langhe-nebbiolo-rouge\/","og_locale":"fr_FR","og_type":"article","og_title":"Produttori del Barbaresco - Langhe Nebbiolo - Rouge - IVINIO Caviste","og_description":"Produttori del Barbaresco - Langhe Nebbiolo - Rouge. Notes intenses de fruits rouges, de poivre blanc et d'anis. Le palais est fruit\u00e9 avec des acidit\u00e9s bien \u00e9quilibr\u00e9es.","og_url":"https:\/\/www.ivinio.com\/fr\/produit\/produttori-del-barbaresco-langhe-nebbiolo-rouge\/","og_site_name":"IVINIO Caviste","article_publisher":"https:\/\/www.facebook.com\/groups\/165217837022391\/?ref=bookmarks","article_modified_time":"2023-06-02T10:56:15+00:00","og_image":[{"width":500,"height":500,"url":"https:\/\/www.ivinio.com\/wp-content\/uploads\/2023\/04\/Produttori-di-Barbaresco-Langhe-Nebbiolo-IVINIO.jpg","type":"image\/jpeg"}],"twitter_card":"summary_large_image","schema":{"@context":"https:\/\/schema.org","@graph":[{"@type":"WebPage","@id":"https:\/\/www.ivinio.com\/fr\/produit\/produttori-del-barbaresco-langhe-nebbiolo-rouge\/","url":"https:\/\/www.ivinio.com\/fr\/produit\/produttori-del-barbaresco-langhe-nebbiolo-rouge\/","name":"Produttori del Barbaresco - Langhe Nebbiolo - Rouge - IVINIO Caviste","isPartOf":{"@id":"https:\/\/www.ivinio.com\/fr\/#website"},"primaryImageOfPage":{"@id":"https:\/\/www.ivinio.com\/fr\/produit\/produttori-del-barbaresco-langhe-nebbiolo-rouge\/#primaryimage"},"image":{"@id":"https:\/\/www.ivinio.com\/fr\/produit\/produttori-del-barbaresco-langhe-nebbiolo-rouge\/#primaryimage"},"thumbnailUrl":"https:\/\/www.ivinio.com\/wp-content\/uploads\/2023\/04\/Produttori-di-Barbaresco-Langhe-Nebbiolo-IVINIO.jpg","datePublished":"2023-04-07T09:43:38+00:00","dateModified":"2023-06-02T10:56:15+00:00","description":"Produttori del Barbaresco - Langhe Nebbiolo - Rouge. Notes intenses de fruits rouges, de poivre blanc et d'anis. Le palais est fruit\u00e9 avec des acidit\u00e9s bien \u00e9quilibr\u00e9es.","breadcrumb":{"@id":"https:\/\/www.ivinio.com\/fr\/produit\/produttori-del-barbaresco-langhe-nebbiolo-rouge\/#breadcrumb"},"inLanguage":"fr-FR","potentialAction":[{"@type":"ReadAction","target":["https:\/\/www.ivinio.com\/fr\/produit\/produttori-del-barbaresco-langhe-nebbiolo-rouge\/"]}]},{"@type":"ImageObject","inLanguage":"fr-FR","@id":"https:\/\/www.ivinio.com\/fr\/produit\/produttori-del-barbaresco-langhe-nebbiolo-rouge\/#primaryimage","url":"https:\/\/www.ivinio.com\/wp-content\/uploads\/2023\/04\/Produttori-di-Barbaresco-Langhe-Nebbiolo-IVINIO.jpg","contentUrl":"https:\/\/www.ivinio.com\/wp-content\/uploads\/2023\/04\/Produttori-di-Barbaresco-Langhe-Nebbiolo-IVINIO.jpg","width":500,"height":500},{"@type":"BreadcrumbList","@id":"https:\/\/www.ivinio.com\/fr\/produit\/produttori-del-barbaresco-langhe-nebbiolo-rouge\/#breadcrumb","itemListElement":[{"@type":"ListItem","position":1,"name":"Home","item":"https:\/\/www.ivinio.com\/fr\/"},{"@type":"ListItem","position":2,"name":"Boutique de vin","item":"https:\/\/www.ivinio.com\/fr\/boutique-de-vin\/"},{"@type":"ListItem","position":3,"name":"Produttori del Barbaresco &#8211; Langhe Nebbiolo &#8211; Rouge"}]},{"@type":"WebSite","@id":"https:\/\/www.ivinio.com\/fr\/#website","url":"https:\/\/www.ivinio.com\/fr\/","name":"IVINIO Caviste","description":"Vins de France et d&#039;Italie avec livraison \u00e0 domicile","publisher":{"@id":"https:\/\/www.ivinio.com\/fr\/#organization"},"potentialAction":[{"@type":"SearchAction","target":{"@type":"EntryPoint","urlTemplate":"https:\/\/www.ivinio.com\/fr\/?s={search_term_string}"},"query-input":{"@type":"PropertyValueSpecification","valueRequired":true,"valueName":"search_term_string"}}],"inLanguage":"fr-FR"},{"@type":"Organization","@id":"https:\/\/www.ivinio.com\/fr\/#organization","name":"IVINIO","url":"https:\/\/www.ivinio.com\/fr\/","logo":{"@type":"ImageObject","inLanguage":"fr-FR","@id":"https:\/\/www.ivinio.com\/fr\/#\/schema\/logo\/image\/","url":"https:\/\/www.ivinio.com\/wp-content\/uploads\/2021\/01\/Logo-Ivinio-v2.jpg","contentUrl":"https:\/\/www.ivinio.com\/wp-content\/uploads\/2021\/01\/Logo-Ivinio-v2.jpg","width":1194,"height":1194,"caption":"IVINIO"},"image":{"@id":"https:\/\/www.ivinio.com\/fr\/#\/schema\/logo\/image\/"},"sameAs":["https:\/\/www.facebook.com\/groups\/165217837022391\/?ref=bookmarks","https:\/\/www.instagram.com\/_ivinio_\/?hl=fr"]}]}},"jetpack_sharing_enabled":true,"_links":{"self":[{"href":"https:\/\/www.ivinio.com\/fr\/wp-json\/wp\/v2\/product\/133036","targetHints":{"allow":["GET"]}}],"collection":[{"href":"https:\/\/www.ivinio.com\/fr\/wp-json\/wp\/v2\/product"}],"about":[{"href":"https:\/\/www.ivinio.com\/fr\/wp-json\/wp\/v2\/types\/product"}],"replies":[{"embeddable":true,"href":"https:\/\/www.ivinio.com\/fr\/wp-json\/wp\/v2\/comments?post=133036"}],"wp:featuredmedia":[{"embeddable":true,"href":"https:\/\/www.ivinio.com\/fr\/wp-json\/wp\/v2\/media\/132733"}],"wp:attachment":[{"href":"https:\/\/www.ivinio.com\/fr\/wp-json\/wp\/v2\/media?parent=133036"}],"wp:term":[{"taxonomy":"product_brand","embeddable":true,"href":"https:\/\/www.ivinio.com\/fr\/wp-json\/wp\/v2\/product_brand?post=133036"},{"taxonomy":"product_cat","embeddable":true,"href":"https:\/\/www.ivinio.com\/fr\/wp-json\/wp\/v2\/product_cat?post=133036"},{"taxonomy":"product_tag","embeddable":true,"href":"https:\/\/www.ivinio.com\/fr\/wp-json\/wp\/v2\/product_tag?post=133036"}],"curies":[{"name":"wp","href":"https:\/\/api.w.org\/{rel}","templated":true}]}}