{"id":132986,"date":"2023-04-05T18:07:06","date_gmt":"2023-05-25T17:10:14","guid":{"rendered":"https:\/\/www.ivinio.com\/product\/azienda-agricola-taliano-michele-la-laboriosa-barbera-dalba-superiore\/"},"modified":"2023-05-25T19:18:52","modified_gmt":"2023-05-25T17:18:52","slug":"laboriosaazienda-agricola-taliano-michele-la-laboriosa-barbera-dalba-superiore","status":"publish","type":"product","link":"https:\/\/www.ivinio.com\/fr\/produit\/laboriosaazienda-agricola-taliano-michele-la-laboriosa-barbera-dalba-superiore\/","title":{"rendered":"Azienda agricola Taliano Michele &#8211; La Laboriosa &#8211; Barbera d&#8217;Alba Superiore"},"content":{"rendered":"<p>Azienda agricola Taliano Michele &#8211; La Laboriosa &#8211; Barbera d&#8217;Alba Superiore est compos\u00e9 de100% Barbera. Les raisins proviennent de vignobles bien expos\u00e9s dans la r\u00e9gion de Bossora, dans la municipalit\u00e9 de Montera, \u00e0 300 m\u00e8tres d&#8217;altitude. Le faible rendement par cep donne des raisins m\u00fbrs dans la premi\u00e8re quinzaine d&#8217;octobre. Apr\u00e8s la fermentation, qui dure 15 \u00e0 20 jours, le vin est mis en f\u00fbts de ch\u00eane o\u00f9 la fermentation malolactique est effectu\u00e9e. Le vin est \u00e9lev\u00e9 environ 20 mois avant d&#8217;\u00eatre mis en bouteille.<\/p>\n","protected":false},"excerpt":{"rendered":"<p>Un Barbera d&#8217;Alba Superiore ample, rond avec des tanins souples et une bonne acidit\u00e9, mais avec un bon \u00e9quilibre.<\/p>\n","protected":false},"featured_media":132686,"comment_status":"open","ping_status":"closed","template":"","meta":{"_monsterinsights_skip_tracking":false,"_monsterinsights_sitenote_active":false,"_monsterinsights_sitenote_note":"","_monsterinsights_sitenote_category":0,"_uf_show_specific_survey":0,"_uf_disable_surveys":false},"product_brand":[],"product_cat":[36598,36589],"product_tag":[],"class_list":{"0":"post-132986","1":"product","2":"type-product","3":"status-publish","4":"has-post-thumbnail","6":"product_cat-fr-piemont","7":"product_cat-vins-italiens","8":"pa_alcohol-degree-145-fr","9":"pa_classification-doc-barbera-dalba-superiore-fr","10":"pa_color-rouge-fr","11":"pa_country-italie-fr","12":"pa_grape-variety-nebbiolo","13":"pa_region-piemont-fr","14":"pa_storage-potential-8-ans","15":"pa_vintage-2020-fr","16":"pa_volume-75-cl-fr","18":"first","19":"instock","20":"taxable","21":"shipping-taxable","22":"purchasable","23":"product-type-simple"},"bundled_by":[],"bundle_stock_status":"instock","bundle_stock_quantity":null,"bundle_virtual":false,"bundle_layout":"","bundle_add_to_cart_form_location":"","bundle_editable_in_cart":false,"bundle_sold_individually_context":"","bundle_item_grouping":"","bundle_min_size":"","bundle_max_size":"","bundle_price":[],"bundled_items":[],"bundle_sell_ids":[],"yoast_head":"<!-- This site is optimized with the Yoast SEO plugin v27.5 - https:\/\/yoast.com\/product\/yoast-seo-wordpress\/ -->\n<title>Azienda agricola Taliano Michele - La Laboriosa - Barbera d&#039;Alba Superiore - IVINIO Caviste<\/title>\n<meta name=\"description\" content=\"Azienda agricola Taliano Michele - La Laboriosa - Barbera d&#039;Alba Superiore. Le palais est ample avec des tanins doux et une bonne acidit\u00e9, mais avec une bonne \u00e9quilibre.\" \/>\n<meta name=\"robots\" content=\"index, follow, max-snippet:-1, max-image-preview:large, max-video-preview:-1\" \/>\n<link rel=\"canonical\" href=\"https:\/\/www.ivinio.com\/fr\/produit\/laboriosaazienda-agricola-taliano-michele-la-laboriosa-barbera-dalba-superiore\/\" \/>\n<meta property=\"og:locale\" content=\"fr_FR\" \/>\n<meta property=\"og:type\" content=\"article\" \/>\n<meta property=\"og:title\" content=\"Azienda agricola Taliano Michele - La Laboriosa - Barbera d&#039;Alba Superiore - IVINIO Caviste\" \/>\n<meta property=\"og:description\" content=\"Azienda agricola Taliano Michele - La Laboriosa - Barbera d&#039;Alba Superiore. Le palais est ample avec des tanins doux et une bonne acidit\u00e9, mais avec une bonne \u00e9quilibre.\" \/>\n<meta property=\"og:url\" content=\"https:\/\/www.ivinio.com\/fr\/produit\/laboriosaazienda-agricola-taliano-michele-la-laboriosa-barbera-dalba-superiore\/\" \/>\n<meta property=\"og:site_name\" content=\"IVINIO Caviste\" \/>\n<meta property=\"article:publisher\" content=\"https:\/\/www.facebook.com\/groups\/165217837022391\/?ref=bookmarks\" \/>\n<meta property=\"article:modified_time\" content=\"2023-05-25T17:18:52+00:00\" \/>\n<meta property=\"og:image\" content=\"https:\/\/www.ivinio.com\/wp-content\/uploads\/2023\/04\/Azienda-agricola-Taliano-Michele-laboriosa-barbera-dAlba-superiore-IVINIO.jpg\" \/>\n\t<meta property=\"og:image:width\" content=\"500\" \/>\n\t<meta property=\"og:image:height\" content=\"500\" \/>\n\t<meta property=\"og:image:type\" content=\"image\/jpeg\" \/>\n<meta name=\"twitter:card\" content=\"summary_large_image\" \/>\n<script type=\"application\/ld+json\" class=\"yoast-schema-graph\">{\"@context\":\"https:\\\/\\\/schema.org\",\"@graph\":[{\"@type\":\"WebPage\",\"@id\":\"https:\\\/\\\/www.ivinio.com\\\/fr\\\/produit\\\/laboriosaazienda-agricola-taliano-michele-la-laboriosa-barbera-dalba-superiore\\\/\",\"url\":\"https:\\\/\\\/www.ivinio.com\\\/fr\\\/produit\\\/laboriosaazienda-agricola-taliano-michele-la-laboriosa-barbera-dalba-superiore\\\/\",\"name\":\"Azienda agricola Taliano Michele - La Laboriosa - Barbera d'Alba Superiore - IVINIO Caviste\",\"isPartOf\":{\"@id\":\"https:\\\/\\\/www.ivinio.com\\\/fr\\\/#website\"},\"primaryImageOfPage\":{\"@id\":\"https:\\\/\\\/www.ivinio.com\\\/fr\\\/produit\\\/laboriosaazienda-agricola-taliano-michele-la-laboriosa-barbera-dalba-superiore\\\/#primaryimage\"},\"image\":{\"@id\":\"https:\\\/\\\/www.ivinio.com\\\/fr\\\/produit\\\/laboriosaazienda-agricola-taliano-michele-la-laboriosa-barbera-dalba-superiore\\\/#primaryimage\"},\"thumbnailUrl\":\"https:\\\/\\\/www.ivinio.com\\\/wp-content\\\/uploads\\\/2023\\\/04\\\/Azienda-agricola-Taliano-Michele-laboriosa-barbera-dAlba-superiore-IVINIO.jpg\",\"datePublished\":\"2023-05-25T17:10:14+00:00\",\"dateModified\":\"2023-05-25T17:18:52+00:00\",\"description\":\"Azienda agricola Taliano Michele - La Laboriosa - Barbera d'Alba Superiore. Le palais est ample avec des tanins doux et une bonne acidit\u00e9, mais avec une bonne \u00e9quilibre.\",\"breadcrumb\":{\"@id\":\"https:\\\/\\\/www.ivinio.com\\\/fr\\\/produit\\\/laboriosaazienda-agricola-taliano-michele-la-laboriosa-barbera-dalba-superiore\\\/#breadcrumb\"},\"inLanguage\":\"fr-FR\",\"potentialAction\":[{\"@type\":\"ReadAction\",\"target\":[\"https:\\\/\\\/www.ivinio.com\\\/fr\\\/produit\\\/laboriosaazienda-agricola-taliano-michele-la-laboriosa-barbera-dalba-superiore\\\/\"]}]},{\"@type\":\"ImageObject\",\"inLanguage\":\"fr-FR\",\"@id\":\"https:\\\/\\\/www.ivinio.com\\\/fr\\\/produit\\\/laboriosaazienda-agricola-taliano-michele-la-laboriosa-barbera-dalba-superiore\\\/#primaryimage\",\"url\":\"https:\\\/\\\/www.ivinio.com\\\/wp-content\\\/uploads\\\/2023\\\/04\\\/Azienda-agricola-Taliano-Michele-laboriosa-barbera-dAlba-superiore-IVINIO.jpg\",\"contentUrl\":\"https:\\\/\\\/www.ivinio.com\\\/wp-content\\\/uploads\\\/2023\\\/04\\\/Azienda-agricola-Taliano-Michele-laboriosa-barbera-dAlba-superiore-IVINIO.jpg\",\"width\":500,\"height\":500,\"caption\":\"Azienda agricola Taliano Michele - La Laboriosa - Barbera d'Alba Superiore\"},{\"@type\":\"BreadcrumbList\",\"@id\":\"https:\\\/\\\/www.ivinio.com\\\/fr\\\/produit\\\/laboriosaazienda-agricola-taliano-michele-la-laboriosa-barbera-dalba-superiore\\\/#breadcrumb\",\"itemListElement\":[{\"@type\":\"ListItem\",\"position\":1,\"name\":\"Home\",\"item\":\"https:\\\/\\\/www.ivinio.com\\\/fr\\\/\"},{\"@type\":\"ListItem\",\"position\":2,\"name\":\"Boutique de vin\",\"item\":\"https:\\\/\\\/www.ivinio.com\\\/fr\\\/boutique-de-vin\\\/\"},{\"@type\":\"ListItem\",\"position\":3,\"name\":\"Azienda agricola Taliano Michele &#8211; La Laboriosa &#8211; Barbera d&#8217;Alba Superiore\"}]},{\"@type\":\"WebSite\",\"@id\":\"https:\\\/\\\/www.ivinio.com\\\/fr\\\/#website\",\"url\":\"https:\\\/\\\/www.ivinio.com\\\/fr\\\/\",\"name\":\"IVINIO Caviste\",\"description\":\"Vins de France et d&#039;Italie avec livraison \u00e0 domicile\",\"publisher\":{\"@id\":\"https:\\\/\\\/www.ivinio.com\\\/fr\\\/#organization\"},\"potentialAction\":[{\"@type\":\"SearchAction\",\"target\":{\"@type\":\"EntryPoint\",\"urlTemplate\":\"https:\\\/\\\/www.ivinio.com\\\/fr\\\/?s={search_term_string}\"},\"query-input\":{\"@type\":\"PropertyValueSpecification\",\"valueRequired\":true,\"valueName\":\"search_term_string\"}}],\"inLanguage\":\"fr-FR\"},{\"@type\":\"Organization\",\"@id\":\"https:\\\/\\\/www.ivinio.com\\\/fr\\\/#organization\",\"name\":\"IVINIO\",\"url\":\"https:\\\/\\\/www.ivinio.com\\\/fr\\\/\",\"logo\":{\"@type\":\"ImageObject\",\"inLanguage\":\"fr-FR\",\"@id\":\"https:\\\/\\\/www.ivinio.com\\\/fr\\\/#\\\/schema\\\/logo\\\/image\\\/\",\"url\":\"https:\\\/\\\/www.ivinio.com\\\/wp-content\\\/uploads\\\/2021\\\/01\\\/Logo-Ivinio-v2.jpg\",\"contentUrl\":\"https:\\\/\\\/www.ivinio.com\\\/wp-content\\\/uploads\\\/2021\\\/01\\\/Logo-Ivinio-v2.jpg\",\"width\":1194,\"height\":1194,\"caption\":\"IVINIO\"},\"image\":{\"@id\":\"https:\\\/\\\/www.ivinio.com\\\/fr\\\/#\\\/schema\\\/logo\\\/image\\\/\"},\"sameAs\":[\"https:\\\/\\\/www.facebook.com\\\/groups\\\/165217837022391\\\/?ref=bookmarks\",\"https:\\\/\\\/www.instagram.com\\\/_ivinio_\\\/?hl=fr\"]}]}<\/script>\n<!-- \/ Yoast SEO plugin. -->","yoast_head_json":{"title":"Azienda agricola Taliano Michele - La Laboriosa - Barbera d'Alba Superiore - IVINIO Caviste","description":"Azienda agricola Taliano Michele - La Laboriosa - Barbera d'Alba Superiore. Le palais est ample avec des tanins doux et une bonne acidit\u00e9, mais avec une bonne \u00e9quilibre.","robots":{"index":"index","follow":"follow","max-snippet":"max-snippet:-1","max-image-preview":"max-image-preview:large","max-video-preview":"max-video-preview:-1"},"canonical":"https:\/\/www.ivinio.com\/fr\/produit\/laboriosaazienda-agricola-taliano-michele-la-laboriosa-barbera-dalba-superiore\/","og_locale":"fr_FR","og_type":"article","og_title":"Azienda agricola Taliano Michele - La Laboriosa - Barbera d'Alba Superiore - IVINIO Caviste","og_description":"Azienda agricola Taliano Michele - La Laboriosa - Barbera d'Alba Superiore. Le palais est ample avec des tanins doux et une bonne acidit\u00e9, mais avec une bonne \u00e9quilibre.","og_url":"https:\/\/www.ivinio.com\/fr\/produit\/laboriosaazienda-agricola-taliano-michele-la-laboriosa-barbera-dalba-superiore\/","og_site_name":"IVINIO Caviste","article_publisher":"https:\/\/www.facebook.com\/groups\/165217837022391\/?ref=bookmarks","article_modified_time":"2023-05-25T17:18:52+00:00","og_image":[{"width":500,"height":500,"url":"https:\/\/www.ivinio.com\/wp-content\/uploads\/2023\/04\/Azienda-agricola-Taliano-Michele-laboriosa-barbera-dAlba-superiore-IVINIO.jpg","type":"image\/jpeg"}],"twitter_card":"summary_large_image","schema":{"@context":"https:\/\/schema.org","@graph":[{"@type":"WebPage","@id":"https:\/\/www.ivinio.com\/fr\/produit\/laboriosaazienda-agricola-taliano-michele-la-laboriosa-barbera-dalba-superiore\/","url":"https:\/\/www.ivinio.com\/fr\/produit\/laboriosaazienda-agricola-taliano-michele-la-laboriosa-barbera-dalba-superiore\/","name":"Azienda agricola Taliano Michele - La Laboriosa - Barbera d'Alba Superiore - IVINIO Caviste","isPartOf":{"@id":"https:\/\/www.ivinio.com\/fr\/#website"},"primaryImageOfPage":{"@id":"https:\/\/www.ivinio.com\/fr\/produit\/laboriosaazienda-agricola-taliano-michele-la-laboriosa-barbera-dalba-superiore\/#primaryimage"},"image":{"@id":"https:\/\/www.ivinio.com\/fr\/produit\/laboriosaazienda-agricola-taliano-michele-la-laboriosa-barbera-dalba-superiore\/#primaryimage"},"thumbnailUrl":"https:\/\/www.ivinio.com\/wp-content\/uploads\/2023\/04\/Azienda-agricola-Taliano-Michele-laboriosa-barbera-dAlba-superiore-IVINIO.jpg","datePublished":"2023-05-25T17:10:14+00:00","dateModified":"2023-05-25T17:18:52+00:00","description":"Azienda agricola Taliano Michele - La Laboriosa - Barbera d'Alba Superiore. Le palais est ample avec des tanins doux et une bonne acidit\u00e9, mais avec une bonne \u00e9quilibre.","breadcrumb":{"@id":"https:\/\/www.ivinio.com\/fr\/produit\/laboriosaazienda-agricola-taliano-michele-la-laboriosa-barbera-dalba-superiore\/#breadcrumb"},"inLanguage":"fr-FR","potentialAction":[{"@type":"ReadAction","target":["https:\/\/www.ivinio.com\/fr\/produit\/laboriosaazienda-agricola-taliano-michele-la-laboriosa-barbera-dalba-superiore\/"]}]},{"@type":"ImageObject","inLanguage":"fr-FR","@id":"https:\/\/www.ivinio.com\/fr\/produit\/laboriosaazienda-agricola-taliano-michele-la-laboriosa-barbera-dalba-superiore\/#primaryimage","url":"https:\/\/www.ivinio.com\/wp-content\/uploads\/2023\/04\/Azienda-agricola-Taliano-Michele-laboriosa-barbera-dAlba-superiore-IVINIO.jpg","contentUrl":"https:\/\/www.ivinio.com\/wp-content\/uploads\/2023\/04\/Azienda-agricola-Taliano-Michele-laboriosa-barbera-dAlba-superiore-IVINIO.jpg","width":500,"height":500,"caption":"Azienda agricola Taliano Michele - La Laboriosa - Barbera d'Alba Superiore"},{"@type":"BreadcrumbList","@id":"https:\/\/www.ivinio.com\/fr\/produit\/laboriosaazienda-agricola-taliano-michele-la-laboriosa-barbera-dalba-superiore\/#breadcrumb","itemListElement":[{"@type":"ListItem","position":1,"name":"Home","item":"https:\/\/www.ivinio.com\/fr\/"},{"@type":"ListItem","position":2,"name":"Boutique de vin","item":"https:\/\/www.ivinio.com\/fr\/boutique-de-vin\/"},{"@type":"ListItem","position":3,"name":"Azienda agricola Taliano Michele &#8211; La Laboriosa &#8211; Barbera d&#8217;Alba Superiore"}]},{"@type":"WebSite","@id":"https:\/\/www.ivinio.com\/fr\/#website","url":"https:\/\/www.ivinio.com\/fr\/","name":"IVINIO Caviste","description":"Vins de France et d&#039;Italie avec livraison \u00e0 domicile","publisher":{"@id":"https:\/\/www.ivinio.com\/fr\/#organization"},"potentialAction":[{"@type":"SearchAction","target":{"@type":"EntryPoint","urlTemplate":"https:\/\/www.ivinio.com\/fr\/?s={search_term_string}"},"query-input":{"@type":"PropertyValueSpecification","valueRequired":true,"valueName":"search_term_string"}}],"inLanguage":"fr-FR"},{"@type":"Organization","@id":"https:\/\/www.ivinio.com\/fr\/#organization","name":"IVINIO","url":"https:\/\/www.ivinio.com\/fr\/","logo":{"@type":"ImageObject","inLanguage":"fr-FR","@id":"https:\/\/www.ivinio.com\/fr\/#\/schema\/logo\/image\/","url":"https:\/\/www.ivinio.com\/wp-content\/uploads\/2021\/01\/Logo-Ivinio-v2.jpg","contentUrl":"https:\/\/www.ivinio.com\/wp-content\/uploads\/2021\/01\/Logo-Ivinio-v2.jpg","width":1194,"height":1194,"caption":"IVINIO"},"image":{"@id":"https:\/\/www.ivinio.com\/fr\/#\/schema\/logo\/image\/"},"sameAs":["https:\/\/www.facebook.com\/groups\/165217837022391\/?ref=bookmarks","https:\/\/www.instagram.com\/_ivinio_\/?hl=fr"]}]}},"jetpack_sharing_enabled":true,"_links":{"self":[{"href":"https:\/\/www.ivinio.com\/fr\/wp-json\/wp\/v2\/product\/132986","targetHints":{"allow":["GET"]}}],"collection":[{"href":"https:\/\/www.ivinio.com\/fr\/wp-json\/wp\/v2\/product"}],"about":[{"href":"https:\/\/www.ivinio.com\/fr\/wp-json\/wp\/v2\/types\/product"}],"replies":[{"embeddable":true,"href":"https:\/\/www.ivinio.com\/fr\/wp-json\/wp\/v2\/comments?post=132986"}],"wp:featuredmedia":[{"embeddable":true,"href":"https:\/\/www.ivinio.com\/fr\/wp-json\/wp\/v2\/media\/132686"}],"wp:attachment":[{"href":"https:\/\/www.ivinio.com\/fr\/wp-json\/wp\/v2\/media?parent=132986"}],"wp:term":[{"taxonomy":"product_brand","embeddable":true,"href":"https:\/\/www.ivinio.com\/fr\/wp-json\/wp\/v2\/product_brand?post=132986"},{"taxonomy":"product_cat","embeddable":true,"href":"https:\/\/www.ivinio.com\/fr\/wp-json\/wp\/v2\/product_cat?post=132986"},{"taxonomy":"product_tag","embeddable":true,"href":"https:\/\/www.ivinio.com\/fr\/wp-json\/wp\/v2\/product_tag?post=132986"}],"curies":[{"name":"wp","href":"https:\/\/api.w.org\/{rel}","templated":true}]}}