{"id":132981,"date":"2023-04-05T18:05:27","date_gmt":"2023-05-25T16:44:22","guid":{"rendered":"https:\/\/www.ivinio.com\/product\/vallebelbo-le-filere-barbera-dasti-rouge\/"},"modified":"2023-05-25T18:49:48","modified_gmt":"2023-05-25T16:49:48","slug":"vallebelbo-le-filere-barbera-dasti-rouge","status":"publish","type":"product","link":"https:\/\/www.ivinio.com\/fr\/produit\/vallebelbo-le-filere-barbera-dasti-rouge\/","title":{"rendered":"Vallebelbo &#8211; Le Filere &#8211; Barbera d&#8217;Asti &#8211; Rouge"},"content":{"rendered":"<p>Vallebelbo &#8211; Le Filere &#8211; Barbera d&#8217;Asti &#8211; Rouge est compos\u00e9 \u00e0 100% de raisins Barbera. Le vin est \u00e9labor\u00e9 selon la m\u00e9thode classique et est \u00e9lev\u00e9 un an en barriques.<\/p>\n","protected":false},"excerpt":{"rendered":"<p>Vallebelbo &#8211; Le Filere &#8211; Barbera d&#8217;Asti est un vin rouge souple, ample et savoureux avec des tanins pr\u00e9sents.<\/p>\n","protected":false},"featured_media":132682,"comment_status":"open","ping_status":"closed","template":"","meta":{"_monsterinsights_skip_tracking":false,"_monsterinsights_sitenote_active":false,"_monsterinsights_sitenote_note":"","_monsterinsights_sitenote_category":0,"_uf_show_specific_survey":0,"_uf_disable_surveys":false},"product_brand":[],"product_cat":[36598,36589],"product_tag":[],"class_list":{"0":"post-132981","1":"product","2":"type-product","3":"status-publish","4":"has-post-thumbnail","6":"product_cat-fr-piemont","7":"product_cat-vins-italiens","8":"pa_alcohol-degree-13-5","9":"pa_classification-docg-barbera-dasti-fr","10":"pa_color-rouge-fr","11":"pa_country-italie-fr","12":"pa_grape-variety-barbera-fr","13":"pa_region-piemont-fr","14":"pa_storage-potential-4-ans-fr","15":"pa_vintage-2021-fr","16":"pa_volume-75-cl-fr","18":"first","19":"instock","20":"taxable","21":"shipping-taxable","22":"purchasable","23":"product-type-simple"},"bundled_by":[],"bundle_stock_status":"instock","bundle_stock_quantity":null,"bundle_virtual":false,"bundle_layout":"","bundle_add_to_cart_form_location":"","bundle_editable_in_cart":false,"bundle_sold_individually_context":"","bundle_item_grouping":"","bundle_min_size":"","bundle_max_size":"","bundle_price":[],"bundled_items":[],"bundle_sell_ids":[],"yoast_head":"<!-- This site is optimized with the Yoast SEO plugin v27.3 - https:\/\/yoast.com\/product\/yoast-seo-wordpress\/ -->\n<title>Vallebelbo - Le Filere - Barbera d&#039;Asti - Rouge - IVINIO Wine Shop<\/title>\n<meta name=\"description\" content=\"Vallebelbo - Le Filere - Barbera d&#039;Asti - Rouge est souple, ample et savoureux avec des tanins pr\u00e9sents. A servir avec un r\u00f4ti, un rago\u00fbt de viande et un gibier.\" \/>\n<meta name=\"robots\" content=\"index, follow, max-snippet:-1, max-image-preview:large, max-video-preview:-1\" \/>\n<link rel=\"canonical\" href=\"https:\/\/www.ivinio.com\/fr\/produit\/vallebelbo-le-filere-barbera-dasti-rouge\/\" \/>\n<meta property=\"og:locale\" content=\"fr_FR\" \/>\n<meta property=\"og:type\" content=\"article\" \/>\n<meta property=\"og:title\" content=\"Vallebelbo - Le Filere - Barbera d&#039;Asti - Rouge - IVINIO Wine Shop\" \/>\n<meta property=\"og:description\" content=\"Vallebelbo - Le Filere - Barbera d&#039;Asti - Rouge est souple, ample et savoureux avec des tanins pr\u00e9sents. A servir avec un r\u00f4ti, un rago\u00fbt de viande et un gibier.\" \/>\n<meta property=\"og:url\" content=\"https:\/\/www.ivinio.com\/fr\/produit\/vallebelbo-le-filere-barbera-dasti-rouge\/\" \/>\n<meta property=\"og:site_name\" content=\"IVINIO Wine Shop\" \/>\n<meta property=\"article:publisher\" content=\"https:\/\/www.facebook.com\/groups\/165217837022391\/?ref=bookmarks\" \/>\n<meta property=\"article:modified_time\" content=\"2023-05-25T16:49:48+00:00\" \/>\n<meta property=\"og:image\" content=\"https:\/\/www.ivinio.com\/wp-content\/uploads\/2023\/04\/Vallebelbo-Le-filere-Barbera-dAsti-IVINIO.jpg\" \/>\n\t<meta property=\"og:image:width\" content=\"500\" \/>\n\t<meta property=\"og:image:height\" content=\"500\" \/>\n\t<meta property=\"og:image:type\" content=\"image\/jpeg\" \/>\n<meta name=\"twitter:card\" content=\"summary_large_image\" \/>\n<script type=\"application\/ld+json\" class=\"yoast-schema-graph\">{\"@context\":\"https:\\\/\\\/schema.org\",\"@graph\":[{\"@type\":\"WebPage\",\"@id\":\"https:\\\/\\\/www.ivinio.com\\\/fr\\\/produit\\\/vallebelbo-le-filere-barbera-dasti-rouge\\\/\",\"url\":\"https:\\\/\\\/www.ivinio.com\\\/fr\\\/produit\\\/vallebelbo-le-filere-barbera-dasti-rouge\\\/\",\"name\":\"Vallebelbo - Le Filere - Barbera d'Asti - Rouge - IVINIO Wine Shop\",\"isPartOf\":{\"@id\":\"https:\\\/\\\/www.ivinio.com\\\/fr\\\/#website\"},\"primaryImageOfPage\":{\"@id\":\"https:\\\/\\\/www.ivinio.com\\\/fr\\\/produit\\\/vallebelbo-le-filere-barbera-dasti-rouge\\\/#primaryimage\"},\"image\":{\"@id\":\"https:\\\/\\\/www.ivinio.com\\\/fr\\\/produit\\\/vallebelbo-le-filere-barbera-dasti-rouge\\\/#primaryimage\"},\"thumbnailUrl\":\"https:\\\/\\\/www.ivinio.com\\\/wp-content\\\/uploads\\\/2023\\\/04\\\/Vallebelbo-Le-filere-Barbera-dAsti-IVINIO.jpg\",\"datePublished\":\"2023-05-25T16:44:22+00:00\",\"dateModified\":\"2023-05-25T16:49:48+00:00\",\"description\":\"Vallebelbo - Le Filere - Barbera d'Asti - Rouge est souple, ample et savoureux avec des tanins pr\u00e9sents. A servir avec un r\u00f4ti, un rago\u00fbt de viande et un gibier.\",\"breadcrumb\":{\"@id\":\"https:\\\/\\\/www.ivinio.com\\\/fr\\\/produit\\\/vallebelbo-le-filere-barbera-dasti-rouge\\\/#breadcrumb\"},\"inLanguage\":\"fr-FR\",\"potentialAction\":[{\"@type\":\"ReadAction\",\"target\":[\"https:\\\/\\\/www.ivinio.com\\\/fr\\\/produit\\\/vallebelbo-le-filere-barbera-dasti-rouge\\\/\"]}]},{\"@type\":\"ImageObject\",\"inLanguage\":\"fr-FR\",\"@id\":\"https:\\\/\\\/www.ivinio.com\\\/fr\\\/produit\\\/vallebelbo-le-filere-barbera-dasti-rouge\\\/#primaryimage\",\"url\":\"https:\\\/\\\/www.ivinio.com\\\/wp-content\\\/uploads\\\/2023\\\/04\\\/Vallebelbo-Le-filere-Barbera-dAsti-IVINIO.jpg\",\"contentUrl\":\"https:\\\/\\\/www.ivinio.com\\\/wp-content\\\/uploads\\\/2023\\\/04\\\/Vallebelbo-Le-filere-Barbera-dAsti-IVINIO.jpg\",\"width\":500,\"height\":500},{\"@type\":\"BreadcrumbList\",\"@id\":\"https:\\\/\\\/www.ivinio.com\\\/fr\\\/produit\\\/vallebelbo-le-filere-barbera-dasti-rouge\\\/#breadcrumb\",\"itemListElement\":[{\"@type\":\"ListItem\",\"position\":1,\"name\":\"Home\",\"item\":\"https:\\\/\\\/www.ivinio.com\\\/fr\\\/\"},{\"@type\":\"ListItem\",\"position\":2,\"name\":\"Boutique de vin\",\"item\":\"https:\\\/\\\/www.ivinio.com\\\/fr\\\/boutique-de-vin\\\/\"},{\"@type\":\"ListItem\",\"position\":3,\"name\":\"Vallebelbo &#8211; Le Filere &#8211; Barbera d&#8217;Asti &#8211; Rouge\"}]},{\"@type\":\"WebSite\",\"@id\":\"https:\\\/\\\/www.ivinio.com\\\/fr\\\/#website\",\"url\":\"https:\\\/\\\/www.ivinio.com\\\/fr\\\/\",\"name\":\"IVINIO Wine Shop\",\"description\":\"French and Italian wines with delivery to your door\",\"publisher\":{\"@id\":\"https:\\\/\\\/www.ivinio.com\\\/fr\\\/#organization\"},\"potentialAction\":[{\"@type\":\"SearchAction\",\"target\":{\"@type\":\"EntryPoint\",\"urlTemplate\":\"https:\\\/\\\/www.ivinio.com\\\/fr\\\/?s={search_term_string}\"},\"query-input\":{\"@type\":\"PropertyValueSpecification\",\"valueRequired\":true,\"valueName\":\"search_term_string\"}}],\"inLanguage\":\"fr-FR\"},{\"@type\":\"Organization\",\"@id\":\"https:\\\/\\\/www.ivinio.com\\\/fr\\\/#organization\",\"name\":\"IVINIO\",\"url\":\"https:\\\/\\\/www.ivinio.com\\\/fr\\\/\",\"logo\":{\"@type\":\"ImageObject\",\"inLanguage\":\"fr-FR\",\"@id\":\"https:\\\/\\\/www.ivinio.com\\\/fr\\\/#\\\/schema\\\/logo\\\/image\\\/\",\"url\":\"https:\\\/\\\/www.ivinio.com\\\/wp-content\\\/uploads\\\/2021\\\/01\\\/Logo-Ivinio-v2.jpg\",\"contentUrl\":\"https:\\\/\\\/www.ivinio.com\\\/wp-content\\\/uploads\\\/2021\\\/01\\\/Logo-Ivinio-v2.jpg\",\"width\":1194,\"height\":1194,\"caption\":\"IVINIO\"},\"image\":{\"@id\":\"https:\\\/\\\/www.ivinio.com\\\/fr\\\/#\\\/schema\\\/logo\\\/image\\\/\"},\"sameAs\":[\"https:\\\/\\\/www.facebook.com\\\/groups\\\/165217837022391\\\/?ref=bookmarks\",\"https:\\\/\\\/www.instagram.com\\\/_ivinio_\\\/?hl=fr\"]}]}<\/script>\n<!-- \/ Yoast SEO plugin. -->","yoast_head_json":{"title":"Vallebelbo - Le Filere - Barbera d'Asti - Rouge - IVINIO Wine Shop","description":"Vallebelbo - Le Filere - Barbera d'Asti - Rouge est souple, ample et savoureux avec des tanins pr\u00e9sents. A servir avec un r\u00f4ti, un rago\u00fbt de viande et un gibier.","robots":{"index":"index","follow":"follow","max-snippet":"max-snippet:-1","max-image-preview":"max-image-preview:large","max-video-preview":"max-video-preview:-1"},"canonical":"https:\/\/www.ivinio.com\/fr\/produit\/vallebelbo-le-filere-barbera-dasti-rouge\/","og_locale":"fr_FR","og_type":"article","og_title":"Vallebelbo - Le Filere - Barbera d'Asti - Rouge - IVINIO Wine Shop","og_description":"Vallebelbo - Le Filere - Barbera d'Asti - Rouge est souple, ample et savoureux avec des tanins pr\u00e9sents. A servir avec un r\u00f4ti, un rago\u00fbt de viande et un gibier.","og_url":"https:\/\/www.ivinio.com\/fr\/produit\/vallebelbo-le-filere-barbera-dasti-rouge\/","og_site_name":"IVINIO Wine Shop","article_publisher":"https:\/\/www.facebook.com\/groups\/165217837022391\/?ref=bookmarks","article_modified_time":"2023-05-25T16:49:48+00:00","og_image":[{"width":500,"height":500,"url":"https:\/\/www.ivinio.com\/wp-content\/uploads\/2023\/04\/Vallebelbo-Le-filere-Barbera-dAsti-IVINIO.jpg","type":"image\/jpeg"}],"twitter_card":"summary_large_image","schema":{"@context":"https:\/\/schema.org","@graph":[{"@type":"WebPage","@id":"https:\/\/www.ivinio.com\/fr\/produit\/vallebelbo-le-filere-barbera-dasti-rouge\/","url":"https:\/\/www.ivinio.com\/fr\/produit\/vallebelbo-le-filere-barbera-dasti-rouge\/","name":"Vallebelbo - Le Filere - Barbera d'Asti - Rouge - IVINIO Wine Shop","isPartOf":{"@id":"https:\/\/www.ivinio.com\/fr\/#website"},"primaryImageOfPage":{"@id":"https:\/\/www.ivinio.com\/fr\/produit\/vallebelbo-le-filere-barbera-dasti-rouge\/#primaryimage"},"image":{"@id":"https:\/\/www.ivinio.com\/fr\/produit\/vallebelbo-le-filere-barbera-dasti-rouge\/#primaryimage"},"thumbnailUrl":"https:\/\/www.ivinio.com\/wp-content\/uploads\/2023\/04\/Vallebelbo-Le-filere-Barbera-dAsti-IVINIO.jpg","datePublished":"2023-05-25T16:44:22+00:00","dateModified":"2023-05-25T16:49:48+00:00","description":"Vallebelbo - Le Filere - Barbera d'Asti - Rouge est souple, ample et savoureux avec des tanins pr\u00e9sents. A servir avec un r\u00f4ti, un rago\u00fbt de viande et un gibier.","breadcrumb":{"@id":"https:\/\/www.ivinio.com\/fr\/produit\/vallebelbo-le-filere-barbera-dasti-rouge\/#breadcrumb"},"inLanguage":"fr-FR","potentialAction":[{"@type":"ReadAction","target":["https:\/\/www.ivinio.com\/fr\/produit\/vallebelbo-le-filere-barbera-dasti-rouge\/"]}]},{"@type":"ImageObject","inLanguage":"fr-FR","@id":"https:\/\/www.ivinio.com\/fr\/produit\/vallebelbo-le-filere-barbera-dasti-rouge\/#primaryimage","url":"https:\/\/www.ivinio.com\/wp-content\/uploads\/2023\/04\/Vallebelbo-Le-filere-Barbera-dAsti-IVINIO.jpg","contentUrl":"https:\/\/www.ivinio.com\/wp-content\/uploads\/2023\/04\/Vallebelbo-Le-filere-Barbera-dAsti-IVINIO.jpg","width":500,"height":500},{"@type":"BreadcrumbList","@id":"https:\/\/www.ivinio.com\/fr\/produit\/vallebelbo-le-filere-barbera-dasti-rouge\/#breadcrumb","itemListElement":[{"@type":"ListItem","position":1,"name":"Home","item":"https:\/\/www.ivinio.com\/fr\/"},{"@type":"ListItem","position":2,"name":"Boutique de vin","item":"https:\/\/www.ivinio.com\/fr\/boutique-de-vin\/"},{"@type":"ListItem","position":3,"name":"Vallebelbo &#8211; Le Filere &#8211; Barbera d&#8217;Asti &#8211; Rouge"}]},{"@type":"WebSite","@id":"https:\/\/www.ivinio.com\/fr\/#website","url":"https:\/\/www.ivinio.com\/fr\/","name":"IVINIO Wine Shop","description":"French and Italian wines with delivery to your door","publisher":{"@id":"https:\/\/www.ivinio.com\/fr\/#organization"},"potentialAction":[{"@type":"SearchAction","target":{"@type":"EntryPoint","urlTemplate":"https:\/\/www.ivinio.com\/fr\/?s={search_term_string}"},"query-input":{"@type":"PropertyValueSpecification","valueRequired":true,"valueName":"search_term_string"}}],"inLanguage":"fr-FR"},{"@type":"Organization","@id":"https:\/\/www.ivinio.com\/fr\/#organization","name":"IVINIO","url":"https:\/\/www.ivinio.com\/fr\/","logo":{"@type":"ImageObject","inLanguage":"fr-FR","@id":"https:\/\/www.ivinio.com\/fr\/#\/schema\/logo\/image\/","url":"https:\/\/www.ivinio.com\/wp-content\/uploads\/2021\/01\/Logo-Ivinio-v2.jpg","contentUrl":"https:\/\/www.ivinio.com\/wp-content\/uploads\/2021\/01\/Logo-Ivinio-v2.jpg","width":1194,"height":1194,"caption":"IVINIO"},"image":{"@id":"https:\/\/www.ivinio.com\/fr\/#\/schema\/logo\/image\/"},"sameAs":["https:\/\/www.facebook.com\/groups\/165217837022391\/?ref=bookmarks","https:\/\/www.instagram.com\/_ivinio_\/?hl=fr"]}]}},"jetpack_sharing_enabled":true,"_links":{"self":[{"href":"https:\/\/www.ivinio.com\/fr\/wp-json\/wp\/v2\/product\/132981","targetHints":{"allow":["GET"]}}],"collection":[{"href":"https:\/\/www.ivinio.com\/fr\/wp-json\/wp\/v2\/product"}],"about":[{"href":"https:\/\/www.ivinio.com\/fr\/wp-json\/wp\/v2\/types\/product"}],"replies":[{"embeddable":true,"href":"https:\/\/www.ivinio.com\/fr\/wp-json\/wp\/v2\/comments?post=132981"}],"wp:featuredmedia":[{"embeddable":true,"href":"https:\/\/www.ivinio.com\/fr\/wp-json\/wp\/v2\/media\/132682"}],"wp:attachment":[{"href":"https:\/\/www.ivinio.com\/fr\/wp-json\/wp\/v2\/media?parent=132981"}],"wp:term":[{"taxonomy":"product_brand","embeddable":true,"href":"https:\/\/www.ivinio.com\/fr\/wp-json\/wp\/v2\/product_brand?post=132981"},{"taxonomy":"product_cat","embeddable":true,"href":"https:\/\/www.ivinio.com\/fr\/wp-json\/wp\/v2\/product_cat?post=132981"},{"taxonomy":"product_tag","embeddable":true,"href":"https:\/\/www.ivinio.com\/fr\/wp-json\/wp\/v2\/product_tag?post=132981"}],"curies":[{"name":"wp","href":"https:\/\/api.w.org\/{rel}","templated":true}]}}