{"id":132946,"date":"2023-04-05T15:44:02","date_gmt":"2023-05-12T17:02:36","guid":{"rendered":"https:\/\/www.ivinio.com\/product\/azienda-agricola-paolo-saracco-pinot-nero-rouge\/"},"modified":"2023-05-12T19:23:34","modified_gmt":"2023-05-12T17:23:34","slug":"azienda-agricola-paolo-saracco-pinot-nero-rouge","status":"publish","type":"product","link":"https:\/\/www.ivinio.com\/fr\/produit\/azienda-agricola-paolo-saracco-pinot-nero-rouge\/","title":{"rendered":"Azienda Agricola Paolo Saracco &#8211; Pinot nero &#8211; Rouge"},"content":{"rendered":"<p>Azienda Agricola Paolo Saracco &#8211; Pinot nero &#8211; Rouge est compos\u00e9 de 100% Pinot noir cultiv\u00e9s dans la municipalit\u00e9 de Castiglione Tinella et Castagnole delle Lanze. Les raisins sont vendang\u00e9s et ferment\u00e9s dans des cuves en acier inoxydable. Le vin est ensuite \u00e9lev\u00e9 en f\u00fbts de ch\u00eane, en partie en petits f\u00fbts de ch\u00eane fran\u00e7ais et en partie en grands f\u00fbts. L&#8217;\u00e9levage dure 12 \u00e0 14 mois puis le vin est mis en bouteille.<\/p>\n","protected":false},"excerpt":{"rendered":"<p>Pinot nero avec des \u00e9l\u00e9ments de baies sauvages de la for\u00eat (myrtilles, m\u00fbres et framboises) et avec des ar\u00f4mes l\u00e9g\u00e8rement vanill\u00e9s. Le palais est complexe.<\/p>\n","protected":false},"featured_media":132678,"comment_status":"open","ping_status":"closed","template":"","meta":{"_monsterinsights_skip_tracking":false,"_monsterinsights_sitenote_active":false,"_monsterinsights_sitenote_note":"","_monsterinsights_sitenote_category":0,"_uf_show_specific_survey":0,"_uf_disable_surveys":false},"product_brand":[],"product_cat":[36598,36589],"product_tag":[],"class_list":{"0":"post-132946","1":"product","2":"type-product","3":"status-publish","4":"has-post-thumbnail","6":"product_cat-fr-piemont","7":"product_cat-vins-italiens","8":"pa_alcohol-degree-13-5","9":"pa_classification-doc-piemonte-pinot-nero-fr","10":"pa_color-rouge-fr","11":"pa_country-italie-fr","12":"pa_grape-variety-pinot-noir-fr","13":"pa_region-piemont-fr","14":"pa_storage-potential-8-ans","15":"pa_vintage-2020-fr","16":"pa_volume-75-cl-fr","18":"first","19":"instock","20":"taxable","21":"shipping-taxable","22":"purchasable","23":"product-type-simple"},"bundled_by":[],"bundle_stock_status":"instock","bundle_stock_quantity":null,"bundle_virtual":false,"bundle_layout":"","bundle_add_to_cart_form_location":"","bundle_editable_in_cart":false,"bundle_sold_individually_context":"","bundle_item_grouping":"","bundle_min_size":"","bundle_max_size":"","bundle_price":[],"bundled_items":[],"bundle_sell_ids":[],"yoast_head":"<!-- This site is optimized with the Yoast SEO plugin v27.5 - https:\/\/yoast.com\/product\/yoast-seo-wordpress\/ -->\n<title>Azienda Agricola Paolo Saracco - Pinot nero - IVINIO Caviste<\/title>\n<meta name=\"description\" content=\"Azienda Agricola Paolo Saracco - Pinot nero. Notes de baies sauvages de la for\u00eat (myrtilles, m\u00fbres et framboises) avec des ar\u00f4mes l\u00e9g\u00e8rement vanill\u00e9s. Le palais est complexe.\" \/>\n<meta name=\"robots\" content=\"index, follow, max-snippet:-1, max-image-preview:large, max-video-preview:-1\" \/>\n<link rel=\"canonical\" href=\"https:\/\/www.ivinio.com\/fr\/produit\/azienda-agricola-paolo-saracco-pinot-nero-rouge\/\" \/>\n<meta property=\"og:locale\" content=\"fr_FR\" \/>\n<meta property=\"og:type\" content=\"article\" \/>\n<meta property=\"og:title\" content=\"Azienda Agricola Paolo Saracco - Pinot nero - IVINIO Caviste\" \/>\n<meta property=\"og:description\" content=\"Azienda Agricola Paolo Saracco - Pinot nero. Notes de baies sauvages de la for\u00eat (myrtilles, m\u00fbres et framboises) avec des ar\u00f4mes l\u00e9g\u00e8rement vanill\u00e9s. Le palais est complexe.\" \/>\n<meta property=\"og:url\" content=\"https:\/\/www.ivinio.com\/fr\/produit\/azienda-agricola-paolo-saracco-pinot-nero-rouge\/\" \/>\n<meta property=\"og:site_name\" content=\"IVINIO Caviste\" \/>\n<meta property=\"article:publisher\" content=\"https:\/\/www.facebook.com\/groups\/165217837022391\/?ref=bookmarks\" \/>\n<meta property=\"article:modified_time\" content=\"2023-05-12T17:23:34+00:00\" \/>\n<meta property=\"og:image\" content=\"https:\/\/www.ivinio.com\/wp-content\/uploads\/2023\/04\/Azienda-agricola-Paolo-saracco-pinot-nero-IVINIO.jpg\" \/>\n\t<meta property=\"og:image:width\" content=\"500\" \/>\n\t<meta property=\"og:image:height\" content=\"500\" \/>\n\t<meta property=\"og:image:type\" content=\"image\/jpeg\" \/>\n<meta name=\"twitter:card\" content=\"summary_large_image\" \/>\n<script type=\"application\/ld+json\" class=\"yoast-schema-graph\">{\"@context\":\"https:\\\/\\\/schema.org\",\"@graph\":[{\"@type\":\"WebPage\",\"@id\":\"https:\\\/\\\/www.ivinio.com\\\/fr\\\/produit\\\/azienda-agricola-paolo-saracco-pinot-nero-rouge\\\/\",\"url\":\"https:\\\/\\\/www.ivinio.com\\\/fr\\\/produit\\\/azienda-agricola-paolo-saracco-pinot-nero-rouge\\\/\",\"name\":\"Azienda Agricola Paolo Saracco - Pinot nero - IVINIO Caviste\",\"isPartOf\":{\"@id\":\"https:\\\/\\\/www.ivinio.com\\\/fr\\\/#website\"},\"primaryImageOfPage\":{\"@id\":\"https:\\\/\\\/www.ivinio.com\\\/fr\\\/produit\\\/azienda-agricola-paolo-saracco-pinot-nero-rouge\\\/#primaryimage\"},\"image\":{\"@id\":\"https:\\\/\\\/www.ivinio.com\\\/fr\\\/produit\\\/azienda-agricola-paolo-saracco-pinot-nero-rouge\\\/#primaryimage\"},\"thumbnailUrl\":\"https:\\\/\\\/www.ivinio.com\\\/wp-content\\\/uploads\\\/2023\\\/04\\\/Azienda-agricola-Paolo-saracco-pinot-nero-IVINIO.jpg\",\"datePublished\":\"2023-05-12T17:02:36+00:00\",\"dateModified\":\"2023-05-12T17:23:34+00:00\",\"description\":\"Azienda Agricola Paolo Saracco - Pinot nero. Notes de baies sauvages de la for\u00eat (myrtilles, m\u00fbres et framboises) avec des ar\u00f4mes l\u00e9g\u00e8rement vanill\u00e9s. Le palais est complexe.\",\"breadcrumb\":{\"@id\":\"https:\\\/\\\/www.ivinio.com\\\/fr\\\/produit\\\/azienda-agricola-paolo-saracco-pinot-nero-rouge\\\/#breadcrumb\"},\"inLanguage\":\"fr-FR\",\"potentialAction\":[{\"@type\":\"ReadAction\",\"target\":[\"https:\\\/\\\/www.ivinio.com\\\/fr\\\/produit\\\/azienda-agricola-paolo-saracco-pinot-nero-rouge\\\/\"]}]},{\"@type\":\"ImageObject\",\"inLanguage\":\"fr-FR\",\"@id\":\"https:\\\/\\\/www.ivinio.com\\\/fr\\\/produit\\\/azienda-agricola-paolo-saracco-pinot-nero-rouge\\\/#primaryimage\",\"url\":\"https:\\\/\\\/www.ivinio.com\\\/wp-content\\\/uploads\\\/2023\\\/04\\\/Azienda-agricola-Paolo-saracco-pinot-nero-IVINIO.jpg\",\"contentUrl\":\"https:\\\/\\\/www.ivinio.com\\\/wp-content\\\/uploads\\\/2023\\\/04\\\/Azienda-agricola-Paolo-saracco-pinot-nero-IVINIO.jpg\",\"width\":500,\"height\":500},{\"@type\":\"BreadcrumbList\",\"@id\":\"https:\\\/\\\/www.ivinio.com\\\/fr\\\/produit\\\/azienda-agricola-paolo-saracco-pinot-nero-rouge\\\/#breadcrumb\",\"itemListElement\":[{\"@type\":\"ListItem\",\"position\":1,\"name\":\"Home\",\"item\":\"https:\\\/\\\/www.ivinio.com\\\/fr\\\/\"},{\"@type\":\"ListItem\",\"position\":2,\"name\":\"Boutique de vin\",\"item\":\"https:\\\/\\\/www.ivinio.com\\\/fr\\\/boutique-de-vin\\\/\"},{\"@type\":\"ListItem\",\"position\":3,\"name\":\"Azienda Agricola Paolo Saracco &#8211; Pinot nero &#8211; Rouge\"}]},{\"@type\":\"WebSite\",\"@id\":\"https:\\\/\\\/www.ivinio.com\\\/fr\\\/#website\",\"url\":\"https:\\\/\\\/www.ivinio.com\\\/fr\\\/\",\"name\":\"IVINIO Caviste\",\"description\":\"Vins de France et d&#039;Italie avec livraison \u00e0 domicile\",\"publisher\":{\"@id\":\"https:\\\/\\\/www.ivinio.com\\\/fr\\\/#organization\"},\"potentialAction\":[{\"@type\":\"SearchAction\",\"target\":{\"@type\":\"EntryPoint\",\"urlTemplate\":\"https:\\\/\\\/www.ivinio.com\\\/fr\\\/?s={search_term_string}\"},\"query-input\":{\"@type\":\"PropertyValueSpecification\",\"valueRequired\":true,\"valueName\":\"search_term_string\"}}],\"inLanguage\":\"fr-FR\"},{\"@type\":\"Organization\",\"@id\":\"https:\\\/\\\/www.ivinio.com\\\/fr\\\/#organization\",\"name\":\"IVINIO\",\"url\":\"https:\\\/\\\/www.ivinio.com\\\/fr\\\/\",\"logo\":{\"@type\":\"ImageObject\",\"inLanguage\":\"fr-FR\",\"@id\":\"https:\\\/\\\/www.ivinio.com\\\/fr\\\/#\\\/schema\\\/logo\\\/image\\\/\",\"url\":\"https:\\\/\\\/www.ivinio.com\\\/wp-content\\\/uploads\\\/2021\\\/01\\\/Logo-Ivinio-v2.jpg\",\"contentUrl\":\"https:\\\/\\\/www.ivinio.com\\\/wp-content\\\/uploads\\\/2021\\\/01\\\/Logo-Ivinio-v2.jpg\",\"width\":1194,\"height\":1194,\"caption\":\"IVINIO\"},\"image\":{\"@id\":\"https:\\\/\\\/www.ivinio.com\\\/fr\\\/#\\\/schema\\\/logo\\\/image\\\/\"},\"sameAs\":[\"https:\\\/\\\/www.facebook.com\\\/groups\\\/165217837022391\\\/?ref=bookmarks\",\"https:\\\/\\\/www.instagram.com\\\/_ivinio_\\\/?hl=fr\"]}]}<\/script>\n<!-- \/ Yoast SEO plugin. -->","yoast_head_json":{"title":"Azienda Agricola Paolo Saracco - Pinot nero - IVINIO Caviste","description":"Azienda Agricola Paolo Saracco - Pinot nero. Notes de baies sauvages de la for\u00eat (myrtilles, m\u00fbres et framboises) avec des ar\u00f4mes l\u00e9g\u00e8rement vanill\u00e9s. Le palais est complexe.","robots":{"index":"index","follow":"follow","max-snippet":"max-snippet:-1","max-image-preview":"max-image-preview:large","max-video-preview":"max-video-preview:-1"},"canonical":"https:\/\/www.ivinio.com\/fr\/produit\/azienda-agricola-paolo-saracco-pinot-nero-rouge\/","og_locale":"fr_FR","og_type":"article","og_title":"Azienda Agricola Paolo Saracco - Pinot nero - IVINIO Caviste","og_description":"Azienda Agricola Paolo Saracco - Pinot nero. Notes de baies sauvages de la for\u00eat (myrtilles, m\u00fbres et framboises) avec des ar\u00f4mes l\u00e9g\u00e8rement vanill\u00e9s. Le palais est complexe.","og_url":"https:\/\/www.ivinio.com\/fr\/produit\/azienda-agricola-paolo-saracco-pinot-nero-rouge\/","og_site_name":"IVINIO Caviste","article_publisher":"https:\/\/www.facebook.com\/groups\/165217837022391\/?ref=bookmarks","article_modified_time":"2023-05-12T17:23:34+00:00","og_image":[{"width":500,"height":500,"url":"https:\/\/www.ivinio.com\/wp-content\/uploads\/2023\/04\/Azienda-agricola-Paolo-saracco-pinot-nero-IVINIO.jpg","type":"image\/jpeg"}],"twitter_card":"summary_large_image","schema":{"@context":"https:\/\/schema.org","@graph":[{"@type":"WebPage","@id":"https:\/\/www.ivinio.com\/fr\/produit\/azienda-agricola-paolo-saracco-pinot-nero-rouge\/","url":"https:\/\/www.ivinio.com\/fr\/produit\/azienda-agricola-paolo-saracco-pinot-nero-rouge\/","name":"Azienda Agricola Paolo Saracco - Pinot nero - IVINIO Caviste","isPartOf":{"@id":"https:\/\/www.ivinio.com\/fr\/#website"},"primaryImageOfPage":{"@id":"https:\/\/www.ivinio.com\/fr\/produit\/azienda-agricola-paolo-saracco-pinot-nero-rouge\/#primaryimage"},"image":{"@id":"https:\/\/www.ivinio.com\/fr\/produit\/azienda-agricola-paolo-saracco-pinot-nero-rouge\/#primaryimage"},"thumbnailUrl":"https:\/\/www.ivinio.com\/wp-content\/uploads\/2023\/04\/Azienda-agricola-Paolo-saracco-pinot-nero-IVINIO.jpg","datePublished":"2023-05-12T17:02:36+00:00","dateModified":"2023-05-12T17:23:34+00:00","description":"Azienda Agricola Paolo Saracco - Pinot nero. Notes de baies sauvages de la for\u00eat (myrtilles, m\u00fbres et framboises) avec des ar\u00f4mes l\u00e9g\u00e8rement vanill\u00e9s. Le palais est complexe.","breadcrumb":{"@id":"https:\/\/www.ivinio.com\/fr\/produit\/azienda-agricola-paolo-saracco-pinot-nero-rouge\/#breadcrumb"},"inLanguage":"fr-FR","potentialAction":[{"@type":"ReadAction","target":["https:\/\/www.ivinio.com\/fr\/produit\/azienda-agricola-paolo-saracco-pinot-nero-rouge\/"]}]},{"@type":"ImageObject","inLanguage":"fr-FR","@id":"https:\/\/www.ivinio.com\/fr\/produit\/azienda-agricola-paolo-saracco-pinot-nero-rouge\/#primaryimage","url":"https:\/\/www.ivinio.com\/wp-content\/uploads\/2023\/04\/Azienda-agricola-Paolo-saracco-pinot-nero-IVINIO.jpg","contentUrl":"https:\/\/www.ivinio.com\/wp-content\/uploads\/2023\/04\/Azienda-agricola-Paolo-saracco-pinot-nero-IVINIO.jpg","width":500,"height":500},{"@type":"BreadcrumbList","@id":"https:\/\/www.ivinio.com\/fr\/produit\/azienda-agricola-paolo-saracco-pinot-nero-rouge\/#breadcrumb","itemListElement":[{"@type":"ListItem","position":1,"name":"Home","item":"https:\/\/www.ivinio.com\/fr\/"},{"@type":"ListItem","position":2,"name":"Boutique de vin","item":"https:\/\/www.ivinio.com\/fr\/boutique-de-vin\/"},{"@type":"ListItem","position":3,"name":"Azienda Agricola Paolo Saracco &#8211; Pinot nero &#8211; Rouge"}]},{"@type":"WebSite","@id":"https:\/\/www.ivinio.com\/fr\/#website","url":"https:\/\/www.ivinio.com\/fr\/","name":"IVINIO Caviste","description":"Vins de France et d&#039;Italie avec livraison \u00e0 domicile","publisher":{"@id":"https:\/\/www.ivinio.com\/fr\/#organization"},"potentialAction":[{"@type":"SearchAction","target":{"@type":"EntryPoint","urlTemplate":"https:\/\/www.ivinio.com\/fr\/?s={search_term_string}"},"query-input":{"@type":"PropertyValueSpecification","valueRequired":true,"valueName":"search_term_string"}}],"inLanguage":"fr-FR"},{"@type":"Organization","@id":"https:\/\/www.ivinio.com\/fr\/#organization","name":"IVINIO","url":"https:\/\/www.ivinio.com\/fr\/","logo":{"@type":"ImageObject","inLanguage":"fr-FR","@id":"https:\/\/www.ivinio.com\/fr\/#\/schema\/logo\/image\/","url":"https:\/\/www.ivinio.com\/wp-content\/uploads\/2021\/01\/Logo-Ivinio-v2.jpg","contentUrl":"https:\/\/www.ivinio.com\/wp-content\/uploads\/2021\/01\/Logo-Ivinio-v2.jpg","width":1194,"height":1194,"caption":"IVINIO"},"image":{"@id":"https:\/\/www.ivinio.com\/fr\/#\/schema\/logo\/image\/"},"sameAs":["https:\/\/www.facebook.com\/groups\/165217837022391\/?ref=bookmarks","https:\/\/www.instagram.com\/_ivinio_\/?hl=fr"]}]}},"jetpack_sharing_enabled":true,"_links":{"self":[{"href":"https:\/\/www.ivinio.com\/fr\/wp-json\/wp\/v2\/product\/132946","targetHints":{"allow":["GET"]}}],"collection":[{"href":"https:\/\/www.ivinio.com\/fr\/wp-json\/wp\/v2\/product"}],"about":[{"href":"https:\/\/www.ivinio.com\/fr\/wp-json\/wp\/v2\/types\/product"}],"replies":[{"embeddable":true,"href":"https:\/\/www.ivinio.com\/fr\/wp-json\/wp\/v2\/comments?post=132946"}],"wp:featuredmedia":[{"embeddable":true,"href":"https:\/\/www.ivinio.com\/fr\/wp-json\/wp\/v2\/media\/132678"}],"wp:attachment":[{"href":"https:\/\/www.ivinio.com\/fr\/wp-json\/wp\/v2\/media?parent=132946"}],"wp:term":[{"taxonomy":"product_brand","embeddable":true,"href":"https:\/\/www.ivinio.com\/fr\/wp-json\/wp\/v2\/product_brand?post=132946"},{"taxonomy":"product_cat","embeddable":true,"href":"https:\/\/www.ivinio.com\/fr\/wp-json\/wp\/v2\/product_cat?post=132946"},{"taxonomy":"product_tag","embeddable":true,"href":"https:\/\/www.ivinio.com\/fr\/wp-json\/wp\/v2\/product_tag?post=132946"}],"curies":[{"name":"wp","href":"https:\/\/api.w.org\/{rel}","templated":true}]}}