{"id":132940,"date":"2023-04-05T13:54:02","date_gmt":"2023-05-12T16:11:58","guid":{"rendered":"https:\/\/www.ivinio.com\/product\/du-nemo-rossese-di-dolceacqua-superiore-rouge\/"},"modified":"2024-06-21T17:51:19","modified_gmt":"2024-06-21T15:51:19","slug":"du-nemo-rossese-di-dolceacqua-superiore-rouge","status":"publish","type":"product","link":"https:\/\/www.ivinio.com\/fr\/produit\/du-nemo-rossese-di-dolceacqua-superiore-rouge\/","title":{"rendered":"Du Nemo &#8211; Rossese di Dolceacqua Superiore &#8211; Rouge"},"content":{"rendered":"<p>Du Nemo &#8211; Rossese di Dolceacqua &#8211; Superiore Rouge est compos\u00e9 \u00e0 97% de Rossese et \u00e0 3% de raisins rouges non aromatiques et non identifi\u00e9s comme c\u00e9pages. Le Rossese dans la version Superiore est le vin rouge le plus exclusif du vignoble. Il est produit \u00e0 partir de raisins s\u00e9lectionn\u00e9s provenant d&#8217;une vieille parcelle o\u00f9 de vieilles vignes ont \u00e9t\u00e9 d\u00e9couvertes, ayant s\u00fbrement \u00e9t\u00e9 plant\u00e9es dans le but de donner un peu plus de couleur au vin de table. Le vin est un hommage \u00e0 l&#8217;\u00e9poque o\u00f9 les m\u00eames raisins \u00e9taient amen\u00e9s dans la vall\u00e9e avec des \u00e2nes et l&#8217;herbe \u00e9tait coup\u00e9e \u00e0 la faux. Les raisins sont cultiv\u00e9s dans un ancien vignoble \u00e0 Arcagna dans la commune de Dolceacqua avec une exposition est\/sud-est, \u00e0 400 m d&#8217;altitude. Les vignes sont taill\u00e9es comme de petits arbres (albero). Le sol est constitu\u00e9 d&#8217;un m\u00e9lange de s\u00e9diments marneux et sableux. Les raisins sont vendang\u00e9s \u00e0 la main \u00e0 parfaite maturit\u00e9 et transport\u00e9s \u00e0 la cave. Apr\u00e8s \u00e9raflage, ils sont press\u00e9s doucement et le mo\u00fbt fermente dans une cuve en bois de 22 hl \u00e0 30\u00b0C. Le mo\u00fbt est mis \u00e0 fermenter pendant 6 \u00e0 8 jours avec des d\u00e9lestages r\u00e9guliers pour optimiser la mac\u00e9ration. Le mo\u00fbt est ensuite transf\u00e9r\u00e9 dans des f\u00fbts de ch\u00eane fran\u00e7ais de 500 litres pour entamer l&#8217;\u00e9levage.<\/p>\n","protected":false},"excerpt":{"rendered":"<p>Rossese Superiore \u00e9lev\u00e9 en f\u00fbt de ch\u00eane avec des notes de framboises, de cassis et de fraises de bois se distingue. De plus, une dose d&#8217;\u00e9pices tr\u00e8s agr\u00e9able.<\/p>\n","protected":false},"featured_media":133018,"comment_status":"open","ping_status":"closed","template":"","meta":{"_monsterinsights_skip_tracking":false,"_monsterinsights_sitenote_active":false,"_monsterinsights_sitenote_note":"","_monsterinsights_sitenote_category":0,"_uf_show_specific_survey":0,"_uf_disable_surveys":false},"product_brand":[],"product_cat":[36609,36591],"product_tag":[],"class_list":{"0":"post-132940","1":"product","2":"type-product","3":"status-publish","4":"has-post-thumbnail","6":"product_cat-sv-ligurien","7":"product_cat-italienska-viner","8":"pa_alcohol-degree-14-sv","9":"pa_classification-doc-rossese-di-dolceacqua-superiore","10":"pa_color-rod-sv","11":"pa_country-italien-sv","12":"pa_grape-variety-rossese-sv","13":"pa_region-ligurien-sv","14":"pa_storage-potential-6-ar-sv","15":"pa_vintage-41218","16":"pa_volume-75-cl-sv","18":"first","19":"instock","20":"taxable","21":"shipping-taxable","22":"purchasable","23":"product-type-simple"},"bundled_by":[],"bundle_stock_status":"instock","bundle_stock_quantity":null,"bundle_virtual":false,"bundle_layout":"","bundle_add_to_cart_form_location":"","bundle_editable_in_cart":false,"bundle_sold_individually_context":"","bundle_item_grouping":"","bundle_min_size":"","bundle_max_size":"","bundle_price":[],"bundled_items":[],"bundle_sell_ids":[],"yoast_head":"<!-- This site is optimized with the Yoast SEO plugin v27.5 - https:\/\/yoast.com\/product\/yoast-seo-wordpress\/ -->\n<title>Du Nemo - Rossese di Dolceacqua - Superiore - Rouge - IVINIO Caviste<\/title>\n<meta name=\"description\" content=\"Du Nemo - Rossese di Dolceacqua - Superiore - Rouge. Des notes de framboises, de groseilles et de fraises des bois ressortent. De plus, une dose d&#039;\u00e9pices tr\u00e8s agr\u00e9able.\" \/>\n<meta name=\"robots\" content=\"index, follow, max-snippet:-1, max-image-preview:large, max-video-preview:-1\" \/>\n<link rel=\"canonical\" href=\"https:\/\/www.ivinio.com\/fr\/produit\/du-nemo-rossese-di-dolceacqua-superiore-rouge\/\" \/>\n<meta property=\"og:locale\" content=\"fr_FR\" \/>\n<meta property=\"og:type\" content=\"article\" \/>\n<meta property=\"og:title\" content=\"Du Nemo - Rossese di Dolceacqua - Superiore - Rouge - IVINIO Caviste\" \/>\n<meta property=\"og:description\" content=\"Du Nemo - Rossese di Dolceacqua - Superiore - Rouge. Des notes de framboises, de groseilles et de fraises des bois ressortent. De plus, une dose d&#039;\u00e9pices tr\u00e8s agr\u00e9able.\" \/>\n<meta property=\"og:url\" content=\"https:\/\/www.ivinio.com\/fr\/produit\/du-nemo-rossese-di-dolceacqua-superiore-rouge\/\" \/>\n<meta property=\"og:site_name\" content=\"IVINIO Caviste\" \/>\n<meta property=\"article:publisher\" content=\"https:\/\/www.facebook.com\/groups\/165217837022391\/?ref=bookmarks\" \/>\n<meta property=\"article:modified_time\" content=\"2024-06-21T15:51:19+00:00\" \/>\n<meta property=\"og:image\" content=\"https:\/\/www.ivinio.com\/wp-content\/uploads\/2023\/04\/du-nemo-rossese-di-dolceacqua-Superiore-IVINIO-1.jpg\" \/>\n\t<meta property=\"og:image:width\" content=\"500\" \/>\n\t<meta property=\"og:image:height\" content=\"500\" \/>\n\t<meta property=\"og:image:type\" content=\"image\/jpeg\" \/>\n<meta name=\"twitter:card\" content=\"summary_large_image\" \/>\n<meta name=\"twitter:label1\" content=\"Dur\u00e9e de lecture estim\u00e9e\" \/>\n\t<meta name=\"twitter:data1\" content=\"2 minutes\" \/>\n<script type=\"application\/ld+json\" class=\"yoast-schema-graph\">{\"@context\":\"https:\\\/\\\/schema.org\",\"@graph\":[{\"@type\":\"WebPage\",\"@id\":\"https:\\\/\\\/www.ivinio.com\\\/fr\\\/produit\\\/du-nemo-rossese-di-dolceacqua-superiore-rouge\\\/\",\"url\":\"https:\\\/\\\/www.ivinio.com\\\/fr\\\/produit\\\/du-nemo-rossese-di-dolceacqua-superiore-rouge\\\/\",\"name\":\"Du Nemo - Rossese di Dolceacqua - Superiore - Rouge - IVINIO Caviste\",\"isPartOf\":{\"@id\":\"https:\\\/\\\/www.ivinio.com\\\/fr\\\/#website\"},\"primaryImageOfPage\":{\"@id\":\"https:\\\/\\\/www.ivinio.com\\\/fr\\\/produit\\\/du-nemo-rossese-di-dolceacqua-superiore-rouge\\\/#primaryimage\"},\"image\":{\"@id\":\"https:\\\/\\\/www.ivinio.com\\\/fr\\\/produit\\\/du-nemo-rossese-di-dolceacqua-superiore-rouge\\\/#primaryimage\"},\"thumbnailUrl\":\"https:\\\/\\\/www.ivinio.com\\\/wp-content\\\/uploads\\\/2023\\\/04\\\/du-nemo-rossese-di-dolceacqua-Superiore-IVINIO-1.jpg\",\"datePublished\":\"2023-05-12T16:11:58+00:00\",\"dateModified\":\"2024-06-21T15:51:19+00:00\",\"description\":\"Du Nemo - Rossese di Dolceacqua - Superiore - Rouge. Des notes de framboises, de groseilles et de fraises des bois ressortent. De plus, une dose d'\u00e9pices tr\u00e8s agr\u00e9able.\",\"breadcrumb\":{\"@id\":\"https:\\\/\\\/www.ivinio.com\\\/fr\\\/produit\\\/du-nemo-rossese-di-dolceacqua-superiore-rouge\\\/#breadcrumb\"},\"inLanguage\":\"fr-FR\",\"potentialAction\":[{\"@type\":\"ReadAction\",\"target\":[\"https:\\\/\\\/www.ivinio.com\\\/fr\\\/produit\\\/du-nemo-rossese-di-dolceacqua-superiore-rouge\\\/\"]}]},{\"@type\":\"ImageObject\",\"inLanguage\":\"fr-FR\",\"@id\":\"https:\\\/\\\/www.ivinio.com\\\/fr\\\/produit\\\/du-nemo-rossese-di-dolceacqua-superiore-rouge\\\/#primaryimage\",\"url\":\"https:\\\/\\\/www.ivinio.com\\\/wp-content\\\/uploads\\\/2023\\\/04\\\/du-nemo-rossese-di-dolceacqua-Superiore-IVINIO-1.jpg\",\"contentUrl\":\"https:\\\/\\\/www.ivinio.com\\\/wp-content\\\/uploads\\\/2023\\\/04\\\/du-nemo-rossese-di-dolceacqua-Superiore-IVINIO-1.jpg\",\"width\":500,\"height\":500},{\"@type\":\"BreadcrumbList\",\"@id\":\"https:\\\/\\\/www.ivinio.com\\\/fr\\\/produit\\\/du-nemo-rossese-di-dolceacqua-superiore-rouge\\\/#breadcrumb\",\"itemListElement\":[{\"@type\":\"ListItem\",\"position\":1,\"name\":\"Home\",\"item\":\"https:\\\/\\\/www.ivinio.com\\\/fr\\\/\"},{\"@type\":\"ListItem\",\"position\":2,\"name\":\"Boutique de vin\",\"item\":\"https:\\\/\\\/www.ivinio.com\\\/fr\\\/boutique-de-vin\\\/\"},{\"@type\":\"ListItem\",\"position\":3,\"name\":\"Du Nemo &#8211; Rossese di Dolceacqua Superiore &#8211; Rouge\"}]},{\"@type\":\"WebSite\",\"@id\":\"https:\\\/\\\/www.ivinio.com\\\/fr\\\/#website\",\"url\":\"https:\\\/\\\/www.ivinio.com\\\/fr\\\/\",\"name\":\"IVINIO Caviste\",\"description\":\"Vins de France et d&#039;Italie avec livraison \u00e0 domicile\",\"publisher\":{\"@id\":\"https:\\\/\\\/www.ivinio.com\\\/fr\\\/#organization\"},\"potentialAction\":[{\"@type\":\"SearchAction\",\"target\":{\"@type\":\"EntryPoint\",\"urlTemplate\":\"https:\\\/\\\/www.ivinio.com\\\/fr\\\/?s={search_term_string}\"},\"query-input\":{\"@type\":\"PropertyValueSpecification\",\"valueRequired\":true,\"valueName\":\"search_term_string\"}}],\"inLanguage\":\"fr-FR\"},{\"@type\":\"Organization\",\"@id\":\"https:\\\/\\\/www.ivinio.com\\\/fr\\\/#organization\",\"name\":\"IVINIO\",\"url\":\"https:\\\/\\\/www.ivinio.com\\\/fr\\\/\",\"logo\":{\"@type\":\"ImageObject\",\"inLanguage\":\"fr-FR\",\"@id\":\"https:\\\/\\\/www.ivinio.com\\\/fr\\\/#\\\/schema\\\/logo\\\/image\\\/\",\"url\":\"https:\\\/\\\/www.ivinio.com\\\/wp-content\\\/uploads\\\/2021\\\/01\\\/Logo-Ivinio-v2.jpg\",\"contentUrl\":\"https:\\\/\\\/www.ivinio.com\\\/wp-content\\\/uploads\\\/2021\\\/01\\\/Logo-Ivinio-v2.jpg\",\"width\":1194,\"height\":1194,\"caption\":\"IVINIO\"},\"image\":{\"@id\":\"https:\\\/\\\/www.ivinio.com\\\/fr\\\/#\\\/schema\\\/logo\\\/image\\\/\"},\"sameAs\":[\"https:\\\/\\\/www.facebook.com\\\/groups\\\/165217837022391\\\/?ref=bookmarks\",\"https:\\\/\\\/www.instagram.com\\\/_ivinio_\\\/?hl=fr\"]}]}<\/script>\n<!-- \/ Yoast SEO plugin. -->","yoast_head_json":{"title":"Du Nemo - Rossese di Dolceacqua - Superiore - Rouge - IVINIO Caviste","description":"Du Nemo - Rossese di Dolceacqua - Superiore - Rouge. Des notes de framboises, de groseilles et de fraises des bois ressortent. De plus, une dose d'\u00e9pices tr\u00e8s agr\u00e9able.","robots":{"index":"index","follow":"follow","max-snippet":"max-snippet:-1","max-image-preview":"max-image-preview:large","max-video-preview":"max-video-preview:-1"},"canonical":"https:\/\/www.ivinio.com\/fr\/produit\/du-nemo-rossese-di-dolceacqua-superiore-rouge\/","og_locale":"fr_FR","og_type":"article","og_title":"Du Nemo - Rossese di Dolceacqua - Superiore - Rouge - IVINIO Caviste","og_description":"Du Nemo - Rossese di Dolceacqua - Superiore - Rouge. Des notes de framboises, de groseilles et de fraises des bois ressortent. De plus, une dose d'\u00e9pices tr\u00e8s agr\u00e9able.","og_url":"https:\/\/www.ivinio.com\/fr\/produit\/du-nemo-rossese-di-dolceacqua-superiore-rouge\/","og_site_name":"IVINIO Caviste","article_publisher":"https:\/\/www.facebook.com\/groups\/165217837022391\/?ref=bookmarks","article_modified_time":"2024-06-21T15:51:19+00:00","og_image":[{"width":500,"height":500,"url":"https:\/\/www.ivinio.com\/wp-content\/uploads\/2023\/04\/du-nemo-rossese-di-dolceacqua-Superiore-IVINIO-1.jpg","type":"image\/jpeg"}],"twitter_card":"summary_large_image","twitter_misc":{"Dur\u00e9e de lecture estim\u00e9e":"2 minutes"},"schema":{"@context":"https:\/\/schema.org","@graph":[{"@type":"WebPage","@id":"https:\/\/www.ivinio.com\/fr\/produit\/du-nemo-rossese-di-dolceacqua-superiore-rouge\/","url":"https:\/\/www.ivinio.com\/fr\/produit\/du-nemo-rossese-di-dolceacqua-superiore-rouge\/","name":"Du Nemo - Rossese di Dolceacqua - Superiore - Rouge - IVINIO Caviste","isPartOf":{"@id":"https:\/\/www.ivinio.com\/fr\/#website"},"primaryImageOfPage":{"@id":"https:\/\/www.ivinio.com\/fr\/produit\/du-nemo-rossese-di-dolceacqua-superiore-rouge\/#primaryimage"},"image":{"@id":"https:\/\/www.ivinio.com\/fr\/produit\/du-nemo-rossese-di-dolceacqua-superiore-rouge\/#primaryimage"},"thumbnailUrl":"https:\/\/www.ivinio.com\/wp-content\/uploads\/2023\/04\/du-nemo-rossese-di-dolceacqua-Superiore-IVINIO-1.jpg","datePublished":"2023-05-12T16:11:58+00:00","dateModified":"2024-06-21T15:51:19+00:00","description":"Du Nemo - Rossese di Dolceacqua - Superiore - Rouge. Des notes de framboises, de groseilles et de fraises des bois ressortent. De plus, une dose d'\u00e9pices tr\u00e8s agr\u00e9able.","breadcrumb":{"@id":"https:\/\/www.ivinio.com\/fr\/produit\/du-nemo-rossese-di-dolceacqua-superiore-rouge\/#breadcrumb"},"inLanguage":"fr-FR","potentialAction":[{"@type":"ReadAction","target":["https:\/\/www.ivinio.com\/fr\/produit\/du-nemo-rossese-di-dolceacqua-superiore-rouge\/"]}]},{"@type":"ImageObject","inLanguage":"fr-FR","@id":"https:\/\/www.ivinio.com\/fr\/produit\/du-nemo-rossese-di-dolceacqua-superiore-rouge\/#primaryimage","url":"https:\/\/www.ivinio.com\/wp-content\/uploads\/2023\/04\/du-nemo-rossese-di-dolceacqua-Superiore-IVINIO-1.jpg","contentUrl":"https:\/\/www.ivinio.com\/wp-content\/uploads\/2023\/04\/du-nemo-rossese-di-dolceacqua-Superiore-IVINIO-1.jpg","width":500,"height":500},{"@type":"BreadcrumbList","@id":"https:\/\/www.ivinio.com\/fr\/produit\/du-nemo-rossese-di-dolceacqua-superiore-rouge\/#breadcrumb","itemListElement":[{"@type":"ListItem","position":1,"name":"Home","item":"https:\/\/www.ivinio.com\/fr\/"},{"@type":"ListItem","position":2,"name":"Boutique de vin","item":"https:\/\/www.ivinio.com\/fr\/boutique-de-vin\/"},{"@type":"ListItem","position":3,"name":"Du Nemo &#8211; Rossese di Dolceacqua Superiore &#8211; Rouge"}]},{"@type":"WebSite","@id":"https:\/\/www.ivinio.com\/fr\/#website","url":"https:\/\/www.ivinio.com\/fr\/","name":"IVINIO Caviste","description":"Vins de France et d&#039;Italie avec livraison \u00e0 domicile","publisher":{"@id":"https:\/\/www.ivinio.com\/fr\/#organization"},"potentialAction":[{"@type":"SearchAction","target":{"@type":"EntryPoint","urlTemplate":"https:\/\/www.ivinio.com\/fr\/?s={search_term_string}"},"query-input":{"@type":"PropertyValueSpecification","valueRequired":true,"valueName":"search_term_string"}}],"inLanguage":"fr-FR"},{"@type":"Organization","@id":"https:\/\/www.ivinio.com\/fr\/#organization","name":"IVINIO","url":"https:\/\/www.ivinio.com\/fr\/","logo":{"@type":"ImageObject","inLanguage":"fr-FR","@id":"https:\/\/www.ivinio.com\/fr\/#\/schema\/logo\/image\/","url":"https:\/\/www.ivinio.com\/wp-content\/uploads\/2021\/01\/Logo-Ivinio-v2.jpg","contentUrl":"https:\/\/www.ivinio.com\/wp-content\/uploads\/2021\/01\/Logo-Ivinio-v2.jpg","width":1194,"height":1194,"caption":"IVINIO"},"image":{"@id":"https:\/\/www.ivinio.com\/fr\/#\/schema\/logo\/image\/"},"sameAs":["https:\/\/www.facebook.com\/groups\/165217837022391\/?ref=bookmarks","https:\/\/www.instagram.com\/_ivinio_\/?hl=fr"]}]}},"jetpack_sharing_enabled":true,"_links":{"self":[{"href":"https:\/\/www.ivinio.com\/fr\/wp-json\/wp\/v2\/product\/132940","targetHints":{"allow":["GET"]}}],"collection":[{"href":"https:\/\/www.ivinio.com\/fr\/wp-json\/wp\/v2\/product"}],"about":[{"href":"https:\/\/www.ivinio.com\/fr\/wp-json\/wp\/v2\/types\/product"}],"replies":[{"embeddable":true,"href":"https:\/\/www.ivinio.com\/fr\/wp-json\/wp\/v2\/comments?post=132940"}],"wp:featuredmedia":[{"embeddable":true,"href":"https:\/\/www.ivinio.com\/fr\/wp-json\/wp\/v2\/media\/133018"}],"wp:attachment":[{"href":"https:\/\/www.ivinio.com\/fr\/wp-json\/wp\/v2\/media?parent=132940"}],"wp:term":[{"taxonomy":"product_brand","embeddable":true,"href":"https:\/\/www.ivinio.com\/fr\/wp-json\/wp\/v2\/product_brand?post=132940"},{"taxonomy":"product_cat","embeddable":true,"href":"https:\/\/www.ivinio.com\/fr\/wp-json\/wp\/v2\/product_cat?post=132940"},{"taxonomy":"product_tag","embeddable":true,"href":"https:\/\/www.ivinio.com\/fr\/wp-json\/wp\/v2\/product_tag?post=132940"}],"curies":[{"name":"wp","href":"https:\/\/api.w.org\/{rel}","templated":true}]}}