{"id":132807,"date":"2023-04-01T12:23:20","date_gmt":"2023-04-15T16:27:50","guid":{"rendered":"https:\/\/www.ivinio.com\/product\/vinchio-vaglio-i-tre-viscovi-barbera-dasti-superiore-rouge\/"},"modified":"2023-04-15T18:37:09","modified_gmt":"2023-04-15T16:37:09","slug":"vinchio-vaglio-i-tre-viscovi-rouge","status":"publish","type":"product","link":"https:\/\/www.ivinio.com\/fr\/produit\/vinchio-vaglio-i-tre-viscovi-rouge\/","title":{"rendered":"Vinchio Vaglio &#8211; I tre viscovi &#8211; Barbera d&#8217;Asti Superiore &#8211; Rouge"},"content":{"rendered":"<p>Vinchio Vaglio &#8211; I tre viscovi &#8211; Barbera d&#8217;Asti Superiore &#8211; Vin rouge compos\u00e9 \u00e0 100% du c\u00e9page Barbera. Les vendanges se font manuellement fin septembre. Les raisins sont \u00e9claircis avec une s\u00e9lection rigoureuse le matin et livr\u00e9s plus tard dans l&#8217;apr\u00e8s-midi au caveau afin de conserver les grappes dans des conditions optimales avant la vinification. Les raisins sont \u00e9cras\u00e9s et transf\u00e9r\u00e9s dans des r\u00e9cipients sp\u00e9ciaux \u00e0 temp\u00e9rature contr\u00f4l\u00e9e. La fermentation dure 7-8 jours \u00e0 une temp\u00e9rature constante d&#8217;environ 26 \u00b0C afin d&#8217;extraire au mieux les ar\u00f4mes. La sous-fermentation est r\u00e9alis\u00e9e avec d\u00e9lestage afin d&#8217;extraire les polyph\u00e9nols pr\u00e9sents dans les peaux. A la fin de la fermentation alcoolique d\u00e9marre imm\u00e9diatement la fermentation malolactique en cuves inox \u00e0 une temp\u00e9rature de 18 \u00b0C. A la fin de la fermentation, le vin est \u00e9lev\u00e9 en f\u00fbts fran\u00e7ais pendant environ 12 mois. Apr\u00e8s un autre mois d&#8217;\u00e9levage en cuves inox, le vin est mis en bouteille. Puis encore 6 mois de garde avant vente.<\/p>\n","protected":false},"excerpt":{"rendered":"<p>Vinchio Vaglio &#8211; I tre viscovi &#8211; Barbera d&#8217;Asti Superiore est un vin rouge complexe aux ar\u00f4mes de clou de girofle, de poivre, d&#8217;eucalyptus, de tabac et de vanille.<\/p>\n","protected":false},"featured_media":132608,"comment_status":"open","ping_status":"closed","template":"","meta":{"_monsterinsights_skip_tracking":false,"_monsterinsights_sitenote_active":false,"_monsterinsights_sitenote_note":"","_monsterinsights_sitenote_category":0,"_uf_show_specific_survey":0,"_uf_disable_surveys":false},"product_brand":[],"product_cat":[36598,36589],"product_tag":[],"class_list":{"0":"post-132807","1":"product","2":"type-product","3":"status-publish","4":"has-post-thumbnail","6":"product_cat-fr-piemont","7":"product_cat-vins-italiens","8":"pa_alcohol-degree-14-fr","9":"pa_awards-gambero-rosso-fr","10":"pa_awards-gilbert-et-gaillard-fr","11":"pa_awards-migliori-vini-ditalia-fr","12":"pa_awards-vini-buoni-ditalia-fr","13":"pa_classification-docg-barbera-dasti-superiore-fr","14":"pa_color-rouge-fr","15":"pa_country-italie-fr","16":"pa_grape-variety-barbera-fr","17":"pa_region-piemont-fr","18":"pa_storage-potential-7-ans","19":"pa_vintage-2021-fr","20":"pa_volume-75-cl-fr","22":"first","23":"instock","24":"taxable","25":"shipping-taxable","26":"purchasable","27":"product-type-simple"},"bundled_by":[],"bundle_stock_status":"instock","bundle_stock_quantity":null,"bundle_virtual":false,"bundle_layout":"","bundle_add_to_cart_form_location":"","bundle_editable_in_cart":false,"bundle_sold_individually_context":"","bundle_item_grouping":"","bundle_min_size":"","bundle_max_size":"","bundle_price":[],"bundled_items":[],"bundle_sell_ids":[],"yoast_head":"<!-- This site is optimized with the Yoast SEO plugin v27.5 - https:\/\/yoast.com\/product\/yoast-seo-wordpress\/ -->\n<title>Vinchio Vaglio - I tre viscovi - Barbera d&#039;Asti Superiore - Rouge- IVINIO Caviste<\/title>\n<meta name=\"description\" content=\"Vinchio Vaglio - I tre viscovi - Barbera d&#039;Asti Superiore - Rouge. Un vin rouge complexe aux ar\u00f4mes de clou de girofle, de poivre, d&#039;eucalyptus, de tabac et de vanille.\" \/>\n<meta name=\"robots\" content=\"index, follow, max-snippet:-1, max-image-preview:large, max-video-preview:-1\" \/>\n<link rel=\"canonical\" href=\"https:\/\/www.ivinio.com\/fr\/produit\/vinchio-vaglio-i-tre-viscovi-rouge\/\" \/>\n<meta property=\"og:locale\" content=\"fr_FR\" \/>\n<meta property=\"og:type\" content=\"article\" \/>\n<meta property=\"og:title\" content=\"Vinchio Vaglio - I tre viscovi - Barbera d&#039;Asti Superiore - Rouge- IVINIO Caviste\" \/>\n<meta property=\"og:description\" content=\"Vinchio Vaglio - I tre viscovi - Barbera d&#039;Asti Superiore - Rouge. Un vin rouge complexe aux ar\u00f4mes de clou de girofle, de poivre, d&#039;eucalyptus, de tabac et de vanille.\" \/>\n<meta property=\"og:url\" content=\"https:\/\/www.ivinio.com\/fr\/produit\/vinchio-vaglio-i-tre-viscovi-rouge\/\" \/>\n<meta property=\"og:site_name\" content=\"IVINIO Caviste\" \/>\n<meta property=\"article:publisher\" content=\"https:\/\/www.facebook.com\/groups\/165217837022391\/?ref=bookmarks\" \/>\n<meta property=\"article:modified_time\" content=\"2023-04-15T16:37:09+00:00\" \/>\n<meta property=\"og:image\" content=\"https:\/\/www.ivinio.com\/wp-content\/uploads\/2023\/03\/Vinchio-vaglio-i-tre-vescovi-IVINIO.jpg\" \/>\n\t<meta property=\"og:image:width\" content=\"500\" \/>\n\t<meta property=\"og:image:height\" content=\"500\" \/>\n\t<meta property=\"og:image:type\" content=\"image\/jpeg\" \/>\n<meta name=\"twitter:card\" content=\"summary_large_image\" \/>\n<meta name=\"twitter:label1\" content=\"Dur\u00e9e de lecture estim\u00e9e\" \/>\n\t<meta name=\"twitter:data1\" content=\"1 minute\" \/>\n<script type=\"application\/ld+json\" class=\"yoast-schema-graph\">{\"@context\":\"https:\\\/\\\/schema.org\",\"@graph\":[{\"@type\":\"WebPage\",\"@id\":\"https:\\\/\\\/www.ivinio.com\\\/fr\\\/produit\\\/vinchio-vaglio-i-tre-viscovi-rouge\\\/\",\"url\":\"https:\\\/\\\/www.ivinio.com\\\/fr\\\/produit\\\/vinchio-vaglio-i-tre-viscovi-rouge\\\/\",\"name\":\"Vinchio Vaglio - I tre viscovi - Barbera d'Asti Superiore - Rouge- IVINIO Caviste\",\"isPartOf\":{\"@id\":\"https:\\\/\\\/www.ivinio.com\\\/fr\\\/#website\"},\"primaryImageOfPage\":{\"@id\":\"https:\\\/\\\/www.ivinio.com\\\/fr\\\/produit\\\/vinchio-vaglio-i-tre-viscovi-rouge\\\/#primaryimage\"},\"image\":{\"@id\":\"https:\\\/\\\/www.ivinio.com\\\/fr\\\/produit\\\/vinchio-vaglio-i-tre-viscovi-rouge\\\/#primaryimage\"},\"thumbnailUrl\":\"https:\\\/\\\/www.ivinio.com\\\/wp-content\\\/uploads\\\/2023\\\/03\\\/Vinchio-vaglio-i-tre-vescovi-IVINIO.jpg\",\"datePublished\":\"2023-04-15T16:27:50+00:00\",\"dateModified\":\"2023-04-15T16:37:09+00:00\",\"description\":\"Vinchio Vaglio - I tre viscovi - Barbera d'Asti Superiore - Rouge. Un vin rouge complexe aux ar\u00f4mes de clou de girofle, de poivre, d'eucalyptus, de tabac et de vanille.\",\"breadcrumb\":{\"@id\":\"https:\\\/\\\/www.ivinio.com\\\/fr\\\/produit\\\/vinchio-vaglio-i-tre-viscovi-rouge\\\/#breadcrumb\"},\"inLanguage\":\"fr-FR\",\"potentialAction\":[{\"@type\":\"ReadAction\",\"target\":[\"https:\\\/\\\/www.ivinio.com\\\/fr\\\/produit\\\/vinchio-vaglio-i-tre-viscovi-rouge\\\/\"]}]},{\"@type\":\"ImageObject\",\"inLanguage\":\"fr-FR\",\"@id\":\"https:\\\/\\\/www.ivinio.com\\\/fr\\\/produit\\\/vinchio-vaglio-i-tre-viscovi-rouge\\\/#primaryimage\",\"url\":\"https:\\\/\\\/www.ivinio.com\\\/wp-content\\\/uploads\\\/2023\\\/03\\\/Vinchio-vaglio-i-tre-vescovi-IVINIO.jpg\",\"contentUrl\":\"https:\\\/\\\/www.ivinio.com\\\/wp-content\\\/uploads\\\/2023\\\/03\\\/Vinchio-vaglio-i-tre-vescovi-IVINIO.jpg\",\"width\":500,\"height\":500,\"caption\":\"Vinchio vaglio - I tre viscovi\"},{\"@type\":\"BreadcrumbList\",\"@id\":\"https:\\\/\\\/www.ivinio.com\\\/fr\\\/produit\\\/vinchio-vaglio-i-tre-viscovi-rouge\\\/#breadcrumb\",\"itemListElement\":[{\"@type\":\"ListItem\",\"position\":1,\"name\":\"Home\",\"item\":\"https:\\\/\\\/www.ivinio.com\\\/fr\\\/\"},{\"@type\":\"ListItem\",\"position\":2,\"name\":\"Boutique de vin\",\"item\":\"https:\\\/\\\/www.ivinio.com\\\/fr\\\/boutique-de-vin\\\/\"},{\"@type\":\"ListItem\",\"position\":3,\"name\":\"Vinchio Vaglio &#8211; I tre viscovi &#8211; Barbera d&#8217;Asti Superiore &#8211; Rouge\"}]},{\"@type\":\"WebSite\",\"@id\":\"https:\\\/\\\/www.ivinio.com\\\/fr\\\/#website\",\"url\":\"https:\\\/\\\/www.ivinio.com\\\/fr\\\/\",\"name\":\"IVINIO Caviste\",\"description\":\"Vins de France et d&#039;Italie avec livraison \u00e0 domicile\",\"publisher\":{\"@id\":\"https:\\\/\\\/www.ivinio.com\\\/fr\\\/#organization\"},\"potentialAction\":[{\"@type\":\"SearchAction\",\"target\":{\"@type\":\"EntryPoint\",\"urlTemplate\":\"https:\\\/\\\/www.ivinio.com\\\/fr\\\/?s={search_term_string}\"},\"query-input\":{\"@type\":\"PropertyValueSpecification\",\"valueRequired\":true,\"valueName\":\"search_term_string\"}}],\"inLanguage\":\"fr-FR\"},{\"@type\":\"Organization\",\"@id\":\"https:\\\/\\\/www.ivinio.com\\\/fr\\\/#organization\",\"name\":\"IVINIO\",\"url\":\"https:\\\/\\\/www.ivinio.com\\\/fr\\\/\",\"logo\":{\"@type\":\"ImageObject\",\"inLanguage\":\"fr-FR\",\"@id\":\"https:\\\/\\\/www.ivinio.com\\\/fr\\\/#\\\/schema\\\/logo\\\/image\\\/\",\"url\":\"https:\\\/\\\/www.ivinio.com\\\/wp-content\\\/uploads\\\/2021\\\/01\\\/Logo-Ivinio-v2.jpg\",\"contentUrl\":\"https:\\\/\\\/www.ivinio.com\\\/wp-content\\\/uploads\\\/2021\\\/01\\\/Logo-Ivinio-v2.jpg\",\"width\":1194,\"height\":1194,\"caption\":\"IVINIO\"},\"image\":{\"@id\":\"https:\\\/\\\/www.ivinio.com\\\/fr\\\/#\\\/schema\\\/logo\\\/image\\\/\"},\"sameAs\":[\"https:\\\/\\\/www.facebook.com\\\/groups\\\/165217837022391\\\/?ref=bookmarks\",\"https:\\\/\\\/www.instagram.com\\\/_ivinio_\\\/?hl=fr\"]}]}<\/script>\n<!-- \/ Yoast SEO plugin. -->","yoast_head_json":{"title":"Vinchio Vaglio - I tre viscovi - Barbera d'Asti Superiore - Rouge- IVINIO Caviste","description":"Vinchio Vaglio - I tre viscovi - Barbera d'Asti Superiore - Rouge. Un vin rouge complexe aux ar\u00f4mes de clou de girofle, de poivre, d'eucalyptus, de tabac et de vanille.","robots":{"index":"index","follow":"follow","max-snippet":"max-snippet:-1","max-image-preview":"max-image-preview:large","max-video-preview":"max-video-preview:-1"},"canonical":"https:\/\/www.ivinio.com\/fr\/produit\/vinchio-vaglio-i-tre-viscovi-rouge\/","og_locale":"fr_FR","og_type":"article","og_title":"Vinchio Vaglio - I tre viscovi - Barbera d'Asti Superiore - Rouge- IVINIO Caviste","og_description":"Vinchio Vaglio - I tre viscovi - Barbera d'Asti Superiore - Rouge. Un vin rouge complexe aux ar\u00f4mes de clou de girofle, de poivre, d'eucalyptus, de tabac et de vanille.","og_url":"https:\/\/www.ivinio.com\/fr\/produit\/vinchio-vaglio-i-tre-viscovi-rouge\/","og_site_name":"IVINIO Caviste","article_publisher":"https:\/\/www.facebook.com\/groups\/165217837022391\/?ref=bookmarks","article_modified_time":"2023-04-15T16:37:09+00:00","og_image":[{"width":500,"height":500,"url":"https:\/\/www.ivinio.com\/wp-content\/uploads\/2023\/03\/Vinchio-vaglio-i-tre-vescovi-IVINIO.jpg","type":"image\/jpeg"}],"twitter_card":"summary_large_image","twitter_misc":{"Dur\u00e9e de lecture estim\u00e9e":"1 minute"},"schema":{"@context":"https:\/\/schema.org","@graph":[{"@type":"WebPage","@id":"https:\/\/www.ivinio.com\/fr\/produit\/vinchio-vaglio-i-tre-viscovi-rouge\/","url":"https:\/\/www.ivinio.com\/fr\/produit\/vinchio-vaglio-i-tre-viscovi-rouge\/","name":"Vinchio Vaglio - I tre viscovi - Barbera d'Asti Superiore - Rouge- IVINIO Caviste","isPartOf":{"@id":"https:\/\/www.ivinio.com\/fr\/#website"},"primaryImageOfPage":{"@id":"https:\/\/www.ivinio.com\/fr\/produit\/vinchio-vaglio-i-tre-viscovi-rouge\/#primaryimage"},"image":{"@id":"https:\/\/www.ivinio.com\/fr\/produit\/vinchio-vaglio-i-tre-viscovi-rouge\/#primaryimage"},"thumbnailUrl":"https:\/\/www.ivinio.com\/wp-content\/uploads\/2023\/03\/Vinchio-vaglio-i-tre-vescovi-IVINIO.jpg","datePublished":"2023-04-15T16:27:50+00:00","dateModified":"2023-04-15T16:37:09+00:00","description":"Vinchio Vaglio - I tre viscovi - Barbera d'Asti Superiore - Rouge. Un vin rouge complexe aux ar\u00f4mes de clou de girofle, de poivre, d'eucalyptus, de tabac et de vanille.","breadcrumb":{"@id":"https:\/\/www.ivinio.com\/fr\/produit\/vinchio-vaglio-i-tre-viscovi-rouge\/#breadcrumb"},"inLanguage":"fr-FR","potentialAction":[{"@type":"ReadAction","target":["https:\/\/www.ivinio.com\/fr\/produit\/vinchio-vaglio-i-tre-viscovi-rouge\/"]}]},{"@type":"ImageObject","inLanguage":"fr-FR","@id":"https:\/\/www.ivinio.com\/fr\/produit\/vinchio-vaglio-i-tre-viscovi-rouge\/#primaryimage","url":"https:\/\/www.ivinio.com\/wp-content\/uploads\/2023\/03\/Vinchio-vaglio-i-tre-vescovi-IVINIO.jpg","contentUrl":"https:\/\/www.ivinio.com\/wp-content\/uploads\/2023\/03\/Vinchio-vaglio-i-tre-vescovi-IVINIO.jpg","width":500,"height":500,"caption":"Vinchio vaglio - I tre viscovi"},{"@type":"BreadcrumbList","@id":"https:\/\/www.ivinio.com\/fr\/produit\/vinchio-vaglio-i-tre-viscovi-rouge\/#breadcrumb","itemListElement":[{"@type":"ListItem","position":1,"name":"Home","item":"https:\/\/www.ivinio.com\/fr\/"},{"@type":"ListItem","position":2,"name":"Boutique de vin","item":"https:\/\/www.ivinio.com\/fr\/boutique-de-vin\/"},{"@type":"ListItem","position":3,"name":"Vinchio Vaglio &#8211; I tre viscovi &#8211; Barbera d&#8217;Asti Superiore &#8211; Rouge"}]},{"@type":"WebSite","@id":"https:\/\/www.ivinio.com\/fr\/#website","url":"https:\/\/www.ivinio.com\/fr\/","name":"IVINIO Caviste","description":"Vins de France et d&#039;Italie avec livraison \u00e0 domicile","publisher":{"@id":"https:\/\/www.ivinio.com\/fr\/#organization"},"potentialAction":[{"@type":"SearchAction","target":{"@type":"EntryPoint","urlTemplate":"https:\/\/www.ivinio.com\/fr\/?s={search_term_string}"},"query-input":{"@type":"PropertyValueSpecification","valueRequired":true,"valueName":"search_term_string"}}],"inLanguage":"fr-FR"},{"@type":"Organization","@id":"https:\/\/www.ivinio.com\/fr\/#organization","name":"IVINIO","url":"https:\/\/www.ivinio.com\/fr\/","logo":{"@type":"ImageObject","inLanguage":"fr-FR","@id":"https:\/\/www.ivinio.com\/fr\/#\/schema\/logo\/image\/","url":"https:\/\/www.ivinio.com\/wp-content\/uploads\/2021\/01\/Logo-Ivinio-v2.jpg","contentUrl":"https:\/\/www.ivinio.com\/wp-content\/uploads\/2021\/01\/Logo-Ivinio-v2.jpg","width":1194,"height":1194,"caption":"IVINIO"},"image":{"@id":"https:\/\/www.ivinio.com\/fr\/#\/schema\/logo\/image\/"},"sameAs":["https:\/\/www.facebook.com\/groups\/165217837022391\/?ref=bookmarks","https:\/\/www.instagram.com\/_ivinio_\/?hl=fr"]}]}},"jetpack_sharing_enabled":true,"_links":{"self":[{"href":"https:\/\/www.ivinio.com\/fr\/wp-json\/wp\/v2\/product\/132807","targetHints":{"allow":["GET"]}}],"collection":[{"href":"https:\/\/www.ivinio.com\/fr\/wp-json\/wp\/v2\/product"}],"about":[{"href":"https:\/\/www.ivinio.com\/fr\/wp-json\/wp\/v2\/types\/product"}],"replies":[{"embeddable":true,"href":"https:\/\/www.ivinio.com\/fr\/wp-json\/wp\/v2\/comments?post=132807"}],"wp:featuredmedia":[{"embeddable":true,"href":"https:\/\/www.ivinio.com\/fr\/wp-json\/wp\/v2\/media\/132608"}],"wp:attachment":[{"href":"https:\/\/www.ivinio.com\/fr\/wp-json\/wp\/v2\/media?parent=132807"}],"wp:term":[{"taxonomy":"product_brand","embeddable":true,"href":"https:\/\/www.ivinio.com\/fr\/wp-json\/wp\/v2\/product_brand?post=132807"},{"taxonomy":"product_cat","embeddable":true,"href":"https:\/\/www.ivinio.com\/fr\/wp-json\/wp\/v2\/product_cat?post=132807"},{"taxonomy":"product_tag","embeddable":true,"href":"https:\/\/www.ivinio.com\/fr\/wp-json\/wp\/v2\/product_tag?post=132807"}],"curies":[{"name":"wp","href":"https:\/\/api.w.org\/{rel}","templated":true}]}}