{"id":132794,"date":"2023-03-28T15:13:08","date_gmt":"2023-04-15T15:05:57","guid":{"rendered":"https:\/\/www.ivinio.com\/product\/azienda-agricola-taliano-michele-ad-altiora-barbaresco\/"},"modified":"2023-04-15T17:10:17","modified_gmt":"2023-04-15T15:10:17","slug":"azienda-agricola-taliano-michele-ad-altiora-barbaresco","status":"publish","type":"product","link":"https:\/\/www.ivinio.com\/fr\/produit\/azienda-agricola-taliano-michele-ad-altiora-barbaresco\/","title":{"rendered":"Azienda agricola Taliano Michele &#8211; Ad Altiora &#8211; Barbaresco"},"content":{"rendered":"<p>Azienda agricola Taliano Michele &#8211; Ad Altiora &#8211; Barbaresco est compos\u00e9 de 100% Nebbiolo, cultiv\u00e9s dans la r\u00e9gion de Montersino (San Rocco d&#8217;Elvio). Les raisins sont vendang\u00e9s \u00e0 la mi-octobre. La fermentation alcoolique et la mac\u00e9ration des raisins avec leurs peaux ont lieu dans des cuves en acier inoxydable. Le vin est ensuite transmis dans des f\u00fbts de ch\u00eane o\u00f9 il est \u00e9lev\u00e9 pendant environ 24 mois. Dans cette phase d&#8217;affinage, se produisent la fermentation malolactique et d&#8217;importantes r\u00e9actions de condensation entre les anthocyanes et les tanins. Barbaresco<\/p>\n","protected":false},"excerpt":{"rendered":"<p>Azienda agricola Taliano Michele &#8211; Ad Altiora &#8211; Barbaresco est un vin rouge cors\u00e9 aux notes complexes de fruits, d&#8217;\u00e9pices et de r\u00e9glisse.<\/p>\n","protected":false},"featured_media":132593,"comment_status":"open","ping_status":"closed","template":"","meta":{"_monsterinsights_skip_tracking":false,"_monsterinsights_sitenote_active":false,"_monsterinsights_sitenote_note":"","_monsterinsights_sitenote_category":0,"_uf_show_specific_survey":0,"_uf_disable_surveys":false},"product_brand":[],"product_cat":[36600,36591],"product_tag":[],"class_list":{"0":"post-132794","1":"product","2":"type-product","3":"status-publish","4":"has-post-thumbnail","6":"product_cat-sv-piemonte","7":"product_cat-italienska-viner","8":"pa_alcohol-degree-14-sv","9":"pa_classification-docg-barbaresco-sv","10":"pa_color-rod-sv","11":"pa_country-italien-sv","12":"pa_grape-variety-nebbiolo-sv","13":"pa_package-1x1-sv","14":"pa_package-1x6-sv","15":"pa_region-piemonte-sv","16":"pa_storage-potential-mer-an-10-ar-sv","17":"pa_vintage-2018-sv","18":"pa_volume-75-cl-sv","20":"first","21":"instock","22":"taxable","23":"shipping-taxable","24":"purchasable","25":"product-type-simple"},"bundled_by":[],"bundle_stock_status":"instock","bundle_stock_quantity":null,"bundle_virtual":false,"bundle_layout":"","bundle_add_to_cart_form_location":"","bundle_editable_in_cart":false,"bundle_sold_individually_context":"","bundle_item_grouping":"","bundle_min_size":"","bundle_max_size":"","bundle_price":[],"bundled_items":[],"bundle_sell_ids":[],"yoast_head":"<!-- This site is optimized with the Yoast SEO plugin v27.5 - https:\/\/yoast.com\/product\/yoast-seo-wordpress\/ -->\n<title>Azienda agricola Taliano Michele - Ad Altiora - Barbaresco- IVINIO Caviste<\/title>\n<meta name=\"description\" content=\"Azienda agricola Taliano Michele - Ad Altiora - Barbaresco est un vin rouge cors\u00e9 aux notes complexes de fruits, d&#039;\u00e9pices et de r\u00e9glisse.\" \/>\n<meta name=\"robots\" content=\"index, follow, max-snippet:-1, max-image-preview:large, max-video-preview:-1\" \/>\n<link rel=\"canonical\" href=\"https:\/\/www.ivinio.com\/fr\/produit\/azienda-agricola-taliano-michele-ad-altiora-barbaresco\/\" \/>\n<meta property=\"og:locale\" content=\"fr_FR\" \/>\n<meta property=\"og:type\" content=\"article\" \/>\n<meta property=\"og:title\" content=\"Azienda agricola Taliano Michele - Ad Altiora - Barbaresco- IVINIO Caviste\" \/>\n<meta property=\"og:description\" content=\"Azienda agricola Taliano Michele - Ad Altiora - Barbaresco est un vin rouge cors\u00e9 aux notes complexes de fruits, d&#039;\u00e9pices et de r\u00e9glisse.\" \/>\n<meta property=\"og:url\" content=\"https:\/\/www.ivinio.com\/fr\/produit\/azienda-agricola-taliano-michele-ad-altiora-barbaresco\/\" \/>\n<meta property=\"og:site_name\" content=\"IVINIO Caviste\" \/>\n<meta property=\"article:publisher\" content=\"https:\/\/www.facebook.com\/groups\/165217837022391\/?ref=bookmarks\" \/>\n<meta property=\"article:modified_time\" content=\"2023-04-15T15:10:17+00:00\" \/>\n<meta property=\"og:image\" content=\"https:\/\/www.ivinio.com\/wp-content\/uploads\/2023\/03\/Taliano-Michele-Barabresco-ad-altiora-IVINIO.jpg\" \/>\n\t<meta property=\"og:image:width\" content=\"500\" \/>\n\t<meta property=\"og:image:height\" content=\"500\" \/>\n\t<meta property=\"og:image:type\" content=\"image\/jpeg\" \/>\n<meta name=\"twitter:card\" content=\"summary_large_image\" \/>\n<script type=\"application\/ld+json\" class=\"yoast-schema-graph\">{\"@context\":\"https:\\\/\\\/schema.org\",\"@graph\":[{\"@type\":\"WebPage\",\"@id\":\"https:\\\/\\\/www.ivinio.com\\\/fr\\\/produit\\\/azienda-agricola-taliano-michele-ad-altiora-barbaresco\\\/\",\"url\":\"https:\\\/\\\/www.ivinio.com\\\/fr\\\/produit\\\/azienda-agricola-taliano-michele-ad-altiora-barbaresco\\\/\",\"name\":\"Azienda agricola Taliano Michele - Ad Altiora - Barbaresco- IVINIO Caviste\",\"isPartOf\":{\"@id\":\"https:\\\/\\\/www.ivinio.com\\\/fr\\\/#website\"},\"primaryImageOfPage\":{\"@id\":\"https:\\\/\\\/www.ivinio.com\\\/fr\\\/produit\\\/azienda-agricola-taliano-michele-ad-altiora-barbaresco\\\/#primaryimage\"},\"image\":{\"@id\":\"https:\\\/\\\/www.ivinio.com\\\/fr\\\/produit\\\/azienda-agricola-taliano-michele-ad-altiora-barbaresco\\\/#primaryimage\"},\"thumbnailUrl\":\"https:\\\/\\\/www.ivinio.com\\\/wp-content\\\/uploads\\\/2023\\\/03\\\/Taliano-Michele-Barabresco-ad-altiora-IVINIO.jpg\",\"datePublished\":\"2023-04-15T15:05:57+00:00\",\"dateModified\":\"2023-04-15T15:10:17+00:00\",\"description\":\"Azienda agricola Taliano Michele - Ad Altiora - Barbaresco est un vin rouge cors\u00e9 aux notes complexes de fruits, d'\u00e9pices et de r\u00e9glisse.\",\"breadcrumb\":{\"@id\":\"https:\\\/\\\/www.ivinio.com\\\/fr\\\/produit\\\/azienda-agricola-taliano-michele-ad-altiora-barbaresco\\\/#breadcrumb\"},\"inLanguage\":\"fr-FR\",\"potentialAction\":[{\"@type\":\"ReadAction\",\"target\":[\"https:\\\/\\\/www.ivinio.com\\\/fr\\\/produit\\\/azienda-agricola-taliano-michele-ad-altiora-barbaresco\\\/\"]}]},{\"@type\":\"ImageObject\",\"inLanguage\":\"fr-FR\",\"@id\":\"https:\\\/\\\/www.ivinio.com\\\/fr\\\/produit\\\/azienda-agricola-taliano-michele-ad-altiora-barbaresco\\\/#primaryimage\",\"url\":\"https:\\\/\\\/www.ivinio.com\\\/wp-content\\\/uploads\\\/2023\\\/03\\\/Taliano-Michele-Barabresco-ad-altiora-IVINIO.jpg\",\"contentUrl\":\"https:\\\/\\\/www.ivinio.com\\\/wp-content\\\/uploads\\\/2023\\\/03\\\/Taliano-Michele-Barabresco-ad-altiora-IVINIO.jpg\",\"width\":500,\"height\":500},{\"@type\":\"BreadcrumbList\",\"@id\":\"https:\\\/\\\/www.ivinio.com\\\/fr\\\/produit\\\/azienda-agricola-taliano-michele-ad-altiora-barbaresco\\\/#breadcrumb\",\"itemListElement\":[{\"@type\":\"ListItem\",\"position\":1,\"name\":\"Home\",\"item\":\"https:\\\/\\\/www.ivinio.com\\\/fr\\\/\"},{\"@type\":\"ListItem\",\"position\":2,\"name\":\"Boutique de vin\",\"item\":\"https:\\\/\\\/www.ivinio.com\\\/fr\\\/boutique-de-vin\\\/\"},{\"@type\":\"ListItem\",\"position\":3,\"name\":\"Azienda agricola Taliano Michele &#8211; Ad Altiora &#8211; Barbaresco\"}]},{\"@type\":\"WebSite\",\"@id\":\"https:\\\/\\\/www.ivinio.com\\\/fr\\\/#website\",\"url\":\"https:\\\/\\\/www.ivinio.com\\\/fr\\\/\",\"name\":\"IVINIO Caviste\",\"description\":\"Vins de France et d&#039;Italie avec livraison \u00e0 domicile\",\"publisher\":{\"@id\":\"https:\\\/\\\/www.ivinio.com\\\/fr\\\/#organization\"},\"potentialAction\":[{\"@type\":\"SearchAction\",\"target\":{\"@type\":\"EntryPoint\",\"urlTemplate\":\"https:\\\/\\\/www.ivinio.com\\\/fr\\\/?s={search_term_string}\"},\"query-input\":{\"@type\":\"PropertyValueSpecification\",\"valueRequired\":true,\"valueName\":\"search_term_string\"}}],\"inLanguage\":\"fr-FR\"},{\"@type\":\"Organization\",\"@id\":\"https:\\\/\\\/www.ivinio.com\\\/fr\\\/#organization\",\"name\":\"IVINIO\",\"url\":\"https:\\\/\\\/www.ivinio.com\\\/fr\\\/\",\"logo\":{\"@type\":\"ImageObject\",\"inLanguage\":\"fr-FR\",\"@id\":\"https:\\\/\\\/www.ivinio.com\\\/fr\\\/#\\\/schema\\\/logo\\\/image\\\/\",\"url\":\"https:\\\/\\\/www.ivinio.com\\\/wp-content\\\/uploads\\\/2021\\\/01\\\/Logo-Ivinio-v2.jpg\",\"contentUrl\":\"https:\\\/\\\/www.ivinio.com\\\/wp-content\\\/uploads\\\/2021\\\/01\\\/Logo-Ivinio-v2.jpg\",\"width\":1194,\"height\":1194,\"caption\":\"IVINIO\"},\"image\":{\"@id\":\"https:\\\/\\\/www.ivinio.com\\\/fr\\\/#\\\/schema\\\/logo\\\/image\\\/\"},\"sameAs\":[\"https:\\\/\\\/www.facebook.com\\\/groups\\\/165217837022391\\\/?ref=bookmarks\",\"https:\\\/\\\/www.instagram.com\\\/_ivinio_\\\/?hl=fr\"]}]}<\/script>\n<!-- \/ Yoast SEO plugin. -->","yoast_head_json":{"title":"Azienda agricola Taliano Michele - Ad Altiora - Barbaresco- IVINIO Caviste","description":"Azienda agricola Taliano Michele - Ad Altiora - Barbaresco est un vin rouge cors\u00e9 aux notes complexes de fruits, d'\u00e9pices et de r\u00e9glisse.","robots":{"index":"index","follow":"follow","max-snippet":"max-snippet:-1","max-image-preview":"max-image-preview:large","max-video-preview":"max-video-preview:-1"},"canonical":"https:\/\/www.ivinio.com\/fr\/produit\/azienda-agricola-taliano-michele-ad-altiora-barbaresco\/","og_locale":"fr_FR","og_type":"article","og_title":"Azienda agricola Taliano Michele - Ad Altiora - Barbaresco- IVINIO Caviste","og_description":"Azienda agricola Taliano Michele - Ad Altiora - Barbaresco est un vin rouge cors\u00e9 aux notes complexes de fruits, d'\u00e9pices et de r\u00e9glisse.","og_url":"https:\/\/www.ivinio.com\/fr\/produit\/azienda-agricola-taliano-michele-ad-altiora-barbaresco\/","og_site_name":"IVINIO Caviste","article_publisher":"https:\/\/www.facebook.com\/groups\/165217837022391\/?ref=bookmarks","article_modified_time":"2023-04-15T15:10:17+00:00","og_image":[{"width":500,"height":500,"url":"https:\/\/www.ivinio.com\/wp-content\/uploads\/2023\/03\/Taliano-Michele-Barabresco-ad-altiora-IVINIO.jpg","type":"image\/jpeg"}],"twitter_card":"summary_large_image","schema":{"@context":"https:\/\/schema.org","@graph":[{"@type":"WebPage","@id":"https:\/\/www.ivinio.com\/fr\/produit\/azienda-agricola-taliano-michele-ad-altiora-barbaresco\/","url":"https:\/\/www.ivinio.com\/fr\/produit\/azienda-agricola-taliano-michele-ad-altiora-barbaresco\/","name":"Azienda agricola Taliano Michele - Ad Altiora - Barbaresco- IVINIO Caviste","isPartOf":{"@id":"https:\/\/www.ivinio.com\/fr\/#website"},"primaryImageOfPage":{"@id":"https:\/\/www.ivinio.com\/fr\/produit\/azienda-agricola-taliano-michele-ad-altiora-barbaresco\/#primaryimage"},"image":{"@id":"https:\/\/www.ivinio.com\/fr\/produit\/azienda-agricola-taliano-michele-ad-altiora-barbaresco\/#primaryimage"},"thumbnailUrl":"https:\/\/www.ivinio.com\/wp-content\/uploads\/2023\/03\/Taliano-Michele-Barabresco-ad-altiora-IVINIO.jpg","datePublished":"2023-04-15T15:05:57+00:00","dateModified":"2023-04-15T15:10:17+00:00","description":"Azienda agricola Taliano Michele - Ad Altiora - Barbaresco est un vin rouge cors\u00e9 aux notes complexes de fruits, d'\u00e9pices et de r\u00e9glisse.","breadcrumb":{"@id":"https:\/\/www.ivinio.com\/fr\/produit\/azienda-agricola-taliano-michele-ad-altiora-barbaresco\/#breadcrumb"},"inLanguage":"fr-FR","potentialAction":[{"@type":"ReadAction","target":["https:\/\/www.ivinio.com\/fr\/produit\/azienda-agricola-taliano-michele-ad-altiora-barbaresco\/"]}]},{"@type":"ImageObject","inLanguage":"fr-FR","@id":"https:\/\/www.ivinio.com\/fr\/produit\/azienda-agricola-taliano-michele-ad-altiora-barbaresco\/#primaryimage","url":"https:\/\/www.ivinio.com\/wp-content\/uploads\/2023\/03\/Taliano-Michele-Barabresco-ad-altiora-IVINIO.jpg","contentUrl":"https:\/\/www.ivinio.com\/wp-content\/uploads\/2023\/03\/Taliano-Michele-Barabresco-ad-altiora-IVINIO.jpg","width":500,"height":500},{"@type":"BreadcrumbList","@id":"https:\/\/www.ivinio.com\/fr\/produit\/azienda-agricola-taliano-michele-ad-altiora-barbaresco\/#breadcrumb","itemListElement":[{"@type":"ListItem","position":1,"name":"Home","item":"https:\/\/www.ivinio.com\/fr\/"},{"@type":"ListItem","position":2,"name":"Boutique de vin","item":"https:\/\/www.ivinio.com\/fr\/boutique-de-vin\/"},{"@type":"ListItem","position":3,"name":"Azienda agricola Taliano Michele &#8211; Ad Altiora &#8211; Barbaresco"}]},{"@type":"WebSite","@id":"https:\/\/www.ivinio.com\/fr\/#website","url":"https:\/\/www.ivinio.com\/fr\/","name":"IVINIO Caviste","description":"Vins de France et d&#039;Italie avec livraison \u00e0 domicile","publisher":{"@id":"https:\/\/www.ivinio.com\/fr\/#organization"},"potentialAction":[{"@type":"SearchAction","target":{"@type":"EntryPoint","urlTemplate":"https:\/\/www.ivinio.com\/fr\/?s={search_term_string}"},"query-input":{"@type":"PropertyValueSpecification","valueRequired":true,"valueName":"search_term_string"}}],"inLanguage":"fr-FR"},{"@type":"Organization","@id":"https:\/\/www.ivinio.com\/fr\/#organization","name":"IVINIO","url":"https:\/\/www.ivinio.com\/fr\/","logo":{"@type":"ImageObject","inLanguage":"fr-FR","@id":"https:\/\/www.ivinio.com\/fr\/#\/schema\/logo\/image\/","url":"https:\/\/www.ivinio.com\/wp-content\/uploads\/2021\/01\/Logo-Ivinio-v2.jpg","contentUrl":"https:\/\/www.ivinio.com\/wp-content\/uploads\/2021\/01\/Logo-Ivinio-v2.jpg","width":1194,"height":1194,"caption":"IVINIO"},"image":{"@id":"https:\/\/www.ivinio.com\/fr\/#\/schema\/logo\/image\/"},"sameAs":["https:\/\/www.facebook.com\/groups\/165217837022391\/?ref=bookmarks","https:\/\/www.instagram.com\/_ivinio_\/?hl=fr"]}]}},"jetpack_sharing_enabled":true,"_links":{"self":[{"href":"https:\/\/www.ivinio.com\/fr\/wp-json\/wp\/v2\/product\/132794","targetHints":{"allow":["GET"]}}],"collection":[{"href":"https:\/\/www.ivinio.com\/fr\/wp-json\/wp\/v2\/product"}],"about":[{"href":"https:\/\/www.ivinio.com\/fr\/wp-json\/wp\/v2\/types\/product"}],"replies":[{"embeddable":true,"href":"https:\/\/www.ivinio.com\/fr\/wp-json\/wp\/v2\/comments?post=132794"}],"wp:featuredmedia":[{"embeddable":true,"href":"https:\/\/www.ivinio.com\/fr\/wp-json\/wp\/v2\/media\/132593"}],"wp:attachment":[{"href":"https:\/\/www.ivinio.com\/fr\/wp-json\/wp\/v2\/media?parent=132794"}],"wp:term":[{"taxonomy":"product_brand","embeddable":true,"href":"https:\/\/www.ivinio.com\/fr\/wp-json\/wp\/v2\/product_brand?post=132794"},{"taxonomy":"product_cat","embeddable":true,"href":"https:\/\/www.ivinio.com\/fr\/wp-json\/wp\/v2\/product_cat?post=132794"},{"taxonomy":"product_tag","embeddable":true,"href":"https:\/\/www.ivinio.com\/fr\/wp-json\/wp\/v2\/product_tag?post=132794"}],"curies":[{"name":"wp","href":"https:\/\/api.w.org\/{rel}","templated":true}]}}