{"id":132789,"date":"2023-03-28T15:05:21","date_gmt":"2023-04-15T09:59:05","guid":{"rendered":"https:\/\/www.ivinio.com\/product\/azienda-agricola-taliano-michele-tera-mia-barbaresco-riserva\/"},"modified":"2023-04-15T12:18:05","modified_gmt":"2023-04-15T10:18:05","slug":"azienda-agricola-taliano-michele-tera-mia-barbaresco-riserva","status":"publish","type":"product","link":"https:\/\/www.ivinio.com\/fr\/produit\/azienda-agricola-taliano-michele-tera-mia-barbaresco-riserva\/","title":{"rendered":"Azienda agricola Taliano Michele &#8211; Tera mia &#8211; Barbaresco Riserva"},"content":{"rendered":"<p>Azienda agricola Taliano Michele &#8211; Tera mia &#8211; Barbaresco Riserva est compos\u00e9 de 100% Nebbiolo cultiv\u00e9s dans la r\u00e9gion de Montersino (San Rocco d&#8217;Elvio). Les raisins sont vendang\u00e9s \u00e0 la mi-octobre. Le vin est ensuite \u00e9labor\u00e9 selon la m\u00e9thode classique avec mac\u00e9ration puis est \u00e9lev\u00e9 pendant 4 ans en f\u00fbts de ch\u00eane, soit 2 ans de plus que pour un Barbaresco traditionnel.<\/p>\n","protected":false},"excerpt":{"rendered":"<p>Barabresco Riserva avec 4 ans d&#8217;\u00e9levage en f\u00fbt de ch\u00eane. Vin rouge cors\u00e9, notes \u00e9pic\u00e9es d&#8217;herbes, ar\u00f4mes de tabac et de r\u00e9glisse et de goudron.<\/p>\n","protected":false},"featured_media":132587,"comment_status":"open","ping_status":"closed","template":"","meta":{"_monsterinsights_skip_tracking":false,"_monsterinsights_sitenote_active":false,"_monsterinsights_sitenote_note":"","_monsterinsights_sitenote_category":0,"_uf_show_specific_survey":0,"_uf_disable_surveys":false},"product_brand":[],"product_cat":[36598,36589],"product_tag":[],"class_list":{"0":"post-132789","1":"product","2":"type-product","3":"status-publish","4":"has-post-thumbnail","6":"product_cat-fr-piemont","7":"product_cat-vins-italiens","8":"pa_alcohol-degree-14-fr","9":"pa_classification-docg-barbaresco-fr","10":"pa_color-rouge-fr","11":"pa_country-italie-fr","12":"pa_grape-variety-nebbiolo","13":"pa_package-1x1-fr","14":"pa_package-1x6-fr","15":"pa_region-piemont-fr","16":"pa_storage-potential-plus-de-10-ans-fr","17":"pa_vintage-2018-fr","18":"pa_volume-75-cl-fr","20":"first","21":"instock","22":"taxable","23":"shipping-taxable","24":"purchasable","25":"product-type-variable"},"bundled_by":[],"bundle_stock_status":"instock","bundle_stock_quantity":null,"bundle_virtual":false,"bundle_layout":"","bundle_add_to_cart_form_location":"","bundle_editable_in_cart":false,"bundle_sold_individually_context":"","bundle_item_grouping":"","bundle_min_size":"","bundle_max_size":"","bundle_price":[],"bundled_items":[],"bundle_sell_ids":[],"yoast_head":"<!-- This site is optimized with the Yoast SEO plugin v27.5 - https:\/\/yoast.com\/product\/yoast-seo-wordpress\/ -->\n<title>Azienda agricola Taliano Michele - Tera mia - Barbaresco Riserva - IVINIO Caviste<\/title>\n<meta name=\"description\" content=\"Azienda agricola Taliano Michele - Tera mia - Barbaresco Riserva est un vin rouge cors\u00e9 avec des notes \u00e9pic\u00e9es d&#039;herbes, de tabac et de r\u00e9glisse et de goudron.\" \/>\n<meta name=\"robots\" content=\"index, follow, max-snippet:-1, max-image-preview:large, max-video-preview:-1\" \/>\n<link rel=\"canonical\" href=\"https:\/\/www.ivinio.com\/fr\/produit\/azienda-agricola-taliano-michele-tera-mia-barbaresco-riserva\/\" \/>\n<meta property=\"og:locale\" content=\"fr_FR\" \/>\n<meta property=\"og:type\" content=\"article\" \/>\n<meta property=\"og:title\" content=\"Azienda agricola Taliano Michele - Tera mia - Barbaresco Riserva - IVINIO Caviste\" \/>\n<meta property=\"og:description\" content=\"Azienda agricola Taliano Michele - Tera mia - Barbaresco Riserva est un vin rouge cors\u00e9 avec des notes \u00e9pic\u00e9es d&#039;herbes, de tabac et de r\u00e9glisse et de goudron.\" \/>\n<meta property=\"og:url\" content=\"https:\/\/www.ivinio.com\/fr\/produit\/azienda-agricola-taliano-michele-tera-mia-barbaresco-riserva\/\" \/>\n<meta property=\"og:site_name\" content=\"IVINIO Caviste\" \/>\n<meta property=\"article:publisher\" content=\"https:\/\/www.facebook.com\/groups\/165217837022391\/?ref=bookmarks\" \/>\n<meta property=\"article:modified_time\" content=\"2023-04-15T10:18:05+00:00\" \/>\n<meta property=\"og:image\" content=\"https:\/\/www.ivinio.com\/wp-content\/uploads\/2023\/03\/Taliano-Michele-Barabresco-Tera-mia-IVINIO.jpg\" \/>\n\t<meta property=\"og:image:width\" content=\"500\" \/>\n\t<meta property=\"og:image:height\" content=\"500\" \/>\n\t<meta property=\"og:image:type\" content=\"image\/jpeg\" \/>\n<meta name=\"twitter:card\" content=\"summary_large_image\" \/>\n<script type=\"application\/ld+json\" class=\"yoast-schema-graph\">{\"@context\":\"https:\\\/\\\/schema.org\",\"@graph\":[{\"@type\":\"WebPage\",\"@id\":\"https:\\\/\\\/www.ivinio.com\\\/fr\\\/produit\\\/azienda-agricola-taliano-michele-tera-mia-barbaresco-riserva\\\/\",\"url\":\"https:\\\/\\\/www.ivinio.com\\\/fr\\\/produit\\\/azienda-agricola-taliano-michele-tera-mia-barbaresco-riserva\\\/\",\"name\":\"Azienda agricola Taliano Michele - Tera mia - Barbaresco Riserva - IVINIO Caviste\",\"isPartOf\":{\"@id\":\"https:\\\/\\\/www.ivinio.com\\\/fr\\\/#website\"},\"primaryImageOfPage\":{\"@id\":\"https:\\\/\\\/www.ivinio.com\\\/fr\\\/produit\\\/azienda-agricola-taliano-michele-tera-mia-barbaresco-riserva\\\/#primaryimage\"},\"image\":{\"@id\":\"https:\\\/\\\/www.ivinio.com\\\/fr\\\/produit\\\/azienda-agricola-taliano-michele-tera-mia-barbaresco-riserva\\\/#primaryimage\"},\"thumbnailUrl\":\"https:\\\/\\\/www.ivinio.com\\\/wp-content\\\/uploads\\\/2023\\\/03\\\/Taliano-Michele-Barabresco-Tera-mia-IVINIO.jpg\",\"datePublished\":\"2023-04-15T09:59:05+00:00\",\"dateModified\":\"2023-04-15T10:18:05+00:00\",\"description\":\"Azienda agricola Taliano Michele - Tera mia - Barbaresco Riserva est un vin rouge cors\u00e9 avec des notes \u00e9pic\u00e9es d'herbes, de tabac et de r\u00e9glisse et de goudron.\",\"breadcrumb\":{\"@id\":\"https:\\\/\\\/www.ivinio.com\\\/fr\\\/produit\\\/azienda-agricola-taliano-michele-tera-mia-barbaresco-riserva\\\/#breadcrumb\"},\"inLanguage\":\"fr-FR\",\"potentialAction\":[{\"@type\":\"ReadAction\",\"target\":[\"https:\\\/\\\/www.ivinio.com\\\/fr\\\/produit\\\/azienda-agricola-taliano-michele-tera-mia-barbaresco-riserva\\\/\"]}]},{\"@type\":\"ImageObject\",\"inLanguage\":\"fr-FR\",\"@id\":\"https:\\\/\\\/www.ivinio.com\\\/fr\\\/produit\\\/azienda-agricola-taliano-michele-tera-mia-barbaresco-riserva\\\/#primaryimage\",\"url\":\"https:\\\/\\\/www.ivinio.com\\\/wp-content\\\/uploads\\\/2023\\\/03\\\/Taliano-Michele-Barabresco-Tera-mia-IVINIO.jpg\",\"contentUrl\":\"https:\\\/\\\/www.ivinio.com\\\/wp-content\\\/uploads\\\/2023\\\/03\\\/Taliano-Michele-Barabresco-Tera-mia-IVINIO.jpg\",\"width\":500,\"height\":500},{\"@type\":\"BreadcrumbList\",\"@id\":\"https:\\\/\\\/www.ivinio.com\\\/fr\\\/produit\\\/azienda-agricola-taliano-michele-tera-mia-barbaresco-riserva\\\/#breadcrumb\",\"itemListElement\":[{\"@type\":\"ListItem\",\"position\":1,\"name\":\"Home\",\"item\":\"https:\\\/\\\/www.ivinio.com\\\/fr\\\/\"},{\"@type\":\"ListItem\",\"position\":2,\"name\":\"Boutique de vin\",\"item\":\"https:\\\/\\\/www.ivinio.com\\\/fr\\\/boutique-de-vin\\\/\"},{\"@type\":\"ListItem\",\"position\":3,\"name\":\"Azienda agricola Taliano Michele &#8211; Tera mia &#8211; Barbaresco Riserva\"}]},{\"@type\":\"WebSite\",\"@id\":\"https:\\\/\\\/www.ivinio.com\\\/fr\\\/#website\",\"url\":\"https:\\\/\\\/www.ivinio.com\\\/fr\\\/\",\"name\":\"IVINIO Caviste\",\"description\":\"Vins de France et d&#039;Italie avec livraison \u00e0 domicile\",\"publisher\":{\"@id\":\"https:\\\/\\\/www.ivinio.com\\\/fr\\\/#organization\"},\"potentialAction\":[{\"@type\":\"SearchAction\",\"target\":{\"@type\":\"EntryPoint\",\"urlTemplate\":\"https:\\\/\\\/www.ivinio.com\\\/fr\\\/?s={search_term_string}\"},\"query-input\":{\"@type\":\"PropertyValueSpecification\",\"valueRequired\":true,\"valueName\":\"search_term_string\"}}],\"inLanguage\":\"fr-FR\"},{\"@type\":\"Organization\",\"@id\":\"https:\\\/\\\/www.ivinio.com\\\/fr\\\/#organization\",\"name\":\"IVINIO\",\"url\":\"https:\\\/\\\/www.ivinio.com\\\/fr\\\/\",\"logo\":{\"@type\":\"ImageObject\",\"inLanguage\":\"fr-FR\",\"@id\":\"https:\\\/\\\/www.ivinio.com\\\/fr\\\/#\\\/schema\\\/logo\\\/image\\\/\",\"url\":\"https:\\\/\\\/www.ivinio.com\\\/wp-content\\\/uploads\\\/2021\\\/01\\\/Logo-Ivinio-v2.jpg\",\"contentUrl\":\"https:\\\/\\\/www.ivinio.com\\\/wp-content\\\/uploads\\\/2021\\\/01\\\/Logo-Ivinio-v2.jpg\",\"width\":1194,\"height\":1194,\"caption\":\"IVINIO\"},\"image\":{\"@id\":\"https:\\\/\\\/www.ivinio.com\\\/fr\\\/#\\\/schema\\\/logo\\\/image\\\/\"},\"sameAs\":[\"https:\\\/\\\/www.facebook.com\\\/groups\\\/165217837022391\\\/?ref=bookmarks\",\"https:\\\/\\\/www.instagram.com\\\/_ivinio_\\\/?hl=fr\"]}]}<\/script>\n<!-- \/ Yoast SEO plugin. -->","yoast_head_json":{"title":"Azienda agricola Taliano Michele - Tera mia - Barbaresco Riserva - IVINIO Caviste","description":"Azienda agricola Taliano Michele - Tera mia - Barbaresco Riserva est un vin rouge cors\u00e9 avec des notes \u00e9pic\u00e9es d'herbes, de tabac et de r\u00e9glisse et de goudron.","robots":{"index":"index","follow":"follow","max-snippet":"max-snippet:-1","max-image-preview":"max-image-preview:large","max-video-preview":"max-video-preview:-1"},"canonical":"https:\/\/www.ivinio.com\/fr\/produit\/azienda-agricola-taliano-michele-tera-mia-barbaresco-riserva\/","og_locale":"fr_FR","og_type":"article","og_title":"Azienda agricola Taliano Michele - Tera mia - Barbaresco Riserva - IVINIO Caviste","og_description":"Azienda agricola Taliano Michele - Tera mia - Barbaresco Riserva est un vin rouge cors\u00e9 avec des notes \u00e9pic\u00e9es d'herbes, de tabac et de r\u00e9glisse et de goudron.","og_url":"https:\/\/www.ivinio.com\/fr\/produit\/azienda-agricola-taliano-michele-tera-mia-barbaresco-riserva\/","og_site_name":"IVINIO Caviste","article_publisher":"https:\/\/www.facebook.com\/groups\/165217837022391\/?ref=bookmarks","article_modified_time":"2023-04-15T10:18:05+00:00","og_image":[{"width":500,"height":500,"url":"https:\/\/www.ivinio.com\/wp-content\/uploads\/2023\/03\/Taliano-Michele-Barabresco-Tera-mia-IVINIO.jpg","type":"image\/jpeg"}],"twitter_card":"summary_large_image","schema":{"@context":"https:\/\/schema.org","@graph":[{"@type":"WebPage","@id":"https:\/\/www.ivinio.com\/fr\/produit\/azienda-agricola-taliano-michele-tera-mia-barbaresco-riserva\/","url":"https:\/\/www.ivinio.com\/fr\/produit\/azienda-agricola-taliano-michele-tera-mia-barbaresco-riserva\/","name":"Azienda agricola Taliano Michele - Tera mia - Barbaresco Riserva - IVINIO Caviste","isPartOf":{"@id":"https:\/\/www.ivinio.com\/fr\/#website"},"primaryImageOfPage":{"@id":"https:\/\/www.ivinio.com\/fr\/produit\/azienda-agricola-taliano-michele-tera-mia-barbaresco-riserva\/#primaryimage"},"image":{"@id":"https:\/\/www.ivinio.com\/fr\/produit\/azienda-agricola-taliano-michele-tera-mia-barbaresco-riserva\/#primaryimage"},"thumbnailUrl":"https:\/\/www.ivinio.com\/wp-content\/uploads\/2023\/03\/Taliano-Michele-Barabresco-Tera-mia-IVINIO.jpg","datePublished":"2023-04-15T09:59:05+00:00","dateModified":"2023-04-15T10:18:05+00:00","description":"Azienda agricola Taliano Michele - Tera mia - Barbaresco Riserva est un vin rouge cors\u00e9 avec des notes \u00e9pic\u00e9es d'herbes, de tabac et de r\u00e9glisse et de goudron.","breadcrumb":{"@id":"https:\/\/www.ivinio.com\/fr\/produit\/azienda-agricola-taliano-michele-tera-mia-barbaresco-riserva\/#breadcrumb"},"inLanguage":"fr-FR","potentialAction":[{"@type":"ReadAction","target":["https:\/\/www.ivinio.com\/fr\/produit\/azienda-agricola-taliano-michele-tera-mia-barbaresco-riserva\/"]}]},{"@type":"ImageObject","inLanguage":"fr-FR","@id":"https:\/\/www.ivinio.com\/fr\/produit\/azienda-agricola-taliano-michele-tera-mia-barbaresco-riserva\/#primaryimage","url":"https:\/\/www.ivinio.com\/wp-content\/uploads\/2023\/03\/Taliano-Michele-Barabresco-Tera-mia-IVINIO.jpg","contentUrl":"https:\/\/www.ivinio.com\/wp-content\/uploads\/2023\/03\/Taliano-Michele-Barabresco-Tera-mia-IVINIO.jpg","width":500,"height":500},{"@type":"BreadcrumbList","@id":"https:\/\/www.ivinio.com\/fr\/produit\/azienda-agricola-taliano-michele-tera-mia-barbaresco-riserva\/#breadcrumb","itemListElement":[{"@type":"ListItem","position":1,"name":"Home","item":"https:\/\/www.ivinio.com\/fr\/"},{"@type":"ListItem","position":2,"name":"Boutique de vin","item":"https:\/\/www.ivinio.com\/fr\/boutique-de-vin\/"},{"@type":"ListItem","position":3,"name":"Azienda agricola Taliano Michele &#8211; Tera mia &#8211; Barbaresco Riserva"}]},{"@type":"WebSite","@id":"https:\/\/www.ivinio.com\/fr\/#website","url":"https:\/\/www.ivinio.com\/fr\/","name":"IVINIO Caviste","description":"Vins de France et d&#039;Italie avec livraison \u00e0 domicile","publisher":{"@id":"https:\/\/www.ivinio.com\/fr\/#organization"},"potentialAction":[{"@type":"SearchAction","target":{"@type":"EntryPoint","urlTemplate":"https:\/\/www.ivinio.com\/fr\/?s={search_term_string}"},"query-input":{"@type":"PropertyValueSpecification","valueRequired":true,"valueName":"search_term_string"}}],"inLanguage":"fr-FR"},{"@type":"Organization","@id":"https:\/\/www.ivinio.com\/fr\/#organization","name":"IVINIO","url":"https:\/\/www.ivinio.com\/fr\/","logo":{"@type":"ImageObject","inLanguage":"fr-FR","@id":"https:\/\/www.ivinio.com\/fr\/#\/schema\/logo\/image\/","url":"https:\/\/www.ivinio.com\/wp-content\/uploads\/2021\/01\/Logo-Ivinio-v2.jpg","contentUrl":"https:\/\/www.ivinio.com\/wp-content\/uploads\/2021\/01\/Logo-Ivinio-v2.jpg","width":1194,"height":1194,"caption":"IVINIO"},"image":{"@id":"https:\/\/www.ivinio.com\/fr\/#\/schema\/logo\/image\/"},"sameAs":["https:\/\/www.facebook.com\/groups\/165217837022391\/?ref=bookmarks","https:\/\/www.instagram.com\/_ivinio_\/?hl=fr"]}]}},"jetpack_sharing_enabled":true,"_links":{"self":[{"href":"https:\/\/www.ivinio.com\/fr\/wp-json\/wp\/v2\/product\/132789","targetHints":{"allow":["GET"]}}],"collection":[{"href":"https:\/\/www.ivinio.com\/fr\/wp-json\/wp\/v2\/product"}],"about":[{"href":"https:\/\/www.ivinio.com\/fr\/wp-json\/wp\/v2\/types\/product"}],"replies":[{"embeddable":true,"href":"https:\/\/www.ivinio.com\/fr\/wp-json\/wp\/v2\/comments?post=132789"}],"wp:featuredmedia":[{"embeddable":true,"href":"https:\/\/www.ivinio.com\/fr\/wp-json\/wp\/v2\/media\/132587"}],"wp:attachment":[{"href":"https:\/\/www.ivinio.com\/fr\/wp-json\/wp\/v2\/media?parent=132789"}],"wp:term":[{"taxonomy":"product_brand","embeddable":true,"href":"https:\/\/www.ivinio.com\/fr\/wp-json\/wp\/v2\/product_brand?post=132789"},{"taxonomy":"product_cat","embeddable":true,"href":"https:\/\/www.ivinio.com\/fr\/wp-json\/wp\/v2\/product_cat?post=132789"},{"taxonomy":"product_tag","embeddable":true,"href":"https:\/\/www.ivinio.com\/fr\/wp-json\/wp\/v2\/product_tag?post=132789"}],"curies":[{"name":"wp","href":"https:\/\/api.w.org\/{rel}","templated":true}]}}