{"id":132774,"date":"2023-03-25T19:19:04","date_gmt":"2023-04-14T17:40:52","guid":{"rendered":"https:\/\/www.ivinio.com\/product\/ca-viola-barolo-sottocastello-di-novello-rouge\/"},"modified":"2023-04-15T11:03:16","modified_gmt":"2023-04-15T09:03:16","slug":"ca-viola-barolo-sottocastello-di-novello-rouge","status":"publish","type":"product","link":"https:\/\/www.ivinio.com\/fr\/produit\/ca-viola-barolo-sottocastello-di-novello-rouge\/","title":{"rendered":"Ca&#8217; Viola &#8211; Barolo Sottocastello di Novello &#8211; Rouge"},"content":{"rendered":"<p>Ca&#8217; Viola &#8211; Barolo Sottocastello di Novello est un \u00e9l\u00e9gant Barolo de Novello. Le vin est \u00e0 100% compos\u00e9 de Nebbiolo, cultiv\u00e9s sur pr\u00e8s de 2 hectares de terrain situ\u00e9 \u00e0 450 m\u00e8tres d&#8217;altitude. Les raisins sont vendang\u00e9s d\u00e9but octobre et sont ensuite ferment\u00e9s pendant 15 \u00e0 20 jours dans des cuves en ciment. La fermentation malolactique qui suit dure 15 \u00e0 30 jours. Le vin est ensuite \u00e9lev\u00e9 dans de grands f\u00fbts de ch\u00eane pendant 2 ans et encore 1 an dans des cuves en ciment. 6 000 bouteilles sont produites par an.<\/p>\n","protected":false},"excerpt":{"rendered":"<p>Ca&#8217; Viola &#8211; Barolo Sottocastello di Novello est un \u00e9l\u00e9gant Barolo de Novello. Ar\u00f4mes complexes de menthol, d&#8217;agrumes, de chocolat et de tabac.<\/p>\n","protected":false},"featured_media":132572,"comment_status":"open","ping_status":"closed","template":"","meta":{"_monsterinsights_skip_tracking":false,"_monsterinsights_sitenote_active":false,"_monsterinsights_sitenote_note":"","_monsterinsights_sitenote_category":0,"_uf_show_specific_survey":0,"_uf_disable_surveys":false},"product_brand":[],"product_cat":[36598,36589],"product_tag":[],"class_list":{"0":"post-132774","1":"product","2":"type-product","3":"status-publish","4":"has-post-thumbnail","6":"product_cat-fr-piemont","7":"product_cat-vins-italiens","8":"pa_alcohol-degree-145-fr","9":"pa_classification-docg-barolo-fr","10":"pa_color-rouge-fr","11":"pa_country-italie-fr","12":"pa_grape-variety-nebbiolo","13":"pa_package-1x1-fr","14":"pa_package-1x6-fr","15":"pa_region-piemont-fr","16":"pa_storage-potential-plus-de-10-ans-fr","17":"pa_vintage-2018-fr","18":"pa_volume-75-cl-fr","20":"first","21":"instock","22":"taxable","23":"shipping-taxable","24":"purchasable","25":"product-type-variable"},"bundled_by":[],"bundle_stock_status":"instock","bundle_stock_quantity":null,"bundle_virtual":false,"bundle_layout":"","bundle_add_to_cart_form_location":"","bundle_editable_in_cart":false,"bundle_sold_individually_context":"","bundle_item_grouping":"","bundle_min_size":"","bundle_max_size":"","bundle_price":[],"bundled_items":[],"bundle_sell_ids":[],"yoast_head":"<!-- This site is optimized with the Yoast SEO plugin v27.5 - https:\/\/yoast.com\/product\/yoast-seo-wordpress\/ -->\n<title>Ca&#039; Viola - Barolo Sottocastello di Novello - Rouge - IVINIO Caviste<\/title>\n<meta name=\"description\" content=\"Ca&#039; Viola - Barolo Sottocastello di Novello est un \u00e9l\u00e9gant Barolo de Novello. Ar\u00f4mes complexes de menthol, d&#039;agrumes, de chocolat et de tabac.\" \/>\n<meta name=\"robots\" content=\"index, follow, max-snippet:-1, max-image-preview:large, max-video-preview:-1\" \/>\n<link rel=\"canonical\" href=\"https:\/\/www.ivinio.com\/fr\/produit\/ca-viola-barolo-sottocastello-di-novello-rouge\/\" \/>\n<meta property=\"og:locale\" content=\"fr_FR\" \/>\n<meta property=\"og:type\" content=\"article\" \/>\n<meta property=\"og:title\" content=\"Ca&#039; Viola - Barolo Sottocastello di Novello - Rouge - IVINIO Caviste\" \/>\n<meta property=\"og:description\" content=\"Ca&#039; Viola - Barolo Sottocastello di Novello est un \u00e9l\u00e9gant Barolo de Novello. Ar\u00f4mes complexes de menthol, d&#039;agrumes, de chocolat et de tabac.\" \/>\n<meta property=\"og:url\" content=\"https:\/\/www.ivinio.com\/fr\/produit\/ca-viola-barolo-sottocastello-di-novello-rouge\/\" \/>\n<meta property=\"og:site_name\" content=\"IVINIO Caviste\" \/>\n<meta property=\"article:publisher\" content=\"https:\/\/www.facebook.com\/groups\/165217837022391\/?ref=bookmarks\" \/>\n<meta property=\"article:modified_time\" content=\"2023-04-15T09:03:16+00:00\" \/>\n<meta property=\"og:image\" content=\"https:\/\/www.ivinio.com\/wp-content\/uploads\/2023\/03\/Ca-Viola-Barolo-Sottcastello-di-Novello-IVINIO.jpg\" \/>\n\t<meta property=\"og:image:width\" content=\"500\" \/>\n\t<meta property=\"og:image:height\" content=\"500\" \/>\n\t<meta property=\"og:image:type\" content=\"image\/jpeg\" \/>\n<meta name=\"twitter:card\" content=\"summary_large_image\" \/>\n<script type=\"application\/ld+json\" class=\"yoast-schema-graph\">{\"@context\":\"https:\\\/\\\/schema.org\",\"@graph\":[{\"@type\":\"WebPage\",\"@id\":\"https:\\\/\\\/www.ivinio.com\\\/fr\\\/produit\\\/ca-viola-barolo-sottocastello-di-novello-rouge\\\/\",\"url\":\"https:\\\/\\\/www.ivinio.com\\\/fr\\\/produit\\\/ca-viola-barolo-sottocastello-di-novello-rouge\\\/\",\"name\":\"Ca' Viola - Barolo Sottocastello di Novello - Rouge - IVINIO Caviste\",\"isPartOf\":{\"@id\":\"https:\\\/\\\/www.ivinio.com\\\/fr\\\/#website\"},\"primaryImageOfPage\":{\"@id\":\"https:\\\/\\\/www.ivinio.com\\\/fr\\\/produit\\\/ca-viola-barolo-sottocastello-di-novello-rouge\\\/#primaryimage\"},\"image\":{\"@id\":\"https:\\\/\\\/www.ivinio.com\\\/fr\\\/produit\\\/ca-viola-barolo-sottocastello-di-novello-rouge\\\/#primaryimage\"},\"thumbnailUrl\":\"https:\\\/\\\/www.ivinio.com\\\/wp-content\\\/uploads\\\/2023\\\/03\\\/Ca-Viola-Barolo-Sottcastello-di-Novello-IVINIO.jpg\",\"datePublished\":\"2023-04-14T17:40:52+00:00\",\"dateModified\":\"2023-04-15T09:03:16+00:00\",\"description\":\"Ca' Viola - Barolo Sottocastello di Novello est un \u00e9l\u00e9gant Barolo de Novello. Ar\u00f4mes complexes de menthol, d'agrumes, de chocolat et de tabac.\",\"breadcrumb\":{\"@id\":\"https:\\\/\\\/www.ivinio.com\\\/fr\\\/produit\\\/ca-viola-barolo-sottocastello-di-novello-rouge\\\/#breadcrumb\"},\"inLanguage\":\"fr-FR\",\"potentialAction\":[{\"@type\":\"ReadAction\",\"target\":[\"https:\\\/\\\/www.ivinio.com\\\/fr\\\/produit\\\/ca-viola-barolo-sottocastello-di-novello-rouge\\\/\"]}]},{\"@type\":\"ImageObject\",\"inLanguage\":\"fr-FR\",\"@id\":\"https:\\\/\\\/www.ivinio.com\\\/fr\\\/produit\\\/ca-viola-barolo-sottocastello-di-novello-rouge\\\/#primaryimage\",\"url\":\"https:\\\/\\\/www.ivinio.com\\\/wp-content\\\/uploads\\\/2023\\\/03\\\/Ca-Viola-Barolo-Sottcastello-di-Novello-IVINIO.jpg\",\"contentUrl\":\"https:\\\/\\\/www.ivinio.com\\\/wp-content\\\/uploads\\\/2023\\\/03\\\/Ca-Viola-Barolo-Sottcastello-di-Novello-IVINIO.jpg\",\"width\":500,\"height\":500},{\"@type\":\"BreadcrumbList\",\"@id\":\"https:\\\/\\\/www.ivinio.com\\\/fr\\\/produit\\\/ca-viola-barolo-sottocastello-di-novello-rouge\\\/#breadcrumb\",\"itemListElement\":[{\"@type\":\"ListItem\",\"position\":1,\"name\":\"Home\",\"item\":\"https:\\\/\\\/www.ivinio.com\\\/fr\\\/\"},{\"@type\":\"ListItem\",\"position\":2,\"name\":\"Boutique de vin\",\"item\":\"https:\\\/\\\/www.ivinio.com\\\/fr\\\/boutique-de-vin\\\/\"},{\"@type\":\"ListItem\",\"position\":3,\"name\":\"Ca&#8217; Viola &#8211; Barolo Sottocastello di Novello &#8211; Rouge\"}]},{\"@type\":\"WebSite\",\"@id\":\"https:\\\/\\\/www.ivinio.com\\\/fr\\\/#website\",\"url\":\"https:\\\/\\\/www.ivinio.com\\\/fr\\\/\",\"name\":\"IVINIO Caviste\",\"description\":\"Vins de France et d&#039;Italie avec livraison \u00e0 domicile\",\"publisher\":{\"@id\":\"https:\\\/\\\/www.ivinio.com\\\/fr\\\/#organization\"},\"potentialAction\":[{\"@type\":\"SearchAction\",\"target\":{\"@type\":\"EntryPoint\",\"urlTemplate\":\"https:\\\/\\\/www.ivinio.com\\\/fr\\\/?s={search_term_string}\"},\"query-input\":{\"@type\":\"PropertyValueSpecification\",\"valueRequired\":true,\"valueName\":\"search_term_string\"}}],\"inLanguage\":\"fr-FR\"},{\"@type\":\"Organization\",\"@id\":\"https:\\\/\\\/www.ivinio.com\\\/fr\\\/#organization\",\"name\":\"IVINIO\",\"url\":\"https:\\\/\\\/www.ivinio.com\\\/fr\\\/\",\"logo\":{\"@type\":\"ImageObject\",\"inLanguage\":\"fr-FR\",\"@id\":\"https:\\\/\\\/www.ivinio.com\\\/fr\\\/#\\\/schema\\\/logo\\\/image\\\/\",\"url\":\"https:\\\/\\\/www.ivinio.com\\\/wp-content\\\/uploads\\\/2021\\\/01\\\/Logo-Ivinio-v2.jpg\",\"contentUrl\":\"https:\\\/\\\/www.ivinio.com\\\/wp-content\\\/uploads\\\/2021\\\/01\\\/Logo-Ivinio-v2.jpg\",\"width\":1194,\"height\":1194,\"caption\":\"IVINIO\"},\"image\":{\"@id\":\"https:\\\/\\\/www.ivinio.com\\\/fr\\\/#\\\/schema\\\/logo\\\/image\\\/\"},\"sameAs\":[\"https:\\\/\\\/www.facebook.com\\\/groups\\\/165217837022391\\\/?ref=bookmarks\",\"https:\\\/\\\/www.instagram.com\\\/_ivinio_\\\/?hl=fr\"]}]}<\/script>\n<!-- \/ Yoast SEO plugin. -->","yoast_head_json":{"title":"Ca' Viola - Barolo Sottocastello di Novello - Rouge - IVINIO Caviste","description":"Ca' Viola - Barolo Sottocastello di Novello est un \u00e9l\u00e9gant Barolo de Novello. Ar\u00f4mes complexes de menthol, d'agrumes, de chocolat et de tabac.","robots":{"index":"index","follow":"follow","max-snippet":"max-snippet:-1","max-image-preview":"max-image-preview:large","max-video-preview":"max-video-preview:-1"},"canonical":"https:\/\/www.ivinio.com\/fr\/produit\/ca-viola-barolo-sottocastello-di-novello-rouge\/","og_locale":"fr_FR","og_type":"article","og_title":"Ca' Viola - Barolo Sottocastello di Novello - Rouge - IVINIO Caviste","og_description":"Ca' Viola - Barolo Sottocastello di Novello est un \u00e9l\u00e9gant Barolo de Novello. Ar\u00f4mes complexes de menthol, d'agrumes, de chocolat et de tabac.","og_url":"https:\/\/www.ivinio.com\/fr\/produit\/ca-viola-barolo-sottocastello-di-novello-rouge\/","og_site_name":"IVINIO Caviste","article_publisher":"https:\/\/www.facebook.com\/groups\/165217837022391\/?ref=bookmarks","article_modified_time":"2023-04-15T09:03:16+00:00","og_image":[{"width":500,"height":500,"url":"https:\/\/www.ivinio.com\/wp-content\/uploads\/2023\/03\/Ca-Viola-Barolo-Sottcastello-di-Novello-IVINIO.jpg","type":"image\/jpeg"}],"twitter_card":"summary_large_image","schema":{"@context":"https:\/\/schema.org","@graph":[{"@type":"WebPage","@id":"https:\/\/www.ivinio.com\/fr\/produit\/ca-viola-barolo-sottocastello-di-novello-rouge\/","url":"https:\/\/www.ivinio.com\/fr\/produit\/ca-viola-barolo-sottocastello-di-novello-rouge\/","name":"Ca' Viola - Barolo Sottocastello di Novello - Rouge - IVINIO Caviste","isPartOf":{"@id":"https:\/\/www.ivinio.com\/fr\/#website"},"primaryImageOfPage":{"@id":"https:\/\/www.ivinio.com\/fr\/produit\/ca-viola-barolo-sottocastello-di-novello-rouge\/#primaryimage"},"image":{"@id":"https:\/\/www.ivinio.com\/fr\/produit\/ca-viola-barolo-sottocastello-di-novello-rouge\/#primaryimage"},"thumbnailUrl":"https:\/\/www.ivinio.com\/wp-content\/uploads\/2023\/03\/Ca-Viola-Barolo-Sottcastello-di-Novello-IVINIO.jpg","datePublished":"2023-04-14T17:40:52+00:00","dateModified":"2023-04-15T09:03:16+00:00","description":"Ca' Viola - Barolo Sottocastello di Novello est un \u00e9l\u00e9gant Barolo de Novello. Ar\u00f4mes complexes de menthol, d'agrumes, de chocolat et de tabac.","breadcrumb":{"@id":"https:\/\/www.ivinio.com\/fr\/produit\/ca-viola-barolo-sottocastello-di-novello-rouge\/#breadcrumb"},"inLanguage":"fr-FR","potentialAction":[{"@type":"ReadAction","target":["https:\/\/www.ivinio.com\/fr\/produit\/ca-viola-barolo-sottocastello-di-novello-rouge\/"]}]},{"@type":"ImageObject","inLanguage":"fr-FR","@id":"https:\/\/www.ivinio.com\/fr\/produit\/ca-viola-barolo-sottocastello-di-novello-rouge\/#primaryimage","url":"https:\/\/www.ivinio.com\/wp-content\/uploads\/2023\/03\/Ca-Viola-Barolo-Sottcastello-di-Novello-IVINIO.jpg","contentUrl":"https:\/\/www.ivinio.com\/wp-content\/uploads\/2023\/03\/Ca-Viola-Barolo-Sottcastello-di-Novello-IVINIO.jpg","width":500,"height":500},{"@type":"BreadcrumbList","@id":"https:\/\/www.ivinio.com\/fr\/produit\/ca-viola-barolo-sottocastello-di-novello-rouge\/#breadcrumb","itemListElement":[{"@type":"ListItem","position":1,"name":"Home","item":"https:\/\/www.ivinio.com\/fr\/"},{"@type":"ListItem","position":2,"name":"Boutique de vin","item":"https:\/\/www.ivinio.com\/fr\/boutique-de-vin\/"},{"@type":"ListItem","position":3,"name":"Ca&#8217; Viola &#8211; Barolo Sottocastello di Novello &#8211; Rouge"}]},{"@type":"WebSite","@id":"https:\/\/www.ivinio.com\/fr\/#website","url":"https:\/\/www.ivinio.com\/fr\/","name":"IVINIO Caviste","description":"Vins de France et d&#039;Italie avec livraison \u00e0 domicile","publisher":{"@id":"https:\/\/www.ivinio.com\/fr\/#organization"},"potentialAction":[{"@type":"SearchAction","target":{"@type":"EntryPoint","urlTemplate":"https:\/\/www.ivinio.com\/fr\/?s={search_term_string}"},"query-input":{"@type":"PropertyValueSpecification","valueRequired":true,"valueName":"search_term_string"}}],"inLanguage":"fr-FR"},{"@type":"Organization","@id":"https:\/\/www.ivinio.com\/fr\/#organization","name":"IVINIO","url":"https:\/\/www.ivinio.com\/fr\/","logo":{"@type":"ImageObject","inLanguage":"fr-FR","@id":"https:\/\/www.ivinio.com\/fr\/#\/schema\/logo\/image\/","url":"https:\/\/www.ivinio.com\/wp-content\/uploads\/2021\/01\/Logo-Ivinio-v2.jpg","contentUrl":"https:\/\/www.ivinio.com\/wp-content\/uploads\/2021\/01\/Logo-Ivinio-v2.jpg","width":1194,"height":1194,"caption":"IVINIO"},"image":{"@id":"https:\/\/www.ivinio.com\/fr\/#\/schema\/logo\/image\/"},"sameAs":["https:\/\/www.facebook.com\/groups\/165217837022391\/?ref=bookmarks","https:\/\/www.instagram.com\/_ivinio_\/?hl=fr"]}]}},"jetpack_sharing_enabled":true,"_links":{"self":[{"href":"https:\/\/www.ivinio.com\/fr\/wp-json\/wp\/v2\/product\/132774","targetHints":{"allow":["GET"]}}],"collection":[{"href":"https:\/\/www.ivinio.com\/fr\/wp-json\/wp\/v2\/product"}],"about":[{"href":"https:\/\/www.ivinio.com\/fr\/wp-json\/wp\/v2\/types\/product"}],"replies":[{"embeddable":true,"href":"https:\/\/www.ivinio.com\/fr\/wp-json\/wp\/v2\/comments?post=132774"}],"wp:featuredmedia":[{"embeddable":true,"href":"https:\/\/www.ivinio.com\/fr\/wp-json\/wp\/v2\/media\/132572"}],"wp:attachment":[{"href":"https:\/\/www.ivinio.com\/fr\/wp-json\/wp\/v2\/media?parent=132774"}],"wp:term":[{"taxonomy":"product_brand","embeddable":true,"href":"https:\/\/www.ivinio.com\/fr\/wp-json\/wp\/v2\/product_brand?post=132774"},{"taxonomy":"product_cat","embeddable":true,"href":"https:\/\/www.ivinio.com\/fr\/wp-json\/wp\/v2\/product_cat?post=132774"},{"taxonomy":"product_tag","embeddable":true,"href":"https:\/\/www.ivinio.com\/fr\/wp-json\/wp\/v2\/product_tag?post=132774"}],"curies":[{"name":"wp","href":"https:\/\/api.w.org\/{rel}","templated":true}]}}