{"id":132625,"date":"2023-04-01T18:07:32","date_gmt":"2023-04-01T16:07:34","guid":{"rendered":"https:\/\/www.ivinio.com\/?post_type=product&#038;p=132625"},"modified":"2023-04-15T19:54:53","modified_gmt":"2023-04-15T17:54:53","slug":"marchesi-alfieri-la-tota-barbera-dasti-rouge","status":"publish","type":"product","link":"https:\/\/www.ivinio.com\/fr\/produit\/marchesi-alfieri-la-tota-barbera-dasti-rouge\/","title":{"rendered":"Marchesi Alfieri &#8211; La Tota &#8211; Barbera d&#8217;Asti &#8211; Rouge"},"content":{"rendered":"<p>Marchesi Alfieri &#8211; La Tota &#8211; Le vin rouge est compos\u00e9 de 100% Barbera provenant de vignes d&#8217;\u00e2ges, d&#8217;expositions, de types de sol et de clones diff\u00e9rents. Les raisins sont vendang\u00e9s et vinifi\u00e9s s\u00e9par\u00e9ment et ce n&#8217;est qu&#8217;apr\u00e8s la fermentation malolactique que la composition finale est r\u00e9alis\u00e9e. Les raisins sont \u00e9claircis dans la premi\u00e8re quinzaine d&#8217;ao\u00fbt lorsque les raisins changent de couleur. Les vendanges se fait ensuite manuellement dans la deuxi\u00e8me quinzaine de septembre dans de petites caisses. Les raisins sont ensuite tri\u00e9s sur des tables de tri puis \u00e9grapp\u00e9s. La fermentation se fait avec les peaux dans des cuves en acier \u00e0 une temp\u00e9rature de 28 \u00e0 30 \u00b0C pendant 12 \u00e0 15 jours, avec d\u00e9lestage. La fermentation malolactique se fait dans des cuves en acier et le vin est ensuite transf\u00e9r\u00e9 dans des f\u00fbts de ch\u00eane fran\u00e7ais (Allier et Tron\u00e7ais).<\/p>\n","protected":false},"excerpt":{"rendered":"<p>Un Barbera d&#8217;Asti aux notes de prunes m\u00fbres et de vanille bois\u00e9e. Un palais rond et doux avec un bon \u00e9quilibre.<\/p>\n","protected":false},"featured_media":132628,"comment_status":"open","ping_status":"closed","template":"","meta":{"_monsterinsights_skip_tracking":false,"_monsterinsights_sitenote_active":false,"_monsterinsights_sitenote_note":"","_monsterinsights_sitenote_category":0,"_uf_show_specific_survey":0,"_uf_disable_surveys":false},"product_brand":[],"product_cat":[36598,36589],"product_tag":[],"class_list":{"0":"post-132625","1":"product","2":"type-product","3":"status-publish","4":"has-post-thumbnail","6":"product_cat-fr-piemont","7":"product_cat-vins-italiens","8":"pa_classification-docg-barbera-dasti-fr","9":"pa_color-rouge-fr","10":"pa_country-italie-fr","11":"pa_grape-variety-barbera-fr","12":"pa_region-piemont-fr","13":"pa_storage-potential-8-ans","14":"pa_vintage-2022-fr","15":"pa_volume-75-cl-fr","17":"first","18":"instock","19":"taxable","20":"shipping-taxable","21":"purchasable","22":"product-type-simple"},"bundled_by":[],"bundle_stock_status":"instock","bundle_stock_quantity":null,"bundle_virtual":false,"bundle_layout":"","bundle_add_to_cart_form_location":"","bundle_editable_in_cart":false,"bundle_sold_individually_context":"","bundle_item_grouping":"","bundle_min_size":"","bundle_max_size":"","bundle_price":[],"bundled_items":[],"bundle_sell_ids":[],"yoast_head":"<!-- This site is optimized with the Yoast SEO plugin v27.6 - https:\/\/yoast.com\/product\/yoast-seo-wordpress\/ -->\n<title>Marchesi Alfieri - La Tota - Barbera d&#039;Asti - Rouge - IVINIO Caviste<\/title>\n<meta name=\"description\" content=\"Marchesi Alfieri - La Tota - Barbera d&#039;Asti - Rouge. Notes de prunes m\u00fbres et de vanille bois\u00e9e. Palais rond et doux avec un bon \u00e9quilibre.\" \/>\n<meta name=\"robots\" content=\"index, follow, max-snippet:-1, max-image-preview:large, max-video-preview:-1\" \/>\n<link rel=\"canonical\" href=\"https:\/\/www.ivinio.com\/fr\/produit\/marchesi-alfieri-la-tota-barbera-dasti-rouge\/\" \/>\n<meta property=\"og:locale\" content=\"fr_FR\" \/>\n<meta property=\"og:type\" content=\"article\" \/>\n<meta property=\"og:title\" content=\"Marchesi Alfieri - La Tota - Barbera d&#039;Asti - Rouge - IVINIO Caviste\" \/>\n<meta property=\"og:description\" content=\"Marchesi Alfieri - La Tota - Barbera d&#039;Asti - Rouge. Notes de prunes m\u00fbres et de vanille bois\u00e9e. Palais rond et doux avec un bon \u00e9quilibre.\" \/>\n<meta property=\"og:url\" content=\"https:\/\/www.ivinio.com\/fr\/produit\/marchesi-alfieri-la-tota-barbera-dasti-rouge\/\" \/>\n<meta property=\"og:site_name\" content=\"IVINIO Caviste\" \/>\n<meta property=\"article:publisher\" content=\"https:\/\/www.facebook.com\/groups\/165217837022391\/?ref=bookmarks\" \/>\n<meta property=\"article:modified_time\" content=\"2023-04-15T17:54:53+00:00\" \/>\n<meta property=\"og:image\" content=\"https:\/\/www.ivinio.com\/wp-content\/uploads\/2023\/04\/Marchesi-alfieri-la-tota-IVINIO.jpg\" \/>\n\t<meta property=\"og:image:width\" content=\"500\" \/>\n\t<meta property=\"og:image:height\" content=\"500\" \/>\n\t<meta property=\"og:image:type\" content=\"image\/jpeg\" \/>\n<meta name=\"twitter:card\" content=\"summary_large_image\" \/>\n<meta name=\"twitter:label1\" content=\"Dur\u00e9e de lecture estim\u00e9e\" \/>\n\t<meta name=\"twitter:data1\" content=\"1 minute\" \/>\n<script type=\"application\/ld+json\" class=\"yoast-schema-graph\">{\"@context\":\"https:\\\/\\\/schema.org\",\"@graph\":[{\"@type\":\"WebPage\",\"@id\":\"https:\\\/\\\/www.ivinio.com\\\/fr\\\/produit\\\/marchesi-alfieri-la-tota-barbera-dasti-rouge\\\/\",\"url\":\"https:\\\/\\\/www.ivinio.com\\\/fr\\\/produit\\\/marchesi-alfieri-la-tota-barbera-dasti-rouge\\\/\",\"name\":\"Marchesi Alfieri - La Tota - Barbera d'Asti - Rouge - IVINIO Caviste\",\"isPartOf\":{\"@id\":\"https:\\\/\\\/www.ivinio.com\\\/fr\\\/#website\"},\"primaryImageOfPage\":{\"@id\":\"https:\\\/\\\/www.ivinio.com\\\/fr\\\/produit\\\/marchesi-alfieri-la-tota-barbera-dasti-rouge\\\/#primaryimage\"},\"image\":{\"@id\":\"https:\\\/\\\/www.ivinio.com\\\/fr\\\/produit\\\/marchesi-alfieri-la-tota-barbera-dasti-rouge\\\/#primaryimage\"},\"thumbnailUrl\":\"https:\\\/\\\/www.ivinio.com\\\/wp-content\\\/uploads\\\/2023\\\/04\\\/Marchesi-alfieri-la-tota-IVINIO.jpg\",\"datePublished\":\"2023-04-01T16:07:34+00:00\",\"dateModified\":\"2023-04-15T17:54:53+00:00\",\"description\":\"Marchesi Alfieri - La Tota - Barbera d'Asti - Rouge. Notes de prunes m\u00fbres et de vanille bois\u00e9e. Palais rond et doux avec un bon \u00e9quilibre.\",\"breadcrumb\":{\"@id\":\"https:\\\/\\\/www.ivinio.com\\\/fr\\\/produit\\\/marchesi-alfieri-la-tota-barbera-dasti-rouge\\\/#breadcrumb\"},\"inLanguage\":\"fr-FR\",\"potentialAction\":[{\"@type\":\"ReadAction\",\"target\":[\"https:\\\/\\\/www.ivinio.com\\\/fr\\\/produit\\\/marchesi-alfieri-la-tota-barbera-dasti-rouge\\\/\"]}]},{\"@type\":\"ImageObject\",\"inLanguage\":\"fr-FR\",\"@id\":\"https:\\\/\\\/www.ivinio.com\\\/fr\\\/produit\\\/marchesi-alfieri-la-tota-barbera-dasti-rouge\\\/#primaryimage\",\"url\":\"https:\\\/\\\/www.ivinio.com\\\/wp-content\\\/uploads\\\/2023\\\/04\\\/Marchesi-alfieri-la-tota-IVINIO.jpg\",\"contentUrl\":\"https:\\\/\\\/www.ivinio.com\\\/wp-content\\\/uploads\\\/2023\\\/04\\\/Marchesi-alfieri-la-tota-IVINIO.jpg\",\"width\":500,\"height\":500},{\"@type\":\"BreadcrumbList\",\"@id\":\"https:\\\/\\\/www.ivinio.com\\\/fr\\\/produit\\\/marchesi-alfieri-la-tota-barbera-dasti-rouge\\\/#breadcrumb\",\"itemListElement\":[{\"@type\":\"ListItem\",\"position\":1,\"name\":\"Home\",\"item\":\"https:\\\/\\\/www.ivinio.com\\\/fr\\\/\"},{\"@type\":\"ListItem\",\"position\":2,\"name\":\"Boutique de vin\",\"item\":\"https:\\\/\\\/www.ivinio.com\\\/fr\\\/boutique-de-vin\\\/\"},{\"@type\":\"ListItem\",\"position\":3,\"name\":\"Marchesi Alfieri &#8211; La Tota &#8211; Barbera d&#8217;Asti &#8211; Rouge\"}]},{\"@type\":\"WebSite\",\"@id\":\"https:\\\/\\\/www.ivinio.com\\\/fr\\\/#website\",\"url\":\"https:\\\/\\\/www.ivinio.com\\\/fr\\\/\",\"name\":\"IVINIO Caviste\",\"description\":\"Vins de France et d&#039;Italie avec livraison \u00e0 domicile\",\"publisher\":{\"@id\":\"https:\\\/\\\/www.ivinio.com\\\/fr\\\/#organization\"},\"potentialAction\":[{\"@type\":\"SearchAction\",\"target\":{\"@type\":\"EntryPoint\",\"urlTemplate\":\"https:\\\/\\\/www.ivinio.com\\\/fr\\\/?s={search_term_string}\"},\"query-input\":{\"@type\":\"PropertyValueSpecification\",\"valueRequired\":true,\"valueName\":\"search_term_string\"}}],\"inLanguage\":\"fr-FR\"},{\"@type\":\"Organization\",\"@id\":\"https:\\\/\\\/www.ivinio.com\\\/fr\\\/#organization\",\"name\":\"IVINIO\",\"url\":\"https:\\\/\\\/www.ivinio.com\\\/fr\\\/\",\"logo\":{\"@type\":\"ImageObject\",\"inLanguage\":\"fr-FR\",\"@id\":\"https:\\\/\\\/www.ivinio.com\\\/fr\\\/#\\\/schema\\\/logo\\\/image\\\/\",\"url\":\"https:\\\/\\\/www.ivinio.com\\\/wp-content\\\/uploads\\\/2021\\\/01\\\/Logo-Ivinio-v2.jpg\",\"contentUrl\":\"https:\\\/\\\/www.ivinio.com\\\/wp-content\\\/uploads\\\/2021\\\/01\\\/Logo-Ivinio-v2.jpg\",\"width\":1194,\"height\":1194,\"caption\":\"IVINIO\"},\"image\":{\"@id\":\"https:\\\/\\\/www.ivinio.com\\\/fr\\\/#\\\/schema\\\/logo\\\/image\\\/\"},\"sameAs\":[\"https:\\\/\\\/www.facebook.com\\\/groups\\\/165217837022391\\\/?ref=bookmarks\",\"https:\\\/\\\/www.instagram.com\\\/_ivinio_\\\/?hl=fr\"]}]}<\/script>\n<!-- \/ Yoast SEO plugin. -->","yoast_head_json":{"title":"Marchesi Alfieri - La Tota - Barbera d'Asti - Rouge - IVINIO Caviste","description":"Marchesi Alfieri - La Tota - Barbera d'Asti - Rouge. Notes de prunes m\u00fbres et de vanille bois\u00e9e. Palais rond et doux avec un bon \u00e9quilibre.","robots":{"index":"index","follow":"follow","max-snippet":"max-snippet:-1","max-image-preview":"max-image-preview:large","max-video-preview":"max-video-preview:-1"},"canonical":"https:\/\/www.ivinio.com\/fr\/produit\/marchesi-alfieri-la-tota-barbera-dasti-rouge\/","og_locale":"fr_FR","og_type":"article","og_title":"Marchesi Alfieri - La Tota - Barbera d'Asti - Rouge - IVINIO Caviste","og_description":"Marchesi Alfieri - La Tota - Barbera d'Asti - Rouge. Notes de prunes m\u00fbres et de vanille bois\u00e9e. Palais rond et doux avec un bon \u00e9quilibre.","og_url":"https:\/\/www.ivinio.com\/fr\/produit\/marchesi-alfieri-la-tota-barbera-dasti-rouge\/","og_site_name":"IVINIO Caviste","article_publisher":"https:\/\/www.facebook.com\/groups\/165217837022391\/?ref=bookmarks","article_modified_time":"2023-04-15T17:54:53+00:00","og_image":[{"width":500,"height":500,"url":"https:\/\/www.ivinio.com\/wp-content\/uploads\/2023\/04\/Marchesi-alfieri-la-tota-IVINIO.jpg","type":"image\/jpeg"}],"twitter_card":"summary_large_image","twitter_misc":{"Dur\u00e9e de lecture estim\u00e9e":"1 minute"},"schema":{"@context":"https:\/\/schema.org","@graph":[{"@type":"WebPage","@id":"https:\/\/www.ivinio.com\/fr\/produit\/marchesi-alfieri-la-tota-barbera-dasti-rouge\/","url":"https:\/\/www.ivinio.com\/fr\/produit\/marchesi-alfieri-la-tota-barbera-dasti-rouge\/","name":"Marchesi Alfieri - La Tota - Barbera d'Asti - Rouge - IVINIO Caviste","isPartOf":{"@id":"https:\/\/www.ivinio.com\/fr\/#website"},"primaryImageOfPage":{"@id":"https:\/\/www.ivinio.com\/fr\/produit\/marchesi-alfieri-la-tota-barbera-dasti-rouge\/#primaryimage"},"image":{"@id":"https:\/\/www.ivinio.com\/fr\/produit\/marchesi-alfieri-la-tota-barbera-dasti-rouge\/#primaryimage"},"thumbnailUrl":"https:\/\/www.ivinio.com\/wp-content\/uploads\/2023\/04\/Marchesi-alfieri-la-tota-IVINIO.jpg","datePublished":"2023-04-01T16:07:34+00:00","dateModified":"2023-04-15T17:54:53+00:00","description":"Marchesi Alfieri - La Tota - Barbera d'Asti - Rouge. Notes de prunes m\u00fbres et de vanille bois\u00e9e. Palais rond et doux avec un bon \u00e9quilibre.","breadcrumb":{"@id":"https:\/\/www.ivinio.com\/fr\/produit\/marchesi-alfieri-la-tota-barbera-dasti-rouge\/#breadcrumb"},"inLanguage":"fr-FR","potentialAction":[{"@type":"ReadAction","target":["https:\/\/www.ivinio.com\/fr\/produit\/marchesi-alfieri-la-tota-barbera-dasti-rouge\/"]}]},{"@type":"ImageObject","inLanguage":"fr-FR","@id":"https:\/\/www.ivinio.com\/fr\/produit\/marchesi-alfieri-la-tota-barbera-dasti-rouge\/#primaryimage","url":"https:\/\/www.ivinio.com\/wp-content\/uploads\/2023\/04\/Marchesi-alfieri-la-tota-IVINIO.jpg","contentUrl":"https:\/\/www.ivinio.com\/wp-content\/uploads\/2023\/04\/Marchesi-alfieri-la-tota-IVINIO.jpg","width":500,"height":500},{"@type":"BreadcrumbList","@id":"https:\/\/www.ivinio.com\/fr\/produit\/marchesi-alfieri-la-tota-barbera-dasti-rouge\/#breadcrumb","itemListElement":[{"@type":"ListItem","position":1,"name":"Home","item":"https:\/\/www.ivinio.com\/fr\/"},{"@type":"ListItem","position":2,"name":"Boutique de vin","item":"https:\/\/www.ivinio.com\/fr\/boutique-de-vin\/"},{"@type":"ListItem","position":3,"name":"Marchesi Alfieri &#8211; La Tota &#8211; Barbera d&#8217;Asti &#8211; Rouge"}]},{"@type":"WebSite","@id":"https:\/\/www.ivinio.com\/fr\/#website","url":"https:\/\/www.ivinio.com\/fr\/","name":"IVINIO Caviste","description":"Vins de France et d&#039;Italie avec livraison \u00e0 domicile","publisher":{"@id":"https:\/\/www.ivinio.com\/fr\/#organization"},"potentialAction":[{"@type":"SearchAction","target":{"@type":"EntryPoint","urlTemplate":"https:\/\/www.ivinio.com\/fr\/?s={search_term_string}"},"query-input":{"@type":"PropertyValueSpecification","valueRequired":true,"valueName":"search_term_string"}}],"inLanguage":"fr-FR"},{"@type":"Organization","@id":"https:\/\/www.ivinio.com\/fr\/#organization","name":"IVINIO","url":"https:\/\/www.ivinio.com\/fr\/","logo":{"@type":"ImageObject","inLanguage":"fr-FR","@id":"https:\/\/www.ivinio.com\/fr\/#\/schema\/logo\/image\/","url":"https:\/\/www.ivinio.com\/wp-content\/uploads\/2021\/01\/Logo-Ivinio-v2.jpg","contentUrl":"https:\/\/www.ivinio.com\/wp-content\/uploads\/2021\/01\/Logo-Ivinio-v2.jpg","width":1194,"height":1194,"caption":"IVINIO"},"image":{"@id":"https:\/\/www.ivinio.com\/fr\/#\/schema\/logo\/image\/"},"sameAs":["https:\/\/www.facebook.com\/groups\/165217837022391\/?ref=bookmarks","https:\/\/www.instagram.com\/_ivinio_\/?hl=fr"]}]}},"jetpack_sharing_enabled":true,"_links":{"self":[{"href":"https:\/\/www.ivinio.com\/fr\/wp-json\/wp\/v2\/product\/132625","targetHints":{"allow":["GET"]}}],"collection":[{"href":"https:\/\/www.ivinio.com\/fr\/wp-json\/wp\/v2\/product"}],"about":[{"href":"https:\/\/www.ivinio.com\/fr\/wp-json\/wp\/v2\/types\/product"}],"replies":[{"embeddable":true,"href":"https:\/\/www.ivinio.com\/fr\/wp-json\/wp\/v2\/comments?post=132625"}],"wp:featuredmedia":[{"embeddable":true,"href":"https:\/\/www.ivinio.com\/fr\/wp-json\/wp\/v2\/media\/132628"}],"wp:attachment":[{"href":"https:\/\/www.ivinio.com\/fr\/wp-json\/wp\/v2\/media?parent=132625"}],"wp:term":[{"taxonomy":"product_brand","embeddable":true,"href":"https:\/\/www.ivinio.com\/fr\/wp-json\/wp\/v2\/product_brand?post=132625"},{"taxonomy":"product_cat","embeddable":true,"href":"https:\/\/www.ivinio.com\/fr\/wp-json\/wp\/v2\/product_cat?post=132625"},{"taxonomy":"product_tag","embeddable":true,"href":"https:\/\/www.ivinio.com\/fr\/wp-json\/wp\/v2\/product_tag?post=132625"}],"curies":[{"name":"wp","href":"https:\/\/api.w.org\/{rel}","templated":true}]}}