{"id":131974,"date":"2022-11-09T14:25:08","date_gmt":"2022-11-09T13:25:08","guid":{"rendered":"https:\/\/www.ivinio.com\/product\/clos-du-montolivet-lirac-rouge\/"},"modified":"2026-03-23T18:56:17","modified_gmt":"2026-03-23T17:56:17","slug":"clos-du-montolivet-lirac-rouge","status":"publish","type":"product","link":"https:\/\/www.ivinio.com\/fr\/produit\/clos-du-montolivet-lirac-rouge\/","title":{"rendered":"Clos du Montolivet &#8211; Lirac &#8211; Rouge"},"content":{"rendered":"<p>Clos du Montolivet &#8211; Lirac est un vin rouge cors\u00e9 compos\u00e9 de 65% Grenache noir, 15% Syrah, 15% Mourv\u00e8dre et 5% Cinsault. Les raisins sont vendang\u00e9s \u00e0 la main, avec un tri tr\u00e8s strict pour ne conserver que les meilleures baies. Les raisins sont mis \u00e0 fermenter en cuves b\u00e9ton selon les m\u00e9thodes traditionnelles (remontage et fractionnement) sans pour autant<br \/>\nrecherche de l&#8217;extraction maximale. Le jus de presse et le jus de goutte<br \/>\nsont \u00e9lev\u00e9s s\u00e9par\u00e9ment dans des cuves en b\u00e9ton, puis assembl\u00e9s apr\u00e8s quelques mois et plac\u00e9s dans des cuves et des barriques de diff\u00e9rentes tailles. Le pourcentage de chaque c\u00e9page varie en fonction du profil du mill\u00e9sime.<\/p>\n","protected":false},"excerpt":{"rendered":"<p>Le Clos du Montolivet &#8211; Lirac est un vin du Rh\u00f4ne \u00e9l\u00e9gant \u00e0 servir sur des viandes grill\u00e9es et des civets de viande.<\/p>\n","protected":false},"featured_media":131798,"comment_status":"open","ping_status":"closed","template":"","meta":{"_monsterinsights_skip_tracking":false,"_monsterinsights_sitenote_active":false,"_monsterinsights_sitenote_note":"","_monsterinsights_sitenote_category":0,"_uf_show_specific_survey":0,"_uf_disable_surveys":false},"product_brand":[],"product_cat":[36619,36586],"product_tag":[],"class_list":{"0":"post-131974","1":"product","2":"type-product","3":"status-publish","4":"has-post-thumbnail","6":"product_cat-fr-cotes-du-rhone","7":"product_cat-vins-francais","8":"pa_alcohol-degree-15-fr","9":"pa_classification-aop-lirac-fr","10":"pa_color-rouge-fr","11":"pa_country-france-fr","12":"pa_grape-variety-cinsault-fr","13":"pa_grape-variety-grenache-fr","14":"pa_grape-variety-mourvedre-fr","15":"pa_grape-variety-syrah-fr","16":"pa_region-vallee-du-rhone-fr","17":"pa_storage-potential-10-ans-fr","18":"pa_vintage-2022-fr","19":"pa_volume-75-cl-fr","21":"first","22":"instock","23":"taxable","24":"shipping-taxable","25":"purchasable","26":"product-type-simple"},"bundled_by":[],"bundle_stock_status":"instock","bundle_stock_quantity":null,"bundle_virtual":false,"bundle_layout":"","bundle_add_to_cart_form_location":"","bundle_editable_in_cart":false,"bundle_sold_individually_context":"","bundle_item_grouping":"","bundle_min_size":"","bundle_max_size":"","bundle_price":[],"bundled_items":[],"bundle_sell_ids":[],"yoast_head":"<!-- This site is optimized with the Yoast SEO plugin v27.5 - https:\/\/yoast.com\/product\/yoast-seo-wordpress\/ -->\n<title>Acheter Clos du Montolivet - Lirac - Rouge - IVINIO Caviste<\/title>\n<meta name=\"description\" content=\"Acheter Clos du Montolivet - Lirac - Rouge. fruit\u00e9 et cors\u00e9, mais aussi frais avec des tanins \u00e9l\u00e9gants. Pour les viandes grill\u00e9es et les rago\u00fbts de viande.\" \/>\n<meta name=\"robots\" content=\"index, follow, max-snippet:-1, max-image-preview:large, max-video-preview:-1\" \/>\n<link rel=\"canonical\" href=\"https:\/\/www.ivinio.com\/fr\/produit\/clos-du-montolivet-lirac-rouge\/\" \/>\n<meta property=\"og:locale\" content=\"fr_FR\" \/>\n<meta property=\"og:type\" content=\"article\" \/>\n<meta property=\"og:title\" content=\"Acheter Clos du Montolivet - Lirac - Rouge - IVINIO Caviste\" \/>\n<meta property=\"og:description\" content=\"Acheter Clos du Montolivet - Lirac - Rouge. fruit\u00e9 et cors\u00e9, mais aussi frais avec des tanins \u00e9l\u00e9gants. Pour les viandes grill\u00e9es et les rago\u00fbts de viande.\" \/>\n<meta property=\"og:url\" content=\"https:\/\/www.ivinio.com\/fr\/produit\/clos-du-montolivet-lirac-rouge\/\" \/>\n<meta property=\"og:site_name\" content=\"IVINIO Caviste\" \/>\n<meta property=\"article:publisher\" content=\"https:\/\/www.facebook.com\/groups\/165217837022391\/?ref=bookmarks\" \/>\n<meta property=\"article:modified_time\" content=\"2026-03-23T17:56:17+00:00\" \/>\n<meta property=\"og:image\" content=\"https:\/\/www.ivinio.com\/wp-content\/uploads\/2022\/11\/clos-du-montolivet-Lirac-IVINIO.jpg\" \/>\n\t<meta property=\"og:image:width\" content=\"500\" \/>\n\t<meta property=\"og:image:height\" content=\"500\" \/>\n\t<meta property=\"og:image:type\" content=\"image\/jpeg\" \/>\n<meta name=\"twitter:card\" content=\"summary_large_image\" \/>\n<meta name=\"twitter:label1\" content=\"Dur\u00e9e de lecture estim\u00e9e\" \/>\n\t<meta name=\"twitter:data1\" content=\"1 minute\" \/>\n<script type=\"application\/ld+json\" class=\"yoast-schema-graph\">{\"@context\":\"https:\\\/\\\/schema.org\",\"@graph\":[{\"@type\":\"WebPage\",\"@id\":\"https:\\\/\\\/www.ivinio.com\\\/fr\\\/produit\\\/clos-du-montolivet-lirac-rouge\\\/\",\"url\":\"https:\\\/\\\/www.ivinio.com\\\/fr\\\/produit\\\/clos-du-montolivet-lirac-rouge\\\/\",\"name\":\"Acheter Clos du Montolivet - Lirac - Rouge - IVINIO Caviste\",\"isPartOf\":{\"@id\":\"https:\\\/\\\/www.ivinio.com\\\/fr\\\/#website\"},\"primaryImageOfPage\":{\"@id\":\"https:\\\/\\\/www.ivinio.com\\\/fr\\\/produit\\\/clos-du-montolivet-lirac-rouge\\\/#primaryimage\"},\"image\":{\"@id\":\"https:\\\/\\\/www.ivinio.com\\\/fr\\\/produit\\\/clos-du-montolivet-lirac-rouge\\\/#primaryimage\"},\"thumbnailUrl\":\"https:\\\/\\\/www.ivinio.com\\\/wp-content\\\/uploads\\\/2022\\\/11\\\/clos-du-montolivet-Lirac-IVINIO.jpg\",\"datePublished\":\"2022-11-09T13:25:08+00:00\",\"dateModified\":\"2026-03-23T17:56:17+00:00\",\"description\":\"Acheter Clos du Montolivet - Lirac - Rouge. fruit\u00e9 et cors\u00e9, mais aussi frais avec des tanins \u00e9l\u00e9gants. Pour les viandes grill\u00e9es et les rago\u00fbts de viande.\",\"breadcrumb\":{\"@id\":\"https:\\\/\\\/www.ivinio.com\\\/fr\\\/produit\\\/clos-du-montolivet-lirac-rouge\\\/#breadcrumb\"},\"inLanguage\":\"fr-FR\",\"potentialAction\":[{\"@type\":\"ReadAction\",\"target\":[\"https:\\\/\\\/www.ivinio.com\\\/fr\\\/produit\\\/clos-du-montolivet-lirac-rouge\\\/\"]}]},{\"@type\":\"ImageObject\",\"inLanguage\":\"fr-FR\",\"@id\":\"https:\\\/\\\/www.ivinio.com\\\/fr\\\/produit\\\/clos-du-montolivet-lirac-rouge\\\/#primaryimage\",\"url\":\"https:\\\/\\\/www.ivinio.com\\\/wp-content\\\/uploads\\\/2022\\\/11\\\/clos-du-montolivet-Lirac-IVINIO.jpg\",\"contentUrl\":\"https:\\\/\\\/www.ivinio.com\\\/wp-content\\\/uploads\\\/2022\\\/11\\\/clos-du-montolivet-Lirac-IVINIO.jpg\",\"width\":500,\"height\":500,\"caption\":\"clos-du-montolivet-Lirac\"},{\"@type\":\"BreadcrumbList\",\"@id\":\"https:\\\/\\\/www.ivinio.com\\\/fr\\\/produit\\\/clos-du-montolivet-lirac-rouge\\\/#breadcrumb\",\"itemListElement\":[{\"@type\":\"ListItem\",\"position\":1,\"name\":\"Home\",\"item\":\"https:\\\/\\\/www.ivinio.com\\\/fr\\\/\"},{\"@type\":\"ListItem\",\"position\":2,\"name\":\"Boutique de vin\",\"item\":\"https:\\\/\\\/www.ivinio.com\\\/fr\\\/boutique-de-vin\\\/\"},{\"@type\":\"ListItem\",\"position\":3,\"name\":\"Clos du Montolivet &#8211; Lirac &#8211; Rouge\"}]},{\"@type\":\"WebSite\",\"@id\":\"https:\\\/\\\/www.ivinio.com\\\/fr\\\/#website\",\"url\":\"https:\\\/\\\/www.ivinio.com\\\/fr\\\/\",\"name\":\"IVINIO Caviste\",\"description\":\"Vins de France et d&#039;Italie avec livraison \u00e0 domicile\",\"publisher\":{\"@id\":\"https:\\\/\\\/www.ivinio.com\\\/fr\\\/#organization\"},\"potentialAction\":[{\"@type\":\"SearchAction\",\"target\":{\"@type\":\"EntryPoint\",\"urlTemplate\":\"https:\\\/\\\/www.ivinio.com\\\/fr\\\/?s={search_term_string}\"},\"query-input\":{\"@type\":\"PropertyValueSpecification\",\"valueRequired\":true,\"valueName\":\"search_term_string\"}}],\"inLanguage\":\"fr-FR\"},{\"@type\":\"Organization\",\"@id\":\"https:\\\/\\\/www.ivinio.com\\\/fr\\\/#organization\",\"name\":\"IVINIO\",\"url\":\"https:\\\/\\\/www.ivinio.com\\\/fr\\\/\",\"logo\":{\"@type\":\"ImageObject\",\"inLanguage\":\"fr-FR\",\"@id\":\"https:\\\/\\\/www.ivinio.com\\\/fr\\\/#\\\/schema\\\/logo\\\/image\\\/\",\"url\":\"https:\\\/\\\/www.ivinio.com\\\/wp-content\\\/uploads\\\/2021\\\/01\\\/Logo-Ivinio-v2.jpg\",\"contentUrl\":\"https:\\\/\\\/www.ivinio.com\\\/wp-content\\\/uploads\\\/2021\\\/01\\\/Logo-Ivinio-v2.jpg\",\"width\":1194,\"height\":1194,\"caption\":\"IVINIO\"},\"image\":{\"@id\":\"https:\\\/\\\/www.ivinio.com\\\/fr\\\/#\\\/schema\\\/logo\\\/image\\\/\"},\"sameAs\":[\"https:\\\/\\\/www.facebook.com\\\/groups\\\/165217837022391\\\/?ref=bookmarks\",\"https:\\\/\\\/www.instagram.com\\\/_ivinio_\\\/?hl=fr\"]}]}<\/script>\n<!-- \/ Yoast SEO plugin. -->","yoast_head_json":{"title":"Acheter Clos du Montolivet - Lirac - Rouge - IVINIO Caviste","description":"Acheter Clos du Montolivet - Lirac - Rouge. fruit\u00e9 et cors\u00e9, mais aussi frais avec des tanins \u00e9l\u00e9gants. Pour les viandes grill\u00e9es et les rago\u00fbts de viande.","robots":{"index":"index","follow":"follow","max-snippet":"max-snippet:-1","max-image-preview":"max-image-preview:large","max-video-preview":"max-video-preview:-1"},"canonical":"https:\/\/www.ivinio.com\/fr\/produit\/clos-du-montolivet-lirac-rouge\/","og_locale":"fr_FR","og_type":"article","og_title":"Acheter Clos du Montolivet - Lirac - Rouge - IVINIO Caviste","og_description":"Acheter Clos du Montolivet - Lirac - Rouge. fruit\u00e9 et cors\u00e9, mais aussi frais avec des tanins \u00e9l\u00e9gants. Pour les viandes grill\u00e9es et les rago\u00fbts de viande.","og_url":"https:\/\/www.ivinio.com\/fr\/produit\/clos-du-montolivet-lirac-rouge\/","og_site_name":"IVINIO Caviste","article_publisher":"https:\/\/www.facebook.com\/groups\/165217837022391\/?ref=bookmarks","article_modified_time":"2026-03-23T17:56:17+00:00","og_image":[{"width":500,"height":500,"url":"https:\/\/www.ivinio.com\/wp-content\/uploads\/2022\/11\/clos-du-montolivet-Lirac-IVINIO.jpg","type":"image\/jpeg"}],"twitter_card":"summary_large_image","twitter_misc":{"Dur\u00e9e de lecture estim\u00e9e":"1 minute"},"schema":{"@context":"https:\/\/schema.org","@graph":[{"@type":"WebPage","@id":"https:\/\/www.ivinio.com\/fr\/produit\/clos-du-montolivet-lirac-rouge\/","url":"https:\/\/www.ivinio.com\/fr\/produit\/clos-du-montolivet-lirac-rouge\/","name":"Acheter Clos du Montolivet - Lirac - Rouge - IVINIO Caviste","isPartOf":{"@id":"https:\/\/www.ivinio.com\/fr\/#website"},"primaryImageOfPage":{"@id":"https:\/\/www.ivinio.com\/fr\/produit\/clos-du-montolivet-lirac-rouge\/#primaryimage"},"image":{"@id":"https:\/\/www.ivinio.com\/fr\/produit\/clos-du-montolivet-lirac-rouge\/#primaryimage"},"thumbnailUrl":"https:\/\/www.ivinio.com\/wp-content\/uploads\/2022\/11\/clos-du-montolivet-Lirac-IVINIO.jpg","datePublished":"2022-11-09T13:25:08+00:00","dateModified":"2026-03-23T17:56:17+00:00","description":"Acheter Clos du Montolivet - Lirac - Rouge. fruit\u00e9 et cors\u00e9, mais aussi frais avec des tanins \u00e9l\u00e9gants. Pour les viandes grill\u00e9es et les rago\u00fbts de viande.","breadcrumb":{"@id":"https:\/\/www.ivinio.com\/fr\/produit\/clos-du-montolivet-lirac-rouge\/#breadcrumb"},"inLanguage":"fr-FR","potentialAction":[{"@type":"ReadAction","target":["https:\/\/www.ivinio.com\/fr\/produit\/clos-du-montolivet-lirac-rouge\/"]}]},{"@type":"ImageObject","inLanguage":"fr-FR","@id":"https:\/\/www.ivinio.com\/fr\/produit\/clos-du-montolivet-lirac-rouge\/#primaryimage","url":"https:\/\/www.ivinio.com\/wp-content\/uploads\/2022\/11\/clos-du-montolivet-Lirac-IVINIO.jpg","contentUrl":"https:\/\/www.ivinio.com\/wp-content\/uploads\/2022\/11\/clos-du-montolivet-Lirac-IVINIO.jpg","width":500,"height":500,"caption":"clos-du-montolivet-Lirac"},{"@type":"BreadcrumbList","@id":"https:\/\/www.ivinio.com\/fr\/produit\/clos-du-montolivet-lirac-rouge\/#breadcrumb","itemListElement":[{"@type":"ListItem","position":1,"name":"Home","item":"https:\/\/www.ivinio.com\/fr\/"},{"@type":"ListItem","position":2,"name":"Boutique de vin","item":"https:\/\/www.ivinio.com\/fr\/boutique-de-vin\/"},{"@type":"ListItem","position":3,"name":"Clos du Montolivet &#8211; Lirac &#8211; Rouge"}]},{"@type":"WebSite","@id":"https:\/\/www.ivinio.com\/fr\/#website","url":"https:\/\/www.ivinio.com\/fr\/","name":"IVINIO Caviste","description":"Vins de France et d&#039;Italie avec livraison \u00e0 domicile","publisher":{"@id":"https:\/\/www.ivinio.com\/fr\/#organization"},"potentialAction":[{"@type":"SearchAction","target":{"@type":"EntryPoint","urlTemplate":"https:\/\/www.ivinio.com\/fr\/?s={search_term_string}"},"query-input":{"@type":"PropertyValueSpecification","valueRequired":true,"valueName":"search_term_string"}}],"inLanguage":"fr-FR"},{"@type":"Organization","@id":"https:\/\/www.ivinio.com\/fr\/#organization","name":"IVINIO","url":"https:\/\/www.ivinio.com\/fr\/","logo":{"@type":"ImageObject","inLanguage":"fr-FR","@id":"https:\/\/www.ivinio.com\/fr\/#\/schema\/logo\/image\/","url":"https:\/\/www.ivinio.com\/wp-content\/uploads\/2021\/01\/Logo-Ivinio-v2.jpg","contentUrl":"https:\/\/www.ivinio.com\/wp-content\/uploads\/2021\/01\/Logo-Ivinio-v2.jpg","width":1194,"height":1194,"caption":"IVINIO"},"image":{"@id":"https:\/\/www.ivinio.com\/fr\/#\/schema\/logo\/image\/"},"sameAs":["https:\/\/www.facebook.com\/groups\/165217837022391\/?ref=bookmarks","https:\/\/www.instagram.com\/_ivinio_\/?hl=fr"]}]}},"jetpack_sharing_enabled":true,"_links":{"self":[{"href":"https:\/\/www.ivinio.com\/fr\/wp-json\/wp\/v2\/product\/131974","targetHints":{"allow":["GET"]}}],"collection":[{"href":"https:\/\/www.ivinio.com\/fr\/wp-json\/wp\/v2\/product"}],"about":[{"href":"https:\/\/www.ivinio.com\/fr\/wp-json\/wp\/v2\/types\/product"}],"replies":[{"embeddable":true,"href":"https:\/\/www.ivinio.com\/fr\/wp-json\/wp\/v2\/comments?post=131974"}],"wp:featuredmedia":[{"embeddable":true,"href":"https:\/\/www.ivinio.com\/fr\/wp-json\/wp\/v2\/media\/131798"}],"wp:attachment":[{"href":"https:\/\/www.ivinio.com\/fr\/wp-json\/wp\/v2\/media?parent=131974"}],"wp:term":[{"taxonomy":"product_brand","embeddable":true,"href":"https:\/\/www.ivinio.com\/fr\/wp-json\/wp\/v2\/product_brand?post=131974"},{"taxonomy":"product_cat","embeddable":true,"href":"https:\/\/www.ivinio.com\/fr\/wp-json\/wp\/v2\/product_cat?post=131974"},{"taxonomy":"product_tag","embeddable":true,"href":"https:\/\/www.ivinio.com\/fr\/wp-json\/wp\/v2\/product_tag?post=131974"}],"curies":[{"name":"wp","href":"https:\/\/api.w.org\/{rel}","templated":true}]}}