{"id":131771,"date":"2022-11-05T11:27:47","date_gmt":"2022-11-05T10:27:47","guid":{"rendered":"https:\/\/www.ivinio.com\/?post_type=product&#038;p=131771"},"modified":"2026-03-27T12:04:31","modified_gmt":"2026-03-27T11:04:31","slug":"domaine-rouge-garance-rouge-garance-rouge","status":"publish","type":"product","link":"https:\/\/www.ivinio.com\/fr\/produit\/domaine-rouge-garance-rouge-garance-rouge\/","title":{"rendered":"Domaine Rouge Garance &#8211; Rouge Garance &#8211; Rouge"},"content":{"rendered":"<p>&#8220;Rouge Garance&#8221; est compos\u00e9 de 70% <a href=\"https:\/\/sv.wikipedia.org\/wiki\/Syrah\">Syrah<\/a> et 30% Grenache, cultiv\u00e9s sur 4 hectares de terres. L&#8217;agriculture est pratiqu\u00e9e biologiquement et aucun herbicide n&#8217;est utilis\u00e9. Les vendanges se font manuellement. Les raisins sont \u00e9grapp\u00e9s et puis ferment\u00e9s pendant 10 jours \u00e0 16-24\u00b0C, apr\u00e8s une premi\u00e8re mac\u00e9ration \u00e0 froid de 48h. L&#8217;\u00e9levage se fait totalement sans sulfites pendant 12 mois en cuves b\u00e9ton et en f\u00fbts de ch\u00eane pour 20% de la production.<\/p>\n","protected":false},"excerpt":{"rendered":"<p>&#8220;Rouge Garance&#8221; est un vin rouge tr\u00e8s bien fait avec un caract\u00e8re typique de la vall\u00e9e du Rh\u00f4ne; fruit\u00e9 et g\u00e9n\u00e9reux avec des notes de prune et de m\u00fbre.<\/p>\n","protected":false},"featured_media":131780,"comment_status":"open","ping_status":"closed","template":"","meta":{"_monsterinsights_skip_tracking":false,"_monsterinsights_sitenote_active":false,"_monsterinsights_sitenote_note":"","_monsterinsights_sitenote_category":0,"_uf_show_specific_survey":0,"_uf_disable_surveys":false},"product_brand":[],"product_cat":[36619,36586],"product_tag":[],"class_list":{"0":"post-131771","1":"product","2":"type-product","3":"status-publish","4":"has-post-thumbnail","6":"product_cat-fr-cotes-du-rhone","7":"product_cat-vins-francais","8":"pa_alcohol-degree-145-fr","9":"pa_classification-aop-cotes-du-rhone-villages-fr","10":"pa_grape-variety-grenache-fr","11":"pa_grape-variety-syrah-fr","12":"pa_vintage-2022-fr","13":"pa_volume-75-cl-fr","15":"first","16":"instock","17":"taxable","18":"shipping-taxable","19":"purchasable","20":"product-type-simple"},"bundled_by":[],"bundle_stock_status":"instock","bundle_stock_quantity":null,"bundle_virtual":false,"bundle_layout":"","bundle_add_to_cart_form_location":"","bundle_editable_in_cart":false,"bundle_sold_individually_context":"","bundle_item_grouping":"","bundle_min_size":"","bundle_max_size":"","bundle_price":[],"bundled_items":[],"bundle_sell_ids":[],"yoast_head":"<!-- This site is optimized with the Yoast SEO plugin v27.4 - https:\/\/yoast.com\/product\/yoast-seo-wordpress\/ -->\n<title>Acheter Domaine Rouge Garance - Rouge Garance - IVINIO Caviste<\/title>\n<meta name=\"description\" content=\"Acheter Domaine Rouge Garance - Rouge Garance. Beau vin rouge du vignoble de l&#039;acteur Jean-Louis Trintignant. Un tr\u00e8s bon C\u00f4tes-du-Rh\u00f4ne Villages rouge !\" \/>\n<meta name=\"robots\" content=\"index, follow, max-snippet:-1, max-image-preview:large, max-video-preview:-1\" \/>\n<link rel=\"canonical\" href=\"https:\/\/www.ivinio.com\/fr\/produit\/domaine-rouge-garance-rouge-garance-rouge\/\" \/>\n<meta property=\"og:locale\" content=\"fr_FR\" \/>\n<meta property=\"og:type\" content=\"article\" \/>\n<meta property=\"og:title\" content=\"Acheter Domaine Rouge Garance - Rouge Garance - IVINIO Caviste\" \/>\n<meta property=\"og:description\" content=\"Acheter Domaine Rouge Garance - Rouge Garance. Beau vin rouge du vignoble de l&#039;acteur Jean-Louis Trintignant. Un tr\u00e8s bon C\u00f4tes-du-Rh\u00f4ne Villages rouge !\" \/>\n<meta property=\"og:url\" content=\"https:\/\/www.ivinio.com\/fr\/produit\/domaine-rouge-garance-rouge-garance-rouge\/\" \/>\n<meta property=\"og:site_name\" content=\"IVINIO Caviste\" \/>\n<meta property=\"article:publisher\" content=\"https:\/\/www.facebook.com\/groups\/165217837022391\/?ref=bookmarks\" \/>\n<meta property=\"article:modified_time\" content=\"2026-03-27T11:04:31+00:00\" \/>\n<meta property=\"og:image\" content=\"https:\/\/www.ivinio.com\/wp-content\/uploads\/2022\/11\/Domaine-rouge-garance-rouge-garance-IVINIO-1.jpg\" \/>\n\t<meta property=\"og:image:width\" content=\"500\" \/>\n\t<meta property=\"og:image:height\" content=\"500\" \/>\n\t<meta property=\"og:image:type\" content=\"image\/jpeg\" \/>\n<meta name=\"twitter:card\" content=\"summary_large_image\" \/>\n<meta name=\"twitter:label1\" content=\"Dur\u00e9e de lecture estim\u00e9e\" \/>\n\t<meta name=\"twitter:data1\" content=\"1 minute\" \/>\n<script type=\"application\/ld+json\" class=\"yoast-schema-graph\">{\"@context\":\"https:\\\/\\\/schema.org\",\"@graph\":[{\"@type\":\"WebPage\",\"@id\":\"https:\\\/\\\/www.ivinio.com\\\/fr\\\/produit\\\/domaine-rouge-garance-rouge-garance-rouge\\\/\",\"url\":\"https:\\\/\\\/www.ivinio.com\\\/fr\\\/produit\\\/domaine-rouge-garance-rouge-garance-rouge\\\/\",\"name\":\"Acheter Domaine Rouge Garance - Rouge Garance - IVINIO Caviste\",\"isPartOf\":{\"@id\":\"https:\\\/\\\/www.ivinio.com\\\/fr\\\/#website\"},\"primaryImageOfPage\":{\"@id\":\"https:\\\/\\\/www.ivinio.com\\\/fr\\\/produit\\\/domaine-rouge-garance-rouge-garance-rouge\\\/#primaryimage\"},\"image\":{\"@id\":\"https:\\\/\\\/www.ivinio.com\\\/fr\\\/produit\\\/domaine-rouge-garance-rouge-garance-rouge\\\/#primaryimage\"},\"thumbnailUrl\":\"https:\\\/\\\/www.ivinio.com\\\/wp-content\\\/uploads\\\/2022\\\/11\\\/Domaine-rouge-garance-rouge-garance-IVINIO-1.jpg\",\"datePublished\":\"2022-11-05T10:27:47+00:00\",\"dateModified\":\"2026-03-27T11:04:31+00:00\",\"description\":\"Acheter Domaine Rouge Garance - Rouge Garance. Beau vin rouge du vignoble de l'acteur Jean-Louis Trintignant. Un tr\u00e8s bon C\u00f4tes-du-Rh\u00f4ne Villages rouge !\",\"breadcrumb\":{\"@id\":\"https:\\\/\\\/www.ivinio.com\\\/fr\\\/produit\\\/domaine-rouge-garance-rouge-garance-rouge\\\/#breadcrumb\"},\"inLanguage\":\"fr-FR\",\"potentialAction\":[{\"@type\":\"ReadAction\",\"target\":[\"https:\\\/\\\/www.ivinio.com\\\/fr\\\/produit\\\/domaine-rouge-garance-rouge-garance-rouge\\\/\"]}]},{\"@type\":\"ImageObject\",\"inLanguage\":\"fr-FR\",\"@id\":\"https:\\\/\\\/www.ivinio.com\\\/fr\\\/produit\\\/domaine-rouge-garance-rouge-garance-rouge\\\/#primaryimage\",\"url\":\"https:\\\/\\\/www.ivinio.com\\\/wp-content\\\/uploads\\\/2022\\\/11\\\/Domaine-rouge-garance-rouge-garance-IVINIO-1.jpg\",\"contentUrl\":\"https:\\\/\\\/www.ivinio.com\\\/wp-content\\\/uploads\\\/2022\\\/11\\\/Domaine-rouge-garance-rouge-garance-IVINIO-1.jpg\",\"width\":500,\"height\":500,\"caption\":\"Domaine Rouge Garance - Rouge Garance\"},{\"@type\":\"BreadcrumbList\",\"@id\":\"https:\\\/\\\/www.ivinio.com\\\/fr\\\/produit\\\/domaine-rouge-garance-rouge-garance-rouge\\\/#breadcrumb\",\"itemListElement\":[{\"@type\":\"ListItem\",\"position\":1,\"name\":\"Home\",\"item\":\"https:\\\/\\\/www.ivinio.com\\\/fr\\\/\"},{\"@type\":\"ListItem\",\"position\":2,\"name\":\"Boutique de vin\",\"item\":\"https:\\\/\\\/www.ivinio.com\\\/fr\\\/boutique-de-vin\\\/\"},{\"@type\":\"ListItem\",\"position\":3,\"name\":\"Domaine Rouge Garance &#8211; Rouge Garance &#8211; Rouge\"}]},{\"@type\":\"WebSite\",\"@id\":\"https:\\\/\\\/www.ivinio.com\\\/fr\\\/#website\",\"url\":\"https:\\\/\\\/www.ivinio.com\\\/fr\\\/\",\"name\":\"IVINIO Caviste\",\"description\":\"Vins de France et d&#039;Italie avec livraison \u00e0 domicile\",\"publisher\":{\"@id\":\"https:\\\/\\\/www.ivinio.com\\\/fr\\\/#organization\"},\"potentialAction\":[{\"@type\":\"SearchAction\",\"target\":{\"@type\":\"EntryPoint\",\"urlTemplate\":\"https:\\\/\\\/www.ivinio.com\\\/fr\\\/?s={search_term_string}\"},\"query-input\":{\"@type\":\"PropertyValueSpecification\",\"valueRequired\":true,\"valueName\":\"search_term_string\"}}],\"inLanguage\":\"fr-FR\"},{\"@type\":\"Organization\",\"@id\":\"https:\\\/\\\/www.ivinio.com\\\/fr\\\/#organization\",\"name\":\"IVINIO\",\"url\":\"https:\\\/\\\/www.ivinio.com\\\/fr\\\/\",\"logo\":{\"@type\":\"ImageObject\",\"inLanguage\":\"fr-FR\",\"@id\":\"https:\\\/\\\/www.ivinio.com\\\/fr\\\/#\\\/schema\\\/logo\\\/image\\\/\",\"url\":\"https:\\\/\\\/www.ivinio.com\\\/wp-content\\\/uploads\\\/2021\\\/01\\\/Logo-Ivinio-v2.jpg\",\"contentUrl\":\"https:\\\/\\\/www.ivinio.com\\\/wp-content\\\/uploads\\\/2021\\\/01\\\/Logo-Ivinio-v2.jpg\",\"width\":1194,\"height\":1194,\"caption\":\"IVINIO\"},\"image\":{\"@id\":\"https:\\\/\\\/www.ivinio.com\\\/fr\\\/#\\\/schema\\\/logo\\\/image\\\/\"},\"sameAs\":[\"https:\\\/\\\/www.facebook.com\\\/groups\\\/165217837022391\\\/?ref=bookmarks\",\"https:\\\/\\\/www.instagram.com\\\/_ivinio_\\\/?hl=fr\"]}]}<\/script>\n<!-- \/ Yoast SEO plugin. -->","yoast_head_json":{"title":"Acheter Domaine Rouge Garance - Rouge Garance - IVINIO Caviste","description":"Acheter Domaine Rouge Garance - Rouge Garance. Beau vin rouge du vignoble de l'acteur Jean-Louis Trintignant. Un tr\u00e8s bon C\u00f4tes-du-Rh\u00f4ne Villages rouge !","robots":{"index":"index","follow":"follow","max-snippet":"max-snippet:-1","max-image-preview":"max-image-preview:large","max-video-preview":"max-video-preview:-1"},"canonical":"https:\/\/www.ivinio.com\/fr\/produit\/domaine-rouge-garance-rouge-garance-rouge\/","og_locale":"fr_FR","og_type":"article","og_title":"Acheter Domaine Rouge Garance - Rouge Garance - IVINIO Caviste","og_description":"Acheter Domaine Rouge Garance - Rouge Garance. Beau vin rouge du vignoble de l'acteur Jean-Louis Trintignant. Un tr\u00e8s bon C\u00f4tes-du-Rh\u00f4ne Villages rouge !","og_url":"https:\/\/www.ivinio.com\/fr\/produit\/domaine-rouge-garance-rouge-garance-rouge\/","og_site_name":"IVINIO Caviste","article_publisher":"https:\/\/www.facebook.com\/groups\/165217837022391\/?ref=bookmarks","article_modified_time":"2026-03-27T11:04:31+00:00","og_image":[{"width":500,"height":500,"url":"https:\/\/www.ivinio.com\/wp-content\/uploads\/2022\/11\/Domaine-rouge-garance-rouge-garance-IVINIO-1.jpg","type":"image\/jpeg"}],"twitter_card":"summary_large_image","twitter_misc":{"Dur\u00e9e de lecture estim\u00e9e":"1 minute"},"schema":{"@context":"https:\/\/schema.org","@graph":[{"@type":"WebPage","@id":"https:\/\/www.ivinio.com\/fr\/produit\/domaine-rouge-garance-rouge-garance-rouge\/","url":"https:\/\/www.ivinio.com\/fr\/produit\/domaine-rouge-garance-rouge-garance-rouge\/","name":"Acheter Domaine Rouge Garance - Rouge Garance - IVINIO Caviste","isPartOf":{"@id":"https:\/\/www.ivinio.com\/fr\/#website"},"primaryImageOfPage":{"@id":"https:\/\/www.ivinio.com\/fr\/produit\/domaine-rouge-garance-rouge-garance-rouge\/#primaryimage"},"image":{"@id":"https:\/\/www.ivinio.com\/fr\/produit\/domaine-rouge-garance-rouge-garance-rouge\/#primaryimage"},"thumbnailUrl":"https:\/\/www.ivinio.com\/wp-content\/uploads\/2022\/11\/Domaine-rouge-garance-rouge-garance-IVINIO-1.jpg","datePublished":"2022-11-05T10:27:47+00:00","dateModified":"2026-03-27T11:04:31+00:00","description":"Acheter Domaine Rouge Garance - Rouge Garance. Beau vin rouge du vignoble de l'acteur Jean-Louis Trintignant. Un tr\u00e8s bon C\u00f4tes-du-Rh\u00f4ne Villages rouge !","breadcrumb":{"@id":"https:\/\/www.ivinio.com\/fr\/produit\/domaine-rouge-garance-rouge-garance-rouge\/#breadcrumb"},"inLanguage":"fr-FR","potentialAction":[{"@type":"ReadAction","target":["https:\/\/www.ivinio.com\/fr\/produit\/domaine-rouge-garance-rouge-garance-rouge\/"]}]},{"@type":"ImageObject","inLanguage":"fr-FR","@id":"https:\/\/www.ivinio.com\/fr\/produit\/domaine-rouge-garance-rouge-garance-rouge\/#primaryimage","url":"https:\/\/www.ivinio.com\/wp-content\/uploads\/2022\/11\/Domaine-rouge-garance-rouge-garance-IVINIO-1.jpg","contentUrl":"https:\/\/www.ivinio.com\/wp-content\/uploads\/2022\/11\/Domaine-rouge-garance-rouge-garance-IVINIO-1.jpg","width":500,"height":500,"caption":"Domaine Rouge Garance - Rouge Garance"},{"@type":"BreadcrumbList","@id":"https:\/\/www.ivinio.com\/fr\/produit\/domaine-rouge-garance-rouge-garance-rouge\/#breadcrumb","itemListElement":[{"@type":"ListItem","position":1,"name":"Home","item":"https:\/\/www.ivinio.com\/fr\/"},{"@type":"ListItem","position":2,"name":"Boutique de vin","item":"https:\/\/www.ivinio.com\/fr\/boutique-de-vin\/"},{"@type":"ListItem","position":3,"name":"Domaine Rouge Garance &#8211; Rouge Garance &#8211; Rouge"}]},{"@type":"WebSite","@id":"https:\/\/www.ivinio.com\/fr\/#website","url":"https:\/\/www.ivinio.com\/fr\/","name":"IVINIO Caviste","description":"Vins de France et d&#039;Italie avec livraison \u00e0 domicile","publisher":{"@id":"https:\/\/www.ivinio.com\/fr\/#organization"},"potentialAction":[{"@type":"SearchAction","target":{"@type":"EntryPoint","urlTemplate":"https:\/\/www.ivinio.com\/fr\/?s={search_term_string}"},"query-input":{"@type":"PropertyValueSpecification","valueRequired":true,"valueName":"search_term_string"}}],"inLanguage":"fr-FR"},{"@type":"Organization","@id":"https:\/\/www.ivinio.com\/fr\/#organization","name":"IVINIO","url":"https:\/\/www.ivinio.com\/fr\/","logo":{"@type":"ImageObject","inLanguage":"fr-FR","@id":"https:\/\/www.ivinio.com\/fr\/#\/schema\/logo\/image\/","url":"https:\/\/www.ivinio.com\/wp-content\/uploads\/2021\/01\/Logo-Ivinio-v2.jpg","contentUrl":"https:\/\/www.ivinio.com\/wp-content\/uploads\/2021\/01\/Logo-Ivinio-v2.jpg","width":1194,"height":1194,"caption":"IVINIO"},"image":{"@id":"https:\/\/www.ivinio.com\/fr\/#\/schema\/logo\/image\/"},"sameAs":["https:\/\/www.facebook.com\/groups\/165217837022391\/?ref=bookmarks","https:\/\/www.instagram.com\/_ivinio_\/?hl=fr"]}]}},"jetpack_sharing_enabled":true,"_links":{"self":[{"href":"https:\/\/www.ivinio.com\/fr\/wp-json\/wp\/v2\/product\/131771","targetHints":{"allow":["GET"]}}],"collection":[{"href":"https:\/\/www.ivinio.com\/fr\/wp-json\/wp\/v2\/product"}],"about":[{"href":"https:\/\/www.ivinio.com\/fr\/wp-json\/wp\/v2\/types\/product"}],"replies":[{"embeddable":true,"href":"https:\/\/www.ivinio.com\/fr\/wp-json\/wp\/v2\/comments?post=131771"}],"wp:featuredmedia":[{"embeddable":true,"href":"https:\/\/www.ivinio.com\/fr\/wp-json\/wp\/v2\/media\/131780"}],"wp:attachment":[{"href":"https:\/\/www.ivinio.com\/fr\/wp-json\/wp\/v2\/media?parent=131771"}],"wp:term":[{"taxonomy":"product_brand","embeddable":true,"href":"https:\/\/www.ivinio.com\/fr\/wp-json\/wp\/v2\/product_brand?post=131771"},{"taxonomy":"product_cat","embeddable":true,"href":"https:\/\/www.ivinio.com\/fr\/wp-json\/wp\/v2\/product_cat?post=131771"},{"taxonomy":"product_tag","embeddable":true,"href":"https:\/\/www.ivinio.com\/fr\/wp-json\/wp\/v2\/product_tag?post=131771"}],"curies":[{"name":"wp","href":"https:\/\/api.w.org\/{rel}","templated":true}]}}