{"id":131706,"date":"2022-10-06T19:00:43","date_gmt":"2022-10-08T18:13:19","guid":{"rendered":"https:\/\/www.ivinio.com\/product\/vins-seduisants-de-la-corse-carton-melange-1x6-bouteilles\/"},"modified":"2022-10-08T20:20:49","modified_gmt":"2022-10-08T18:20:49","slug":"vins-seduisants-de-la-corse-carton-melange-1x6-bouteilles","status":"publish","type":"product","link":"https:\/\/www.ivinio.com\/fr\/produit\/vins-seduisants-de-la-corse-carton-melange-1x6-bouteilles\/","title":{"rendered":"Vins s\u00e9duisants de la Corse. &#8211; Carton m\u00e9lang\u00e9 1&#215;6 bouteilles"},"content":{"rendered":"<p>Ce coffret de vins m\u00e9lang\u00e9, vous fait d\u00e9couvrir 6 vins de qualit\u00e9 diff\u00e9rents de l&#8217;\u00eele de beaut\u00e9 &#8211; la Corse. 4 vins rouges diff\u00e9rents et 2 vins blancs sp\u00e9cialement s\u00e9lectionn\u00e9s de domaines s\u00e9rieux qui proposent des vins Corses authentiques.<\/p>\n","protected":false},"excerpt":{"rendered":"<p>Coffret de vins m\u00e9lang\u00e9 qui vous fait d\u00e9couvrir 6 diff\u00e9rents vins de qualit\u00e9 de l&#8217;\u00eele de beaut\u00e9.<\/p>\n","protected":false},"featured_media":131694,"comment_status":"open","ping_status":"closed","template":"","meta":{"_monsterinsights_skip_tracking":false,"_monsterinsights_sitenote_active":false,"_monsterinsights_sitenote_note":"","_monsterinsights_sitenote_category":0,"_uf_show_specific_survey":0,"_uf_disable_surveys":false},"product_brand":[],"product_cat":[36634,36643],"product_tag":[],"class_list":{"0":"post-131706","1":"product","2":"type-product","3":"status-publish","4":"has-post-thumbnail","6":"product_cat-fr-corse","7":"product_cat-ronde-des-vins","8":"pa_classification-ajaccio-fr","9":"pa_classification-aop-corse-fr","10":"pa_classification-aop-corse-figari-fr","11":"pa_color-blanc-fr","12":"pa_color-rouge-fr","13":"pa_country-france-fr","14":"pa_grape-variety-niellucciu-fr","15":"pa_grape-variety-sciaccarellu-fr","16":"pa_grape-variety-syrah-fr","17":"pa_grape-variety-vermentinu-fr","18":"pa_region-corse-fr","19":"pa_volume-75-cl-fr","21":"first","22":"outofstock","23":"taxable","24":"shipping-taxable","25":"purchasable","26":"product-type-bundle"},"bundled_by":[],"bundle_stock_status":"outofstock","bundle_stock_quantity":0,"bundle_virtual":false,"bundle_layout":"grid","bundle_add_to_cart_form_location":"after_summary","bundle_editable_in_cart":false,"bundle_sold_individually_context":"product","bundle_item_grouping":"parent","bundle_min_size":"","bundle_max_size":"","bundle_price":{"price":{"min":{"incl_tax":"86.3","excl_tax":"86.25"},"max":{"incl_tax":"86.3","excl_tax":"86.25"}},"regular_price":{"min":{"incl_tax":"86.3","excl_tax":"86.25"},"max":{"incl_tax":"86.3","excl_tax":"86.25"}}},"bundled_items":[{"bundled_item_id":8853,"product_id":131683,"menu_order":0,"quantity_min":1,"quantity_max":1,"quantity_default":1,"priced_individually":false,"shipped_individually":false,"override_title":false,"title":"Domaine de Tanella &#8211; Cuv\u00e9e Alexandra &#8211; Rouge","override_description":false,"description":"Domaine de Tanella &#8211; Cuv\u00e9e Alexandra &#8211; Rouge","optional":false,"hide_thumbnail":false,"discount":"","override_variations":false,"allowed_variations":[""],"override_default_variation_attributes":false,"default_variation_attributes":[],"single_product_visibility":"visible","cart_visibility":"visible","order_visibility":"visible","single_product_price_visibility":"visible","cart_price_visibility":"visible","order_price_visibility":"visible","stock_status":"in_stock"},{"bundled_item_id":8854,"product_id":131360,"menu_order":1,"quantity_min":1,"quantity_max":1,"quantity_default":1,"priced_individually":false,"shipped_individually":false,"override_title":false,"title":"Domaine de Granajolo &#8211; Monika &#8211; Rouge","override_description":false,"description":"Domaine de Granajolo &#8211; Monika &#8211; Rouge","optional":false,"hide_thumbnail":false,"discount":"","override_variations":false,"allowed_variations":[""],"override_default_variation_attributes":false,"default_variation_attributes":[],"single_product_visibility":"visible","cart_visibility":"visible","order_visibility":"visible","single_product_price_visibility":"visible","cart_price_visibility":"visible","order_price_visibility":"visible","stock_status":"in_stock"},{"bundled_item_id":8855,"product_id":131239,"menu_order":2,"quantity_min":1,"quantity_max":1,"quantity_default":1,"priced_individually":false,"shipped_individually":false,"override_title":false,"title":"Clos Fornelli &#8211; Tradition &#8211; Rouge","override_description":false,"description":"Clos Fornelli &#8211; Tradition &#8211; Rouge","optional":false,"hide_thumbnail":false,"discount":"","override_variations":false,"allowed_variations":[""],"override_default_variation_attributes":false,"default_variation_attributes":[],"single_product_visibility":"visible","cart_visibility":"visible","order_visibility":"visible","single_product_price_visibility":"visible","cart_price_visibility":"visible","order_price_visibility":"visible","stock_status":"in_stock"},{"bundled_item_id":8856,"product_id":131670,"menu_order":3,"quantity_min":1,"quantity_max":1,"quantity_default":1,"priced_individually":false,"shipped_individually":false,"override_title":false,"title":"Clos Fornelli &#8211; Tradition &#8211; Blanc","override_description":false,"description":"Clos Fornelli &#8211; Tradition &#8211; Blanc","optional":false,"hide_thumbnail":false,"discount":"","override_variations":false,"allowed_variations":[""],"override_default_variation_attributes":false,"default_variation_attributes":[],"single_product_visibility":"visible","cart_visibility":"visible","order_visibility":"visible","single_product_price_visibility":"visible","cart_price_visibility":"visible","order_price_visibility":"visible","stock_status":"in_stock"},{"bundled_item_id":8857,"product_id":131704,"menu_order":4,"quantity_min":1,"quantity_max":1,"quantity_default":1,"priced_individually":false,"shipped_individually":false,"override_title":false,"title":"Clos Ornasca &#8211; Rouge","override_description":false,"description":"Clos Ornasca &#8211; Rouge","optional":false,"hide_thumbnail":false,"discount":"","override_variations":false,"allowed_variations":[""],"override_default_variation_attributes":false,"default_variation_attributes":[],"single_product_visibility":"visible","cart_visibility":"visible","order_visibility":"visible","single_product_price_visibility":"visible","cart_price_visibility":"visible","order_price_visibility":"visible","stock_status":"in_stock"},{"bundled_item_id":8858,"product_id":131701,"menu_order":5,"quantity_min":1,"quantity_max":1,"quantity_default":1,"priced_individually":false,"shipped_individually":false,"override_title":false,"title":"Clos Ornasca &#8211; Blanc","override_description":false,"description":"Clos Ornasca &#8211; Blanc","optional":false,"hide_thumbnail":false,"discount":"","override_variations":false,"allowed_variations":[""],"override_default_variation_attributes":false,"default_variation_attributes":[],"single_product_visibility":"visible","cart_visibility":"visible","order_visibility":"visible","single_product_price_visibility":"visible","cart_price_visibility":"visible","order_price_visibility":"visible","stock_status":"in_stock"}],"bundle_sell_ids":[],"yoast_head":"<!-- This site is optimized with the Yoast SEO plugin v27.5 - https:\/\/yoast.com\/product\/yoast-seo-wordpress\/ -->\n<title>Acheter des vins s\u00e9duisants de la Corse - IVINIO Caviste<\/title>\n<meta name=\"description\" content=\"Acheter des vins s\u00e9duisants de la Corse. Coffret de vins m\u00e9lang\u00e9 qui vous fait d\u00e9couvrir 6 vins de qualit\u00e9 diff\u00e9rents de l&#039;\u00eele de beaut\u00e9.\" \/>\n<meta name=\"robots\" content=\"index, follow, max-snippet:-1, max-image-preview:large, max-video-preview:-1\" \/>\n<link rel=\"canonical\" href=\"https:\/\/www.ivinio.com\/fr\/produit\/vins-seduisants-de-la-corse-carton-melange-1x6-bouteilles\/\" \/>\n<meta property=\"og:locale\" content=\"fr_FR\" \/>\n<meta property=\"og:type\" content=\"article\" \/>\n<meta property=\"og:title\" content=\"Acheter des vins s\u00e9duisants de la Corse - IVINIO Caviste\" \/>\n<meta property=\"og:description\" content=\"Acheter des vins s\u00e9duisants de la Corse. Coffret de vins m\u00e9lang\u00e9 qui vous fait d\u00e9couvrir 6 vins de qualit\u00e9 diff\u00e9rents de l&#039;\u00eele de beaut\u00e9.\" \/>\n<meta property=\"og:url\" content=\"https:\/\/www.ivinio.com\/fr\/produit\/vins-seduisants-de-la-corse-carton-melange-1x6-bouteilles\/\" \/>\n<meta property=\"og:site_name\" content=\"IVINIO Caviste\" \/>\n<meta property=\"article:publisher\" content=\"https:\/\/www.facebook.com\/groups\/165217837022391\/?ref=bookmarks\" \/>\n<meta property=\"article:modified_time\" content=\"2022-10-08T18:20:49+00:00\" \/>\n<meta property=\"og:image\" content=\"https:\/\/www.ivinio.com\/wp-content\/uploads\/2022\/10\/Corsemix-IVINIO.jpg\" \/>\n\t<meta property=\"og:image:width\" content=\"500\" \/>\n\t<meta property=\"og:image:height\" content=\"500\" \/>\n\t<meta property=\"og:image:type\" content=\"image\/jpeg\" \/>\n<meta name=\"twitter:card\" content=\"summary_large_image\" \/>\n<script type=\"application\/ld+json\" class=\"yoast-schema-graph\">{\"@context\":\"https:\\\/\\\/schema.org\",\"@graph\":[{\"@type\":\"WebPage\",\"@id\":\"https:\\\/\\\/www.ivinio.com\\\/fr\\\/produit\\\/vins-seduisants-de-la-corse-carton-melange-1x6-bouteilles\\\/\",\"url\":\"https:\\\/\\\/www.ivinio.com\\\/fr\\\/produit\\\/vins-seduisants-de-la-corse-carton-melange-1x6-bouteilles\\\/\",\"name\":\"Acheter des vins s\u00e9duisants de la Corse - IVINIO Caviste\",\"isPartOf\":{\"@id\":\"https:\\\/\\\/www.ivinio.com\\\/fr\\\/#website\"},\"primaryImageOfPage\":{\"@id\":\"https:\\\/\\\/www.ivinio.com\\\/fr\\\/produit\\\/vins-seduisants-de-la-corse-carton-melange-1x6-bouteilles\\\/#primaryimage\"},\"image\":{\"@id\":\"https:\\\/\\\/www.ivinio.com\\\/fr\\\/produit\\\/vins-seduisants-de-la-corse-carton-melange-1x6-bouteilles\\\/#primaryimage\"},\"thumbnailUrl\":\"https:\\\/\\\/www.ivinio.com\\\/wp-content\\\/uploads\\\/2022\\\/10\\\/Corsemix-IVINIO.jpg\",\"datePublished\":\"2022-10-08T18:13:19+00:00\",\"dateModified\":\"2022-10-08T18:20:49+00:00\",\"description\":\"Acheter des vins s\u00e9duisants de la Corse. Coffret de vins m\u00e9lang\u00e9 qui vous fait d\u00e9couvrir 6 vins de qualit\u00e9 diff\u00e9rents de l'\u00eele de beaut\u00e9.\",\"breadcrumb\":{\"@id\":\"https:\\\/\\\/www.ivinio.com\\\/fr\\\/produit\\\/vins-seduisants-de-la-corse-carton-melange-1x6-bouteilles\\\/#breadcrumb\"},\"inLanguage\":\"fr-FR\",\"potentialAction\":[{\"@type\":\"ReadAction\",\"target\":[\"https:\\\/\\\/www.ivinio.com\\\/fr\\\/produit\\\/vins-seduisants-de-la-corse-carton-melange-1x6-bouteilles\\\/\"]}]},{\"@type\":\"ImageObject\",\"inLanguage\":\"fr-FR\",\"@id\":\"https:\\\/\\\/www.ivinio.com\\\/fr\\\/produit\\\/vins-seduisants-de-la-corse-carton-melange-1x6-bouteilles\\\/#primaryimage\",\"url\":\"https:\\\/\\\/www.ivinio.com\\\/wp-content\\\/uploads\\\/2022\\\/10\\\/Corsemix-IVINIO.jpg\",\"contentUrl\":\"https:\\\/\\\/www.ivinio.com\\\/wp-content\\\/uploads\\\/2022\\\/10\\\/Corsemix-IVINIO.jpg\",\"width\":500,\"height\":500},{\"@type\":\"BreadcrumbList\",\"@id\":\"https:\\\/\\\/www.ivinio.com\\\/fr\\\/produit\\\/vins-seduisants-de-la-corse-carton-melange-1x6-bouteilles\\\/#breadcrumb\",\"itemListElement\":[{\"@type\":\"ListItem\",\"position\":1,\"name\":\"Home\",\"item\":\"https:\\\/\\\/www.ivinio.com\\\/fr\\\/\"},{\"@type\":\"ListItem\",\"position\":2,\"name\":\"Boutique de vin\",\"item\":\"https:\\\/\\\/www.ivinio.com\\\/fr\\\/boutique-de-vin\\\/\"},{\"@type\":\"ListItem\",\"position\":3,\"name\":\"Vins s\u00e9duisants de la Corse. &#8211; Carton m\u00e9lang\u00e9 1&#215;6 bouteilles\"}]},{\"@type\":\"WebSite\",\"@id\":\"https:\\\/\\\/www.ivinio.com\\\/fr\\\/#website\",\"url\":\"https:\\\/\\\/www.ivinio.com\\\/fr\\\/\",\"name\":\"IVINIO Caviste\",\"description\":\"Vins de France et d&#039;Italie avec livraison \u00e0 domicile\",\"publisher\":{\"@id\":\"https:\\\/\\\/www.ivinio.com\\\/fr\\\/#organization\"},\"potentialAction\":[{\"@type\":\"SearchAction\",\"target\":{\"@type\":\"EntryPoint\",\"urlTemplate\":\"https:\\\/\\\/www.ivinio.com\\\/fr\\\/?s={search_term_string}\"},\"query-input\":{\"@type\":\"PropertyValueSpecification\",\"valueRequired\":true,\"valueName\":\"search_term_string\"}}],\"inLanguage\":\"fr-FR\"},{\"@type\":\"Organization\",\"@id\":\"https:\\\/\\\/www.ivinio.com\\\/fr\\\/#organization\",\"name\":\"IVINIO\",\"url\":\"https:\\\/\\\/www.ivinio.com\\\/fr\\\/\",\"logo\":{\"@type\":\"ImageObject\",\"inLanguage\":\"fr-FR\",\"@id\":\"https:\\\/\\\/www.ivinio.com\\\/fr\\\/#\\\/schema\\\/logo\\\/image\\\/\",\"url\":\"https:\\\/\\\/www.ivinio.com\\\/wp-content\\\/uploads\\\/2021\\\/01\\\/Logo-Ivinio-v2.jpg\",\"contentUrl\":\"https:\\\/\\\/www.ivinio.com\\\/wp-content\\\/uploads\\\/2021\\\/01\\\/Logo-Ivinio-v2.jpg\",\"width\":1194,\"height\":1194,\"caption\":\"IVINIO\"},\"image\":{\"@id\":\"https:\\\/\\\/www.ivinio.com\\\/fr\\\/#\\\/schema\\\/logo\\\/image\\\/\"},\"sameAs\":[\"https:\\\/\\\/www.facebook.com\\\/groups\\\/165217837022391\\\/?ref=bookmarks\",\"https:\\\/\\\/www.instagram.com\\\/_ivinio_\\\/?hl=fr\"]}]}<\/script>\n<!-- \/ Yoast SEO plugin. -->","yoast_head_json":{"title":"Acheter des vins s\u00e9duisants de la Corse - IVINIO Caviste","description":"Acheter des vins s\u00e9duisants de la Corse. Coffret de vins m\u00e9lang\u00e9 qui vous fait d\u00e9couvrir 6 vins de qualit\u00e9 diff\u00e9rents de l'\u00eele de beaut\u00e9.","robots":{"index":"index","follow":"follow","max-snippet":"max-snippet:-1","max-image-preview":"max-image-preview:large","max-video-preview":"max-video-preview:-1"},"canonical":"https:\/\/www.ivinio.com\/fr\/produit\/vins-seduisants-de-la-corse-carton-melange-1x6-bouteilles\/","og_locale":"fr_FR","og_type":"article","og_title":"Acheter des vins s\u00e9duisants de la Corse - IVINIO Caviste","og_description":"Acheter des vins s\u00e9duisants de la Corse. Coffret de vins m\u00e9lang\u00e9 qui vous fait d\u00e9couvrir 6 vins de qualit\u00e9 diff\u00e9rents de l'\u00eele de beaut\u00e9.","og_url":"https:\/\/www.ivinio.com\/fr\/produit\/vins-seduisants-de-la-corse-carton-melange-1x6-bouteilles\/","og_site_name":"IVINIO Caviste","article_publisher":"https:\/\/www.facebook.com\/groups\/165217837022391\/?ref=bookmarks","article_modified_time":"2022-10-08T18:20:49+00:00","og_image":[{"width":500,"height":500,"url":"https:\/\/www.ivinio.com\/wp-content\/uploads\/2022\/10\/Corsemix-IVINIO.jpg","type":"image\/jpeg"}],"twitter_card":"summary_large_image","schema":{"@context":"https:\/\/schema.org","@graph":[{"@type":"WebPage","@id":"https:\/\/www.ivinio.com\/fr\/produit\/vins-seduisants-de-la-corse-carton-melange-1x6-bouteilles\/","url":"https:\/\/www.ivinio.com\/fr\/produit\/vins-seduisants-de-la-corse-carton-melange-1x6-bouteilles\/","name":"Acheter des vins s\u00e9duisants de la Corse - IVINIO Caviste","isPartOf":{"@id":"https:\/\/www.ivinio.com\/fr\/#website"},"primaryImageOfPage":{"@id":"https:\/\/www.ivinio.com\/fr\/produit\/vins-seduisants-de-la-corse-carton-melange-1x6-bouteilles\/#primaryimage"},"image":{"@id":"https:\/\/www.ivinio.com\/fr\/produit\/vins-seduisants-de-la-corse-carton-melange-1x6-bouteilles\/#primaryimage"},"thumbnailUrl":"https:\/\/www.ivinio.com\/wp-content\/uploads\/2022\/10\/Corsemix-IVINIO.jpg","datePublished":"2022-10-08T18:13:19+00:00","dateModified":"2022-10-08T18:20:49+00:00","description":"Acheter des vins s\u00e9duisants de la Corse. Coffret de vins m\u00e9lang\u00e9 qui vous fait d\u00e9couvrir 6 vins de qualit\u00e9 diff\u00e9rents de l'\u00eele de beaut\u00e9.","breadcrumb":{"@id":"https:\/\/www.ivinio.com\/fr\/produit\/vins-seduisants-de-la-corse-carton-melange-1x6-bouteilles\/#breadcrumb"},"inLanguage":"fr-FR","potentialAction":[{"@type":"ReadAction","target":["https:\/\/www.ivinio.com\/fr\/produit\/vins-seduisants-de-la-corse-carton-melange-1x6-bouteilles\/"]}]},{"@type":"ImageObject","inLanguage":"fr-FR","@id":"https:\/\/www.ivinio.com\/fr\/produit\/vins-seduisants-de-la-corse-carton-melange-1x6-bouteilles\/#primaryimage","url":"https:\/\/www.ivinio.com\/wp-content\/uploads\/2022\/10\/Corsemix-IVINIO.jpg","contentUrl":"https:\/\/www.ivinio.com\/wp-content\/uploads\/2022\/10\/Corsemix-IVINIO.jpg","width":500,"height":500},{"@type":"BreadcrumbList","@id":"https:\/\/www.ivinio.com\/fr\/produit\/vins-seduisants-de-la-corse-carton-melange-1x6-bouteilles\/#breadcrumb","itemListElement":[{"@type":"ListItem","position":1,"name":"Home","item":"https:\/\/www.ivinio.com\/fr\/"},{"@type":"ListItem","position":2,"name":"Boutique de vin","item":"https:\/\/www.ivinio.com\/fr\/boutique-de-vin\/"},{"@type":"ListItem","position":3,"name":"Vins s\u00e9duisants de la Corse. &#8211; Carton m\u00e9lang\u00e9 1&#215;6 bouteilles"}]},{"@type":"WebSite","@id":"https:\/\/www.ivinio.com\/fr\/#website","url":"https:\/\/www.ivinio.com\/fr\/","name":"IVINIO Caviste","description":"Vins de France et d&#039;Italie avec livraison \u00e0 domicile","publisher":{"@id":"https:\/\/www.ivinio.com\/fr\/#organization"},"potentialAction":[{"@type":"SearchAction","target":{"@type":"EntryPoint","urlTemplate":"https:\/\/www.ivinio.com\/fr\/?s={search_term_string}"},"query-input":{"@type":"PropertyValueSpecification","valueRequired":true,"valueName":"search_term_string"}}],"inLanguage":"fr-FR"},{"@type":"Organization","@id":"https:\/\/www.ivinio.com\/fr\/#organization","name":"IVINIO","url":"https:\/\/www.ivinio.com\/fr\/","logo":{"@type":"ImageObject","inLanguage":"fr-FR","@id":"https:\/\/www.ivinio.com\/fr\/#\/schema\/logo\/image\/","url":"https:\/\/www.ivinio.com\/wp-content\/uploads\/2021\/01\/Logo-Ivinio-v2.jpg","contentUrl":"https:\/\/www.ivinio.com\/wp-content\/uploads\/2021\/01\/Logo-Ivinio-v2.jpg","width":1194,"height":1194,"caption":"IVINIO"},"image":{"@id":"https:\/\/www.ivinio.com\/fr\/#\/schema\/logo\/image\/"},"sameAs":["https:\/\/www.facebook.com\/groups\/165217837022391\/?ref=bookmarks","https:\/\/www.instagram.com\/_ivinio_\/?hl=fr"]}]}},"jetpack_sharing_enabled":true,"_links":{"self":[{"href":"https:\/\/www.ivinio.com\/fr\/wp-json\/wp\/v2\/product\/131706","targetHints":{"allow":["GET"]}}],"collection":[{"href":"https:\/\/www.ivinio.com\/fr\/wp-json\/wp\/v2\/product"}],"about":[{"href":"https:\/\/www.ivinio.com\/fr\/wp-json\/wp\/v2\/types\/product"}],"replies":[{"embeddable":true,"href":"https:\/\/www.ivinio.com\/fr\/wp-json\/wp\/v2\/comments?post=131706"}],"wp:featuredmedia":[{"embeddable":true,"href":"https:\/\/www.ivinio.com\/fr\/wp-json\/wp\/v2\/media\/131694"}],"wp:attachment":[{"href":"https:\/\/www.ivinio.com\/fr\/wp-json\/wp\/v2\/media?parent=131706"}],"wp:term":[{"taxonomy":"product_brand","embeddable":true,"href":"https:\/\/www.ivinio.com\/fr\/wp-json\/wp\/v2\/product_brand?post=131706"},{"taxonomy":"product_cat","embeddable":true,"href":"https:\/\/www.ivinio.com\/fr\/wp-json\/wp\/v2\/product_cat?post=131706"},{"taxonomy":"product_tag","embeddable":true,"href":"https:\/\/www.ivinio.com\/fr\/wp-json\/wp\/v2\/product_tag?post=131706"}],"curies":[{"name":"wp","href":"https:\/\/api.w.org\/{rel}","templated":true}]}}