{"id":131624,"date":"2022-05-09T19:25:33","date_gmt":"2022-05-09T17:25:33","guid":{"rendered":"https:\/\/www.ivinio.com\/product\/bordeaux-special-carton-decouverte-2211-bouteilles\/"},"modified":"2026-01-19T17:20:40","modified_gmt":"2026-01-19T16:20:40","slug":"bordeauxspecial-carton-decouverte-2211-bouteilles","status":"publish","type":"product","link":"https:\/\/www.ivinio.com\/fr\/produit\/bordeauxspecial-carton-decouverte-2211-bouteilles\/","title":{"rendered":"Bordeaux sp\u00e9cial ! Carton d\u00e9couverte 2+2+1+1 bouteilles"},"content":{"rendered":"<p>Ce coffret de vin m\u00e9lang\u00e9 vous permet de d\u00e9guster 4 vins de Bordeaux, de diff\u00e9rentes appellations. 2 bouteilles de Ch\u00e2teau Le Plantier qui est un Bordeaux Sup\u00e9rieur de l&#8217;excellent mill\u00e9sime 2016. 2 bouteilles de Ch\u00e2teau Le Respide 2020 de l&#8217;appellation Graves, dans le sud-ouest de Bordeaux. 1 bouteille de Ch\u00e2teau Tour Haut Vignoble 2017 de la prestigieuse appellation Saint-Est\u00e8phe et 1 bouteille de Ch\u00e2teau Ferran 2018 en Pessac-L\u00e9ognan. Un choix parfait pour d\u00e9guster les vins de la r\u00e9gion bordelaise dans des styles diff\u00e9rents !<\/p>\n","protected":false},"excerpt":{"rendered":"<p>Ce coffret vin m\u00e9lang\u00e9 vous donne l&#8217;opportunit\u00e9 de d\u00e9guster 4 vins diff\u00e9rents de Bordeaux, de diff\u00e9rentes appellations !<\/p>\n","protected":false},"featured_media":131170,"comment_status":"open","ping_status":"closed","template":"","meta":{"_monsterinsights_skip_tracking":false,"_monsterinsights_sitenote_active":false,"_monsterinsights_sitenote_note":"","_monsterinsights_sitenote_category":0,"_uf_show_specific_survey":0,"_uf_disable_surveys":false},"product_brand":[],"product_cat":[36631,36643],"product_tag":[],"class_list":{"0":"post-131624","1":"product","2":"type-product","3":"status-publish","4":"has-post-thumbnail","6":"product_cat-fr-bordeaux","7":"product_cat-ronde-des-vins","8":"pa_classification-aop-bordeaux-superieur-fr","9":"pa_classification-aop-graves-fr","10":"pa_classification-aop-saint-estephe-fr","11":"pa_color-rouge-fr","12":"pa_country-france-fr","13":"pa_grape-variety-cabernet-sauvignon-fr","14":"pa_grape-variety-petit-verdot-fr","15":"pa_region-bordeaux-fr","16":"pa_vintage-2016-fr","17":"pa_vintage-2017-fr","18":"pa_vintage-2018-fr","19":"pa_vintage-2020-fr","21":"first","22":"instock","23":"sale","24":"taxable","25":"shipping-taxable","26":"purchasable","27":"product-type-bundle"},"bundled_by":[],"bundle_stock_status":"instock","bundle_stock_quantity":"","bundle_virtual":false,"bundle_layout":"grid","bundle_add_to_cart_form_location":"after_summary","bundle_editable_in_cart":false,"bundle_sold_individually_context":"product","bundle_item_grouping":"noindent","bundle_min_size":"","bundle_max_size":"","bundle_price":{"price":{"min":{"incl_tax":"54.5","excl_tax":"54.5"},"max":{"incl_tax":"54.5","excl_tax":"54.5"}},"regular_price":{"min":{"incl_tax":"73.3","excl_tax":"73.25"},"max":{"incl_tax":"73.3","excl_tax":"73.25"}}},"bundled_items":[{"bundled_item_id":8834,"product_id":131633,"menu_order":0,"quantity_min":1,"quantity_max":1,"quantity_default":1,"priced_individually":false,"shipped_individually":false,"override_title":false,"title":"Ch\u00e2teau Tour Haut Vignoble &#8211; Saint-Est\u00e8phe &#8211; Rouge","override_description":false,"description":"Ch\u00e2teau Tour Haut Vignoble &#8211; Saint-Est\u00e8phe &#8211; Rouge","optional":false,"hide_thumbnail":false,"discount":"","override_variations":false,"allowed_variations":[""],"override_default_variation_attributes":false,"default_variation_attributes":[],"single_product_visibility":"visible","cart_visibility":"visible","order_visibility":"visible","single_product_price_visibility":"visible","cart_price_visibility":"visible","order_price_visibility":"visible","stock_status":"in_stock"},{"bundled_item_id":8835,"product_id":121328,"menu_order":1,"quantity_min":2,"quantity_max":2,"quantity_default":2,"priced_individually":false,"shipped_individually":false,"override_title":false,"title":"Ch\u00e2teau de respide &#8211; R\u00e9serve &#8211; Graves &#8211; Rouge","override_description":false,"description":"Ch\u00e2teau de respide &#8211; R\u00e9serve &#8211; Graves &#8211; Rouge","optional":false,"hide_thumbnail":false,"discount":"","override_variations":false,"allowed_variations":[""],"override_default_variation_attributes":false,"default_variation_attributes":[],"single_product_visibility":"visible","cart_visibility":"visible","order_visibility":"visible","single_product_price_visibility":"visible","cart_price_visibility":"visible","order_price_visibility":"visible","stock_status":"in_stock"},{"bundled_item_id":8836,"product_id":131637,"menu_order":2,"quantity_min":2,"quantity_max":2,"quantity_default":2,"priced_individually":false,"shipped_individually":false,"override_title":false,"title":"Ch\u00e2teau Plantier &#8211; Bordeaux sup\u00e9rieur -Rouge","override_description":false,"description":"Ch\u00e2teau Plantier &#8211; Bordeaux sup\u00e9rieur -Rouge","optional":false,"hide_thumbnail":false,"discount":"","override_variations":false,"allowed_variations":[""],"override_default_variation_attributes":false,"default_variation_attributes":[],"single_product_visibility":"visible","cart_visibility":"visible","order_visibility":"visible","single_product_price_visibility":"visible","cart_price_visibility":"visible","order_price_visibility":"visible","stock_status":"in_stock"},{"bundled_item_id":8837,"product_id":121591,"menu_order":3,"quantity_min":1,"quantity_max":1,"quantity_default":1,"priced_individually":false,"shipped_individually":false,"override_title":false,"title":"Ch\u00e2teau Ferran &#8211; Pessac L\u00e9ognan &#8211; Rouge","override_description":false,"description":"Ch\u00e2teau Ferran &#8211; Pessac L\u00e9ognan &#8211; Rouge","optional":false,"hide_thumbnail":false,"discount":"","override_variations":false,"allowed_variations":[""],"override_default_variation_attributes":false,"default_variation_attributes":[],"single_product_visibility":"visible","cart_visibility":"visible","order_visibility":"visible","single_product_price_visibility":"visible","cart_price_visibility":"visible","order_price_visibility":"visible","stock_status":"in_stock"}],"bundle_sell_ids":[],"yoast_head":"<!-- This site is optimized with the Yoast SEO plugin v27.4 - https:\/\/yoast.com\/product\/yoast-seo-wordpress\/ -->\n<title>Bordeaux sp\u00e9cial ! Carton d\u00e9couverte - IVINIO Caviste<\/title>\n<meta name=\"description\" content=\"Acheter Bordeaux sp\u00e9cial ! Carton d\u00e9couverte. 4 diff\u00e9rents vins rouges de diff\u00e9rentes appellations viticoles de la r\u00e9gion de Bordeaux !\" \/>\n<meta name=\"robots\" content=\"index, follow, max-snippet:-1, max-image-preview:large, max-video-preview:-1\" \/>\n<link rel=\"canonical\" href=\"https:\/\/www.ivinio.com\/fr\/produit\/bordeauxspecial-carton-decouverte-2211-bouteilles\/\" \/>\n<meta property=\"og:locale\" content=\"fr_FR\" \/>\n<meta property=\"og:type\" content=\"article\" \/>\n<meta property=\"og:title\" content=\"Bordeaux sp\u00e9cial ! Carton d\u00e9couverte - IVINIO Caviste\" \/>\n<meta property=\"og:description\" content=\"Acheter Bordeaux sp\u00e9cial ! Carton d\u00e9couverte. 4 diff\u00e9rents vins rouges de diff\u00e9rentes appellations viticoles de la r\u00e9gion de Bordeaux !\" \/>\n<meta property=\"og:url\" content=\"https:\/\/www.ivinio.com\/fr\/produit\/bordeauxspecial-carton-decouverte-2211-bouteilles\/\" \/>\n<meta property=\"og:site_name\" content=\"IVINIO Caviste\" \/>\n<meta property=\"article:publisher\" content=\"https:\/\/www.facebook.com\/groups\/165217837022391\/?ref=bookmarks\" \/>\n<meta property=\"article:modified_time\" content=\"2026-01-19T16:20:40+00:00\" \/>\n<meta property=\"og:image\" content=\"https:\/\/www.ivinio.com\/wp-content\/uploads\/2022\/05\/Bordeaux-mix-IVINIO.jpg\" \/>\n\t<meta property=\"og:image:width\" content=\"500\" \/>\n\t<meta property=\"og:image:height\" content=\"500\" \/>\n\t<meta property=\"og:image:type\" content=\"image\/jpeg\" \/>\n<meta name=\"twitter:card\" content=\"summary_large_image\" \/>\n<meta name=\"twitter:label1\" content=\"Dur\u00e9e de lecture estim\u00e9e\" \/>\n\t<meta name=\"twitter:data1\" content=\"1 minute\" \/>\n<script type=\"application\/ld+json\" class=\"yoast-schema-graph\">{\"@context\":\"https:\\\/\\\/schema.org\",\"@graph\":[{\"@type\":\"WebPage\",\"@id\":\"https:\\\/\\\/www.ivinio.com\\\/fr\\\/produit\\\/bordeauxspecial-carton-decouverte-2211-bouteilles\\\/\",\"url\":\"https:\\\/\\\/www.ivinio.com\\\/fr\\\/produit\\\/bordeauxspecial-carton-decouverte-2211-bouteilles\\\/\",\"name\":\"Bordeaux sp\u00e9cial ! Carton d\u00e9couverte - IVINIO Caviste\",\"isPartOf\":{\"@id\":\"https:\\\/\\\/www.ivinio.com\\\/fr\\\/#website\"},\"primaryImageOfPage\":{\"@id\":\"https:\\\/\\\/www.ivinio.com\\\/fr\\\/produit\\\/bordeauxspecial-carton-decouverte-2211-bouteilles\\\/#primaryimage\"},\"image\":{\"@id\":\"https:\\\/\\\/www.ivinio.com\\\/fr\\\/produit\\\/bordeauxspecial-carton-decouverte-2211-bouteilles\\\/#primaryimage\"},\"thumbnailUrl\":\"https:\\\/\\\/www.ivinio.com\\\/wp-content\\\/uploads\\\/2022\\\/05\\\/Bordeaux-mix-IVINIO.jpg\",\"datePublished\":\"2022-05-09T17:25:33+00:00\",\"dateModified\":\"2026-01-19T16:20:40+00:00\",\"description\":\"Acheter Bordeaux sp\u00e9cial ! Carton d\u00e9couverte. 4 diff\u00e9rents vins rouges de diff\u00e9rentes appellations viticoles de la r\u00e9gion de Bordeaux !\",\"breadcrumb\":{\"@id\":\"https:\\\/\\\/www.ivinio.com\\\/fr\\\/produit\\\/bordeauxspecial-carton-decouverte-2211-bouteilles\\\/#breadcrumb\"},\"inLanguage\":\"fr-FR\",\"potentialAction\":[{\"@type\":\"ReadAction\",\"target\":[\"https:\\\/\\\/www.ivinio.com\\\/fr\\\/produit\\\/bordeauxspecial-carton-decouverte-2211-bouteilles\\\/\"]}]},{\"@type\":\"ImageObject\",\"inLanguage\":\"fr-FR\",\"@id\":\"https:\\\/\\\/www.ivinio.com\\\/fr\\\/produit\\\/bordeauxspecial-carton-decouverte-2211-bouteilles\\\/#primaryimage\",\"url\":\"https:\\\/\\\/www.ivinio.com\\\/wp-content\\\/uploads\\\/2022\\\/05\\\/Bordeaux-mix-IVINIO.jpg\",\"contentUrl\":\"https:\\\/\\\/www.ivinio.com\\\/wp-content\\\/uploads\\\/2022\\\/05\\\/Bordeaux-mix-IVINIO.jpg\",\"width\":500,\"height\":500},{\"@type\":\"BreadcrumbList\",\"@id\":\"https:\\\/\\\/www.ivinio.com\\\/fr\\\/produit\\\/bordeauxspecial-carton-decouverte-2211-bouteilles\\\/#breadcrumb\",\"itemListElement\":[{\"@type\":\"ListItem\",\"position\":1,\"name\":\"Home\",\"item\":\"https:\\\/\\\/www.ivinio.com\\\/fr\\\/\"},{\"@type\":\"ListItem\",\"position\":2,\"name\":\"Boutique de vin\",\"item\":\"https:\\\/\\\/www.ivinio.com\\\/fr\\\/boutique-de-vin\\\/\"},{\"@type\":\"ListItem\",\"position\":3,\"name\":\"Bordeaux sp\u00e9cial ! Carton d\u00e9couverte 2+2+1+1 bouteilles\"}]},{\"@type\":\"WebSite\",\"@id\":\"https:\\\/\\\/www.ivinio.com\\\/fr\\\/#website\",\"url\":\"https:\\\/\\\/www.ivinio.com\\\/fr\\\/\",\"name\":\"IVINIO Caviste\",\"description\":\"Vins de France et d&#039;Italie avec livraison \u00e0 domicile\",\"publisher\":{\"@id\":\"https:\\\/\\\/www.ivinio.com\\\/fr\\\/#organization\"},\"potentialAction\":[{\"@type\":\"SearchAction\",\"target\":{\"@type\":\"EntryPoint\",\"urlTemplate\":\"https:\\\/\\\/www.ivinio.com\\\/fr\\\/?s={search_term_string}\"},\"query-input\":{\"@type\":\"PropertyValueSpecification\",\"valueRequired\":true,\"valueName\":\"search_term_string\"}}],\"inLanguage\":\"fr-FR\"},{\"@type\":\"Organization\",\"@id\":\"https:\\\/\\\/www.ivinio.com\\\/fr\\\/#organization\",\"name\":\"IVINIO\",\"url\":\"https:\\\/\\\/www.ivinio.com\\\/fr\\\/\",\"logo\":{\"@type\":\"ImageObject\",\"inLanguage\":\"fr-FR\",\"@id\":\"https:\\\/\\\/www.ivinio.com\\\/fr\\\/#\\\/schema\\\/logo\\\/image\\\/\",\"url\":\"https:\\\/\\\/www.ivinio.com\\\/wp-content\\\/uploads\\\/2021\\\/01\\\/Logo-Ivinio-v2.jpg\",\"contentUrl\":\"https:\\\/\\\/www.ivinio.com\\\/wp-content\\\/uploads\\\/2021\\\/01\\\/Logo-Ivinio-v2.jpg\",\"width\":1194,\"height\":1194,\"caption\":\"IVINIO\"},\"image\":{\"@id\":\"https:\\\/\\\/www.ivinio.com\\\/fr\\\/#\\\/schema\\\/logo\\\/image\\\/\"},\"sameAs\":[\"https:\\\/\\\/www.facebook.com\\\/groups\\\/165217837022391\\\/?ref=bookmarks\",\"https:\\\/\\\/www.instagram.com\\\/_ivinio_\\\/?hl=fr\"]}]}<\/script>\n<!-- \/ Yoast SEO plugin. -->","yoast_head_json":{"title":"Bordeaux sp\u00e9cial ! Carton d\u00e9couverte - IVINIO Caviste","description":"Acheter Bordeaux sp\u00e9cial ! Carton d\u00e9couverte. 4 diff\u00e9rents vins rouges de diff\u00e9rentes appellations viticoles de la r\u00e9gion de Bordeaux !","robots":{"index":"index","follow":"follow","max-snippet":"max-snippet:-1","max-image-preview":"max-image-preview:large","max-video-preview":"max-video-preview:-1"},"canonical":"https:\/\/www.ivinio.com\/fr\/produit\/bordeauxspecial-carton-decouverte-2211-bouteilles\/","og_locale":"fr_FR","og_type":"article","og_title":"Bordeaux sp\u00e9cial ! Carton d\u00e9couverte - IVINIO Caviste","og_description":"Acheter Bordeaux sp\u00e9cial ! Carton d\u00e9couverte. 4 diff\u00e9rents vins rouges de diff\u00e9rentes appellations viticoles de la r\u00e9gion de Bordeaux !","og_url":"https:\/\/www.ivinio.com\/fr\/produit\/bordeauxspecial-carton-decouverte-2211-bouteilles\/","og_site_name":"IVINIO Caviste","article_publisher":"https:\/\/www.facebook.com\/groups\/165217837022391\/?ref=bookmarks","article_modified_time":"2026-01-19T16:20:40+00:00","og_image":[{"width":500,"height":500,"url":"https:\/\/www.ivinio.com\/wp-content\/uploads\/2022\/05\/Bordeaux-mix-IVINIO.jpg","type":"image\/jpeg"}],"twitter_card":"summary_large_image","twitter_misc":{"Dur\u00e9e de lecture estim\u00e9e":"1 minute"},"schema":{"@context":"https:\/\/schema.org","@graph":[{"@type":"WebPage","@id":"https:\/\/www.ivinio.com\/fr\/produit\/bordeauxspecial-carton-decouverte-2211-bouteilles\/","url":"https:\/\/www.ivinio.com\/fr\/produit\/bordeauxspecial-carton-decouverte-2211-bouteilles\/","name":"Bordeaux sp\u00e9cial ! Carton d\u00e9couverte - IVINIO Caviste","isPartOf":{"@id":"https:\/\/www.ivinio.com\/fr\/#website"},"primaryImageOfPage":{"@id":"https:\/\/www.ivinio.com\/fr\/produit\/bordeauxspecial-carton-decouverte-2211-bouteilles\/#primaryimage"},"image":{"@id":"https:\/\/www.ivinio.com\/fr\/produit\/bordeauxspecial-carton-decouverte-2211-bouteilles\/#primaryimage"},"thumbnailUrl":"https:\/\/www.ivinio.com\/wp-content\/uploads\/2022\/05\/Bordeaux-mix-IVINIO.jpg","datePublished":"2022-05-09T17:25:33+00:00","dateModified":"2026-01-19T16:20:40+00:00","description":"Acheter Bordeaux sp\u00e9cial ! Carton d\u00e9couverte. 4 diff\u00e9rents vins rouges de diff\u00e9rentes appellations viticoles de la r\u00e9gion de Bordeaux !","breadcrumb":{"@id":"https:\/\/www.ivinio.com\/fr\/produit\/bordeauxspecial-carton-decouverte-2211-bouteilles\/#breadcrumb"},"inLanguage":"fr-FR","potentialAction":[{"@type":"ReadAction","target":["https:\/\/www.ivinio.com\/fr\/produit\/bordeauxspecial-carton-decouverte-2211-bouteilles\/"]}]},{"@type":"ImageObject","inLanguage":"fr-FR","@id":"https:\/\/www.ivinio.com\/fr\/produit\/bordeauxspecial-carton-decouverte-2211-bouteilles\/#primaryimage","url":"https:\/\/www.ivinio.com\/wp-content\/uploads\/2022\/05\/Bordeaux-mix-IVINIO.jpg","contentUrl":"https:\/\/www.ivinio.com\/wp-content\/uploads\/2022\/05\/Bordeaux-mix-IVINIO.jpg","width":500,"height":500},{"@type":"BreadcrumbList","@id":"https:\/\/www.ivinio.com\/fr\/produit\/bordeauxspecial-carton-decouverte-2211-bouteilles\/#breadcrumb","itemListElement":[{"@type":"ListItem","position":1,"name":"Home","item":"https:\/\/www.ivinio.com\/fr\/"},{"@type":"ListItem","position":2,"name":"Boutique de vin","item":"https:\/\/www.ivinio.com\/fr\/boutique-de-vin\/"},{"@type":"ListItem","position":3,"name":"Bordeaux sp\u00e9cial ! Carton d\u00e9couverte 2+2+1+1 bouteilles"}]},{"@type":"WebSite","@id":"https:\/\/www.ivinio.com\/fr\/#website","url":"https:\/\/www.ivinio.com\/fr\/","name":"IVINIO Caviste","description":"Vins de France et d&#039;Italie avec livraison \u00e0 domicile","publisher":{"@id":"https:\/\/www.ivinio.com\/fr\/#organization"},"potentialAction":[{"@type":"SearchAction","target":{"@type":"EntryPoint","urlTemplate":"https:\/\/www.ivinio.com\/fr\/?s={search_term_string}"},"query-input":{"@type":"PropertyValueSpecification","valueRequired":true,"valueName":"search_term_string"}}],"inLanguage":"fr-FR"},{"@type":"Organization","@id":"https:\/\/www.ivinio.com\/fr\/#organization","name":"IVINIO","url":"https:\/\/www.ivinio.com\/fr\/","logo":{"@type":"ImageObject","inLanguage":"fr-FR","@id":"https:\/\/www.ivinio.com\/fr\/#\/schema\/logo\/image\/","url":"https:\/\/www.ivinio.com\/wp-content\/uploads\/2021\/01\/Logo-Ivinio-v2.jpg","contentUrl":"https:\/\/www.ivinio.com\/wp-content\/uploads\/2021\/01\/Logo-Ivinio-v2.jpg","width":1194,"height":1194,"caption":"IVINIO"},"image":{"@id":"https:\/\/www.ivinio.com\/fr\/#\/schema\/logo\/image\/"},"sameAs":["https:\/\/www.facebook.com\/groups\/165217837022391\/?ref=bookmarks","https:\/\/www.instagram.com\/_ivinio_\/?hl=fr"]}]}},"jetpack_sharing_enabled":true,"_links":{"self":[{"href":"https:\/\/www.ivinio.com\/fr\/wp-json\/wp\/v2\/product\/131624","targetHints":{"allow":["GET"]}}],"collection":[{"href":"https:\/\/www.ivinio.com\/fr\/wp-json\/wp\/v2\/product"}],"about":[{"href":"https:\/\/www.ivinio.com\/fr\/wp-json\/wp\/v2\/types\/product"}],"replies":[{"embeddable":true,"href":"https:\/\/www.ivinio.com\/fr\/wp-json\/wp\/v2\/comments?post=131624"}],"wp:featuredmedia":[{"embeddable":true,"href":"https:\/\/www.ivinio.com\/fr\/wp-json\/wp\/v2\/media\/131170"}],"wp:attachment":[{"href":"https:\/\/www.ivinio.com\/fr\/wp-json\/wp\/v2\/media?parent=131624"}],"wp:term":[{"taxonomy":"product_brand","embeddable":true,"href":"https:\/\/www.ivinio.com\/fr\/wp-json\/wp\/v2\/product_brand?post=131624"},{"taxonomy":"product_cat","embeddable":true,"href":"https:\/\/www.ivinio.com\/fr\/wp-json\/wp\/v2\/product_cat?post=131624"},{"taxonomy":"product_tag","embeddable":true,"href":"https:\/\/www.ivinio.com\/fr\/wp-json\/wp\/v2\/product_tag?post=131624"}],"curies":[{"name":"wp","href":"https:\/\/api.w.org\/{rel}","templated":true}]}}