{"id":131360,"date":"2022-06-14T12:01:00","date_gmt":"2022-06-14T16:36:19","guid":{"rendered":"https:\/\/www.ivinio.com\/product\/domaine-de-granajolo-monika-rouge\/"},"modified":"2022-10-07T15:22:15","modified_gmt":"2022-10-07T13:22:15","slug":"domaine-de-granajolo-monika-rouge","status":"publish","type":"product","link":"https:\/\/www.ivinio.com\/fr\/produit\/domaine-de-granajolo-monika-rouge\/","title":{"rendered":"Domaine de Granajolo &#8211; Monika &#8211; Rouge"},"content":{"rendered":"<p>Domaine de Granajolo &#8211; Monika est compos\u00e9 de Nielluccu et Syrah. Les raisins sont \u00e9grapp\u00e9s et foul\u00e9s, de tr\u00e8s faibles doses de sulfites sont utilis\u00e9es. Les raisins sont ferment\u00e9s en cuves inox \u00e0 temp\u00e9rature contr\u00f4l\u00e9e. Tout d&#8217;abord \u00e0 20\u00b0C, puis progressivement augment\u00e9e pour atteindre 28\u00b0C en fin de fermentation 3 semaines plus tard. D\u00e9lestage r\u00e9guli\u00e8rement pendant la fermentation. Le vin est press\u00e9 et la fermentation malolactique suit. Elevage pendant 1 \u00e0 2 ans dans des cuves en inox. Pas de clarification. <a href=\"https:\/\/www.vignevin-occitanie.com\/fiches-pratiques\/la-filtration-ou-microfiltration-tangentielle\/\">Filtration tangentielle<\/a> qui permet de faibles doses de soufre tout en maintenant la stabilit\u00e9 du vin.<\/p>\n","protected":false},"excerpt":{"rendered":"<p>Domaine de Granajolo &#8211; Monika est un vin rouge soulpe et velout\u00e9, compos\u00e9 de niellucciu. V\u00e9g\u00e9tal, min\u00e9ral avec des notes de fruits rouges, \u00e9pic\u00e9. Le palais est \u00e9l\u00e9gant et velout\u00e9.<\/p>\n","protected":false},"featured_media":131356,"comment_status":"open","ping_status":"closed","template":"","meta":{"_monsterinsights_skip_tracking":false,"_monsterinsights_sitenote_active":false,"_monsterinsights_sitenote_note":"","_monsterinsights_sitenote_category":0,"_uf_show_specific_survey":0,"_uf_disable_surveys":false},"product_brand":[],"product_cat":[36634,36586],"product_tag":[],"class_list":{"0":"post-131360","1":"product","2":"type-product","3":"status-publish","4":"has-post-thumbnail","6":"product_cat-fr-corse","7":"product_cat-vins-francais","8":"pa_color-rouge-fr","9":"pa_country-france-fr","10":"pa_region-corse-fr","11":"pa_storage-potential-5-ans-fr","12":"pa_vintage-2020-fr","14":"first","15":"instock","16":"taxable","17":"shipping-taxable","18":"purchasable","19":"product-type-simple"},"bundled_by":["131706"],"bundle_stock_status":"instock","bundle_stock_quantity":null,"bundle_virtual":false,"bundle_layout":"","bundle_add_to_cart_form_location":"","bundle_editable_in_cart":false,"bundle_sold_individually_context":"","bundle_item_grouping":"","bundle_min_size":"","bundle_max_size":"","bundle_price":[],"bundled_items":[],"bundle_sell_ids":[],"yoast_head":"<!-- This site is optimized with the Yoast SEO plugin v27.5 - https:\/\/yoast.com\/product\/yoast-seo-wordpress\/ -->\n<title>Acheter Domaine de Granajolo - Monika - Rouge - IVINIO Caviste<\/title>\n<meta name=\"description\" content=\"Acheter Domaine de Granajolo - Monika - Rouge. Compos\u00e9 de niellucciu, v\u00e9g\u00e9tal, min\u00e9ral avec des notes de fruits rouges, \u00e9pic\u00e9. Le palais est \u00e9l\u00e9gant et velout\u00e9.\" \/>\n<meta name=\"robots\" content=\"index, follow, max-snippet:-1, max-image-preview:large, max-video-preview:-1\" \/>\n<link rel=\"canonical\" href=\"https:\/\/www.ivinio.com\/fr\/produit\/domaine-de-granajolo-monika-rouge\/\" \/>\n<meta property=\"og:locale\" content=\"fr_FR\" \/>\n<meta property=\"og:type\" content=\"article\" \/>\n<meta property=\"og:title\" content=\"Acheter Domaine de Granajolo - Monika - Rouge - IVINIO Caviste\" \/>\n<meta property=\"og:description\" content=\"Acheter Domaine de Granajolo - Monika - Rouge. Compos\u00e9 de niellucciu, v\u00e9g\u00e9tal, min\u00e9ral avec des notes de fruits rouges, \u00e9pic\u00e9. Le palais est \u00e9l\u00e9gant et velout\u00e9.\" \/>\n<meta property=\"og:url\" content=\"https:\/\/www.ivinio.com\/fr\/produit\/domaine-de-granajolo-monika-rouge\/\" \/>\n<meta property=\"og:site_name\" content=\"IVINIO Caviste\" \/>\n<meta property=\"article:publisher\" content=\"https:\/\/www.facebook.com\/groups\/165217837022391\/?ref=bookmarks\" \/>\n<meta property=\"article:modified_time\" content=\"2022-10-07T13:22:15+00:00\" \/>\n<meta property=\"og:image\" content=\"https:\/\/www.ivinio.com\/wp-content\/uploads\/2022\/06\/Domaine-de-Granajolo-Monika-IVINIO.jpg\" \/>\n\t<meta property=\"og:image:width\" content=\"500\" \/>\n\t<meta property=\"og:image:height\" content=\"500\" \/>\n\t<meta property=\"og:image:type\" content=\"image\/jpeg\" \/>\n<meta name=\"twitter:card\" content=\"summary_large_image\" \/>\n<meta name=\"twitter:label1\" content=\"Dur\u00e9e de lecture estim\u00e9e\" \/>\n\t<meta name=\"twitter:data1\" content=\"1 minute\" \/>\n<script type=\"application\/ld+json\" class=\"yoast-schema-graph\">{\"@context\":\"https:\\\/\\\/schema.org\",\"@graph\":[{\"@type\":\"WebPage\",\"@id\":\"https:\\\/\\\/www.ivinio.com\\\/fr\\\/produit\\\/domaine-de-granajolo-monika-rouge\\\/\",\"url\":\"https:\\\/\\\/www.ivinio.com\\\/fr\\\/produit\\\/domaine-de-granajolo-monika-rouge\\\/\",\"name\":\"Acheter Domaine de Granajolo - Monika - Rouge - IVINIO Caviste\",\"isPartOf\":{\"@id\":\"https:\\\/\\\/www.ivinio.com\\\/fr\\\/#website\"},\"primaryImageOfPage\":{\"@id\":\"https:\\\/\\\/www.ivinio.com\\\/fr\\\/produit\\\/domaine-de-granajolo-monika-rouge\\\/#primaryimage\"},\"image\":{\"@id\":\"https:\\\/\\\/www.ivinio.com\\\/fr\\\/produit\\\/domaine-de-granajolo-monika-rouge\\\/#primaryimage\"},\"thumbnailUrl\":\"https:\\\/\\\/www.ivinio.com\\\/wp-content\\\/uploads\\\/2022\\\/06\\\/Domaine-de-Granajolo-Monika-IVINIO.jpg\",\"datePublished\":\"2022-06-14T16:36:19+00:00\",\"dateModified\":\"2022-10-07T13:22:15+00:00\",\"description\":\"Acheter Domaine de Granajolo - Monika - Rouge. Compos\u00e9 de niellucciu, v\u00e9g\u00e9tal, min\u00e9ral avec des notes de fruits rouges, \u00e9pic\u00e9. Le palais est \u00e9l\u00e9gant et velout\u00e9.\",\"breadcrumb\":{\"@id\":\"https:\\\/\\\/www.ivinio.com\\\/fr\\\/produit\\\/domaine-de-granajolo-monika-rouge\\\/#breadcrumb\"},\"inLanguage\":\"fr-FR\",\"potentialAction\":[{\"@type\":\"ReadAction\",\"target\":[\"https:\\\/\\\/www.ivinio.com\\\/fr\\\/produit\\\/domaine-de-granajolo-monika-rouge\\\/\"]}]},{\"@type\":\"ImageObject\",\"inLanguage\":\"fr-FR\",\"@id\":\"https:\\\/\\\/www.ivinio.com\\\/fr\\\/produit\\\/domaine-de-granajolo-monika-rouge\\\/#primaryimage\",\"url\":\"https:\\\/\\\/www.ivinio.com\\\/wp-content\\\/uploads\\\/2022\\\/06\\\/Domaine-de-Granajolo-Monika-IVINIO.jpg\",\"contentUrl\":\"https:\\\/\\\/www.ivinio.com\\\/wp-content\\\/uploads\\\/2022\\\/06\\\/Domaine-de-Granajolo-Monika-IVINIO.jpg\",\"width\":500,\"height\":500,\"caption\":\"Domaine-de-Granajolo-Monika\"},{\"@type\":\"BreadcrumbList\",\"@id\":\"https:\\\/\\\/www.ivinio.com\\\/fr\\\/produit\\\/domaine-de-granajolo-monika-rouge\\\/#breadcrumb\",\"itemListElement\":[{\"@type\":\"ListItem\",\"position\":1,\"name\":\"Home\",\"item\":\"https:\\\/\\\/www.ivinio.com\\\/fr\\\/\"},{\"@type\":\"ListItem\",\"position\":2,\"name\":\"Boutique de vin\",\"item\":\"https:\\\/\\\/www.ivinio.com\\\/fr\\\/boutique-de-vin\\\/\"},{\"@type\":\"ListItem\",\"position\":3,\"name\":\"Domaine de Granajolo &#8211; Monika &#8211; Rouge\"}]},{\"@type\":\"WebSite\",\"@id\":\"https:\\\/\\\/www.ivinio.com\\\/fr\\\/#website\",\"url\":\"https:\\\/\\\/www.ivinio.com\\\/fr\\\/\",\"name\":\"IVINIO Caviste\",\"description\":\"Vins de France et d&#039;Italie avec livraison \u00e0 domicile\",\"publisher\":{\"@id\":\"https:\\\/\\\/www.ivinio.com\\\/fr\\\/#organization\"},\"potentialAction\":[{\"@type\":\"SearchAction\",\"target\":{\"@type\":\"EntryPoint\",\"urlTemplate\":\"https:\\\/\\\/www.ivinio.com\\\/fr\\\/?s={search_term_string}\"},\"query-input\":{\"@type\":\"PropertyValueSpecification\",\"valueRequired\":true,\"valueName\":\"search_term_string\"}}],\"inLanguage\":\"fr-FR\"},{\"@type\":\"Organization\",\"@id\":\"https:\\\/\\\/www.ivinio.com\\\/fr\\\/#organization\",\"name\":\"IVINIO\",\"url\":\"https:\\\/\\\/www.ivinio.com\\\/fr\\\/\",\"logo\":{\"@type\":\"ImageObject\",\"inLanguage\":\"fr-FR\",\"@id\":\"https:\\\/\\\/www.ivinio.com\\\/fr\\\/#\\\/schema\\\/logo\\\/image\\\/\",\"url\":\"https:\\\/\\\/www.ivinio.com\\\/wp-content\\\/uploads\\\/2021\\\/01\\\/Logo-Ivinio-v2.jpg\",\"contentUrl\":\"https:\\\/\\\/www.ivinio.com\\\/wp-content\\\/uploads\\\/2021\\\/01\\\/Logo-Ivinio-v2.jpg\",\"width\":1194,\"height\":1194,\"caption\":\"IVINIO\"},\"image\":{\"@id\":\"https:\\\/\\\/www.ivinio.com\\\/fr\\\/#\\\/schema\\\/logo\\\/image\\\/\"},\"sameAs\":[\"https:\\\/\\\/www.facebook.com\\\/groups\\\/165217837022391\\\/?ref=bookmarks\",\"https:\\\/\\\/www.instagram.com\\\/_ivinio_\\\/?hl=fr\"]}]}<\/script>\n<!-- \/ Yoast SEO plugin. -->","yoast_head_json":{"title":"Acheter Domaine de Granajolo - Monika - Rouge - IVINIO Caviste","description":"Acheter Domaine de Granajolo - Monika - Rouge. Compos\u00e9 de niellucciu, v\u00e9g\u00e9tal, min\u00e9ral avec des notes de fruits rouges, \u00e9pic\u00e9. Le palais est \u00e9l\u00e9gant et velout\u00e9.","robots":{"index":"index","follow":"follow","max-snippet":"max-snippet:-1","max-image-preview":"max-image-preview:large","max-video-preview":"max-video-preview:-1"},"canonical":"https:\/\/www.ivinio.com\/fr\/produit\/domaine-de-granajolo-monika-rouge\/","og_locale":"fr_FR","og_type":"article","og_title":"Acheter Domaine de Granajolo - Monika - Rouge - IVINIO Caviste","og_description":"Acheter Domaine de Granajolo - Monika - Rouge. Compos\u00e9 de niellucciu, v\u00e9g\u00e9tal, min\u00e9ral avec des notes de fruits rouges, \u00e9pic\u00e9. Le palais est \u00e9l\u00e9gant et velout\u00e9.","og_url":"https:\/\/www.ivinio.com\/fr\/produit\/domaine-de-granajolo-monika-rouge\/","og_site_name":"IVINIO Caviste","article_publisher":"https:\/\/www.facebook.com\/groups\/165217837022391\/?ref=bookmarks","article_modified_time":"2022-10-07T13:22:15+00:00","og_image":[{"width":500,"height":500,"url":"https:\/\/www.ivinio.com\/wp-content\/uploads\/2022\/06\/Domaine-de-Granajolo-Monika-IVINIO.jpg","type":"image\/jpeg"}],"twitter_card":"summary_large_image","twitter_misc":{"Dur\u00e9e de lecture estim\u00e9e":"1 minute"},"schema":{"@context":"https:\/\/schema.org","@graph":[{"@type":"WebPage","@id":"https:\/\/www.ivinio.com\/fr\/produit\/domaine-de-granajolo-monika-rouge\/","url":"https:\/\/www.ivinio.com\/fr\/produit\/domaine-de-granajolo-monika-rouge\/","name":"Acheter Domaine de Granajolo - Monika - Rouge - IVINIO Caviste","isPartOf":{"@id":"https:\/\/www.ivinio.com\/fr\/#website"},"primaryImageOfPage":{"@id":"https:\/\/www.ivinio.com\/fr\/produit\/domaine-de-granajolo-monika-rouge\/#primaryimage"},"image":{"@id":"https:\/\/www.ivinio.com\/fr\/produit\/domaine-de-granajolo-monika-rouge\/#primaryimage"},"thumbnailUrl":"https:\/\/www.ivinio.com\/wp-content\/uploads\/2022\/06\/Domaine-de-Granajolo-Monika-IVINIO.jpg","datePublished":"2022-06-14T16:36:19+00:00","dateModified":"2022-10-07T13:22:15+00:00","description":"Acheter Domaine de Granajolo - Monika - Rouge. Compos\u00e9 de niellucciu, v\u00e9g\u00e9tal, min\u00e9ral avec des notes de fruits rouges, \u00e9pic\u00e9. Le palais est \u00e9l\u00e9gant et velout\u00e9.","breadcrumb":{"@id":"https:\/\/www.ivinio.com\/fr\/produit\/domaine-de-granajolo-monika-rouge\/#breadcrumb"},"inLanguage":"fr-FR","potentialAction":[{"@type":"ReadAction","target":["https:\/\/www.ivinio.com\/fr\/produit\/domaine-de-granajolo-monika-rouge\/"]}]},{"@type":"ImageObject","inLanguage":"fr-FR","@id":"https:\/\/www.ivinio.com\/fr\/produit\/domaine-de-granajolo-monika-rouge\/#primaryimage","url":"https:\/\/www.ivinio.com\/wp-content\/uploads\/2022\/06\/Domaine-de-Granajolo-Monika-IVINIO.jpg","contentUrl":"https:\/\/www.ivinio.com\/wp-content\/uploads\/2022\/06\/Domaine-de-Granajolo-Monika-IVINIO.jpg","width":500,"height":500,"caption":"Domaine-de-Granajolo-Monika"},{"@type":"BreadcrumbList","@id":"https:\/\/www.ivinio.com\/fr\/produit\/domaine-de-granajolo-monika-rouge\/#breadcrumb","itemListElement":[{"@type":"ListItem","position":1,"name":"Home","item":"https:\/\/www.ivinio.com\/fr\/"},{"@type":"ListItem","position":2,"name":"Boutique de vin","item":"https:\/\/www.ivinio.com\/fr\/boutique-de-vin\/"},{"@type":"ListItem","position":3,"name":"Domaine de Granajolo &#8211; Monika &#8211; Rouge"}]},{"@type":"WebSite","@id":"https:\/\/www.ivinio.com\/fr\/#website","url":"https:\/\/www.ivinio.com\/fr\/","name":"IVINIO Caviste","description":"Vins de France et d&#039;Italie avec livraison \u00e0 domicile","publisher":{"@id":"https:\/\/www.ivinio.com\/fr\/#organization"},"potentialAction":[{"@type":"SearchAction","target":{"@type":"EntryPoint","urlTemplate":"https:\/\/www.ivinio.com\/fr\/?s={search_term_string}"},"query-input":{"@type":"PropertyValueSpecification","valueRequired":true,"valueName":"search_term_string"}}],"inLanguage":"fr-FR"},{"@type":"Organization","@id":"https:\/\/www.ivinio.com\/fr\/#organization","name":"IVINIO","url":"https:\/\/www.ivinio.com\/fr\/","logo":{"@type":"ImageObject","inLanguage":"fr-FR","@id":"https:\/\/www.ivinio.com\/fr\/#\/schema\/logo\/image\/","url":"https:\/\/www.ivinio.com\/wp-content\/uploads\/2021\/01\/Logo-Ivinio-v2.jpg","contentUrl":"https:\/\/www.ivinio.com\/wp-content\/uploads\/2021\/01\/Logo-Ivinio-v2.jpg","width":1194,"height":1194,"caption":"IVINIO"},"image":{"@id":"https:\/\/www.ivinio.com\/fr\/#\/schema\/logo\/image\/"},"sameAs":["https:\/\/www.facebook.com\/groups\/165217837022391\/?ref=bookmarks","https:\/\/www.instagram.com\/_ivinio_\/?hl=fr"]}]}},"jetpack_sharing_enabled":true,"_links":{"self":[{"href":"https:\/\/www.ivinio.com\/fr\/wp-json\/wp\/v2\/product\/131360","targetHints":{"allow":["GET"]}}],"collection":[{"href":"https:\/\/www.ivinio.com\/fr\/wp-json\/wp\/v2\/product"}],"about":[{"href":"https:\/\/www.ivinio.com\/fr\/wp-json\/wp\/v2\/types\/product"}],"replies":[{"embeddable":true,"href":"https:\/\/www.ivinio.com\/fr\/wp-json\/wp\/v2\/comments?post=131360"}],"wp:featuredmedia":[{"embeddable":true,"href":"https:\/\/www.ivinio.com\/fr\/wp-json\/wp\/v2\/media\/131356"}],"wp:attachment":[{"href":"https:\/\/www.ivinio.com\/fr\/wp-json\/wp\/v2\/media?parent=131360"}],"wp:term":[{"taxonomy":"product_brand","embeddable":true,"href":"https:\/\/www.ivinio.com\/fr\/wp-json\/wp\/v2\/product_brand?post=131360"},{"taxonomy":"product_cat","embeddable":true,"href":"https:\/\/www.ivinio.com\/fr\/wp-json\/wp\/v2\/product_cat?post=131360"},{"taxonomy":"product_tag","embeddable":true,"href":"https:\/\/www.ivinio.com\/fr\/wp-json\/wp\/v2\/product_tag?post=131360"}],"curies":[{"name":"wp","href":"https:\/\/api.w.org\/{rel}","templated":true}]}}