{"id":131087,"date":"2021-12-10T19:48:42","date_gmt":"2022-05-04T10:29:12","guid":{"rendered":"https:\/\/www.ivinio.com\/product\/chateau-de-valcombe-les-vignes-de-valcombe-le-soufre-coupe-rouge\/"},"modified":"2022-05-04T12:46:48","modified_gmt":"2022-05-04T10:46:48","slug":"chateau-de-valcombe-les-vignes-de-valcombe-le-soufre-coupe-rouge","status":"publish","type":"product","link":"https:\/\/www.ivinio.com\/fr\/produit\/chateau-de-valcombe-les-vignes-de-valcombe-le-soufre-coupe-rouge\/","title":{"rendered":"Ch\u00e2teau de Valcombe &#8211; Les vignes de Valcombe &#8211; le soufre coup\u00e9 &#8211; Rouge"},"content":{"rendered":"<p>Ch\u00e2teau de Valcombe &#8211; le soufre coup\u00e9 est un vin rouge fruit\u00e9 issu de 50% Syrah et 50% Grenache sans sulfites ajout\u00e9s. Le vin est cultiv\u00e9 sur les coteaux surplombant les \u00e9tangs de la <a href=\"http:\/\/www.parc-camargue.fr\/\">Camargue<\/a>. Le terroir pr\u00e9sente, pour les <a href=\"https:\/\/www.ivinio.com\/sv\/categorie-produit\/franska-viner\/?wpf_filter_classification=aop-costieres-de-nimes-sv\">Costi\u00e8res de N\u00eemes<\/a>, une couche calcaire unique qui donne au vin de la fra\u00eecheur et de la min\u00e9ralit\u00e9. Les raisins sont \u00e9grapp\u00e9s imm\u00e9diatement apr\u00e8s la vendange puis vinifi\u00e9s en cuve ciment sans ajout de levure ni de soufre. La fermentation se fait \u00e0 une temp\u00e9rature d&#8217;environ 25-27\u00b0C. Remontages lents et r\u00e9p\u00e9t\u00e9s. Pas de fermentation malolactique. Le vin est \u00e9lev\u00e9 sans soufre ajout\u00e9 dans des cuves en ciment.<\/p>\n<p>&nbsp;<\/p>\n<p>&nbsp;<\/p>\n","protected":false},"excerpt":{"rendered":"<p>Ch\u00e2teau de Valcombe &#8211; le soufre coup\u00e9 est un vin rouge fruit\u00e9 issu de 50% Syrah et 50% Grenache sans sulfites ajout\u00e9s. Cors\u00e9, fruit\u00e9 avec une grande complexit\u00e9.<\/p>\n","protected":false},"featured_media":131080,"comment_status":"open","ping_status":"closed","template":"","meta":{"_monsterinsights_skip_tracking":false,"_monsterinsights_sitenote_active":false,"_monsterinsights_sitenote_note":"","_monsterinsights_sitenote_category":0,"_uf_show_specific_survey":0,"_uf_disable_surveys":false},"product_brand":[],"product_cat":[36619,36586],"product_tag":[],"class_list":{"0":"post-131087","1":"product","2":"type-product","3":"status-publish","4":"has-post-thumbnail","6":"product_cat-fr-cotes-du-rhone","7":"product_cat-vins-francais","8":"pa_alcohol-degree-12-fr","9":"pa_classification-vin-de-france","10":"pa_color-rouge-fr","11":"pa_country-france-fr","12":"pa_grape-variety-grenache-fr","13":"pa_grape-variety-syrah-fr","14":"pa_region-vallee-du-rhone-fr","15":"pa_storage-potential-3-ans-fr","16":"pa_vintage-2021-fr","17":"pa_volume-75-cl-fr","19":"first","20":"instock","21":"taxable","22":"shipping-taxable","23":"purchasable","24":"product-type-simple"},"bundled_by":["121219"],"bundle_stock_status":"instock","bundle_stock_quantity":null,"bundle_virtual":false,"bundle_layout":"","bundle_add_to_cart_form_location":"","bundle_editable_in_cart":false,"bundle_sold_individually_context":"","bundle_item_grouping":"","bundle_min_size":"","bundle_max_size":"","bundle_price":[],"bundled_items":[],"bundle_sell_ids":[],"yoast_head":"<!-- This site is optimized with the Yoast SEO plugin v27.4 - https:\/\/yoast.com\/product\/yoast-seo-wordpress\/ -->\n<title>Ch\u00e2teau de Valcombe - Les vignes de Valcombe - le soufre coup\u00e9 - IVINIO Caviste<\/title>\n<meta name=\"description\" content=\"Acheter Ch\u00e2teau de Valcombe - Les vignes de Valcombe - le soufre coup\u00e9 . Un vin rouge fruit\u00e9 compos\u00e9 de Syrah et Grenache sans sulfites ajout\u00e9s.\" \/>\n<meta name=\"robots\" content=\"index, follow, max-snippet:-1, max-image-preview:large, max-video-preview:-1\" \/>\n<link rel=\"canonical\" href=\"https:\/\/www.ivinio.com\/fr\/produit\/chateau-de-valcombe-les-vignes-de-valcombe-le-soufre-coupe-rouge\/\" \/>\n<meta property=\"og:locale\" content=\"fr_FR\" \/>\n<meta property=\"og:type\" content=\"article\" \/>\n<meta property=\"og:title\" content=\"Ch\u00e2teau de Valcombe - Les vignes de Valcombe - le soufre coup\u00e9 - IVINIO Caviste\" \/>\n<meta property=\"og:description\" content=\"Acheter Ch\u00e2teau de Valcombe - Les vignes de Valcombe - le soufre coup\u00e9 . Un vin rouge fruit\u00e9 compos\u00e9 de Syrah et Grenache sans sulfites ajout\u00e9s.\" \/>\n<meta property=\"og:url\" content=\"https:\/\/www.ivinio.com\/fr\/produit\/chateau-de-valcombe-les-vignes-de-valcombe-le-soufre-coupe-rouge\/\" \/>\n<meta property=\"og:site_name\" content=\"IVINIO Caviste\" \/>\n<meta property=\"article:publisher\" content=\"https:\/\/www.facebook.com\/groups\/165217837022391\/?ref=bookmarks\" \/>\n<meta property=\"article:modified_time\" content=\"2022-05-04T10:46:48+00:00\" \/>\n<meta property=\"og:image\" content=\"https:\/\/www.ivinio.com\/wp-content\/uploads\/2021\/12\/Chateau-de-Valcombe-soufre-coupe-IVINIO.jpg\" \/>\n\t<meta property=\"og:image:width\" content=\"500\" \/>\n\t<meta property=\"og:image:height\" content=\"500\" \/>\n\t<meta property=\"og:image:type\" content=\"image\/jpeg\" \/>\n<meta name=\"twitter:card\" content=\"summary_large_image\" \/>\n<meta name=\"twitter:label1\" content=\"Dur\u00e9e de lecture estim\u00e9e\" \/>\n\t<meta name=\"twitter:data1\" content=\"1 minute\" \/>\n<script type=\"application\/ld+json\" class=\"yoast-schema-graph\">{\"@context\":\"https:\\\/\\\/schema.org\",\"@graph\":[{\"@type\":\"WebPage\",\"@id\":\"https:\\\/\\\/www.ivinio.com\\\/fr\\\/produit\\\/chateau-de-valcombe-les-vignes-de-valcombe-le-soufre-coupe-rouge\\\/\",\"url\":\"https:\\\/\\\/www.ivinio.com\\\/fr\\\/produit\\\/chateau-de-valcombe-les-vignes-de-valcombe-le-soufre-coupe-rouge\\\/\",\"name\":\"Ch\u00e2teau de Valcombe - Les vignes de Valcombe - le soufre coup\u00e9 - IVINIO Caviste\",\"isPartOf\":{\"@id\":\"https:\\\/\\\/www.ivinio.com\\\/fr\\\/#website\"},\"primaryImageOfPage\":{\"@id\":\"https:\\\/\\\/www.ivinio.com\\\/fr\\\/produit\\\/chateau-de-valcombe-les-vignes-de-valcombe-le-soufre-coupe-rouge\\\/#primaryimage\"},\"image\":{\"@id\":\"https:\\\/\\\/www.ivinio.com\\\/fr\\\/produit\\\/chateau-de-valcombe-les-vignes-de-valcombe-le-soufre-coupe-rouge\\\/#primaryimage\"},\"thumbnailUrl\":\"https:\\\/\\\/www.ivinio.com\\\/wp-content\\\/uploads\\\/2021\\\/12\\\/Chateau-de-Valcombe-soufre-coupe-IVINIO.jpg\",\"datePublished\":\"2022-05-04T10:29:12+00:00\",\"dateModified\":\"2022-05-04T10:46:48+00:00\",\"description\":\"Acheter Ch\u00e2teau de Valcombe - Les vignes de Valcombe - le soufre coup\u00e9 . Un vin rouge fruit\u00e9 compos\u00e9 de Syrah et Grenache sans sulfites ajout\u00e9s.\",\"breadcrumb\":{\"@id\":\"https:\\\/\\\/www.ivinio.com\\\/fr\\\/produit\\\/chateau-de-valcombe-les-vignes-de-valcombe-le-soufre-coupe-rouge\\\/#breadcrumb\"},\"inLanguage\":\"fr-FR\",\"potentialAction\":[{\"@type\":\"ReadAction\",\"target\":[\"https:\\\/\\\/www.ivinio.com\\\/fr\\\/produit\\\/chateau-de-valcombe-les-vignes-de-valcombe-le-soufre-coupe-rouge\\\/\"]}]},{\"@type\":\"ImageObject\",\"inLanguage\":\"fr-FR\",\"@id\":\"https:\\\/\\\/www.ivinio.com\\\/fr\\\/produit\\\/chateau-de-valcombe-les-vignes-de-valcombe-le-soufre-coupe-rouge\\\/#primaryimage\",\"url\":\"https:\\\/\\\/www.ivinio.com\\\/wp-content\\\/uploads\\\/2021\\\/12\\\/Chateau-de-Valcombe-soufre-coupe-IVINIO.jpg\",\"contentUrl\":\"https:\\\/\\\/www.ivinio.com\\\/wp-content\\\/uploads\\\/2021\\\/12\\\/Chateau-de-Valcombe-soufre-coupe-IVINIO.jpg\",\"width\":500,\"height\":500},{\"@type\":\"BreadcrumbList\",\"@id\":\"https:\\\/\\\/www.ivinio.com\\\/fr\\\/produit\\\/chateau-de-valcombe-les-vignes-de-valcombe-le-soufre-coupe-rouge\\\/#breadcrumb\",\"itemListElement\":[{\"@type\":\"ListItem\",\"position\":1,\"name\":\"Home\",\"item\":\"https:\\\/\\\/www.ivinio.com\\\/fr\\\/\"},{\"@type\":\"ListItem\",\"position\":2,\"name\":\"Boutique de vin\",\"item\":\"https:\\\/\\\/www.ivinio.com\\\/fr\\\/boutique-de-vin\\\/\"},{\"@type\":\"ListItem\",\"position\":3,\"name\":\"Ch\u00e2teau de Valcombe &#8211; Les vignes de Valcombe &#8211; le soufre coup\u00e9 &#8211; Rouge\"}]},{\"@type\":\"WebSite\",\"@id\":\"https:\\\/\\\/www.ivinio.com\\\/fr\\\/#website\",\"url\":\"https:\\\/\\\/www.ivinio.com\\\/fr\\\/\",\"name\":\"IVINIO Caviste\",\"description\":\"Vins de France et d&#039;Italie avec livraison \u00e0 domicile\",\"publisher\":{\"@id\":\"https:\\\/\\\/www.ivinio.com\\\/fr\\\/#organization\"},\"potentialAction\":[{\"@type\":\"SearchAction\",\"target\":{\"@type\":\"EntryPoint\",\"urlTemplate\":\"https:\\\/\\\/www.ivinio.com\\\/fr\\\/?s={search_term_string}\"},\"query-input\":{\"@type\":\"PropertyValueSpecification\",\"valueRequired\":true,\"valueName\":\"search_term_string\"}}],\"inLanguage\":\"fr-FR\"},{\"@type\":\"Organization\",\"@id\":\"https:\\\/\\\/www.ivinio.com\\\/fr\\\/#organization\",\"name\":\"IVINIO\",\"url\":\"https:\\\/\\\/www.ivinio.com\\\/fr\\\/\",\"logo\":{\"@type\":\"ImageObject\",\"inLanguage\":\"fr-FR\",\"@id\":\"https:\\\/\\\/www.ivinio.com\\\/fr\\\/#\\\/schema\\\/logo\\\/image\\\/\",\"url\":\"https:\\\/\\\/www.ivinio.com\\\/wp-content\\\/uploads\\\/2021\\\/01\\\/Logo-Ivinio-v2.jpg\",\"contentUrl\":\"https:\\\/\\\/www.ivinio.com\\\/wp-content\\\/uploads\\\/2021\\\/01\\\/Logo-Ivinio-v2.jpg\",\"width\":1194,\"height\":1194,\"caption\":\"IVINIO\"},\"image\":{\"@id\":\"https:\\\/\\\/www.ivinio.com\\\/fr\\\/#\\\/schema\\\/logo\\\/image\\\/\"},\"sameAs\":[\"https:\\\/\\\/www.facebook.com\\\/groups\\\/165217837022391\\\/?ref=bookmarks\",\"https:\\\/\\\/www.instagram.com\\\/_ivinio_\\\/?hl=fr\"]}]}<\/script>\n<!-- \/ Yoast SEO plugin. -->","yoast_head_json":{"title":"Ch\u00e2teau de Valcombe - Les vignes de Valcombe - le soufre coup\u00e9 - IVINIO Caviste","description":"Acheter Ch\u00e2teau de Valcombe - Les vignes de Valcombe - le soufre coup\u00e9 . Un vin rouge fruit\u00e9 compos\u00e9 de Syrah et Grenache sans sulfites ajout\u00e9s.","robots":{"index":"index","follow":"follow","max-snippet":"max-snippet:-1","max-image-preview":"max-image-preview:large","max-video-preview":"max-video-preview:-1"},"canonical":"https:\/\/www.ivinio.com\/fr\/produit\/chateau-de-valcombe-les-vignes-de-valcombe-le-soufre-coupe-rouge\/","og_locale":"fr_FR","og_type":"article","og_title":"Ch\u00e2teau de Valcombe - Les vignes de Valcombe - le soufre coup\u00e9 - IVINIO Caviste","og_description":"Acheter Ch\u00e2teau de Valcombe - Les vignes de Valcombe - le soufre coup\u00e9 . Un vin rouge fruit\u00e9 compos\u00e9 de Syrah et Grenache sans sulfites ajout\u00e9s.","og_url":"https:\/\/www.ivinio.com\/fr\/produit\/chateau-de-valcombe-les-vignes-de-valcombe-le-soufre-coupe-rouge\/","og_site_name":"IVINIO Caviste","article_publisher":"https:\/\/www.facebook.com\/groups\/165217837022391\/?ref=bookmarks","article_modified_time":"2022-05-04T10:46:48+00:00","og_image":[{"width":500,"height":500,"url":"https:\/\/www.ivinio.com\/wp-content\/uploads\/2021\/12\/Chateau-de-Valcombe-soufre-coupe-IVINIO.jpg","type":"image\/jpeg"}],"twitter_card":"summary_large_image","twitter_misc":{"Dur\u00e9e de lecture estim\u00e9e":"1 minute"},"schema":{"@context":"https:\/\/schema.org","@graph":[{"@type":"WebPage","@id":"https:\/\/www.ivinio.com\/fr\/produit\/chateau-de-valcombe-les-vignes-de-valcombe-le-soufre-coupe-rouge\/","url":"https:\/\/www.ivinio.com\/fr\/produit\/chateau-de-valcombe-les-vignes-de-valcombe-le-soufre-coupe-rouge\/","name":"Ch\u00e2teau de Valcombe - Les vignes de Valcombe - le soufre coup\u00e9 - IVINIO Caviste","isPartOf":{"@id":"https:\/\/www.ivinio.com\/fr\/#website"},"primaryImageOfPage":{"@id":"https:\/\/www.ivinio.com\/fr\/produit\/chateau-de-valcombe-les-vignes-de-valcombe-le-soufre-coupe-rouge\/#primaryimage"},"image":{"@id":"https:\/\/www.ivinio.com\/fr\/produit\/chateau-de-valcombe-les-vignes-de-valcombe-le-soufre-coupe-rouge\/#primaryimage"},"thumbnailUrl":"https:\/\/www.ivinio.com\/wp-content\/uploads\/2021\/12\/Chateau-de-Valcombe-soufre-coupe-IVINIO.jpg","datePublished":"2022-05-04T10:29:12+00:00","dateModified":"2022-05-04T10:46:48+00:00","description":"Acheter Ch\u00e2teau de Valcombe - Les vignes de Valcombe - le soufre coup\u00e9 . Un vin rouge fruit\u00e9 compos\u00e9 de Syrah et Grenache sans sulfites ajout\u00e9s.","breadcrumb":{"@id":"https:\/\/www.ivinio.com\/fr\/produit\/chateau-de-valcombe-les-vignes-de-valcombe-le-soufre-coupe-rouge\/#breadcrumb"},"inLanguage":"fr-FR","potentialAction":[{"@type":"ReadAction","target":["https:\/\/www.ivinio.com\/fr\/produit\/chateau-de-valcombe-les-vignes-de-valcombe-le-soufre-coupe-rouge\/"]}]},{"@type":"ImageObject","inLanguage":"fr-FR","@id":"https:\/\/www.ivinio.com\/fr\/produit\/chateau-de-valcombe-les-vignes-de-valcombe-le-soufre-coupe-rouge\/#primaryimage","url":"https:\/\/www.ivinio.com\/wp-content\/uploads\/2021\/12\/Chateau-de-Valcombe-soufre-coupe-IVINIO.jpg","contentUrl":"https:\/\/www.ivinio.com\/wp-content\/uploads\/2021\/12\/Chateau-de-Valcombe-soufre-coupe-IVINIO.jpg","width":500,"height":500},{"@type":"BreadcrumbList","@id":"https:\/\/www.ivinio.com\/fr\/produit\/chateau-de-valcombe-les-vignes-de-valcombe-le-soufre-coupe-rouge\/#breadcrumb","itemListElement":[{"@type":"ListItem","position":1,"name":"Home","item":"https:\/\/www.ivinio.com\/fr\/"},{"@type":"ListItem","position":2,"name":"Boutique de vin","item":"https:\/\/www.ivinio.com\/fr\/boutique-de-vin\/"},{"@type":"ListItem","position":3,"name":"Ch\u00e2teau de Valcombe &#8211; Les vignes de Valcombe &#8211; le soufre coup\u00e9 &#8211; Rouge"}]},{"@type":"WebSite","@id":"https:\/\/www.ivinio.com\/fr\/#website","url":"https:\/\/www.ivinio.com\/fr\/","name":"IVINIO Caviste","description":"Vins de France et d&#039;Italie avec livraison \u00e0 domicile","publisher":{"@id":"https:\/\/www.ivinio.com\/fr\/#organization"},"potentialAction":[{"@type":"SearchAction","target":{"@type":"EntryPoint","urlTemplate":"https:\/\/www.ivinio.com\/fr\/?s={search_term_string}"},"query-input":{"@type":"PropertyValueSpecification","valueRequired":true,"valueName":"search_term_string"}}],"inLanguage":"fr-FR"},{"@type":"Organization","@id":"https:\/\/www.ivinio.com\/fr\/#organization","name":"IVINIO","url":"https:\/\/www.ivinio.com\/fr\/","logo":{"@type":"ImageObject","inLanguage":"fr-FR","@id":"https:\/\/www.ivinio.com\/fr\/#\/schema\/logo\/image\/","url":"https:\/\/www.ivinio.com\/wp-content\/uploads\/2021\/01\/Logo-Ivinio-v2.jpg","contentUrl":"https:\/\/www.ivinio.com\/wp-content\/uploads\/2021\/01\/Logo-Ivinio-v2.jpg","width":1194,"height":1194,"caption":"IVINIO"},"image":{"@id":"https:\/\/www.ivinio.com\/fr\/#\/schema\/logo\/image\/"},"sameAs":["https:\/\/www.facebook.com\/groups\/165217837022391\/?ref=bookmarks","https:\/\/www.instagram.com\/_ivinio_\/?hl=fr"]}]}},"jetpack_sharing_enabled":true,"_links":{"self":[{"href":"https:\/\/www.ivinio.com\/fr\/wp-json\/wp\/v2\/product\/131087","targetHints":{"allow":["GET"]}}],"collection":[{"href":"https:\/\/www.ivinio.com\/fr\/wp-json\/wp\/v2\/product"}],"about":[{"href":"https:\/\/www.ivinio.com\/fr\/wp-json\/wp\/v2\/types\/product"}],"replies":[{"embeddable":true,"href":"https:\/\/www.ivinio.com\/fr\/wp-json\/wp\/v2\/comments?post=131087"}],"wp:featuredmedia":[{"embeddable":true,"href":"https:\/\/www.ivinio.com\/fr\/wp-json\/wp\/v2\/media\/131080"}],"wp:attachment":[{"href":"https:\/\/www.ivinio.com\/fr\/wp-json\/wp\/v2\/media?parent=131087"}],"wp:term":[{"taxonomy":"product_brand","embeddable":true,"href":"https:\/\/www.ivinio.com\/fr\/wp-json\/wp\/v2\/product_brand?post=131087"},{"taxonomy":"product_cat","embeddable":true,"href":"https:\/\/www.ivinio.com\/fr\/wp-json\/wp\/v2\/product_cat?post=131087"},{"taxonomy":"product_tag","embeddable":true,"href":"https:\/\/www.ivinio.com\/fr\/wp-json\/wp\/v2\/product_tag?post=131087"}],"curies":[{"name":"wp","href":"https:\/\/api.w.org\/{rel}","templated":true}]}}