{"id":131039,"date":"2022-04-27T19:06:23","date_gmt":"2022-04-30T16:24:00","guid":{"rendered":"https:\/\/www.ivinio.com\/product\/armand-heitz-folie-sauvage-rouge\/"},"modified":"2022-04-30T18:31:09","modified_gmt":"2022-04-30T16:31:09","slug":"armand-heitz-folie-sauvage-rouge","status":"publish","type":"product","link":"https:\/\/www.ivinio.com\/fr\/produit\/armand-heitz-folie-sauvage-rouge\/","title":{"rendered":"Armand Heitz &#8211; Folie sauvage &#8211; Rouge"},"content":{"rendered":"<p><a href=\"https:\/\/www.ivinio.com\/sv\/produkt\/armand-heitz-folie-sauvage-rod\/\">Armand Heitz<\/a> &#8211; Folie sauvage &#8211; Rouge est un vin rouge fruit\u00e9 compos\u00e9 de 40% Pinot noir et 60% Gamay. C&#8217;est un Coteaux Bourguignons avec les Pinot Noirs cultiv\u00e9s sur les prestigieuses communes de Meursault et Volnay. Les Gamays ont \u00e9t\u00e9 cultiv\u00e9s sur les coteaux tr\u00e8s bien expos\u00e9s de <a href=\"http:\/\/www.pruzilly.fr\/\">Pruzilly<\/a>. Le vin a \u00e9t\u00e9 \u00e9labor\u00e9 selon la m\u00e9thode classique et a ensuite \u00e9t\u00e9 \u00e9lev\u00e9 pendant 8 mois dans des cuves en acier.<\/p>\n","protected":false},"excerpt":{"rendered":"<p>Un vin fruit\u00e9 et sapide de Bourgogne, plein d&#8217;\u00e9nergie avec des acidit\u00e9s fines. Longue finale avec une touche l\u00e9g\u00e8rement min\u00e9rale.<\/p>\n","protected":false},"featured_media":131010,"comment_status":"open","ping_status":"closed","template":"","meta":{"_monsterinsights_skip_tracking":false,"_monsterinsights_sitenote_active":false,"_monsterinsights_sitenote_note":"","_monsterinsights_sitenote_category":0,"_uf_show_specific_survey":0,"_uf_disable_surveys":false},"product_brand":[],"product_cat":[36610,36586],"product_tag":[],"class_list":{"0":"post-131039","1":"product","2":"type-product","3":"status-publish","4":"has-post-thumbnail","6":"product_cat-fr-bourgogne","7":"product_cat-vins-francais","8":"pa_classification-aop-coteaux-bourguignons-fr","9":"pa_color-rouge-fr","10":"pa_country-france-fr","11":"pa_grape-variety-gamay-fr","12":"pa_storage-potential-3-ans-fr","13":"pa_vintage-2020-fr","15":"first","16":"instock","17":"taxable","18":"shipping-taxable","19":"purchasable","20":"product-type-simple"},"bundled_by":[],"bundle_stock_status":"instock","bundle_stock_quantity":null,"bundle_virtual":false,"bundle_layout":"","bundle_add_to_cart_form_location":"","bundle_editable_in_cart":false,"bundle_sold_individually_context":"","bundle_item_grouping":"","bundle_min_size":"","bundle_max_size":"","bundle_price":[],"bundled_items":[],"bundle_sell_ids":[],"yoast_head":"<!-- This site is optimized with the Yoast SEO plugin v27.4 - https:\/\/yoast.com\/product\/yoast-seo-wordpress\/ -->\n<title>Acheter Armand Heitz - Folie sauvage - Rouge - IVINIO Caviste<\/title>\n<meta name=\"description\" content=\"Acheter Armand Heitz - Folie sauvage - Rouge. Vin fruit\u00e9 et sapide, rempli d&#039;\u00e9nergie avec des acidit\u00e9s fines. Longue finale avec une touche l\u00e9g\u00e8rement min\u00e9rale.\" \/>\n<meta name=\"robots\" content=\"index, follow, max-snippet:-1, max-image-preview:large, max-video-preview:-1\" \/>\n<link rel=\"canonical\" href=\"https:\/\/www.ivinio.com\/fr\/produit\/armand-heitz-folie-sauvage-rouge\/\" \/>\n<meta property=\"og:locale\" content=\"fr_FR\" \/>\n<meta property=\"og:type\" content=\"article\" \/>\n<meta property=\"og:title\" content=\"Acheter Armand Heitz - Folie sauvage - Rouge - IVINIO Caviste\" \/>\n<meta property=\"og:description\" content=\"Acheter Armand Heitz - Folie sauvage - Rouge. Vin fruit\u00e9 et sapide, rempli d&#039;\u00e9nergie avec des acidit\u00e9s fines. Longue finale avec une touche l\u00e9g\u00e8rement min\u00e9rale.\" \/>\n<meta property=\"og:url\" content=\"https:\/\/www.ivinio.com\/fr\/produit\/armand-heitz-folie-sauvage-rouge\/\" \/>\n<meta property=\"og:site_name\" content=\"IVINIO Caviste\" \/>\n<meta property=\"article:publisher\" content=\"https:\/\/www.facebook.com\/groups\/165217837022391\/?ref=bookmarks\" \/>\n<meta property=\"article:modified_time\" content=\"2022-04-30T16:31:09+00:00\" \/>\n<meta property=\"og:image\" content=\"https:\/\/www.ivinio.com\/wp-content\/uploads\/2022\/04\/Armand-Heitz-Folie-sauvage-IVINIO.jpg\" \/>\n\t<meta property=\"og:image:width\" content=\"500\" \/>\n\t<meta property=\"og:image:height\" content=\"500\" \/>\n\t<meta property=\"og:image:type\" content=\"image\/jpeg\" \/>\n<meta name=\"twitter:card\" content=\"summary_large_image\" \/>\n<script type=\"application\/ld+json\" class=\"yoast-schema-graph\">{\"@context\":\"https:\\\/\\\/schema.org\",\"@graph\":[{\"@type\":\"WebPage\",\"@id\":\"https:\\\/\\\/www.ivinio.com\\\/fr\\\/produit\\\/armand-heitz-folie-sauvage-rouge\\\/\",\"url\":\"https:\\\/\\\/www.ivinio.com\\\/fr\\\/produit\\\/armand-heitz-folie-sauvage-rouge\\\/\",\"name\":\"Acheter Armand Heitz - Folie sauvage - Rouge - IVINIO Caviste\",\"isPartOf\":{\"@id\":\"https:\\\/\\\/www.ivinio.com\\\/fr\\\/#website\"},\"primaryImageOfPage\":{\"@id\":\"https:\\\/\\\/www.ivinio.com\\\/fr\\\/produit\\\/armand-heitz-folie-sauvage-rouge\\\/#primaryimage\"},\"image\":{\"@id\":\"https:\\\/\\\/www.ivinio.com\\\/fr\\\/produit\\\/armand-heitz-folie-sauvage-rouge\\\/#primaryimage\"},\"thumbnailUrl\":\"https:\\\/\\\/www.ivinio.com\\\/wp-content\\\/uploads\\\/2022\\\/04\\\/Armand-Heitz-Folie-sauvage-IVINIO.jpg\",\"datePublished\":\"2022-04-30T16:24:00+00:00\",\"dateModified\":\"2022-04-30T16:31:09+00:00\",\"description\":\"Acheter Armand Heitz - Folie sauvage - Rouge. Vin fruit\u00e9 et sapide, rempli d'\u00e9nergie avec des acidit\u00e9s fines. Longue finale avec une touche l\u00e9g\u00e8rement min\u00e9rale.\",\"breadcrumb\":{\"@id\":\"https:\\\/\\\/www.ivinio.com\\\/fr\\\/produit\\\/armand-heitz-folie-sauvage-rouge\\\/#breadcrumb\"},\"inLanguage\":\"fr-FR\",\"potentialAction\":[{\"@type\":\"ReadAction\",\"target\":[\"https:\\\/\\\/www.ivinio.com\\\/fr\\\/produit\\\/armand-heitz-folie-sauvage-rouge\\\/\"]}]},{\"@type\":\"ImageObject\",\"inLanguage\":\"fr-FR\",\"@id\":\"https:\\\/\\\/www.ivinio.com\\\/fr\\\/produit\\\/armand-heitz-folie-sauvage-rouge\\\/#primaryimage\",\"url\":\"https:\\\/\\\/www.ivinio.com\\\/wp-content\\\/uploads\\\/2022\\\/04\\\/Armand-Heitz-Folie-sauvage-IVINIO.jpg\",\"contentUrl\":\"https:\\\/\\\/www.ivinio.com\\\/wp-content\\\/uploads\\\/2022\\\/04\\\/Armand-Heitz-Folie-sauvage-IVINIO.jpg\",\"width\":500,\"height\":500,\"caption\":\"Armand Heitz - Folie sauvage\"},{\"@type\":\"BreadcrumbList\",\"@id\":\"https:\\\/\\\/www.ivinio.com\\\/fr\\\/produit\\\/armand-heitz-folie-sauvage-rouge\\\/#breadcrumb\",\"itemListElement\":[{\"@type\":\"ListItem\",\"position\":1,\"name\":\"Home\",\"item\":\"https:\\\/\\\/www.ivinio.com\\\/fr\\\/\"},{\"@type\":\"ListItem\",\"position\":2,\"name\":\"Boutique de vin\",\"item\":\"https:\\\/\\\/www.ivinio.com\\\/fr\\\/boutique-de-vin\\\/\"},{\"@type\":\"ListItem\",\"position\":3,\"name\":\"Armand Heitz &#8211; Folie sauvage &#8211; Rouge\"}]},{\"@type\":\"WebSite\",\"@id\":\"https:\\\/\\\/www.ivinio.com\\\/fr\\\/#website\",\"url\":\"https:\\\/\\\/www.ivinio.com\\\/fr\\\/\",\"name\":\"IVINIO Caviste\",\"description\":\"Vins de France et d&#039;Italie avec livraison \u00e0 domicile\",\"publisher\":{\"@id\":\"https:\\\/\\\/www.ivinio.com\\\/fr\\\/#organization\"},\"potentialAction\":[{\"@type\":\"SearchAction\",\"target\":{\"@type\":\"EntryPoint\",\"urlTemplate\":\"https:\\\/\\\/www.ivinio.com\\\/fr\\\/?s={search_term_string}\"},\"query-input\":{\"@type\":\"PropertyValueSpecification\",\"valueRequired\":true,\"valueName\":\"search_term_string\"}}],\"inLanguage\":\"fr-FR\"},{\"@type\":\"Organization\",\"@id\":\"https:\\\/\\\/www.ivinio.com\\\/fr\\\/#organization\",\"name\":\"IVINIO\",\"url\":\"https:\\\/\\\/www.ivinio.com\\\/fr\\\/\",\"logo\":{\"@type\":\"ImageObject\",\"inLanguage\":\"fr-FR\",\"@id\":\"https:\\\/\\\/www.ivinio.com\\\/fr\\\/#\\\/schema\\\/logo\\\/image\\\/\",\"url\":\"https:\\\/\\\/www.ivinio.com\\\/wp-content\\\/uploads\\\/2021\\\/01\\\/Logo-Ivinio-v2.jpg\",\"contentUrl\":\"https:\\\/\\\/www.ivinio.com\\\/wp-content\\\/uploads\\\/2021\\\/01\\\/Logo-Ivinio-v2.jpg\",\"width\":1194,\"height\":1194,\"caption\":\"IVINIO\"},\"image\":{\"@id\":\"https:\\\/\\\/www.ivinio.com\\\/fr\\\/#\\\/schema\\\/logo\\\/image\\\/\"},\"sameAs\":[\"https:\\\/\\\/www.facebook.com\\\/groups\\\/165217837022391\\\/?ref=bookmarks\",\"https:\\\/\\\/www.instagram.com\\\/_ivinio_\\\/?hl=fr\"]}]}<\/script>\n<!-- \/ Yoast SEO plugin. -->","yoast_head_json":{"title":"Acheter Armand Heitz - Folie sauvage - Rouge - IVINIO Caviste","description":"Acheter Armand Heitz - Folie sauvage - Rouge. Vin fruit\u00e9 et sapide, rempli d'\u00e9nergie avec des acidit\u00e9s fines. Longue finale avec une touche l\u00e9g\u00e8rement min\u00e9rale.","robots":{"index":"index","follow":"follow","max-snippet":"max-snippet:-1","max-image-preview":"max-image-preview:large","max-video-preview":"max-video-preview:-1"},"canonical":"https:\/\/www.ivinio.com\/fr\/produit\/armand-heitz-folie-sauvage-rouge\/","og_locale":"fr_FR","og_type":"article","og_title":"Acheter Armand Heitz - Folie sauvage - Rouge - IVINIO Caviste","og_description":"Acheter Armand Heitz - Folie sauvage - Rouge. Vin fruit\u00e9 et sapide, rempli d'\u00e9nergie avec des acidit\u00e9s fines. Longue finale avec une touche l\u00e9g\u00e8rement min\u00e9rale.","og_url":"https:\/\/www.ivinio.com\/fr\/produit\/armand-heitz-folie-sauvage-rouge\/","og_site_name":"IVINIO Caviste","article_publisher":"https:\/\/www.facebook.com\/groups\/165217837022391\/?ref=bookmarks","article_modified_time":"2022-04-30T16:31:09+00:00","og_image":[{"width":500,"height":500,"url":"https:\/\/www.ivinio.com\/wp-content\/uploads\/2022\/04\/Armand-Heitz-Folie-sauvage-IVINIO.jpg","type":"image\/jpeg"}],"twitter_card":"summary_large_image","schema":{"@context":"https:\/\/schema.org","@graph":[{"@type":"WebPage","@id":"https:\/\/www.ivinio.com\/fr\/produit\/armand-heitz-folie-sauvage-rouge\/","url":"https:\/\/www.ivinio.com\/fr\/produit\/armand-heitz-folie-sauvage-rouge\/","name":"Acheter Armand Heitz - Folie sauvage - Rouge - IVINIO Caviste","isPartOf":{"@id":"https:\/\/www.ivinio.com\/fr\/#website"},"primaryImageOfPage":{"@id":"https:\/\/www.ivinio.com\/fr\/produit\/armand-heitz-folie-sauvage-rouge\/#primaryimage"},"image":{"@id":"https:\/\/www.ivinio.com\/fr\/produit\/armand-heitz-folie-sauvage-rouge\/#primaryimage"},"thumbnailUrl":"https:\/\/www.ivinio.com\/wp-content\/uploads\/2022\/04\/Armand-Heitz-Folie-sauvage-IVINIO.jpg","datePublished":"2022-04-30T16:24:00+00:00","dateModified":"2022-04-30T16:31:09+00:00","description":"Acheter Armand Heitz - Folie sauvage - Rouge. Vin fruit\u00e9 et sapide, rempli d'\u00e9nergie avec des acidit\u00e9s fines. Longue finale avec une touche l\u00e9g\u00e8rement min\u00e9rale.","breadcrumb":{"@id":"https:\/\/www.ivinio.com\/fr\/produit\/armand-heitz-folie-sauvage-rouge\/#breadcrumb"},"inLanguage":"fr-FR","potentialAction":[{"@type":"ReadAction","target":["https:\/\/www.ivinio.com\/fr\/produit\/armand-heitz-folie-sauvage-rouge\/"]}]},{"@type":"ImageObject","inLanguage":"fr-FR","@id":"https:\/\/www.ivinio.com\/fr\/produit\/armand-heitz-folie-sauvage-rouge\/#primaryimage","url":"https:\/\/www.ivinio.com\/wp-content\/uploads\/2022\/04\/Armand-Heitz-Folie-sauvage-IVINIO.jpg","contentUrl":"https:\/\/www.ivinio.com\/wp-content\/uploads\/2022\/04\/Armand-Heitz-Folie-sauvage-IVINIO.jpg","width":500,"height":500,"caption":"Armand Heitz - Folie sauvage"},{"@type":"BreadcrumbList","@id":"https:\/\/www.ivinio.com\/fr\/produit\/armand-heitz-folie-sauvage-rouge\/#breadcrumb","itemListElement":[{"@type":"ListItem","position":1,"name":"Home","item":"https:\/\/www.ivinio.com\/fr\/"},{"@type":"ListItem","position":2,"name":"Boutique de vin","item":"https:\/\/www.ivinio.com\/fr\/boutique-de-vin\/"},{"@type":"ListItem","position":3,"name":"Armand Heitz &#8211; Folie sauvage &#8211; Rouge"}]},{"@type":"WebSite","@id":"https:\/\/www.ivinio.com\/fr\/#website","url":"https:\/\/www.ivinio.com\/fr\/","name":"IVINIO Caviste","description":"Vins de France et d&#039;Italie avec livraison \u00e0 domicile","publisher":{"@id":"https:\/\/www.ivinio.com\/fr\/#organization"},"potentialAction":[{"@type":"SearchAction","target":{"@type":"EntryPoint","urlTemplate":"https:\/\/www.ivinio.com\/fr\/?s={search_term_string}"},"query-input":{"@type":"PropertyValueSpecification","valueRequired":true,"valueName":"search_term_string"}}],"inLanguage":"fr-FR"},{"@type":"Organization","@id":"https:\/\/www.ivinio.com\/fr\/#organization","name":"IVINIO","url":"https:\/\/www.ivinio.com\/fr\/","logo":{"@type":"ImageObject","inLanguage":"fr-FR","@id":"https:\/\/www.ivinio.com\/fr\/#\/schema\/logo\/image\/","url":"https:\/\/www.ivinio.com\/wp-content\/uploads\/2021\/01\/Logo-Ivinio-v2.jpg","contentUrl":"https:\/\/www.ivinio.com\/wp-content\/uploads\/2021\/01\/Logo-Ivinio-v2.jpg","width":1194,"height":1194,"caption":"IVINIO"},"image":{"@id":"https:\/\/www.ivinio.com\/fr\/#\/schema\/logo\/image\/"},"sameAs":["https:\/\/www.facebook.com\/groups\/165217837022391\/?ref=bookmarks","https:\/\/www.instagram.com\/_ivinio_\/?hl=fr"]}]}},"jetpack_sharing_enabled":true,"_links":{"self":[{"href":"https:\/\/www.ivinio.com\/fr\/wp-json\/wp\/v2\/product\/131039","targetHints":{"allow":["GET"]}}],"collection":[{"href":"https:\/\/www.ivinio.com\/fr\/wp-json\/wp\/v2\/product"}],"about":[{"href":"https:\/\/www.ivinio.com\/fr\/wp-json\/wp\/v2\/types\/product"}],"replies":[{"embeddable":true,"href":"https:\/\/www.ivinio.com\/fr\/wp-json\/wp\/v2\/comments?post=131039"}],"wp:featuredmedia":[{"embeddable":true,"href":"https:\/\/www.ivinio.com\/fr\/wp-json\/wp\/v2\/media\/131010"}],"wp:attachment":[{"href":"https:\/\/www.ivinio.com\/fr\/wp-json\/wp\/v2\/media?parent=131039"}],"wp:term":[{"taxonomy":"product_brand","embeddable":true,"href":"https:\/\/www.ivinio.com\/fr\/wp-json\/wp\/v2\/product_brand?post=131039"},{"taxonomy":"product_cat","embeddable":true,"href":"https:\/\/www.ivinio.com\/fr\/wp-json\/wp\/v2\/product_cat?post=131039"},{"taxonomy":"product_tag","embeddable":true,"href":"https:\/\/www.ivinio.com\/fr\/wp-json\/wp\/v2\/product_tag?post=131039"}],"curies":[{"name":"wp","href":"https:\/\/api.w.org\/{rel}","templated":true}]}}