{"id":130945,"date":"2022-04-15T14:38:08","date_gmt":"2022-04-15T12:55:20","guid":{"rendered":"https:\/\/www.ivinio.com\/product\/beauvignac-carton-de-vin-melange-vin-blanc-3x2-bouteilles\/"},"modified":"2022-04-15T14:59:39","modified_gmt":"2022-04-15T12:59:39","slug":"beauvignac-carton-melange-vin-blanc-3x2-bouteilles","status":"publish","type":"product","link":"https:\/\/www.ivinio.com\/fr\/produit\/beauvignac-carton-melange-vin-blanc-3x2-bouteilles\/","title":{"rendered":"Beauvignac &#8211; Carton de vin m\u00e9lang\u00e9 vin blanc 3&#215;2 bouteilles"},"content":{"rendered":"<p>Ce coffret vin mixte contient 3 vins blancs diff\u00e9rents au caract\u00e8re diff\u00e9rent, mais du m\u00eame producteur Beauvignac en Languedoc. Le coffret contient 2 bouteilles de Picpoul, sec, issu du c\u00e9page du m\u00eame nom, excellent pour les fruits de mer. 2 bouteilles du Viognier plus floral aux notes d&#8217;abricot et de p\u00eache. Pour finir, 2 bouteilles du Chardonnay, le c\u00e9page de vin blanc classique. Un coffret parfait pour d\u00e9guster 3 types de vins blancs diff\u00e9rents d&#8217;un m\u00eame terroir !<\/p>\n","protected":false},"excerpt":{"rendered":"<p>Un coffret de vins blancs m\u00e9lang\u00e9s de Beauvignac. Parfait pour d\u00e9guster 3 vins blancs diff\u00e9rents de c\u00e9pages diff\u00e9rents, mais issus du m\u00eame terroir !<\/p>\n","protected":false},"featured_media":130943,"comment_status":"open","ping_status":"closed","template":"","meta":{"_monsterinsights_skip_tracking":false,"_monsterinsights_sitenote_active":false,"_monsterinsights_sitenote_note":"","_monsterinsights_sitenote_category":0,"_uf_show_specific_survey":0,"_uf_disable_surveys":false},"product_brand":[],"product_cat":[36625,36643],"product_tag":[],"class_list":{"0":"post-130945","1":"product","2":"type-product","3":"status-publish","4":"has-post-thumbnail","6":"product_cat-fr-languedoc","7":"product_cat-ronde-des-vins","8":"pa_alcohol-degree-13-fr","9":"pa_alcohol-degree-13-5","10":"pa_color-blanc-fr","11":"pa_country-france-fr","12":"pa_grape-variety-chardonnay-fr","13":"pa_grape-variety-picpoul-fr","14":"pa_grape-variety-viognier-fr","15":"pa_vintage-2022-fr","16":"pa_vintage-2023-fr","18":"first","19":"instock","20":"taxable","21":"shipping-taxable","22":"purchasable","23":"product-type-bundle"},"bundled_by":[],"bundle_stock_status":"instock","bundle_stock_quantity":"","bundle_virtual":false,"bundle_layout":"grid","bundle_add_to_cart_form_location":"after_summary","bundle_editable_in_cart":false,"bundle_sold_individually_context":"product","bundle_item_grouping":"noindent","bundle_min_size":"","bundle_max_size":"","bundle_price":{"price":{"min":{"incl_tax":"48.8","excl_tax":"48.75"},"max":{"incl_tax":"48.8","excl_tax":"48.75"}},"regular_price":{"min":{"incl_tax":"48.8","excl_tax":"48.75"},"max":{"incl_tax":"48.8","excl_tax":"48.75"}}},"bundled_items":[{"bundled_item_id":8789,"product_id":118292,"menu_order":0,"quantity_min":2,"quantity_max":2,"quantity_default":2,"priced_individually":false,"shipped_individually":false,"override_title":false,"title":"Beauvignac &#8211; Picpoul de Pinet &#8211; Blanc","override_description":false,"description":"Beauvignac &#8211; Picpoul de Pinet &#8211; Blanc","optional":false,"hide_thumbnail":false,"discount":"","override_variations":false,"allowed_variations":[""],"override_default_variation_attributes":false,"default_variation_attributes":[],"single_product_visibility":"visible","cart_visibility":"visible","order_visibility":"visible","single_product_price_visibility":"visible","cart_price_visibility":"visible","order_price_visibility":"visible","stock_status":"in_stock"},{"bundled_item_id":8790,"product_id":130928,"menu_order":1,"quantity_min":2,"quantity_max":2,"quantity_default":2,"priced_individually":false,"shipped_individually":false,"override_title":false,"title":"Beauvignac &#8211; Viognier &#8211; Blanc","override_description":false,"description":"Beauvignac &#8211; Viognier &#8211; Blanc","optional":false,"hide_thumbnail":false,"discount":"","override_variations":false,"allowed_variations":[""],"override_default_variation_attributes":false,"default_variation_attributes":[],"single_product_visibility":"visible","cart_visibility":"visible","order_visibility":"visible","single_product_price_visibility":"visible","cart_price_visibility":"visible","order_price_visibility":"visible","stock_status":"in_stock"},{"bundled_item_id":8791,"product_id":130931,"menu_order":2,"quantity_min":2,"quantity_max":2,"quantity_default":2,"priced_individually":false,"shipped_individually":false,"override_title":false,"title":"Beauvignac &#8211; Chardonnay &#8211; Blanc","override_description":false,"description":"Beauvignac &#8211; Chardonnay &#8211; Blanc","optional":false,"hide_thumbnail":false,"discount":"","override_variations":false,"allowed_variations":[""],"override_default_variation_attributes":false,"default_variation_attributes":[],"single_product_visibility":"visible","cart_visibility":"visible","order_visibility":"visible","single_product_price_visibility":"visible","cart_price_visibility":"visible","order_price_visibility":"visible","stock_status":"in_stock"}],"bundle_sell_ids":[],"yoast_head":"<!-- This site is optimized with the Yoast SEO plugin v27.3 - https:\/\/yoast.com\/product\/yoast-seo-wordpress\/ -->\n<title>Acheter Beauvignac - Carton vin blanc m\u00e9lang\u00e9 - IVINIO Wine Shop<\/title>\n<meta name=\"description\" content=\"Acheter Beauvignac - Carton vin blanc m\u00e9lang\u00e9. Parfait pour d\u00e9guster 3 vins blancs diff\u00e9rents de c\u00e9pages diff\u00e9rents, mais du m\u00eame terroir.\" \/>\n<meta name=\"robots\" content=\"index, follow, max-snippet:-1, max-image-preview:large, max-video-preview:-1\" \/>\n<link rel=\"canonical\" href=\"https:\/\/www.ivinio.com\/fr\/produit\/beauvignac-carton-melange-vin-blanc-3x2-bouteilles\/\" \/>\n<meta property=\"og:locale\" content=\"fr_FR\" \/>\n<meta property=\"og:type\" content=\"article\" \/>\n<meta property=\"og:title\" content=\"Acheter Beauvignac - Carton vin blanc m\u00e9lang\u00e9 - IVINIO Wine Shop\" \/>\n<meta property=\"og:description\" content=\"Acheter Beauvignac - Carton vin blanc m\u00e9lang\u00e9. Parfait pour d\u00e9guster 3 vins blancs diff\u00e9rents de c\u00e9pages diff\u00e9rents, mais du m\u00eame terroir.\" \/>\n<meta property=\"og:url\" content=\"https:\/\/www.ivinio.com\/fr\/produit\/beauvignac-carton-melange-vin-blanc-3x2-bouteilles\/\" \/>\n<meta property=\"og:site_name\" content=\"IVINIO Wine Shop\" \/>\n<meta property=\"article:publisher\" content=\"https:\/\/www.facebook.com\/groups\/165217837022391\/?ref=bookmarks\" \/>\n<meta property=\"article:modified_time\" content=\"2022-04-15T12:59:39+00:00\" \/>\n<meta property=\"og:image\" content=\"https:\/\/www.ivinio.com\/wp-content\/uploads\/2022\/04\/beauvignac-mix-IVINIO.jpg\" \/>\n\t<meta property=\"og:image:width\" content=\"500\" \/>\n\t<meta property=\"og:image:height\" content=\"500\" \/>\n\t<meta property=\"og:image:type\" content=\"image\/jpeg\" \/>\n<meta name=\"twitter:card\" content=\"summary_large_image\" \/>\n<script type=\"application\/ld+json\" class=\"yoast-schema-graph\">{\"@context\":\"https:\\\/\\\/schema.org\",\"@graph\":[{\"@type\":\"WebPage\",\"@id\":\"https:\\\/\\\/www.ivinio.com\\\/fr\\\/produit\\\/beauvignac-carton-melange-vin-blanc-3x2-bouteilles\\\/\",\"url\":\"https:\\\/\\\/www.ivinio.com\\\/fr\\\/produit\\\/beauvignac-carton-melange-vin-blanc-3x2-bouteilles\\\/\",\"name\":\"Acheter Beauvignac - Carton vin blanc m\u00e9lang\u00e9 - IVINIO Wine Shop\",\"isPartOf\":{\"@id\":\"https:\\\/\\\/www.ivinio.com\\\/fr\\\/#website\"},\"primaryImageOfPage\":{\"@id\":\"https:\\\/\\\/www.ivinio.com\\\/fr\\\/produit\\\/beauvignac-carton-melange-vin-blanc-3x2-bouteilles\\\/#primaryimage\"},\"image\":{\"@id\":\"https:\\\/\\\/www.ivinio.com\\\/fr\\\/produit\\\/beauvignac-carton-melange-vin-blanc-3x2-bouteilles\\\/#primaryimage\"},\"thumbnailUrl\":\"https:\\\/\\\/www.ivinio.com\\\/wp-content\\\/uploads\\\/2022\\\/04\\\/beauvignac-mix-IVINIO.jpg\",\"datePublished\":\"2022-04-15T12:55:20+00:00\",\"dateModified\":\"2022-04-15T12:59:39+00:00\",\"description\":\"Acheter Beauvignac - Carton vin blanc m\u00e9lang\u00e9. Parfait pour d\u00e9guster 3 vins blancs diff\u00e9rents de c\u00e9pages diff\u00e9rents, mais du m\u00eame terroir.\",\"breadcrumb\":{\"@id\":\"https:\\\/\\\/www.ivinio.com\\\/fr\\\/produit\\\/beauvignac-carton-melange-vin-blanc-3x2-bouteilles\\\/#breadcrumb\"},\"inLanguage\":\"fr-FR\",\"potentialAction\":[{\"@type\":\"ReadAction\",\"target\":[\"https:\\\/\\\/www.ivinio.com\\\/fr\\\/produit\\\/beauvignac-carton-melange-vin-blanc-3x2-bouteilles\\\/\"]}]},{\"@type\":\"ImageObject\",\"inLanguage\":\"fr-FR\",\"@id\":\"https:\\\/\\\/www.ivinio.com\\\/fr\\\/produit\\\/beauvignac-carton-melange-vin-blanc-3x2-bouteilles\\\/#primaryimage\",\"url\":\"https:\\\/\\\/www.ivinio.com\\\/wp-content\\\/uploads\\\/2022\\\/04\\\/beauvignac-mix-IVINIO.jpg\",\"contentUrl\":\"https:\\\/\\\/www.ivinio.com\\\/wp-content\\\/uploads\\\/2022\\\/04\\\/beauvignac-mix-IVINIO.jpg\",\"width\":500,\"height\":500},{\"@type\":\"BreadcrumbList\",\"@id\":\"https:\\\/\\\/www.ivinio.com\\\/fr\\\/produit\\\/beauvignac-carton-melange-vin-blanc-3x2-bouteilles\\\/#breadcrumb\",\"itemListElement\":[{\"@type\":\"ListItem\",\"position\":1,\"name\":\"Home\",\"item\":\"https:\\\/\\\/www.ivinio.com\\\/fr\\\/\"},{\"@type\":\"ListItem\",\"position\":2,\"name\":\"Boutique de vin\",\"item\":\"https:\\\/\\\/www.ivinio.com\\\/fr\\\/boutique-de-vin\\\/\"},{\"@type\":\"ListItem\",\"position\":3,\"name\":\"Beauvignac &#8211; Carton de vin m\u00e9lang\u00e9 vin blanc 3&#215;2 bouteilles\"}]},{\"@type\":\"WebSite\",\"@id\":\"https:\\\/\\\/www.ivinio.com\\\/fr\\\/#website\",\"url\":\"https:\\\/\\\/www.ivinio.com\\\/fr\\\/\",\"name\":\"IVINIO Wine Shop\",\"description\":\"French and Italian wines with delivery to your door\",\"publisher\":{\"@id\":\"https:\\\/\\\/www.ivinio.com\\\/fr\\\/#organization\"},\"potentialAction\":[{\"@type\":\"SearchAction\",\"target\":{\"@type\":\"EntryPoint\",\"urlTemplate\":\"https:\\\/\\\/www.ivinio.com\\\/fr\\\/?s={search_term_string}\"},\"query-input\":{\"@type\":\"PropertyValueSpecification\",\"valueRequired\":true,\"valueName\":\"search_term_string\"}}],\"inLanguage\":\"fr-FR\"},{\"@type\":\"Organization\",\"@id\":\"https:\\\/\\\/www.ivinio.com\\\/fr\\\/#organization\",\"name\":\"IVINIO\",\"url\":\"https:\\\/\\\/www.ivinio.com\\\/fr\\\/\",\"logo\":{\"@type\":\"ImageObject\",\"inLanguage\":\"fr-FR\",\"@id\":\"https:\\\/\\\/www.ivinio.com\\\/fr\\\/#\\\/schema\\\/logo\\\/image\\\/\",\"url\":\"https:\\\/\\\/www.ivinio.com\\\/wp-content\\\/uploads\\\/2021\\\/01\\\/Logo-Ivinio-v2.jpg\",\"contentUrl\":\"https:\\\/\\\/www.ivinio.com\\\/wp-content\\\/uploads\\\/2021\\\/01\\\/Logo-Ivinio-v2.jpg\",\"width\":1194,\"height\":1194,\"caption\":\"IVINIO\"},\"image\":{\"@id\":\"https:\\\/\\\/www.ivinio.com\\\/fr\\\/#\\\/schema\\\/logo\\\/image\\\/\"},\"sameAs\":[\"https:\\\/\\\/www.facebook.com\\\/groups\\\/165217837022391\\\/?ref=bookmarks\",\"https:\\\/\\\/www.instagram.com\\\/_ivinio_\\\/?hl=fr\"]}]}<\/script>\n<!-- \/ Yoast SEO plugin. -->","yoast_head_json":{"title":"Acheter Beauvignac - Carton vin blanc m\u00e9lang\u00e9 - IVINIO Wine Shop","description":"Acheter Beauvignac - Carton vin blanc m\u00e9lang\u00e9. Parfait pour d\u00e9guster 3 vins blancs diff\u00e9rents de c\u00e9pages diff\u00e9rents, mais du m\u00eame terroir.","robots":{"index":"index","follow":"follow","max-snippet":"max-snippet:-1","max-image-preview":"max-image-preview:large","max-video-preview":"max-video-preview:-1"},"canonical":"https:\/\/www.ivinio.com\/fr\/produit\/beauvignac-carton-melange-vin-blanc-3x2-bouteilles\/","og_locale":"fr_FR","og_type":"article","og_title":"Acheter Beauvignac - Carton vin blanc m\u00e9lang\u00e9 - IVINIO Wine Shop","og_description":"Acheter Beauvignac - Carton vin blanc m\u00e9lang\u00e9. Parfait pour d\u00e9guster 3 vins blancs diff\u00e9rents de c\u00e9pages diff\u00e9rents, mais du m\u00eame terroir.","og_url":"https:\/\/www.ivinio.com\/fr\/produit\/beauvignac-carton-melange-vin-blanc-3x2-bouteilles\/","og_site_name":"IVINIO Wine Shop","article_publisher":"https:\/\/www.facebook.com\/groups\/165217837022391\/?ref=bookmarks","article_modified_time":"2022-04-15T12:59:39+00:00","og_image":[{"width":500,"height":500,"url":"https:\/\/www.ivinio.com\/wp-content\/uploads\/2022\/04\/beauvignac-mix-IVINIO.jpg","type":"image\/jpeg"}],"twitter_card":"summary_large_image","schema":{"@context":"https:\/\/schema.org","@graph":[{"@type":"WebPage","@id":"https:\/\/www.ivinio.com\/fr\/produit\/beauvignac-carton-melange-vin-blanc-3x2-bouteilles\/","url":"https:\/\/www.ivinio.com\/fr\/produit\/beauvignac-carton-melange-vin-blanc-3x2-bouteilles\/","name":"Acheter Beauvignac - Carton vin blanc m\u00e9lang\u00e9 - IVINIO Wine Shop","isPartOf":{"@id":"https:\/\/www.ivinio.com\/fr\/#website"},"primaryImageOfPage":{"@id":"https:\/\/www.ivinio.com\/fr\/produit\/beauvignac-carton-melange-vin-blanc-3x2-bouteilles\/#primaryimage"},"image":{"@id":"https:\/\/www.ivinio.com\/fr\/produit\/beauvignac-carton-melange-vin-blanc-3x2-bouteilles\/#primaryimage"},"thumbnailUrl":"https:\/\/www.ivinio.com\/wp-content\/uploads\/2022\/04\/beauvignac-mix-IVINIO.jpg","datePublished":"2022-04-15T12:55:20+00:00","dateModified":"2022-04-15T12:59:39+00:00","description":"Acheter Beauvignac - Carton vin blanc m\u00e9lang\u00e9. Parfait pour d\u00e9guster 3 vins blancs diff\u00e9rents de c\u00e9pages diff\u00e9rents, mais du m\u00eame terroir.","breadcrumb":{"@id":"https:\/\/www.ivinio.com\/fr\/produit\/beauvignac-carton-melange-vin-blanc-3x2-bouteilles\/#breadcrumb"},"inLanguage":"fr-FR","potentialAction":[{"@type":"ReadAction","target":["https:\/\/www.ivinio.com\/fr\/produit\/beauvignac-carton-melange-vin-blanc-3x2-bouteilles\/"]}]},{"@type":"ImageObject","inLanguage":"fr-FR","@id":"https:\/\/www.ivinio.com\/fr\/produit\/beauvignac-carton-melange-vin-blanc-3x2-bouteilles\/#primaryimage","url":"https:\/\/www.ivinio.com\/wp-content\/uploads\/2022\/04\/beauvignac-mix-IVINIO.jpg","contentUrl":"https:\/\/www.ivinio.com\/wp-content\/uploads\/2022\/04\/beauvignac-mix-IVINIO.jpg","width":500,"height":500},{"@type":"BreadcrumbList","@id":"https:\/\/www.ivinio.com\/fr\/produit\/beauvignac-carton-melange-vin-blanc-3x2-bouteilles\/#breadcrumb","itemListElement":[{"@type":"ListItem","position":1,"name":"Home","item":"https:\/\/www.ivinio.com\/fr\/"},{"@type":"ListItem","position":2,"name":"Boutique de vin","item":"https:\/\/www.ivinio.com\/fr\/boutique-de-vin\/"},{"@type":"ListItem","position":3,"name":"Beauvignac &#8211; Carton de vin m\u00e9lang\u00e9 vin blanc 3&#215;2 bouteilles"}]},{"@type":"WebSite","@id":"https:\/\/www.ivinio.com\/fr\/#website","url":"https:\/\/www.ivinio.com\/fr\/","name":"IVINIO Wine Shop","description":"French and Italian wines with delivery to your door","publisher":{"@id":"https:\/\/www.ivinio.com\/fr\/#organization"},"potentialAction":[{"@type":"SearchAction","target":{"@type":"EntryPoint","urlTemplate":"https:\/\/www.ivinio.com\/fr\/?s={search_term_string}"},"query-input":{"@type":"PropertyValueSpecification","valueRequired":true,"valueName":"search_term_string"}}],"inLanguage":"fr-FR"},{"@type":"Organization","@id":"https:\/\/www.ivinio.com\/fr\/#organization","name":"IVINIO","url":"https:\/\/www.ivinio.com\/fr\/","logo":{"@type":"ImageObject","inLanguage":"fr-FR","@id":"https:\/\/www.ivinio.com\/fr\/#\/schema\/logo\/image\/","url":"https:\/\/www.ivinio.com\/wp-content\/uploads\/2021\/01\/Logo-Ivinio-v2.jpg","contentUrl":"https:\/\/www.ivinio.com\/wp-content\/uploads\/2021\/01\/Logo-Ivinio-v2.jpg","width":1194,"height":1194,"caption":"IVINIO"},"image":{"@id":"https:\/\/www.ivinio.com\/fr\/#\/schema\/logo\/image\/"},"sameAs":["https:\/\/www.facebook.com\/groups\/165217837022391\/?ref=bookmarks","https:\/\/www.instagram.com\/_ivinio_\/?hl=fr"]}]}},"jetpack_sharing_enabled":true,"_links":{"self":[{"href":"https:\/\/www.ivinio.com\/fr\/wp-json\/wp\/v2\/product\/130945","targetHints":{"allow":["GET"]}}],"collection":[{"href":"https:\/\/www.ivinio.com\/fr\/wp-json\/wp\/v2\/product"}],"about":[{"href":"https:\/\/www.ivinio.com\/fr\/wp-json\/wp\/v2\/types\/product"}],"replies":[{"embeddable":true,"href":"https:\/\/www.ivinio.com\/fr\/wp-json\/wp\/v2\/comments?post=130945"}],"wp:featuredmedia":[{"embeddable":true,"href":"https:\/\/www.ivinio.com\/fr\/wp-json\/wp\/v2\/media\/130943"}],"wp:attachment":[{"href":"https:\/\/www.ivinio.com\/fr\/wp-json\/wp\/v2\/media?parent=130945"}],"wp:term":[{"taxonomy":"product_brand","embeddable":true,"href":"https:\/\/www.ivinio.com\/fr\/wp-json\/wp\/v2\/product_brand?post=130945"},{"taxonomy":"product_cat","embeddable":true,"href":"https:\/\/www.ivinio.com\/fr\/wp-json\/wp\/v2\/product_cat?post=130945"},{"taxonomy":"product_tag","embeddable":true,"href":"https:\/\/www.ivinio.com\/fr\/wp-json\/wp\/v2\/product_tag?post=130945"}],"curies":[{"name":"wp","href":"https:\/\/api.w.org\/{rel}","templated":true}]}}